{"id":678,"date":"2015-07-01T06:39:29","date_gmt":"2015-07-01T05:39:29","guid":{"rendered":"http:\/\/chateau-de-paraza.com\/?page_id=678"},"modified":"2022-03-29T13:02:52","modified_gmt":"2022-03-29T12:02:52","slug":"reservez-votre-sejour","status":"publish","type":"page","link":"https:\/\/www.chateau-de-paraza.com\/zh-hans\/chambre-dhotes-suites-chateau-occitanie-aude-minervois\/reservez-votre-sejour\/","title":{"rendered":"R\u00e9servez votre s\u00e9jour au Ch\u00e2teau de Paraza"},"content":{"rendered":"<div class=\"wpb-content-wrapper\"><p>[vc_row][vc_column][vc_column_text]<\/p>\n<h2 style=\"text-align: center;\">R\u00e9servez votre s\u00e9jour au Ch\u00e2teau de Paraza<\/h2>\n<p>[\/vc_column_text][vc_empty_space][vc_btn title=&#8221;V\u00e9rifiez la disponibilit\u00e9 de nos suites et r\u00e9servez votre s\u00e9jour directement en cliquant ici &#x263a;&#xfe0f;&#8221; align=&#8221;center&#8221; button_block=&#8221;true&#8221; link=&#8221;url:https%3A%2F%2Fchateau-de-paraza.amenitiz.io%2Ffr%2Fbooking%2Froom|title:R%C3%A9servez%20votre%20s%C3%A9jour|target:_blank&#8221;][vc_empty_space][vc_column_text]\u00c9vadez vous au Ch\u00e2teau de Paraza, un lieu charg\u00e9 d&#8217;histoire et d&#8217;\u00e9motion pour un moment inoubliable. En effet, riche de ses cinq suites, ce ch\u00e2teau du 17\u00e8me si\u00e8cle vous ouvre ses portes et vous invite \u00e0 venir s\u00e9journer l\u00e0 o\u00f9 <a href=\"https:\/\/www.chateau-de-paraza.com\/pierre-paul-riquet\/\" target=\"_blank\" rel=\"noopener noreferrer\">Paul Riquet<\/a>, ing\u00e9nieur \u00e0 l&#8217;origine du <a href=\"https:\/\/www.chateau-de-paraza.com\/le-canal-du-midi\/\" target=\"_blank\" rel=\"noopener noreferrer\">Canal du Midi<\/a> a v\u00e9cu pendant plusieurs ann\u00e9es.<\/p>\n<p>Franchissez les portes de notre caveau afin, non seulement d&#8217;y d\u00e9guster nos vins, mais aussi pour y contempler la magnifique structure datant du 18\u00e8me si\u00e8cle. Profitez \u00e9galement d&#8217;un moment de d\u00e9tente au bord de la piscine, dans le grand parc bois\u00e9 du ch\u00e2teau ou bien m\u00eame sur l&#8217;une des septs tarasses, dominant ainsi le canal. De plus, la chemin\u00e9e mais aussi le billard sauront occuper vos soir\u00e9es. Enfin, le salon de musique mais \u00e9galement le piano \u00e0 queue seront l\u00e0 pour les m\u00e9lomanes, leur donnant ainsi l&#8217;occasion de s&#8217;exprimer et laisser voltiger leurs doigts.<\/p>\n<p>En somme, nous n&#8217;attendons plus que vous afin de donner vie \u00e0 votre projet. Alors n&#8217;attendez plus et r\u00e9servez vous aussi votre s\u00e9jour au Ch\u00e2teau de Paraza pour y vivre un moment qui restera a jamais grav\u00e9 dans vos m\u00e9moires.<\/p>\n<p>&nbsp;<\/p>\n<h3 style=\"text-align: center;\">Dans le cas o\u00f9 vous auriez d&#8217;autres questions concernant votre r\u00e9servation au ch\u00e2teau, nous vous invitions \u00e0 nous contacter par mail gr\u00e2ce au formulaire ci-dessous. Nous nous efforcerons de revenir vers vous dans les plus brefs d\u00e9lais.<\/h3>\n<p>[\/vc_column_text][vc_empty_space][\/vc_column][\/vc_row][vc_row][vc_column]\n<div class=\"wpcf7 no-js\" id=\"wpcf7-f677-o1\" lang=\"fr-FR\" dir=\"ltr\">\n<div class=\"screen-reader-response\"><p role=\"status\" aria-live=\"polite\" aria-atomic=\"true\"><\/p> <ul><\/ul><\/div>\n<form action=\"\/zh-hans\/wp-json\/wp\/v2\/pages\/678#wpcf7-f677-o1\" method=\"post\" class=\"wpcf7-form init\" aria-label=\"Formulaire de contact\" novalidate=\"novalidate\" data-status=\"init\">\n<div style=\"display: none;\">\n<input type=\"hidden\" name=\"_wpcf7\" value=\"677\" \/>\n<input type=\"hidden\" name=\"_wpcf7_version\" value=\"5.8.7\" \/>\n<input type=\"hidden\" name=\"_wpcf7_locale\" value=\"fr_FR\" \/>\n<input type=\"hidden\" name=\"_wpcf7_unit_tag\" value=\"wpcf7-f677-o1\" \/>\n<input type=\"hidden\" name=\"_wpcf7_container_post\" value=\"0\" \/>\n<input type=\"hidden\" name=\"_wpcf7_posted_data_hash\" value=\"\" \/>\n<input type=\"hidden\" name=\"_wpcf7_recaptcha_response\" value=\"\" \/>\n<\/div>\n<p>Votre nom (obligatoire)\n<\/p>\n<p><span class=\"wpcf7-form-control-wrap\" data-name=\"your-name\"><input size=\"40\" class=\"wpcf7-form-control wpcf7-text wpcf7-validates-as-required\" aria-required=\"true\" aria-invalid=\"false\" value=\"\" type=\"text\" name=\"your-name\" \/><\/span>\n<\/p>\n<p>Votre email (obligatoire)\n<\/p>\n<p><span class=\"wpcf7-form-control-wrap\" data-name=\"your-email\"><input size=\"40\" class=\"wpcf7-form-control wpcf7-email wpcf7-validates-as-required wpcf7-text wpcf7-validates-as-email\" aria-required=\"true\" aria-invalid=\"false\" value=\"\" type=\"email\" name=\"your-email\" \/><\/span>\n<\/p>\n<p>Votre t\u00e9l\u00e9phone (obligatoire)\n<\/p>\n<p><span class=\"wpcf7-form-control-wrap\" data-name=\"tel-337\"><input size=\"40\" class=\"wpcf7-form-control wpcf7-tel wpcf7-validates-as-required wpcf7-text wpcf7-validates-as-tel\" aria-required=\"true\" aria-invalid=\"false\" value=\"\" type=\"tel\" name=\"tel-337\" \/><\/span>\n<\/p>\n<p>Indiquez les dates souhait\u00e9es de votre s\u00e9jour\n<\/p>\n<p><span class=\"wpcf7-form-control-wrap\" data-name=\"date-666\"><input class=\"wpcf7-form-control wpcf7-date wpcf7-validates-as-date\" aria-invalid=\"false\" value=\"\" type=\"date\" name=\"date-666\" \/><\/span><br \/>\n<span class=\"wpcf7-form-control-wrap\" data-name=\"date-933\"><input class=\"wpcf7-form-control wpcf7-date wpcf7-validates-as-date\" aria-invalid=\"false\" value=\"\" type=\"date\" name=\"date-933\" \/><\/span>\n<\/p>\n<p>Indiquez le nombre de personnes durant votre s\u00e9jour\n<\/p>\n<p><span class=\"wpcf7-form-control-wrap\" data-name=\"text-681\"><input size=\"40\" class=\"wpcf7-form-control wpcf7-text\" aria-invalid=\"false\" value=\"\" type=\"text\" name=\"text-681\" \/><\/span>\n<\/p>\n<p>Sous r\u00e9serve de disponibilit\u00e9, indiquez votre pr\u00e9f\u00e9rence pour le choix de la suite\n<\/p>\n<p><span class=\"wpcf7-form-control-wrap\" data-name=\"checkbox-453\"><span class=\"wpcf7-form-control wpcf7-checkbox\"><span class=\"wpcf7-list-item first\"><input type=\"checkbox\" name=\"checkbox-453[]\" value=\"Suite du Roi (2-4 pers)\" \/><span class=\"wpcf7-list-item-label\">Suite du Roi (2-4 pers)<\/span><\/span><span class=\"wpcf7-list-item\"><input type=\"checkbox\" name=\"checkbox-453[]\" value=\"Suite de Riquet (2 pers)\" \/><span class=\"wpcf7-list-item-label\">Suite de Riquet (2 pers)<\/span><\/span><span class=\"wpcf7-list-item last\"><input type=\"checkbox\" name=\"checkbox-453[]\" value=\"Suite de la Comtesse (2 pers)\" \/><span class=\"wpcf7-list-item-label\">Suite de la Comtesse (2 pers)<\/span><\/span><\/span><\/span>\n<\/p>\n<p><span class=\"wpcf7-form-control-wrap\" data-name=\"checkbox-453\"><span class=\"wpcf7-form-control wpcf7-checkbox\"><span class=\"wpcf7-list-item first\"><input type=\"checkbox\" name=\"checkbox-453[]\" value=\"Suite du Baron (2 pers)\" \/><span class=\"wpcf7-list-item-label\">Suite du Baron (2 pers)<\/span><\/span><span class=\"wpcf7-list-item last\"><input type=\"checkbox\" name=\"checkbox-453[]\" value=\"Suite de la biblioth\u00e8que (2-4 pers)\" \/><span class=\"wpcf7-list-item-label\">Suite de la biblioth\u00e8que (2-4 pers)<\/span><\/span><\/span><\/span>\n<\/p>\n<p>Votre message\n<\/p>\n<p><span class=\"wpcf7-form-control-wrap\" data-name=\"your-message\"><textarea cols=\"40\" rows=\"10\" class=\"wpcf7-form-control wpcf7-textarea\" aria-invalid=\"false\" name=\"your-message\"><\/textarea><\/span>\n<\/p>\n<p>Remplissez le code de s\u00e9curit\u00e9\n<\/p>\n<p><input type=\"hidden\" name=\"_wpcf7_captcha_challenge_captcha-700\" value=\"3943737788\" \/><img class=\"wpcf7-form-control wpcf7-captchac wpcf7-captcha-captcha-700\" width=\"72\" height=\"24\" alt=\"captcha\" src=\"https:\/\/www.chateau-de-paraza.com\/wp-content\/uploads\/wpcf7_captcha\/3943737788.png\" \/><span class=\"wpcf7-form-control-wrap\" data-name=\"captcha-700\"><input size=\"40\" class=\"wpcf7-form-control wpcf7-captchar\" autocomplete=\"off\" aria-invalid=\"false\" value=\"\" type=\"text\" name=\"captcha-700\" \/><\/span>\n<\/p>\n<p>Merci pour votre r\u00e9servation au Ch\u00e2teau de Paraza. Nous vous confirmerons les disponibilit\u00e9s pour votre r\u00e9servation tr\u00e8s rapidement. Nous restons \u00e0 votre disposition pour toute information.\n<\/p>\n<p><input class=\"wpcf7-form-control wpcf7-submit has-spinner\" type=\"submit\" value=\"Envoyer\" \/>\n<\/p><div class=\"wpcf7-response-output\" aria-hidden=\"true\"><\/div>\n<\/form>\n<\/div>\n[vc_empty_space][\/vc_column][\/vc_row][vc_row][vc_column width=&#8221;1\/3&#8243;][vc_btn title=&#8221;Explorez les environs&#8221; align=&#8221;center&#8221; link=&#8221;url:https%3A%2F%2Ftourisme-corbieres-minervois.com&#8221;][\/vc_column][\/vc_row]<\/p>\n<\/div>","protected":false},"excerpt":{"rendered":"<p>[vc_row][vc_column][vc_column_text] R\u00e9servez votre s\u00e9jo&hellip;<\/p>\n","protected":false},"author":2,"featured_media":0,"parent":49,"menu_order":0,"comment_status":"closed","ping_status":"closed","template":"","meta":[],"yoast_head":"<!-- This site is optimized with the Yoast SEO plugin v21.8.1 - https:\/\/yoast.com\/wordpress\/plugins\/seo\/ -->\n<title>R\u00e9servez votre s\u00e9jour au Ch\u00e2teau de Paraza - exp\u00e9rience oenotouristique<\/title>\n<meta name=\"description\" content=\"R\u00e9servez votre s\u00e9jour au Ch\u00e2teau de Paraza: choisissez votre suite, vos dates de venue et plannifiez des activit\u00e9s pour sublimez votre s\u00e9jour\" \/>\n<meta name=\"robots\" content=\"index, follow, max-snippet:-1, max-image-preview:large, max-video-preview:-1\" \/>\n<link rel=\"canonical\" href=\"https:\/\/www.chateau-de-paraza.com\/chambre-dhotes-suites-chateau-occitanie-aude-minervois\/reservez-votre-sejour\/\" \/>\n<meta property=\"og:locale\" content=\"zh_CN\" \/>\n<meta property=\"og:type\" content=\"article\" \/>\n<meta property=\"og:title\" content=\"R\u00e9servez votre s\u00e9jour au Ch\u00e2teau de Paraza - exp\u00e9rience oenotouristique\" \/>\n<meta property=\"og:description\" content=\"R\u00e9servez votre s\u00e9jour au Ch\u00e2teau de Paraza: choisissez votre suite, vos dates de venue et plannifiez des activit\u00e9s pour sublimez votre s\u00e9jour\" \/>\n<meta property=\"og:url\" content=\"https:\/\/www.chateau-de-paraza.com\/chambre-dhotes-suites-chateau-occitanie-aude-minervois\/reservez-votre-sejour\/\" \/>\n<meta property=\"og:site_name\" content=\"Ch\u00e2teau de Paraza\" \/>\n<meta property=\"article:publisher\" content=\"https:\/\/www.facebook.com\/chateaudeparaza\" \/>\n<meta property=\"article:modified_time\" content=\"2022-03-29T12:02:52+00:00\" \/>\n<meta name=\"twitter:card\" content=\"summary_large_image\" \/>\n<meta name=\"twitter:site\" content=\"@ChateauDeParaza\" \/>\n<meta name=\"twitter:label1\" content=\"\u9884\u8ba1\u9605\u8bfb\u65f6\u95f4\" \/>\n\t<meta name=\"twitter:data1\" content=\"2\u5206\" \/>\n<script type=\"application\/ld+json\" class=\"yoast-schema-graph\">{\"@context\":\"https:\/\/schema.org\",\"@graph\":[{\"@type\":\"WebPage\",\"@id\":\"https:\/\/www.chateau-de-paraza.com\/chambre-dhotes-suites-chateau-occitanie-aude-minervois\/reservez-votre-sejour\/\",\"url\":\"https:\/\/www.chateau-de-paraza.com\/chambre-dhotes-suites-chateau-occitanie-aude-minervois\/reservez-votre-sejour\/\",\"name\":\"R\u00e9servez votre s\u00e9jour au Ch\u00e2teau de Paraza - exp\u00e9rience oenotouristique\",\"isPartOf\":{\"@id\":\"https:\/\/www.chateau-de-paraza.com\/#website\"},\"datePublished\":\"2015-07-01T05:39:29+00:00\",\"dateModified\":\"2022-03-29T12:02:52+00:00\",\"description\":\"R\u00e9servez votre s\u00e9jour au Ch\u00e2teau de Paraza: choisissez votre suite, vos dates de venue et plannifiez des activit\u00e9s pour sublimez votre s\u00e9jour\",\"breadcrumb\":{\"@id\":\"https:\/\/www.chateau-de-paraza.com\/chambre-dhotes-suites-chateau-occitanie-aude-minervois\/reservez-votre-sejour\/#breadcrumb\"},\"inLanguage\":\"zh-CN\",\"potentialAction\":[{\"@type\":\"ReadAction\",\"target\":[\"https:\/\/www.chateau-de-paraza.com\/chambre-dhotes-suites-chateau-occitanie-aude-minervois\/reservez-votre-sejour\/\"]}]},{\"@type\":\"BreadcrumbList\",\"@id\":\"https:\/\/www.chateau-de-paraza.com\/chambre-dhotes-suites-chateau-occitanie-aude-minervois\/reservez-votre-sejour\/#breadcrumb\",\"itemListElement\":[{\"@type\":\"ListItem\",\"position\":1,\"name\":\"Accueil\",\"item\":\"https:\/\/www.chateau-de-paraza.com\/zh-hans\/\"},{\"@type\":\"ListItem\",\"position\":2,\"name\":\"Chambres\",\"item\":\"https:\/\/www.chateau-de-paraza.com\/chambre-dhotes-suites-chateau-occitanie-aude-minervois\/\"},{\"@type\":\"ListItem\",\"position\":3,\"name\":\"R\u00e9servez votre s\u00e9jour au Ch\u00e2teau de Paraza\"}]},{\"@type\":\"WebSite\",\"@id\":\"https:\/\/www.chateau-de-paraza.com\/#website\",\"url\":\"https:\/\/www.chateau-de-paraza.com\/\",\"name\":\"Ch\u00e2teau de Paraza\",\"description\":\"Site web du Ch\u00e2teau de Paraza\",\"potentialAction\":[{\"@type\":\"SearchAction\",\"target\":{\"@type\":\"EntryPoint\",\"urlTemplate\":\"https:\/\/www.chateau-de-paraza.com\/?s={search_term_string}\"},\"query-input\":\"required name=search_term_string\"}],\"inLanguage\":\"zh-CN\"}]}<\/script>\n<!-- \/ Yoast SEO plugin. -->","yoast_head_json":{"title":"R\u00e9servez votre s\u00e9jour au Ch\u00e2teau de Paraza - exp\u00e9rience oenotouristique","description":"R\u00e9servez votre s\u00e9jour au Ch\u00e2teau de Paraza: choisissez votre suite, vos dates de venue et plannifiez des activit\u00e9s pour sublimez votre s\u00e9jour","robots":{"index":"index","follow":"follow","max-snippet":"max-snippet:-1","max-image-preview":"max-image-preview:large","max-video-preview":"max-video-preview:-1"},"canonical":"https:\/\/www.chateau-de-paraza.com\/chambre-dhotes-suites-chateau-occitanie-aude-minervois\/reservez-votre-sejour\/","og_locale":"zh_CN","og_type":"article","og_title":"R\u00e9servez votre s\u00e9jour au Ch\u00e2teau de Paraza - exp\u00e9rience oenotouristique","og_description":"R\u00e9servez votre s\u00e9jour au Ch\u00e2teau de Paraza: choisissez votre suite, vos dates de venue et plannifiez des activit\u00e9s pour sublimez votre s\u00e9jour","og_url":"https:\/\/www.chateau-de-paraza.com\/chambre-dhotes-suites-chateau-occitanie-aude-minervois\/reservez-votre-sejour\/","og_site_name":"Ch\u00e2teau de Paraza","article_publisher":"https:\/\/www.facebook.com\/chateaudeparaza","article_modified_time":"2022-03-29T12:02:52+00:00","twitter_card":"summary_large_image","twitter_site":"@ChateauDeParaza","twitter_misc":{"\u9884\u8ba1\u9605\u8bfb\u65f6\u95f4":"2\u5206"},"schema":{"@context":"https:\/\/schema.org","@graph":[{"@type":"WebPage","@id":"https:\/\/www.chateau-de-paraza.com\/chambre-dhotes-suites-chateau-occitanie-aude-minervois\/reservez-votre-sejour\/","url":"https:\/\/www.chateau-de-paraza.com\/chambre-dhotes-suites-chateau-occitanie-aude-minervois\/reservez-votre-sejour\/","name":"R\u00e9servez votre s\u00e9jour au Ch\u00e2teau de Paraza - exp\u00e9rience oenotouristique","isPartOf":{"@id":"https:\/\/www.chateau-de-paraza.com\/#website"},"datePublished":"2015-07-01T05:39:29+00:00","dateModified":"2022-03-29T12:02:52+00:00","description":"R\u00e9servez votre s\u00e9jour au Ch\u00e2teau de Paraza: choisissez votre suite, vos dates de venue et plannifiez des activit\u00e9s pour sublimez votre s\u00e9jour","breadcrumb":{"@id":"https:\/\/www.chateau-de-paraza.com\/chambre-dhotes-suites-chateau-occitanie-aude-minervois\/reservez-votre-sejour\/#breadcrumb"},"inLanguage":"zh-CN","potentialAction":[{"@type":"ReadAction","target":["https:\/\/www.chateau-de-paraza.com\/chambre-dhotes-suites-chateau-occitanie-aude-minervois\/reservez-votre-sejour\/"]}]},{"@type":"BreadcrumbList","@id":"https:\/\/www.chateau-de-paraza.com\/chambre-dhotes-suites-chateau-occitanie-aude-minervois\/reservez-votre-sejour\/#breadcrumb","itemListElement":[{"@type":"ListItem","position":1,"name":"Accueil","item":"https:\/\/www.chateau-de-paraza.com\/zh-hans\/"},{"@type":"ListItem","position":2,"name":"Chambres","item":"https:\/\/www.chateau-de-paraza.com\/chambre-dhotes-suites-chateau-occitanie-aude-minervois\/"},{"@type":"ListItem","position":3,"name":"R\u00e9servez votre s\u00e9jour au Ch\u00e2teau de Paraza"}]},{"@type":"WebSite","@id":"https:\/\/www.chateau-de-paraza.com\/#website","url":"https:\/\/www.chateau-de-paraza.com\/","name":"Ch\u00e2teau de Paraza","description":"Site web du Ch\u00e2teau de Paraza","potentialAction":[{"@type":"SearchAction","target":{"@type":"EntryPoint","urlTemplate":"https:\/\/www.chateau-de-paraza.com\/?s={search_term_string}"},"query-input":"required name=search_term_string"}],"inLanguage":"zh-CN"}]}},"_links":{"self":[{"href":"https:\/\/www.chateau-de-paraza.com\/zh-hans\/wp-json\/wp\/v2\/pages\/678"}],"collection":[{"href":"https:\/\/www.chateau-de-paraza.com\/zh-hans\/wp-json\/wp\/v2\/pages"}],"about":[{"href":"https:\/\/www.chateau-de-paraza.com\/zh-hans\/wp-json\/wp\/v2\/types\/page"}],"author":[{"embeddable":true,"href":"https:\/\/www.chateau-de-paraza.com\/zh-hans\/wp-json\/wp\/v2\/users\/2"}],"replies":[{"embeddable":true,"href":"https:\/\/www.chateau-de-paraza.com\/zh-hans\/wp-json\/wp\/v2\/comments?post=678"}],"version-history":[{"count":10,"href":"https:\/\/www.chateau-de-paraza.com\/zh-hans\/wp-json\/wp\/v2\/pages\/678\/revisions"}],"predecessor-version":[{"id":6920,"href":"https:\/\/www.chateau-de-paraza.com\/zh-hans\/wp-json\/wp\/v2\/pages\/678\/revisions\/6920"}],"up":[{"embeddable":true,"href":"https:\/\/www.chateau-de-paraza.com\/zh-hans\/wp-json\/wp\/v2\/pages\/49"}],"wp:attachment":[{"href":"https:\/\/www.chateau-de-paraza.com\/zh-hans\/wp-json\/wp\/v2\/media?parent=678"}],"curies":[{"name":"wp","href":"https:\/\/api.w.org\/{rel}","templated":true}]}}