{"id":6771,"date":"2022-03-25T16:37:55","date_gmt":"2022-03-25T15:37:55","guid":{"rendered":"https:\/\/www.chateau-de-paraza.com\/?page_id=6771"},"modified":"2024-04-15T09:57:47","modified_gmt":"2024-04-15T08:57:47","slug":"vin","status":"publish","type":"page","link":"https:\/\/www.chateau-de-paraza.com\/zh-hans\/vin\/","title":{"rendered":"Vin"},"content":{"rendered":"<div class=\"wpb-content-wrapper\"><p>[vc_row][vc_column][vc_column_text]<\/p>\n<h2>Bienvenue sur notre page destin\u00e9e aux professionnels du vin<\/h2>\n<p>[\/vc_column_text][vc_empty_space height=&#8221;42px&#8221;][vc_column_text]En 2005, la famille Danglas r\u00e9alisait pour la premi\u00e8re fois les vendanges en famille, les premi\u00e8res d&#8217;une longue s\u00e9rie. En effet, depuis plus de quinze ans, la famille s&#8217;est lanc\u00e9e dans la production de vin en rachetant le Ch\u00e2teau de Paraza, magnifique b\u00e2timent datant du 17\u00e8me si\u00e8cle. Dans le but de produire des vins qui lui ressemblent et dans lesquels on retrouve sa patte, le ma\u00eetre de chai, Matthieu Danglas, s&#8217;est essay\u00e9 pendant des ann\u00e9es afin de trouver les bons assemblages, les barriques qui conviennent parfaitement \u00e0 ses vins, le temps d&#8217;\u00e9levage ad\u00e9quat&#8230; Aujourd&#8217;hui, les vins du Ch\u00e2teau de Paraza sont parmi les plus grands Minervois, r\u00e9compens\u00e9s \u00e0 de nombreux concours chaque ann\u00e9e et expriment la philosophie de la famille : des vins gourmands, \u00e9l\u00e9gants et fins. L&#8217;expression pure d&#8217;un terroir et d&#8217;un savoir faire.<\/p>\n<p>&nbsp;<\/p>\n<p>Ici vous retrouverez toutes les informations dont vous aurez besoin en t\u00e9l\u00e9chargeant notre brochure dans laquelle vous d\u00e9couvrirez plus en d\u00e9tails nos vins et leurs descriptifs :[\/vc_column_text][vc_empty_space][vc_btn title=&#8221;T\u00e9l\u00e9chargez notre brochure&#8221; link=&#8221;url:https%3A%2F%2Fwww.chateau-de-paraza.com%2Fwp-content%2Fuploads%2F2018%2F02%2Fbrochure-CH-Chateaudeparaza2018_fr-tred.pdf|target:_blank&#8221;][vc_column_text]Si vous souhaitez recevoir nos tarifs ou que vous avez d&#8217;autres demandes, nous vous invitons \u00e0 contacter directement :<\/p>\n<p>Lucile DANGLAS, propri\u00e9taire et responsable commerciale<\/p>\n<p>par t\u00e9l\u00e9phone : +33 7 78 19 16 41<\/p>\n<p>Par mail : chateaudeparaza@gmail.com<\/p>\n<p>&nbsp;<\/p>\n<p>N&#8217;h\u00e9sitez pas \u00e0 faire un tour sur notre site pour d\u00e9couvrir le ch\u00e2teau un peu plus en d\u00e9tails ou \u00e0 venir nous voir au :<\/p>\n<p>1 rue du Viala,<\/p>\n<p>11 200 Paraza, FRANCE<\/p>\n<p>&nbsp;<\/p>\n<p>Nous vous remercions pour l&#8217;int\u00e9r\u00eat que vous portez \u00e0 nos vins et esp\u00e9rons vous rencontrer au plus vite ![\/vc_column_text][vc_empty_space height=&#8221;52px&#8221;][\/vc_column][\/vc_row][vc_row][vc_column][vc_btn title=&#8221;D\u00e9couvrez le domaine&#8221; size=&#8221;sm&#8221; align=&#8221;center&#8221; button_block=&#8221;true&#8221; link=&#8221;url:https%3A%2F%2Fwww.chateau-de-paraza.com%2Fdomaine%2F|target:_blank&#8221;][\/vc_column][\/vc_row]<\/p>\n<\/div>","protected":false},"excerpt":{"rendered":"<p>[vc_row][vc_column][vc_column_text] Bienvenue sur notre&hellip;<\/p>\n","protected":false},"author":2,"featured_media":0,"parent":0,"menu_order":0,"comment_status":"closed","ping_status":"closed","template":"","meta":[],"yoast_head":"<!-- This site is optimized with the Yoast SEO plugin v21.8.1 - https:\/\/yoast.com\/wordpress\/plugins\/seo\/ -->\n<title>Vin - Ch\u00e2teau de Paraza<\/title>\n<meta name=\"description\" content=\"Bienvenue sur notre page destin\u00e9e aux professionnels du vin En 2005, la famille Danglas r\u00e9alisait pour la premi\u00e8re fois les vendanges en famille, les\" \/>\n<meta name=\"robots\" content=\"index, follow, max-snippet:-1, max-image-preview:large, max-video-preview:-1\" \/>\n<link rel=\"canonical\" href=\"https:\/\/www.chateau-de-paraza.com\/vin\/\" \/>\n<meta property=\"og:locale\" content=\"zh_CN\" \/>\n<meta property=\"og:type\" content=\"article\" \/>\n<meta property=\"og:title\" content=\"Vin - Ch\u00e2teau de Paraza\" \/>\n<meta property=\"og:description\" content=\"Bienvenue sur notre page destin\u00e9e aux professionnels du vin En 2005, la famille Danglas r\u00e9alisait pour la premi\u00e8re fois les vendanges en famille, les\" \/>\n<meta property=\"og:url\" content=\"https:\/\/www.chateau-de-paraza.com\/vin\/\" \/>\n<meta property=\"og:site_name\" content=\"Ch\u00e2teau de Paraza\" \/>\n<meta property=\"article:publisher\" content=\"https:\/\/www.facebook.com\/chateaudeparaza\" \/>\n<meta property=\"article:modified_time\" content=\"2024-04-15T08:57:47+00:00\" \/>\n<meta name=\"twitter:card\" content=\"summary_large_image\" \/>\n<meta name=\"twitter:site\" content=\"@ChateauDeParaza\" \/>\n<meta name=\"twitter:label1\" content=\"\u9884\u8ba1\u9605\u8bfb\u65f6\u95f4\" \/>\n\t<meta name=\"twitter:data1\" content=\"2\u5206\" \/>\n<script type=\"application\/ld+json\" class=\"yoast-schema-graph\">{\"@context\":\"https:\/\/schema.org\",\"@graph\":[{\"@type\":\"WebPage\",\"@id\":\"https:\/\/www.chateau-de-paraza.com\/vin\/\",\"url\":\"https:\/\/www.chateau-de-paraza.com\/vin\/\",\"name\":\"Vin - Ch\u00e2teau de Paraza\",\"isPartOf\":{\"@id\":\"https:\/\/www.chateau-de-paraza.com\/#website\"},\"datePublished\":\"2022-03-25T15:37:55+00:00\",\"dateModified\":\"2024-04-15T08:57:47+00:00\",\"description\":\"Bienvenue sur notre page destin\u00e9e aux professionnels du vin En 2005, la famille Danglas r\u00e9alisait pour la premi\u00e8re fois les vendanges en famille, les\",\"breadcrumb\":{\"@id\":\"https:\/\/www.chateau-de-paraza.com\/vin\/#breadcrumb\"},\"inLanguage\":\"zh-CN\",\"potentialAction\":[{\"@type\":\"ReadAction\",\"target\":[\"https:\/\/www.chateau-de-paraza.com\/vin\/\"]}]},{\"@type\":\"BreadcrumbList\",\"@id\":\"https:\/\/www.chateau-de-paraza.com\/vin\/#breadcrumb\",\"itemListElement\":[{\"@type\":\"ListItem\",\"position\":1,\"name\":\"Accueil\",\"item\":\"https:\/\/www.chateau-de-paraza.com\/zh-hans\/\"},{\"@type\":\"ListItem\",\"position\":2,\"name\":\"Vin\"}]},{\"@type\":\"WebSite\",\"@id\":\"https:\/\/www.chateau-de-paraza.com\/#website\",\"url\":\"https:\/\/www.chateau-de-paraza.com\/\",\"name\":\"Ch\u00e2teau de Paraza\",\"description\":\"Site web du Ch\u00e2teau de Paraza\",\"potentialAction\":[{\"@type\":\"SearchAction\",\"target\":{\"@type\":\"EntryPoint\",\"urlTemplate\":\"https:\/\/www.chateau-de-paraza.com\/?s={search_term_string}\"},\"query-input\":\"required name=search_term_string\"}],\"inLanguage\":\"zh-CN\"}]}<\/script>\n<!-- \/ Yoast SEO plugin. -->","yoast_head_json":{"title":"Vin - Ch\u00e2teau de Paraza","description":"Bienvenue sur notre page destin\u00e9e aux professionnels du vin En 2005, la famille Danglas r\u00e9alisait pour la premi\u00e8re fois les vendanges en famille, les","robots":{"index":"index","follow":"follow","max-snippet":"max-snippet:-1","max-image-preview":"max-image-preview:large","max-video-preview":"max-video-preview:-1"},"canonical":"https:\/\/www.chateau-de-paraza.com\/vin\/","og_locale":"zh_CN","og_type":"article","og_title":"Vin - Ch\u00e2teau de Paraza","og_description":"Bienvenue sur notre page destin\u00e9e aux professionnels du vin En 2005, la famille Danglas r\u00e9alisait pour la premi\u00e8re fois les vendanges en famille, les","og_url":"https:\/\/www.chateau-de-paraza.com\/vin\/","og_site_name":"Ch\u00e2teau de Paraza","article_publisher":"https:\/\/www.facebook.com\/chateaudeparaza","article_modified_time":"2024-04-15T08:57:47+00:00","twitter_card":"summary_large_image","twitter_site":"@ChateauDeParaza","twitter_misc":{"\u9884\u8ba1\u9605\u8bfb\u65f6\u95f4":"2\u5206"},"schema":{"@context":"https:\/\/schema.org","@graph":[{"@type":"WebPage","@id":"https:\/\/www.chateau-de-paraza.com\/vin\/","url":"https:\/\/www.chateau-de-paraza.com\/vin\/","name":"Vin - Ch\u00e2teau de Paraza","isPartOf":{"@id":"https:\/\/www.chateau-de-paraza.com\/#website"},"datePublished":"2022-03-25T15:37:55+00:00","dateModified":"2024-04-15T08:57:47+00:00","description":"Bienvenue sur notre page destin\u00e9e aux professionnels du vin En 2005, la famille Danglas r\u00e9alisait pour la premi\u00e8re fois les vendanges en famille, les","breadcrumb":{"@id":"https:\/\/www.chateau-de-paraza.com\/vin\/#breadcrumb"},"inLanguage":"zh-CN","potentialAction":[{"@type":"ReadAction","target":["https:\/\/www.chateau-de-paraza.com\/vin\/"]}]},{"@type":"BreadcrumbList","@id":"https:\/\/www.chateau-de-paraza.com\/vin\/#breadcrumb","itemListElement":[{"@type":"ListItem","position":1,"name":"Accueil","item":"https:\/\/www.chateau-de-paraza.com\/zh-hans\/"},{"@type":"ListItem","position":2,"name":"Vin"}]},{"@type":"WebSite","@id":"https:\/\/www.chateau-de-paraza.com\/#website","url":"https:\/\/www.chateau-de-paraza.com\/","name":"Ch\u00e2teau de Paraza","description":"Site web du Ch\u00e2teau de Paraza","potentialAction":[{"@type":"SearchAction","target":{"@type":"EntryPoint","urlTemplate":"https:\/\/www.chateau-de-paraza.com\/?s={search_term_string}"},"query-input":"required name=search_term_string"}],"inLanguage":"zh-CN"}]}},"_links":{"self":[{"href":"https:\/\/www.chateau-de-paraza.com\/zh-hans\/wp-json\/wp\/v2\/pages\/6771"}],"collection":[{"href":"https:\/\/www.chateau-de-paraza.com\/zh-hans\/wp-json\/wp\/v2\/pages"}],"about":[{"href":"https:\/\/www.chateau-de-paraza.com\/zh-hans\/wp-json\/wp\/v2\/types\/page"}],"author":[{"embeddable":true,"href":"https:\/\/www.chateau-de-paraza.com\/zh-hans\/wp-json\/wp\/v2\/users\/2"}],"replies":[{"embeddable":true,"href":"https:\/\/www.chateau-de-paraza.com\/zh-hans\/wp-json\/wp\/v2\/comments?post=6771"}],"version-history":[{"count":10,"href":"https:\/\/www.chateau-de-paraza.com\/zh-hans\/wp-json\/wp\/v2\/pages\/6771\/revisions"}],"predecessor-version":[{"id":6829,"href":"https:\/\/www.chateau-de-paraza.com\/zh-hans\/wp-json\/wp\/v2\/pages\/6771\/revisions\/6829"}],"wp:attachment":[{"href":"https:\/\/www.chateau-de-paraza.com\/zh-hans\/wp-json\/wp\/v2\/media?parent=6771"}],"curies":[{"name":"wp","href":"https:\/\/api.w.org\/{rel}","templated":true}]}}