{"id":6769,"date":"2022-03-25T16:37:05","date_gmt":"2022-03-25T15:37:05","guid":{"rendered":"https:\/\/www.chateau-de-paraza.com\/?page_id=6769"},"modified":"2023-07-05T16:00:45","modified_gmt":"2023-07-05T15:00:45","slug":"tourisme","status":"publish","type":"page","link":"https:\/\/www.chateau-de-paraza.com\/zh-hans\/tourisme\/","title":{"rendered":"Tourisme"},"content":{"rendered":"<div class=\"wpb-content-wrapper\"><p>[vc_row][vc_column][vc_column_text]<\/p>\r\n<h2>Bienvenue sur notre page destin\u00e9e aux professionnels du tourisme<\/h2>\r\n<p><!-- \/wp:paragraph -->[\/vc_column_text][vc_empty_space][\/vc_column][\/vc_row][vc_row][vc_column][vc_column_text]<\/p>\r\n<p>Surplombant le Canal du Midi, mythique construction r\u00e9alis\u00e9 par l&#8217;ing\u00e9nieur fran\u00e7ais Paul Riquet, qui s\u00e9journa au ch\u00e2teau durant la r\u00e9alisation de son projet, le Ch\u00e2teau de Paraza vous invite au c\u0153ur de l&#8217;Aude, dans le Languedoc, \u00e0 d\u00e9couvrir les paysages agricoles (vignes, oliviers), les villages de maisons en pierres et toutes les richesses dont le d\u00e9partement et la r\u00e9gion regorgent.<\/p>\r\n<p>[\/vc_column_text][vc_empty_space][\/vc_column][\/vc_row][vc_row][vc_column width=&#8221;1\/2&#8243;][vc_column_text]<\/p>\r\n<p>Nous vous invitons \u00e0 d\u00e9couvrir nos chambres d&#8217;h\u00f4tes :<\/p>\r\n<p>[\/vc_column_text][\/vc_column][vc_column width=&#8221;1\/2&#8243;][vc_btn title=&#8221;D\u00e9couvrir nos chambres&#8221; size=&#8221;sm&#8221; align=&#8221;center&#8221; link=&#8221;url:https%3A%2F%2Fwww.chateau-de-paraza.com%2Fchambres-dhotes%2F|target:_blank&#8221;][\/vc_column][\/vc_row][vc_row][vc_column width=&#8221;1\/2&#8243;][vc_column_text]<\/p>\r\n<p>Ainsi que les activit\u00e9s que nous proposons au domaine :<\/p>\r\n<p>[\/vc_column_text][\/vc_column][vc_column width=&#8221;1\/2&#8243;][vc_btn title=&#8221;D\u00e9couvrir nos activit\u00e9s&#8221; size=&#8221;sm&#8221; align=&#8221;center&#8221; link=&#8221;url:https%3A%2F%2Fwww.chateau-de-paraza.com%2Fexperiences-activites-degustation-visite-oenotourisme%2F|target:_blank&#8221;][\/vc_column][\/vc_row][vc_row][vc_column][vc_column_text]<\/p>\r\n<p>Si vous souhaitez r\u00e9server un s\u00e9jour au ch\u00e2teau, organiser des activit\u00e9s en groupe ou que vous avez d&#8217;autres demandes, nous vous invitons \u00e0 contacter :<\/p>\r\n<p>Lucile Danglas, charg\u00e9e \u0153notourisme et communication :<\/p>\r\n<p><!-- \/wp:paragraph --><!-- \/wp:paragraph -->par t\u00e9l\u00e9phone : +33 7 78 19 16 41<\/p>\r\n<p><!-- \/wp:paragraph -->par mail : contact@chateau-de-paraza.com<\/p>\r\n<p>ou \u00e0 venir nous rendre visite au domaine :<\/p>\r\n<p>1 rue du Viala,<\/p>\r\n<p>11 200 Paraza, FRANCE<\/p>\r\n<p>&nbsp;<\/p>\r\n<!-- \/wp:paragraph -->\r\n<p><!-- wp:paragraph -->Nous vous remercions pour l&#8217;int\u00e9r\u00eat que vous portez au Ch\u00e2teau de Paraza et esp\u00e9rons vous rencontrer au plus vite !<\/p>\r\n<p>[\/vc_column_text][\/vc_column][\/vc_row]<\/p><\/div>","protected":false},"excerpt":{"rendered":"<p>[vc_row][vc_column][vc_column_text] Bienvenue sur notre&hellip;<\/p>\n","protected":false},"author":2,"featured_media":0,"parent":0,"menu_order":0,"comment_status":"closed","ping_status":"closed","template":"","meta":[],"yoast_head":"<!-- This site is optimized with the Yoast SEO plugin v21.8.1 - https:\/\/yoast.com\/wordpress\/plugins\/seo\/ -->\n<title>Tourisme - Ch\u00e2teau de Paraza<\/title>\n<meta name=\"description\" content=\"Bienvenue sur notre page destin\u00e9e aux professionnels du tourisme Surplombant le Canal du Midi, mythique construction r\u00e9alis\u00e9 par l&#039;ing\u00e9nieur fran\u00e7ais Paul\" \/>\n<meta name=\"robots\" content=\"index, follow, max-snippet:-1, max-image-preview:large, max-video-preview:-1\" \/>\n<link rel=\"canonical\" href=\"https:\/\/www.chateau-de-paraza.com\/tourisme\/\" \/>\n<meta property=\"og:locale\" content=\"zh_CN\" \/>\n<meta property=\"og:type\" content=\"article\" \/>\n<meta property=\"og:title\" content=\"Tourisme - Ch\u00e2teau de Paraza\" \/>\n<meta property=\"og:description\" content=\"Bienvenue sur notre page destin\u00e9e aux professionnels du tourisme Surplombant le Canal du Midi, mythique construction r\u00e9alis\u00e9 par l&#039;ing\u00e9nieur fran\u00e7ais Paul\" \/>\n<meta property=\"og:url\" content=\"https:\/\/www.chateau-de-paraza.com\/tourisme\/\" \/>\n<meta property=\"og:site_name\" content=\"Ch\u00e2teau de Paraza\" \/>\n<meta property=\"article:publisher\" content=\"https:\/\/www.facebook.com\/chateaudeparaza\" \/>\n<meta property=\"article:modified_time\" content=\"2023-07-05T15:00:45+00:00\" \/>\n<meta name=\"twitter:card\" content=\"summary_large_image\" \/>\n<meta name=\"twitter:site\" content=\"@ChateauDeParaza\" \/>\n<meta name=\"twitter:label1\" content=\"\u9884\u8ba1\u9605\u8bfb\u65f6\u95f4\" \/>\n\t<meta name=\"twitter:data1\" content=\"2\u5206\" \/>\n<script type=\"application\/ld+json\" class=\"yoast-schema-graph\">{\"@context\":\"https:\/\/schema.org\",\"@graph\":[{\"@type\":\"WebPage\",\"@id\":\"https:\/\/www.chateau-de-paraza.com\/tourisme\/\",\"url\":\"https:\/\/www.chateau-de-paraza.com\/tourisme\/\",\"name\":\"Tourisme - Ch\u00e2teau de Paraza\",\"isPartOf\":{\"@id\":\"https:\/\/www.chateau-de-paraza.com\/#website\"},\"datePublished\":\"2022-03-25T15:37:05+00:00\",\"dateModified\":\"2023-07-05T15:00:45+00:00\",\"description\":\"Bienvenue sur notre page destin\u00e9e aux professionnels du tourisme Surplombant le Canal du Midi, mythique construction r\u00e9alis\u00e9 par l'ing\u00e9nieur fran\u00e7ais Paul\",\"breadcrumb\":{\"@id\":\"https:\/\/www.chateau-de-paraza.com\/tourisme\/#breadcrumb\"},\"inLanguage\":\"zh-CN\",\"potentialAction\":[{\"@type\":\"ReadAction\",\"target\":[\"https:\/\/www.chateau-de-paraza.com\/tourisme\/\"]}]},{\"@type\":\"BreadcrumbList\",\"@id\":\"https:\/\/www.chateau-de-paraza.com\/tourisme\/#breadcrumb\",\"itemListElement\":[{\"@type\":\"ListItem\",\"position\":1,\"name\":\"Accueil\",\"item\":\"https:\/\/www.chateau-de-paraza.com\/zh-hans\/\"},{\"@type\":\"ListItem\",\"position\":2,\"name\":\"Tourisme\"}]},{\"@type\":\"WebSite\",\"@id\":\"https:\/\/www.chateau-de-paraza.com\/#website\",\"url\":\"https:\/\/www.chateau-de-paraza.com\/\",\"name\":\"Ch\u00e2teau de Paraza\",\"description\":\"Site web du Ch\u00e2teau de Paraza\",\"potentialAction\":[{\"@type\":\"SearchAction\",\"target\":{\"@type\":\"EntryPoint\",\"urlTemplate\":\"https:\/\/www.chateau-de-paraza.com\/?s={search_term_string}\"},\"query-input\":\"required name=search_term_string\"}],\"inLanguage\":\"zh-CN\"}]}<\/script>\n<!-- \/ Yoast SEO plugin. -->","yoast_head_json":{"title":"Tourisme - Ch\u00e2teau de Paraza","description":"Bienvenue sur notre page destin\u00e9e aux professionnels du tourisme Surplombant le Canal du Midi, mythique construction r\u00e9alis\u00e9 par l'ing\u00e9nieur fran\u00e7ais Paul","robots":{"index":"index","follow":"follow","max-snippet":"max-snippet:-1","max-image-preview":"max-image-preview:large","max-video-preview":"max-video-preview:-1"},"canonical":"https:\/\/www.chateau-de-paraza.com\/tourisme\/","og_locale":"zh_CN","og_type":"article","og_title":"Tourisme - Ch\u00e2teau de Paraza","og_description":"Bienvenue sur notre page destin\u00e9e aux professionnels du tourisme Surplombant le Canal du Midi, mythique construction r\u00e9alis\u00e9 par l'ing\u00e9nieur fran\u00e7ais Paul","og_url":"https:\/\/www.chateau-de-paraza.com\/tourisme\/","og_site_name":"Ch\u00e2teau de Paraza","article_publisher":"https:\/\/www.facebook.com\/chateaudeparaza","article_modified_time":"2023-07-05T15:00:45+00:00","twitter_card":"summary_large_image","twitter_site":"@ChateauDeParaza","twitter_misc":{"\u9884\u8ba1\u9605\u8bfb\u65f6\u95f4":"2\u5206"},"schema":{"@context":"https:\/\/schema.org","@graph":[{"@type":"WebPage","@id":"https:\/\/www.chateau-de-paraza.com\/tourisme\/","url":"https:\/\/www.chateau-de-paraza.com\/tourisme\/","name":"Tourisme - Ch\u00e2teau de Paraza","isPartOf":{"@id":"https:\/\/www.chateau-de-paraza.com\/#website"},"datePublished":"2022-03-25T15:37:05+00:00","dateModified":"2023-07-05T15:00:45+00:00","description":"Bienvenue sur notre page destin\u00e9e aux professionnels du tourisme Surplombant le Canal du Midi, mythique construction r\u00e9alis\u00e9 par l'ing\u00e9nieur fran\u00e7ais Paul","breadcrumb":{"@id":"https:\/\/www.chateau-de-paraza.com\/tourisme\/#breadcrumb"},"inLanguage":"zh-CN","potentialAction":[{"@type":"ReadAction","target":["https:\/\/www.chateau-de-paraza.com\/tourisme\/"]}]},{"@type":"BreadcrumbList","@id":"https:\/\/www.chateau-de-paraza.com\/tourisme\/#breadcrumb","itemListElement":[{"@type":"ListItem","position":1,"name":"Accueil","item":"https:\/\/www.chateau-de-paraza.com\/zh-hans\/"},{"@type":"ListItem","position":2,"name":"Tourisme"}]},{"@type":"WebSite","@id":"https:\/\/www.chateau-de-paraza.com\/#website","url":"https:\/\/www.chateau-de-paraza.com\/","name":"Ch\u00e2teau de Paraza","description":"Site web du Ch\u00e2teau de Paraza","potentialAction":[{"@type":"SearchAction","target":{"@type":"EntryPoint","urlTemplate":"https:\/\/www.chateau-de-paraza.com\/?s={search_term_string}"},"query-input":"required name=search_term_string"}],"inLanguage":"zh-CN"}]}},"_links":{"self":[{"href":"https:\/\/www.chateau-de-paraza.com\/zh-hans\/wp-json\/wp\/v2\/pages\/6769"}],"collection":[{"href":"https:\/\/www.chateau-de-paraza.com\/zh-hans\/wp-json\/wp\/v2\/pages"}],"about":[{"href":"https:\/\/www.chateau-de-paraza.com\/zh-hans\/wp-json\/wp\/v2\/types\/page"}],"author":[{"embeddable":true,"href":"https:\/\/www.chateau-de-paraza.com\/zh-hans\/wp-json\/wp\/v2\/users\/2"}],"replies":[{"embeddable":true,"href":"https:\/\/www.chateau-de-paraza.com\/zh-hans\/wp-json\/wp\/v2\/comments?post=6769"}],"version-history":[{"count":7,"href":"https:\/\/www.chateau-de-paraza.com\/zh-hans\/wp-json\/wp\/v2\/pages\/6769\/revisions"}],"predecessor-version":[{"id":9245,"href":"https:\/\/www.chateau-de-paraza.com\/zh-hans\/wp-json\/wp\/v2\/pages\/6769\/revisions\/9245"}],"wp:attachment":[{"href":"https:\/\/www.chateau-de-paraza.com\/zh-hans\/wp-json\/wp\/v2\/media?parent=6769"}],"curies":[{"name":"wp","href":"https:\/\/api.w.org\/{rel}","templated":true}]}}