{"id":6766,"date":"2022-03-25T16:34:04","date_gmt":"2022-03-25T15:34:04","guid":{"rendered":"https:\/\/www.chateau-de-paraza.com\/?page_id=6766"},"modified":"2022-04-05T08:25:23","modified_gmt":"2022-04-05T07:25:23","slug":"pro","status":"publish","type":"page","link":"https:\/\/www.chateau-de-paraza.com\/zh-hans\/pro\/","title":{"rendered":"Professionnels"},"content":{"rendered":"<div class=\"wpb-content-wrapper\"><p>[vc_row][vc_column][vc_column_text]Bienvenue sur notre page destin\u00e9e aux professionnels.<\/p>\n<p>&nbsp;<\/p>\n<p>Depuis plus de quinze ans maintenant, la famille Danglas est devenue propri\u00e9taire du Ch\u00e2teau de Paraza, apportant ainsi \u00e0 ce lieu du 17\u00e8me si\u00e8cle, une nouvelle vie. En effet, en r\u00e9novant le ch\u00e2teau et en y cr\u00e9ant cinq suites devenues chambres d&#8217;h\u00f4tes, en apportant du nouveau mat\u00e9riel \u00e0 la cave et en ne cessant de d\u00e9velopper des projets dans ce lieu charg\u00e9 d&#8217;histoire, la Ch\u00e2teau de Paraza est redevenu un lieu incontournable, aidant le d\u00e9veloppement de l&#8217;Aude et du Minervois.<\/p>\n<p>&nbsp;<\/p>\n<p>Ici, vous retrouvez toutes les informations dont vous aurez besoin si vous \u00eates :<\/p>\n<ul>\n<li>dans l&#8217;\u00e9v\u00e8nementiel : <a href=\"https:\/\/www.chateau-de-paraza.com\/evenementiel\/\">https:\/\/www.chateau-de-paraza.com\/evenementiel\/<\/a><\/li>\n<li>dans le tourisme : <a href=\"https:\/\/www.chateau-de-paraza.com\/tourisme\/\">https:\/\/www.chateau-de-paraza.com\/tourisme\/<\/a><\/li>\n<li>dans le vin : <a href=\"https:\/\/www.chateau-de-paraza.com\/vin\/\">https:\/\/www.chateau-de-paraza.com\/vin\/<\/a><\/li>\n<\/ul>\n<p>&nbsp;<\/p>\n<p>Nous vous remercions de l&#8217;int\u00e9r\u00eat que vous portez au Ch\u00e2teau de Paraza et esp\u00e9rons vous rencontrer au plus vite ![\/vc_column_text][\/vc_column][\/vc_row]<\/p>\n<\/div>","protected":false},"excerpt":{"rendered":"<p>[vc_row][vc_column][vc_column_text]Bienvenue sur notre &hellip;<\/p>\n","protected":false},"author":2,"featured_media":0,"parent":0,"menu_order":0,"comment_status":"closed","ping_status":"closed","template":"","meta":[],"yoast_head":"<!-- This site is optimized with the Yoast SEO plugin v21.8.1 - https:\/\/yoast.com\/wordpress\/plugins\/seo\/ -->\n<title>Professionnels - Ch\u00e2teau de Paraza<\/title>\n<meta name=\"description\" content=\"Bienvenue sur notre page destin\u00e9e aux professionnels. &nbsp; Depuis plus de quinze ans maintenant, la famille Danglas est devenue propri\u00e9taire du Ch\u00e2teau\" \/>\n<meta name=\"robots\" content=\"index, follow, max-snippet:-1, max-image-preview:large, max-video-preview:-1\" \/>\n<link rel=\"canonical\" href=\"https:\/\/www.chateau-de-paraza.com\/pro\/\" \/>\n<meta property=\"og:locale\" content=\"zh_CN\" \/>\n<meta property=\"og:type\" content=\"article\" \/>\n<meta property=\"og:title\" content=\"Professionnels - Ch\u00e2teau de Paraza\" \/>\n<meta property=\"og:description\" content=\"Bienvenue sur notre page destin\u00e9e aux professionnels. &nbsp; Depuis plus de quinze ans maintenant, la famille Danglas est devenue propri\u00e9taire du Ch\u00e2teau\" \/>\n<meta property=\"og:url\" content=\"https:\/\/www.chateau-de-paraza.com\/pro\/\" \/>\n<meta property=\"og:site_name\" content=\"Ch\u00e2teau de Paraza\" \/>\n<meta property=\"article:publisher\" content=\"https:\/\/www.facebook.com\/chateaudeparaza\" \/>\n<meta property=\"article:modified_time\" content=\"2022-04-05T07:25:23+00:00\" \/>\n<meta name=\"twitter:card\" content=\"summary_large_image\" \/>\n<meta name=\"twitter:site\" content=\"@ChateauDeParaza\" \/>\n<meta name=\"twitter:label1\" content=\"\u9884\u8ba1\u9605\u8bfb\u65f6\u95f4\" \/>\n\t<meta name=\"twitter:data1\" content=\"1\u5206\" \/>\n<script type=\"application\/ld+json\" class=\"yoast-schema-graph\">{\"@context\":\"https:\/\/schema.org\",\"@graph\":[{\"@type\":\"WebPage\",\"@id\":\"https:\/\/www.chateau-de-paraza.com\/pro\/\",\"url\":\"https:\/\/www.chateau-de-paraza.com\/pro\/\",\"name\":\"Professionnels - Ch\u00e2teau de Paraza\",\"isPartOf\":{\"@id\":\"https:\/\/www.chateau-de-paraza.com\/#website\"},\"datePublished\":\"2022-03-25T15:34:04+00:00\",\"dateModified\":\"2022-04-05T07:25:23+00:00\",\"description\":\"Bienvenue sur notre page destin\u00e9e aux professionnels. &nbsp; Depuis plus de quinze ans maintenant, la famille Danglas est devenue propri\u00e9taire du Ch\u00e2teau\",\"breadcrumb\":{\"@id\":\"https:\/\/www.chateau-de-paraza.com\/pro\/#breadcrumb\"},\"inLanguage\":\"zh-CN\",\"potentialAction\":[{\"@type\":\"ReadAction\",\"target\":[\"https:\/\/www.chateau-de-paraza.com\/pro\/\"]}]},{\"@type\":\"BreadcrumbList\",\"@id\":\"https:\/\/www.chateau-de-paraza.com\/pro\/#breadcrumb\",\"itemListElement\":[{\"@type\":\"ListItem\",\"position\":1,\"name\":\"Accueil\",\"item\":\"https:\/\/www.chateau-de-paraza.com\/zh-hans\/\"},{\"@type\":\"ListItem\",\"position\":2,\"name\":\"Professionnels\"}]},{\"@type\":\"WebSite\",\"@id\":\"https:\/\/www.chateau-de-paraza.com\/#website\",\"url\":\"https:\/\/www.chateau-de-paraza.com\/\",\"name\":\"Ch\u00e2teau de Paraza\",\"description\":\"Site web du Ch\u00e2teau de Paraza\",\"potentialAction\":[{\"@type\":\"SearchAction\",\"target\":{\"@type\":\"EntryPoint\",\"urlTemplate\":\"https:\/\/www.chateau-de-paraza.com\/?s={search_term_string}\"},\"query-input\":\"required name=search_term_string\"}],\"inLanguage\":\"zh-CN\"}]}<\/script>\n<!-- \/ Yoast SEO plugin. -->","yoast_head_json":{"title":"Professionnels - Ch\u00e2teau de Paraza","description":"Bienvenue sur notre page destin\u00e9e aux professionnels. &nbsp; Depuis plus de quinze ans maintenant, la famille Danglas est devenue propri\u00e9taire du Ch\u00e2teau","robots":{"index":"index","follow":"follow","max-snippet":"max-snippet:-1","max-image-preview":"max-image-preview:large","max-video-preview":"max-video-preview:-1"},"canonical":"https:\/\/www.chateau-de-paraza.com\/pro\/","og_locale":"zh_CN","og_type":"article","og_title":"Professionnels - Ch\u00e2teau de Paraza","og_description":"Bienvenue sur notre page destin\u00e9e aux professionnels. &nbsp; Depuis plus de quinze ans maintenant, la famille Danglas est devenue propri\u00e9taire du Ch\u00e2teau","og_url":"https:\/\/www.chateau-de-paraza.com\/pro\/","og_site_name":"Ch\u00e2teau de Paraza","article_publisher":"https:\/\/www.facebook.com\/chateaudeparaza","article_modified_time":"2022-04-05T07:25:23+00:00","twitter_card":"summary_large_image","twitter_site":"@ChateauDeParaza","twitter_misc":{"\u9884\u8ba1\u9605\u8bfb\u65f6\u95f4":"1\u5206"},"schema":{"@context":"https:\/\/schema.org","@graph":[{"@type":"WebPage","@id":"https:\/\/www.chateau-de-paraza.com\/pro\/","url":"https:\/\/www.chateau-de-paraza.com\/pro\/","name":"Professionnels - Ch\u00e2teau de Paraza","isPartOf":{"@id":"https:\/\/www.chateau-de-paraza.com\/#website"},"datePublished":"2022-03-25T15:34:04+00:00","dateModified":"2022-04-05T07:25:23+00:00","description":"Bienvenue sur notre page destin\u00e9e aux professionnels. &nbsp; Depuis plus de quinze ans maintenant, la famille Danglas est devenue propri\u00e9taire du Ch\u00e2teau","breadcrumb":{"@id":"https:\/\/www.chateau-de-paraza.com\/pro\/#breadcrumb"},"inLanguage":"zh-CN","potentialAction":[{"@type":"ReadAction","target":["https:\/\/www.chateau-de-paraza.com\/pro\/"]}]},{"@type":"BreadcrumbList","@id":"https:\/\/www.chateau-de-paraza.com\/pro\/#breadcrumb","itemListElement":[{"@type":"ListItem","position":1,"name":"Accueil","item":"https:\/\/www.chateau-de-paraza.com\/zh-hans\/"},{"@type":"ListItem","position":2,"name":"Professionnels"}]},{"@type":"WebSite","@id":"https:\/\/www.chateau-de-paraza.com\/#website","url":"https:\/\/www.chateau-de-paraza.com\/","name":"Ch\u00e2teau de Paraza","description":"Site web du Ch\u00e2teau de Paraza","potentialAction":[{"@type":"SearchAction","target":{"@type":"EntryPoint","urlTemplate":"https:\/\/www.chateau-de-paraza.com\/?s={search_term_string}"},"query-input":"required name=search_term_string"}],"inLanguage":"zh-CN"}]}},"_links":{"self":[{"href":"https:\/\/www.chateau-de-paraza.com\/zh-hans\/wp-json\/wp\/v2\/pages\/6766"}],"collection":[{"href":"https:\/\/www.chateau-de-paraza.com\/zh-hans\/wp-json\/wp\/v2\/pages"}],"about":[{"href":"https:\/\/www.chateau-de-paraza.com\/zh-hans\/wp-json\/wp\/v2\/types\/page"}],"author":[{"embeddable":true,"href":"https:\/\/www.chateau-de-paraza.com\/zh-hans\/wp-json\/wp\/v2\/users\/2"}],"replies":[{"embeddable":true,"href":"https:\/\/www.chateau-de-paraza.com\/zh-hans\/wp-json\/wp\/v2\/comments?post=6766"}],"version-history":[{"count":10,"href":"https:\/\/www.chateau-de-paraza.com\/zh-hans\/wp-json\/wp\/v2\/pages\/6766\/revisions"}],"predecessor-version":[{"id":7155,"href":"https:\/\/www.chateau-de-paraza.com\/zh-hans\/wp-json\/wp\/v2\/pages\/6766\/revisions\/7155"}],"wp:attachment":[{"href":"https:\/\/www.chateau-de-paraza.com\/zh-hans\/wp-json\/wp\/v2\/media?parent=6766"}],"curies":[{"name":"wp","href":"https:\/\/api.w.org\/{rel}","templated":true}]}}