{"id":5698,"date":"2021-04-12T15:28:56","date_gmt":"2021-04-12T14:28:56","guid":{"rendered":"https:\/\/www.chateau-de-paraza.com\/?page_id=5698"},"modified":"2023-06-20T18:34:46","modified_gmt":"2023-06-20T17:34:46","slug":"le-canal-du-midi","status":"publish","type":"page","link":"https:\/\/www.chateau-de-paraza.com\/zh-hans\/le-canal-du-midi\/","title":{"rendered":"Le Canal du Midi"},"content":{"rendered":"<div class=\"wpb-content-wrapper\"><p>[vc_row][vc_column][vc_column_text]<\/p>\n<h1>Le Canal Du Midi<\/h1>\n<p>[\/vc_column_text][vc_empty_space height=&#8221;25px&#8221;]<div class=\"hr-thin style-line\" style=\"width: 100%;\"><\/div>[vc_column_text]Le Canal du Midi est l\u2019incroyable projet con\u00e7u par Pierre-Paul Riquet. Au 17\u00e8me si\u00e8cle il se lance dans cette construction et relie l\u2019Atlantique et la mer M\u00e9diterran\u00e9e. Il s\u2019\u00e9tend sur 241 km entre Toulouse et l\u2019\u00e9tang de Thau et le canal lat\u00e9ral de la Garonne le prolonge jusqu\u2019\u00e0 l\u2019oc\u00e9an. Ensemble, ils forment le \u00ab Canal des deux mers \u00bb.[\/vc_column_text][vc_empty_space height=&#8221;10px&#8221;]<div class=\"hr-thin style-line\" style=\"width: 100%;\"><\/div>[vc_empty_space height=&#8221;10px&#8221;][\/vc_column][\/vc_row][vc_row][vc_column][vc_single_image image=&#8221;5700&#8243; img_size=&#8221;large&#8221; alignment=&#8221;center&#8221;][vc_empty_space][\/vc_column][\/vc_row][vc_row][vc_column][vc_column_text]<\/p>\n<h3>Un probl\u00e8me d&#8217;irrigation<\/h3>\n<p>[\/vc_column_text][vc_empty_space height=&#8221;10px&#8221;][vc_column_text]Charlemagne, Fran\u00e7ois 1er ou encore Henry IV tous avaient, en leur temps, eu le m\u00eame projet. <strong>Relier l\u2019Atlantique \u00e0 la M\u00e9diterran\u00e9e<\/strong> et ainsi \u00e9viter le contournement de l\u2019Espagne. En vain. Le principal probl\u00e8me r\u00e9sidait dans l\u2019approvisionnement en eau du canal permettant de cr\u00e9er une voie d\u2019eau p\u00e9renne, utilisable toute l\u2019ann\u00e9e. Les essais de d\u00e9rivations des rivi\u00e8res ne furent jamais concluants.<\/p>\n<p>C\u2019est l\u00e0 tout le g\u00e9nie de <a href=\"https:\/\/www.chateau-de-paraza.com\/pierre-paul-riquet\/\" target=\"_blank\" rel=\"noopener noreferrer\"><strong>Pierre-Paul Riquet<\/strong><\/a>. Grace \u00e0 sa connaissance de l\u2019hydrographie de la montagne noire, il imagine un syst\u00e8me d\u2019irrigation du Canal par d\u00e9rivation des eaux de cette m\u00eame montagne vers le <strong>seuil de Naurouze<\/strong>, point culminant o\u00f9 se s\u00e9parent les eaux s\u2019\u00e9coulant vers l\u2019Atlantique ou vers la M\u00e9diterran\u00e9e.[\/vc_column_text][vc_empty_space height=&#8221;10px&#8221;][vc_empty_space height=&#8221;10px&#8221;][vc_column_text]<\/p>\n<h3>Un canal soutenu par l&#8217;\u00e9tat<\/h3>\n<p>[\/vc_column_text][vc_empty_space height=&#8221;10px&#8221;][vc_column_text]Avec cette id\u00e9e, il conquiert <strong>Colbert<\/strong> et <strong>Louis XIV<\/strong> et r\u00e9ussit \u00e0 obtenir des financements. Ainsi, il r\u00e9alise des \u00e9tudes de faisabilit\u00e9 du projet, qui sera par la suite approuv\u00e9. Le roi y voit aussi des avantages militaires et politiques non n\u00e9gligeables.\u00a0 Apr\u00e8s des ann\u00e9es d\u2019\u00e9tudes, la <strong>construction<\/strong> commence enfin en <strong>1667<\/strong>.<\/p>\n<p>Les moyens techniques mis en \u0153uvre pour le creusement du canal sont exceptionnels pour l&#8217;\u00e9poque. En effet pas moins de <strong>12 000 ouvriers<\/strong>, hommes et femmes, ont particip\u00e9 \u00e0 la r\u00e9alisation du canal. Dans un premier temps, le projet est financ\u00e9 enti\u00e8rement par Riquet lui-m\u00eame puis \u00e0 80% par l\u2019\u00e9tat et les \u00e9tats provinciaux du Languedoc.<\/p>\n<p>Le <strong>co\u00fbt de construction<\/strong> du Canal est estim\u00e9 entre <strong>17 et 18 millions de livres<\/strong> de l\u2019\u00e9poque, ce qui en fait le deuxi\u00e8me plus gros projet de construction en France apr\u00e8s le ch\u00e2teau de Versailles.[\/vc_column_text][vc_empty_space height=&#8221;10px&#8221;][vc_column_text]La construction du Canal s\u2019ach\u00e8ve en <strong>mai 1681<\/strong>, seulement quelques mois apr\u00e8s la mort de Pierre-Paul Riquet. Il est alors nomm\u00e9 <strong>Canal Royal du Languedoc<\/strong> et ne prendra le nom de \u00ab Canal du Midi \u00bb qu\u2019en <strong>1789<\/strong> \u00e0 la r\u00e9volution Fran\u00e7aise.<\/p>\n<p>D\u00e8s sa <strong>mise en service en 1684<\/strong>, le Canal est utilis\u00e9 pour transporter des marchandises, des personnes et du courrier. Les bateaux avancent tir\u00e9s par des chevaux sur les <strong>chemins de halage<\/strong>. Il relance le march\u00e9 du bl\u00e9 et du vin dans le Languedoc et repr\u00e9sente un v\u00e9ritable enjeu \u00e9conomique pour le pays.<\/p>\n<p>En effet, le Canal permet le transport de marchandises par voie fluviale sans devoir contourner la p\u00e9ninsule ib\u00e9rique et ainsi affaiblit le pouvoir du royaume d\u2019Espagne.[\/vc_column_text][vc_empty_space height=&#8221;15px&#8221;][vc_column_text]<\/p>\n<h3>Des prouesses techniques<\/h3>\n<p>[\/vc_column_text][vc_empty_space height=&#8221;10px&#8221;][vc_column_text]Class\u00e9 au patrimoine mondial de l\u2019<a href=\"https:\/\/fr.unesco.org\/\" target=\"_blank\" rel=\"noopener noreferrer\"><strong>UNESCO<\/strong><\/a> depuis <strong>1996<\/strong> le Canal du Midi rassemble \u00e9galement bon nombre de prouesses architecturales. On notera le <strong>pont-canal du R\u00e9pudre<\/strong> pr\u00e8s de Ventenac-en-Minervois. En effet, c&#8217;est le\u00a0<strong>premier pont-canal<\/strong> r\u00e9alis\u00e9 en France et deuxi\u00e8me au monde, il permet au canal de passer au-dessus de la rivi\u00e8re du R\u00e9pudre. On note \u00e9galement le <strong>tunnel du Malepas<\/strong> \u00e0 B\u00e9ziers, <strong>premier tunnel au monde<\/strong> travers\u00e9 par un canal navigable.<\/p>\n<p>Aujourd\u2019hui, le transport de marchandise a laiss\u00e9 petit \u00e0 petit place au tourisme. Ce sont donc quelques 70 000 touristes que le Canal accueille tous les ans d\u00e8s le mois de mars. C\u2019est une <strong>destination agr\u00e9able<\/strong> et paisible pour les vacanciers qui souhaitent l\u2019emprunter \u00e0 pied, en v\u00e9lo, ou en bateau.[\/vc_column_text][vc_empty_space height=&#8221;25px&#8221;]<div class=\"hr-thin style-line\" style=\"width: 100%;\"><\/div>[\/vc_column][\/vc_row][vc_row][vc_column width=&#8221;1\/2&#8243;][vc_btn title=&#8221;D\u00e9couvrir le canal du midi lors de votre passage \u00e0 Paraza&#8221; size=&#8221;xs&#8221; align=&#8221;center&#8221; button_block=&#8221;true&#8221; link=&#8221;url:https%3A%2F%2Fwww.chateau-de-paraza.com%2Factualites%2Fdecouvrir-le-canal-du-midi-lors-de-votre-sejour-au-chateau-de-paraza%2F|title:D%C3%A9couvrir%20le%20Canal%20du%20Midi%20lors%20de%20votre%20s%C3%A9jour%20au%20Ch%C3%A2teau%20de%20Paraza|target:_blank&#8221;][\/vc_column][vc_column width=&#8221;1\/2&#8243;][vc_btn title=&#8221;En savoir plus sur l&#8217;histoire de Pierre-Paul Riquet&#8221; size=&#8221;xs&#8221; align=&#8221;center&#8221; button_block=&#8221;true&#8221; link=&#8221;url:https%3A%2F%2Fwww.chateau-de-paraza.com%2Fpierre-paul-riquet%2F|title:Pierre-Paul%20Riquet&#8221;][\/vc_column][\/vc_row]<\/p>\n<\/div>","protected":false},"excerpt":{"rendered":"<p>[vc_row][vc_column][vc_column_text] Le Canal Du Midi [\/&hellip;<\/p>\n","protected":false},"author":2,"featured_media":0,"parent":0,"menu_order":0,"comment_status":"closed","ping_status":"closed","template":"","meta":[],"yoast_head":"<!-- This site is optimized with the Yoast SEO plugin v21.8.1 - https:\/\/yoast.com\/wordpress\/plugins\/seo\/ -->\n<title>Le Canal du Midi sur les pas de Riquets - Ch\u00e2teau de Paraza<\/title>\n<meta name=\"description\" content=\"Le Canal du Midi est l\u2019incroyable projet con\u00e7u par Pierre-Paul Riquet au 17eme si\u00e8cle pour relier l\u2019Atlantique et la mer m\u00e9diterran\u00e9e.\" \/>\n<meta name=\"robots\" content=\"index, follow, max-snippet:-1, max-image-preview:large, max-video-preview:-1\" \/>\n<link rel=\"canonical\" href=\"https:\/\/www.chateau-de-paraza.com\/le-canal-du-midi\/\" \/>\n<meta property=\"og:locale\" content=\"zh_CN\" \/>\n<meta property=\"og:type\" content=\"article\" \/>\n<meta property=\"og:title\" content=\"Le Canal du Midi sur les pas de Riquets - Ch\u00e2teau de Paraza\" \/>\n<meta property=\"og:description\" content=\"Le Canal du Midi est l\u2019incroyable projet con\u00e7u par Pierre-Paul Riquet au 17eme si\u00e8cle pour relier l\u2019Atlantique et la mer m\u00e9diterran\u00e9e.\" \/>\n<meta property=\"og:url\" content=\"https:\/\/www.chateau-de-paraza.com\/le-canal-du-midi\/\" \/>\n<meta property=\"og:site_name\" content=\"Ch\u00e2teau de Paraza\" \/>\n<meta property=\"article:publisher\" content=\"https:\/\/www.facebook.com\/chateaudeparaza\" \/>\n<meta property=\"article:modified_time\" content=\"2023-06-20T17:34:46+00:00\" \/>\n<meta name=\"twitter:card\" content=\"summary_large_image\" \/>\n<meta name=\"twitter:site\" content=\"@ChateauDeParaza\" \/>\n<meta name=\"twitter:label1\" content=\"\u9884\u8ba1\u9605\u8bfb\u65f6\u95f4\" \/>\n\t<meta name=\"twitter:data1\" content=\"4\u5206\" \/>\n<script type=\"application\/ld+json\" class=\"yoast-schema-graph\">{\"@context\":\"https:\/\/schema.org\",\"@graph\":[{\"@type\":\"WebPage\",\"@id\":\"https:\/\/www.chateau-de-paraza.com\/le-canal-du-midi\/\",\"url\":\"https:\/\/www.chateau-de-paraza.com\/le-canal-du-midi\/\",\"name\":\"Le Canal du Midi sur les pas de Riquets - Ch\u00e2teau de Paraza\",\"isPartOf\":{\"@id\":\"https:\/\/www.chateau-de-paraza.com\/#website\"},\"datePublished\":\"2021-04-12T14:28:56+00:00\",\"dateModified\":\"2023-06-20T17:34:46+00:00\",\"description\":\"Le Canal du Midi est l\u2019incroyable projet con\u00e7u par Pierre-Paul Riquet au 17eme si\u00e8cle pour relier l\u2019Atlantique et la mer m\u00e9diterran\u00e9e.\",\"breadcrumb\":{\"@id\":\"https:\/\/www.chateau-de-paraza.com\/le-canal-du-midi\/#breadcrumb\"},\"inLanguage\":\"zh-CN\",\"potentialAction\":[{\"@type\":\"ReadAction\",\"target\":[\"https:\/\/www.chateau-de-paraza.com\/le-canal-du-midi\/\"]}]},{\"@type\":\"BreadcrumbList\",\"@id\":\"https:\/\/www.chateau-de-paraza.com\/le-canal-du-midi\/#breadcrumb\",\"itemListElement\":[{\"@type\":\"ListItem\",\"position\":1,\"name\":\"Accueil\",\"item\":\"https:\/\/www.chateau-de-paraza.com\/zh-hans\/\"},{\"@type\":\"ListItem\",\"position\":2,\"name\":\"Le Canal du Midi\"}]},{\"@type\":\"WebSite\",\"@id\":\"https:\/\/www.chateau-de-paraza.com\/#website\",\"url\":\"https:\/\/www.chateau-de-paraza.com\/\",\"name\":\"Ch\u00e2teau de Paraza\",\"description\":\"Site web du Ch\u00e2teau de Paraza\",\"potentialAction\":[{\"@type\":\"SearchAction\",\"target\":{\"@type\":\"EntryPoint\",\"urlTemplate\":\"https:\/\/www.chateau-de-paraza.com\/?s={search_term_string}\"},\"query-input\":\"required name=search_term_string\"}],\"inLanguage\":\"zh-CN\"}]}<\/script>\n<!-- \/ Yoast SEO plugin. -->","yoast_head_json":{"title":"Le Canal du Midi sur les pas de Riquets - Ch\u00e2teau de Paraza","description":"Le Canal du Midi est l\u2019incroyable projet con\u00e7u par Pierre-Paul Riquet au 17eme si\u00e8cle pour relier l\u2019Atlantique et la mer m\u00e9diterran\u00e9e.","robots":{"index":"index","follow":"follow","max-snippet":"max-snippet:-1","max-image-preview":"max-image-preview:large","max-video-preview":"max-video-preview:-1"},"canonical":"https:\/\/www.chateau-de-paraza.com\/le-canal-du-midi\/","og_locale":"zh_CN","og_type":"article","og_title":"Le Canal du Midi sur les pas de Riquets - Ch\u00e2teau de Paraza","og_description":"Le Canal du Midi est l\u2019incroyable projet con\u00e7u par Pierre-Paul Riquet au 17eme si\u00e8cle pour relier l\u2019Atlantique et la mer m\u00e9diterran\u00e9e.","og_url":"https:\/\/www.chateau-de-paraza.com\/le-canal-du-midi\/","og_site_name":"Ch\u00e2teau de Paraza","article_publisher":"https:\/\/www.facebook.com\/chateaudeparaza","article_modified_time":"2023-06-20T17:34:46+00:00","twitter_card":"summary_large_image","twitter_site":"@ChateauDeParaza","twitter_misc":{"\u9884\u8ba1\u9605\u8bfb\u65f6\u95f4":"4\u5206"},"schema":{"@context":"https:\/\/schema.org","@graph":[{"@type":"WebPage","@id":"https:\/\/www.chateau-de-paraza.com\/le-canal-du-midi\/","url":"https:\/\/www.chateau-de-paraza.com\/le-canal-du-midi\/","name":"Le Canal du Midi sur les pas de Riquets - Ch\u00e2teau de Paraza","isPartOf":{"@id":"https:\/\/www.chateau-de-paraza.com\/#website"},"datePublished":"2021-04-12T14:28:56+00:00","dateModified":"2023-06-20T17:34:46+00:00","description":"Le Canal du Midi est l\u2019incroyable projet con\u00e7u par Pierre-Paul Riquet au 17eme si\u00e8cle pour relier l\u2019Atlantique et la mer m\u00e9diterran\u00e9e.","breadcrumb":{"@id":"https:\/\/www.chateau-de-paraza.com\/le-canal-du-midi\/#breadcrumb"},"inLanguage":"zh-CN","potentialAction":[{"@type":"ReadAction","target":["https:\/\/www.chateau-de-paraza.com\/le-canal-du-midi\/"]}]},{"@type":"BreadcrumbList","@id":"https:\/\/www.chateau-de-paraza.com\/le-canal-du-midi\/#breadcrumb","itemListElement":[{"@type":"ListItem","position":1,"name":"Accueil","item":"https:\/\/www.chateau-de-paraza.com\/zh-hans\/"},{"@type":"ListItem","position":2,"name":"Le Canal du Midi"}]},{"@type":"WebSite","@id":"https:\/\/www.chateau-de-paraza.com\/#website","url":"https:\/\/www.chateau-de-paraza.com\/","name":"Ch\u00e2teau de Paraza","description":"Site web du Ch\u00e2teau de Paraza","potentialAction":[{"@type":"SearchAction","target":{"@type":"EntryPoint","urlTemplate":"https:\/\/www.chateau-de-paraza.com\/?s={search_term_string}"},"query-input":"required name=search_term_string"}],"inLanguage":"zh-CN"}]}},"_links":{"self":[{"href":"https:\/\/www.chateau-de-paraza.com\/zh-hans\/wp-json\/wp\/v2\/pages\/5698"}],"collection":[{"href":"https:\/\/www.chateau-de-paraza.com\/zh-hans\/wp-json\/wp\/v2\/pages"}],"about":[{"href":"https:\/\/www.chateau-de-paraza.com\/zh-hans\/wp-json\/wp\/v2\/types\/page"}],"author":[{"embeddable":true,"href":"https:\/\/www.chateau-de-paraza.com\/zh-hans\/wp-json\/wp\/v2\/users\/2"}],"replies":[{"embeddable":true,"href":"https:\/\/www.chateau-de-paraza.com\/zh-hans\/wp-json\/wp\/v2\/comments?post=5698"}],"version-history":[{"count":10,"href":"https:\/\/www.chateau-de-paraza.com\/zh-hans\/wp-json\/wp\/v2\/pages\/5698\/revisions"}],"predecessor-version":[{"id":9153,"href":"https:\/\/www.chateau-de-paraza.com\/zh-hans\/wp-json\/wp\/v2\/pages\/5698\/revisions\/9153"}],"wp:attachment":[{"href":"https:\/\/www.chateau-de-paraza.com\/zh-hans\/wp-json\/wp\/v2\/media?parent=5698"}],"curies":[{"name":"wp","href":"https:\/\/api.w.org\/{rel}","templated":true}]}}