{"id":568,"date":"2015-06-30T09:56:39","date_gmt":"2015-06-30T08:56:39","guid":{"rendered":"http:\/\/chateau-de-paraza.com\/?page_id=568"},"modified":"2024-05-15T09:38:48","modified_gmt":"2024-05-15T08:38:48","slug":"%e6%b3%95%e5%be%8b%e8%81%b2%e6%98%8e","status":"publish","type":"page","link":"https:\/\/www.chateau-de-paraza.com\/zh-hans\/%e6%b3%95%e5%be%8b%e8%81%b2%e6%98%8e\/","title":{"rendered":"\u6cd5\u5f8b\u58f0\u660e"},"content":{"rendered":"<div class=\"wpb-content-wrapper\"><p>[vc_row][vc_column][vc_column_text]<\/p>\n<h3 id=\"parent-fieldname-title\" class=\"documentFirstHeading\">GLOSSAIRE :<\/h3>\n<div id=\"content-core\">\n<div id=\"parent-fieldname-text\" class=\"\">\n<p>&#8211; Utilisateur : Internaute se connectant, utilisant le site http:\/\/www.chateau-de-paraza.fr<br \/>\n&#8211; Informations personnelles : \u00ab les informations qui permettent, sous quelque forme que ce soit, directement ou non, l&#8217;identification des personnes physiques auxquelles elles s&#8217;appliquent \u00bb (article 4 de la loi n\u00b0 78-17 du 6 janvier 1978).<\/p>\n<h3>D\u00c9CLARATION :<\/h3>\n<p>En vertu de l&#8217;article 6 de la loi n\u00b0 2004-575 du 21 juin 2004 pour la confiance dans l&#8217;\u00e9conomie num\u00e9rique, il est pr\u00e9cis\u00e9 aux utilisateurs du site http:\/\/www.chateau-de-paraza.fr<br \/>\nL&#8217;identit\u00e9 des diff\u00e9rents intervenants dans le cadre de sa r\u00e9alisation et de son suivi :<br \/>\nLe propri\u00e9taire et\/ou \u00e9diteur est une personne morale.<br \/>\nPropri\u00e9taire et\/ou \u00e9diteur du site : Ch\u00e2teau de Paraza<\/p>\n<h3>STATUT :<\/h3>\n<p>Ch\u00e2teau de Paraza<br \/>\nAdresse : Ch\u00e2teau de Paraza &#8211; 1 rue du Viala<br \/>\n11 200 Paraza<br \/>\nResponsable publication : Lucile Danglas<br \/>\nMail responsable publication : chateaudeparaza@gmail.com<br \/>\nT\u00e9l\u00e9phone: +33 9 64 33 37 43<br \/>\nSIRET: 48971439400017<\/p>\n<p>Editeur : R\u00e9sonance Communication<br \/>\nAdresse \u00e9diteur : 23 rue de Verdun<br \/>\n11 000 Carcassonne<br \/>\nT\u00e9l\u00e9phone : +33 4 68 76 00 31<\/p>\n<p>H\u00e9bergeur : OVH &#8211; RCS : Tourcoing 424 761 419 00011<br \/>\nAdresse h\u00e9bergeur : 140 quai du Sartel , 59100 Roubaix, France<\/p>\n<\/div>\n<p>&nbsp;<\/p>\n<p><b>VENTE DE BOISSONS ALCOOLIQUES<\/b><\/p>\n<p>Conform\u00e9ment \u00e0 l\u2019article L.\u00a03342-1 du Code de la sant\u00e9 publique, la vente de boissons alcooliques \u00e0 des mineurs est interdite. Toutes les offres pr\u00e9sentes sur le Site sont donc r\u00e9serv\u00e9es aux majeurs de dix-huit (18) ans r\u00e9volus, ayant la capacit\u00e9 juridique. Il est en outre rappel\u00e9 que l&#8217;abus d&#8217;alcool est dangereux pour la sant\u00e9 et que l\u2019alcool est \u00e0 consommer avec mod\u00e9ration. Pour des informations adapt\u00e9es \u00e0 la sant\u00e9 de chaque internaute, le Ch\u00e2teau de Paraza\u00a0leur conseille de s&#8217;orienter vers leur m\u00e9decin traitant.<\/p>\n<div id=\"parent-fieldname-text\" class=\"\">\n<h3>INFORMATIONS PERSONNELLES COLLECT\u00c9ES :<\/h3>\n<p>En France, les donn\u00e9es personnelles sont notamment prot\u00e9g\u00e9es par la loi n\u00b0 78-87 du 6 janvier 1978, la loi n\u00b0 2004-801 du 6 ao\u00fbt 2004, l&#8217;article L. 226-13 du Code p\u00e9nal et la Directive Europ\u00e9enne du 24 octobre 1995.<br \/>\nA l&#8217;occasion de l&#8217;utilisation du site http:\/\/www.chateau-de-paraza.fr sont notamment recueillies les donn\u00e9es suivantes :<br \/>\n&#8211; l&#8217;adresse Internet URL des liens par l&#8217;interm\u00e9diaire desquels l&#8217;utilisateur a acc\u00e9d\u00e9 au site http:\/\/www.chateau-de-paraza.fr<br \/>\n&#8211; Le fournisseur d&#8217;acc\u00e8s de l&#8217;utilisateur ;<br \/>\n&#8211; L&#8217;adresse de protocole Internet (IP) de l&#8217;utilisateur.<br \/>\nEn tout \u00e9tat de cause le Ch\u00e2teau de paraza ne collecte des informations personnelles relatives \u00e0 l&#8217;utilisateur (nom, adresse \u00e9lectronique, coordonn\u00e9es t\u00e9l\u00e9phoniques) que pour le besoin des services propos\u00e9s par le site http:\/\/www.chateau-de-paraza.fr. L&#8217;utilisateur fournit ces informations en toute connaissance de cause, notamment lorsqu&#8217;il proc\u00e8de par lui-m\u00eame \u00e0 leur saisie.<br \/>\nIl est alors pr\u00e9cis\u00e9 \u00e0 l&#8217;utilisateur du site http:\/\/www.chateau-de-paraza.fr le caract\u00e8re obligatoire ou non des informations qu&#8217;il serait amen\u00e9 \u00e0 fournir.<\/p>\n<p>L&#8217;UTILISATEUR JUSTIFIANT DE SON IDENTIT\u00c9 DISPOSE DE LA POSSIBILIT\u00c9 DE SOLLICITER AUPR\u00c8S DE CHATEAU DE PARAZA, \u00c0 L&#8217;ADRESSE \u00c9LECTRONIQUE chateaudeparaza@gmail.com :<br \/>\n&#8211; la v\u00e9rification des donn\u00e9es \u00e0 caract\u00e8re personnel le concernant ayant fait l&#8217;objet d&#8217;une collecte par le Ch\u00e2teau de Paraza ou pour son compte ;<br \/>\n&#8211; les informations ayant trait aux finalit\u00e9s de traitement de ces donn\u00e9es ;<br \/>\n&#8211; les informations ayant trait a l&#8217;identit\u00e9 et au rattachement g\u00e9ographique des destinataires de ces donn\u00e9es ;<br \/>\n&#8211; la communication d&#8217;une copie de ces donn\u00e9es d\u00e9livr\u00e9e gratuitement, dans la mesure o\u00f9 une telle demande n&#8217;est pas abusive, notamment par son caract\u00e8re r\u00e9p\u00e9titif et disproportionn\u00e9.<\/p>\n<p>AUCUNE INFORMATION PERSONNELLE DE L&#8217;UTILISATEUR DU SITE HTTP:\/\/www.chateau-de-paraza.fr N&#8217;EST :<br \/>\n&#8211; collect\u00e9e \u00e0 l&#8217;insu de l&#8217;utilisateur ;<br \/>\n&#8211; publi\u00e9e \u00e0 l&#8217;insu de l&#8217;utilisateur ;<br \/>\n&#8211; \u00e9chang\u00e9e, transf\u00e9r\u00e9e, c\u00e9d\u00e9e ou vendue sur un support quelconque \u00e0 des tiers.<br \/>\nSeule l&#8217;hypoth\u00e8se du rachat de Ch\u00e2teau de Paraza et de ses droits permettrait la transmission des dites informations \u00e0 l&#8217;\u00e9ventuel acqu\u00e9reur qui serait \u00e0 son tour tenu de la m\u00eame obligation de conservation et de modification des donn\u00e9es vis \u00e0 vis de l&#8217;utilisateur du site http:\/\/www.chateau-de-paraza.fr.<br \/>\nAu demeurant le Ch\u00e2teau de Paraza est autoris\u00e9(e) \u00e0 effectuer des \u00e9tudes et analyses statistiques sur l&#8217;utilisation et la typologie des utilisateurs du site http:\/\/www.chateau-de-paraza.fr, sous r\u00e9serve de confirmer l&#8217;anonymat de ces derniers.<\/p>\n<p>Rectification des informations nominatives collect\u00e9es<br \/>\nConform\u00e9ment aux dispositions de l&#8217;article 34 de la loi n\u00b0 48-87 du 6 janvier 1978, l&#8217;utilisateur dispose d&#8217;un droit de modification des donn\u00e9es nominatives collect\u00e9es le concernant. Pour ce faire, l&#8217;utilisateur envoie au Ch\u00e2teau de Paraza :<br \/>\n&#8211; un courrier \u00e9lectronique \u00e0 l&#8217;adresse chateaudeparaza@gmail.com ,<br \/>\n&#8211; un courrier \u00e0 l&#8217;adresse Ch\u00e2teau de paraza, 11200 Paraza<br \/>\nen indiquant son nom ou sa raison sociale, ses coordonn\u00e9es physiques et\/ou \u00e9lectroniques, ainsi que le cas \u00e9ch\u00e9ant la r\u00e9f\u00e9rence dont il disposerait en tant que membre du site http:\/\/www.chateau-de-paraza.fr.<br \/>\nLa modification interviendra dans des d\u00e9lais raisonnables \u00e0 compter de la r\u00e9ception de la demande de l&#8217;utilisateur.<\/p>\n<h3>D\u00c9CLARATION CNIL :<\/h3>\n<p>Le site http:\/\/www.chateau-de-paraza.fr collectant des informations personnelles de ses utilisateurs, il a fait l&#8217;objet d&#8217;une d\u00e9claration pr\u00e9alable aupr\u00e8s de la cnil enregistr\u00e9e sous le num\u00e9ro de d\u00e9claration En Cours.<\/p>\n<h3>DROITS D&#8217;AUTEUR :<\/h3>\n<p>La totalit\u00e9 des \u00e9l\u00e9ments du site http:\/\/www.chateau-de-paraza.fr, notamment les textes, pr\u00e9sentations, illustrations, photographies, arborescences et mises en forme sont, sauf documents publics et pr\u00e9cisions compl\u00e9mentaires, la propri\u00e9t\u00e9 intellectuelle exclusive du Ch\u00e2teau de Paraza ou de ses partenaires.<br \/>\nA ce titre, leurs repr\u00e9sentations, reproductions, imbrications, diffusions et rediffusions, partielles ou totales, sont interdites conform\u00e9ment aux dispositions de l&#8217;article L. 122-4 du Code de la propri\u00e9t\u00e9 intellectuelle. Toute personne y proc\u00e9dant sans pouvoir justifier d&#8217;une autorisation pr\u00e9alable et expresse du d\u00e9tenteur de ces droits encourt les peines relatives au d\u00e9lit de contrefa\u00e7on pr\u00e9vues aux articles L. 335-2 et suivants du Code de la propri\u00e9t\u00e9 intellectuelle.<br \/>\nEn outre, les repr\u00e9sentations, reproductions, imbrications, diffusions et rediffusions, partielles ou totales, de la base de donn\u00e9es contenue dans le site http:\/\/www.chateau-de-paraza.fr sont interdites en vertu des dispositions de la loi n\u00b098-536 du 1er juillet 1998 relative \u00e0 la protection juridique des bases de donn\u00e9es.<br \/>\nEn tout \u00e9tat de cause, sur toute copie autoris\u00e9e de tout ou partie du contenu du site, devra figurer la mention \u00ab Copyright 2015 Ch\u00e2teau de paraza tous droits r\u00e9serv\u00e9s \u00bb.<br \/>\nConcepteur multim\u00e9dia et graphisme : Ch\u00e2teau de Paraza &#8211; Cr\u00e9dits : Photos issues des phototh\u00e8ques du Ch\u00e2teau de Paraza<br \/>\nL&#8217;ensemble de ce site rel\u00e8ve des l\u00e9gislations fran\u00e7aise et internationale sur le droit d&#8217;auteur et la propri\u00e9t\u00e9 intellectuelle. Tous les droits de reproduction sont r\u00e9serv\u00e9s, y compris pour les documents iconographiques et photographiques.<\/p>\n<h3>NATURE PUBLICITAIRE DU CONTENU :<\/h3>\n<p>En tout \u00e9tat de cause, Ch\u00e2teau de Paraza informe le cas \u00e9ch\u00e9ant l&#8217;internaute de la nature publicitaire des contenus du site http:\/\/www.chateau-de-paraza.fr<\/p>\n<h3>DATE DE LA DERNI\u00c8RE MISE \u00c0 JOUR :<\/h3>\n<p>La derni\u00e8re mise \u00e0 jour des mentions l\u00e9gales date du 30 06 2015.<\/p>\n<h3>LES PRINCIPALES LOIS CONCERN\u00c9ES :<\/h3>\n<p>&#8211; Loi n\u00b0 78-87 du 6 janvier 1978, notamment modifi\u00e9e par la loi n\u00b0 2004-801 du 6 ao\u00fbt 2004 relative \u00e0 l&#8217;informatique, aux fichiers et aux libert\u00e9s.<br \/>\n&#8211; Loi n\u00b0 2004-575 du 21 juin 2004 pour la confiance dans l&#8217;\u00e9conomie num\u00e9rique.<\/p>\n<p>&#8211; Article L3342-1 Code de la sant\u00e9 publique La vente des boissons alcooliques \u00e0 des mineurs est interdite. L&#8217;offre de ces boissons \u00e0 titre gratuit \u00e0 des mineurs est \u00e9galement interdite dans les d\u00e9bits de boissons et tous commerces ou lieux publics. La personne qui d\u00e9livre la boisson peut exiger du client qu&#8217;il \u00e9tablisse la preuve de sa majorit\u00e9.<\/p>\n<p>&nbsp;<\/p>\n<p><strong>Vous pouvez nous signaler tout contenu inadapt\u00e9 ou ill\u00e9gal \u00e0 l\u2019adresse suivante<\/strong>\u00a0: chateaudeparaza@gmail.com\u00a0ou bien \u00e0 CHATEAU DE PARAZA au 1 rue du Viala, 11200 Paraza.<\/p>\n<\/div>\n<\/div>\n<p>[\/vc_column_text][\/vc_column][\/vc_row]<\/p>\n<\/div>","protected":false},"excerpt":{"rendered":"<p>[vc_row][vc_column][vc_column_text] GLOSSAIRE : &#8211;&hellip;<\/p>\n","protected":false},"author":1,"featured_media":0,"parent":0,"menu_order":0,"comment_status":"closed","ping_status":"closed","template":"","meta":[],"yoast_head":"<!-- This site is optimized with the Yoast SEO plugin v21.8.1 - https:\/\/yoast.com\/wordpress\/plugins\/seo\/ -->\n<title>\u6cd5\u5f8b\u58f0\u660e - Ch\u00e2teau de Paraza<\/title>\n<meta name=\"description\" content=\"GLOSSAIRE : - Utilisateur : Internaute se connectant, utilisant le site http:\/\/www.chateau-de-paraza.fr - Informations personnelles : \u00ab les informations\" \/>\n<meta name=\"robots\" content=\"index, follow, max-snippet:-1, max-image-preview:large, max-video-preview:-1\" \/>\n<link rel=\"canonical\" href=\"https:\/\/www.chateau-de-paraza.com\/zh-hans\/\u6cd5\u5f8b\u8072\u660e\/\" \/>\n<meta property=\"og:locale\" content=\"zh_CN\" \/>\n<meta property=\"og:type\" content=\"article\" \/>\n<meta property=\"og:title\" content=\"\u6cd5\u5f8b\u58f0\u660e - Ch\u00e2teau de Paraza\" \/>\n<meta property=\"og:description\" content=\"GLOSSAIRE : - Utilisateur : Internaute se connectant, utilisant le site http:\/\/www.chateau-de-paraza.fr - Informations personnelles : \u00ab les informations\" \/>\n<meta property=\"og:url\" content=\"https:\/\/www.chateau-de-paraza.com\/zh-hans\/\u6cd5\u5f8b\u8072\u660e\/\" \/>\n<meta property=\"og:site_name\" content=\"Ch\u00e2teau de Paraza\" \/>\n<meta property=\"article:publisher\" content=\"https:\/\/www.facebook.com\/chateaudeparaza\" \/>\n<meta property=\"article:modified_time\" content=\"2024-05-15T08:38:48+00:00\" \/>\n<meta name=\"twitter:card\" content=\"summary_large_image\" \/>\n<meta name=\"twitter:site\" content=\"@ChateauDeParaza\" \/>\n<meta name=\"twitter:label1\" content=\"\u9884\u8ba1\u9605\u8bfb\u65f6\u95f4\" \/>\n\t<meta name=\"twitter:data1\" content=\"1\u5206\" \/>\n<script type=\"application\/ld+json\" class=\"yoast-schema-graph\">{\"@context\":\"https:\/\/schema.org\",\"@graph\":[{\"@type\":\"WebPage\",\"@id\":\"https:\/\/www.chateau-de-paraza.com\/zh-hans\/%e6%b3%95%e5%be%8b%e8%81%b2%e6%98%8e\/\",\"url\":\"https:\/\/www.chateau-de-paraza.com\/zh-hans\/%e6%b3%95%e5%be%8b%e8%81%b2%e6%98%8e\/\",\"name\":\"\u6cd5\u5f8b\u58f0\u660e - Ch\u00e2teau de Paraza\",\"isPartOf\":{\"@id\":\"https:\/\/www.chateau-de-paraza.com\/#website\"},\"datePublished\":\"2015-06-30T08:56:39+00:00\",\"dateModified\":\"2024-05-15T08:38:48+00:00\",\"description\":\"GLOSSAIRE : - Utilisateur : Internaute se connectant, utilisant le site http:\/\/www.chateau-de-paraza.fr - Informations personnelles : \u00ab les informations\",\"breadcrumb\":{\"@id\":\"https:\/\/www.chateau-de-paraza.com\/zh-hans\/%e6%b3%95%e5%be%8b%e8%81%b2%e6%98%8e\/#breadcrumb\"},\"inLanguage\":\"zh-CN\",\"potentialAction\":[{\"@type\":\"ReadAction\",\"target\":[\"https:\/\/www.chateau-de-paraza.com\/zh-hans\/%e6%b3%95%e5%be%8b%e8%81%b2%e6%98%8e\/\"]}]},{\"@type\":\"BreadcrumbList\",\"@id\":\"https:\/\/www.chateau-de-paraza.com\/zh-hans\/%e6%b3%95%e5%be%8b%e8%81%b2%e6%98%8e\/#breadcrumb\",\"itemListElement\":[{\"@type\":\"ListItem\",\"position\":1,\"name\":\"Accueil\",\"item\":\"https:\/\/www.chateau-de-paraza.com\/zh-hans\/\"},{\"@type\":\"ListItem\",\"position\":2,\"name\":\"\u6cd5\u5f8b\u58f0\u660e\"}]},{\"@type\":\"WebSite\",\"@id\":\"https:\/\/www.chateau-de-paraza.com\/#website\",\"url\":\"https:\/\/www.chateau-de-paraza.com\/\",\"name\":\"Ch\u00e2teau de Paraza\",\"description\":\"Site web du Ch\u00e2teau de Paraza\",\"potentialAction\":[{\"@type\":\"SearchAction\",\"target\":{\"@type\":\"EntryPoint\",\"urlTemplate\":\"https:\/\/www.chateau-de-paraza.com\/?s={search_term_string}\"},\"query-input\":\"required name=search_term_string\"}],\"inLanguage\":\"zh-CN\"}]}<\/script>\n<!-- \/ Yoast SEO plugin. -->","yoast_head_json":{"title":"\u6cd5\u5f8b\u58f0\u660e - Ch\u00e2teau de Paraza","description":"GLOSSAIRE : - Utilisateur : Internaute se connectant, utilisant le site http:\/\/www.chateau-de-paraza.fr - Informations personnelles : \u00ab les informations","robots":{"index":"index","follow":"follow","max-snippet":"max-snippet:-1","max-image-preview":"max-image-preview:large","max-video-preview":"max-video-preview:-1"},"canonical":"https:\/\/www.chateau-de-paraza.com\/zh-hans\/\u6cd5\u5f8b\u8072\u660e\/","og_locale":"zh_CN","og_type":"article","og_title":"\u6cd5\u5f8b\u58f0\u660e - Ch\u00e2teau de Paraza","og_description":"GLOSSAIRE : - Utilisateur : Internaute se connectant, utilisant le site http:\/\/www.chateau-de-paraza.fr - Informations personnelles : \u00ab les informations","og_url":"https:\/\/www.chateau-de-paraza.com\/zh-hans\/\u6cd5\u5f8b\u8072\u660e\/","og_site_name":"Ch\u00e2teau de Paraza","article_publisher":"https:\/\/www.facebook.com\/chateaudeparaza","article_modified_time":"2024-05-15T08:38:48+00:00","twitter_card":"summary_large_image","twitter_site":"@ChateauDeParaza","twitter_misc":{"\u9884\u8ba1\u9605\u8bfb\u65f6\u95f4":"1\u5206"},"schema":{"@context":"https:\/\/schema.org","@graph":[{"@type":"WebPage","@id":"https:\/\/www.chateau-de-paraza.com\/zh-hans\/%e6%b3%95%e5%be%8b%e8%81%b2%e6%98%8e\/","url":"https:\/\/www.chateau-de-paraza.com\/zh-hans\/%e6%b3%95%e5%be%8b%e8%81%b2%e6%98%8e\/","name":"\u6cd5\u5f8b\u58f0\u660e - Ch\u00e2teau de Paraza","isPartOf":{"@id":"https:\/\/www.chateau-de-paraza.com\/#website"},"datePublished":"2015-06-30T08:56:39+00:00","dateModified":"2024-05-15T08:38:48+00:00","description":"GLOSSAIRE : - Utilisateur : Internaute se connectant, utilisant le site http:\/\/www.chateau-de-paraza.fr - Informations personnelles : \u00ab les informations","breadcrumb":{"@id":"https:\/\/www.chateau-de-paraza.com\/zh-hans\/%e6%b3%95%e5%be%8b%e8%81%b2%e6%98%8e\/#breadcrumb"},"inLanguage":"zh-CN","potentialAction":[{"@type":"ReadAction","target":["https:\/\/www.chateau-de-paraza.com\/zh-hans\/%e6%b3%95%e5%be%8b%e8%81%b2%e6%98%8e\/"]}]},{"@type":"BreadcrumbList","@id":"https:\/\/www.chateau-de-paraza.com\/zh-hans\/%e6%b3%95%e5%be%8b%e8%81%b2%e6%98%8e\/#breadcrumb","itemListElement":[{"@type":"ListItem","position":1,"name":"Accueil","item":"https:\/\/www.chateau-de-paraza.com\/zh-hans\/"},{"@type":"ListItem","position":2,"name":"\u6cd5\u5f8b\u58f0\u660e"}]},{"@type":"WebSite","@id":"https:\/\/www.chateau-de-paraza.com\/#website","url":"https:\/\/www.chateau-de-paraza.com\/","name":"Ch\u00e2teau de Paraza","description":"Site web du Ch\u00e2teau de Paraza","potentialAction":[{"@type":"SearchAction","target":{"@type":"EntryPoint","urlTemplate":"https:\/\/www.chateau-de-paraza.com\/?s={search_term_string}"},"query-input":"required name=search_term_string"}],"inLanguage":"zh-CN"}]}},"_links":{"self":[{"href":"https:\/\/www.chateau-de-paraza.com\/zh-hans\/wp-json\/wp\/v2\/pages\/568"}],"collection":[{"href":"https:\/\/www.chateau-de-paraza.com\/zh-hans\/wp-json\/wp\/v2\/pages"}],"about":[{"href":"https:\/\/www.chateau-de-paraza.com\/zh-hans\/wp-json\/wp\/v2\/types\/page"}],"author":[{"embeddable":true,"href":"https:\/\/www.chateau-de-paraza.com\/zh-hans\/wp-json\/wp\/v2\/users\/1"}],"replies":[{"embeddable":true,"href":"https:\/\/www.chateau-de-paraza.com\/zh-hans\/wp-json\/wp\/v2\/comments?post=568"}],"version-history":[{"count":2,"href":"https:\/\/www.chateau-de-paraza.com\/zh-hans\/wp-json\/wp\/v2\/pages\/568\/revisions"}],"predecessor-version":[{"id":10429,"href":"https:\/\/www.chateau-de-paraza.com\/zh-hans\/wp-json\/wp\/v2\/pages\/568\/revisions\/10429"}],"wp:attachment":[{"href":"https:\/\/www.chateau-de-paraza.com\/zh-hans\/wp-json\/wp\/v2\/media?parent=568"}],"curies":[{"name":"wp","href":"https:\/\/api.w.org\/{rel}","templated":true}]}}