{"id":5598,"date":"2021-04-01T13:41:43","date_gmt":"2021-04-01T12:41:43","guid":{"rendered":"https:\/\/www.chateau-de-paraza.com\/?page_id=5598"},"modified":"2026-01-06T12:50:52","modified_gmt":"2026-01-06T11:50:52","slug":"accord-parfait-vins-et-fromages","status":"publish","type":"page","link":"https:\/\/www.chateau-de-paraza.com\/zh-hans\/accord-parfait-vins-et-fromages\/","title":{"rendered":"L&#8217;accord parfait vins &#038; fromages"},"content":{"rendered":"<div class=\"wpb-content-wrapper\"><p>[vc_row][vc_column][vc_column_text]<\/p>\n<h2>L\u2019accord parfait<\/h2>\n<h2>D\u00e9gustation vins et fromages<\/h2>\n<p>[\/vc_column_text][vc_empty_space height=&#8221;40px&#8221;][\/vc_column][\/vc_row][vc_row][vc_column][vc_single_image image=&#8221;5593&#8243; img_size=&#8221;large&#8221; alignment=&#8221;center&#8221;][vc_empty_space height=&#8221;40px&#8221;][\/vc_column][\/vc_row][vc_row][vc_column width=&#8221;2\/3&#8243; css=&#8221;.vc_custom_1617269672605{border-radius: 1px !important;}&#8221;][vc_column_text]Plus qu\u2019une simple d\u00e9gustation, cet accord parfait entre vins et fromages emm\u00e8ne vos papilles en voyage au c\u0153ur du <a href=\"https:\/\/fr.wikipedia.org\/wiki\/Languedoc\" target=\"_blank\" rel=\"noopener noreferrer\">Languedoc<\/a>.<\/p>\n<p>Vin blanc ou vin rouge ? Le choix est souvent compliqu\u00e9 \u00e0 faire et le sujet partage tous les amateurs sans exception. C&#8217;est pourquoi nous vous invitons \u00e0 d\u00e9couvrir notre atelier afin de mieux comprendre comment accorder ces deux produits tant appr\u00e9ci\u00e9s.<\/p>\n<p>Profitez de 4 vins du ch\u00e2teau et de 4 fromages locaux provenant des meilleurs fromagers de la r\u00e9gion et exp\u00e9rimentez cette d\u00e9licieuse eurythmie. Suivez notre guide et comprenez comment former les meilleures combinaisons de vins et fromages.<\/p>\n<p>Cette activit\u00e9 n&#8217;est donc pas seulement une d\u00e9gustation mais plus pr\u00e9cis\u00e9ment un atelier. En effet, vous d\u00e9couvrirez non seulement des producteurs de la r\u00e9gion et des produits du terroir pour le plus grand plaisir de vos papilles mais vous apprendrez \u00e9galement \u00e0 former vous m\u00eame vos propres accords. Ainsi, la question de quel vin accorder avec le fromage lors de votre projet diner ne se posera plus. Que vous aimiez les vins blancs ou les vins rouges, les fromages \u00e0 p\u00e2tes dures ou \u00e0 p\u00e2tes molles, \u00e9volu\u00e9s ou non, vous trouverez forc\u00e9ment votre bonheur et ce qui vous convient. Votre seul probl\u00e8me maintenant sera de continuer \u00e0 cuisiner et de ne pas directement passer aux fromages lors de vos repas.<\/p>\n<p>Cette exp\u00e9rience se d\u00e9roule en totale autonomie pour une d\u00e9couverte \u00e0 son rythme, seul ou entre amis.<\/p>\n<p>C\u2019est le choix \u00e9picurien par excellence pour les amateurs novices comme confirm\u00e9s !<\/p>\n<p>[\/vc_column_text][\/vc_column][vc_column width=&#8221;1\/3&#8243; css=&#8221;.vc_custom_1617269739734{border-left-width: 1px !important;border-left-color: #e5e5e5 !important;border-left-style: solid !important;border-radius: 1px !important;}&#8221;][vc_column_text]<strong>Prix <\/strong>: 18\u20ac<\/p>\n<p><b>Nombre de vins d\u00e9gust\u00e9s <\/b>: 4<\/p>\n<p><strong>Nombre de fromages d\u00e9gust\u00e9s<\/strong> : 4[\/vc_column_text][vc_empty_space][vc_btn title=&#8221;Contact&#8221; size=&#8221;xs&#8221; link=&#8221;url:https%3A%2F%2Fwww.chateau-de-paraza.com%2Fcontact-chateau-de-paraza%2F|title:Contact|target:_blank&#8221;][\/vc_column][\/vc_row][vc_row][vc_column][vc_empty_space height=&#8221;100px&#8221;][\/vc_column][\/vc_row][vc_row][vc_column][vc_btn title=&#8221;Retour aux exp\u00e9riences&#8221; size=&#8221;xs&#8221; align=&#8221;center&#8221; button_block=&#8221;true&#8221; link=&#8221;url:https%3A%2F%2Fwww.chateau-de-paraza.com%2Fexperiences-degustation-visite-oenotourisme%2F|title:exp%C3%A9rience&#8221;][\/vc_column][\/vc_row]<\/p>\n<\/div>","protected":false},"excerpt":{"rendered":"<p>[vc_row][vc_column][vc_column_text] L\u2019accord parfait D\u00e9&hellip;<\/p>\n","protected":false},"author":2,"featured_media":0,"parent":0,"menu_order":0,"comment_status":"closed","ping_status":"closed","template":"","meta":[],"yoast_head":"<!-- This site is optimized with the Yoast SEO plugin v21.8.1 - https:\/\/yoast.com\/wordpress\/plugins\/seo\/ -->\n<title>L&#039;accord parfait vins &amp; fromages - Ch\u00e2teau de Paraza<\/title>\n<meta name=\"description\" content=\"Le Ch\u00e2teau de Paraza vous attend afin de vous faire voyager au coeur du Languedoc et d\u00e9couvrir l&#039;accord parfait, vin et fromage\" \/>\n<meta name=\"robots\" content=\"index, follow, max-snippet:-1, max-image-preview:large, max-video-preview:-1\" \/>\n<link rel=\"canonical\" href=\"https:\/\/www.chateau-de-paraza.com\/accord-parfait-vins-et-fromages\/\" \/>\n<meta property=\"og:locale\" content=\"zh_CN\" \/>\n<meta property=\"og:type\" content=\"article\" \/>\n<meta property=\"og:title\" content=\"L&#039;accord parfait vins &amp; fromages - Ch\u00e2teau de Paraza\" \/>\n<meta property=\"og:description\" content=\"Le Ch\u00e2teau de Paraza vous attend afin de vous faire voyager au coeur du Languedoc et d\u00e9couvrir l&#039;accord parfait, vin et fromage\" \/>\n<meta property=\"og:url\" content=\"https:\/\/www.chateau-de-paraza.com\/accord-parfait-vins-et-fromages\/\" \/>\n<meta property=\"og:site_name\" content=\"Ch\u00e2teau de Paraza\" \/>\n<meta property=\"article:publisher\" content=\"https:\/\/www.facebook.com\/chateaudeparaza\" \/>\n<meta property=\"article:modified_time\" content=\"2026-01-06T11:50:52+00:00\" \/>\n<meta name=\"twitter:card\" content=\"summary_large_image\" \/>\n<meta name=\"twitter:site\" content=\"@ChateauDeParaza\" \/>\n<meta name=\"twitter:label1\" content=\"\u9884\u8ba1\u9605\u8bfb\u65f6\u95f4\" \/>\n\t<meta name=\"twitter:data1\" content=\"2\u5206\" \/>\n<script type=\"application\/ld+json\" class=\"yoast-schema-graph\">{\"@context\":\"https:\/\/schema.org\",\"@graph\":[{\"@type\":\"WebPage\",\"@id\":\"https:\/\/www.chateau-de-paraza.com\/accord-parfait-vins-et-fromages\/\",\"url\":\"https:\/\/www.chateau-de-paraza.com\/accord-parfait-vins-et-fromages\/\",\"name\":\"L'accord parfait vins & fromages - Ch\u00e2teau de Paraza\",\"isPartOf\":{\"@id\":\"https:\/\/www.chateau-de-paraza.com\/#website\"},\"datePublished\":\"2021-04-01T12:41:43+00:00\",\"dateModified\":\"2026-01-06T11:50:52+00:00\",\"description\":\"Le Ch\u00e2teau de Paraza vous attend afin de vous faire voyager au coeur du Languedoc et d\u00e9couvrir l'accord parfait, vin et fromage\",\"breadcrumb\":{\"@id\":\"https:\/\/www.chateau-de-paraza.com\/accord-parfait-vins-et-fromages\/#breadcrumb\"},\"inLanguage\":\"zh-CN\",\"potentialAction\":[{\"@type\":\"ReadAction\",\"target\":[\"https:\/\/www.chateau-de-paraza.com\/accord-parfait-vins-et-fromages\/\"]}]},{\"@type\":\"BreadcrumbList\",\"@id\":\"https:\/\/www.chateau-de-paraza.com\/accord-parfait-vins-et-fromages\/#breadcrumb\",\"itemListElement\":[{\"@type\":\"ListItem\",\"position\":1,\"name\":\"Accueil\",\"item\":\"https:\/\/www.chateau-de-paraza.com\/zh-hans\/\"},{\"@type\":\"ListItem\",\"position\":2,\"name\":\"L&rsquo;accord parfait vins &#038; fromages\"}]},{\"@type\":\"WebSite\",\"@id\":\"https:\/\/www.chateau-de-paraza.com\/#website\",\"url\":\"https:\/\/www.chateau-de-paraza.com\/\",\"name\":\"Ch\u00e2teau de Paraza\",\"description\":\"Site web du Ch\u00e2teau de Paraza\",\"potentialAction\":[{\"@type\":\"SearchAction\",\"target\":{\"@type\":\"EntryPoint\",\"urlTemplate\":\"https:\/\/www.chateau-de-paraza.com\/?s={search_term_string}\"},\"query-input\":\"required name=search_term_string\"}],\"inLanguage\":\"zh-CN\"}]}<\/script>\n<!-- \/ Yoast SEO plugin. -->","yoast_head_json":{"title":"L'accord parfait vins & fromages - Ch\u00e2teau de Paraza","description":"Le Ch\u00e2teau de Paraza vous attend afin de vous faire voyager au coeur du Languedoc et d\u00e9couvrir l'accord parfait, vin et fromage","robots":{"index":"index","follow":"follow","max-snippet":"max-snippet:-1","max-image-preview":"max-image-preview:large","max-video-preview":"max-video-preview:-1"},"canonical":"https:\/\/www.chateau-de-paraza.com\/accord-parfait-vins-et-fromages\/","og_locale":"zh_CN","og_type":"article","og_title":"L'accord parfait vins & fromages - Ch\u00e2teau de Paraza","og_description":"Le Ch\u00e2teau de Paraza vous attend afin de vous faire voyager au coeur du Languedoc et d\u00e9couvrir l'accord parfait, vin et fromage","og_url":"https:\/\/www.chateau-de-paraza.com\/accord-parfait-vins-et-fromages\/","og_site_name":"Ch\u00e2teau de Paraza","article_publisher":"https:\/\/www.facebook.com\/chateaudeparaza","article_modified_time":"2026-01-06T11:50:52+00:00","twitter_card":"summary_large_image","twitter_site":"@ChateauDeParaza","twitter_misc":{"\u9884\u8ba1\u9605\u8bfb\u65f6\u95f4":"2\u5206"},"schema":{"@context":"https:\/\/schema.org","@graph":[{"@type":"WebPage","@id":"https:\/\/www.chateau-de-paraza.com\/accord-parfait-vins-et-fromages\/","url":"https:\/\/www.chateau-de-paraza.com\/accord-parfait-vins-et-fromages\/","name":"L'accord parfait vins & fromages - Ch\u00e2teau de Paraza","isPartOf":{"@id":"https:\/\/www.chateau-de-paraza.com\/#website"},"datePublished":"2021-04-01T12:41:43+00:00","dateModified":"2026-01-06T11:50:52+00:00","description":"Le Ch\u00e2teau de Paraza vous attend afin de vous faire voyager au coeur du Languedoc et d\u00e9couvrir l'accord parfait, vin et fromage","breadcrumb":{"@id":"https:\/\/www.chateau-de-paraza.com\/accord-parfait-vins-et-fromages\/#breadcrumb"},"inLanguage":"zh-CN","potentialAction":[{"@type":"ReadAction","target":["https:\/\/www.chateau-de-paraza.com\/accord-parfait-vins-et-fromages\/"]}]},{"@type":"BreadcrumbList","@id":"https:\/\/www.chateau-de-paraza.com\/accord-parfait-vins-et-fromages\/#breadcrumb","itemListElement":[{"@type":"ListItem","position":1,"name":"Accueil","item":"https:\/\/www.chateau-de-paraza.com\/zh-hans\/"},{"@type":"ListItem","position":2,"name":"L&rsquo;accord parfait vins &#038; fromages"}]},{"@type":"WebSite","@id":"https:\/\/www.chateau-de-paraza.com\/#website","url":"https:\/\/www.chateau-de-paraza.com\/","name":"Ch\u00e2teau de Paraza","description":"Site web du Ch\u00e2teau de Paraza","potentialAction":[{"@type":"SearchAction","target":{"@type":"EntryPoint","urlTemplate":"https:\/\/www.chateau-de-paraza.com\/?s={search_term_string}"},"query-input":"required name=search_term_string"}],"inLanguage":"zh-CN"}]}},"_links":{"self":[{"href":"https:\/\/www.chateau-de-paraza.com\/zh-hans\/wp-json\/wp\/v2\/pages\/5598"}],"collection":[{"href":"https:\/\/www.chateau-de-paraza.com\/zh-hans\/wp-json\/wp\/v2\/pages"}],"about":[{"href":"https:\/\/www.chateau-de-paraza.com\/zh-hans\/wp-json\/wp\/v2\/types\/page"}],"author":[{"embeddable":true,"href":"https:\/\/www.chateau-de-paraza.com\/zh-hans\/wp-json\/wp\/v2\/users\/2"}],"replies":[{"embeddable":true,"href":"https:\/\/www.chateau-de-paraza.com\/zh-hans\/wp-json\/wp\/v2\/comments?post=5598"}],"version-history":[{"count":10,"href":"https:\/\/www.chateau-de-paraza.com\/zh-hans\/wp-json\/wp\/v2\/pages\/5598\/revisions"}],"predecessor-version":[{"id":13080,"href":"https:\/\/www.chateau-de-paraza.com\/zh-hans\/wp-json\/wp\/v2\/pages\/5598\/revisions\/13080"}],"wp:attachment":[{"href":"https:\/\/www.chateau-de-paraza.com\/zh-hans\/wp-json\/wp\/v2\/media?parent=5598"}],"curies":[{"name":"wp","href":"https:\/\/api.w.org\/{rel}","templated":true}]}}