{"id":5584,"date":"2021-04-01T10:52:09","date_gmt":"2021-04-01T09:52:09","guid":{"rendered":"https:\/\/www.chateau-de-paraza.com\/?page_id=5584"},"modified":"2026-02-23T10:24:40","modified_gmt":"2026-02-23T09:24:40","slug":"visite-guidee-domaine-viticole-minervois","status":"publish","type":"page","link":"https:\/\/www.chateau-de-paraza.com\/zh-hans\/experiences-activites-degustation-visite-oenotourisme\/visite-guidee-domaine-viticole-minervois\/","title":{"rendered":"Visite guid\u00e9e"},"content":{"rendered":"<div class=\"wpb-content-wrapper\"><p>[vc_row][vc_column][vc_column_text]<\/p>\r\n<h1>Visite guid\u00e9e du ch\u00e2teau, la cave et le chai \u00e0 barrique.<\/h1>\r\n<p>[\/vc_column_text][vc_empty_space height=&#8221;40px&#8221;][\/vc_column][\/vc_row][vc_row][vc_column][vc_empty_space height=&#8221;40px&#8221;][vc_column_text]<\/p>\r\n<h2 style=\"text-align: center;\">Une visite entre histoire du ch\u00e2teau et savoir-faire du vin<\/h2>\r\n<p>[\/vc_column_text][vc_empty_space][\/vc_column][\/vc_row][vc_row][vc_column width=&#8221;1\/2&#8243;][vc_empty_space][vc_single_image image=&#8221;382&#8243; img_size=&#8221;medium&#8221; alignment=&#8221;center&#8221;][\/vc_column][vc_column width=&#8221;1\/2&#8243;][vc_empty_space][vc_column_text]<\/p>\r\n<p>Situ\u00e9 au c\u0153ur du Languedoc Roussillon, \u00e0 Paraza, petit village d&#8217;environ 600 habitants qui borde le Canal du Midi, dans le d\u00e9partement de l\u2019Aude, le Ch\u00e2teau de Paraza s\u2019inscrit parmi les vignobles incontournables du Minervois. D\u00e9couvrez le plus en d\u00e9tail \u00e0 travers notre visite guid\u00e9e qui vous permettra \u00e9galement de d\u00e9couvrir nos vins.<\/p>\r\n<p>Au programme\u00a0: une d\u00e9couverte de l\u2019histoire de ce ch\u00e2teau datant du 17\u00e8me si\u00e8cle et du <a href=\"https:\/\/www.canal-du-midi.com\/\" target=\"_blank\" rel=\"noopener noreferrer\">Canal du Midi<\/a>, construction mythique r\u00e9alis\u00e9e par <a href=\"https:\/\/www.chateau-de-paraza.com\/es\/pierre-paul-riquet\/\" target=\"_blank\" rel=\"noopener noreferrer\">Pierre Paul Riquet<\/a>.<\/p>\r\n<p>[\/vc_column_text][\/vc_column][\/vc_row][vc_row][vc_column css=&#8221;.vc_custom_1617269672605{border-radius: 1px !important;}&#8221;][vc_empty_space height=&#8221;40px&#8221;][vc_column_text]<\/p>\r\n<h2 style=\"text-align: center;\">Les \u00e9tapes de fabrication du vin (simple et passionnant)<\/h2>\r\n<p>[\/vc_column_text][vc_empty_space][vc_column_text]<\/p>\r\n<p>Partez pour une courte visite guid\u00e9e autour du ch\u00e2teau, dans le parc et dans la cave du vigneron (qui comprend notre chai \u00e0 barriques) en compagnie de notre \u00e9quipe.<\/p>\r\n<p>Une exp\u00e9rience compl\u00e8te pour d\u00e9couvrir l\u2019ensemble du domaine en moins d\u2019une heure ! Une belle opportunit\u00e9 de d\u00e9couvrir ou red\u00e9couvrir notre vignoble ainsi que ce qu&#8217;on y produit. Vous allierez ainsi histoire, g\u00e9ographie et une partie plus \u0153nologique o\u00f9 vous irez plus en profondeur et en apprendrez plus sur notre terroir, nos c\u00e9pages et les m\u00e9thodes de vinification que nous utilisons pour r\u00e9aliser nos diff\u00e9rentes cuv\u00e9es. Et si vous en voulez plus, n\u2019h\u00e9sitez pas \u00e0 prolonger le plaisir avec d&#8217;autres exp\u00e9riences que nous proposons !<\/p>\r\n<p>[\/vc_column_text][\/vc_column][\/vc_row][vc_row][vc_column][vc_empty_space][vc_zigzag][vc_empty_space][\/vc_column][\/vc_row][vc_row][vc_column width=&#8221;1\/3&#8243;][vc_hoverbox image=&#8221;5615&#8243; primary_title=&#8221;&#8221; hover_title=&#8221;7\u20ac \/ pers&#8221; hover_title_google_fonts=&#8221;font_family:Cinzel%3Aregular%2C700%2C900|font_style:400%20regular%3A400%3Anormal&#8221; shape=&#8221;square&#8221; use_custom_fonts_hover_title=&#8221;true&#8221;]<\/p>\r\n<ul>\r\n<li style=\"text-align: left;\">4 vins.<\/li>\r\n<li style=\"text-align: left;\">Environ 20 minutes.<\/li>\r\n<li style=\"text-align: left;\">C\u00e9pages embl\u00e9matiques de la r\u00e9gion.<\/li>\r\n<\/ul>\r\n<p>[\/vc_hoverbox][vc_empty_space height=&#8221;5px&#8221;][vc_column_text]<\/p>\r\n<h3>Visite + d\u00e9gustation classique<\/h3>\r\n<p>[\/vc_column_text][\/vc_column][vc_column width=&#8221;1\/3&#8243;][vc_hoverbox image=&#8221;3526&#8243; primary_title=&#8221;&#8221; hover_title=&#8221;15\u20ac \/ pers&#8221; hover_title_google_fonts=&#8221;font_family:Cinzel%3Aregular%2C700%2C900|font_style:400%20regular%3A400%3Anormal&#8221; shape=&#8221;square&#8221; use_custom_fonts_hover_title=&#8221;true&#8221;]<\/p>\r\n<ul>\r\n<li style=\"text-align: left;\">6 vins.<\/li>\r\n<li style=\"text-align: left;\">Environ 40minutes.<\/li>\r\n<li style=\"text-align: left;\">\u00c9levage en f\u00fbt de ch\u00eane Am\u00e9ricain ou Fran\u00e7ais.<\/li>\r\n<\/ul>\r\n<p>[\/vc_hoverbox][vc_empty_space height=&#8221;5px&#8221;][vc_column_text]<\/p>\r\n<h3>Visite + d\u00e9gustation premium<\/h3>\r\n<p>[\/vc_column_text][\/vc_column][vc_column width=&#8221;1\/3&#8243;][vc_hoverbox image=&#8221;5252&#8243; primary_title=&#8221;&#8221; hover_title=&#8221;20\u20ac \/ pers&#8221; hover_title_google_fonts=&#8221;font_family:Cinzel%3Aregular%2C700%2C900|font_style:400%20regular%3A400%3Anormal&#8221; shape=&#8221;square&#8221; use_custom_fonts_hover_title=&#8221;true&#8221;]<\/p>\r\n<ul>\r\n<li style=\"text-align: left;\">13 vins.<\/li>\r\n<li style=\"text-align: left;\">Environ 1heure.<\/li>\r\n<li style=\"text-align: left;\">D\u00e9gustez l&#8217;ensemble de nos cuv\u00e9es.<\/li>\r\n<\/ul>\r\n<p>[\/vc_hoverbox][vc_empty_space height=&#8221;5px&#8221;][vc_column_text]<\/p>\r\n<h3>Visite + d\u00e9gustation int\u00e9grale<\/h3>\r\n<p>[\/vc_column_text][\/vc_column][\/vc_row][vc_row][vc_column][vc_empty_space][vc_zigzag][vc_empty_space][vc_column_text]<\/p>\r\n<h2 style=\"text-align: center;\">Horaires Visites<\/h2>\r\n<p>[\/vc_column_text][vc_empty_space][vc_column_text]<\/p>\r\n<h2 style=\"text-align: center;\">Hors week-end, sous r\u00e9serve de disponibilit\u00e9.<\/h2>\r\n<p>&nbsp;<\/p>\r\n<h4 class=\"wp-block-heading\" style=\"text-align: center;\"><strong>\u00c9t\u00e9: du 1er mai au 31 ao\u00fbt<\/strong>\u00a0:<\/h4>\r\n<!-- \/wp:heading -->\r\n<p style=\"text-align: center;\"><!-- wp:paragraph -->Du lundi au vendredi : 10h \u2013 18h<\/p>\r\n<p><!-- wp:heading {\"level\":4} -->\u00a0<\/p>\r\n<p><!-- wp:heading {\"level\":4} -->[\/vc_column_text][vc_empty_space][vc_zigzag][vc_empty_space][vc_column_text]<\/p>\r\n<h2 style=\"text-align: center;\">Langues Visites<\/h2>\r\n<p>[\/vc_column_text][vc_column_text]<\/p>\r\n<p style=\"text-align: center;\">Anglais\/Fran\u00e7ais<\/p>\r\n<p>[\/vc_column_text][\/vc_column][\/vc_row][vc_row][vc_column][vc_empty_space][vc_btn title=&#8221;R\u00e9servation Conseill\u00e9e&#8221; color=&#8221;chino&#8221; align=&#8221;center&#8221; button_block=&#8221;true&#8221; link=&#8221;url:https%3A%2F%2Fwww.chateau-de-paraza.com%2Fcontact-chateau-de-paraza%2F|title:Contact|target:_blank&#8221;][vc_empty_space][vc_zigzag][vc_empty_space][vc_column_text]<\/p>\r\n<h2>Vous souhaitez compl\u00e9ter votre exp\u00e9rience :<\/h2>\r\n<p>[\/vc_column_text][vc_empty_space][\/vc_column][\/vc_row][vc_row][vc_column width=&#8221;1\/2&#8243;][vc_hoverbox image=&#8221;12620&#8243; primary_title=&#8221;&#8221; hover_title=&#8221;Sur devis&#8221; hover_title_google_fonts=&#8221;font_family:Cinzel%3Aregular%2C700%2C900|font_style:400%20regular%3A400%3Anormal&#8221; shape=&#8221;square&#8221; use_custom_fonts_hover_title=&#8221;true&#8221;]<\/p>\r\n<p style=\"text-align: center;\">Plongez dans l\u2019histoire et le raffinement sign\u00e9 par un chef \u00e0 travers une exp\u00e9rience unique et confidentielle accompagn\u00e9 des vins du domaine.<\/p>\r\n<p>[\/vc_hoverbox][vc_empty_space height=&#8221;5px&#8221;][vc_column_text]<\/p>\r\n<h2>D\u00eener priv\u00e9<\/h2>\r\n<p>[\/vc_column_text][vc_column_text]<a href=\"https:\/\/www.chateau-de-paraza.com\/experiences-activites-degustation-visite-oenotourisme\/experience-degustation-prestige-chateau-de-paraza\/\" target=\"_blank\" rel=\"noopener\">En savoir plus<\/a>[\/vc_column_text][\/vc_column][vc_column width=&#8221;1\/2&#8243;][vc_hoverbox image=&#8221;13043&#8243; primary_title=&#8221;&#8221; hover_title=&#8221;Sur devis&#8221; hover_title_google_fonts=&#8221;font_family:Cinzel%3Aregular%2C700%2C900|font_style:400%20regular%3A400%3Anormal&#8221; shape=&#8221;square&#8221; use_custom_fonts_hover_title=&#8221;true&#8221;]<\/p>\r\n<p style=\"text-align: center;\">Offrez-vous un lieu d\u2019exception en privatisant le Ch\u00e2teau de Paraza pour vos \u00e9v\u00e9nements (f\u00eates de familles, anniversaire, nouvel an&#8230;)<\/p>\r\n<p>[\/vc_hoverbox][vc_empty_space height=&#8221;5px&#8221;][vc_column_text]<\/p>\r\n<h2>Privatisation<\/h2>\r\n<p>[\/vc_column_text][vc_column_text]<a href=\"https:\/\/www.chateau-de-paraza.com\/experiences-activites-degustation-visite-oenotourisme\/privatisation-chateau\/\">En savoir plus<\/a>[\/vc_column_text][\/vc_column][\/vc_row][vc_row][vc_column][\/vc_column][\/vc_row]<\/p><\/div>","protected":false},"excerpt":{"rendered":"<p>[vc_row][vc_column][vc_column_text] Visite guid\u00e9e du ch&hellip;<\/p>\n","protected":false},"author":2,"featured_media":0,"parent":3495,"menu_order":0,"comment_status":"closed","ping_status":"closed","template":"","meta":[],"yoast_head":"<!-- This site is optimized with the Yoast SEO plugin v21.8.1 - https:\/\/yoast.com\/wordpress\/plugins\/seo\/ -->\n<title>Visite guid\u00e9e d\u2019un domaine viticole dans le Minervois - Ch\u00e2teau de Paraza<\/title>\n<meta name=\"description\" content=\"Visite guid\u00e9e du Ch\u00e2teau, sa cave et son chai. Entre Narbonne et Carcassonne. D\u00e9couvrez l&#039;histoire de la famille Danglas et leur savoir-faire.\" \/>\n<meta name=\"robots\" content=\"index, follow, max-snippet:-1, max-image-preview:large, max-video-preview:-1\" \/>\n<link rel=\"canonical\" href=\"https:\/\/www.chateau-de-paraza.com\/experiences-activites-degustation-visite-oenotourisme\/visite-guidee-domaine-viticole-minervois\/\" \/>\n<meta property=\"og:locale\" content=\"zh_CN\" \/>\n<meta property=\"og:type\" content=\"article\" \/>\n<meta property=\"og:title\" content=\"Visite guid\u00e9e d\u2019un domaine viticole dans le Minervois - Ch\u00e2teau de Paraza\" \/>\n<meta property=\"og:description\" content=\"Visite guid\u00e9e du Ch\u00e2teau, sa cave et son chai. Entre Narbonne et Carcassonne. D\u00e9couvrez l&#039;histoire de la famille Danglas et leur savoir-faire.\" \/>\n<meta property=\"og:url\" content=\"https:\/\/www.chateau-de-paraza.com\/experiences-activites-degustation-visite-oenotourisme\/visite-guidee-domaine-viticole-minervois\/\" \/>\n<meta property=\"og:site_name\" content=\"Ch\u00e2teau de Paraza\" \/>\n<meta property=\"article:publisher\" content=\"https:\/\/www.facebook.com\/chateaudeparaza\" \/>\n<meta property=\"article:modified_time\" content=\"2026-02-23T09:24:40+00:00\" \/>\n<meta name=\"twitter:card\" content=\"summary_large_image\" \/>\n<meta name=\"twitter:site\" content=\"@ChateauDeParaza\" \/>\n<meta name=\"twitter:label1\" content=\"\u9884\u8ba1\u9605\u8bfb\u65f6\u95f4\" \/>\n\t<meta name=\"twitter:data1\" content=\"3\u5206\" \/>\n<script type=\"application\/ld+json\" class=\"yoast-schema-graph\">{\"@context\":\"https:\/\/schema.org\",\"@graph\":[{\"@type\":\"WebPage\",\"@id\":\"https:\/\/www.chateau-de-paraza.com\/experiences-activites-degustation-visite-oenotourisme\/visite-guidee-domaine-viticole-minervois\/\",\"url\":\"https:\/\/www.chateau-de-paraza.com\/experiences-activites-degustation-visite-oenotourisme\/visite-guidee-domaine-viticole-minervois\/\",\"name\":\"Visite guid\u00e9e d\u2019un domaine viticole dans le Minervois - Ch\u00e2teau de Paraza\",\"isPartOf\":{\"@id\":\"https:\/\/www.chateau-de-paraza.com\/#website\"},\"datePublished\":\"2021-04-01T09:52:09+00:00\",\"dateModified\":\"2026-02-23T09:24:40+00:00\",\"description\":\"Visite guid\u00e9e du Ch\u00e2teau, sa cave et son chai. Entre Narbonne et Carcassonne. D\u00e9couvrez l'histoire de la famille Danglas et leur savoir-faire.\",\"breadcrumb\":{\"@id\":\"https:\/\/www.chateau-de-paraza.com\/experiences-activites-degustation-visite-oenotourisme\/visite-guidee-domaine-viticole-minervois\/#breadcrumb\"},\"inLanguage\":\"zh-CN\",\"potentialAction\":[{\"@type\":\"ReadAction\",\"target\":[\"https:\/\/www.chateau-de-paraza.com\/experiences-activites-degustation-visite-oenotourisme\/visite-guidee-domaine-viticole-minervois\/\"]}]},{\"@type\":\"BreadcrumbList\",\"@id\":\"https:\/\/www.chateau-de-paraza.com\/experiences-activites-degustation-visite-oenotourisme\/visite-guidee-domaine-viticole-minervois\/#breadcrumb\",\"itemListElement\":[{\"@type\":\"ListItem\",\"position\":1,\"name\":\"Accueil\",\"item\":\"https:\/\/www.chateau-de-paraza.com\/zh-hans\/\"},{\"@type\":\"ListItem\",\"position\":2,\"name\":\"Exp\u00e9riences\",\"item\":\"https:\/\/www.chateau-de-paraza.com\/experiences-activites-degustation-visite-oenotourisme\/\"},{\"@type\":\"ListItem\",\"position\":3,\"name\":\"Visite guid\u00e9e\"}]},{\"@type\":\"WebSite\",\"@id\":\"https:\/\/www.chateau-de-paraza.com\/#website\",\"url\":\"https:\/\/www.chateau-de-paraza.com\/\",\"name\":\"Ch\u00e2teau de Paraza\",\"description\":\"Site web du Ch\u00e2teau de Paraza\",\"potentialAction\":[{\"@type\":\"SearchAction\",\"target\":{\"@type\":\"EntryPoint\",\"urlTemplate\":\"https:\/\/www.chateau-de-paraza.com\/?s={search_term_string}\"},\"query-input\":\"required name=search_term_string\"}],\"inLanguage\":\"zh-CN\"}]}<\/script>\n<!-- \/ Yoast SEO plugin. -->","yoast_head_json":{"title":"Visite guid\u00e9e d\u2019un domaine viticole dans le Minervois - Ch\u00e2teau de Paraza","description":"Visite guid\u00e9e du Ch\u00e2teau, sa cave et son chai. Entre Narbonne et Carcassonne. D\u00e9couvrez l'histoire de la famille Danglas et leur savoir-faire.","robots":{"index":"index","follow":"follow","max-snippet":"max-snippet:-1","max-image-preview":"max-image-preview:large","max-video-preview":"max-video-preview:-1"},"canonical":"https:\/\/www.chateau-de-paraza.com\/experiences-activites-degustation-visite-oenotourisme\/visite-guidee-domaine-viticole-minervois\/","og_locale":"zh_CN","og_type":"article","og_title":"Visite guid\u00e9e d\u2019un domaine viticole dans le Minervois - Ch\u00e2teau de Paraza","og_description":"Visite guid\u00e9e du Ch\u00e2teau, sa cave et son chai. Entre Narbonne et Carcassonne. D\u00e9couvrez l'histoire de la famille Danglas et leur savoir-faire.","og_url":"https:\/\/www.chateau-de-paraza.com\/experiences-activites-degustation-visite-oenotourisme\/visite-guidee-domaine-viticole-minervois\/","og_site_name":"Ch\u00e2teau de Paraza","article_publisher":"https:\/\/www.facebook.com\/chateaudeparaza","article_modified_time":"2026-02-23T09:24:40+00:00","twitter_card":"summary_large_image","twitter_site":"@ChateauDeParaza","twitter_misc":{"\u9884\u8ba1\u9605\u8bfb\u65f6\u95f4":"3\u5206"},"schema":{"@context":"https:\/\/schema.org","@graph":[{"@type":"WebPage","@id":"https:\/\/www.chateau-de-paraza.com\/experiences-activites-degustation-visite-oenotourisme\/visite-guidee-domaine-viticole-minervois\/","url":"https:\/\/www.chateau-de-paraza.com\/experiences-activites-degustation-visite-oenotourisme\/visite-guidee-domaine-viticole-minervois\/","name":"Visite guid\u00e9e d\u2019un domaine viticole dans le Minervois - Ch\u00e2teau de Paraza","isPartOf":{"@id":"https:\/\/www.chateau-de-paraza.com\/#website"},"datePublished":"2021-04-01T09:52:09+00:00","dateModified":"2026-02-23T09:24:40+00:00","description":"Visite guid\u00e9e du Ch\u00e2teau, sa cave et son chai. Entre Narbonne et Carcassonne. D\u00e9couvrez l'histoire de la famille Danglas et leur savoir-faire.","breadcrumb":{"@id":"https:\/\/www.chateau-de-paraza.com\/experiences-activites-degustation-visite-oenotourisme\/visite-guidee-domaine-viticole-minervois\/#breadcrumb"},"inLanguage":"zh-CN","potentialAction":[{"@type":"ReadAction","target":["https:\/\/www.chateau-de-paraza.com\/experiences-activites-degustation-visite-oenotourisme\/visite-guidee-domaine-viticole-minervois\/"]}]},{"@type":"BreadcrumbList","@id":"https:\/\/www.chateau-de-paraza.com\/experiences-activites-degustation-visite-oenotourisme\/visite-guidee-domaine-viticole-minervois\/#breadcrumb","itemListElement":[{"@type":"ListItem","position":1,"name":"Accueil","item":"https:\/\/www.chateau-de-paraza.com\/zh-hans\/"},{"@type":"ListItem","position":2,"name":"Exp\u00e9riences","item":"https:\/\/www.chateau-de-paraza.com\/experiences-activites-degustation-visite-oenotourisme\/"},{"@type":"ListItem","position":3,"name":"Visite guid\u00e9e"}]},{"@type":"WebSite","@id":"https:\/\/www.chateau-de-paraza.com\/#website","url":"https:\/\/www.chateau-de-paraza.com\/","name":"Ch\u00e2teau de Paraza","description":"Site web du Ch\u00e2teau de Paraza","potentialAction":[{"@type":"SearchAction","target":{"@type":"EntryPoint","urlTemplate":"https:\/\/www.chateau-de-paraza.com\/?s={search_term_string}"},"query-input":"required name=search_term_string"}],"inLanguage":"zh-CN"}]}},"_links":{"self":[{"href":"https:\/\/www.chateau-de-paraza.com\/zh-hans\/wp-json\/wp\/v2\/pages\/5584"}],"collection":[{"href":"https:\/\/www.chateau-de-paraza.com\/zh-hans\/wp-json\/wp\/v2\/pages"}],"about":[{"href":"https:\/\/www.chateau-de-paraza.com\/zh-hans\/wp-json\/wp\/v2\/types\/page"}],"author":[{"embeddable":true,"href":"https:\/\/www.chateau-de-paraza.com\/zh-hans\/wp-json\/wp\/v2\/users\/2"}],"replies":[{"embeddable":true,"href":"https:\/\/www.chateau-de-paraza.com\/zh-hans\/wp-json\/wp\/v2\/comments?post=5584"}],"version-history":[{"count":10,"href":"https:\/\/www.chateau-de-paraza.com\/zh-hans\/wp-json\/wp\/v2\/pages\/5584\/revisions"}],"predecessor-version":[{"id":13072,"href":"https:\/\/www.chateau-de-paraza.com\/zh-hans\/wp-json\/wp\/v2\/pages\/5584\/revisions\/13072"}],"up":[{"embeddable":true,"href":"https:\/\/www.chateau-de-paraza.com\/zh-hans\/wp-json\/wp\/v2\/pages\/3495"}],"wp:attachment":[{"href":"https:\/\/www.chateau-de-paraza.com\/zh-hans\/wp-json\/wp\/v2\/media?parent=5584"}],"curies":[{"name":"wp","href":"https:\/\/api.w.org\/{rel}","templated":true}]}}