{"id":49,"date":"2015-05-27T13:19:02","date_gmt":"2015-05-27T12:19:02","guid":{"rendered":"http:\/\/chateau-de-paraza.com?page_id=49"},"modified":"2026-04-02T16:12:45","modified_gmt":"2026-04-02T15:12:45","slug":"chambre-dhotes-suites-chateau-occitanie-aude-minervois","status":"publish","type":"page","link":"https:\/\/www.chateau-de-paraza.com\/zh-hans\/chambre-dhotes-suites-chateau-occitanie-aude-minervois\/","title":{"rendered":"Chambres"},"content":{"rendered":"<div class=\"wpb-content-wrapper\"><p>[vc_row][vc_column][vc_column_text]<\/p>\n<h1 style=\"text-align: center;\">Dormir dans un ch\u00e2teau entre Narbonne et Carcassonne<\/h1>\n<p>[\/vc_column_text][vc_empty_space height=&#8221;42px&#8221;][vc_column_text]<\/p>\n<p style=\"text-align: center;\">D\u00e9couvrez nos suites de charme au c\u0153ur de L&#8217;Occitanie, situ\u00e9 dans L&#8217;Aude, au milieu des vignes du Minervois.<\/p>\n<p>[\/vc_column_text][vc_column_text]<\/p>\n<p style=\"text-align: center;\">Profitez d\u2019un s\u00e9jour authentique entre vignes, nature et patrimoine, dans un cadre paisible et \u00e9l\u00e9gant. Ici, tout est r\u00e9uni pour une parenth\u00e8se de d\u00e9tente : le charme de la pierre, le confort des chambres, et l\u2019atmosph\u00e8re unique d\u2019un ch\u00e2teau. Une destination id\u00e9ale pour se ressourcer, explorer les alentours et vivre une exp\u00e9rience inoubliable dans le Sud de la France.<\/p>\n<p>[\/vc_column_text][vc_empty_space][vc_empty_space][\/vc_column][\/vc_row][vc_row][vc_column width=&#8221;1\/2&#8243;][vc_single_image image=&#8221;5248&#8243; img_size=&#8221;medium&#8221; alignment=&#8221;center&#8221; onclick=&#8221;custom_link&#8221; img_link_target=&#8221;_blank&#8221; link=&#8221;https:\/\/www.chateau-de-paraza.com\/chambres-dhotes\/les-suites-du-chateau\/&#8221;][vc_column_text]<\/p>\n<h2 style=\"text-align: left;\"><a href=\"https:\/\/www.chateau-de-paraza.com\/chambres-dhotes\/les-suites-du-chateau\/\" target=\"_blank\" rel=\"noopener noreferrer\"><div class=\"gap\" style=\"line-height: 10px; height: 10px;\"><\/div><\/a><a href=\"https:\/\/www.chateau-de-paraza.com\/chambres-dhotes\/les-suites-du-chateau\/\" target=\"_blank\" rel=\"noopener noreferrer\">D\u00e9couvrir <\/a><a href=\"https:\/\/www.chateau-de-paraza.com\/chambres-dhotes\/les-suites-du-chateau\/\" target=\"_blank\" rel=\"noopener noreferrer\">les suites<\/a><\/h2>\n<p>[\/vc_column_text][vc_empty_space][vc_column_text]En amoureux, en famille ou entre amis, vivez la vie de ch\u00e2teau dans l&#8217;une de nos suites !<\/p>\n<p>Plafonds \u00e0 la fran\u00e7aise, parquets en point de Hongrie, rideaux en soie chatoyantes, tout y est et concourt au charme de cette adresse intime et r\u00e9solument familiale ![\/vc_column_text][\/vc_column][vc_column width=&#8221;1\/2&#8243;][vc_single_image image=&#8221;9324&#8243; img_size=&#8221;medium&#8221; alignment=&#8221;center&#8221; onclick=&#8221;custom_link&#8221; img_link_target=&#8221;_blank&#8221; link=&#8221;http:\/\/chateau-de-paraza.com\/chambres\/explorer-les-environs\/&#8221;][vc_column_text]<\/p>\n<h2 style=\"text-align: left;\"><a href=\"http:\/\/chateau-de-paraza.com\/chambres\/explorer-les-environs\/\" target=\"_blank\" rel=\"noopener noreferrer\"><div class=\"gap\" style=\"line-height: 10px; height: 10px;\"><\/div>Explorer les environs<\/a><\/h2>\n<p>[\/vc_column_text][vc_empty_space][vc_column_text]Au c\u0153ur du Languedoc, de nombreuses promenades et activit\u00e9s s&#8217;offrent \u00e0 vous.<\/p>\n<p>Une balade dans les vignes ou au bord du Canal du Midi, une journ\u00e9e \u00e0 la mer ou \u00e0 la d\u00e9couverte des tr\u00e9sors du pays cathare, tout y est pour des exp\u00e9riences hors du commun loin des sentiers battus.[\/vc_column_text][\/vc_column][\/vc_row][vc_row][vc_column][vc_empty_space][vc_zigzag][vc_empty_space][vc_column_text]<\/p>\n<h2 style=\"text-align: center;\">Piscine, jardins et art de vivre en Occitanie<\/h2>\n<p>[\/vc_column_text][vc_empty_space][vc_column_text]<\/p>\n<p style=\"text-align: center;\">Le temps d&#8217;une nuit ou d&#8217;un week-end, \u00e9vadez-vous au c\u0153ur du pays Cathare et profitez des joies de la vie de ch\u00e2teau dans votre chambre d&#8217;h\u00f4tes. Baladez-vous dans le parc du ch\u00e2teau, au bord du Canal du Midi, dans les vignes ou dans les petits villages de l&#8217;Aude. Initiez-vous \u00e0 la d\u00e9gustation et impr\u00e9gnez-vous d&#8217;un patrimoine riche d&#8217;histoire et de traditions.<\/p>\n<p>[\/vc_column_text][vc_empty_space][vc_empty_space][\/vc_column][vc_column width=&#8221;1\/2&#8243;][vc_single_image image=&#8221;5242&#8243; img_size=&#8221;medium&#8221; alignment=&#8221;center&#8221; onclick=&#8221;custom_link&#8221; img_link_target=&#8221;_blank&#8221; link=&#8221;http:\/\/chateau-de-paraza.com\/chambres\/profiter-du-chateau\/&#8221;][vc_column_text]<\/p>\n<h2 style=\"text-align: left;\"><a href=\"http:\/\/chateau-de-paraza.com\/chambres\/profiter-du-chateau\/\" target=\"_blank\" rel=\"noopener noreferrer\"><div class=\"gap\" style=\"line-height: 10px; height: 10px;\"><\/div>Profiter du Ch\u00e2teau<\/a><\/h2>\n<p>[\/vc_column_text][vc_empty_space][vc_column_text]Apr\u00e8s une nuit de sommeil royale au ch\u00e2teau, rien de tel que de savourer un petit d\u00e9jeuner \u00e0 la fran\u00e7aise.<\/p>\n<p>Profitez \u00e9galement des salons, des terrasses et du parc ou ressourcez-vous au bord de la piscine, pour un vrai s\u00e9jour princier ![\/vc_column_text][\/vc_column][vc_column width=&#8221;1\/2&#8243;][vc_single_image image=&#8221;13043&#8243; img_size=&#8221;medium&#8221; alignment=&#8221;center&#8221; onclick=&#8221;custom_link&#8221; img_link_target=&#8221;_blank&#8221; link=&#8221;https:\/\/www.chateau-de-paraza.com\/experiences-activites-degustation-visite-oenotourisme\/degustations\/&#8221;][vc_column_text]<\/p>\n<h2><a href=\"https:\/\/www.chateau-de-paraza.com\/experiences-activites-degustation-visite-oenotourisme\/degustations\/\">D\u00e9gustations\u00a0<\/a><\/h2>\n<p>[\/vc_column_text][vc_empty_space][vc_column_text]D\u2019avril \u00e0 octobre, le caveau du ch\u00e2teau de Paraza vous ouvre ses portes pour venir d\u00e9couvrir l\u2019ensemble de son savoir faire au travers des d\u00e9gustations.<\/p>\n<p>Chaque d\u00e9gustation vous propose une fa\u00e7on diff\u00e9rente de savourer nos vins.[\/vc_column_text][\/vc_column][\/vc_row][vc_row][vc_column][vc_empty_space][vc_zigzag][vc_empty_space][vc_column_text]<\/p>\n<h2 style=\"text-align: center;\">Des suites de charme au c\u0153ur du Minervois<\/h2>\n<p>[\/vc_column_text][vc_empty_space][vc_column_text]<\/p>\n<p style=\"text-align: center;\">Cinq suites ont \u00e9t\u00e9 restaur\u00e9es avec raffinement dans chaque aile du Ch\u00e2teau, avec une mention sp\u00e9ciale pour les salles de bain somptueuses. Id\u00e9ales pour un s\u00e9jour romantique \u00e0 deux, entre amis ou en famille. Venez d\u00e9couvrir les suites du Ch\u00e2teau de Paraza\u00a0: celle du Roi, celle du Baron de Jougla, la suite de la Biblioth\u00e8que, celle de la Comtesse, et enfin, la suite de Paul Riquet<\/p>\n<p>[\/vc_column_text][vc_empty_space][vc_empty_space][\/vc_column][\/vc_row][vc_row][vc_column width=&#8221;1\/2&#8243;][vc_single_image image=&#8221;5226&#8243; img_size=&#8221;medium&#8221; alignment=&#8221;center&#8221; onclick=&#8221;custom_link&#8221; img_link_target=&#8221;_blank&#8221; link=&#8221;https:\/\/chateau-de-paraza.amenitiz.io\/fr\/booking\/room&#8221;][vc_column_text]<\/p>\n<h4 style=\"text-align: center;\"><\/h4>\n<h2 style=\"text-align: left;\"><a href=\"https:\/\/chateau-de-paraza.amenitiz.io\/fr\/booking\/room\" target=\"_blank\" rel=\"noopener noreferrer\"><div class=\"gap\" style=\"line-height: 5px; height: 5px;\"><\/div>Tarifs &amp; consultations<\/a><\/h2>\n<p>[\/vc_column_text][vc_empty_space][vc_column_text]D\u00e9couvrez nos tarifs et commencez \u00e0 pr\u00e9parer votre s\u00e9jour !<\/p>\n<p>Faites votre choix parmi les 5 suites du ch\u00e2teau ou contactez-nous pour des r\u00e9servations exclusives ![\/vc_column_text][\/vc_column][vc_column width=&#8221;1\/2&#8243;][vc_single_image image=&#8221;5252&#8243; img_size=&#8221;medium&#8221; alignment=&#8221;center&#8221; onclick=&#8221;custom_link&#8221; img_link_target=&#8221;_blank&#8221; link=&#8221;https:\/\/chateau-de-paraza.amenitiz.io\/fr\/booking\/room&#8221;][vc_column_text]<\/p>\n<h2 style=\"text-align: left;\"><a href=\"https:\/\/chateau-de-paraza.amenitiz.io\/fr\/booking\/room\" target=\"_blank\" rel=\"noopener noreferrer\"><div class=\"gap\" style=\"line-height: 10px; height: 10px;\"><\/div>R\u00e9server votre s\u00e9jour<\/a><\/h2>\n<p>[\/vc_column_text][vc_empty_space][vc_column_text]R\u00e9servez votre s\u00e9jour d\u00e8s maintenant dans l&#8217;une de nos 5 chambres d&#8217;h\u00f4tes !<\/p>\n<p>Cliquez, r\u00e9servez et pr\u00e9parez vos valises ![\/vc_column_text][\/vc_column][\/vc_row][vc_row][vc_column][vc_empty_space height=&#8221;52px&#8221;][vc_zigzag][vc_empty_space][\/vc_column][vc_column][vc_column_text]<\/p>\n<h3>D\u00c9COUVREZ CE QUE NOS VISITEURS ONT PENS\u00c9 DE LEUR S\u00c9JOUR EN CHAMBRES D&#8217;H\u00d4TES<\/h3>\n<p>[\/vc_column_text][vc_empty_space][\/vc_column][\/vc_row][vc_row][vc_column][vc_empty_space]<div class=\"hr-thick\" style=\"width: 25%;\"><\/div>[vc_empty_space][\/vc_column][vc_column][\/vc_column][\/vc_row][vc_row][vc_column][vc_single_image image=&#8221;5570&#8243; img_size=&#8221;241&#215;57&#8243;][vc_empty_space height=&#8221;22px&#8221;][vc_column_text]<\/p>\n<div id=\"TA_cdsratingsonlywide238\" class=\"TA_cdsratingsonlywide\">\n<ul id=\"Mzsw3e\" class=\"TA_links hh5orori\">\n<li id=\"Kx4YfcjaGt\" class=\"YNBTet5KI\"><a href=\"https:\/\/www.tripadvisor.fr\/\" target=\"_blank\" rel=\"noopener noreferrer\"><img decoding=\"async\" src=\"https:\/\/www.tripadvisor.fr\/img\/cdsi\/img2\/branding\/tripadvisor_logo_transp_340x80-18034-2.png\" alt=\"TripAdvisor\" \/><\/a><\/li>\n<\/ul>\n<\/div>\n<p><script src=\"https:\/\/www.jscache.com\/wejs?wtype=cdsratingsonlywide&amp;uniq=238&amp;locationId=8845292&amp;lang=fr&amp;border=false&amp;shadow=true&amp;backgroundColor=gray&amp;display_version=2\"><\/script>[\/vc_column_text][\/vc_column][\/vc_row][vc_row][vc_column][vc_empty_space height=&#8221;52px&#8221;][vc_cta h2=&#8221;R\u00e9servez votre s\u00e9jour au Ch\u00e2teau de Paraza d\u00e8s maintenant&#8221; h2_font_container=&#8221;font_size:26&#8243; h2_google_fonts=&#8221;font_family:Raleway%3A100%2C200%2C300%2Cregular%2C500%2C600%2C700%2C800%2C900|font_style:400%20regular%3A400%3Anormal&#8221; shape=&#8221;square&#8221; add_button=&#8221;right&#8221; btn_title=&#8221;R\u00e9server&#8221; btn_style=&#8221;flat&#8221; btn_color=&#8221;mulled-wine&#8221; use_custom_fonts_h2=&#8221;true&#8221; btn_link=&#8221;url:https%3A%2F%2Fchateau-de-paraza.amenitiz.io%2Ffr%2Fbooking%2Froom||target:%20_blank|&#8221;][\/vc_cta][\/vc_column][\/vc_row][vc_row][vc_column][vc_empty_space height=&#8221;52px&#8221;][vc_column_text]<\/p>\n<h2>Vous souhaitez compl\u00e9ter votre exp\u00e9rience :<\/h2>\n<p>[\/vc_column_text][vc_empty_space height=&#8221;52px&#8221;][\/vc_column][\/vc_row][vc_row][vc_column width=&#8221;1\/3&#8243;][vc_hoverbox image=&#8221;13081&#8243; primary_title=&#8221;&#8221; hover_title=&#8221;De 10h \u00e0 22h&#8221; hover_title_google_fonts=&#8221;font_family:Cinzel%3Aregular%2C700%2C900|font_style:400%20regular%3A400%3Anormal&#8221; shape=&#8221;square&#8221; use_custom_fonts_hover_title=&#8221;true&#8221;]<\/p>\n<p style=\"text-align: center;\">Tous les jours d&#8217;Avril \u00e0 Octobre.<\/p>\n<p style=\"text-align: center;\">Bar \u00e0 vins et tapas, au bord du Canal du Midi.<\/p>\n<p style=\"text-align: center;\">R\u00e9servations au 04 68 75 50 59\u00a0 par t\u00e9l\u00e9phone ou sms au 06 82 06 74 89.<\/p>\n<p>[\/vc_hoverbox][vc_empty_space height=&#8221;5px&#8221;][vc_column_text]<\/p>\n<h2>Le Caf\u00e9 du Port<\/h2>\n<p>[\/vc_column_text][vc_column_text]<a href=\"https:\/\/www.chateau-de-paraza.com\/le-cafe-du-port-restaurant-au-bord-du-canal-du-midi-a-paraza\/\" target=\"_blank\" rel=\"noopener\">En savoir plus<\/a>[\/vc_column_text][\/vc_column][vc_column width=&#8221;1\/3&#8243;][vc_hoverbox image=&#8221;13092&#8243; primary_title=&#8221;&#8221; hover_title=&#8221;d&#8217;Avril \u00e0 Octobre&#8221; hover_title_google_fonts=&#8221;font_family:Cinzel%3Aregular%2C700%2C900|font_style:400%20regular%3A400%3Anormal&#8221; shape=&#8221;square&#8221; use_custom_fonts_hover_title=&#8221;true&#8221;]D\u00e9couvrez les vins du Ch\u00e2teau de Paraza lors de d\u00e9gustations comment\u00e9es, ouvertes \u00e0 tous.[\/vc_hoverbox][vc_empty_space height=&#8221;5px&#8221;][vc_column_text]<\/p>\n<h2>D\u00e9gustation<\/h2>\n<p>[\/vc_column_text][vc_column_text]<a href=\"https:\/\/www.chateau-de-paraza.com\/experiences-activites-degustation-visite-oenotourisme\/degustations\/\" target=\"_blank\" rel=\"noopener\">En savoir plus<\/a>[\/vc_column_text][\/vc_column][vc_column width=&#8221;1\/3&#8243;][vc_hoverbox image=&#8221;9063&#8243; primary_title=&#8221;&#8221; hover_title=&#8221;35\u20ac \/ personne&#8221; hover_title_google_fonts=&#8221;font_family:Cinzel%3Aregular%2C700%2C900|font_style:400%20regular%3A400%3Anormal&#8221; shape=&#8221;square&#8221; use_custom_fonts_hover_title=&#8221;true&#8221;]Profitez d\u2019une parenth\u00e8se gourmande entour\u00e9s de vins, de fromages et de charcuterie, \u00e0 l\u2019ombre des ch\u00eanes avec une vue imprenable sur les vignes.[\/vc_hoverbox][vc_empty_space height=&#8221;5px&#8221;][vc_column_text]<\/p>\n<h2>Ap\u00e9ro Champ\u00eatre<\/h2>\n<p>[\/vc_column_text][vc_column_text]<a href=\"https:\/\/www.chateau-de-paraza.com\/?page_id=13107&amp;preview=true\" target=\"_blank\" rel=\"noopener\">En savoir plus<\/a>[\/vc_column_text][\/vc_column][\/vc_row][vc_row][vc_column][vc_empty_space height=&#8221;52px&#8221;][vc_raw_html]JTNDaWZyYW1lJTIwd2lkdGglM0QlMjI1NDAlMjIlMjBoZWlnaHQlM0QlMjI2MTAlMjIlMjBzcmMlM0QlMjJodHRwcyUzQSUyRiUyRjFkNmQ3ZjhiLnNpYmZvcm1zLmNvbSUyRnNlcnZlJTJGTVVJRUFFRktwLW5fb1M1Zm9KR2ZwQTExeFZqUUNVTGdvZ2didDYxcU1aX0NENE16eDRCMC1TVE9sX1RWVTI1VWlvTll4SWY0WHdUWWFQNEk3NFpLWkNRc2ExWUZ1ZVhfWUhqQmJEQm54SjhFdi1iMmJ3WUVvRVJZNTNjN2VrVENVNTV4eXJwV0pmME01VlpaQ0VLMjBadWVlV08yODdQNlVNNW9pc0JxUlQ5TlVWZWo4RlkzbGtDaTZ6cml3c1Z6eFJLSmkwbThhWWQzMU45eiUyMiUyMGZyYW1lYm9yZGVyJTNEJTIyMCUyMiUyMHNjcm9sbGluZyUzRCUyMmF1dG8lMjIlMjBhbGxvd2Z1bGxzY3JlZW4lMjBzdHlsZSUzRCUyMmRpc3BsYXklM0ElMjBibG9jayUzQm1hcmdpbi1sZWZ0JTNBJTIwYXV0byUzQm1hcmdpbi1yaWdodCUzQSUyMGF1dG8lM0JtYXgtd2lkdGglM0ElMjAxMDAlMjUlM0IlMjIlM0UlM0MlMkZpZnJhbWUlM0U=[\/vc_raw_html][\/vc_column][\/vc_row][vc_row][vc_column][\/vc_column][\/vc_row]<\/p>\n<\/div>","protected":false},"excerpt":{"rendered":"<p>[vc_row][vc_column][vc_column_text] Dormir dans un ch\u00e2t&hellip;<\/p>\n","protected":false},"author":1,"featured_media":10490,"parent":0,"menu_order":0,"comment_status":"closed","ping_status":"closed","template":"","meta":[],"yoast_head":"<!-- This site is optimized with the Yoast SEO plugin v21.8.1 - https:\/\/yoast.com\/wordpress\/plugins\/seo\/ -->\n<title>Chambres d\u2019h\u00f4tes et suites dans un ch\u00e2teau en Occitanie - Ch\u00e2teau de Paraza<\/title>\n<meta name=\"description\" content=\"Dormez dans un ch\u00e2teau du XVIIe si\u00e8cle du Minervois, entre Narbonne et Carcassonne. Suites de charme, piscine, exp\u00e9riences vin.\" \/>\n<meta name=\"robots\" content=\"index, follow, max-snippet:-1, max-image-preview:large, max-video-preview:-1\" \/>\n<link rel=\"canonical\" href=\"https:\/\/www.chateau-de-paraza.com\/chambre-dhotes-suites-chateau-occitanie-aude-minervois\/\" \/>\n<meta property=\"og:locale\" content=\"zh_CN\" \/>\n<meta property=\"og:type\" content=\"article\" \/>\n<meta property=\"og:title\" content=\"Chambres d\u2019h\u00f4tes et suites dans un ch\u00e2teau en Occitanie - Ch\u00e2teau de Paraza\" \/>\n<meta property=\"og:description\" content=\"Dormez dans un ch\u00e2teau du XVIIe si\u00e8cle du Minervois, entre Narbonne et Carcassonne. Suites de charme, piscine, exp\u00e9riences vin.\" \/>\n<meta property=\"og:url\" content=\"https:\/\/www.chateau-de-paraza.com\/chambre-dhotes-suites-chateau-occitanie-aude-minervois\/\" \/>\n<meta property=\"og:site_name\" content=\"Ch\u00e2teau de Paraza\" \/>\n<meta property=\"article:publisher\" content=\"https:\/\/www.facebook.com\/chateaudeparaza\" \/>\n<meta property=\"article:modified_time\" content=\"2026-04-02T15:12:45+00:00\" \/>\n<meta property=\"og:image\" content=\"https:\/\/www.chateau-de-paraza.com\/wp-content\/uploads\/2024\/05\/Chateau-De-Paraza_0926_Roi.jpg\" \/>\n\t<meta property=\"og:image:width\" content=\"1800\" \/>\n\t<meta property=\"og:image:height\" content=\"1200\" \/>\n\t<meta property=\"og:image:type\" content=\"image\/jpeg\" \/>\n<meta name=\"twitter:card\" content=\"summary_large_image\" \/>\n<meta name=\"twitter:site\" content=\"@ChateauDeParaza\" \/>\n<meta name=\"twitter:label1\" content=\"\u9884\u8ba1\u9605\u8bfb\u65f6\u95f4\" \/>\n\t<meta name=\"twitter:data1\" content=\"5\u5206\" \/>\n<script type=\"application\/ld+json\" class=\"yoast-schema-graph\">{\"@context\":\"https:\/\/schema.org\",\"@graph\":[{\"@type\":\"WebPage\",\"@id\":\"https:\/\/www.chateau-de-paraza.com\/chambre-dhotes-suites-chateau-occitanie-aude-minervois\/\",\"url\":\"https:\/\/www.chateau-de-paraza.com\/chambre-dhotes-suites-chateau-occitanie-aude-minervois\/\",\"name\":\"Chambres d\u2019h\u00f4tes et suites dans un ch\u00e2teau en Occitanie - Ch\u00e2teau de Paraza\",\"isPartOf\":{\"@id\":\"https:\/\/www.chateau-de-paraza.com\/#website\"},\"datePublished\":\"2015-05-27T12:19:02+00:00\",\"dateModified\":\"2026-04-02T15:12:45+00:00\",\"description\":\"Dormez dans un ch\u00e2teau du XVIIe si\u00e8cle du Minervois, entre Narbonne et Carcassonne. Suites de charme, piscine, exp\u00e9riences vin.\",\"breadcrumb\":{\"@id\":\"https:\/\/www.chateau-de-paraza.com\/chambre-dhotes-suites-chateau-occitanie-aude-minervois\/#breadcrumb\"},\"inLanguage\":\"zh-CN\",\"potentialAction\":[{\"@type\":\"ReadAction\",\"target\":[\"https:\/\/www.chateau-de-paraza.com\/chambre-dhotes-suites-chateau-occitanie-aude-minervois\/\"]}]},{\"@type\":\"BreadcrumbList\",\"@id\":\"https:\/\/www.chateau-de-paraza.com\/chambre-dhotes-suites-chateau-occitanie-aude-minervois\/#breadcrumb\",\"itemListElement\":[{\"@type\":\"ListItem\",\"position\":1,\"name\":\"Accueil\",\"item\":\"https:\/\/www.chateau-de-paraza.com\/zh-hans\/\"},{\"@type\":\"ListItem\",\"position\":2,\"name\":\"Chambres\"}]},{\"@type\":\"WebSite\",\"@id\":\"https:\/\/www.chateau-de-paraza.com\/#website\",\"url\":\"https:\/\/www.chateau-de-paraza.com\/\",\"name\":\"Ch\u00e2teau de Paraza\",\"description\":\"Site web du Ch\u00e2teau de Paraza\",\"potentialAction\":[{\"@type\":\"SearchAction\",\"target\":{\"@type\":\"EntryPoint\",\"urlTemplate\":\"https:\/\/www.chateau-de-paraza.com\/?s={search_term_string}\"},\"query-input\":\"required name=search_term_string\"}],\"inLanguage\":\"zh-CN\"}]}<\/script>\n<!-- \/ Yoast SEO plugin. -->","yoast_head_json":{"title":"Chambres d\u2019h\u00f4tes et suites dans un ch\u00e2teau en Occitanie - Ch\u00e2teau de Paraza","description":"Dormez dans un ch\u00e2teau du XVIIe si\u00e8cle du Minervois, entre Narbonne et Carcassonne. Suites de charme, piscine, exp\u00e9riences vin.","robots":{"index":"index","follow":"follow","max-snippet":"max-snippet:-1","max-image-preview":"max-image-preview:large","max-video-preview":"max-video-preview:-1"},"canonical":"https:\/\/www.chateau-de-paraza.com\/chambre-dhotes-suites-chateau-occitanie-aude-minervois\/","og_locale":"zh_CN","og_type":"article","og_title":"Chambres d\u2019h\u00f4tes et suites dans un ch\u00e2teau en Occitanie - Ch\u00e2teau de Paraza","og_description":"Dormez dans un ch\u00e2teau du XVIIe si\u00e8cle du Minervois, entre Narbonne et Carcassonne. Suites de charme, piscine, exp\u00e9riences vin.","og_url":"https:\/\/www.chateau-de-paraza.com\/chambre-dhotes-suites-chateau-occitanie-aude-minervois\/","og_site_name":"Ch\u00e2teau de Paraza","article_publisher":"https:\/\/www.facebook.com\/chateaudeparaza","article_modified_time":"2026-04-02T15:12:45+00:00","og_image":[{"width":1800,"height":1200,"url":"https:\/\/www.chateau-de-paraza.com\/wp-content\/uploads\/2024\/05\/Chateau-De-Paraza_0926_Roi.jpg","type":"image\/jpeg"}],"twitter_card":"summary_large_image","twitter_site":"@ChateauDeParaza","twitter_misc":{"\u9884\u8ba1\u9605\u8bfb\u65f6\u95f4":"5\u5206"},"schema":{"@context":"https:\/\/schema.org","@graph":[{"@type":"WebPage","@id":"https:\/\/www.chateau-de-paraza.com\/chambre-dhotes-suites-chateau-occitanie-aude-minervois\/","url":"https:\/\/www.chateau-de-paraza.com\/chambre-dhotes-suites-chateau-occitanie-aude-minervois\/","name":"Chambres d\u2019h\u00f4tes et suites dans un ch\u00e2teau en Occitanie - Ch\u00e2teau de Paraza","isPartOf":{"@id":"https:\/\/www.chateau-de-paraza.com\/#website"},"datePublished":"2015-05-27T12:19:02+00:00","dateModified":"2026-04-02T15:12:45+00:00","description":"Dormez dans un ch\u00e2teau du XVIIe si\u00e8cle du Minervois, entre Narbonne et Carcassonne. Suites de charme, piscine, exp\u00e9riences vin.","breadcrumb":{"@id":"https:\/\/www.chateau-de-paraza.com\/chambre-dhotes-suites-chateau-occitanie-aude-minervois\/#breadcrumb"},"inLanguage":"zh-CN","potentialAction":[{"@type":"ReadAction","target":["https:\/\/www.chateau-de-paraza.com\/chambre-dhotes-suites-chateau-occitanie-aude-minervois\/"]}]},{"@type":"BreadcrumbList","@id":"https:\/\/www.chateau-de-paraza.com\/chambre-dhotes-suites-chateau-occitanie-aude-minervois\/#breadcrumb","itemListElement":[{"@type":"ListItem","position":1,"name":"Accueil","item":"https:\/\/www.chateau-de-paraza.com\/zh-hans\/"},{"@type":"ListItem","position":2,"name":"Chambres"}]},{"@type":"WebSite","@id":"https:\/\/www.chateau-de-paraza.com\/#website","url":"https:\/\/www.chateau-de-paraza.com\/","name":"Ch\u00e2teau de Paraza","description":"Site web du Ch\u00e2teau de Paraza","potentialAction":[{"@type":"SearchAction","target":{"@type":"EntryPoint","urlTemplate":"https:\/\/www.chateau-de-paraza.com\/?s={search_term_string}"},"query-input":"required name=search_term_string"}],"inLanguage":"zh-CN"}]}},"_links":{"self":[{"href":"https:\/\/www.chateau-de-paraza.com\/zh-hans\/wp-json\/wp\/v2\/pages\/49"}],"collection":[{"href":"https:\/\/www.chateau-de-paraza.com\/zh-hans\/wp-json\/wp\/v2\/pages"}],"about":[{"href":"https:\/\/www.chateau-de-paraza.com\/zh-hans\/wp-json\/wp\/v2\/types\/page"}],"author":[{"embeddable":true,"href":"https:\/\/www.chateau-de-paraza.com\/zh-hans\/wp-json\/wp\/v2\/users\/1"}],"replies":[{"embeddable":true,"href":"https:\/\/www.chateau-de-paraza.com\/zh-hans\/wp-json\/wp\/v2\/comments?post=49"}],"version-history":[{"count":11,"href":"https:\/\/www.chateau-de-paraza.com\/zh-hans\/wp-json\/wp\/v2\/pages\/49\/revisions"}],"predecessor-version":[{"id":13662,"href":"https:\/\/www.chateau-de-paraza.com\/zh-hans\/wp-json\/wp\/v2\/pages\/49\/revisions\/13662"}],"wp:featuredmedia":[{"embeddable":true,"href":"https:\/\/www.chateau-de-paraza.com\/zh-hans\/wp-json\/wp\/v2\/media\/10490"}],"wp:attachment":[{"href":"https:\/\/www.chateau-de-paraza.com\/zh-hans\/wp-json\/wp\/v2\/media?parent=49"}],"curies":[{"name":"wp","href":"https:\/\/api.w.org\/{rel}","templated":true}]}}