{"id":3495,"date":"2019-03-27T10:08:50","date_gmt":"2019-03-27T09:08:50","guid":{"rendered":"https:\/\/www.chateau-de-paraza.com\/?page_id=3495"},"modified":"2026-04-02T16:15:29","modified_gmt":"2026-04-02T15:15:29","slug":"experiences-activites-degustation-visite-oenotourisme","status":"publish","type":"page","link":"https:\/\/www.chateau-de-paraza.com\/zh-hans\/experiences-activites-degustation-visite-oenotourisme\/","title":{"rendered":"Exp\u00e9riences"},"content":{"rendered":"<div class=\"wpb-content-wrapper\"><p>[vc_row][vc_column][vc_column_text]<\/p>\n<h2 style=\"text-align: center;\">Toutes nos exp\u00e9riences &amp; activit\u00e9s \u00e0 vivre au c\u0153ur du Minervois<\/h2>\n<p>[\/vc_column_text][vc_empty_space][vc_column_text]<\/p>\n<p style=\"text-align: center;\">Amateurs de vins, d&#8217;art, d&#8217;histoire, amis \u00e9picuriens, venez d\u00e9couvrir les exp\u00e9riences et les activit\u00e9s du Ch\u00e2teau de Paraza, au bord du Canal du Midi. Au d\u00e9tour d&#8217;une d\u00e9gustation, nous serons heureux de vous pr\u00e9senter l&#8217;histoire du domaine et de ses vins. Pour les gourmands, les produits du terroir et surtout leurs producteurs sont \u00e0 l&#8217;honneur : souvent de la r\u00e9gion et toujours que du bon. Et afin de flatter les cinq sens, nous organisons r\u00e9guli\u00e8rement des expositions d&#8217;arts ou des concerts au c\u0153ur du caveau. Renseignez-vous sur les<a href=\"https:\/\/www.chateau-de-paraza.com\/actualites\/\" target=\"_blank\" rel=\"noopener\"> prochains \u00e9v\u00e9nements<\/a> lors de votre passage.<\/p>\n<p>[\/vc_column_text][vc_empty_space][\/vc_column][\/vc_row][vc_row][vc_column width=&#8221;1\/3&#8243;][vc_empty_space][vc_hoverbox image=&#8221;13092&#8243; primary_title=&#8221;&#8221; primary_title_font_container=&#8221;color:%23000000&#8243; primary_title_google_fonts=&#8221;font_family:Cinzel%3Aregular%2C700%2C900|font_style:400%20regular%3A400%3Anormal&#8221; hover_title=&#8221;d&#8217;Avril \u00e0 Octobre&#8221; hover_title_google_fonts=&#8221;font_family:Cinzel%3Aregular%2C700%2C900|font_style:400%20regular%3A400%3Anormal&#8221; shape=&#8221;square&#8221; use_custom_fonts_primary_title=&#8221;true&#8221; use_custom_fonts_hover_title=&#8221;true&#8221;]<\/p>\n<p style=\"text-align: center;\">\u00a0D\u00e9couvrez les vins du Ch\u00e2teau de Paraza lors de d\u00e9gustations comment\u00e9es, ouvertes \u00e0 tous.<\/p>\n<p>[\/vc_hoverbox][vc_empty_space height=&#8221;5px&#8221;][vc_column_text]<\/p>\n<h2>D\u00e9gustation<\/h2>\n<p>[\/vc_column_text][vc_column_text]<a href=\"https:\/\/www.chateau-de-paraza.com\/experiences-activites-degustation-visite-oenotourisme\/degustations\/\" target=\"_blank\" rel=\"noopener\">En savoir plus<\/a>[\/vc_column_text][vc_empty_space][vc_hoverbox image=&#8221;13097&#8243; primary_title=&#8221;&#8221; primary_title_font_container=&#8221;color:%23000000&#8243; primary_title_google_fonts=&#8221;font_family:Cinzel%3Aregular%2C700%2C900|font_style:400%20regular%3A400%3Anormal&#8221; hover_title=&#8221;\u00c9l\u00e9gance &amp; Authenticit\u00e9&#8221; hover_title_google_fonts=&#8221;font_family:Cinzel%3Aregular%2C700%2C900|font_style:400%20regular%3A400%3Anormal&#8221; shape=&#8221;square&#8221; use_custom_fonts_primary_title=&#8221;true&#8221; use_custom_fonts_hover_title=&#8221;true&#8221;]<\/p>\n<p style=\"text-align: center;\">Un lieu exceptionnel pour organiser son mariage. Contactez-nous pour c\u00e9l\u00e9brer un \u00e9v\u00e9nement unique.<\/p>\n<p>[\/vc_hoverbox][vc_empty_space height=&#8221;5px&#8221;][vc_column_text]<\/p>\n<h2>Mariage<\/h2>\n<p>[\/vc_column_text][vc_column_text]<a href=\"https:\/\/www.chateau-de-paraza.com\/mariage-chateau-viticole-france\/\" target=\"_blank\" rel=\"noopener\">En savoir plus<\/a>[\/vc_column_text][vc_empty_space][vc_hoverbox image=&#8221;4141&#8243; primary_title=&#8221;&#8221; primary_title_font_container=&#8221;color:%23000000&#8243; primary_title_google_fonts=&#8221;font_family:Cinzel%3Aregular%2C700%2C900|font_style:400%20regular%3A400%3Anormal&#8221; hover_title=&#8221;45\u20ac \/ personne&#8221; hover_title_google_fonts=&#8221;font_family:Cinzel%3Aregular%2C700%2C900|font_style:400%20regular%3A400%3Anormal&#8221; shape=&#8221;square&#8221; use_custom_fonts_primary_title=&#8221;true&#8221; use_custom_fonts_hover_title=&#8221;true&#8221;]<\/p>\n<p class=\"gmail-p2\" style=\"text-align: center;\">Seul ou entre amis, initiez-vous aux fondamentaux de la viticulture et de l\u2019\u0153nologie.<\/p>\n<p class=\"gmail-p2\" style=\"text-align: center;\">D\u00e9gustation de 7 vins.<\/p>\n<h6 style=\"text-align: center;\"><\/h6>\n<p>[\/vc_hoverbox][vc_empty_space height=&#8221;5px&#8221;][vc_column_text]<\/p>\n<h2>Atelier initiation \u00e0 la D\u00e9gustation<\/h2>\n<p>[\/vc_column_text][vc_column_text]<a href=\"https:\/\/www.chateau-de-paraza.com\/atelier-initiation-degustation-oenologie-vin\/\" target=\"_blank\" rel=\"noopener\">En savoir plus<\/a>[\/vc_column_text][\/vc_column][vc_column width=&#8221;1\/3&#8243;][vc_empty_space][vc_hoverbox image=&#8221;9182&#8243; primary_title=&#8221;&#8221; hover_title=&#8221;7\u20ac \/ pers&#8221; hover_title_font_container=&#8221;color:%23000000&#8243; hover_title_google_fonts=&#8221;font_family:Cinzel%3Aregular%2C700%2C900|font_style:400%20regular%3A400%3Anormal&#8221; shape=&#8221;square&#8221; use_custom_fonts_hover_title=&#8221;true&#8221;]<\/p>\n<p style=\"text-align: center;\">D\u00e9couvrez le Ch\u00e2teau de Paraza lors de visites guid\u00e9es au c\u0153ur d\u2019un domaine historique surplombant le Canal du Midi class\u00e9 \u00e0 l\u2019UNESCO.<\/p>\n<p>[\/vc_hoverbox][vc_empty_space height=&#8221;5px&#8221;][vc_column_text]<\/p>\n<h2>Visite<\/h2>\n<p>[\/vc_column_text][vc_column_text]<a href=\"https:\/\/www.chateau-de-paraza.com\/experiences-activites-degustation-visite-oenotourisme\/visite-guidee-domaine-viticole-minervois\/\" target=\"_blank\" rel=\"noopener\">En savoir plus<\/a>[\/vc_column_text][vc_empty_space][vc_hoverbox image=&#8221;13081&#8243; primary_title=&#8221;&#8221; hover_title=&#8221;De 10h \u00e0 22h&#8221; hover_title_font_container=&#8221;color:%23000000&#8243; hover_title_google_fonts=&#8221;font_family:Cinzel%3Aregular%2C700%2C900|font_style:400%20regular%3A400%3Anormal&#8221; shape=&#8221;square&#8221; use_custom_fonts_hover_title=&#8221;true&#8221;]<\/p>\n<div class=\"wpb_text_column wpb_content_element \">\n<div class=\"wpb_wrapper\">\n<p style=\"text-align: center;\">Tous les jours d&#8217;Avril \u00e0 Octobre.<\/p>\n<p style=\"text-align: center;\">Bar \u00e0 vins et tapas, au bord du Canal du Midi.<\/p>\n<p style=\"text-align: center;\">R\u00e9servations au 04 68 75 50 59\u00a0 par t\u00e9l\u00e9phone ou sms au 06 08 48 53 68.<\/p>\n<\/div>\n<\/div>\n<p>[\/vc_hoverbox][vc_empty_space height=&#8221;5px&#8221;][vc_column_text]<\/p>\n<h2>Le Caf\u00e9 du Port<\/h2>\n<p>[\/vc_column_text][vc_column_text]<a href=\"https:\/\/www.chateau-de-paraza.com\/le-cafe-du-port-restaurant-au-bord-du-canal-du-midi-a-paraza\/\" target=\"_blank\" rel=\"noopener\">En savoir plus<\/a>[\/vc_column_text][vc_empty_space][vc_hoverbox image=&#8221;9063&#8243; primary_title=&#8221;&#8221; hover_title=&#8221;35\u20ac \/ personne&#8221; hover_title_font_container=&#8221;color:%23000000&#8243; hover_title_google_fonts=&#8221;font_family:Cinzel%3Aregular%2C700%2C900|font_style:400%20regular%3A400%3Anormal&#8221; shape=&#8221;square&#8221; use_custom_fonts_hover_title=&#8221;true&#8221;]<\/p>\n<p style=\"text-align: center;\">Profitez d\u2019une parenth\u00e8se gourmande entour\u00e9s de vins, de fromages et de charcuterie, \u00e0 l\u2019ombre des ch\u00eanes avec une vue imprenable sur les vignes.<\/p>\n<p>[\/vc_hoverbox][vc_empty_space height=&#8221;5px&#8221;][vc_column_text]<\/p>\n<h2>Ap\u00e9ro Champ\u00eatre<\/h2>\n<p>[\/vc_column_text][vc_column_text]<a href=\"https:\/\/www.chateau-de-paraza.com\/?page_id=13107&amp;preview=true\" target=\"_blank\" rel=\"noopener\">En savoir plus<\/a>[\/vc_column_text][\/vc_column][vc_column width=&#8221;1\/3&#8243;][vc_empty_space][vc_hoverbox image=&#8221;13043&#8243; primary_title=&#8221;&#8221; hover_title=&#8221;Sur devis&#8221; hover_title_font_container=&#8221;color:%23000000&#8243; hover_title_google_fonts=&#8221;font_family:Cinzel%3Aregular%2C700%2C900|font_style:400%20regular%3A400%3Anormal&#8221; shape=&#8221;square&#8221; use_custom_fonts_hover_title=&#8221;true&#8221;]<\/p>\n<p style=\"text-align: center;\">Offrez-vous un lieu d\u2019exception en privatisant le Ch\u00e2teau de Paraza pour vos \u00e9v\u00e9nements (f\u00eates de familles, anniversaire, nouvel an&#8230;)<\/p>\n<p>[\/vc_hoverbox][vc_empty_space height=&#8221;5px&#8221;][vc_column_text]<\/p>\n<h2>Privatisation<\/h2>\n<p>[\/vc_column_text][vc_column_text]<a href=\"https:\/\/www.chateau-de-paraza.com\/experiences-activites-degustation-visite-oenotourisme\/privatisation-chateau\/\" target=\"_blank\" rel=\"noopener\">En savoir plus<\/a>[\/vc_column_text][vc_empty_space][vc_hoverbox image=&#8221;12620&#8243; primary_title=&#8221;&#8221; hover_title=&#8221;Sur devis&#8221; hover_title_font_container=&#8221;color:%23000000&#8243; hover_title_google_fonts=&#8221;font_family:Cinzel%3Aregular%2C700%2C900|font_style:400%20regular%3A400%3Anormal&#8221; shape=&#8221;square&#8221; use_custom_fonts_hover_title=&#8221;true&#8221;]<\/p>\n<p style=\"text-align: center;\">Plongez dans l\u2019histoire et le raffinement sign\u00e9 par un chef \u00e0 travers une exp\u00e9rience unique et confidentielle accompagn\u00e9 des vins du domaine.<\/p>\n<p>[\/vc_hoverbox][vc_empty_space height=&#8221;5px&#8221;][vc_column_text]<\/p>\n<h2>D\u00eener priv\u00e9<\/h2>\n<p>[\/vc_column_text][vc_column_text]<a href=\"https:\/\/www.chateau-de-paraza.com\/experiences-activites-degustation-visite-oenotourisme\/experience-degustation-prestige-chateau-de-paraza\/\" target=\"_blank\" rel=\"noopener\">En savoir plus<\/a>[\/vc_column_text][vc_empty_space][vc_hoverbox image=&#8221;10588&#8243; primary_title=&#8221;&#8221; primary_align=&#8221;justify&#8221; hover_title=&#8221;Les Suites&#8221; hover_title_font_container=&#8221;color:%23000000&#8243; hover_title_google_fonts=&#8221;font_family:Cinzel%3Aregular%2C700%2C900|font_style:400%20regular%3A400%3Anormal&#8221; shape=&#8221;square&#8221; use_custom_fonts_hover_title=&#8221;true&#8221;]<\/p>\n<p style=\"text-align: center;\">En amoureux, en famille ou entre amis, vivez la vie de ch\u00e2teau dans l\u2019une de nos suites !<\/p>\n<p>[\/vc_hoverbox][vc_empty_space height=&#8221;5px&#8221;][vc_column_text]<\/p>\n<h2>Les chambres d&#8217;H\u00f4tes<\/h2>\n<p>[\/vc_column_text][vc_column_text]<a href=\"https:\/\/www.chateau-de-paraza.com\/chambre-dhotes-suites-chateau-occitanie-aude-minervois\/\" target=\"_blank\" rel=\"noopener\">En savoir plus<\/a>[\/vc_column_text][\/vc_column][\/vc_row][vc_row][vc_column][vc_row_inner][\/vc_row_inner][vc_empty_space][vc_zigzag][vc_empty_space][vc_column_inner width=&#8221;1\/3&#8243;][\/vc_column_inner][vc_column_text]<\/p>\n<h2 style=\"text-align: center;\">Horaires d&#8217;ouverture<\/h2>\n<h2 style=\"text-align: center;\">Exp\u00e9riences Oenotouristiques, Caveau de D\u00e9gustation &amp; Vente de Vins<\/h2>\n<p>[\/vc_column_text][vc_empty_space][vc_column_text]<\/p>\n<h4 style=\"text-align: center;\"><strong>Hiver: du 1er octobre au 30 avril<\/strong>\u00a0:<\/h4>\n<p style=\"text-align: center;\">Du lundi au Vendredi : 10h \/ 12h30 -14h \/ 18h<\/p>\n<h4 style=\"text-align: center;\"><strong>\u00c9t\u00e9: du 1er mai au 31 ao\u00fbt<\/strong>\u00a0:<\/h4>\n<p style=\"text-align: center;\">Du lundi au dimanche : 10h &#8211; 20h<\/p>\n<h4 style=\"text-align: center;\"><strong>Vendanges: du 1er septembre au 30 septembre<\/strong>\u00a0:<\/h4>\n<p style=\"text-align: center;\">Du lundi au dimanche : 10h -18h<\/p>\n<p>[\/vc_column_text][vc_empty_space][\/vc_column][\/vc_row][vc_section full_width=&#8221;stretch_row&#8221; content_placement=&#8221;middle&#8221; css=&#8221;.vc_custom_1769095666868{background: #000000 url(https:\/\/www.chateau-de-paraza.com\/wp-content\/uploads\/2019\/04\/banniereenvi.png?id=3543) !important;}&#8221;][vc_row][vc_column][vc_empty_space height=&#8221;50px&#8221;][vc_btn title=&#8221;Inscription Newsetter&#8221; color=&#8221;chino&#8221; size=&#8221;lg&#8221; align=&#8221;center&#8221; link=&#8221;url:https%3A%2F%2Fwww.chateau-de-paraza.com%2Fcontact-chateau-de-paraza%2F|title:Contact&#8221;][vc_empty_space height=&#8221;50px&#8221;][\/vc_column][\/vc_row][\/vc_section][vc_row][vc_column][\/vc_column][\/vc_row]<\/p>\n<\/div>","protected":false},"excerpt":{"rendered":"<p>[vc_row][vc_column][vc_column_text] Toutes nos exp\u00e9rien&hellip;<\/p>\n","protected":false},"author":2,"featured_media":0,"parent":0,"menu_order":0,"comment_status":"closed","ping_status":"closed","template":"","meta":[],"yoast_head":"<!-- This site is optimized with the Yoast SEO plugin v21.8.1 - https:\/\/yoast.com\/wordpress\/plugins\/seo\/ -->\n<title>Exp\u00e9riences et activit\u00e9s oenotouristiques - \u00c0 la d\u00e9couverte du Ch\u00e2teau de Paraza<\/title>\n<meta name=\"description\" content=\"Le Ch\u00e2teau de Paraza vous invite \u00e0 d\u00e9couvrir son histoire et ses vins, \u00e0 travers ses exp\u00e9riences et activit\u00e9s : visites, d\u00e9gustations...\" \/>\n<meta name=\"robots\" content=\"index, follow, max-snippet:-1, max-image-preview:large, max-video-preview:-1\" \/>\n<link rel=\"canonical\" href=\"https:\/\/www.chateau-de-paraza.com\/experiences-activites-degustation-visite-oenotourisme\/\" \/>\n<meta property=\"og:locale\" content=\"zh_CN\" \/>\n<meta property=\"og:type\" content=\"article\" \/>\n<meta property=\"og:title\" content=\"Exp\u00e9riences et activit\u00e9s oenotouristiques - \u00c0 la d\u00e9couverte du Ch\u00e2teau de Paraza\" \/>\n<meta property=\"og:description\" content=\"Le Ch\u00e2teau de Paraza vous invite \u00e0 d\u00e9couvrir son histoire et ses vins, \u00e0 travers ses exp\u00e9riences et activit\u00e9s : visites, d\u00e9gustations...\" \/>\n<meta property=\"og:url\" content=\"https:\/\/www.chateau-de-paraza.com\/experiences-activites-degustation-visite-oenotourisme\/\" \/>\n<meta property=\"og:site_name\" content=\"Ch\u00e2teau de Paraza\" \/>\n<meta property=\"article:publisher\" content=\"https:\/\/www.facebook.com\/chateaudeparaza\" \/>\n<meta property=\"article:modified_time\" content=\"2026-04-02T15:15:29+00:00\" \/>\n<meta name=\"twitter:card\" content=\"summary_large_image\" \/>\n<meta name=\"twitter:site\" content=\"@ChateauDeParaza\" \/>\n<meta name=\"twitter:label1\" content=\"\u9884\u8ba1\u9605\u8bfb\u65f6\u95f4\" \/>\n\t<meta name=\"twitter:data1\" content=\"3\u5206\" \/>\n<script type=\"application\/ld+json\" class=\"yoast-schema-graph\">{\"@context\":\"https:\/\/schema.org\",\"@graph\":[{\"@type\":\"WebPage\",\"@id\":\"https:\/\/www.chateau-de-paraza.com\/experiences-activites-degustation-visite-oenotourisme\/\",\"url\":\"https:\/\/www.chateau-de-paraza.com\/experiences-activites-degustation-visite-oenotourisme\/\",\"name\":\"Exp\u00e9riences et activit\u00e9s oenotouristiques - \u00c0 la d\u00e9couverte du Ch\u00e2teau de Paraza\",\"isPartOf\":{\"@id\":\"https:\/\/www.chateau-de-paraza.com\/#website\"},\"datePublished\":\"2019-03-27T09:08:50+00:00\",\"dateModified\":\"2026-04-02T15:15:29+00:00\",\"description\":\"Le Ch\u00e2teau de Paraza vous invite \u00e0 d\u00e9couvrir son histoire et ses vins, \u00e0 travers ses exp\u00e9riences et activit\u00e9s : visites, d\u00e9gustations...\",\"breadcrumb\":{\"@id\":\"https:\/\/www.chateau-de-paraza.com\/experiences-activites-degustation-visite-oenotourisme\/#breadcrumb\"},\"inLanguage\":\"zh-CN\",\"potentialAction\":[{\"@type\":\"ReadAction\",\"target\":[\"https:\/\/www.chateau-de-paraza.com\/experiences-activites-degustation-visite-oenotourisme\/\"]}]},{\"@type\":\"BreadcrumbList\",\"@id\":\"https:\/\/www.chateau-de-paraza.com\/experiences-activites-degustation-visite-oenotourisme\/#breadcrumb\",\"itemListElement\":[{\"@type\":\"ListItem\",\"position\":1,\"name\":\"Accueil\",\"item\":\"https:\/\/www.chateau-de-paraza.com\/zh-hans\/\"},{\"@type\":\"ListItem\",\"position\":2,\"name\":\"Exp\u00e9riences\"}]},{\"@type\":\"WebSite\",\"@id\":\"https:\/\/www.chateau-de-paraza.com\/#website\",\"url\":\"https:\/\/www.chateau-de-paraza.com\/\",\"name\":\"Ch\u00e2teau de Paraza\",\"description\":\"Site web du Ch\u00e2teau de Paraza\",\"potentialAction\":[{\"@type\":\"SearchAction\",\"target\":{\"@type\":\"EntryPoint\",\"urlTemplate\":\"https:\/\/www.chateau-de-paraza.com\/?s={search_term_string}\"},\"query-input\":\"required name=search_term_string\"}],\"inLanguage\":\"zh-CN\"}]}<\/script>\n<!-- \/ Yoast SEO plugin. -->","yoast_head_json":{"title":"Exp\u00e9riences et activit\u00e9s oenotouristiques - \u00c0 la d\u00e9couverte du Ch\u00e2teau de Paraza","description":"Le Ch\u00e2teau de Paraza vous invite \u00e0 d\u00e9couvrir son histoire et ses vins, \u00e0 travers ses exp\u00e9riences et activit\u00e9s : visites, d\u00e9gustations...","robots":{"index":"index","follow":"follow","max-snippet":"max-snippet:-1","max-image-preview":"max-image-preview:large","max-video-preview":"max-video-preview:-1"},"canonical":"https:\/\/www.chateau-de-paraza.com\/experiences-activites-degustation-visite-oenotourisme\/","og_locale":"zh_CN","og_type":"article","og_title":"Exp\u00e9riences et activit\u00e9s oenotouristiques - \u00c0 la d\u00e9couverte du Ch\u00e2teau de Paraza","og_description":"Le Ch\u00e2teau de Paraza vous invite \u00e0 d\u00e9couvrir son histoire et ses vins, \u00e0 travers ses exp\u00e9riences et activit\u00e9s : visites, d\u00e9gustations...","og_url":"https:\/\/www.chateau-de-paraza.com\/experiences-activites-degustation-visite-oenotourisme\/","og_site_name":"Ch\u00e2teau de Paraza","article_publisher":"https:\/\/www.facebook.com\/chateaudeparaza","article_modified_time":"2026-04-02T15:15:29+00:00","twitter_card":"summary_large_image","twitter_site":"@ChateauDeParaza","twitter_misc":{"\u9884\u8ba1\u9605\u8bfb\u65f6\u95f4":"3\u5206"},"schema":{"@context":"https:\/\/schema.org","@graph":[{"@type":"WebPage","@id":"https:\/\/www.chateau-de-paraza.com\/experiences-activites-degustation-visite-oenotourisme\/","url":"https:\/\/www.chateau-de-paraza.com\/experiences-activites-degustation-visite-oenotourisme\/","name":"Exp\u00e9riences et activit\u00e9s oenotouristiques - \u00c0 la d\u00e9couverte du Ch\u00e2teau de Paraza","isPartOf":{"@id":"https:\/\/www.chateau-de-paraza.com\/#website"},"datePublished":"2019-03-27T09:08:50+00:00","dateModified":"2026-04-02T15:15:29+00:00","description":"Le Ch\u00e2teau de Paraza vous invite \u00e0 d\u00e9couvrir son histoire et ses vins, \u00e0 travers ses exp\u00e9riences et activit\u00e9s : visites, d\u00e9gustations...","breadcrumb":{"@id":"https:\/\/www.chateau-de-paraza.com\/experiences-activites-degustation-visite-oenotourisme\/#breadcrumb"},"inLanguage":"zh-CN","potentialAction":[{"@type":"ReadAction","target":["https:\/\/www.chateau-de-paraza.com\/experiences-activites-degustation-visite-oenotourisme\/"]}]},{"@type":"BreadcrumbList","@id":"https:\/\/www.chateau-de-paraza.com\/experiences-activites-degustation-visite-oenotourisme\/#breadcrumb","itemListElement":[{"@type":"ListItem","position":1,"name":"Accueil","item":"https:\/\/www.chateau-de-paraza.com\/zh-hans\/"},{"@type":"ListItem","position":2,"name":"Exp\u00e9riences"}]},{"@type":"WebSite","@id":"https:\/\/www.chateau-de-paraza.com\/#website","url":"https:\/\/www.chateau-de-paraza.com\/","name":"Ch\u00e2teau de Paraza","description":"Site web du Ch\u00e2teau de Paraza","potentialAction":[{"@type":"SearchAction","target":{"@type":"EntryPoint","urlTemplate":"https:\/\/www.chateau-de-paraza.com\/?s={search_term_string}"},"query-input":"required name=search_term_string"}],"inLanguage":"zh-CN"}]}},"_links":{"self":[{"href":"https:\/\/www.chateau-de-paraza.com\/zh-hans\/wp-json\/wp\/v2\/pages\/3495"}],"collection":[{"href":"https:\/\/www.chateau-de-paraza.com\/zh-hans\/wp-json\/wp\/v2\/pages"}],"about":[{"href":"https:\/\/www.chateau-de-paraza.com\/zh-hans\/wp-json\/wp\/v2\/types\/page"}],"author":[{"embeddable":true,"href":"https:\/\/www.chateau-de-paraza.com\/zh-hans\/wp-json\/wp\/v2\/users\/2"}],"replies":[{"embeddable":true,"href":"https:\/\/www.chateau-de-paraza.com\/zh-hans\/wp-json\/wp\/v2\/comments?post=3495"}],"version-history":[{"count":10,"href":"https:\/\/www.chateau-de-paraza.com\/zh-hans\/wp-json\/wp\/v2\/pages\/3495\/revisions"}],"predecessor-version":[{"id":13663,"href":"https:\/\/www.chateau-de-paraza.com\/zh-hans\/wp-json\/wp\/v2\/pages\/3495\/revisions\/13663"}],"wp:attachment":[{"href":"https:\/\/www.chateau-de-paraza.com\/zh-hans\/wp-json\/wp\/v2\/media?parent=3495"}],"curies":[{"name":"wp","href":"https:\/\/api.w.org\/{rel}","templated":true}]}}