{"id":2628,"date":"2017-02-24T16:57:54","date_gmt":"2017-02-24T15:57:54","guid":{"rendered":"https:\/\/www.chateau-de-paraza.com\/?page_id=2628"},"modified":"2017-02-24T16:58:10","modified_gmt":"2017-02-24T15:58:10","slug":"informations-relatives-aux-cookies","status":"publish","type":"page","link":"https:\/\/www.chateau-de-paraza.com\/zh-hans\/informations-relatives-aux-cookies\/","title":{"rendered":"Informations relatives aux Cookies"},"content":{"rendered":"<p>1- Les Cookies<\/p>\n<p>Les Cookies sont des fichiers textes qui sont stock\u00e9es dans des dossiers par le navigateur Internet sur votre ordinateur. Les cookies sont accessibles et enregistr\u00e9es par les sites internet que vous consultez, et par les soci\u00e9t\u00e9s qui affichent leurs annonces publicitaires sur des sites internet, pour qu\u2019ils puissent reconna\u00eetre le navigateur.<br \/>\nLe site web Ch\u00e2teau de Paraza utilise les cookies pour les raisons suivantes :<\/p>\n<p>D\u2019\u00e9tablir des statistiques et volumes de fr\u00e9quentation et d\u2019utilisation des divers \u00e9l\u00e9ments composant le site Ch\u00e2teau de Paraza, nous permettant d\u2019am\u00e9liorer l\u2019int\u00e9r\u00eat et l\u2019ergonomie de nos services.<br \/>\nD\u2019adapter la pr\u00e9sentation du site Ch\u00e2teau de Paraza aux pr\u00e9f\u00e9rences d\u2019affichage de votre terminal (langue utilis\u00e9e, r\u00e9solution d\u2019affichage, syst\u00e8me d\u2019exploitation utilis\u00e9, etc.) lors de vos visites sur notre site, selon les mat\u00e9riels et les logiciels de visualisation ou de lecture que votre terminal comporte.<br \/>\nPour aider \u00e0 mesurer et rechercher l\u2019efficacit\u00e9 de nos contenus interactifs en ligne, des caract\u00e9ristiques, des publicit\u00e9s, et d\u0092autres communications.<br \/>\nLe site Ch\u00e2teau de Paraza peut autoriser des tiers \u00e0 placer leurs propres cookies dans votre navigateur afin de vous proposer de la publicit\u00e9 pertinente en ligne, et pour nous aider \u00e0 mesurer le trafic et l\u2019efficacit\u00e9 comme d\u00e9crit ci-dessus, pour vous ouvrir l\u2019\u0092acc\u00e8s \u00e0 des r\u00e9seaux sociaux, des fonctionnalit\u00e9s et des services, et pour nous permettre de conduire des sondages et enqu\u00eates auxquels vous acceptez de participer.<\/p>\n<p>Facebook, Google et Twitter placent leurs cookies sur le site Ch\u00e2teau de Paraza pour aider \u00e0 l\u2019\u0092int\u00e9gration et au fonctionnement de son r\u00e9seau social et \u00e0 son utilisation conform\u00e9ment \u00e0 leurs r\u00e8gles relatives \u00e0 la vie priv\u00e9e. Tel est notamment le cas des boutons \u00ab Partager \u00bb, \u00ab J\u2019aime \u00bb, issus de r\u00e9seaux sociaux tels que \u00ab Facebook \u00bb, \u00ab Twitter \u00bb, \u201cGoogle Plus\u201d\u2026etc. Le r\u00e9seau social fournissant un tel bouton applicatif est susceptible de vous identifier gr\u00e2ce \u00e0 ce bouton, m\u00eame si vous n\u2019avez pas utilis\u00e9 ce bouton lors de votre consultation de notre site.<\/p>\n<p>Ch\u00e2teau de Paraza vous invite \u00e0 consulter les politiques de protection de la vie priv\u00e9e de ces r\u00e9seaux sociaux afin de prendre connaissance des finalit\u00e9s d\u2019utilisation, notamment publicitaires, des informations de navigation qu\u2019ils peuvent recueillir gr\u00e2ce \u00e0 ces boutons applicatifs. Ces politiques de protection doivent notamment vous permettre d\u2019exercer vos choix aupr\u00e8s de ces r\u00e9seaux sociaux, notamment en param\u00e9trant vos comptes d\u2019utilisation de chacun de ces r\u00e9seaux.<\/p>\n<p>Pour toute information relative \u00e0 vos choix sur l\u0092installation des cookies, consultez \u00ab Vos Choix Concernant les Cookies et les Balises Web \u00bb \u00e0 la fin de cette section.<\/p>\n<p>2- Les Balises Web et Autres Technologies<\/p>\n<p>Nous sommes susceptibles d\u0092\u2019utiliser des technologies standardis\u00e9es, telles que les balises web ou des technologies similaires, pour suivre votre utilisation sur le site Ch\u00e2teau de Paraza. Les balises web (parfois appel\u00e9s les GIFs transparents,GIFs clairs, ou des web-bugs) sont de petites lignes de code qui nous permettent d\u0092\u2019afficher une petite image graphique (g\u00e9n\u00e9ralement invisible) sur une page web ou dans un email. Les balises web peuvent reconna\u00eetre certains types d\u2019informations sur votre ordinateur tels que les cookies, l\u2019heure et la date de consultation d\u2019\u0092une page, et une description de la page o\u00f9 la balise web est mise.<\/p>\n<p>Nous utilisons des balises web afin d\u2019am\u00e9liorer votre exp\u00e9rience sur notre site internet, y compris pour vous fournir un contenu personnalis\u00e9 selon vos centres d\u2019\u0092int\u00e9r\u00eats et de comprendre si les utilisateurs lisent les e-mails et cliquent sur les liens contenus dans ces messages afin que nous puissions distribuer des contenus et des offres pertinentes. Nos balises web peuvent recueillir certaines coordonn\u00e9es (par exemple, l\u2019adresse email associ\u00e9e avec un email qui contient une balise web).<\/p>\n<p>Le site Ch\u00e2teau de Paraza peut inclure des balises web de tiers. Ces balises web permettent aux fournisseurs de services tiers de collecter certaines informations telles que votre adresse IP, votre type de navigateur, et la page web que vous avez consult\u00e9e avant d\u2019arriver sur notre site. Ces fournisseurs de services tiers traitent les informations qu\u2019\u0092ils collectent dans un but d\u2019\u0092audit et de recherche.<\/p>\n<p>Nous ne partageons pas vos coordonn\u00e9es (par exemple votre num\u00e9ro de t\u00e9l\u00e9phone ou adresse email) avec ces tiers dans le cadre de leur usage de balises web.<\/p>\n<p>Les Appareils Mobiles<\/p>\n<p>Certains appareils mobiles contiennent des identificateurs uniques qui peuvent \u00eatre utilis\u00e9s, par exemple, pour identifier l\u2019emplacement physique de ces appareils. De plus, les appareils mobiles transmettent les donn\u00e9es d\u2019\u0092identification de l\u2019appelant lorsque \u0092elles sont utilis\u00e9es pour transmettre un appel t\u00e9l\u00e9phonique ou un SMS. Le site internet Ch\u00e2teau de Paraza peut recueillir, utiliser, transmettre, traiter et conserver les identificateurs uniques, les donn\u00e9es sur l\u0092\u2019identification de l\u2019appelant, les donn\u00e9es de g\u00e9olocalisation, et des informations similaires lorsque vous utilisez des appareils mobiles, y compris pour fournir les services que vous demandez, pour vous informer sur les offres que nous pensons dignes d\u0092\u2019int\u00e9r\u00eat pour vous, et pour am\u00e9liorer votre exp\u00e9rience sur le site Ch\u00e2teau de Paraza. Conform\u00e9ment \u00e0 la loi applicable, Ch\u00e2teau de Paraza mettra \u00e0 votre disposition un moyen simple vous permettant, pr\u00e9alablement, d\u2019accepter ou de refuser que nous disposions de l\u2019emplacement g\u00e9ographique de votre terminal mobile. Le site Ch\u00e2teau de Paraza peut recueillir votre num\u00e9ro portable pour que vous puissiez participer \u00e0 certains services ou fonctionnalit\u00e9s et ce num\u00e9ro peut \u00eatre associ\u00e9 avec ces informations.<\/p>\n<p>3- Vos Choix Concernant les Cookies et Balises Web<\/p>\n<p>Vous avez le choix de configurer votre navigateur pour accepter tous les cookies, rejeter tous les cookies, vous informer quand un cookie est \u00e9mis, sa dur\u00e9e de validit\u00e9 et son contenu, ainsi que vous permettre de refuser son enregistrement dans votre terminal, et supprimer vos cookies p\u00e9riodiquement. Chaque navigateur \u00e9tant diff\u00e9rent, nous vous invitons \u00e0 consulter le menu contextuel \u00ab d\u2019\u0092Aide \u00bb de votre navigateur pour savoir comment modifier vos pr\u00e9f\u00e9rences relatives aux cookies, sinon suivre les liens figurant plus bas, pour chaque navigateur.<\/p>\n<p>Les balises web sont g\u00e9n\u00e9ralement utilis\u00e9es en relation avec les cookies, donc si votre navigateur est configur\u00e9 pour refuser les cookies, ou si les cookies sont supprim\u00e9s, les balises web ne seront pas en mesure de suivre votre activit\u00e9 lorsque vous naviguez entre les sites internet.<\/p>\n<p>C\u2019est \u00e0 vous de d\u00e9cider si vous nous permettez ou permettez \u00e0 des tiers de vous envoyer des cookies, mais si vous bloquez les cookies, vous pouvez ne pas \u00eatre en mesure d\u0092acc\u00e9der ou de consulter certains ou tous le site internet Ch\u00e2teau de Paraza. En utilisant le site internet Ch\u00e2teau de Paraza et en choisissant de ne pas bloquer ou d\u00e9sactiver les cookies, balises web ou autres technologies similaires quand vous avez la possibilit\u00e9 de le faire, vous consentez \u00e0 l\u0092utilisation des informations personnelles en relation avec les technologies telles que d\u00e9crites dans les pr\u00e9sentes r\u00e8gles.<\/p>\n<p>Pour plus d\u2019informations sur les cookies et les balises web, y compris sur la fa\u00e7on dont vous pouvez g\u00e9rer les param\u00e8tres de votre navigateur pour accepter ou refuser les cookies, consultez le site de la Commission Nationale de l\u2019Informatique et des Libert\u00e9s : http:\/\/www.cnil.fr\/vos-libertes\/vos-traces\/les-cookies\/.<\/p>\n<p>Les choix qui vous sont offerts par votre navigateur<\/p>\n<p>(a) L\u2019accord sur les Cookies<br \/>\nL\u2019enregistrement d\u2019un cookie dans un terminal est essentiellement subordonn\u00e9 \u00e0 la volont\u00e9 de l\u2019utilisateur du Terminal, que celui-ci peut exprimer et modifier \u00e0 tout moment et gratuitement \u00e0 travers les choix qui lui sont offerts par son logiciel de navigation.<br \/>\nSi vous avez accept\u00e9 dans votre logiciel de navigation l\u2019enregistrement de cookies dans votre Terminal, les cookies int\u00e9gr\u00e9s dans les pages et contenus que vous avez consult\u00e9s pourront \u00eatre stock\u00e9s temporairement dans un espace d\u00e9di\u00e9 de votre Terminal. Ils y seront lisibles uniquement par leur \u00e9metteur.<\/p>\n<p>(b) Le refus des Cookies<br \/>\nSi vous refusez l\u2019enregistrement de cookies dans votre terminal vous ne pourrez plus b\u00e9n\u00e9ficier d\u2019un certain nombre de fonctionnalit\u00e9s qui sont n\u00e9anmoins n\u00e9cessaires pour naviguer dans certains espaces du site internet Ch\u00e2teau de Paraza. Tel serait le cas si vous tentiez d\u2019acc\u00e9der \u00e0 nos contenus ou services qui n\u00e9cessitent de vous identifier. Tel serait \u00e9galement le cas lorsque nous -ou nos prestataires- ne pourrions pas reconna\u00eetre, \u00e0 des fins de compatibilit\u00e9 technique, le type de navigateur utilis\u00e9 par votre terminal, ses param\u00e8tres de langue et d\u2019affichage ou le pays depuis lequel votre terminal semble connect\u00e9 \u00e0 Internet.<br \/>\nLe cas \u00e9ch\u00e9ant, Ch\u00e2teau de Paraza d\u00e9cline toute responsabilit\u00e9 concernant les cons\u00e9quences li\u00e9es au fonctionnement d\u00e9grad\u00e9 de nos services r\u00e9sultant de l\u2019impossibilit\u00e9 pour Ch\u00e2teau de Paraza d\u2019enregistrer ou de consulter les cookies n\u00e9cessaires au fonctionnement du site et que vous auriez refus\u00e9s ou supprim\u00e9s.<\/p>\n<p>(c) Comment exercer vos choix, selon le navigateur que vous utilisez ?<br \/>\nPour la gestion des cookies et de vos choix, la configuration de chaque navigateur est diff\u00e9rente. Elle est d\u00e9crite dans le menu d\u2019aide de votre navigateur, qui vous permettra de savoir de quelle mani\u00e8re modifier vos souhaits en mati\u00e8re de cookies. Pour :<\/p>\n<p>Internet Explorer\u2122 : http:\/\/windows.microsoft.com\/fr-FR\/windows-vista\/Block-or-allow-cookies<br \/>\nSafari\u2122 : http:\/\/docs.info.apple.com\/article.html?path=Safari\/3.0\/fr\/9277.html<br \/>\nChrome\u2122 : http:\/\/support.google.com\/chrome\/bin\/answer.py?hl=fr&#038;hlrm=en&#038;answer=95647<br \/>\nFirefox\u2122 : http:\/\/support.mozilla.org\/fr\/kb\/Activer%20et%20d%C3%A9sactiver%20les%20cookies<br \/>\nOpera\u2122 : http:\/\/help.opera.com\/Windows\/10.20\/fr\/cookies.html<br \/>\nVous pouvez \u00e9galement param\u00e9trer votre navigateur afin que celui-ci envoie un code indiquant aux sites Web que vous ne souhaitez pas \u00eatre suivis. (option \u00ab Do No Track \u00bb). Pour:<\/p>\n<p>Internet Explorer\u2122 : http:\/\/windows.microsoft.com\/fr-fr\/internet-explorer\/use-tracking-protection#ie=ie-11<br \/>\nSafari\u2122 : http:\/\/support.apple.com\/kb\/PH11952<br \/>\nChrome\u2122 : https:\/\/support.google.com\/chrome\/answer\/114836?<br \/>\nFirefox\u2122 : https:\/\/support.mozilla.org\/fr\/kb\/comment-activer-option-ne-pas-pister<br \/>\nOpera\u2122 : http:\/\/help.opera.com\/Windows\/12.10\/fr\/notrack.html<br \/>\nVos choix exprim\u00e9s en ligne<\/p>\n<p>Il existe d\u2019autres possibilit\u00e9s que le param\u00e9trage du navigateur pour g\u00e9rer le d\u00e9p\u00f4t des cookies sur son terminal. Refuser les cookies du site internet Ch\u00e2teau de Paraza ne signifie pas que vous ne verrez aucune publicit\u00e9 en ligne. Cela signifie simplement que les publicit\u00e9s pour les produits Ch\u00e2teau de Paraza que vous recevrez ne seront pas bas\u00e9es sur vos centres d\u2019int\u00e9r\u00eats suppos\u00e9s (li\u00e9s \u00e0 votre navigation sur Ch\u00e2teau de Paraza ). Par ailleurs, vous pouvez toujours recevoir des publicit\u00e9s comportementales d\u2019autres entreprises, si vous n\u2019avez pas refus\u00e9 leurs cookies.<\/p>\n<p>Il y a plusieurs familles de cookies pr\u00e9sentes sur les sites Ch\u00e2teau de Paraza:<\/p>\n<p>1. Fonctionnement<br \/>\nIl s\u2019agit du niveau de d\u00e9sactivation le plus \u00e9lev\u00e9. Il ne maintient que les cookies qui garantissent le fonctionnement du site et permettent son optimisation. Ces cookies ne peuvent pas \u00eatre d\u00e9sactiv\u00e9s car cela emp\u00eacherait le fonctionnement correct du site.<\/p>\n<p>2. Social et Webanalytics<br \/>\nCe niveau de d\u00e9sactivation interm\u00e9diaire maintient les cookies sociaux et les cookies de Webanalytics. Les cookies sociaux permettent d\u2019interagir avec les modules sociaux pr\u00e9sents sur le site. Les d\u00e9sactiver emp\u00eache donc toute interaction avec les r\u00e9seaux sociaux. Les cookies de Webanalytics nous permettent d\u2019obtenir des statistiques de fr\u00e9quentation anonyme de notre site afin de l\u2019optimiser et de d\u00e9tecter d\u2019\u00e9ventuels dysfonctionnements.<\/p>\n<p>Ch\u00e2teau de Paraza utilise \u00e9galement Google Analytics. Pour bloquer l\u2019utilisation des donn\u00e9es par Google Analytics : https:\/\/tools.google.com\/dlpage\/gaoptout<br \/>\nCh\u00e2teau de Paraza utilise en particulier les boutons de partage Facebook et Twitter:<br \/>\nPour g\u00e9rer vos donn\u00e9es sur Facebook: https:\/\/www.facebook.com\/help\/cookies\/<br \/>\nPour g\u00e9rer vos donn\u00e9es sur Twitter: https:\/\/support.twitter.com\/articles\/20170518-utilisation-des-cookies-et-des-technologies-similaires-par-twitter<br \/>\nAttention, la prise en compte de votre souhait repose sur un cookie. Si vous supprimez tous les cookies enregistr\u00e9s au sein de votre terminal navigateur concernant le site Ch\u00e2teau de Paraza, Ch\u00e2teau de Paraza -ou ses prestataires- ne sauront plus quel consentement vous avez \u00e9mis. Cela reviendra donc \u00e0 r\u00e9initialiser le consentement et il vous sera donc redemand\u00e9 lors de votre prochaine visite, ou lors du prochain chargement d\u2019une page du site Ch\u00e2teau de Paraza.<\/p>\n","protected":false},"excerpt":{"rendered":"<p>1- Les Cookies Les Cookies sont des fichiers textes qui&hellip;<\/p>\n","protected":false},"author":1,"featured_media":0,"parent":0,"menu_order":0,"comment_status":"closed","ping_status":"closed","template":"","meta":[],"yoast_head":"<!-- This site is optimized with the Yoast SEO plugin v21.8.1 - https:\/\/yoast.com\/wordpress\/plugins\/seo\/ -->\n<title>Informations relatives aux Cookies - Ch\u00e2teau de Paraza<\/title>\n<meta name=\"description\" content=\"1- Les Cookies Les Cookies sont des fichiers textes qui sont stock\u00e9es dans des dossiers par le navigateur Internet sur votre ordinateur. Les cookies sont\" \/>\n<meta name=\"robots\" content=\"index, follow, max-snippet:-1, max-image-preview:large, max-video-preview:-1\" \/>\n<link rel=\"canonical\" href=\"https:\/\/www.chateau-de-paraza.com\/informations-relatives-aux-cookies\/\" \/>\n<meta property=\"og:locale\" content=\"zh_CN\" \/>\n<meta property=\"og:type\" content=\"article\" \/>\n<meta property=\"og:title\" content=\"Informations relatives aux Cookies - Ch\u00e2teau de Paraza\" \/>\n<meta property=\"og:description\" content=\"1- Les Cookies Les Cookies sont des fichiers textes qui sont stock\u00e9es dans des dossiers par le navigateur Internet sur votre ordinateur. Les cookies sont\" \/>\n<meta property=\"og:url\" content=\"https:\/\/www.chateau-de-paraza.com\/informations-relatives-aux-cookies\/\" \/>\n<meta property=\"og:site_name\" content=\"Ch\u00e2teau de Paraza\" \/>\n<meta property=\"article:publisher\" content=\"https:\/\/www.facebook.com\/chateaudeparaza\" \/>\n<meta property=\"article:modified_time\" content=\"2017-02-24T15:58:10+00:00\" \/>\n<meta name=\"twitter:card\" content=\"summary_large_image\" \/>\n<meta name=\"twitter:site\" content=\"@ChateauDeParaza\" \/>\n<meta name=\"twitter:label1\" content=\"\u9884\u8ba1\u9605\u8bfb\u65f6\u95f4\" \/>\n\t<meta name=\"twitter:data1\" content=\"11\u5206\" \/>\n<script type=\"application\/ld+json\" class=\"yoast-schema-graph\">{\"@context\":\"https:\/\/schema.org\",\"@graph\":[{\"@type\":\"WebPage\",\"@id\":\"https:\/\/www.chateau-de-paraza.com\/informations-relatives-aux-cookies\/\",\"url\":\"https:\/\/www.chateau-de-paraza.com\/informations-relatives-aux-cookies\/\",\"name\":\"Informations relatives aux Cookies - Ch\u00e2teau de Paraza\",\"isPartOf\":{\"@id\":\"https:\/\/www.chateau-de-paraza.com\/#website\"},\"datePublished\":\"2017-02-24T15:57:54+00:00\",\"dateModified\":\"2017-02-24T15:58:10+00:00\",\"description\":\"1- Les Cookies Les Cookies sont des fichiers textes qui sont stock\u00e9es dans des dossiers par le navigateur Internet sur votre ordinateur. Les cookies sont\",\"breadcrumb\":{\"@id\":\"https:\/\/www.chateau-de-paraza.com\/informations-relatives-aux-cookies\/#breadcrumb\"},\"inLanguage\":\"zh-CN\",\"potentialAction\":[{\"@type\":\"ReadAction\",\"target\":[\"https:\/\/www.chateau-de-paraza.com\/informations-relatives-aux-cookies\/\"]}]},{\"@type\":\"BreadcrumbList\",\"@id\":\"https:\/\/www.chateau-de-paraza.com\/informations-relatives-aux-cookies\/#breadcrumb\",\"itemListElement\":[{\"@type\":\"ListItem\",\"position\":1,\"name\":\"Accueil\",\"item\":\"https:\/\/www.chateau-de-paraza.com\/zh-hans\/\"},{\"@type\":\"ListItem\",\"position\":2,\"name\":\"Informations relatives aux Cookies\"}]},{\"@type\":\"WebSite\",\"@id\":\"https:\/\/www.chateau-de-paraza.com\/#website\",\"url\":\"https:\/\/www.chateau-de-paraza.com\/\",\"name\":\"Ch\u00e2teau de Paraza\",\"description\":\"Site web du Ch\u00e2teau de Paraza\",\"potentialAction\":[{\"@type\":\"SearchAction\",\"target\":{\"@type\":\"EntryPoint\",\"urlTemplate\":\"https:\/\/www.chateau-de-paraza.com\/?s={search_term_string}\"},\"query-input\":\"required name=search_term_string\"}],\"inLanguage\":\"zh-CN\"}]}<\/script>\n<!-- \/ Yoast SEO plugin. -->","yoast_head_json":{"title":"Informations relatives aux Cookies - Ch\u00e2teau de Paraza","description":"1- Les Cookies Les Cookies sont des fichiers textes qui sont stock\u00e9es dans des dossiers par le navigateur Internet sur votre ordinateur. Les cookies sont","robots":{"index":"index","follow":"follow","max-snippet":"max-snippet:-1","max-image-preview":"max-image-preview:large","max-video-preview":"max-video-preview:-1"},"canonical":"https:\/\/www.chateau-de-paraza.com\/informations-relatives-aux-cookies\/","og_locale":"zh_CN","og_type":"article","og_title":"Informations relatives aux Cookies - Ch\u00e2teau de Paraza","og_description":"1- Les Cookies Les Cookies sont des fichiers textes qui sont stock\u00e9es dans des dossiers par le navigateur Internet sur votre ordinateur. Les cookies sont","og_url":"https:\/\/www.chateau-de-paraza.com\/informations-relatives-aux-cookies\/","og_site_name":"Ch\u00e2teau de Paraza","article_publisher":"https:\/\/www.facebook.com\/chateaudeparaza","article_modified_time":"2017-02-24T15:58:10+00:00","twitter_card":"summary_large_image","twitter_site":"@ChateauDeParaza","twitter_misc":{"\u9884\u8ba1\u9605\u8bfb\u65f6\u95f4":"11\u5206"},"schema":{"@context":"https:\/\/schema.org","@graph":[{"@type":"WebPage","@id":"https:\/\/www.chateau-de-paraza.com\/informations-relatives-aux-cookies\/","url":"https:\/\/www.chateau-de-paraza.com\/informations-relatives-aux-cookies\/","name":"Informations relatives aux Cookies - Ch\u00e2teau de Paraza","isPartOf":{"@id":"https:\/\/www.chateau-de-paraza.com\/#website"},"datePublished":"2017-02-24T15:57:54+00:00","dateModified":"2017-02-24T15:58:10+00:00","description":"1- Les Cookies Les Cookies sont des fichiers textes qui sont stock\u00e9es dans des dossiers par le navigateur Internet sur votre ordinateur. Les cookies sont","breadcrumb":{"@id":"https:\/\/www.chateau-de-paraza.com\/informations-relatives-aux-cookies\/#breadcrumb"},"inLanguage":"zh-CN","potentialAction":[{"@type":"ReadAction","target":["https:\/\/www.chateau-de-paraza.com\/informations-relatives-aux-cookies\/"]}]},{"@type":"BreadcrumbList","@id":"https:\/\/www.chateau-de-paraza.com\/informations-relatives-aux-cookies\/#breadcrumb","itemListElement":[{"@type":"ListItem","position":1,"name":"Accueil","item":"https:\/\/www.chateau-de-paraza.com\/zh-hans\/"},{"@type":"ListItem","position":2,"name":"Informations relatives aux Cookies"}]},{"@type":"WebSite","@id":"https:\/\/www.chateau-de-paraza.com\/#website","url":"https:\/\/www.chateau-de-paraza.com\/","name":"Ch\u00e2teau de Paraza","description":"Site web du Ch\u00e2teau de Paraza","potentialAction":[{"@type":"SearchAction","target":{"@type":"EntryPoint","urlTemplate":"https:\/\/www.chateau-de-paraza.com\/?s={search_term_string}"},"query-input":"required name=search_term_string"}],"inLanguage":"zh-CN"}]}},"_links":{"self":[{"href":"https:\/\/www.chateau-de-paraza.com\/zh-hans\/wp-json\/wp\/v2\/pages\/2628"}],"collection":[{"href":"https:\/\/www.chateau-de-paraza.com\/zh-hans\/wp-json\/wp\/v2\/pages"}],"about":[{"href":"https:\/\/www.chateau-de-paraza.com\/zh-hans\/wp-json\/wp\/v2\/types\/page"}],"author":[{"embeddable":true,"href":"https:\/\/www.chateau-de-paraza.com\/zh-hans\/wp-json\/wp\/v2\/users\/1"}],"replies":[{"embeddable":true,"href":"https:\/\/www.chateau-de-paraza.com\/zh-hans\/wp-json\/wp\/v2\/comments?post=2628"}],"version-history":[{"count":1,"href":"https:\/\/www.chateau-de-paraza.com\/zh-hans\/wp-json\/wp\/v2\/pages\/2628\/revisions"}],"predecessor-version":[{"id":12556,"href":"https:\/\/www.chateau-de-paraza.com\/zh-hans\/wp-json\/wp\/v2\/pages\/2628\/revisions\/12556"}],"wp:attachment":[{"href":"https:\/\/www.chateau-de-paraza.com\/zh-hans\/wp-json\/wp\/v2\/media?parent=2628"}],"curies":[{"name":"wp","href":"https:\/\/api.w.org\/{rel}","templated":true}]}}