{"id":190,"date":"2015-06-22T18:17:03","date_gmt":"2015-06-22T17:17:03","guid":{"rendered":"http:\/\/chateau-de-paraza.com\/?page_id=190"},"modified":"2025-01-30T16:29:03","modified_gmt":"2025-01-30T15:29:03","slug":"les-suites-du-chateau","status":"publish","type":"page","link":"https:\/\/www.chateau-de-paraza.com\/zh-hans\/chambre-dhotes-suites-chateau-occitanie-aude-minervois\/les-suites-du-chateau\/","title":{"rendered":"D\u00e9couvrir les suites"},"content":{"rendered":"<div class=\"wpb-content-wrapper\"><p>[vc_row][vc_column][vc_column_text]<\/p>\n<h2>D\u00c9COUVREZ LES SUITES DU CH\u00c2TEAU<\/h2>\n<p>[\/vc_column_text][\/vc_column][\/vc_row][vc_row][vc_column][vc_column_text]<div class=\"gap\" style=\"line-height: 10px; height: 10px;\"><\/div>\n<p>Cinq suites ont \u00e9t\u00e9 restaur\u00e9es avec raffinement dans chaque aile du Ch\u00e2teau, avec une mention sp\u00e9ciale pour les salles de bain somptueuses. Id\u00e9ales pour un s\u00e9jour romantique \u00e0 deux, entre amis ou en famille. Venez d\u00e9couvrir les suites du Ch\u00e2teau de Paraza\u00a0: celle du Roi, celle du Baron de Jougla, la suite de la Biblioth\u00e8que, celle de la Comtesse, et enfin, la suite de Paul Riquet[\/vc_column_text][\/vc_column][vc_column][vc_empty_space height=&#8221;15px&#8221;]<div class=\"hr-thick\" style=\"width: 100%;\"><\/div>[\/vc_column][vc_column][vc_empty_space height=&#8221;50px&#8221;][\/vc_column][\/vc_row][vc_row][vc_column][vc_column_text]<\/p>\n<h4>Nos chambres d&#8217;h\u00f4tes familiales<\/h4>\n<p>[\/vc_column_text]<div class=\"hr-thin style-line\" style=\"width: 100%;\"><\/div>[vc_empty_space height=&#8221;20px&#8221;][\/vc_column][\/vc_row][vc_row][vc_column width=&#8221;1\/2&#8243;][vc_media_grid style=&#8221;pagination&#8221; items_per_page=&#8221;1&#8243; element_width=&#8221;12&#8243; arrows_design=&#8221;vc_arrow-icon-arrow_01_left&#8221; grid_id=&#8221;vc_gid:1738250791601-52cf2710-c1e5-10&#8243; include=&#8221;1729,1720,1711,1717,1723,1732,1735&#8243;][\/vc_column][vc_column width=&#8221;1\/2&#8243;][vc_column_text css=&#8221;.vc_custom_1614959781632{padding-right: 10px !important;padding-left: 10px !important;background-color: #ffffff !important;}&#8221;]<\/p>\n<h4>Suite du Roi<\/h4>\n<p style=\"text-align: justify;\">Avec ses luxurieuses\u00a0tapisseries, ses plafonds \u00e0 la fran\u00e7aise, ses rideaux de soie chatoyants, et ses chemin\u00e9es en pierre, l&#8217;ambiance de la Suite du Roi\u00a0vous transporte au si\u00e8cle de Louis 14. Vue\u00a0sur la Cour du Ch\u00e2teau.<\/p>\n<p>Cette chambre est compos\u00e9e de deux chambres connect\u00e9es et partageant une salle de bain. Id\u00e9ale pour accueillir une famille.<\/p>\n<ul>\n<li style=\"text-align: justify;\"><span style=\"color: #808080;\">Lit de180*200 et lit\u00a0<\/span><span style=\"color: #808080;\">de\u00a0190*150 <\/span><\/li>\n<\/ul>\n<p>[\/vc_column_text][vc_empty_space height=&#8221;51px&#8221;][vc_row_inner][vc_column_inner][vc_btn title=&#8221;R\u00e9server&#8221; shape=&#8221;square&#8221; size=&#8221;xs&#8221; align=&#8221;center&#8221; button_block=&#8221;true&#8221; link=&#8221;url:https%3A%2F%2Fchateau-de-paraza.amenitiz.io%2Ffr%2Fbooking%2Froom|title:r%C3%A9server|target:_blank&#8221;][\/vc_column_inner][\/vc_row_inner][\/vc_column][vc_column][vc_empty_space][\/vc_column][vc_column]<div class=\"hr-thin style-line\" style=\"width: 100%;\"><\/div>[\/vc_column][vc_column][vc_empty_space][\/vc_column][\/vc_row][vc_row][vc_column width=&#8221;1\/2&#8243;][vc_media_grid style=&#8221;pagination&#8221; items_per_page=&#8221;1&#8243; element_width=&#8221;12&#8243; arrows_design=&#8221;vc_arrow-icon-arrow_01_left&#8221; grid_id=&#8221;vc_gid:1738250791610-4e9f1852-1e78-0&#8243; include=&#8221;1708,1781,1784,195&#8243;][\/vc_column][vc_column width=&#8221;1\/2&#8243;][vc_column_text css=&#8221;.vc_custom_1614959796411{padding-right: 10px !important;padding-left: 10px !important;background-color: #ffffff !important;}&#8221;]<\/p>\n<h4 style=\"text-align: justify;\">Suite du Baron de Jougla<\/h4>\n<p style=\"text-align: justify;\">Espace et raffinement sont les ma\u00eetres mots de la Suite du Baron de Jougla. Vue sur les Terrasses de Riquet et sur le clo\u00eetre abritant la piscine. Acc\u00e8s privil\u00e9gi\u00e9 \u00e0 la piscine.<\/p>\n<ul>\n<li class=\"p1\" style=\"text-align: justify;\"><span style=\"color: #808080;\">Lit de 180*200cm<\/span><\/li>\n<li><span style=\"color: #808080;\">Lits jumeaux de 90*200cm dans une chambre s\u00e9par\u00e9e mais connect\u00e9e (id\u00e9ale pour les familles)<\/span><\/li>\n<\/ul>\n<p>[\/vc_column_text][vc_empty_space height=&#8221;51px&#8221;][vc_row_inner][vc_column_inner][vc_btn title=&#8221;R\u00e9server&#8221; shape=&#8221;square&#8221; size=&#8221;xs&#8221; align=&#8221;center&#8221; button_block=&#8221;true&#8221; link=&#8221;url:https%3A%2F%2Fchateau-de-paraza.amenitiz.io%2Ffr%2Fbooking%2Froom|title:r%C3%A9server|target:_blank&#8221;][\/vc_column_inner][\/vc_row_inner][\/vc_column][vc_column][vc_empty_space][\/vc_column][vc_column]<div class=\"hr-thin style-line\" style=\"width: 100%;\"><\/div>[\/vc_column][vc_column][vc_empty_space][\/vc_column][\/vc_row][vc_row][vc_column width=&#8221;1\/2&#8243;][vc_media_grid style=&#8221;pagination&#8221; items_per_page=&#8221;1&#8243; element_width=&#8221;12&#8243; arrows_design=&#8221;vc_arrow-icon-arrow_01_left&#8221; grid_id=&#8221;vc_gid:1738250791614-7e619300-78ab-7&#8243; include=&#8221;5427,5807,5803,5799,5439,5431&#8243;][\/vc_column][vc_column width=&#8221;1\/2&#8243;][vc_column_text css=&#8221;.vc_custom_1626107526712{padding-right: 10px !important;padding-left: 10px !important;background-color: #ffffff !important;}&#8221;]<\/p>\n<h4 style=\"text-align: justify;\">Suite de la Biblioth\u00e8que<\/h4>\n<p>Spacieuse et \u00e9rudite, la suite de la biblioth\u00e8que vous plonge au milieu des classiques de la litt\u00e9rature. Vue imprenable sur les Pyr\u00e9n\u00e9es et les terrasses du ch\u00e2teau.<\/p>\n<p>Cette suite se compose d&#8217;une grande chambre parentale et de deux chambres en enfilade, s\u00e9par\u00e9es mais connect\u00e9es par un couloir. Les chambres se partagent une superbe salle de bain. (Id\u00e9al pour les familles).<\/p>\n<ul>\n<li class=\"p1\" style=\"text-align: justify;\"><span style=\"color: #808080;\">Lit de 180*200cm<\/span><\/li>\n<li><span style=\"color: #808080;\">1 lit de 140*200cm et 1 lit de 160*200cm<\/span><\/li>\n<\/ul>\n<p>[\/vc_column_text][vc_empty_space height=&#8221;51px&#8221;][vc_row_inner][vc_column_inner][vc_btn title=&#8221;R\u00e9server&#8221; shape=&#8221;square&#8221; size=&#8221;xs&#8221; align=&#8221;center&#8221; button_block=&#8221;true&#8221; link=&#8221;url:https%3A%2F%2Fchateau-de-paraza.amenitiz.io%2Ffr%2Fbooking%2Froom|title:r%C3%A9server|target:_blank&#8221;][\/vc_column_inner][\/vc_row_inner][\/vc_column][vc_column][vc_empty_space][\/vc_column][vc_column]<div class=\"hr-thin style-line\" style=\"width: 100%;\"><\/div>[\/vc_column][vc_column][vc_empty_space][\/vc_column][\/vc_row][vc_row][vc_column][vc_column_text]<\/p>\n<h4>Nos chambres d&#8217;h\u00f4tes classiques<\/h4>\n<p>[\/vc_column_text]<div class=\"hr-thin style-line\" style=\"width: 100%;\"><\/div>[vc_empty_space height=&#8221;20px&#8221;][\/vc_column][\/vc_row][vc_row][vc_column width=&#8221;1\/2&#8243;][vc_media_grid style=&#8221;pagination&#8221; items_per_page=&#8221;1&#8243; element_width=&#8221;12&#8243; arrows_design=&#8221;vc_arrow-icon-arrow_01_left&#8221; grid_id=&#8221;vc_gid:1738250791619-0f332d94-7f57-6&#8243; include=&#8221;5279,3351,3347,1773,1767&#8243;][\/vc_column][vc_column width=&#8221;1\/2&#8243;][vc_column_text css=&#8221;.vc_custom_1614960450645{padding-top: 10px !important;padding-right: 10px !important;padding-bottom: 15px !important;padding-left: 10px !important;background-color: #ffffff !important;}&#8221;]<\/p>\n<h4>Suite de la Comtesse<\/h4>\n<p style=\"text-align: justify;\">Avec ses reflets dor\u00e9s, la Suite de la Comtesse invite \u00e0 des moments de d\u00e9tente et de volupt\u00e9. Vue sur la Cour du Ch\u00e2teau et sur le Clo\u00eetre abritant la piscine.<\/p>\n<ul>\n<li class=\"p1\" style=\"text-align: justify;\"><span style=\"color: #808080;\">Lit de 180*200cm<\/span><\/li>\n<\/ul>\n<p>[\/vc_column_text][vc_empty_space height=&#8221;51px&#8221;][vc_row_inner][vc_column_inner][vc_btn title=&#8221;R\u00e9server&#8221; shape=&#8221;square&#8221; size=&#8221;xs&#8221; align=&#8221;center&#8221; button_block=&#8221;true&#8221; link=&#8221;url:https%3A%2F%2Fchateau-de-paraza.amenitiz.io%2Ffr%2Fbooking%2Froom|title:r%C3%A9server|target:_blank&#8221;][\/vc_column_inner][\/vc_row_inner][\/vc_column][vc_column][vc_empty_space][\/vc_column][vc_column]<div class=\"hr-thin style-line\" style=\"width: 100%;\"><\/div>[\/vc_column][vc_column][vc_empty_space][\/vc_column][\/vc_row][vc_row][vc_column width=&#8221;1\/2&#8243;][vc_media_grid style=&#8221;pagination&#8221; items_per_page=&#8221;1&#8243; element_width=&#8221;12&#8243; arrows_design=&#8221;vc_arrow-icon-arrow_01_left&#8221; grid_id=&#8221;vc_gid:1738250791623-521a7b74-20cf-2&#8243; include=&#8221;3396,2537,1741,1750,1747&#8243;][\/vc_column][vc_column width=&#8221;1\/2&#8243;][vc_column_text css=&#8221;.vc_custom_1738250939240{padding-right: 10px !important;padding-left: 10px !important;background-color: #ffffff !important;}&#8221;]<\/p>\n<h4>Suite de Paul Riquet<\/h4>\n<p class=\"p1\" style=\"text-align: justify;\">Spacieuse et \u00e9l\u00e9gante, la Suite de Riquet accueillit l&#8217;architecte Paul Riquet lors de la construction du <a href=\"https:\/\/www.jaimemonpatrimoine.fr\/fr\/module\/81\/1610\/le-canal-du-midi-et-le-canal-de-brienne#:~:text=Le%20chantier%2C%20colossal%2C%20dure%20pr%C3%A8s,%C2%AB%20Canal%20Royal%20du%20Languedoc%20%C2%BB.\">Canal Royal<\/a>. Elle offre une vue sur les Terrasses du Ch\u00e2teau et sur la Plaine de l&#8217;Aude jusqu&#8217;aux Pyr\u00e9n\u00e9es.<\/p>\n<ul>\n<li class=\"p1\"><span style=\"color: #808080;\">Lit de 180*200cm<\/span><\/li>\n<\/ul>\n<p>[\/vc_column_text][vc_empty_space height=&#8221;51px&#8221;][vc_row_inner][vc_column_inner][vc_btn title=&#8221;R\u00e9server&#8221; shape=&#8221;square&#8221; size=&#8221;xs&#8221; align=&#8221;center&#8221; button_block=&#8221;true&#8221; link=&#8221;url:https%3A%2F%2Fchateau-de-paraza.amenitiz.io%2Ffr%2Fbooking%2Froom|title:r%C3%A9server|target:_blank&#8221;][vc_btn title=&#8221;D\u00e9couvrez Paul Riquet&#8221; shape=&#8221;square&#8221; size=&#8221;xs&#8221; align=&#8221;center&#8221; button_block=&#8221;true&#8221; link=&#8221;url:https%3A%2F%2Ffr.wikipedia.org%2Fwiki%2FPierre-Paul_Riquet|target:_blank&#8221;][\/vc_column_inner][\/vc_row_inner][\/vc_column][vc_column][vc_empty_space][\/vc_column][vc_column]<div class=\"hr-thick\" style=\"width: 100%;\"><\/div>[\/vc_column][\/vc_row][vc_row][vc_column][vc_empty_space][\/vc_column][\/vc_row][vc_row][vc_column]<blockquote class=\"text-big shortcode-blockquote\"><p class=\"p1\">Le luxe pour nous r\u00e9side dans une \u00e9l\u00e9gance simple, un accueil chaleureux et convivial, une attention aux petits d\u00e9tails. Venez d\u00e9couvrir le charme d&#8217;un s\u00e9jour \u00e0 la fran\u00e7aise et\u00a0profiter de vacances hors du temps.<\/p>\n<\/blockquote>[\/vc_column][vc_column][vc_empty_space][\/vc_column][vc_column]<div class=\"hr-thick\" style=\"width: 100%;\"><\/div>[vc_empty_space][\/vc_column][\/vc_row][vc_row][vc_column][vc_column_text]<\/p>\n<h2 style=\"text-align: center;\"><strong>LE PETIT D\u00c9JEUNER AU CH\u00c2TEAU<\/strong><\/h2>\n<p>[\/vc_column_text][vc_column_text]<\/p>\n<p class=\"p1\"><div class=\"gap\" style=\"line-height: 10px; height: 10px;\"><\/div>\n<p class=\"p1\" style=\"text-align: center;\">Apr\u00e8s une nuit de sommeil royale dans l&#8217;une des suites du Ch\u00e2teau, rien de tel que de se restaurer dans la salle \u00e0 manger, au centre des murs enti\u00e8rement recouverts de tapisserie d&#8217;\u00e9poque. Nous serons heureux de vous servir un petit d\u00e9jeuner \u00e0 la fran\u00e7aise, avec des viennoiseries et du pain frais, des confitures maison, un assortiment de yaourts bio, des fruits frais de saison, ainsi qu&#8217;une des sp\u00e9cialit\u00e9s de la maison.<span class=\"Apple-converted-space\">\u00a0 <\/span>Le tout accompagn\u00e9 d&#8217;une s\u00e9lection de th\u00e9s, d&#8217;un caf\u00e9, ou d&#8217;un jus de fruit frais.<\/p>\n<p>[\/vc_column_text][vc_empty_space][\/vc_column][\/vc_row][vc_row][vc_column][vc_single_image image=&#8221;5421&#8243; img_size=&#8221;500&#215;500&#8243; alignment=&#8221;center&#8221;][vc_empty_space]<div class=\"hr-thick\" style=\"width: 100%;\"><\/div>[vc_empty_space][\/vc_column][\/vc_row][vc_row][vc_column]<blockquote class=\"text-big shortcode-blockquote\"><h5 style=\"text-align: center;\">Vous avez des pr\u00e9f\u00e9rences pour votre h\u00e9bergement ou votre petit-d\u00e9jeuner ?<\/h5>\n<h5 style=\"text-align: center;\">Faites-le nous savoir : reservation@chateaudeparaza.com<\/h5>\n<\/blockquote>[\/vc_column][\/vc_row][vc_row][vc_column][vc_empty_space]<div class=\"hr-thick\" style=\"width: 100%;\"><\/div>[vc_empty_space][\/vc_column][\/vc_row][vc_row][vc_column][\/vc_column][\/vc_row][vc_row][vc_column][vc_empty_space][\/vc_column][\/vc_row][vc_row][vc_column][vc_btn title=&#8221;D\u00e9couvrez la r\u00e9gion&#8221; size=&#8221;lg&#8221; align=&#8221;center&#8221; link=&#8221;url:https%3A%2F%2Fwww.tourisme-corbieres-minervois.com|target:_blank&#8221;][\/vc_column][\/vc_row]<\/p>\n<\/div>","protected":false},"excerpt":{"rendered":"<p>[vc_row][vc_column][vc_column_text] D\u00c9COUVREZ LES SUITE&hellip;<\/p>\n","protected":false},"author":2,"featured_media":0,"parent":49,"menu_order":0,"comment_status":"closed","ping_status":"closed","template":"","meta":[],"yoast_head":"<!-- This site is optimized with the Yoast SEO plugin v21.8.1 - https:\/\/yoast.com\/wordpress\/plugins\/seo\/ -->\n<title>Les suites du ch\u00e2teau de Paraza - Ch\u00e2teau de Paraza<\/title>\n<meta name=\"description\" content=\"Cinq suites ont \u00e9t\u00e9 restaur\u00e9es avec raffinement dans chaque aile du Ch\u00e2teau, avec une mention sp\u00e9ciale pour les sublimes salle de bain.\" \/>\n<meta name=\"robots\" content=\"index, follow, max-snippet:-1, max-image-preview:large, max-video-preview:-1\" \/>\n<link rel=\"canonical\" href=\"https:\/\/www.chateau-de-paraza.com\/chambre-dhotes-suites-chateau-occitanie-aude-minervois\/les-suites-du-chateau\/\" \/>\n<meta property=\"og:locale\" content=\"zh_CN\" \/>\n<meta property=\"og:type\" content=\"article\" \/>\n<meta property=\"og:title\" content=\"Les suites du ch\u00e2teau de Paraza - Ch\u00e2teau de Paraza\" \/>\n<meta property=\"og:description\" content=\"Cinq suites ont \u00e9t\u00e9 restaur\u00e9es avec raffinement dans chaque aile du Ch\u00e2teau, avec une mention sp\u00e9ciale pour les sublimes salle de bain.\" \/>\n<meta property=\"og:url\" content=\"https:\/\/www.chateau-de-paraza.com\/chambre-dhotes-suites-chateau-occitanie-aude-minervois\/les-suites-du-chateau\/\" \/>\n<meta property=\"og:site_name\" content=\"Ch\u00e2teau de Paraza\" \/>\n<meta property=\"article:publisher\" content=\"https:\/\/www.facebook.com\/chateaudeparaza\" \/>\n<meta property=\"article:modified_time\" content=\"2025-01-30T15:29:03+00:00\" \/>\n<meta name=\"twitter:card\" content=\"summary_large_image\" \/>\n<meta name=\"twitter:site\" content=\"@ChateauDeParaza\" \/>\n<meta name=\"twitter:label1\" content=\"\u9884\u8ba1\u9605\u8bfb\u65f6\u95f4\" \/>\n\t<meta name=\"twitter:data1\" content=\"4\u5206\" \/>\n<script type=\"application\/ld+json\" class=\"yoast-schema-graph\">{\"@context\":\"https:\/\/schema.org\",\"@graph\":[{\"@type\":\"WebPage\",\"@id\":\"https:\/\/www.chateau-de-paraza.com\/chambre-dhotes-suites-chateau-occitanie-aude-minervois\/les-suites-du-chateau\/\",\"url\":\"https:\/\/www.chateau-de-paraza.com\/chambre-dhotes-suites-chateau-occitanie-aude-minervois\/les-suites-du-chateau\/\",\"name\":\"Les suites du ch\u00e2teau de Paraza - Ch\u00e2teau de Paraza\",\"isPartOf\":{\"@id\":\"https:\/\/www.chateau-de-paraza.com\/#website\"},\"datePublished\":\"2015-06-22T17:17:03+00:00\",\"dateModified\":\"2025-01-30T15:29:03+00:00\",\"description\":\"Cinq suites ont \u00e9t\u00e9 restaur\u00e9es avec raffinement dans chaque aile du Ch\u00e2teau, avec une mention sp\u00e9ciale pour les sublimes salle de bain.\",\"breadcrumb\":{\"@id\":\"https:\/\/www.chateau-de-paraza.com\/chambre-dhotes-suites-chateau-occitanie-aude-minervois\/les-suites-du-chateau\/#breadcrumb\"},\"inLanguage\":\"zh-CN\",\"potentialAction\":[{\"@type\":\"ReadAction\",\"target\":[\"https:\/\/www.chateau-de-paraza.com\/chambre-dhotes-suites-chateau-occitanie-aude-minervois\/les-suites-du-chateau\/\"]}]},{\"@type\":\"BreadcrumbList\",\"@id\":\"https:\/\/www.chateau-de-paraza.com\/chambre-dhotes-suites-chateau-occitanie-aude-minervois\/les-suites-du-chateau\/#breadcrumb\",\"itemListElement\":[{\"@type\":\"ListItem\",\"position\":1,\"name\":\"Accueil\",\"item\":\"https:\/\/www.chateau-de-paraza.com\/zh-hans\/\"},{\"@type\":\"ListItem\",\"position\":2,\"name\":\"Chambres\",\"item\":\"https:\/\/www.chateau-de-paraza.com\/chambre-dhotes-suites-chateau-occitanie-aude-minervois\/\"},{\"@type\":\"ListItem\",\"position\":3,\"name\":\"D\u00e9couvrir les suites\"}]},{\"@type\":\"WebSite\",\"@id\":\"https:\/\/www.chateau-de-paraza.com\/#website\",\"url\":\"https:\/\/www.chateau-de-paraza.com\/\",\"name\":\"Ch\u00e2teau de Paraza\",\"description\":\"Site web du Ch\u00e2teau de Paraza\",\"potentialAction\":[{\"@type\":\"SearchAction\",\"target\":{\"@type\":\"EntryPoint\",\"urlTemplate\":\"https:\/\/www.chateau-de-paraza.com\/?s={search_term_string}\"},\"query-input\":\"required name=search_term_string\"}],\"inLanguage\":\"zh-CN\"}]}<\/script>\n<!-- \/ Yoast SEO plugin. -->","yoast_head_json":{"title":"Les suites du ch\u00e2teau de Paraza - Ch\u00e2teau de Paraza","description":"Cinq suites ont \u00e9t\u00e9 restaur\u00e9es avec raffinement dans chaque aile du Ch\u00e2teau, avec une mention sp\u00e9ciale pour les sublimes salle de bain.","robots":{"index":"index","follow":"follow","max-snippet":"max-snippet:-1","max-image-preview":"max-image-preview:large","max-video-preview":"max-video-preview:-1"},"canonical":"https:\/\/www.chateau-de-paraza.com\/chambre-dhotes-suites-chateau-occitanie-aude-minervois\/les-suites-du-chateau\/","og_locale":"zh_CN","og_type":"article","og_title":"Les suites du ch\u00e2teau de Paraza - Ch\u00e2teau de Paraza","og_description":"Cinq suites ont \u00e9t\u00e9 restaur\u00e9es avec raffinement dans chaque aile du Ch\u00e2teau, avec une mention sp\u00e9ciale pour les sublimes salle de bain.","og_url":"https:\/\/www.chateau-de-paraza.com\/chambre-dhotes-suites-chateau-occitanie-aude-minervois\/les-suites-du-chateau\/","og_site_name":"Ch\u00e2teau de Paraza","article_publisher":"https:\/\/www.facebook.com\/chateaudeparaza","article_modified_time":"2025-01-30T15:29:03+00:00","twitter_card":"summary_large_image","twitter_site":"@ChateauDeParaza","twitter_misc":{"\u9884\u8ba1\u9605\u8bfb\u65f6\u95f4":"4\u5206"},"schema":{"@context":"https:\/\/schema.org","@graph":[{"@type":"WebPage","@id":"https:\/\/www.chateau-de-paraza.com\/chambre-dhotes-suites-chateau-occitanie-aude-minervois\/les-suites-du-chateau\/","url":"https:\/\/www.chateau-de-paraza.com\/chambre-dhotes-suites-chateau-occitanie-aude-minervois\/les-suites-du-chateau\/","name":"Les suites du ch\u00e2teau de Paraza - Ch\u00e2teau de Paraza","isPartOf":{"@id":"https:\/\/www.chateau-de-paraza.com\/#website"},"datePublished":"2015-06-22T17:17:03+00:00","dateModified":"2025-01-30T15:29:03+00:00","description":"Cinq suites ont \u00e9t\u00e9 restaur\u00e9es avec raffinement dans chaque aile du Ch\u00e2teau, avec une mention sp\u00e9ciale pour les sublimes salle de bain.","breadcrumb":{"@id":"https:\/\/www.chateau-de-paraza.com\/chambre-dhotes-suites-chateau-occitanie-aude-minervois\/les-suites-du-chateau\/#breadcrumb"},"inLanguage":"zh-CN","potentialAction":[{"@type":"ReadAction","target":["https:\/\/www.chateau-de-paraza.com\/chambre-dhotes-suites-chateau-occitanie-aude-minervois\/les-suites-du-chateau\/"]}]},{"@type":"BreadcrumbList","@id":"https:\/\/www.chateau-de-paraza.com\/chambre-dhotes-suites-chateau-occitanie-aude-minervois\/les-suites-du-chateau\/#breadcrumb","itemListElement":[{"@type":"ListItem","position":1,"name":"Accueil","item":"https:\/\/www.chateau-de-paraza.com\/zh-hans\/"},{"@type":"ListItem","position":2,"name":"Chambres","item":"https:\/\/www.chateau-de-paraza.com\/chambre-dhotes-suites-chateau-occitanie-aude-minervois\/"},{"@type":"ListItem","position":3,"name":"D\u00e9couvrir les suites"}]},{"@type":"WebSite","@id":"https:\/\/www.chateau-de-paraza.com\/#website","url":"https:\/\/www.chateau-de-paraza.com\/","name":"Ch\u00e2teau de Paraza","description":"Site web du Ch\u00e2teau de Paraza","potentialAction":[{"@type":"SearchAction","target":{"@type":"EntryPoint","urlTemplate":"https:\/\/www.chateau-de-paraza.com\/?s={search_term_string}"},"query-input":"required name=search_term_string"}],"inLanguage":"zh-CN"}]}},"_links":{"self":[{"href":"https:\/\/www.chateau-de-paraza.com\/zh-hans\/wp-json\/wp\/v2\/pages\/190"}],"collection":[{"href":"https:\/\/www.chateau-de-paraza.com\/zh-hans\/wp-json\/wp\/v2\/pages"}],"about":[{"href":"https:\/\/www.chateau-de-paraza.com\/zh-hans\/wp-json\/wp\/v2\/types\/page"}],"author":[{"embeddable":true,"href":"https:\/\/www.chateau-de-paraza.com\/zh-hans\/wp-json\/wp\/v2\/users\/2"}],"replies":[{"embeddable":true,"href":"https:\/\/www.chateau-de-paraza.com\/zh-hans\/wp-json\/wp\/v2\/comments?post=190"}],"version-history":[{"count":9,"href":"https:\/\/www.chateau-de-paraza.com\/zh-hans\/wp-json\/wp\/v2\/pages\/190\/revisions"}],"predecessor-version":[{"id":10028,"href":"https:\/\/www.chateau-de-paraza.com\/zh-hans\/wp-json\/wp\/v2\/pages\/190\/revisions\/10028"}],"up":[{"embeddable":true,"href":"https:\/\/www.chateau-de-paraza.com\/zh-hans\/wp-json\/wp\/v2\/pages\/49"}],"wp:attachment":[{"href":"https:\/\/www.chateau-de-paraza.com\/zh-hans\/wp-json\/wp\/v2\/media?parent=190"}],"curies":[{"name":"wp","href":"https:\/\/api.w.org\/{rel}","templated":true}]}}