{"id":188,"date":"2015-06-17T09:57:29","date_gmt":"2015-06-17T08:57:29","guid":{"rendered":"http:\/\/chateau-de-paraza.com\/?page_id=188"},"modified":"2022-04-13T09:43:17","modified_gmt":"2022-04-13T08:43:17","slug":"profiter-du-chateau","status":"publish","type":"page","link":"https:\/\/www.chateau-de-paraza.com\/zh-hans\/chambre-dhotes-suites-chateau-occitanie-aude-minervois\/profiter-du-chateau\/","title":{"rendered":"Profiter du Ch\u00e2teau"},"content":{"rendered":"<div class=\"wpb-content-wrapper\"><p>[vc_row][vc_column][vc_column_text css=&#8221;.vc_custom_1614936038970{background-color: #ffffff !important;}&#8221;]<\/p>\n<h1 style=\"text-align: left;\">Bienvenue au Ch\u00e2teau de Paraza !<\/h1>\n<p>[\/vc_column_text][vc_empty_space][vc_column_text]<\/p>\n<p style=\"text-align: left;\">Vous entrez ici dans l&#8217;ancienne demeure des Barons de Jougla de Paraza, et des Comtes de Forton, en plein coeur du petit village de Paraza. \u00c9l\u00e9gamment restaur\u00e9: plafonds \u00e0 la fran\u00e7aise, parquets en point de Hongrie, rideaux en soie chatoyante, clo\u00eetre avec des colonnes en marbre de Caunes: tout y est et concourt au charme de cette adresse plut\u00f4t intime et r\u00e9solument familiale. Venez vous d\u00e9tendre et profiter d&#8217;un moment inoubliable au ch\u00e2teau.<\/p>\n<p>[\/vc_column_text][vc_empty_space]<div class=\"hr-thin style-line\" style=\"width: 100%;\"><\/div>[vc_empty_space][\/vc_column][\/vc_row][vc_row][vc_column width=&#8221;1\/2&#8243;][vc_single_image image=&#8221;5292&#8243; img_size=&#8221;400&#215;400&#8243;][vc_column_text css=&#8221;.vc_custom_1614936049864{background-color: #ffffff !important;}&#8221;]<\/p>\n<h3 style=\"text-align: center;\"><div class=\"gap\" style=\"line-height: 15px; height: 15px;\"><\/div><\/h3>\n<h3 class=\"p1\" style=\"text-align: left;\">Le Ch\u00e2teau<\/h3>\n<p class=\"p1\" style=\"text-align: left;\">Quelques personnes c\u00e9l\u00e8bres ont hant\u00e9s ces murs de pierre, \u00e9difi\u00e9s au 17\u00e8me si\u00e8cle. Outre le Baron de Jougla de Paraza, et le comte de Forton, Paul Riquet fut \u00e9galement un habitu\u00e9 des lieux. Un Ch\u00e2teau rempli d&#8217;histoire, qui cache de nombreux tr\u00e9sors.<\/p>\n<p>[\/vc_column_text][\/vc_column][vc_column width=&#8221;1\/2&#8243;][vc_single_image image=&#8221;5296&#8243; img_size=&#8221;400&#215;400&#8243;][vc_column_text css_animation=&#8221;lightSpeedIn&#8221; css=&#8221;.vc_custom_1614936064449{background-color: #ffffff !important;}&#8221;]<\/p>\n<h3 style=\"text-align: center;\"><div class=\"gap\" style=\"line-height: 15px; height: 15px;\"><\/div><\/h3>\n<h3 class=\"p1\">Le Grand Salon<\/h3>\n<p class=\"p1\">Pour un moment de d\u00e9tente ou de jeu, le grand salon vous accueille avec son billard et sa chemin\u00e9e. Ses boiseries d&#8217;\u00e9poque en font une pi\u00e8ce hors du temps o\u00f9 il fait bon vivre.<\/p>\n<p>[\/vc_column_text][\/vc_column][\/vc_row][vc_row][vc_column][vc_empty_space height=&#8221;50px&#8221;][\/vc_column][\/vc_row][vc_row][vc_column width=&#8221;1\/2&#8243;][vc_single_image image=&#8221;258&#8243; img_size=&#8221;400&#215;400&#8243;][vc_column_text css=&#8221;.vc_custom_1614936079017{background-color: #ffffff !important;}&#8221;]<\/p>\n<p style=\"text-align: center;\"><strong><div class=\"gap\" style=\"line-height: 15px; height: 15px;\"><\/div><\/strong><\/p>\n<h3>Le Petit Salon de Musique<\/h3>\n<p class=\"p1\">Situ\u00e9 dans l&#8217;aile Ouest du Ch\u00e2teau, le salon de musique a retrouv\u00e9 son \u00e9clat d&#8217;antan. Plafonds peints \u00e0 la fran\u00e7aise, chemin\u00e9e, miroir trumeau, piano \u00e0 queue, id\u00e9al pour se laisser transporter quelques si\u00e8cles en arri\u00e8re, profiter et r\u00eaver \u00e0 la vie de ch\u00e2teau.<\/p>\n<p>[\/vc_column_text][\/vc_column][vc_column width=&#8221;1\/2&#8243;][vc_single_image image=&#8221;5316&#8243; img_size=&#8221;400&#215;400&#8243;][vc_column_text css=&#8221;.vc_custom_1614936086507{background-color: #ffffff !important;}&#8221;]<\/p>\n<p style=\"text-align: center;\"><strong><div class=\"gap\" style=\"line-height: 15px; height: 15px;\"><\/div><\/strong><\/p>\n<h3 style=\"text-align: left;\">Le Piano<\/h3>\n<p class=\"p1\" style=\"text-align: left;\">Pour les m\u00e9lomanes et musiciens, profitez d&#8217;un piano \u00e0 queue et laissez libre cours \u00e0 votre musicalit\u00e9. Les hauts plafonds du ch\u00e2teau subliment l&#8217;acoustique des lieux et offrent une sonorit\u00e9 sans pareil.<\/p>\n<p>[\/vc_column_text][\/vc_column][\/vc_row][vc_row][vc_column][vc_empty_space height=&#8221;50px&#8221;][\/vc_column][\/vc_row][vc_row][vc_column width=&#8221;1\/2&#8243;][vc_single_image image=&#8221;5300&#8243; img_size=&#8221;400&#215;400&#8243;][vc_column_text css=&#8221;.vc_custom_1648131529256{background-color: #ffffff !important;}&#8221;]<\/p>\n<p class=\"p1\" style=\"text-align: center;\"><div class=\"gap\" style=\"line-height: 15px; height: 15px;\"><\/div>\n<h3 class=\"p1\" style=\"text-align: left;\">La Piscine<\/h3>\n<p class=\"p1\" style=\"text-align: left;\">\u00c0 l&#8217;abri du clo\u00eetre et de ses colonnes en marbre de Caunes rose, il fait bon prendre le temps de se ressourcer au bord de la piscine, de siroter un verre de vin blanc et d&#8217;admirer la vue.<\/p>\n<p>[\/vc_column_text][\/vc_column][vc_column width=&#8221;1\/2&#8243;][vc_single_image image=&#8221;5320&#8243; img_size=&#8221;400&#215;400&#8243;][vc_column_text css=&#8221;.vc_custom_1648131606936{background-color: #ffffff !important;}&#8221;]<\/p>\n<p class=\"p1\" style=\"text-align: center;\"><div class=\"gap\" style=\"line-height: 15px; height: 15px;\"><\/div>\n<h3 class=\"p1\" style=\"text-align: left;\">Les Terrasses<\/h3>\n<p class=\"p1\" style=\"text-align: left;\">Pour remercier ses h\u00f4tes des six ann\u00e9es d&#8217;hospitalit\u00e9 au Ch\u00e2teau, Paul Riquet fit construire les sept terrasses qui descendent en cascade jusqu&#8217;au Canal du midi. Encore un peu sauvages, elles laissent entrevoir un ancien jardin \u00e0 la fran\u00e7aise, avec ses fontaines en marbre et ses buis.<\/p>\n<p>[\/vc_column_text][\/vc_column][\/vc_row][vc_row][vc_column][vc_empty_space height=&#8221;50px&#8221;][\/vc_column][\/vc_row][vc_row][vc_column width=&#8221;1\/2&#8243;][vc_single_image image=&#8221;1926&#8243; img_size=&#8221;400&#215;400&#8243; onclick=&#8221;custom_link&#8221; img_link_target=&#8221;_blank&#8221; link=&#8221;https:\/\/www.chateau-de-paraza.com\/experiences-activites-degustation-visite-oenotourisme\/&#8221;][vc_column_text css=&#8221;.vc_custom_1648549899790{background-color: #ffffff !important;}&#8221;]<\/p>\n<p class=\"p1\" style=\"text-align: center;\"><div class=\"gap\" style=\"line-height: 15px; height: 15px;\"><\/div>\n<h3 class=\"p1\" style=\"text-align: left;\"><a href=\"https:\/\/www.chateau-de-paraza.com\/experiences-activites-degustation-visite-oenotourisme\/\" target=\"_blank\" rel=\"noopener noreferrer\">La cave et le caveau<\/a><\/h3>\n<p>Datant du 18\u00e8me si\u00e8cle, le caveau de d\u00e9gustation impressionne. De l&#8217;espace de d\u00e9gustation, on aper\u00e7oit le parc bois\u00e9 o\u00f9 se m\u00ealent ch\u00eanes verts et pins d&#8217;Alep. \u00c0 l&#8217;int\u00e9rieur, on appr\u00e9cie la cave, alliant tradition et modernit\u00e9 avec ses cuves en ciment ou en inox et ses barriques de ch\u00eane.[\/vc_column_text][\/vc_column][vc_column width=&#8221;1\/2&#8243;][vc_single_image image=&#8221;5310&#8243; img_size=&#8221;400&#215;400&#8243;][vc_column_text css=&#8221;.vc_custom_1614936128080{background-color: #ffffff !important;}&#8221;]<\/p>\n<p class=\"p1\" style=\"text-align: center;\"><div class=\"gap\" style=\"line-height: 15px; height: 15px;\"><\/div>\n<h3 class=\"p1\" style=\"text-align: left;\">Le parc<\/h3>\n<p>Le parc du ch\u00e2teau et sa partie bois\u00e9e se pr\u00eatent ais\u00e9ment aux petites balades matinales, aux pique-niques ou encore aux s\u00e9ances de yoga en plein air. Mention sp\u00e9ciale pour la vue sur la chaine des Pyr\u00e9n\u00e9es, ce parc est un petit havre de paix.[\/vc_column_text][\/vc_column][\/vc_row][vc_row][vc_column][vc_empty_space height=&#8221;52px&#8221;][vc_empty_space]<div class=\"hr-thin style-line\" style=\"width: 100%;\"><\/div>[vc_column_text]<\/p>\n<p style=\"text-align: center;\">ENVIE D&#8217;UNE PETITE \u00c9TAPE OENOLOGIQUE?<br \/>\nIL VOUS SUFFIT DE TRAVERSER LA COUR POUR P\u00c9N\u00c9TRER DANS NOTRE CHAI. AU D\u00c9TOUR D&#8217;UNE D\u00c9GUSTATION, TOUS LES SECRETS DU VIN VOUS SERONT R\u00c9V\u00c9L\u00c9S. UN V\u00c9RITABLE PLAISIR POUR LES AMATEURS D&#8217;HISTOIRE, DE NATURE ET DE VIN.[\/vc_column_text][vc_empty_space height=&#8221;22px&#8221;][vc_btn title=&#8221;D\u00e9couvrez nos exp\u00e9riences&#8221; shape=&#8221;square&#8221; size=&#8221;xs&#8221; align=&#8221;center&#8221; link=&#8221;url:https%3A%2F%2Fwww.chateau-de-paraza.com%2Fexperiences-degustation-visite-oenotourisme%2F|title:Nos%20exp%C3%A9riences|target:_blank&#8221;][\/vc_column][\/vc_row]<\/p>\n<\/div>","protected":false},"excerpt":{"rendered":"<p>[vc_row][vc_column][vc_column_text css=&#8221;.vc_custo&hellip;<\/p>\n","protected":false},"author":2,"featured_media":0,"parent":49,"menu_order":0,"comment_status":"closed","ping_status":"closed","template":"","meta":[],"yoast_head":"<!-- This site is optimized with the Yoast SEO plugin v21.8.1 - https:\/\/yoast.com\/wordpress\/plugins\/seo\/ -->\n<title>Profiter du Ch\u00e2teau et de ses alentours - Ch\u00e2teau de Paraza<\/title>\n<meta name=\"description\" content=\"Venez profiter du ch\u00e2teau de Paraza, un lieu resplendissant et charg\u00e9 d&#039;histoire. D\u00e9tendez vous en bord de piscine ou dans le petit salon.\" \/>\n<meta name=\"robots\" content=\"index, follow, max-snippet:-1, max-image-preview:large, max-video-preview:-1\" \/>\n<link rel=\"canonical\" href=\"https:\/\/www.chateau-de-paraza.com\/chambre-dhotes-suites-chateau-occitanie-aude-minervois\/profiter-du-chateau\/\" \/>\n<meta property=\"og:locale\" content=\"zh_CN\" \/>\n<meta property=\"og:type\" content=\"article\" \/>\n<meta property=\"og:title\" content=\"Profiter du Ch\u00e2teau et de ses alentours - Ch\u00e2teau de Paraza\" \/>\n<meta property=\"og:description\" content=\"Venez profiter du ch\u00e2teau de Paraza, un lieu resplendissant et charg\u00e9 d&#039;histoire. D\u00e9tendez vous en bord de piscine ou dans le petit salon.\" \/>\n<meta property=\"og:url\" content=\"https:\/\/www.chateau-de-paraza.com\/chambre-dhotes-suites-chateau-occitanie-aude-minervois\/profiter-du-chateau\/\" \/>\n<meta property=\"og:site_name\" content=\"Ch\u00e2teau de Paraza\" \/>\n<meta property=\"article:publisher\" content=\"https:\/\/www.facebook.com\/chateaudeparaza\" \/>\n<meta property=\"article:modified_time\" content=\"2022-04-13T08:43:17+00:00\" \/>\n<meta name=\"twitter:card\" content=\"summary_large_image\" \/>\n<meta name=\"twitter:site\" content=\"@ChateauDeParaza\" \/>\n<meta name=\"twitter:label1\" content=\"\u9884\u8ba1\u9605\u8bfb\u65f6\u95f4\" \/>\n\t<meta name=\"twitter:data1\" content=\"5\u5206\" \/>\n<script type=\"application\/ld+json\" class=\"yoast-schema-graph\">{\"@context\":\"https:\/\/schema.org\",\"@graph\":[{\"@type\":\"WebPage\",\"@id\":\"https:\/\/www.chateau-de-paraza.com\/chambre-dhotes-suites-chateau-occitanie-aude-minervois\/profiter-du-chateau\/\",\"url\":\"https:\/\/www.chateau-de-paraza.com\/chambre-dhotes-suites-chateau-occitanie-aude-minervois\/profiter-du-chateau\/\",\"name\":\"Profiter du Ch\u00e2teau et de ses alentours - Ch\u00e2teau de Paraza\",\"isPartOf\":{\"@id\":\"https:\/\/www.chateau-de-paraza.com\/#website\"},\"datePublished\":\"2015-06-17T08:57:29+00:00\",\"dateModified\":\"2022-04-13T08:43:17+00:00\",\"description\":\"Venez profiter du ch\u00e2teau de Paraza, un lieu resplendissant et charg\u00e9 d'histoire. D\u00e9tendez vous en bord de piscine ou dans le petit salon.\",\"breadcrumb\":{\"@id\":\"https:\/\/www.chateau-de-paraza.com\/chambre-dhotes-suites-chateau-occitanie-aude-minervois\/profiter-du-chateau\/#breadcrumb\"},\"inLanguage\":\"zh-CN\",\"potentialAction\":[{\"@type\":\"ReadAction\",\"target\":[\"https:\/\/www.chateau-de-paraza.com\/chambre-dhotes-suites-chateau-occitanie-aude-minervois\/profiter-du-chateau\/\"]}]},{\"@type\":\"BreadcrumbList\",\"@id\":\"https:\/\/www.chateau-de-paraza.com\/chambre-dhotes-suites-chateau-occitanie-aude-minervois\/profiter-du-chateau\/#breadcrumb\",\"itemListElement\":[{\"@type\":\"ListItem\",\"position\":1,\"name\":\"Accueil\",\"item\":\"https:\/\/www.chateau-de-paraza.com\/zh-hans\/\"},{\"@type\":\"ListItem\",\"position\":2,\"name\":\"Chambres\",\"item\":\"https:\/\/www.chateau-de-paraza.com\/chambre-dhotes-suites-chateau-occitanie-aude-minervois\/\"},{\"@type\":\"ListItem\",\"position\":3,\"name\":\"Profiter du Ch\u00e2teau\"}]},{\"@type\":\"WebSite\",\"@id\":\"https:\/\/www.chateau-de-paraza.com\/#website\",\"url\":\"https:\/\/www.chateau-de-paraza.com\/\",\"name\":\"Ch\u00e2teau de Paraza\",\"description\":\"Site web du Ch\u00e2teau de Paraza\",\"potentialAction\":[{\"@type\":\"SearchAction\",\"target\":{\"@type\":\"EntryPoint\",\"urlTemplate\":\"https:\/\/www.chateau-de-paraza.com\/?s={search_term_string}\"},\"query-input\":\"required name=search_term_string\"}],\"inLanguage\":\"zh-CN\"}]}<\/script>\n<!-- \/ Yoast SEO plugin. -->","yoast_head_json":{"title":"Profiter du Ch\u00e2teau et de ses alentours - Ch\u00e2teau de Paraza","description":"Venez profiter du ch\u00e2teau de Paraza, un lieu resplendissant et charg\u00e9 d'histoire. D\u00e9tendez vous en bord de piscine ou dans le petit salon.","robots":{"index":"index","follow":"follow","max-snippet":"max-snippet:-1","max-image-preview":"max-image-preview:large","max-video-preview":"max-video-preview:-1"},"canonical":"https:\/\/www.chateau-de-paraza.com\/chambre-dhotes-suites-chateau-occitanie-aude-minervois\/profiter-du-chateau\/","og_locale":"zh_CN","og_type":"article","og_title":"Profiter du Ch\u00e2teau et de ses alentours - Ch\u00e2teau de Paraza","og_description":"Venez profiter du ch\u00e2teau de Paraza, un lieu resplendissant et charg\u00e9 d'histoire. D\u00e9tendez vous en bord de piscine ou dans le petit salon.","og_url":"https:\/\/www.chateau-de-paraza.com\/chambre-dhotes-suites-chateau-occitanie-aude-minervois\/profiter-du-chateau\/","og_site_name":"Ch\u00e2teau de Paraza","article_publisher":"https:\/\/www.facebook.com\/chateaudeparaza","article_modified_time":"2022-04-13T08:43:17+00:00","twitter_card":"summary_large_image","twitter_site":"@ChateauDeParaza","twitter_misc":{"\u9884\u8ba1\u9605\u8bfb\u65f6\u95f4":"5\u5206"},"schema":{"@context":"https:\/\/schema.org","@graph":[{"@type":"WebPage","@id":"https:\/\/www.chateau-de-paraza.com\/chambre-dhotes-suites-chateau-occitanie-aude-minervois\/profiter-du-chateau\/","url":"https:\/\/www.chateau-de-paraza.com\/chambre-dhotes-suites-chateau-occitanie-aude-minervois\/profiter-du-chateau\/","name":"Profiter du Ch\u00e2teau et de ses alentours - Ch\u00e2teau de Paraza","isPartOf":{"@id":"https:\/\/www.chateau-de-paraza.com\/#website"},"datePublished":"2015-06-17T08:57:29+00:00","dateModified":"2022-04-13T08:43:17+00:00","description":"Venez profiter du ch\u00e2teau de Paraza, un lieu resplendissant et charg\u00e9 d'histoire. D\u00e9tendez vous en bord de piscine ou dans le petit salon.","breadcrumb":{"@id":"https:\/\/www.chateau-de-paraza.com\/chambre-dhotes-suites-chateau-occitanie-aude-minervois\/profiter-du-chateau\/#breadcrumb"},"inLanguage":"zh-CN","potentialAction":[{"@type":"ReadAction","target":["https:\/\/www.chateau-de-paraza.com\/chambre-dhotes-suites-chateau-occitanie-aude-minervois\/profiter-du-chateau\/"]}]},{"@type":"BreadcrumbList","@id":"https:\/\/www.chateau-de-paraza.com\/chambre-dhotes-suites-chateau-occitanie-aude-minervois\/profiter-du-chateau\/#breadcrumb","itemListElement":[{"@type":"ListItem","position":1,"name":"Accueil","item":"https:\/\/www.chateau-de-paraza.com\/zh-hans\/"},{"@type":"ListItem","position":2,"name":"Chambres","item":"https:\/\/www.chateau-de-paraza.com\/chambre-dhotes-suites-chateau-occitanie-aude-minervois\/"},{"@type":"ListItem","position":3,"name":"Profiter du Ch\u00e2teau"}]},{"@type":"WebSite","@id":"https:\/\/www.chateau-de-paraza.com\/#website","url":"https:\/\/www.chateau-de-paraza.com\/","name":"Ch\u00e2teau de Paraza","description":"Site web du Ch\u00e2teau de Paraza","potentialAction":[{"@type":"SearchAction","target":{"@type":"EntryPoint","urlTemplate":"https:\/\/www.chateau-de-paraza.com\/?s={search_term_string}"},"query-input":"required name=search_term_string"}],"inLanguage":"zh-CN"}]}},"_links":{"self":[{"href":"https:\/\/www.chateau-de-paraza.com\/zh-hans\/wp-json\/wp\/v2\/pages\/188"}],"collection":[{"href":"https:\/\/www.chateau-de-paraza.com\/zh-hans\/wp-json\/wp\/v2\/pages"}],"about":[{"href":"https:\/\/www.chateau-de-paraza.com\/zh-hans\/wp-json\/wp\/v2\/types\/page"}],"author":[{"embeddable":true,"href":"https:\/\/www.chateau-de-paraza.com\/zh-hans\/wp-json\/wp\/v2\/users\/2"}],"replies":[{"embeddable":true,"href":"https:\/\/www.chateau-de-paraza.com\/zh-hans\/wp-json\/wp\/v2\/comments?post=188"}],"version-history":[{"count":10,"href":"https:\/\/www.chateau-de-paraza.com\/zh-hans\/wp-json\/wp\/v2\/pages\/188\/revisions"}],"predecessor-version":[{"id":5328,"href":"https:\/\/www.chateau-de-paraza.com\/zh-hans\/wp-json\/wp\/v2\/pages\/188\/revisions\/5328"}],"up":[{"embeddable":true,"href":"https:\/\/www.chateau-de-paraza.com\/zh-hans\/wp-json\/wp\/v2\/pages\/49"}],"wp:attachment":[{"href":"https:\/\/www.chateau-de-paraza.com\/zh-hans\/wp-json\/wp\/v2\/media?parent=188"}],"curies":[{"name":"wp","href":"https:\/\/api.w.org\/{rel}","templated":true}]}}