{"id":1830,"date":"2016-02-10T19:30:33","date_gmt":"2016-02-10T18:30:33","guid":{"rendered":"http:\/\/chateau-de-paraza.com\/?page_id=1830"},"modified":"2022-04-11T14:36:04","modified_gmt":"2022-04-11T13:36:04","slug":"tarifs-consultations","status":"publish","type":"page","link":"https:\/\/www.chateau-de-paraza.com\/zh-hans\/chambre-dhotes-suites-chateau-occitanie-aude-minervois\/tarifs-consultations\/","title":{"rendered":"Tarifs &#038; Consultations"},"content":{"rendered":"<div class=\"wpb-content-wrapper\"><p>[vc_row][vc_column][vc_column_text]<\/p>\n<h1><strong>CALENDRIER D&#8217;OUVERTURE DES CHAMBRES D&#8217;HOTES DU CHATEAU DE PARAZA<\/strong><\/h1>\n<p class=\"p2\">(En dehors de ces p\u00e9riodes, nous contacter)<\/p>\n<p>[\/vc_column_text][vc_empty_space]<div class=\"shortcode-banner\" style=\"min-height: 150px\"><div class=\"shortcode-banner-bg wf-table\" style=\"padding: 10px;min-height: 150px\"><div class=\"shortcode-banner-inside wf-table text-big\" style=\"background-color: rgb(15,15,15);background-color: rgba(15,15,15,0.08);border: solid 10px transparent;outline: solid 3px;outline-color: #ffffff;height: 140px\"><div><blockquote><p>\nOFFRE SP\u00c9CIALE ESCAPADE DE PRINTEMPS<\/p>\n<p>Les belles journ\u00e9es des mois de mai et juin sont id\u00e9ales pour se promener dans la r\u00e9gion et d\u00e9couvrir les tr\u00e9sors du Minervois. <strong>Pour toute r\u00e9servation de 2 nuit\u00e9es au Ch\u00e2teau de Paraza, nous vous offrons une nuit suppl\u00e9mentaire<\/strong> chez nous. Offre valable pour toute r\u00e9servation entre le 1er mai et le 30 juin, sous r\u00e9serve de disponibilit\u00e9.<\/p>\n<a href=\"https:\/\/www.chateau-de-paraza.com\/chambres\/reservez\/\" class=\"dt-btn-s dt-btn\" target=\"_blank\">R\u00e9server<\/a><\/blockquote>\n<\/div><\/div><\/div><\/div>[vc_empty_space][vc_column_text]<\/p>\n<p class=\"p1\"><span class=\"s1\">Les tarifs des chambres d\u2019h\u00f4tes sont propos\u00e9s sur la base d\u2019une nuit pour deux personnes,\u00a0<\/span><span class=\"s1\"><strong>petit-d\u00e9jeuner inclus<\/strong> ; ils sont libell\u00e9s en euro (EUR) et incluent la TVA au taux en vigueur de 10%.<\/span><\/p>\n<p class=\"p1\"><span class=\"s1\">Tarif pour une personne suppl\u00e9mentaire : <strong>30\u20ac\/jour<\/strong><\/span><\/p>\n<p>[\/vc_column_text][vc_empty_space][vc_empty_space height=&#8221;72px&#8221;][\/vc_column][vc_column][vc_column_text]<\/p>\n<h3>Tarifs de nos chambres d&#8217;h\u00f4tes familiales<\/h3>\n<p>[\/vc_column_text]<div class=\"hr-thin style-line\" style=\"width: 100%;\"><\/div>[vc_empty_space][\/vc_column][\/vc_row][vc_row][vc_column width=&#8221;1\/4&#8243;][vc_empty_space height=&#8221;15px&#8221;][vc_single_image image=&#8221;1711&#8243; alignment=&#8221;center&#8221; onclick=&#8221;link_image&#8221;][\/vc_column][vc_column width=&#8221;1\/2&#8243;][vc_column_text]<\/p>\n<h5 class=\"p1\"><span class=\"s1\">Nuit dans la Suite du ROI<\/span><\/h5>\n<p class=\"p2\">Avec ses luxurieuses tapisseries, ses plafonds \u00e0 la fran\u00e7aise, ses rideaux de soie chatoyants, et ses chemin\u00e9es en pierre, l\u2019ambiance de la Suite du Roi vous transporte au si\u00e8cle de Louis 14.<br \/>\nVue sur la Cour du Ch\u00e2teau.<\/p>\n<p class=\"p2\">Lit d\u2019\u00e9poque de 150*190cm et un lit nouveau de 180*200cm.<\/p>\n<p><strong>Petit d\u00e9jeuner inclus<\/strong>[\/vc_column_text][\/vc_column][vc_column width=&#8221;1\/4&#8243;][vc_column_text]<\/p>\n<h5 style=\"text-align: right;\">Tarifs<\/h5>\n<p style=\"text-align: right;\">\u00a0 \u00a0 \u00a02 personnes <strong>265\u20ac<\/strong><\/p>\n<p style=\"text-align: right;\">3-4 personnes <strong>305\u20ac<\/strong><\/p>\n<p>[\/vc_column_text][vc_empty_space height=&#8221;65px&#8221;][vc_btn title=&#8221;R\u00e9server&#8221; shape=&#8221;square&#8221; size=&#8221;xs&#8221; align=&#8221;right&#8221; link=&#8221;url:https%3A%2F%2Fchateau-de-paraza.amenitiz.io%2Ffr%2Fbooking%2Froom|title:R%C3%A9server|target:_blank&#8221;][\/vc_column][vc_column][vc_empty_space][\/vc_column][\/vc_row][vc_row][vc_column width=&#8221;1\/4&#8243;][vc_single_image image=&#8221;1708&#8243; onclick=&#8221;link_image&#8221;][vc_empty_space height=&#8221;15px&#8221;][\/vc_column][vc_column width=&#8221;1\/2&#8243;][vc_column_text]<\/p>\n<h5 class=\"p1\"><span class=\"s1\">Nuit dans la Suite du\u00a0BARON DE JOUGLA<\/span><\/h5>\n<p class=\"p2\">Espace et raffinement sont les ma\u00eetres mots de la Suite du Baron de Jougla.<br \/>\nVue sur les Terrasses de Riquet et sur le clo\u00eetre abritant la piscine.\u00a0Acc\u00e8s privil\u00e9gi\u00e9 \u00e0 la piscine.<\/p>\n<p>Lit de 180*200cm<\/p>\n<p>*** NOUVEAUT\u00c9 : une chambre avec 2 lits jumeaux peut d\u00e9sormais \u00eatre connect\u00e9e \u00e0 la suite du Baron de Jougla. Id\u00e9al pour accueillir toute la famille, dans le confort et l&#8217;intimit\u00e9 de tous.<\/p>\n<p><strong>Petit d\u00e9jeuner inclus<\/strong>[\/vc_column_text][\/vc_column][vc_column width=&#8221;1\/4&#8243;][vc_column_text]<\/p>\n<h5 style=\"text-align: right;\">Tarifs<\/h5>\n<p style=\"text-align: right;\">\u00a0 \u00a0 \u00a02 personnes <strong>265\u20ac<\/strong><\/p>\n<p style=\"text-align: right;\">3-4 personnes <strong>305\u20ac<\/strong><\/p>\n<p>[\/vc_column_text][vc_empty_space height=&#8221;125px&#8221;][vc_btn title=&#8221;R\u00e9server&#8221; shape=&#8221;square&#8221; size=&#8221;xs&#8221; align=&#8221;right&#8221; link=&#8221;url:https%3A%2F%2Fchateau-de-paraza.amenitiz.io%2Ffr%2Fbooking%2Froom|title:R%C3%A9server|target:_blank&#8221;][\/vc_column][vc_column][vc_empty_space][\/vc_column][\/vc_row][vc_row][vc_column width=&#8221;1\/4&#8243;][vc_single_image image=&#8221;5450&#8243; onclick=&#8221;link_image&#8221;][vc_empty_space height=&#8221;15px&#8221;][\/vc_column][vc_column width=&#8221;1\/2&#8243;][vc_column_text]<\/p>\n<h5 class=\"p1\"><span class=\"s1\">Nuit dans la Suite de la Biblioth\u00e8que<\/span><\/h5>\n<p>Spacieuse et \u00e9rudite, la suite de la biblioth\u00e8que vous plonge au milieu des classiques de la litt\u00e9rature. Vue imprenable sur les Pyr\u00e9n\u00e9es et les terrasses du ch\u00e2teau.<\/p>\n<p>Lit de 180*200cm<\/p>\n<p>*** NOUVEAUT\u00c9 : deux chambres en enfilade avec 2 lits de 140*200 et 160*200 peuvent d\u00e9sormais \u00eatre connect\u00e9es \u00e0 la suite de la Biblioth\u00e8que. Id\u00e9al pour accueillir toute la famille, dans le confort et l&#8217;intimit\u00e9 de tous.<\/p>\n<p><strong>Petit d\u00e9jeuner inclus<\/strong>[\/vc_column_text][\/vc_column][vc_column width=&#8221;1\/4&#8243;][vc_column_text]<\/p>\n<h5 style=\"text-align: right;\">Tarifs<\/h5>\n<p style=\"text-align: right;\">\u00a0 \u00a0 \u00a02 personnes <strong>265\u20ac<\/strong><\/p>\n<p style=\"text-align: right;\">3-4 personnes <strong>305\u20ac<\/strong><\/p>\n<p>[\/vc_column_text][vc_empty_space height=&#8221;127px&#8221;][vc_btn title=&#8221;R\u00e9server&#8221; shape=&#8221;square&#8221; size=&#8221;xs&#8221; align=&#8221;right&#8221; link=&#8221;url:https%3A%2F%2Fchateau-de-paraza.amenitiz.io%2Ffr%2Fbooking%2Froom|title:R%C3%A9server|target:_blank&#8221;][\/vc_column][vc_column][vc_empty_space height=&#8221;72px&#8221;][vc_column_text]<\/p>\n<h3>Tarifs de nos chambres d&#8217;h\u00f4tes classiques<\/h3>\n<p>[\/vc_column_text]<div class=\"hr-thin style-line\" style=\"width: 100%;\"><\/div>[vc_empty_space][\/vc_column][\/vc_row][vc_row][vc_column width=&#8221;1\/4&#8243;][vc_empty_space height=&#8221;15px&#8221;][vc_single_image image=&#8221;5279&#8243; onclick=&#8221;link_image&#8221;][\/vc_column][vc_column width=&#8221;1\/2&#8243;][vc_column_text]<\/p>\n<h5 class=\"p1\"><span class=\"s1\">Nuit dans la Suite de LA COMTESSE<\/span><\/h5>\n<p class=\"p2\">Avec ses reflets dor\u00e9s, la Suite de la Comtesse invite \u00e0 des moments de d\u00e9tente et de volupt\u00e9.<br \/>\nVue sur la Cour du Ch\u00e2teau et sur le Clo\u00eetre abritant la piscine.<\/p>\n<p>Lit de 180*200cm<\/p>\n<p><strong>Petit d\u00e9jeuner inclus<\/strong>[\/vc_column_text][\/vc_column][vc_column width=&#8221;1\/4&#8243;][vc_column_text]<\/p>\n<h5 style=\"text-align: right;\">Tarifs<\/h5>\n<p style=\"text-align: right;\">\u00a0 \u00a0 \u00a02 personnes <strong>265\u20ac<\/strong><\/p>\n<p>[\/vc_column_text][vc_empty_space height=&#8221;75px&#8221;][vc_btn title=&#8221;R\u00e9server&#8221; shape=&#8221;square&#8221; size=&#8221;xs&#8221; align=&#8221;right&#8221; link=&#8221;url:https%3A%2F%2Fchateau-de-paraza.amenitiz.io%2Ffr%2Fbooking%2Froom|title:R%C3%A9server|target:_blank&#8221;][\/vc_column][vc_column][vc_empty_space][\/vc_column][\/vc_row][vc_row][vc_column width=&#8221;1\/4&#8243;][vc_empty_space height=&#8221;15px&#8221;][vc_single_image image=&#8221;1702&#8243; onclick=&#8221;link_image&#8221;][\/vc_column][vc_column width=&#8221;1\/2&#8243;][vc_column_text]<\/p>\n<h5 class=\"p1\"><span class=\"s1\">Nuit dans la Suite de RIQUET<\/span><\/h5>\n<p class=\"p2\">Spacieuse et \u00e9l\u00e9gante, la Suite de Riquet accueillit l\u2019architecte Paul Riquet lors de la construction du Canal Royal.<br \/>\nVue sur les Terrasses du Ch\u00e2teau et sur la Plaine de l\u2019Aude jusqu\u2019aux Pyr\u00e9n\u00e9es.<\/p>\n<p>Lit de 180*200cm<\/p>\n<p><strong>Petit d\u00e9jeuner inclus<\/strong>[\/vc_column_text][\/vc_column][vc_column width=&#8221;1\/4&#8243;][vc_column_text]<\/p>\n<h5 style=\"text-align: right;\">Tarifs<\/h5>\n<p style=\"text-align: right;\">\u00a0 \u00a0 \u00a02 personnes <strong>265\u20ac<\/strong><\/p>\n<p>[\/vc_column_text][vc_empty_space height=&#8221;100px&#8221;][vc_btn title=&#8221;R\u00e9server&#8221; shape=&#8221;square&#8221; size=&#8221;xs&#8221; align=&#8221;right&#8221; link=&#8221;url:https%3A%2F%2Fchateau-de-paraza.amenitiz.io%2Ffr%2Fbooking%2Froom|title:R%C3%A9server|target:_blank&#8221;][\/vc_column][\/vc_row][vc_row][vc_column][vc_empty_space]<div class=\"hr-thin style-line\" style=\"width: 100%;\"><\/div>[vc_empty_space][\/vc_column][\/vc_row][vc_row][vc_column][vc_column_text][\/vc_column_text][\/vc_column][\/vc_row][vc_row][vc_column][vc_empty_space]<div class=\"hr-thin style-line\" style=\"width: 100%;\"><\/div>[vc_empty_space][\/vc_column][\/vc_row][vc_row][vc_column][vc_column_text]<\/p>\n<h3 style=\"text-align: center;\">SERVICES \u00c0 DISPOSITION<\/h3>\n<p style=\"text-align: center;\">Voici quelques pr\u00e9cisions sur les services que vous pouvez attendre au cours de votre s\u00e9jour au Ch\u00e2teau de Paraza.\u00a0N&#8217;h\u00e9sitez pas \u00e0 nous contacter si vous ne trouvez pas la r\u00e9ponse \u00e0 vos interrogations.<\/p>\n<p>[\/vc_column_text][vc_empty_space height=&#8221;15px&#8221;][vc_toggle title=&#8221;\u00c9quipements \u00e0 disposition&#8221; el_id=&#8221;1455119869193-c877b03d-9f5c&#8221;]<\/p>\n<ul>\n<li>Lit Queen Size ou King Size<\/li>\n<li>Salle de bain avec baignoire et douche \u00e0 l&#8217;italienne<\/li>\n<li>S\u00e8che-cheveux<\/li>\n<li>Syst\u00e8me Wi-Fi gratuit<\/li>\n<li>T\u00e9l\u00e9vision sur demande<\/li>\n<\/ul>\n<p>[\/vc_toggle][\/vc_column][vc_column][vc_toggle title=&#8221;Mini-Bar et rafra\u00eechissements&#8221; el_id=&#8221;1455120598874-5b56e86c-7f88&#8243;]Le <strong>bar de d\u00e9gustation du caveau<\/strong> vous est toujours accessible pour tous les rafraichissements.<br \/>\nUn <strong>espace mini-bar<\/strong> est \u00e9galement \u00e0 votre disposition <strong>dans le Ch\u00e2teau<\/strong> et inclut un r\u00e9frig\u00e9rateur, une bouilloire avec une s\u00e9lection de th\u00e9s et d&#8217;infusions, et une machine Nespresso.[\/vc_toggle][\/vc_column][\/vc_row][vc_row][vc_column][vc_toggle title=&#8221;S\u00e9jour en famille&#8221; el_id=&#8221;1455122436353-622ac767-f343&#8243;]Trois de nos suites peuvent accueillir <strong>jusqu&#8217;\u00e0 4 personnes<\/strong> en chambres connect\u00e9es, id\u00e9al pour les s\u00e9jours en famille ![\/vc_toggle][\/vc_column][\/vc_row][vc_row][vc_column][vc_toggle title=&#8221;Pour les tout petits&#8221;]Les s\u00e9jours sont <strong>gratuits pour les moins de 2 ans<\/strong>; un lit parapluie peut \u00eatre mis gracieusement \u00e0 disposition sur demande en fonction des disponibilit\u00e9s.[\/vc_toggle][\/vc_column][\/vc_row][vc_row][vc_column][vc_toggle title=&#8221;Animaux de compagnie&#8221; el_id=&#8221;1455120906854-a0780007-1928&#8243;]Nos amis les animaux ne sont pas accept\u00e9s \u00e0 l&#8217;int\u00e9rieur du Ch\u00e2teau et des parties communes.[\/vc_toggle][\/vc_column][\/vc_row][vc_row][vc_column][vc_toggle title=&#8221;Piscine &#8211; Horaires &amp; R\u00e8glement&#8221; el_id=&#8221;1455121917135-3cb32ebb-470d&#8221;]Seuls les invit\u00e9s qui s\u00e9journent au\u00a0Ch\u00e2teau de Paraza ont acc\u00e8s \u00e0 la piscine. Celle-ci est ouverte <strong>entre\u00a008h00 et 20h30.<\/strong><\/p>\n<p>La piscine n&#8217;\u00e9tant pas surveill\u00e9e ; les enfants de moins de 16 ans sont autoris\u00e9s \u00e0 y aller \u00e0 condition d&#8217;\u00eatre accompagn\u00e9s par un adulte.[\/vc_toggle][\/vc_column][\/vc_row][vc_row][vc_column][vc_empty_space]<div class=\"hr-thin style-line\" style=\"width: 100%;\"><\/div>[vc_empty_space][\/vc_column][\/vc_row][vc_row][vc_column][vc_column_text]<\/p>\n<h3 style=\"text-align: center;\">R\u00c9SERVATION EXCLUSIVE ET PRIVATISATION DU CH\u00c2TEAU<\/h3>\n<p style=\"text-align: justify;\">Vous souhaitez passer des vacances ou c\u00e9l\u00e9brer un \u00e9v\u00e9nement dans un lieu exceptionnel en toute intimit\u00e9? Nous vous proposons une location exclusive des pi\u00e8ces de r\u00e9ception du Ch\u00e2teau: les 4 suites, le Grand Salon, le Petit Salon de Musique, la Salle \u00e0 Manger, la Cuisine, la Piscine et les Jardins. Nous avons \u00e9galement la possibilit\u00e9 de mettre \u00e0 votre disposition 2-5 chambres double suppl\u00e9mentaires afin de vous offrir une capacit\u00e9 d&#8217;accueil confortable de 20-22 personnes dans l&#8217;enceinte du domaine. Profitez d&#8217;un service sur mesure pour des vacances en toute s\u00e9r\u00e9nit\u00e9. Consultez nous pour un devis personnalis\u00e9.<\/p>\n<p>[\/vc_column_text][vc_empty_space height=&#8221;20px&#8221;][vc_btn title=&#8221;contact&#8221; shape=&#8221;square&#8221; size=&#8221;xs&#8221; align=&#8221;center&#8221; link=&#8221;url:https%3A%2F%2Fwww.chateau-de-paraza.com%2Fcontact-chateau-de-paraza%2F|title:Contact|target:_blank&#8221;][\/vc_column][\/vc_row][vc_row][vc_column]<div class=\"hr-thin style-line\" style=\"width: 100%;\"><\/div>[vc_empty_space][vc_empty_space][\/vc_column][\/vc_row]<\/p>\n<\/div>","protected":false},"excerpt":{"rendered":"<p>[vc_row][vc_column][vc_column_text] CALENDRIER D&#8217;&hellip;<\/p>\n","protected":false},"author":2,"featured_media":0,"parent":49,"menu_order":0,"comment_status":"closed","ping_status":"closed","template":"","meta":[],"yoast_head":"<!-- This site is optimized with the Yoast SEO plugin v21.8.1 - https:\/\/yoast.com\/wordpress\/plugins\/seo\/ -->\n<title>Tarifs &amp; Consultations des chambres d&#039;h\u00f4tes - Ch\u00e2teau de Paraza<\/title>\n<meta name=\"description\" content=\"Tarifs des suites, location exclusive du Ch\u00e2teau. Consultez les tarifs de nos principales prestations et demandez votre devis personnalis\u00e9.\u00a0\" \/>\n<meta name=\"robots\" content=\"index, follow, max-snippet:-1, max-image-preview:large, max-video-preview:-1\" \/>\n<link rel=\"canonical\" href=\"https:\/\/www.chateau-de-paraza.com\/chambre-dhotes-suites-chateau-occitanie-aude-minervois\/tarifs-consultations\/\" \/>\n<meta property=\"og:locale\" content=\"zh_CN\" \/>\n<meta property=\"og:type\" content=\"article\" \/>\n<meta property=\"og:title\" content=\"Tarifs &amp; Consultations des chambres d&#039;h\u00f4tes - Ch\u00e2teau de Paraza\" \/>\n<meta property=\"og:description\" content=\"Tarifs des suites, location exclusive du Ch\u00e2teau. Consultez les tarifs de nos principales prestations et demandez votre devis personnalis\u00e9.\u00a0\" \/>\n<meta property=\"og:url\" content=\"https:\/\/www.chateau-de-paraza.com\/chambre-dhotes-suites-chateau-occitanie-aude-minervois\/tarifs-consultations\/\" \/>\n<meta property=\"og:site_name\" content=\"Ch\u00e2teau de Paraza\" \/>\n<meta property=\"article:publisher\" content=\"https:\/\/www.facebook.com\/chateaudeparaza\" \/>\n<meta property=\"article:modified_time\" content=\"2022-04-11T13:36:04+00:00\" \/>\n<meta name=\"twitter:card\" content=\"summary_large_image\" \/>\n<meta name=\"twitter:site\" content=\"@ChateauDeParaza\" \/>\n<meta name=\"twitter:label1\" content=\"\u9884\u8ba1\u9605\u8bfb\u65f6\u95f4\" \/>\n\t<meta name=\"twitter:data1\" content=\"8\u5206\" \/>\n<script type=\"application\/ld+json\" class=\"yoast-schema-graph\">{\"@context\":\"https:\/\/schema.org\",\"@graph\":[{\"@type\":\"WebPage\",\"@id\":\"https:\/\/www.chateau-de-paraza.com\/chambre-dhotes-suites-chateau-occitanie-aude-minervois\/tarifs-consultations\/\",\"url\":\"https:\/\/www.chateau-de-paraza.com\/chambre-dhotes-suites-chateau-occitanie-aude-minervois\/tarifs-consultations\/\",\"name\":\"Tarifs & Consultations des chambres d'h\u00f4tes - Ch\u00e2teau de Paraza\",\"isPartOf\":{\"@id\":\"https:\/\/www.chateau-de-paraza.com\/#website\"},\"datePublished\":\"2016-02-10T18:30:33+00:00\",\"dateModified\":\"2022-04-11T13:36:04+00:00\",\"description\":\"Tarifs des suites, location exclusive du Ch\u00e2teau. Consultez les tarifs de nos principales prestations et demandez votre devis personnalis\u00e9.\u00a0\",\"breadcrumb\":{\"@id\":\"https:\/\/www.chateau-de-paraza.com\/chambre-dhotes-suites-chateau-occitanie-aude-minervois\/tarifs-consultations\/#breadcrumb\"},\"inLanguage\":\"zh-CN\",\"potentialAction\":[{\"@type\":\"ReadAction\",\"target\":[\"https:\/\/www.chateau-de-paraza.com\/chambre-dhotes-suites-chateau-occitanie-aude-minervois\/tarifs-consultations\/\"]}]},{\"@type\":\"BreadcrumbList\",\"@id\":\"https:\/\/www.chateau-de-paraza.com\/chambre-dhotes-suites-chateau-occitanie-aude-minervois\/tarifs-consultations\/#breadcrumb\",\"itemListElement\":[{\"@type\":\"ListItem\",\"position\":1,\"name\":\"Accueil\",\"item\":\"https:\/\/www.chateau-de-paraza.com\/zh-hans\/\"},{\"@type\":\"ListItem\",\"position\":2,\"name\":\"Chambres\",\"item\":\"https:\/\/www.chateau-de-paraza.com\/chambre-dhotes-suites-chateau-occitanie-aude-minervois\/\"},{\"@type\":\"ListItem\",\"position\":3,\"name\":\"Tarifs &#038; Consultations\"}]},{\"@type\":\"WebSite\",\"@id\":\"https:\/\/www.chateau-de-paraza.com\/#website\",\"url\":\"https:\/\/www.chateau-de-paraza.com\/\",\"name\":\"Ch\u00e2teau de Paraza\",\"description\":\"Site web du Ch\u00e2teau de Paraza\",\"potentialAction\":[{\"@type\":\"SearchAction\",\"target\":{\"@type\":\"EntryPoint\",\"urlTemplate\":\"https:\/\/www.chateau-de-paraza.com\/?s={search_term_string}\"},\"query-input\":\"required name=search_term_string\"}],\"inLanguage\":\"zh-CN\"}]}<\/script>\n<!-- \/ Yoast SEO plugin. -->","yoast_head_json":{"title":"Tarifs & Consultations des chambres d'h\u00f4tes - Ch\u00e2teau de Paraza","description":"Tarifs des suites, location exclusive du Ch\u00e2teau. Consultez les tarifs de nos principales prestations et demandez votre devis personnalis\u00e9.\u00a0","robots":{"index":"index","follow":"follow","max-snippet":"max-snippet:-1","max-image-preview":"max-image-preview:large","max-video-preview":"max-video-preview:-1"},"canonical":"https:\/\/www.chateau-de-paraza.com\/chambre-dhotes-suites-chateau-occitanie-aude-minervois\/tarifs-consultations\/","og_locale":"zh_CN","og_type":"article","og_title":"Tarifs & Consultations des chambres d'h\u00f4tes - Ch\u00e2teau de Paraza","og_description":"Tarifs des suites, location exclusive du Ch\u00e2teau. Consultez les tarifs de nos principales prestations et demandez votre devis personnalis\u00e9.\u00a0","og_url":"https:\/\/www.chateau-de-paraza.com\/chambre-dhotes-suites-chateau-occitanie-aude-minervois\/tarifs-consultations\/","og_site_name":"Ch\u00e2teau de Paraza","article_publisher":"https:\/\/www.facebook.com\/chateaudeparaza","article_modified_time":"2022-04-11T13:36:04+00:00","twitter_card":"summary_large_image","twitter_site":"@ChateauDeParaza","twitter_misc":{"\u9884\u8ba1\u9605\u8bfb\u65f6\u95f4":"8\u5206"},"schema":{"@context":"https:\/\/schema.org","@graph":[{"@type":"WebPage","@id":"https:\/\/www.chateau-de-paraza.com\/chambre-dhotes-suites-chateau-occitanie-aude-minervois\/tarifs-consultations\/","url":"https:\/\/www.chateau-de-paraza.com\/chambre-dhotes-suites-chateau-occitanie-aude-minervois\/tarifs-consultations\/","name":"Tarifs & Consultations des chambres d'h\u00f4tes - Ch\u00e2teau de Paraza","isPartOf":{"@id":"https:\/\/www.chateau-de-paraza.com\/#website"},"datePublished":"2016-02-10T18:30:33+00:00","dateModified":"2022-04-11T13:36:04+00:00","description":"Tarifs des suites, location exclusive du Ch\u00e2teau. Consultez les tarifs de nos principales prestations et demandez votre devis personnalis\u00e9.\u00a0","breadcrumb":{"@id":"https:\/\/www.chateau-de-paraza.com\/chambre-dhotes-suites-chateau-occitanie-aude-minervois\/tarifs-consultations\/#breadcrumb"},"inLanguage":"zh-CN","potentialAction":[{"@type":"ReadAction","target":["https:\/\/www.chateau-de-paraza.com\/chambre-dhotes-suites-chateau-occitanie-aude-minervois\/tarifs-consultations\/"]}]},{"@type":"BreadcrumbList","@id":"https:\/\/www.chateau-de-paraza.com\/chambre-dhotes-suites-chateau-occitanie-aude-minervois\/tarifs-consultations\/#breadcrumb","itemListElement":[{"@type":"ListItem","position":1,"name":"Accueil","item":"https:\/\/www.chateau-de-paraza.com\/zh-hans\/"},{"@type":"ListItem","position":2,"name":"Chambres","item":"https:\/\/www.chateau-de-paraza.com\/chambre-dhotes-suites-chateau-occitanie-aude-minervois\/"},{"@type":"ListItem","position":3,"name":"Tarifs &#038; Consultations"}]},{"@type":"WebSite","@id":"https:\/\/www.chateau-de-paraza.com\/#website","url":"https:\/\/www.chateau-de-paraza.com\/","name":"Ch\u00e2teau de Paraza","description":"Site web du Ch\u00e2teau de Paraza","potentialAction":[{"@type":"SearchAction","target":{"@type":"EntryPoint","urlTemplate":"https:\/\/www.chateau-de-paraza.com\/?s={search_term_string}"},"query-input":"required name=search_term_string"}],"inLanguage":"zh-CN"}]}},"_links":{"self":[{"href":"https:\/\/www.chateau-de-paraza.com\/zh-hans\/wp-json\/wp\/v2\/pages\/1830"}],"collection":[{"href":"https:\/\/www.chateau-de-paraza.com\/zh-hans\/wp-json\/wp\/v2\/pages"}],"about":[{"href":"https:\/\/www.chateau-de-paraza.com\/zh-hans\/wp-json\/wp\/v2\/types\/page"}],"author":[{"embeddable":true,"href":"https:\/\/www.chateau-de-paraza.com\/zh-hans\/wp-json\/wp\/v2\/users\/2"}],"replies":[{"embeddable":true,"href":"https:\/\/www.chateau-de-paraza.com\/zh-hans\/wp-json\/wp\/v2\/comments?post=1830"}],"version-history":[{"count":10,"href":"https:\/\/www.chateau-de-paraza.com\/zh-hans\/wp-json\/wp\/v2\/pages\/1830\/revisions"}],"predecessor-version":[{"id":7592,"href":"https:\/\/www.chateau-de-paraza.com\/zh-hans\/wp-json\/wp\/v2\/pages\/1830\/revisions\/7592"}],"up":[{"embeddable":true,"href":"https:\/\/www.chateau-de-paraza.com\/zh-hans\/wp-json\/wp\/v2\/pages\/49"}],"wp:attachment":[{"href":"https:\/\/www.chateau-de-paraza.com\/zh-hans\/wp-json\/wp\/v2\/media?parent=1830"}],"curies":[{"name":"wp","href":"https:\/\/api.w.org\/{rel}","templated":true}]}}