{"id":13564,"date":"2026-04-01T15:39:28","date_gmt":"2026-04-01T14:39:28","guid":{"rendered":"https:\/\/www.chateau-de-paraza.com\/?page_id=13564"},"modified":"2026-04-02T16:17:30","modified_gmt":"2026-04-02T15:17:30","slug":"le-cafe-du-port-restaurant-au-bord-du-canal-du-midi-a-paraza-2","status":"publish","type":"page","link":"https:\/\/www.chateau-de-paraza.com\/zh-hans\/le-cafe-du-port-restaurant-au-bord-du-canal-du-midi-a-paraza-2\/","title":{"rendered":"Le Caf\u00e9 du Port &#8211; Restaurant au bord du Canal du Midi \u00e0 Paraza"},"content":{"rendered":"<div class=\"wpb-content-wrapper\"><p>[vc_row][vc_column][vc_column_text]Adresse + num r\u00e9servation fixe + perso[\/vc_column_text][\/vc_column][\/vc_row][vc_row][vc_column width=&#8221;1\/3&#8243;][vc_single_image][\/vc_column][vc_column width=&#8221;1\/3&#8243;][vc_single_image][\/vc_column][vc_column width=&#8221;1\/3&#8243;][vc_single_image][\/vc_column][\/vc_row][vc_row][vc_column][vc_column_text]truc sur les groupes[\/vc_column_text][\/vc_column][\/vc_row][vc_row][vc_column][vc_column_text]carte interactive[\/vc_column_text][\/vc_column][\/vc_row]<\/p>\n<\/div>","protected":false},"excerpt":{"rendered":"<p>[vc_row][vc_column][vc_column_text]Adresse + num r\u00e9serv&hellip;<\/p>\n","protected":false},"author":2,"featured_media":0,"parent":0,"menu_order":0,"comment_status":"closed","ping_status":"closed","template":"","meta":[],"yoast_head":"<!-- This site is optimized with the Yoast SEO plugin v21.8.1 - https:\/\/yoast.com\/wordpress\/plugins\/seo\/ -->\n<title>Le Caf\u00e9 du Port - Restaurant au bord du Canal du Midi \u00e0 Paraza - Ch\u00e2teau de Paraza<\/title>\n<meta name=\"description\" content=\"Adresse + num r\u00e9servation fixe + persotruc sur les groupescarte interactive\" \/>\n<meta name=\"robots\" content=\"index, follow, max-snippet:-1, max-image-preview:large, max-video-preview:-1\" \/>\n<link rel=\"canonical\" href=\"https:\/\/www.chateau-de-paraza.com\/le-cafe-du-port-restaurant-au-bord-du-canal-du-midi-a-paraza-2\/\" \/>\n<meta property=\"og:locale\" content=\"zh_CN\" \/>\n<meta property=\"og:type\" content=\"article\" \/>\n<meta property=\"og:title\" content=\"Le Caf\u00e9 du Port - Restaurant au bord du Canal du Midi \u00e0 Paraza - Ch\u00e2teau de Paraza\" \/>\n<meta property=\"og:description\" content=\"Adresse + num r\u00e9servation fixe + persotruc sur les groupescarte interactive\" \/>\n<meta property=\"og:url\" content=\"https:\/\/www.chateau-de-paraza.com\/le-cafe-du-port-restaurant-au-bord-du-canal-du-midi-a-paraza-2\/\" \/>\n<meta property=\"og:site_name\" content=\"Ch\u00e2teau de Paraza\" \/>\n<meta property=\"article:publisher\" content=\"https:\/\/www.facebook.com\/chateaudeparaza\" \/>\n<meta property=\"article:modified_time\" content=\"2026-04-02T15:17:30+00:00\" \/>\n<meta name=\"twitter:card\" content=\"summary_large_image\" \/>\n<meta name=\"twitter:site\" content=\"@ChateauDeParaza\" \/>\n<script type=\"application\/ld+json\" class=\"yoast-schema-graph\">{\"@context\":\"https:\/\/schema.org\",\"@graph\":[{\"@type\":\"WebPage\",\"@id\":\"https:\/\/www.chateau-de-paraza.com\/le-cafe-du-port-restaurant-au-bord-du-canal-du-midi-a-paraza-2\/\",\"url\":\"https:\/\/www.chateau-de-paraza.com\/le-cafe-du-port-restaurant-au-bord-du-canal-du-midi-a-paraza-2\/\",\"name\":\"Le Caf\u00e9 du Port - Restaurant au bord du Canal du Midi \u00e0 Paraza - Ch\u00e2teau de Paraza\",\"isPartOf\":{\"@id\":\"https:\/\/www.chateau-de-paraza.com\/#website\"},\"datePublished\":\"2026-04-01T14:39:28+00:00\",\"dateModified\":\"2026-04-02T15:17:30+00:00\",\"description\":\"Adresse + num r\u00e9servation fixe + persotruc sur les groupescarte interactive\",\"breadcrumb\":{\"@id\":\"https:\/\/www.chateau-de-paraza.com\/le-cafe-du-port-restaurant-au-bord-du-canal-du-midi-a-paraza-2\/#breadcrumb\"},\"inLanguage\":\"zh-CN\",\"potentialAction\":[{\"@type\":\"ReadAction\",\"target\":[\"https:\/\/www.chateau-de-paraza.com\/le-cafe-du-port-restaurant-au-bord-du-canal-du-midi-a-paraza-2\/\"]}]},{\"@type\":\"BreadcrumbList\",\"@id\":\"https:\/\/www.chateau-de-paraza.com\/le-cafe-du-port-restaurant-au-bord-du-canal-du-midi-a-paraza-2\/#breadcrumb\",\"itemListElement\":[{\"@type\":\"ListItem\",\"position\":1,\"name\":\"Accueil\",\"item\":\"https:\/\/www.chateau-de-paraza.com\/zh-hans\/\"},{\"@type\":\"ListItem\",\"position\":2,\"name\":\"Le Caf\u00e9 du Port &#8211; Restaurant au bord du Canal du Midi \u00e0 Paraza\"}]},{\"@type\":\"WebSite\",\"@id\":\"https:\/\/www.chateau-de-paraza.com\/#website\",\"url\":\"https:\/\/www.chateau-de-paraza.com\/\",\"name\":\"Ch\u00e2teau de Paraza\",\"description\":\"Site web du Ch\u00e2teau de Paraza\",\"potentialAction\":[{\"@type\":\"SearchAction\",\"target\":{\"@type\":\"EntryPoint\",\"urlTemplate\":\"https:\/\/www.chateau-de-paraza.com\/?s={search_term_string}\"},\"query-input\":\"required name=search_term_string\"}],\"inLanguage\":\"zh-CN\"}]}<\/script>\n<!-- \/ Yoast SEO plugin. -->","yoast_head_json":{"title":"Le Caf\u00e9 du Port - Restaurant au bord du Canal du Midi \u00e0 Paraza - Ch\u00e2teau de Paraza","description":"Adresse + num r\u00e9servation fixe + persotruc sur les groupescarte interactive","robots":{"index":"index","follow":"follow","max-snippet":"max-snippet:-1","max-image-preview":"max-image-preview:large","max-video-preview":"max-video-preview:-1"},"canonical":"https:\/\/www.chateau-de-paraza.com\/le-cafe-du-port-restaurant-au-bord-du-canal-du-midi-a-paraza-2\/","og_locale":"zh_CN","og_type":"article","og_title":"Le Caf\u00e9 du Port - Restaurant au bord du Canal du Midi \u00e0 Paraza - Ch\u00e2teau de Paraza","og_description":"Adresse + num r\u00e9servation fixe + persotruc sur les groupescarte interactive","og_url":"https:\/\/www.chateau-de-paraza.com\/le-cafe-du-port-restaurant-au-bord-du-canal-du-midi-a-paraza-2\/","og_site_name":"Ch\u00e2teau de Paraza","article_publisher":"https:\/\/www.facebook.com\/chateaudeparaza","article_modified_time":"2026-04-02T15:17:30+00:00","twitter_card":"summary_large_image","twitter_site":"@ChateauDeParaza","schema":{"@context":"https:\/\/schema.org","@graph":[{"@type":"WebPage","@id":"https:\/\/www.chateau-de-paraza.com\/le-cafe-du-port-restaurant-au-bord-du-canal-du-midi-a-paraza-2\/","url":"https:\/\/www.chateau-de-paraza.com\/le-cafe-du-port-restaurant-au-bord-du-canal-du-midi-a-paraza-2\/","name":"Le Caf\u00e9 du Port - Restaurant au bord du Canal du Midi \u00e0 Paraza - Ch\u00e2teau de Paraza","isPartOf":{"@id":"https:\/\/www.chateau-de-paraza.com\/#website"},"datePublished":"2026-04-01T14:39:28+00:00","dateModified":"2026-04-02T15:17:30+00:00","description":"Adresse + num r\u00e9servation fixe + persotruc sur les groupescarte interactive","breadcrumb":{"@id":"https:\/\/www.chateau-de-paraza.com\/le-cafe-du-port-restaurant-au-bord-du-canal-du-midi-a-paraza-2\/#breadcrumb"},"inLanguage":"zh-CN","potentialAction":[{"@type":"ReadAction","target":["https:\/\/www.chateau-de-paraza.com\/le-cafe-du-port-restaurant-au-bord-du-canal-du-midi-a-paraza-2\/"]}]},{"@type":"BreadcrumbList","@id":"https:\/\/www.chateau-de-paraza.com\/le-cafe-du-port-restaurant-au-bord-du-canal-du-midi-a-paraza-2\/#breadcrumb","itemListElement":[{"@type":"ListItem","position":1,"name":"Accueil","item":"https:\/\/www.chateau-de-paraza.com\/zh-hans\/"},{"@type":"ListItem","position":2,"name":"Le Caf\u00e9 du Port &#8211; Restaurant au bord du Canal du Midi \u00e0 Paraza"}]},{"@type":"WebSite","@id":"https:\/\/www.chateau-de-paraza.com\/#website","url":"https:\/\/www.chateau-de-paraza.com\/","name":"Ch\u00e2teau de Paraza","description":"Site web du Ch\u00e2teau de Paraza","potentialAction":[{"@type":"SearchAction","target":{"@type":"EntryPoint","urlTemplate":"https:\/\/www.chateau-de-paraza.com\/?s={search_term_string}"},"query-input":"required name=search_term_string"}],"inLanguage":"zh-CN"}]}},"_links":{"self":[{"href":"https:\/\/www.chateau-de-paraza.com\/zh-hans\/wp-json\/wp\/v2\/pages\/13564"}],"collection":[{"href":"https:\/\/www.chateau-de-paraza.com\/zh-hans\/wp-json\/wp\/v2\/pages"}],"about":[{"href":"https:\/\/www.chateau-de-paraza.com\/zh-hans\/wp-json\/wp\/v2\/types\/page"}],"author":[{"embeddable":true,"href":"https:\/\/www.chateau-de-paraza.com\/zh-hans\/wp-json\/wp\/v2\/users\/2"}],"replies":[{"embeddable":true,"href":"https:\/\/www.chateau-de-paraza.com\/zh-hans\/wp-json\/wp\/v2\/comments?post=13564"}],"version-history":[{"count":1,"href":"https:\/\/www.chateau-de-paraza.com\/zh-hans\/wp-json\/wp\/v2\/pages\/13564\/revisions"}],"predecessor-version":[{"id":13565,"href":"https:\/\/www.chateau-de-paraza.com\/zh-hans\/wp-json\/wp\/v2\/pages\/13564\/revisions\/13565"}],"wp:attachment":[{"href":"https:\/\/www.chateau-de-paraza.com\/zh-hans\/wp-json\/wp\/v2\/media?parent=13564"}],"curies":[{"name":"wp","href":"https:\/\/api.w.org\/{rel}","templated":true}]}}