{"id":13107,"date":"2026-01-07T14:12:41","date_gmt":"2026-01-07T13:12:41","guid":{"rendered":"https:\/\/www.chateau-de-paraza.com\/?page_id=13107"},"modified":"2026-01-08T14:59:44","modified_gmt":"2026-01-08T13:59:44","slug":"aperitif-champetre-dans-les-jardins","status":"publish","type":"page","link":"https:\/\/www.chateau-de-paraza.com\/zh-hans\/experiences-activites-degustation-visite-oenotourisme\/aperitif-champetre-dans-les-jardins\/","title":{"rendered":"Ap\u00e9ritif champ\u00eatre dans les jardins"},"content":{"rendered":"<div class=\"wpb-content-wrapper\"><p>[vc_row][vc_column][vc_column_text]<\/p>\n<p data-start=\"853\" data-end=\"916\">Un ap\u00e9ritif champ\u00eatre avec une vue imprenable sur les vignes.<\/p>\n<p data-start=\"923\" data-end=\"1131\">Prenez le temps de savourer l\u2019instant, install\u00e9s \u00e0 l\u2019ombre des <a href=\"https:\/\/www.chateau-de-paraza.com\/domaine\/\">jardins du Ch\u00e2teau<\/a> de <a href=\"https:\/\/www.google.com\/maps\/dir\/43.2275456,2.8475392\/paraza\/@43.2391336,2.8248383,14z\/data=!3m1!4b1!4m9!4m8!1m1!4e1!1m5!1m1!1s0x12b1b654ac0629f7:0x4078821166d22f0!2m2!1d2.832104!2d43.2504149?entry=ttu&amp;g_ep=EgoyMDI1MTIwOS4wIKXMDSoASAFQAw%3D%3D\">Paraza<\/a>, dans une ambiance douce et d\u00e9tendue. Ici, on ralentit, on partage, on profite simplement du cadre et des saveurs.<\/p>\n<p data-start=\"1138\" data-end=\"1322\">Cette parenth\u00e8se gourmande se vit autour de produits locaux et de saison \u2014 fromages, charcuteries et autres plaisirs \u00e0 partager \u2014 s\u00e9lectionn\u00e9s pour accompagner parfaitement nos vins.<\/p>\n<p data-start=\"1329\" data-end=\"1622\">L\u2019exp\u00e9rience d\u00e9bute par une d\u00e9gustation de bienvenue, qui vous permettra de choisir le ou les vins qui accompagneront votre ap\u00e9ritif, selon vos envies. Ensuite, place \u00e0 la convivialit\u00e9 : deux verres par personne, un cadre exceptionnel et le plaisir d\u2019\u00eatre ensemble, entre amis ou en famille.<\/p>\n<p data-start=\"1629\" data-end=\"1700\">&#x1f449; L\u2019exp\u00e9rience inclut la d\u00e9gustation + 2 verres de vin par personne.<\/p>\n<p>[\/vc_column_text][\/vc_column][\/vc_row][vc_row][vc_column][vc_empty_space][\/vc_column][\/vc_row][vc_row][vc_column][vc_media_grid element_width=&#8221;3&#8243; grid_id=&#8221;vc_gid:1767880009357-55bf3c39-9930-5&#8243; include=&#8221;9014,9010,8933,8086&#8243;][vc_empty_space][\/vc_column][\/vc_row][vc_row][vc_column][vc_column_text]<\/p>\n<h3 style=\"text-align: center;\" data-start=\"1707\" data-end=\"1777\">&#x1f377; Ap\u00e9ritif champ\u00eatre uniquement sur r\u00e9servation<br data-start=\"1755\" data-end=\"1758\" \/>&#x1f4b6; \u00e0 partir de 35\u20ac \/ personne<\/h3>\n<p>[\/vc_column_text][vc_empty_space][\/vc_column][\/vc_row][vc_row][vc_column][vc_column_text]<\/p>\n<blockquote>\n<p style=\"text-align: center;\"><em>Un moment simple, authentique et chaleureux, comme on les aime dans le Sud.<\/em><\/p>\n<\/blockquote>\n<p>[\/vc_column_text][vc_empty_space][vc_btn title=&#8221;R\u00e9server&#8221; color=&#8221;danger&#8221; align=&#8221;center&#8221; link=&#8221;url:https%3A%2F%2Fwww.chateau-de-paraza.com%2Fcontact-chateau-de-paraza%2F|title:Contact|target:_blank&#8221;][vc_empty_space][\/vc_column][\/vc_row][vc_row][vc_column][vc_zigzag][vc_empty_space][vc_column_text]<\/p>\n<div class=\"wpb_text_column wpb_content_element \">\n<div class=\"wpb_wrapper\">\n<h2>Vous souhaitez compl\u00e9ter votre exp\u00e9rience :<\/h2>\n<\/div>\n<\/div>\n<p>[\/vc_column_text][vc_empty_space][\/vc_column][\/vc_row][vc_row][vc_column width=&#8221;1\/3&#8243;][vc_hoverbox image=&#8221;12620&#8243; primary_title=&#8221;&#8221; hover_title=&#8221;Sur devis&#8221; hover_title_google_fonts=&#8221;font_family:Cinzel%3Aregular%2C700%2C900|font_style:400%20regular%3A400%3Anormal&#8221; shape=&#8221;square&#8221; use_custom_fonts_hover_title=&#8221;true&#8221;]Plongez dans l\u2019histoire et le raffinement sign\u00e9 par un chef \u00e0 travers une exp\u00e9rience unique et confidentielle accompagn\u00e9 des vins du domaine.[\/vc_hoverbox][vc_empty_space height=&#8221;5px&#8221;][vc_column_text]<\/p>\n<h2>D\u00eener priv\u00e9<\/h2>\n<p>[\/vc_column_text][vc_column_text]<a href=\"https:\/\/www.chateau-de-paraza.com\/experiences-activites-degustation-visite-oenotourisme\/experience-degustation-prestige-chateau-de-paraza\/\" target=\"_blank\" rel=\"noopener\">En savoir plus<\/a>[\/vc_column_text][\/vc_column][vc_column width=&#8221;1\/3&#8243;][vc_hoverbox image=&#8221;13092&#8243; primary_title=&#8221;&#8221; hover_title=&#8221;d&#8217;Avril \u00e0 Octobre&#8221; hover_title_google_fonts=&#8221;font_family:Cinzel%3Aregular%2C700%2C900|font_style:400%20regular%3A400%3Anormal&#8221; shape=&#8221;square&#8221; use_custom_fonts_hover_title=&#8221;true&#8221;]D\u00e9couvrez les vins du Ch\u00e2teau de Paraza lors de d\u00e9gustations comment\u00e9es, ouvertes \u00e0 tous.[\/vc_hoverbox][vc_empty_space height=&#8221;5px&#8221;][vc_column_text]<\/p>\n<h2>D\u00e9gustation<\/h2>\n<p>[\/vc_column_text][vc_column_text]<a href=\"https:\/\/www.chateau-de-paraza.com\/experiences-activites-degustation-visite-oenotourisme\/degustations\/\" target=\"_blank\" rel=\"noopener\">En savoir plus<\/a>[\/vc_column_text][\/vc_column][vc_column width=&#8221;1\/3&#8243;][vc_hoverbox image=&#8221;9182&#8243; primary_title=&#8221;&#8221; hover_title=&#8221;7\u20ac \/ pers&#8221; hover_title_google_fonts=&#8221;font_family:Cinzel%3Aregular%2C700%2C900|font_style:400%20regular%3A400%3Anormal&#8221; shape=&#8221;square&#8221; use_custom_fonts_hover_title=&#8221;true&#8221;]D\u00e9couvrez le Ch\u00e2teau de Paraza lors de visites guid\u00e9es au c\u0153ur d\u2019un domaine historique surplombant le Canal du Midi class\u00e9 \u00e0 l\u2019UNESCO.[\/vc_hoverbox][vc_empty_space height=&#8221;5px&#8221;][vc_column_text]<\/p>\n<h2>Visite<\/h2>\n<p>[\/vc_column_text][vc_column_text]<a href=\"https:\/\/www.chateau-de-paraza.com\/experiences-activites-degustation-visite-oenotourisme\/visite-guidee\/\" target=\"_blank\" rel=\"noopener\">En savoir plus<\/a>[\/vc_column_text][\/vc_column][\/vc_row]<\/p>\n<\/div>","protected":false},"excerpt":{"rendered":"<p>[vc_row][vc_column][vc_column_text] Un ap\u00e9ritif champ\u00eat&hellip;<\/p>\n","protected":false},"author":2,"featured_media":0,"parent":3495,"menu_order":0,"comment_status":"closed","ping_status":"closed","template":"","meta":[],"yoast_head":"<!-- This site is optimized with the Yoast SEO plugin v21.8.1 - https:\/\/yoast.com\/wordpress\/plugins\/seo\/ -->\n<title>Ap\u00e9ritif champ\u00eatre dans les jardins - Ch\u00e2teau de Paraza<\/title>\n<meta name=\"description\" content=\"Profitez d\u2019une parenth\u00e8se gourmande install\u00e9s \u00e0 l\u2019ombre des jardins du Ch\u00e2teau, entre amis ou en famille autour d&#039;un ap\u00e9ritif champ\u00eatre.\" \/>\n<meta name=\"robots\" content=\"index, follow, max-snippet:-1, max-image-preview:large, max-video-preview:-1\" \/>\n<link rel=\"canonical\" href=\"https:\/\/www.chateau-de-paraza.com\/experiences-activites-degustation-visite-oenotourisme\/aperitif-champetre-dans-les-jardins\/\" \/>\n<meta property=\"og:locale\" content=\"zh_CN\" \/>\n<meta property=\"og:type\" content=\"article\" \/>\n<meta property=\"og:title\" content=\"Ap\u00e9ritif champ\u00eatre dans les jardins - Ch\u00e2teau de Paraza\" \/>\n<meta property=\"og:description\" content=\"Profitez d\u2019une parenth\u00e8se gourmande install\u00e9s \u00e0 l\u2019ombre des jardins du Ch\u00e2teau, entre amis ou en famille autour d&#039;un ap\u00e9ritif champ\u00eatre.\" \/>\n<meta property=\"og:url\" content=\"https:\/\/www.chateau-de-paraza.com\/experiences-activites-degustation-visite-oenotourisme\/aperitif-champetre-dans-les-jardins\/\" \/>\n<meta property=\"og:site_name\" content=\"Ch\u00e2teau de Paraza\" \/>\n<meta property=\"article:publisher\" content=\"https:\/\/www.facebook.com\/chateaudeparaza\" \/>\n<meta property=\"article:modified_time\" content=\"2026-01-08T13:59:44+00:00\" \/>\n<meta name=\"twitter:card\" content=\"summary_large_image\" \/>\n<meta name=\"twitter:site\" content=\"@ChateauDeParaza\" \/>\n<meta name=\"twitter:label1\" content=\"\u9884\u8ba1\u9605\u8bfb\u65f6\u95f4\" \/>\n\t<meta name=\"twitter:data1\" content=\"2\u5206\" \/>\n<script type=\"application\/ld+json\" class=\"yoast-schema-graph\">{\"@context\":\"https:\/\/schema.org\",\"@graph\":[{\"@type\":\"WebPage\",\"@id\":\"https:\/\/www.chateau-de-paraza.com\/experiences-activites-degustation-visite-oenotourisme\/aperitif-champetre-dans-les-jardins\/\",\"url\":\"https:\/\/www.chateau-de-paraza.com\/experiences-activites-degustation-visite-oenotourisme\/aperitif-champetre-dans-les-jardins\/\",\"name\":\"Ap\u00e9ritif champ\u00eatre dans les jardins - Ch\u00e2teau de Paraza\",\"isPartOf\":{\"@id\":\"https:\/\/www.chateau-de-paraza.com\/#website\"},\"datePublished\":\"2026-01-07T13:12:41+00:00\",\"dateModified\":\"2026-01-08T13:59:44+00:00\",\"description\":\"Profitez d\u2019une parenth\u00e8se gourmande install\u00e9s \u00e0 l\u2019ombre des jardins du Ch\u00e2teau, entre amis ou en famille autour d'un ap\u00e9ritif champ\u00eatre.\",\"breadcrumb\":{\"@id\":\"https:\/\/www.chateau-de-paraza.com\/experiences-activites-degustation-visite-oenotourisme\/aperitif-champetre-dans-les-jardins\/#breadcrumb\"},\"inLanguage\":\"zh-CN\",\"potentialAction\":[{\"@type\":\"ReadAction\",\"target\":[\"https:\/\/www.chateau-de-paraza.com\/experiences-activites-degustation-visite-oenotourisme\/aperitif-champetre-dans-les-jardins\/\"]}]},{\"@type\":\"BreadcrumbList\",\"@id\":\"https:\/\/www.chateau-de-paraza.com\/experiences-activites-degustation-visite-oenotourisme\/aperitif-champetre-dans-les-jardins\/#breadcrumb\",\"itemListElement\":[{\"@type\":\"ListItem\",\"position\":1,\"name\":\"Accueil\",\"item\":\"https:\/\/www.chateau-de-paraza.com\/zh-hans\/\"},{\"@type\":\"ListItem\",\"position\":2,\"name\":\"Exp\u00e9riences\",\"item\":\"https:\/\/www.chateau-de-paraza.com\/experiences-activites-degustation-visite-oenotourisme\/\"},{\"@type\":\"ListItem\",\"position\":3,\"name\":\"Ap\u00e9ritif champ\u00eatre dans les jardins\"}]},{\"@type\":\"WebSite\",\"@id\":\"https:\/\/www.chateau-de-paraza.com\/#website\",\"url\":\"https:\/\/www.chateau-de-paraza.com\/\",\"name\":\"Ch\u00e2teau de Paraza\",\"description\":\"Site web du Ch\u00e2teau de Paraza\",\"potentialAction\":[{\"@type\":\"SearchAction\",\"target\":{\"@type\":\"EntryPoint\",\"urlTemplate\":\"https:\/\/www.chateau-de-paraza.com\/?s={search_term_string}\"},\"query-input\":\"required name=search_term_string\"}],\"inLanguage\":\"zh-CN\"}]}<\/script>\n<!-- \/ Yoast SEO plugin. -->","yoast_head_json":{"title":"Ap\u00e9ritif champ\u00eatre dans les jardins - Ch\u00e2teau de Paraza","description":"Profitez d\u2019une parenth\u00e8se gourmande install\u00e9s \u00e0 l\u2019ombre des jardins du Ch\u00e2teau, entre amis ou en famille autour d'un ap\u00e9ritif champ\u00eatre.","robots":{"index":"index","follow":"follow","max-snippet":"max-snippet:-1","max-image-preview":"max-image-preview:large","max-video-preview":"max-video-preview:-1"},"canonical":"https:\/\/www.chateau-de-paraza.com\/experiences-activites-degustation-visite-oenotourisme\/aperitif-champetre-dans-les-jardins\/","og_locale":"zh_CN","og_type":"article","og_title":"Ap\u00e9ritif champ\u00eatre dans les jardins - Ch\u00e2teau de Paraza","og_description":"Profitez d\u2019une parenth\u00e8se gourmande install\u00e9s \u00e0 l\u2019ombre des jardins du Ch\u00e2teau, entre amis ou en famille autour d'un ap\u00e9ritif champ\u00eatre.","og_url":"https:\/\/www.chateau-de-paraza.com\/experiences-activites-degustation-visite-oenotourisme\/aperitif-champetre-dans-les-jardins\/","og_site_name":"Ch\u00e2teau de Paraza","article_publisher":"https:\/\/www.facebook.com\/chateaudeparaza","article_modified_time":"2026-01-08T13:59:44+00:00","twitter_card":"summary_large_image","twitter_site":"@ChateauDeParaza","twitter_misc":{"\u9884\u8ba1\u9605\u8bfb\u65f6\u95f4":"2\u5206"},"schema":{"@context":"https:\/\/schema.org","@graph":[{"@type":"WebPage","@id":"https:\/\/www.chateau-de-paraza.com\/experiences-activites-degustation-visite-oenotourisme\/aperitif-champetre-dans-les-jardins\/","url":"https:\/\/www.chateau-de-paraza.com\/experiences-activites-degustation-visite-oenotourisme\/aperitif-champetre-dans-les-jardins\/","name":"Ap\u00e9ritif champ\u00eatre dans les jardins - Ch\u00e2teau de Paraza","isPartOf":{"@id":"https:\/\/www.chateau-de-paraza.com\/#website"},"datePublished":"2026-01-07T13:12:41+00:00","dateModified":"2026-01-08T13:59:44+00:00","description":"Profitez d\u2019une parenth\u00e8se gourmande install\u00e9s \u00e0 l\u2019ombre des jardins du Ch\u00e2teau, entre amis ou en famille autour d'un ap\u00e9ritif champ\u00eatre.","breadcrumb":{"@id":"https:\/\/www.chateau-de-paraza.com\/experiences-activites-degustation-visite-oenotourisme\/aperitif-champetre-dans-les-jardins\/#breadcrumb"},"inLanguage":"zh-CN","potentialAction":[{"@type":"ReadAction","target":["https:\/\/www.chateau-de-paraza.com\/experiences-activites-degustation-visite-oenotourisme\/aperitif-champetre-dans-les-jardins\/"]}]},{"@type":"BreadcrumbList","@id":"https:\/\/www.chateau-de-paraza.com\/experiences-activites-degustation-visite-oenotourisme\/aperitif-champetre-dans-les-jardins\/#breadcrumb","itemListElement":[{"@type":"ListItem","position":1,"name":"Accueil","item":"https:\/\/www.chateau-de-paraza.com\/zh-hans\/"},{"@type":"ListItem","position":2,"name":"Exp\u00e9riences","item":"https:\/\/www.chateau-de-paraza.com\/experiences-activites-degustation-visite-oenotourisme\/"},{"@type":"ListItem","position":3,"name":"Ap\u00e9ritif champ\u00eatre dans les jardins"}]},{"@type":"WebSite","@id":"https:\/\/www.chateau-de-paraza.com\/#website","url":"https:\/\/www.chateau-de-paraza.com\/","name":"Ch\u00e2teau de Paraza","description":"Site web du Ch\u00e2teau de Paraza","potentialAction":[{"@type":"SearchAction","target":{"@type":"EntryPoint","urlTemplate":"https:\/\/www.chateau-de-paraza.com\/?s={search_term_string}"},"query-input":"required name=search_term_string"}],"inLanguage":"zh-CN"}]}},"_links":{"self":[{"href":"https:\/\/www.chateau-de-paraza.com\/zh-hans\/wp-json\/wp\/v2\/pages\/13107"}],"collection":[{"href":"https:\/\/www.chateau-de-paraza.com\/zh-hans\/wp-json\/wp\/v2\/pages"}],"about":[{"href":"https:\/\/www.chateau-de-paraza.com\/zh-hans\/wp-json\/wp\/v2\/types\/page"}],"author":[{"embeddable":true,"href":"https:\/\/www.chateau-de-paraza.com\/zh-hans\/wp-json\/wp\/v2\/users\/2"}],"replies":[{"embeddable":true,"href":"https:\/\/www.chateau-de-paraza.com\/zh-hans\/wp-json\/wp\/v2\/comments?post=13107"}],"version-history":[{"count":9,"href":"https:\/\/www.chateau-de-paraza.com\/zh-hans\/wp-json\/wp\/v2\/pages\/13107\/revisions"}],"predecessor-version":[{"id":13202,"href":"https:\/\/www.chateau-de-paraza.com\/zh-hans\/wp-json\/wp\/v2\/pages\/13107\/revisions\/13202"}],"up":[{"embeddable":true,"href":"https:\/\/www.chateau-de-paraza.com\/zh-hans\/wp-json\/wp\/v2\/pages\/3495"}],"wp:attachment":[{"href":"https:\/\/www.chateau-de-paraza.com\/zh-hans\/wp-json\/wp\/v2\/media?parent=13107"}],"curies":[{"name":"wp","href":"https:\/\/api.w.org\/{rel}","templated":true}]}}