{"id":12662,"date":"2025-06-06T19:15:48","date_gmt":"2025-06-06T18:15:48","guid":{"rendered":"https:\/\/www.chateau-de-paraza.com\/?page_id=12662"},"modified":"2025-06-06T19:35:31","modified_gmt":"2025-06-06T18:35:31","slug":"bienvenue","status":"publish","type":"page","link":"https:\/\/www.chateau-de-paraza.com\/zh-hans\/bienvenue\/","title":{"rendered":"Bienvenue"},"content":{"rendered":"<div class=\"wpb-content-wrapper\"><p>[vc_row][vc_column][vc_column_text]<img decoding=\"async\" loading=\"lazy\" class=\"wp-image-9190 size-full\" src=\"https:\/\/www.chateau-de-paraza.com\/wp-content\/uploads\/2023\/07\/Chateau-De-Paraza_0028-scaled-e1749230636741.jpg\" alt=\"Ventes et d\u00e9gustations des vins du minervois\" width=\"2554\" height=\"1266\" srcset=\"https:\/\/www.chateau-de-paraza.com\/wp-content\/uploads\/2023\/07\/Chateau-De-Paraza_0028-scaled-e1749230636741.jpg 2554w, https:\/\/www.chateau-de-paraza.com\/wp-content\/uploads\/2023\/07\/Chateau-De-Paraza_0028-scaled-e1749230636741-300x149.jpg 300w, https:\/\/www.chateau-de-paraza.com\/wp-content\/uploads\/2023\/07\/Chateau-De-Paraza_0028-scaled-e1749230636741-1024x508.jpg 1024w, https:\/\/www.chateau-de-paraza.com\/wp-content\/uploads\/2023\/07\/Chateau-De-Paraza_0028-scaled-e1749230636741-768x381.jpg 768w, https:\/\/www.chateau-de-paraza.com\/wp-content\/uploads\/2023\/07\/Chateau-De-Paraza_0028-scaled-e1749230636741-1536x761.jpg 1536w, https:\/\/www.chateau-de-paraza.com\/wp-content\/uploads\/2023\/07\/Chateau-De-Paraza_0028-scaled-e1749230636741-2048x1015.jpg 2048w, https:\/\/www.chateau-de-paraza.com\/wp-content\/uploads\/2023\/07\/Chateau-De-Paraza_0028-scaled-e1749230636741-600x297.jpg 600w\" sizes=\"(max-width: 2554px) 100vw, 2554px\" \/><\/p>\n<p>&nbsp;<\/p>\n<header>\n<h1>Bienvenue au Ch\u00e2teau de Paraza<\/h1>\n<h1><div class=\"gap\" style=\"line-height: 10px; height: 10px;\"><\/div><\/h1>\n<p>Et bienvenue chez nous. Pr\u00e9parez vous \u00e0 un s\u00e9jour d\u2019exception au c\u0153ur du Minervois<div class=\"gap\" style=\"line-height: 10px; height: 10px;\"><\/div>\n<\/header>\n<section>\n<div class=\"info-block\">\n<p>Nous sommes ravis de vous accueillir dans notre domaine familial.<div class=\"gap\" style=\"line-height: 10px; height: 10px;\"><\/div>\n<div class=\"info-block\">Le <strong>Ch\u00e2teau de Paraza<\/strong>, ancienne r\u00e9sidence des ing\u00e9nieurs du <strong>Canal du Midi<\/strong>, est charg\u00e9 d\u2019histoire.<br \/>\nAu XVIIe si\u00e8cle, c\u2019est ici que <strong>Paul Riquet<\/strong> s\u00e9journa pendant la construction de l\u2019une des \u0153uvres majeures du patrimoine fran\u00e7ais : le canal reliant l\u2019Atlantique \u00e0 la M\u00e9diterran\u00e9e.<\/div>\n<div><div class=\"gap\" style=\"line-height: 10px; height: 10px;\"><\/div><\/div>\n<div class=\"info-block\">Restaur\u00e9 avec soin, le ch\u00e2teau perp\u00e9tue aujourd\u2019hui cet h\u00e9ritage, m\u00ealant respect du pass\u00e9 et art de vivre contemporain.<\/div>\n<div class=\"info-block\"><div class=\"gap\" style=\"line-height: 10px; height: 10px;\"><\/div><br \/>\nIl est la demeure d\u2019une famille passionn\u00e9e de viticulture, qui depuis 20 ans redonne vie au vignoble du domaine avec exigence et engagement.<\/div>\n<div><div class=\"gap\" style=\"line-height: 10px; height: 10px;\"><\/div><\/div>\n<div class=\"info-block\">En s\u00e9journant ici, vous marchez dans les pas de l\u2019histoire et partagez l\u2019esprit d\u2019un lieu vivant, tourn\u00e9 vers la nature, le vin et l\u2019accueil.<\/div>\n<div><div class=\"gap\" style=\"line-height: 10px; height: 10px;\"><\/div><\/div>\n<p>Voici toutes les informations utiles pour profiter pleinement de votre s\u00e9jour.<\/p>\n<div class=\"gap\" style=\"line-height: 10px; height: 10px;\"><\/div>\n<\/div>\n<h2>&#x1f570; Activit\u00e9s &amp; Services<\/h2>\n<p>&nbsp;<\/p>\n<h3 class=\"info-block\"><strong>D\u00e9gustations de vins &#8211; bar \u00e0 vins<\/strong><\/h3>\n<p class=\"info-block\">De mai \u00e0 ao\u00fbt : tous les jours de <strong>10h \u00e0 20h<\/strong><\/p>\n<p class=\"info-block\">Septembre : tous les jours de <strong>10h \u00e0 18h\u00a0<\/strong><br \/>\nSans r\u00e9servation, directement \u00e0 la cave.<\/p>\n<\/section>\n<div>Planche de fromages et de charcuteries sur demande : 18 \u20ac &#8211; servies \u00e0 la cave ou au bord de la piscine<\/div>\n<section>\n<div><div class=\"gap\" style=\"line-height: 10px; height: 10px;\"><\/div><\/div>\n<h3 class=\"info-block\"><strong>Piscine<\/strong><\/h3>\n<div class=\"info-block\">Ouverte de <strong>8h \u00e0 22h<\/strong><br \/>\nVous trouverez dans votre chambre une fouta, une serviette brod\u00e9e Chateau de Paraza que vous pouvez utiliser au bord de la piscine.<br \/>\nSi ces foutas vous plaisent, vous pouvez les acheter \u00e0 la r\u00e9ception ou \u00e0 la boutique au tarif de 18 \u20ac l&#8217;une, 30 \u20ac les deux.<\/div>\n<div><\/div>\n<\/section>\n<div><div class=\"gap\" style=\"line-height: 10px; height: 10px;\"><\/div><\/div>\n<h3><strong>Fontaine \u00e0 eau, Caf\u00e9, Th\u00e9s<\/strong><\/h3>\n<div><span class=\"OYPEnA font-feature-liga-off font-feature-clig-off font-feature-calt-off text-decoration-none text-strikethrough-none\">Pour votre confort, nous mettons \u00e0 votre disposition gratuitement de l&#8217;eau filtr\u00e9e pendant votre s\u00e9jour, accessible librement \u00e0 la fontaine \u00e0 eau. Des bouteilles en verre r\u00e9utilisables sont \u00e0 disposition dans votre chambre. Si ces bouteilles vous plaisent, vous pouvez les acheter \u00e0 la r\u00e9ception ou \u00e0 la boutique au tarif de 16 \u20ac.<\/span><\/div>\n<div><\/div>\n<div>Dans les couloirs au rez-de-chauss\u00e9e, une machine \u00e0 caf\u00e9, une bouilloire sont \u00e0 votre disposition.<\/div>\n<div><\/div>\n<div><span class=\"OYPEnA font-feature-liga-off font-feature-clig-off font-feature-calt-off text-decoration-none text-strikethrough-none\">Sont \u00e9galement disponibles \u00e0 l&#8217;achat : les verres \u00e0 vin (4\u20ac le petit, 5\u20ac le grand)<\/span><\/div>\n<div><div class=\"gap\" style=\"line-height: 10px; height: 10px;\"><\/div><\/div>\n<section>\n<h3 class=\"info-block\"><strong>Caf\u00e9 du Port<\/strong><\/h3>\n<div class=\"info-block\"><a href=\"https:\/\/www.chateau-de-paraza.com\/lecafeduport_baravins\/\">Notre restaurant<\/a>, \u00e0 5 minutes \u00e0 pied, au bord du canal : du bon, de saison et fait maison<br \/>\n<em>10h &#8211; 21h30, du lundi au dimanche &#8211; ferm\u00e9 le dimanche soir<\/em><br \/>\n<a href=\"tel:+33468755059\">R\u00e9server une table au <\/a><a href=\"https:\/\/www.google.com\/search?gs_ssp=eJzj4tVP1zc0zDA1KsxLKSg3YLRSNagwNEoyTDI3tTQxMkw1TU40tDKoMDJLSU5MNjRINTdMTUlMTfUSTk5MS1VIKVUoyC8qUShILEqsSgQAMQYW8w&amp;q=cafe+du+port+paraza&amp;oq=cafe+du+port+&amp;gs_lcrp=EgZjaHJvbWUqEAgBEC4YrwEYxwEYgAQYjgUyBwgAEAAYjwIyEAgBEC4YrwEYxwEYgAQYjgUyDQgCEC4YrwEYxwEYgAQyDQgDEC4YrwEYxwEYgAQyDQgEEC4YrwEYxwEYgAQyDQgFEC4YrwEYxwEYgAQyDQgGEC4YrwEYxwEYgAQyBggHEEUYPdIBCDIzNTlqMGoxqAIAsAIA&amp;sourceid=chrome&amp;ie=UTF-8#\" data-dtype=\"d3ph\" data-local-attribute=\"d3ph\" data-ved=\"2ahUKEwjrmoqgr92NAxXmVKQEHakMAE8QkAgoAHoECFAQAw\"><span aria-label=\"Appeler le 04 68 75 50 59\">04 68 75 50 59<\/span><\/a><\/div>\n<div class=\"info-block\"><div class=\"gap\" style=\"line-height: 20px; height: 20px;\"><\/div><\/div>\n<h2>&#x1f4a1; Infos pratiques<\/h2>\n<ul>\n<li><strong>Tarif des chambres<\/strong> : \u00e0 partir de 265 \u20ac \/ nuit pour 2 personnes<\/li>\n<li class=\"info-block\"><strong>Petit d\u00e9jeuner<\/strong> : servi \u00e0 la salle \u00e0 manger historique de 8h \u00e0 10h : merci de nous indiquer \u00e0 quelle heure vous souhaiteriez prendre votre petit-d\u00e9jeuner la veille au soir (ou nous envoyer un SMS au +33778191641) &#8211; 16 \u20ac \/ personne<\/li>\n<li class=\"info-block\"><strong>Wi-Fi<\/strong> : R\u00e9seau <code>ChateauDeParaza <\/code><strong>Mot de passe :<\/strong> <code>Aucun<\/code><\/li>\n<li class=\"info-block\"><strong>Check-out<\/strong> : jusqu\u2019\u00e0 11h<\/li>\n<li><strong>Late check-out &#x1f4a4; : <\/strong>jusqu&#8217;\u00e0 13h &#8211; suppl\u00e9ment de 35 \u20ac<\/li>\n<\/ul>\n<div><div class=\"gap\" style=\"line-height: 20px; height: 20px;\"><\/div><\/div>\n<h2>&#x1f3f0; Explorez<\/h2>\n<p>&nbsp;<\/p>\n<div class=\"info-block\">\n<p>Promenez-vous librement dans les jardins du domaine, sur les terrasses, dans notre potager.<br \/>\nProfitez des couchers de soleil sur les Corbi\u00e8res et de la s\u00e9r\u00e9nit\u00e9 du lieu.<br \/>\nEt surtout, n\u2019h\u00e9sitez pas \u00e0 partir \u00e0 la rencontre de notre petit poney, &lt;strong&gt;Apache&lt;\/strong&gt;, qui adore les visites !<\/p>\n<\/div>\n<div><\/div>\n<div class=\"info-block\">Des visites de la cave peuvent \u00eatre organis\u00e9es sur demande \u2014 n&#8217;h\u00e9sitez pas \u00e0 nous le demander.<\/div>\n<div><div class=\"gap\" style=\"line-height: 20px; height: 20px;\"><\/div><\/div>\n<h2>&#x1f4de; Contact<\/h2>\n<div class=\"info-block\">Lucile Danglas : par sms \/ whatsapp\u00a0 <a href=\"tel:+33468XXXXXX\">+33 7 78 19 16 41 <\/a><br \/>\nEmail : <a href=\"mailto:contact@chateau-de-paraza.com\">contact@chateau-de-paraza.com<\/a><\/div>\n<\/section>\n<div><\/div>\n<div><\/div>\n<div><\/div>\n<div class=\"footer\">\u00a9 Ch\u00e2teau de Paraza &#8211; Tous droits r\u00e9serv\u00e9s &#8211; Bienvenue<\/div>\n<p>[\/vc_column_text][\/vc_column][\/vc_row]<\/p>\n<\/div>","protected":false},"excerpt":{"rendered":"<p>[vc_row][vc_column][vc_column_text] &nbsp; Bienvenue au&hellip;<\/p>\n","protected":false},"author":2,"featured_media":0,"parent":0,"menu_order":0,"comment_status":"closed","ping_status":"closed","template":"","meta":[],"yoast_head":"<!-- This site is optimized with the Yoast SEO plugin v21.8.1 - https:\/\/yoast.com\/wordpress\/plugins\/seo\/ -->\n<title>Bienvenue - Ch\u00e2teau de Paraza<\/title>\n<meta name=\"description\" content=\"&nbsp; Bienvenue au Ch\u00e2teau de Paraza Et bienvenue chez nous. Pr\u00e9parez vous \u00e0 un s\u00e9jour d\u2019exception au c\u0153ur du Minervois Nous sommes ravis de vous\" \/>\n<meta name=\"robots\" content=\"index, follow, max-snippet:-1, max-image-preview:large, max-video-preview:-1\" \/>\n<link rel=\"canonical\" href=\"https:\/\/www.chateau-de-paraza.com\/bienvenue\/\" \/>\n<meta property=\"og:locale\" content=\"zh_CN\" \/>\n<meta property=\"og:type\" content=\"article\" \/>\n<meta property=\"og:title\" content=\"Bienvenue - Ch\u00e2teau de Paraza\" \/>\n<meta property=\"og:description\" content=\"&nbsp; Bienvenue au Ch\u00e2teau de Paraza Et bienvenue chez nous. Pr\u00e9parez vous \u00e0 un s\u00e9jour d\u2019exception au c\u0153ur du Minervois Nous sommes ravis de vous\" \/>\n<meta property=\"og:url\" content=\"https:\/\/www.chateau-de-paraza.com\/bienvenue\/\" \/>\n<meta property=\"og:site_name\" content=\"Ch\u00e2teau de Paraza\" \/>\n<meta property=\"article:publisher\" content=\"https:\/\/www.facebook.com\/chateaudeparaza\" \/>\n<meta property=\"article:modified_time\" content=\"2025-06-06T18:35:31+00:00\" \/>\n<meta property=\"og:image\" content=\"https:\/\/www.chateau-de-paraza.com\/wp-content\/uploads\/2023\/07\/Chateau-De-Paraza_0028-scaled-e1749230636741.jpg\" \/>\n<meta name=\"twitter:card\" content=\"summary_large_image\" \/>\n<meta name=\"twitter:site\" content=\"@ChateauDeParaza\" \/>\n<meta name=\"twitter:label1\" content=\"\u9884\u8ba1\u9605\u8bfb\u65f6\u95f4\" \/>\n\t<meta name=\"twitter:data1\" content=\"4\u5206\" \/>\n<script type=\"application\/ld+json\" class=\"yoast-schema-graph\">{\"@context\":\"https:\/\/schema.org\",\"@graph\":[{\"@type\":\"WebPage\",\"@id\":\"https:\/\/www.chateau-de-paraza.com\/bienvenue\/\",\"url\":\"https:\/\/www.chateau-de-paraza.com\/bienvenue\/\",\"name\":\"Bienvenue - Ch\u00e2teau de Paraza\",\"isPartOf\":{\"@id\":\"https:\/\/www.chateau-de-paraza.com\/#website\"},\"datePublished\":\"2025-06-06T18:15:48+00:00\",\"dateModified\":\"2025-06-06T18:35:31+00:00\",\"description\":\"&nbsp; Bienvenue au Ch\u00e2teau de Paraza Et bienvenue chez nous. Pr\u00e9parez vous \u00e0 un s\u00e9jour d\u2019exception au c\u0153ur du Minervois Nous sommes ravis de vous\",\"breadcrumb\":{\"@id\":\"https:\/\/www.chateau-de-paraza.com\/bienvenue\/#breadcrumb\"},\"inLanguage\":\"zh-CN\",\"potentialAction\":[{\"@type\":\"ReadAction\",\"target\":[\"https:\/\/www.chateau-de-paraza.com\/bienvenue\/\"]}]},{\"@type\":\"BreadcrumbList\",\"@id\":\"https:\/\/www.chateau-de-paraza.com\/bienvenue\/#breadcrumb\",\"itemListElement\":[{\"@type\":\"ListItem\",\"position\":1,\"name\":\"Accueil\",\"item\":\"https:\/\/www.chateau-de-paraza.com\/zh-hans\/\"},{\"@type\":\"ListItem\",\"position\":2,\"name\":\"Bienvenue\"}]},{\"@type\":\"WebSite\",\"@id\":\"https:\/\/www.chateau-de-paraza.com\/#website\",\"url\":\"https:\/\/www.chateau-de-paraza.com\/\",\"name\":\"Ch\u00e2teau de Paraza\",\"description\":\"Site web du Ch\u00e2teau de Paraza\",\"potentialAction\":[{\"@type\":\"SearchAction\",\"target\":{\"@type\":\"EntryPoint\",\"urlTemplate\":\"https:\/\/www.chateau-de-paraza.com\/?s={search_term_string}\"},\"query-input\":\"required name=search_term_string\"}],\"inLanguage\":\"zh-CN\"}]}<\/script>\n<!-- \/ Yoast SEO plugin. -->","yoast_head_json":{"title":"Bienvenue - Ch\u00e2teau de Paraza","description":"&nbsp; Bienvenue au Ch\u00e2teau de Paraza Et bienvenue chez nous. Pr\u00e9parez vous \u00e0 un s\u00e9jour d\u2019exception au c\u0153ur du Minervois Nous sommes ravis de vous","robots":{"index":"index","follow":"follow","max-snippet":"max-snippet:-1","max-image-preview":"max-image-preview:large","max-video-preview":"max-video-preview:-1"},"canonical":"https:\/\/www.chateau-de-paraza.com\/bienvenue\/","og_locale":"zh_CN","og_type":"article","og_title":"Bienvenue - Ch\u00e2teau de Paraza","og_description":"&nbsp; Bienvenue au Ch\u00e2teau de Paraza Et bienvenue chez nous. Pr\u00e9parez vous \u00e0 un s\u00e9jour d\u2019exception au c\u0153ur du Minervois Nous sommes ravis de vous","og_url":"https:\/\/www.chateau-de-paraza.com\/bienvenue\/","og_site_name":"Ch\u00e2teau de Paraza","article_publisher":"https:\/\/www.facebook.com\/chateaudeparaza","article_modified_time":"2025-06-06T18:35:31+00:00","og_image":[{"url":"https:\/\/www.chateau-de-paraza.com\/wp-content\/uploads\/2023\/07\/Chateau-De-Paraza_0028-scaled-e1749230636741.jpg"}],"twitter_card":"summary_large_image","twitter_site":"@ChateauDeParaza","twitter_misc":{"\u9884\u8ba1\u9605\u8bfb\u65f6\u95f4":"4\u5206"},"schema":{"@context":"https:\/\/schema.org","@graph":[{"@type":"WebPage","@id":"https:\/\/www.chateau-de-paraza.com\/bienvenue\/","url":"https:\/\/www.chateau-de-paraza.com\/bienvenue\/","name":"Bienvenue - Ch\u00e2teau de Paraza","isPartOf":{"@id":"https:\/\/www.chateau-de-paraza.com\/#website"},"datePublished":"2025-06-06T18:15:48+00:00","dateModified":"2025-06-06T18:35:31+00:00","description":"&nbsp; Bienvenue au Ch\u00e2teau de Paraza Et bienvenue chez nous. Pr\u00e9parez vous \u00e0 un s\u00e9jour d\u2019exception au c\u0153ur du Minervois Nous sommes ravis de vous","breadcrumb":{"@id":"https:\/\/www.chateau-de-paraza.com\/bienvenue\/#breadcrumb"},"inLanguage":"zh-CN","potentialAction":[{"@type":"ReadAction","target":["https:\/\/www.chateau-de-paraza.com\/bienvenue\/"]}]},{"@type":"BreadcrumbList","@id":"https:\/\/www.chateau-de-paraza.com\/bienvenue\/#breadcrumb","itemListElement":[{"@type":"ListItem","position":1,"name":"Accueil","item":"https:\/\/www.chateau-de-paraza.com\/zh-hans\/"},{"@type":"ListItem","position":2,"name":"Bienvenue"}]},{"@type":"WebSite","@id":"https:\/\/www.chateau-de-paraza.com\/#website","url":"https:\/\/www.chateau-de-paraza.com\/","name":"Ch\u00e2teau de Paraza","description":"Site web du Ch\u00e2teau de Paraza","potentialAction":[{"@type":"SearchAction","target":{"@type":"EntryPoint","urlTemplate":"https:\/\/www.chateau-de-paraza.com\/?s={search_term_string}"},"query-input":"required name=search_term_string"}],"inLanguage":"zh-CN"}]}},"_links":{"self":[{"href":"https:\/\/www.chateau-de-paraza.com\/zh-hans\/wp-json\/wp\/v2\/pages\/12662"}],"collection":[{"href":"https:\/\/www.chateau-de-paraza.com\/zh-hans\/wp-json\/wp\/v2\/pages"}],"about":[{"href":"https:\/\/www.chateau-de-paraza.com\/zh-hans\/wp-json\/wp\/v2\/types\/page"}],"author":[{"embeddable":true,"href":"https:\/\/www.chateau-de-paraza.com\/zh-hans\/wp-json\/wp\/v2\/users\/2"}],"replies":[{"embeddable":true,"href":"https:\/\/www.chateau-de-paraza.com\/zh-hans\/wp-json\/wp\/v2\/comments?post=12662"}],"version-history":[{"count":10,"href":"https:\/\/www.chateau-de-paraza.com\/zh-hans\/wp-json\/wp\/v2\/pages\/12662\/revisions"}],"predecessor-version":[{"id":12684,"href":"https:\/\/www.chateau-de-paraza.com\/zh-hans\/wp-json\/wp\/v2\/pages\/12662\/revisions\/12684"}],"wp:attachment":[{"href":"https:\/\/www.chateau-de-paraza.com\/zh-hans\/wp-json\/wp\/v2\/media?parent=12662"}],"curies":[{"name":"wp","href":"https:\/\/api.w.org\/{rel}","templated":true}]}}