{"id":12619,"date":"2025-05-26T16:54:05","date_gmt":"2025-05-26T15:54:05","guid":{"rendered":"https:\/\/www.chateau-de-paraza.com\/?page_id=12619"},"modified":"2026-03-12T10:14:12","modified_gmt":"2026-03-12T09:14:12","slug":"experience-degustation-prestige-chateau-de-paraza","status":"publish","type":"page","link":"https:\/\/www.chateau-de-paraza.com\/zh-hans\/experiences-activites-degustation-visite-oenotourisme\/experience-degustation-prestige-chateau-de-paraza\/","title":{"rendered":"D\u00e9gustation prestige au ch\u00e2teau"},"content":{"rendered":"<div class=\"wpb-content-wrapper\"><p>[vc_row][vc_column][vc_column_text]<\/p>\r\n<h2 class=\"wp-block-heading has-black-color has-text-color\">Exp\u00e9rience d\u00e9gustation Prestige<\/h2>\r\n\r\n<p>&nbsp;<\/p>\r\n\r\n<p class=\"has-black-color has-text-color\"><strong>Une immersion priv\u00e9e dans l\u2019univers du Ch\u00e2teau de Paraza<\/strong><\/p>\r\n\r\n<p>&nbsp;<\/p>\r\n\r\n<p class=\"has-black-color has-text-color\">Plongez dans l\u2019histoire et le raffinement du Ch\u00e2teau de Paraza \u00e0 travers une exp\u00e9rience unique et confidentielle : une d\u00e9gustation prestige.<\/p>\r\n\r\n<p>&nbsp;<\/p>\r\n\r\n<p class=\"has-black-color has-text-color\">Accompagn\u00e9s par un membre de notre \u00e9quipe, vous profiterez d\u2019une <strong>visite priv\u00e9e exclusive<\/strong> du domaine : les jardins \u00e0 la fran\u00e7aise, le chai, la cave ainsi que les salons et la salle \u00e0 manger historique du ch\u00e2teau, habituellement ferm\u00e9s au public.<\/p>\r\n\r\n<p>&nbsp;<\/p>\r\n\r\n<p class=\"has-black-color has-text-color\">La visite se conclut par une <strong>d\u00e9gustation de nos cuv\u00e9es les plus prestigieuses<\/strong>, dans un cadre exceptionnel : la salle \u00e0 manger du ch\u00e2teau, d\u00e9cor\u00e9e avec go\u00fbt et charg\u00e9e d\u2019histoire.<\/p>\r\n\r\n<p>&nbsp;<\/p>\r\n\r\n<p class=\"has-black-color has-text-color\">Un moment hors du temps, pour d\u00e9couvrir toute la richesse de notre terroir et la finesse de nos vins d\u2019exception.<\/p>\r\n\r\n<p>&nbsp;<\/p>\r\n\r\n<div class=\"wp-block-spacer\" style=\"height: 25px;\" aria-hidden=\"true\">\u00a0<\/div>\r\n\r\n<p>&nbsp;<\/p>\r\n<div class=\"wp-block-image\">\r\n<figure class=\"aligncenter size-large is-resized\"><img decoding=\"async\" loading=\"lazy\" class=\"wp-image-12620\" src=\"https:\/\/www.chateau-de-paraza.com\/wp-content\/uploads\/2025\/05\/image-1024x682.png\" alt=\"salle a manger du ch\u00e2teau de Paraza pour une exp\u00e9rience prestige avec d\u00e9gustation visite du domaine viticole du Minervois, de la famille Danglas \" width=\"607\" height=\"404\" srcset=\"https:\/\/www.chateau-de-paraza.com\/wp-content\/uploads\/2025\/05\/image-1024x682.png 1024w, https:\/\/www.chateau-de-paraza.com\/wp-content\/uploads\/2025\/05\/image-300x200.png 300w, https:\/\/www.chateau-de-paraza.com\/wp-content\/uploads\/2025\/05\/image-768x511.png 768w, https:\/\/www.chateau-de-paraza.com\/wp-content\/uploads\/2025\/05\/image-1536x1022.png 1536w, https:\/\/www.chateau-de-paraza.com\/wp-content\/uploads\/2025\/05\/image-600x399.png 600w, https:\/\/www.chateau-de-paraza.com\/wp-content\/uploads\/2025\/05\/image.png 1800w\" sizes=\"(max-width: 607px) 100vw, 607px\" \/><\/figure><\/div>\r\n<p>&nbsp;<\/p>\r\n\r\n<div class=\"wp-block-spacer\" style=\"height: 34px;\" aria-hidden=\"true\">\u00a0<\/div>\r\n\r\n<p>&nbsp;<\/p>\r\n\r\n<h3 class=\"wp-block-heading has-black-color has-text-color\">Informations pratiques :<\/h3>\r\n\r\n<p>&nbsp;<\/p>\r\n\r\n<ul>\r\n<li style=\"list-style-type: none;\">\r\n<ul>\r\n<li><mark class=\"has-inline-color has-black-color\" style=\"background-color: rgba(0, 0, 0, 0);\"><strong>Dur\u00e9e<\/strong> : environ 1h30 \u00e0 2h.<\/mark><\/li>\r\n\r\n\r\n\r\n<li><mark class=\"has-inline-color has-black-color\" style=\"background-color: rgba(0, 0, 0, 0);\"><strong>Langues<\/strong> : fran\u00e7ais ou anglais<\/mark>.<\/li>\r\n\r\n\r\n\r\n<li><mark class=\"has-inline-color has-black-color\" style=\"background-color: rgba(0, 0, 0, 0);\"><strong>Nombre de personnes<\/strong> : de 2 \u00e0 10 personnes (gro<\/mark>upe priv\u00e9).<\/li>\r\n\r\n\r\n\r\n<li><mark class=\"has-inline-color has-black-color\" style=\"background-color: rgba(0, 0, 0, 0);\"><strong>Tarif<\/strong> : 35\u20ac par personne.<\/mark><\/li>\r\n\r\n\r\n\r\n<li><mark class=\"has-inline-color has-black-color\" style=\"background-color: rgba(0, 0, 0, 0);\"><strong>Sur r\u00e9servation uniquement<\/strong>.<\/mark><\/li>\r\n<\/ul>\r\n<\/li>\r\n<\/ul>\r\n\r\n<p>&nbsp;<\/p>\r\n\r\n<p class=\"has-text-align-center has-black-color has-text-color\">Pour r\u00e9server ou offrir cette exp\u00e9rience, contactez-nous via le formulaire ci-dessous ou par t\u00e9l\u00e9phone<\/p>\r\n\r\n<p>&nbsp;<\/p>\r\n\r\n<div class=\"wp-block-spacer\" style=\"height: 25px;\" aria-hidden=\"true\">\u00a0<\/div>\r\n\r\n<p>&nbsp;<\/p>\r\n<hr class=\"wp-block-separator has-alpha-channel-opacity\" \/>\r\n<p>&nbsp;<\/p>\r\n\r\n<div class=\"wp-block-spacer\" style=\"height: 25px;\" aria-hidden=\"true\">\u00a0<\/div>\r\n\r\n<p>&nbsp;<\/p>\r\n\r\n<h2 class=\"wp-block-heading\">Exp\u00e9rience d\u00eener priv\u00e9<\/h2>\r\n\r\n<p>&nbsp;<\/p>\r\n\r\n<p class=\"has-black-color has-text-color\">Plongez dans l\u2019histoire et le raffinement du Ch\u00e2teau de Paraza \u00e0 travers une exp\u00e9rience unique et confidentielle : un d\u00eener priv\u00e9 dans la salle \u00e0 manger du 18\u00e8me si\u00e8cle du Ch\u00e2teau de Paraza, concoct\u00e9 par un chef cuisinier et accompagn\u00e9 des vins du domaine du Ch\u00e2teau de Paraza.<\/p>\r\n\r\n<p>&nbsp;<\/p>\r\n\r\n<p class=\"has-black-color has-text-color\">Le d\u00eener priv\u00e9 sera accompagn\u00e9 d\u2019une visite du domaine, des jardins, et de la cave.<\/p>\r\n\r\n<p>&nbsp;<\/p>\r\n\r\n<ul>\r\n<li style=\"list-style-type: none;\">\r\n<ul>\r\n<li><mark class=\"has-inline-color has-black-color\" style=\"background-color: rgba(0, 0, 0, 0);\"><strong>Langues<\/strong> : fran\u00e7ais ou anglais<\/mark>.<\/li>\r\n\r\n\r\n\r\n<li><mark class=\"has-inline-color has-black-color\" style=\"background-color: rgba(0, 0, 0, 0);\"><strong>Nombre de personnes<\/strong> : de 2 \u00e0 10 personnes (groupe priv\u00e9)<\/mark>.<\/li>\r\n\r\n\r\n\r\n<li><mark class=\"has-inline-color has-black-color\" style=\"background-color: rgba(0, 0, 0, 0);\"><strong>Tarif<\/strong> : sur devis.<\/mark><\/li>\r\n\r\n\r\n\r\n<li><mark class=\"has-inline-color has-black-color\" style=\"background-color: rgba(0, 0, 0, 0);\"><strong>Sur r\u00e9servation uniquement<\/strong>.<\/mark><\/li>\r\n<\/ul>\r\n<\/li>\r\n<\/ul>\r\n\r\n<p>&nbsp;<\/p>\r\n\r\n<p class=\"has-black-color has-text-color\">Pour r\u00e9server ou offrir cette exp\u00e9rience, contactez-nous via le formulaire ci-dessous ou par t\u00e9l\u00e9phone<\/p>\r\n\r\n<p>&nbsp;<\/p>\r\n\r\n<div class=\"wp-block-spacer\" style=\"height: 27px;\" aria-hidden=\"true\">\u00a0<\/div>\r\n\r\n<p>&nbsp;<\/p>\r\n\r\n<div class=\"wp-block-buttons is-content-justification-center is-layout-flex wp-container-1\">\r\n<div class=\"wp-block-button\"><a class=\"wp-block-button__link has-text-align-center wp-element-button\" href=\"https:\/\/www.chateau-de-paraza.com\/contact-chateau-de-paraza\/\" target=\"_blank\" rel=\"noreferrer noopener\">Formulaire de contact<\/a><\/div>\r\n<p><\/p>\r\n<\/div>\r\n\r\n<p>&nbsp;<\/p>\r\n\r\n<div class=\"wp-block-spacer\" style=\"height: 25px;\" aria-hidden=\"true\">\u00a0<\/div>\r\n<p>[\/vc_column_text][\/vc_column][\/vc_row][vc_row][vc_column][vc_empty_space][vc_zigzag][vc_empty_space][vc_column_text]<\/p>\r\n<h2>Vous souhaitez compl\u00e9ter votre exp\u00e9rience :<\/h2>\r\n<p>[\/vc_column_text][vc_empty_space][\/vc_column][\/vc_row][vc_row][vc_column width=&#8221;1\/3&#8243;][vc_hoverbox image=&#8221;10588&#8243; primary_title=&#8221;&#8221; hover_title=&#8221;Les Suites&#8221; hover_title_google_fonts=&#8221;font_family:Cinzel%3Aregular%2C700%2C900|font_style:400%20regular%3A400%3Anormal&#8221; shape=&#8221;square&#8221; use_custom_fonts_hover_title=&#8221;true&#8221;]<\/p>\r\n<p>En amoureux, en famille ou entre amis, vivez la vie de ch\u00e2teau dans l\u2019une de nos suites !<\/p>\r\n<p>[\/vc_hoverbox][vc_empty_space height=&#8221;5px&#8221;][vc_column_text]<\/p>\r\n<h2>Chambres d&#8217;H\u00f4tes<\/h2>\r\n<p>[\/vc_column_text][vc_column_text]<\/p>\r\n<p><a href=\"https:\/\/www.chateau-de-paraza.com\/chambres-dhotes\/\" target=\"_blank\" rel=\"noopener\">En savoir plus<\/a><\/p>\r\n<p>[\/vc_column_text][\/vc_column][vc_column width=&#8221;1\/3&#8243;][vc_hoverbox image=&#8221;4141&#8243; primary_title=&#8221;&#8221; hover_title=&#8221;45\u20ac \/ personne&#8221; hover_title_google_fonts=&#8221;font_family:Cinzel%3Aregular%2C700%2C900|font_style:400%20regular%3A400%3Anormal&#8221; shape=&#8221;square&#8221; use_custom_fonts_hover_title=&#8221;true&#8221;]<\/p>\r\n<p class=\"gmail-p2\" style=\"text-align: center;\">Seul ou entre amis, initiez-vous aux fondamentaux de la viticulture et de l\u2019\u0153nologie.<\/p>\r\n<p class=\"gmail-p2\" style=\"text-align: center;\">D\u00e9gustation de 7 vins.<\/p>\r\n<p>[\/vc_hoverbox][vc_empty_space height=&#8221;5px&#8221;][vc_column_text]<\/p>\r\n<h2>Atelier d&#8217;initiation \u00e0 la d\u00e9gustation<\/h2>\r\n<p>[\/vc_column_text][vc_column_text]<\/p>\r\n<p><a href=\"https:\/\/www.chateau-de-paraza.com\/atelier-initiation-degustation-oenologie-vin\/?preview_id=5607&amp;preview_nonce=bc0a29496a&amp;_thumbnail_id=-1&amp;preview=true\" target=\"_blank\" rel=\"noopener\">En savoir plus<\/a><\/p>\r\n<p>[\/vc_column_text][\/vc_column][vc_column width=&#8221;1\/3&#8243;][vc_hoverbox image=&#8221;13043&#8243; primary_title=&#8221;&#8221; hover_title=&#8221;Sur devis&#8221; hover_title_google_fonts=&#8221;font_family:Cinzel%3Aregular%2C700%2C900|font_style:400%20regular%3A400%3Anormal&#8221; shape=&#8221;square&#8221; use_custom_fonts_hover_title=&#8221;true&#8221;]<\/p>\r\n<p>Offrez-vous un lieu d\u2019exception en privatisant le Ch\u00e2teau de Paraza pour vos \u00e9v\u00e9nements (f\u00eates de familles, anniversaire, nouvel an&#8230;)<\/p>\r\n<p>[\/vc_hoverbox][vc_empty_space height=&#8221;5px&#8221;][vc_column_text]<\/p>\r\n<h2>Privatisation<\/h2>\r\n<p>[\/vc_column_text][vc_column_text]<\/p>\r\n<p><a href=\"https:\/\/www.chateau-de-paraza.com\/experiences-activites-degustation-visite-oenotourisme\/privatisation-chateau\/\" target=\"_blank\" rel=\"noopener\">En savoir plus<\/a><\/p>\r\n<p>[\/vc_column_text][\/vc_column][\/vc_row][vc_row][vc_column][\/vc_column][\/vc_row][vc_row][vc_column][\/vc_column][\/vc_row]<\/p><\/div>","protected":false},"excerpt":{"rendered":"<p>[vc_row][vc_column][vc_column_text] Exp\u00e9rience d\u00e9gustat&hellip;<\/p>\n","protected":false},"author":2,"featured_media":12620,"parent":3495,"menu_order":0,"comment_status":"closed","ping_status":"closed","template":"","meta":[],"yoast_head":"<!-- This site is optimized with the Yoast SEO plugin v21.8.1 - https:\/\/yoast.com\/wordpress\/plugins\/seo\/ -->\n<title>D\u00e9gustation prestige au ch\u00e2teau - Ch\u00e2teau de Paraza<\/title>\n<meta name=\"description\" content=\"Plongez dans l\u2019histoire et le raffinement du Ch\u00e2teau de Paraza \u00e0 travers une exp\u00e9rience prestige unique et confidentielle.\" \/>\n<meta name=\"robots\" content=\"index, follow, max-snippet:-1, max-image-preview:large, max-video-preview:-1\" \/>\n<link rel=\"canonical\" href=\"https:\/\/www.chateau-de-paraza.com\/experiences-activites-degustation-visite-oenotourisme\/experience-degustation-prestige-chateau-de-paraza\/\" \/>\n<meta property=\"og:locale\" content=\"zh_CN\" \/>\n<meta property=\"og:type\" content=\"article\" \/>\n<meta property=\"og:title\" content=\"D\u00e9gustation prestige au ch\u00e2teau - Ch\u00e2teau de Paraza\" \/>\n<meta property=\"og:description\" content=\"Plongez dans l\u2019histoire et le raffinement du Ch\u00e2teau de Paraza \u00e0 travers une exp\u00e9rience prestige unique et confidentielle.\" \/>\n<meta property=\"og:url\" content=\"https:\/\/www.chateau-de-paraza.com\/experiences-activites-degustation-visite-oenotourisme\/experience-degustation-prestige-chateau-de-paraza\/\" \/>\n<meta property=\"og:site_name\" content=\"Ch\u00e2teau de Paraza\" \/>\n<meta property=\"article:publisher\" content=\"https:\/\/www.facebook.com\/chateaudeparaza\" \/>\n<meta property=\"article:modified_time\" content=\"2026-03-12T09:14:12+00:00\" \/>\n<meta property=\"og:image\" content=\"https:\/\/www.chateau-de-paraza.com\/wp-content\/uploads\/2025\/05\/image-1024x682.png\" \/>\n\t<meta property=\"og:image:width\" content=\"1024\" \/>\n\t<meta property=\"og:image:height\" content=\"682\" \/>\n\t<meta property=\"og:image:type\" content=\"image\/png\" \/>\n<meta name=\"twitter:card\" content=\"summary_large_image\" \/>\n<meta name=\"twitter:site\" content=\"@ChateauDeParaza\" \/>\n<meta name=\"twitter:label1\" content=\"\u9884\u8ba1\u9605\u8bfb\u65f6\u95f4\" \/>\n\t<meta name=\"twitter:data1\" content=\"3\u5206\" \/>\n<script type=\"application\/ld+json\" class=\"yoast-schema-graph\">{\"@context\":\"https:\/\/schema.org\",\"@graph\":[{\"@type\":\"WebPage\",\"@id\":\"https:\/\/www.chateau-de-paraza.com\/experiences-activites-degustation-visite-oenotourisme\/experience-degustation-prestige-chateau-de-paraza\/\",\"url\":\"https:\/\/www.chateau-de-paraza.com\/experiences-activites-degustation-visite-oenotourisme\/experience-degustation-prestige-chateau-de-paraza\/\",\"name\":\"D\u00e9gustation prestige au ch\u00e2teau - Ch\u00e2teau de Paraza\",\"isPartOf\":{\"@id\":\"https:\/\/www.chateau-de-paraza.com\/#website\"},\"datePublished\":\"2025-05-26T15:54:05+00:00\",\"dateModified\":\"2026-03-12T09:14:12+00:00\",\"description\":\"Plongez dans l\u2019histoire et le raffinement du Ch\u00e2teau de Paraza \u00e0 travers une exp\u00e9rience prestige unique et confidentielle.\",\"breadcrumb\":{\"@id\":\"https:\/\/www.chateau-de-paraza.com\/experiences-activites-degustation-visite-oenotourisme\/experience-degustation-prestige-chateau-de-paraza\/#breadcrumb\"},\"inLanguage\":\"zh-CN\",\"potentialAction\":[{\"@type\":\"ReadAction\",\"target\":[\"https:\/\/www.chateau-de-paraza.com\/experiences-activites-degustation-visite-oenotourisme\/experience-degustation-prestige-chateau-de-paraza\/\"]}]},{\"@type\":\"BreadcrumbList\",\"@id\":\"https:\/\/www.chateau-de-paraza.com\/experiences-activites-degustation-visite-oenotourisme\/experience-degustation-prestige-chateau-de-paraza\/#breadcrumb\",\"itemListElement\":[{\"@type\":\"ListItem\",\"position\":1,\"name\":\"Accueil\",\"item\":\"https:\/\/www.chateau-de-paraza.com\/zh-hans\/\"},{\"@type\":\"ListItem\",\"position\":2,\"name\":\"Exp\u00e9riences\",\"item\":\"https:\/\/www.chateau-de-paraza.com\/experiences-activites-degustation-visite-oenotourisme\/\"},{\"@type\":\"ListItem\",\"position\":3,\"name\":\"D\u00e9gustation prestige au ch\u00e2teau\"}]},{\"@type\":\"WebSite\",\"@id\":\"https:\/\/www.chateau-de-paraza.com\/#website\",\"url\":\"https:\/\/www.chateau-de-paraza.com\/\",\"name\":\"Ch\u00e2teau de Paraza\",\"description\":\"Site web du Ch\u00e2teau de Paraza\",\"potentialAction\":[{\"@type\":\"SearchAction\",\"target\":{\"@type\":\"EntryPoint\",\"urlTemplate\":\"https:\/\/www.chateau-de-paraza.com\/?s={search_term_string}\"},\"query-input\":\"required name=search_term_string\"}],\"inLanguage\":\"zh-CN\"}]}<\/script>\n<!-- \/ Yoast SEO plugin. -->","yoast_head_json":{"title":"D\u00e9gustation prestige au ch\u00e2teau - Ch\u00e2teau de Paraza","description":"Plongez dans l\u2019histoire et le raffinement du Ch\u00e2teau de Paraza \u00e0 travers une exp\u00e9rience prestige unique et confidentielle.","robots":{"index":"index","follow":"follow","max-snippet":"max-snippet:-1","max-image-preview":"max-image-preview:large","max-video-preview":"max-video-preview:-1"},"canonical":"https:\/\/www.chateau-de-paraza.com\/experiences-activites-degustation-visite-oenotourisme\/experience-degustation-prestige-chateau-de-paraza\/","og_locale":"zh_CN","og_type":"article","og_title":"D\u00e9gustation prestige au ch\u00e2teau - Ch\u00e2teau de Paraza","og_description":"Plongez dans l\u2019histoire et le raffinement du Ch\u00e2teau de Paraza \u00e0 travers une exp\u00e9rience prestige unique et confidentielle.","og_url":"https:\/\/www.chateau-de-paraza.com\/experiences-activites-degustation-visite-oenotourisme\/experience-degustation-prestige-chateau-de-paraza\/","og_site_name":"Ch\u00e2teau de Paraza","article_publisher":"https:\/\/www.facebook.com\/chateaudeparaza","article_modified_time":"2026-03-12T09:14:12+00:00","og_image":[{"width":1024,"height":682,"url":"https:\/\/www.chateau-de-paraza.com\/wp-content\/uploads\/2025\/05\/image-1024x682.png","type":"image\/png"}],"twitter_card":"summary_large_image","twitter_site":"@ChateauDeParaza","twitter_misc":{"\u9884\u8ba1\u9605\u8bfb\u65f6\u95f4":"3\u5206"},"schema":{"@context":"https:\/\/schema.org","@graph":[{"@type":"WebPage","@id":"https:\/\/www.chateau-de-paraza.com\/experiences-activites-degustation-visite-oenotourisme\/experience-degustation-prestige-chateau-de-paraza\/","url":"https:\/\/www.chateau-de-paraza.com\/experiences-activites-degustation-visite-oenotourisme\/experience-degustation-prestige-chateau-de-paraza\/","name":"D\u00e9gustation prestige au ch\u00e2teau - Ch\u00e2teau de Paraza","isPartOf":{"@id":"https:\/\/www.chateau-de-paraza.com\/#website"},"datePublished":"2025-05-26T15:54:05+00:00","dateModified":"2026-03-12T09:14:12+00:00","description":"Plongez dans l\u2019histoire et le raffinement du Ch\u00e2teau de Paraza \u00e0 travers une exp\u00e9rience prestige unique et confidentielle.","breadcrumb":{"@id":"https:\/\/www.chateau-de-paraza.com\/experiences-activites-degustation-visite-oenotourisme\/experience-degustation-prestige-chateau-de-paraza\/#breadcrumb"},"inLanguage":"zh-CN","potentialAction":[{"@type":"ReadAction","target":["https:\/\/www.chateau-de-paraza.com\/experiences-activites-degustation-visite-oenotourisme\/experience-degustation-prestige-chateau-de-paraza\/"]}]},{"@type":"BreadcrumbList","@id":"https:\/\/www.chateau-de-paraza.com\/experiences-activites-degustation-visite-oenotourisme\/experience-degustation-prestige-chateau-de-paraza\/#breadcrumb","itemListElement":[{"@type":"ListItem","position":1,"name":"Accueil","item":"https:\/\/www.chateau-de-paraza.com\/zh-hans\/"},{"@type":"ListItem","position":2,"name":"Exp\u00e9riences","item":"https:\/\/www.chateau-de-paraza.com\/experiences-activites-degustation-visite-oenotourisme\/"},{"@type":"ListItem","position":3,"name":"D\u00e9gustation prestige au ch\u00e2teau"}]},{"@type":"WebSite","@id":"https:\/\/www.chateau-de-paraza.com\/#website","url":"https:\/\/www.chateau-de-paraza.com\/","name":"Ch\u00e2teau de Paraza","description":"Site web du Ch\u00e2teau de Paraza","potentialAction":[{"@type":"SearchAction","target":{"@type":"EntryPoint","urlTemplate":"https:\/\/www.chateau-de-paraza.com\/?s={search_term_string}"},"query-input":"required name=search_term_string"}],"inLanguage":"zh-CN"}]}},"_links":{"self":[{"href":"https:\/\/www.chateau-de-paraza.com\/zh-hans\/wp-json\/wp\/v2\/pages\/12619"}],"collection":[{"href":"https:\/\/www.chateau-de-paraza.com\/zh-hans\/wp-json\/wp\/v2\/pages"}],"about":[{"href":"https:\/\/www.chateau-de-paraza.com\/zh-hans\/wp-json\/wp\/v2\/types\/page"}],"author":[{"embeddable":true,"href":"https:\/\/www.chateau-de-paraza.com\/zh-hans\/wp-json\/wp\/v2\/users\/2"}],"replies":[{"embeddable":true,"href":"https:\/\/www.chateau-de-paraza.com\/zh-hans\/wp-json\/wp\/v2\/comments?post=12619"}],"version-history":[{"count":10,"href":"https:\/\/www.chateau-de-paraza.com\/zh-hans\/wp-json\/wp\/v2\/pages\/12619\/revisions"}],"predecessor-version":[{"id":13482,"href":"https:\/\/www.chateau-de-paraza.com\/zh-hans\/wp-json\/wp\/v2\/pages\/12619\/revisions\/13482"}],"up":[{"embeddable":true,"href":"https:\/\/www.chateau-de-paraza.com\/zh-hans\/wp-json\/wp\/v2\/pages\/3495"}],"wp:featuredmedia":[{"embeddable":true,"href":"https:\/\/www.chateau-de-paraza.com\/zh-hans\/wp-json\/wp\/v2\/media\/12620"}],"wp:attachment":[{"href":"https:\/\/www.chateau-de-paraza.com\/zh-hans\/wp-json\/wp\/v2\/media?parent=12619"}],"curies":[{"name":"wp","href":"https:\/\/api.w.org\/{rel}","templated":true}]}}