{"id":1110,"date":"2015-08-13T15:09:51","date_gmt":"2015-08-13T14:09:51","guid":{"rendered":"http:\/\/chateau-de-paraza.com\/?page_id=1110"},"modified":"2026-03-19T17:12:30","modified_gmt":"2026-03-19T16:12:30","slug":"ou-nous-trouver-nos-partenaires","status":"publish","type":"page","link":"https:\/\/www.chateau-de-paraza.com\/zh-hans\/ou-nous-trouver-nos-partenaires\/","title":{"rendered":"O\u00f9 nous trouver : nos partenaires"},"content":{"rendered":"<div class=\"wpb-content-wrapper\"><p>[vc_row][vc_column][vc_empty_space][\/vc_column][vc_column][vc_column_text]<\/p>\n<h2><strong>O\u00f9 nous trouver en Occitanie?<\/strong><\/h2>\n<p>[\/vc_column_text][\/vc_column][vc_column][vc_empty_space][\/vc_column][vc_column][vc_column_text]En plus de venir acheter nos vins directement au domaine, vous pouvez vous les procurer chez nos partenaires\u00a0ou encore les d\u00e9guster dans de nombreux restaurants de toute l&#8217;Occitanie.[\/vc_column_text][\/vc_column][vc_column][vc_empty_space][\/vc_column][vc_column][vc_column_text]<\/p>\n<h3>Du c\u00f4t\u00e9 de\u00a0la Narbonnaise<\/h3>\n<p>[\/vc_column_text][vc_empty_space height=&#8221;20&#8243;][\/vc_column][vc_column][vc_row_inner][vc_column_inner width=&#8221;1\/2&#8243;][vc_column_text]<a href=\"https:\/\/www.lesgrandsbuffets.com\/fr\"><strong>LES GRANDS BUFFETS<\/strong><\/a><\/p>\n<p>Les grands classiques de la cuisine traditionnelle Fran\u00e7aise en buffets \u00e0 volont\u00e9 : homard, tournedos au foie gras, cassoulet&#8230;<\/p>\n<p>Pour accompagner cette belle gastronomie, le sommelier a choisi la <a href=\"https:\/\/www.chateau-de-paraza.com\/boutique\/appellation\/aoc-minervois\/chateau-de-paraza-ad-vinam-aeternam-2014\/\">cuv\u00e9e Ad Vinam Aeternam,<\/a> pleine d&#8217;\u00e9l\u00e9gance et de finesse.[\/vc_column_text][vc_empty_space height=&#8221;20&#8243;][vc_column_text]<a href=\"https:\/\/entremeretgarrigue.wordpress.com\/\"><strong>ENTRE MER ET GARRIGUE<\/strong><\/a><\/p>\n<p>Cuisine m\u00e9diterran\u00e9enne: soleil, ros\u00e9, terrasses, et les produits locaux dans votre assiette[\/vc_column_text][vc_empty_space height=&#8221;20&#8243;][vc_column_text]<a href=\"http:\/\/www.narbonne.halles.fr\/project\/caviste-la-bodega-des-halles\/\"><strong>LA BODEGA DES HALLES<\/strong><\/a><\/p>\n<p>Excellence catalane et cave raffin\u00e9e[\/vc_column_text][vc_empty_space height=&#8221;20&#8243;][vc_column_text]<a href=\"https:\/\/www.narbonne-tourisme.com\/le-bouchon-gourmand\/narbonne\/reslar011v5089p5\"><strong>LE BOUCHON GOURMAND<\/strong><\/a><\/p>\n<p>Convivialit\u00e9, simplicit\u00e9 et saveurs authentiques sur les quais de Narbonne[\/vc_column_text][vc_empty_space height=&#8221;20&#8243;][vc_column_text]<a href=\"https:\/\/www.facebook.com\/La-Taberna-Andaluza-199244836944216\/\"><strong>LA TAVERNE ANDALOUSE<\/strong><\/a><\/p>\n<p>Dans un cadre typiquement authentique, d\u00e9gustation de tapas et de plats du jour authentiques[\/vc_column_text][vc_empty_space height=&#8221;20&#8243;][vc_column_text]<a href=\"https:\/\/www.facebook.com\/Restaurant-le-Billot-1665305827024166\/\"><strong>LE BILLOT<\/strong><\/a><\/p>\n<p>Grillades servies sur planche avec frites faites maison, viandes de qualit\u00e9 et ses l\u00e9gumes frais.[\/vc_column_text][vc_empty_space height=&#8221;20&#8243;][vc_column_text]<a href=\"https:\/\/www.facebook.com\/Comptoir-Du-Boucher-700585836711852\/\"><strong>LE COMPTOIR DU BOUCHER<\/strong><\/a><\/p>\n<p>Restaurant-grills au cadre moderne servant des plats de saison et des hors d\u2019\u0153uvre \u00e0 volont\u00e9.[\/vc_column_text][vc_column_text]<a href=\"https:\/\/www.facebook.com\/burgeretcassolette\/\"><strong>BURGER ET CASSOLETTE<\/strong><\/a><\/p>\n<p>Burgers et cassolettes![\/vc_column_text][vc_empty_space height=&#8221;20&#8243;][vc_empty_space height=&#8221;20&#8243;][\/vc_column_inner][vc_column_inner width=&#8221;1\/2&#8243;][vc_column_text]<a href=\"http:\/\/www.biquetplage.fr\/\"><strong>CHEZ BIQUET<\/strong><\/a><\/p>\n<p>Restaurant \u00e9ph\u00e9m\u00e8re hors du commun install\u00e9 sur le sable Leucatois[\/vc_column_text][vc_empty_space height=&#8221;20&#8243;][vc_column_text]<a href=\"https:\/\/www.facebook.com\/Le-Comptoir-des-Etangs-1421968394706630\/\"><strong>LE COMPTOIR DES ETANGS<\/strong><\/a><\/p>\n<p>Restaurant, pizzeria, salon de th\u00e9s[\/vc_column_text][vc_empty_space height=&#8221;20&#8243;][vc_column_text]<a href=\"https:\/\/www.facebook.com\/restolesplanches\/\"><strong>LES PLANCHES<\/strong><\/a><\/p>\n<p>Au rendez-vous des amoureux de saveurs ensoleill\u00e9es. . .[\/vc_column_text][vc_empty_space height=&#8221;20&#8243;][vc_column_text]<a href=\"https:\/\/restaurant.michelin.fr\/29qn4s7\/jardin-des-filoche-leucate\"><strong>LE JARDIN DES FILOCHES<\/strong><\/a><\/p>\n<p>Un agr\u00e9able restaurant &#8211; avec une terrasse fleurie et un jardin, avec des crus locaux.[\/vc_column_text][vc_empty_space height=&#8221;20&#8243;][vc_column_text]<a href=\"https:\/\/www.petitfute.com\/v19733-perpignan-66000\/c1165-restaurants\/c1031-cuisines-du-monde\/c1036-cuisine-mediterraneenne\/c80-restaurant-espagnol\/1590558-le-tinc-set.html\"><strong>TINC SET<\/strong><\/a><\/p>\n<p>Les meilleures tapas de Perpignan et de la r\u00e9gion.[\/vc_column_text][vc_empty_space height=&#8221;20&#8243;][vc_column_text]<strong><a href=\"https:\/\/www.facebook.com\/pg\/lesjardinsdebages\/about\/?ref=page_internal\">LES JARDINS DE BAGES<\/a><\/strong><\/p>\n<p>Les jardins de Bages, \u00c9picerie, bar, restaurant m\u00e9diterran\u00e9en aux saveurs du monde.[\/vc_column_text][vc_empty_space height=&#8221;20&#8243;][vc_column_text]<strong><a href=\"http:\/\/www.restaurant-airmarin.fr\/\">L&#8217;AIR MARIN<\/a><\/strong><\/p>\n<p>Une cuisine de la mer fra\u00eeche et savoureuse[\/vc_column_text][vc_empty_space height=&#8221;20&#8243;][vc_column_text]<strong><a href=\"https:\/\/www.facebook.com\/Le-loft-487525587956252\/\">LE LOFT<\/a><\/strong><\/p>\n<p>En face de la gare, id\u00e9al pour une pause gourmande.[\/vc_column_text][vc_empty_space height=&#8221;20&#8243;][\/vc_column_inner][\/vc_row_inner][\/vc_column][vc_column][vc_column_text]<\/p>\n<h3>Au fil du Canal du Midi, des partenaires pour une escapade nature et gourmande<\/h3>\n<p>[\/vc_column_text][vc_empty_space height=&#8221;20&#8243;][vc_row_inner][vc_column_inner width=&#8221;1\/2&#8243;][vc_column_text]<strong><a href=\"https:\/\/restaurantleterminus.com\/\">LE TERMINUS<\/a><\/strong><\/p>\n<p>Tous les gourmands sont invit\u00e9s \u00e0 descendre dans cette gare reconvertie en un petit bistrot convivial.[\/vc_column_text][vc_empty_space height=&#8221;20&#8243;][vc_column_text]<strong><a href=\"http:\/\/www.auberge-de-la-croisade.com\/\">LA CROISADE<\/a><\/strong><\/p>\n<p><em>Restaurant<\/em>\u00a0gastronomique, sur les berges du Canal du Midi[\/vc_column_text][vc_empty_space height=&#8221;20&#8243;][vc_column_text]<strong><a href=\"http:\/\/www.en-bonne-compagnie.com\/fr\">EN BONNE COMPAGNIE\u00a0<\/a><\/strong><\/p>\n<p>Votre\u00a0<em>restaurant<\/em>\u00a0semi-gastronomique \u00e0 Homps, en bord du Canal du Midi. Charmant.[\/vc_column_text][vc_empty_space height=&#8221;20&#8243;][vc_column_text]<strong><a href=\"http:\/\/www.restaurant-guinguette-lac.fr\/\">LA GUINGUETTE DU LAC<\/a><\/strong><\/p>\n<p>Viande en grillades et poisson \u00e0 la plancha dans une ambiance chaleureuse, au bord du Lac de Jouarres[\/vc_column_text][\/vc_column_inner][vc_column_inner width=&#8221;1\/2&#8243;][vc_column_text]<strong><a href=\"https:\/\/www.tripadvisor.fr\/Restaurant_Review-g676659-d20089471-Reviews-La_Table_du_Casino-Ginestas_Aude_Occitanie.html\">LA TABLE DU CASINO<\/a><\/strong><\/p>\n<p>Dans une ambiance familiale, C\u00e9dric en salle, et J\u00e9r\u00e9my en cuisine animent cette guiguette avec enthousiasme et audace. Un menu de saison plein de fraicheur, et des classiques de brasserie revisit\u00e9s.<\/p>\n<p>\u00c0 la carte, des crus du Minervois ou des Corbi\u00e8res \u00e0 des prix tr\u00e8s abordables.[\/vc_column_text][vc_empty_space height=&#8221;20&#8243;][vc_column_text]<strong><a href=\"http:\/\/www.restaurantlapeniche.fr\/\">LA P\u00c9NICHE<\/a><\/strong><\/p>\n<p>Id\u00e9al pour la d\u00e9couverte de plats traditionnels tel le cassoulet ou de nouvelle cuisine, de crus du Minervois ou des Corbi\u00e8res[\/vc_column_text][vc_empty_space height=&#8221;20&#8243;][vc_column_text]<strong><a href=\"https:\/\/www.latablederiquet.com\/\">LA TABLE DE RIQUET<\/a><\/strong><\/p>\n<p>Du poisson frais, des l\u00e9gumes du jardin, des viandes et des produits locaux, soigneusement pr\u00e9par\u00e9s et joliment pr\u00e9sent\u00e9s.[\/vc_column_text][vc_empty_space height=&#8221;20&#8243;][vc_column_text]<strong><a href=\"http:\/\/www.restaurant-asphodele.fr\/\">L&#8217;ASPHODELE<\/a><\/strong><\/p>\n<p>Pour\u00a0un moment de gastronomie et de d\u00e9tente dans un cadre chaleureux et convivial.[\/vc_column_text][\/vc_column_inner][\/vc_row_inner][vc_empty_space][vc_column_text]<\/p>\n<h3>Du c\u00f4t\u00e9 de\u00a0la cit\u00e9 de Carcassonne<\/h3>\n<p>[\/vc_column_text][vc_empty_space height=&#8221;20&#8243;][vc_row_inner][vc_column_inner width=&#8221;1\/2&#8243;][vc_column_text]<a href=\"http:\/\/www.restaurant-lescargot-carcassonne.fr\/\"><strong>L&#8217;ESCARGOT<\/strong><\/a><\/p>\n<p>Situ\u00e9 en plein c\u0153ur de la\u00a0<b>cit\u00e9 m\u00e9di\u00e9vale\u00a0<\/b>de\u00a0<b>Carcassonne<\/b>, Le restaurant l&#8217;<b>Escargot\u00a0<\/b>vous propose toute l&#8217;ann\u00e9e ses\u00a0<b>tapas\u00a0<\/b>du monde et ses\u00a0<b>vins r\u00e9gionaux<\/b>.[\/vc_column_text][\/vc_column_inner][vc_column_inner width=&#8221;1\/2&#8243;][vc_column_text]<a href=\"https:\/\/www.facebook.com\/Pizz%C3%A9ria-Latelier-321837501568141\/?rf=164474027077550\" target=\"_blank\" rel=\"noopener noreferrer\"><strong>L&#8217;ATELIER<\/strong><\/a><\/p>\n<p>Quand on a envie de se r\u00e9galer avec une pizza et une salade[\/vc_column_text][\/vc_column_inner][\/vc_row_inner][vc_empty_space][vc_column_text]<\/p>\n<h3>Du c\u00f4t\u00e9 de Toulouse et du Sud Ouest<\/h3>\n<p>[\/vc_column_text][vc_empty_space height=&#8221;20&#8243;][vc_row_inner][vc_column_inner width=&#8221;1\/2&#8243;][vc_column_text]<strong>Dans de nombreux magasins partenaires NICOLAS<\/strong>[\/vc_column_text][\/vc_column_inner][vc_column_inner width=&#8221;1\/2&#8243;][\/vc_column_inner][\/vc_row_inner][vc_empty_space][\/vc_column][vc_column][vc_column_text]<\/p>\n<h2><strong>O\u00f9 nous trouver en France et au del\u00e0 ?<\/strong><\/h2>\n<p>[\/vc_column_text][vc_empty_space][vc_column_text]<\/p>\n<h3>De nouveaux partenaires en r\u00e9gion parisienne<\/h3>\n<p>[\/vc_column_text][vc_empty_space height=&#8221;20&#8243;][vc_row_inner][vc_column_inner width=&#8221;1\/2&#8243;][vc_column_text]<a href=\"https:\/\/www.cave-paris17.fr\/\"><strong>LA CAVE PARIS XVII<\/strong><\/a><\/p>\n<p>Cach\u00e9e entre les portes Maillot et Champerret, <strong>la cave des fr\u00e8res Fabra<\/strong> regorge de p\u00e9pites d&#8217;artisans vignerons. Vous y trouverez plusieurs de nos cuv\u00e9es. Et si vous avez envie de passer un bon moment, n&#8217;h\u00e9sitez pas \u00e0 pousser la porte du <strong>bistrot de la fratrie<\/strong>, pour commander un boudin noir aux pommes des familles avec votre verre de<strong> Velvet.<\/strong> Autentica qualita&#8230;[\/vc_column_text][vc_empty_space height=&#8221;20&#8243;][\/vc_column_inner][vc_column_inner width=&#8221;1\/2&#8243;][vc_column_text]<a href=\"https:\/\/villa9trois.com\/\" target=\"_blank\" rel=\"noopener noreferrer\"><strong>VILLA 9TROIS<\/strong><\/a><\/p>\n<p>\u00c0 deux pas de Paris, une adresse simple et raffin\u00e9e, dans un joli parc arbor\u00e9. En \u00e9t\u00e9 on profite de la terrasse, en hiver on s&#8217;installe au coin du feu de chemin\u00e9e. Au menu, une cuisine de saison simple et gourmande, qui fait la part belle aux producteurs. \u00c0 la carte, plus de 200 r\u00e9f\u00e9rences de vins, mais aussi de whiskies et de rhums.[\/vc_column_text][vc_empty_space height=&#8221;20&#8243;][\/vc_column_inner][\/vc_row_inner][vc_empty_space height=&#8221;50px&#8221;][vc_column_text]<\/p>\n<h4><a href=\"https:\/\/www.normandie-tourisme.fr\/commerce\/au-gout-du-vrai\/\">AU GOUT DU VRAI<\/a><\/h4>\n<p>1330 route de Neufchat\u00eal 76230 Quincampoix<\/p>\n<p>Un accueil d\u2019exception et des conseils avis\u00e9s<br \/>\nD\u00e8s votre arriv\u00e9e, vous serez conquis par l\u2019accueil de Sandrine et Olivier. Chaleureux, simples et d\u2019une gentillesse rare, ces passionn\u00e9s ont \u00e0 c\u0153ur de partager leur amour des bons produits.[\/vc_column_text][vc_empty_space height=&#8221;50px&#8221;][\/vc_column][vc_column][\/vc_column][\/vc_row][vc_row][vc_column][vc_column_text]Nous exportons une partie de notre production et il est donc possible d&#8217;appr\u00e9cier les vins du Ch\u00e2teau de Paraza dans de nombreux pays. Cliquez sur la zone g\u00e9ographique dans laquelle vous souhaitez localiser un partenaire ou distributeur des vins du Ch\u00e2teau de Paraza.[\/vc_column_text][vc_empty_space][\/vc_column][\/vc_row][vc_row][vc_column][vc_accordion collapsible=&#8221;yes&#8221;][vc_accordion_tab title=&#8221;Europe&#8221;][vc_column_text]<\/p>\n<div class=\"gap\" style=\"line-height: 25px; height: 25px;\"><\/div>[\/vc_column_text][\/vc_accordion_tab][vc_accordion_tab title=&#8221;\u00c9tats-Unis&#8221;][vc_column_text]C\u00f4te EST<\/p>\n\n<div class=\"gap\" style=\"line-height: 25px; height: 25px;\"><\/div>\n<p>Centre<\/p>\n\n<div class=\"gap\" style=\"line-height: 25px; height: 25px;\"><\/div>\n<p>C\u00f4te OUEST<\/p>\n\n<div class=\"gap\" style=\"line-height: 25px; height: 25px;\"><\/div>[\/vc_column_text][\/vc_accordion_tab][vc_accordion_tab title=&#8221;Canada&#8221;][vc_column_text]De nombreuses cuv\u00e9es du Ch\u00e2teau de Paraza sont disponibles dans diff\u00e9rentes provinces du Canada.<\/p>\n<p>Au Qu\u00e9bec, certaines cuv\u00e9es sont disponibles \u00e0 la <a href=\"https:\/\/www.saq.com\/webapp\/wcs\/stores\/servlet\/SearchDisplay?storeId=20002&amp;catalogId=50000&amp;langId=-2&amp;pageSize=20&amp;beginIndex=0&amp;searchCategory=Entete&amp;searchTerm=paraza&amp;as_sfid=AAAAAAWSFUD8HlIdGbuKGXElmmxGOcB6NG45Z6az8y6n5PqnhB147NQJudoKsUOjtzhSvIMU4WU4EDxQXDdvJa9U9IF8_Rvk-186-mdUsCvjMWUcR-7ZcCJDqGgVl_-UGMUVqS4%3D&amp;as_fid=4f6bd309415fb4cee27e827af481f3ddfc2a34c4\">SAQ<\/a> alors que d&#8217;autres cuv\u00e9es sont disponibles \u00e0 travers l&#8217;agence d&#8217;importation priv\u00e9e <a href=\"http:\/\/vertigovinsetspiritueux.com\/\">Vertigo Vins et Spiritueux<\/a>.<\/p>\n<p>En Alberta, l&#8217;Agence <a href=\"https:\/\/www.bin905.com\/\">Bin905<\/a> distribue la cuv\u00e9e sp\u00e9ciale rouge et blanc, AOC Minervois.<\/p>\n<p>Enfin en Ontario, le Ch\u00e2teau de Paraza Cuv\u00e9e Sp\u00e9ciale 2013 est disponible \u00e0 la<a href=\"http:\/\/www.lcbo.com\/content\/lcbo\/en.html\"> LCBO<\/a>.[\/vc_column_text][vc_column_text]<\/p>\n<div class=\"gap\" style=\"line-height: 25px; height: 25px;\"><\/div>[\/vc_column_text][\/vc_accordion_tab][vc_accordion_tab title=&#8221;Chine&#8221;][vc_column_text]D\u00e9tails des points de vente \u00e0 venir<\/p>\n<div class=\"gap\" style=\"line-height: 25px; height: 25px;\"><\/div>[\/vc_column_text][\/vc_accordion_tab][vc_accordion_tab title=&#8221;Australie&#8221;][vc_column_text]D\u00e9tail des points de vente \u00e0 venir<\/p>\n<div class=\"gap\" style=\"line-height: 25px; height: 25px;\"><\/div>[\/vc_column_text][\/vc_accordion_tab][\/vc_accordion][\/vc_column][\/vc_row]<\/p>\n<\/div>","protected":false},"excerpt":{"rendered":"<p>[vc_row][vc_column][vc_empty_space][\/vc_column][vc_colu&hellip;<\/p>\n","protected":false},"author":2,"featured_media":0,"parent":0,"menu_order":0,"comment_status":"closed","ping_status":"closed","template":"","meta":[],"yoast_head":"<!-- This site is optimized with the Yoast SEO plugin v21.8.1 - https:\/\/yoast.com\/wordpress\/plugins\/seo\/ -->\n<title>O\u00f9 nous trouver : nos partenaires - Ch\u00e2teau de Paraza<\/title>\n<meta name=\"description\" content=\"En plus de venir acheter nos vins directement au domaine, vous pouvez les trouver chez nos partenaires et dans de nombreux restaurants de toute l&#039;Occitanie.\" \/>\n<meta name=\"robots\" content=\"index, follow, max-snippet:-1, max-image-preview:large, max-video-preview:-1\" \/>\n<link rel=\"canonical\" href=\"https:\/\/www.chateau-de-paraza.com\/ou-nous-trouver-nos-partenaires\/\" \/>\n<meta property=\"og:locale\" content=\"zh_CN\" \/>\n<meta property=\"og:type\" content=\"article\" \/>\n<meta property=\"og:title\" content=\"O\u00f9 nous trouver : nos partenaires - Ch\u00e2teau de Paraza\" \/>\n<meta property=\"og:description\" content=\"En plus de venir acheter nos vins directement au domaine, vous pouvez les trouver chez nos partenaires et dans de nombreux restaurants de toute l&#039;Occitanie.\" \/>\n<meta property=\"og:url\" content=\"https:\/\/www.chateau-de-paraza.com\/ou-nous-trouver-nos-partenaires\/\" \/>\n<meta property=\"og:site_name\" content=\"Ch\u00e2teau de Paraza\" \/>\n<meta property=\"article:publisher\" content=\"https:\/\/www.facebook.com\/chateaudeparaza\" \/>\n<meta property=\"article:modified_time\" content=\"2026-03-19T16:12:30+00:00\" \/>\n<meta name=\"twitter:card\" content=\"summary_large_image\" \/>\n<meta name=\"twitter:site\" content=\"@ChateauDeParaza\" \/>\n<meta name=\"twitter:label1\" content=\"\u9884\u8ba1\u9605\u8bfb\u65f6\u95f4\" \/>\n\t<meta name=\"twitter:data1\" content=\"5\u5206\" \/>\n<script type=\"application\/ld+json\" class=\"yoast-schema-graph\">{\"@context\":\"https:\/\/schema.org\",\"@graph\":[{\"@type\":\"WebPage\",\"@id\":\"https:\/\/www.chateau-de-paraza.com\/ou-nous-trouver-nos-partenaires\/\",\"url\":\"https:\/\/www.chateau-de-paraza.com\/ou-nous-trouver-nos-partenaires\/\",\"name\":\"O\u00f9 nous trouver : nos partenaires - Ch\u00e2teau de Paraza\",\"isPartOf\":{\"@id\":\"https:\/\/www.chateau-de-paraza.com\/#website\"},\"datePublished\":\"2015-08-13T14:09:51+00:00\",\"dateModified\":\"2026-03-19T16:12:30+00:00\",\"description\":\"En plus de venir acheter nos vins directement au domaine, vous pouvez les trouver chez nos partenaires et dans de nombreux restaurants de toute l'Occitanie.\",\"breadcrumb\":{\"@id\":\"https:\/\/www.chateau-de-paraza.com\/ou-nous-trouver-nos-partenaires\/#breadcrumb\"},\"inLanguage\":\"zh-CN\",\"potentialAction\":[{\"@type\":\"ReadAction\",\"target\":[\"https:\/\/www.chateau-de-paraza.com\/ou-nous-trouver-nos-partenaires\/\"]}]},{\"@type\":\"BreadcrumbList\",\"@id\":\"https:\/\/www.chateau-de-paraza.com\/ou-nous-trouver-nos-partenaires\/#breadcrumb\",\"itemListElement\":[{\"@type\":\"ListItem\",\"position\":1,\"name\":\"Accueil\",\"item\":\"https:\/\/www.chateau-de-paraza.com\/zh-hans\/\"},{\"@type\":\"ListItem\",\"position\":2,\"name\":\"O\u00f9 nous trouver : nos partenaires\"}]},{\"@type\":\"WebSite\",\"@id\":\"https:\/\/www.chateau-de-paraza.com\/#website\",\"url\":\"https:\/\/www.chateau-de-paraza.com\/\",\"name\":\"Ch\u00e2teau de Paraza\",\"description\":\"Site web du Ch\u00e2teau de Paraza\",\"potentialAction\":[{\"@type\":\"SearchAction\",\"target\":{\"@type\":\"EntryPoint\",\"urlTemplate\":\"https:\/\/www.chateau-de-paraza.com\/?s={search_term_string}\"},\"query-input\":\"required name=search_term_string\"}],\"inLanguage\":\"zh-CN\"}]}<\/script>\n<!-- \/ Yoast SEO plugin. -->","yoast_head_json":{"title":"O\u00f9 nous trouver : nos partenaires - Ch\u00e2teau de Paraza","description":"En plus de venir acheter nos vins directement au domaine, vous pouvez les trouver chez nos partenaires et dans de nombreux restaurants de toute l'Occitanie.","robots":{"index":"index","follow":"follow","max-snippet":"max-snippet:-1","max-image-preview":"max-image-preview:large","max-video-preview":"max-video-preview:-1"},"canonical":"https:\/\/www.chateau-de-paraza.com\/ou-nous-trouver-nos-partenaires\/","og_locale":"zh_CN","og_type":"article","og_title":"O\u00f9 nous trouver : nos partenaires - Ch\u00e2teau de Paraza","og_description":"En plus de venir acheter nos vins directement au domaine, vous pouvez les trouver chez nos partenaires et dans de nombreux restaurants de toute l'Occitanie.","og_url":"https:\/\/www.chateau-de-paraza.com\/ou-nous-trouver-nos-partenaires\/","og_site_name":"Ch\u00e2teau de Paraza","article_publisher":"https:\/\/www.facebook.com\/chateaudeparaza","article_modified_time":"2026-03-19T16:12:30+00:00","twitter_card":"summary_large_image","twitter_site":"@ChateauDeParaza","twitter_misc":{"\u9884\u8ba1\u9605\u8bfb\u65f6\u95f4":"5\u5206"},"schema":{"@context":"https:\/\/schema.org","@graph":[{"@type":"WebPage","@id":"https:\/\/www.chateau-de-paraza.com\/ou-nous-trouver-nos-partenaires\/","url":"https:\/\/www.chateau-de-paraza.com\/ou-nous-trouver-nos-partenaires\/","name":"O\u00f9 nous trouver : nos partenaires - Ch\u00e2teau de Paraza","isPartOf":{"@id":"https:\/\/www.chateau-de-paraza.com\/#website"},"datePublished":"2015-08-13T14:09:51+00:00","dateModified":"2026-03-19T16:12:30+00:00","description":"En plus de venir acheter nos vins directement au domaine, vous pouvez les trouver chez nos partenaires et dans de nombreux restaurants de toute l'Occitanie.","breadcrumb":{"@id":"https:\/\/www.chateau-de-paraza.com\/ou-nous-trouver-nos-partenaires\/#breadcrumb"},"inLanguage":"zh-CN","potentialAction":[{"@type":"ReadAction","target":["https:\/\/www.chateau-de-paraza.com\/ou-nous-trouver-nos-partenaires\/"]}]},{"@type":"BreadcrumbList","@id":"https:\/\/www.chateau-de-paraza.com\/ou-nous-trouver-nos-partenaires\/#breadcrumb","itemListElement":[{"@type":"ListItem","position":1,"name":"Accueil","item":"https:\/\/www.chateau-de-paraza.com\/zh-hans\/"},{"@type":"ListItem","position":2,"name":"O\u00f9 nous trouver : nos partenaires"}]},{"@type":"WebSite","@id":"https:\/\/www.chateau-de-paraza.com\/#website","url":"https:\/\/www.chateau-de-paraza.com\/","name":"Ch\u00e2teau de Paraza","description":"Site web du Ch\u00e2teau de Paraza","potentialAction":[{"@type":"SearchAction","target":{"@type":"EntryPoint","urlTemplate":"https:\/\/www.chateau-de-paraza.com\/?s={search_term_string}"},"query-input":"required name=search_term_string"}],"inLanguage":"zh-CN"}]}},"_links":{"self":[{"href":"https:\/\/www.chateau-de-paraza.com\/zh-hans\/wp-json\/wp\/v2\/pages\/1110"}],"collection":[{"href":"https:\/\/www.chateau-de-paraza.com\/zh-hans\/wp-json\/wp\/v2\/pages"}],"about":[{"href":"https:\/\/www.chateau-de-paraza.com\/zh-hans\/wp-json\/wp\/v2\/types\/page"}],"author":[{"embeddable":true,"href":"https:\/\/www.chateau-de-paraza.com\/zh-hans\/wp-json\/wp\/v2\/users\/2"}],"replies":[{"embeddable":true,"href":"https:\/\/www.chateau-de-paraza.com\/zh-hans\/wp-json\/wp\/v2\/comments?post=1110"}],"version-history":[{"count":10,"href":"https:\/\/www.chateau-de-paraza.com\/zh-hans\/wp-json\/wp\/v2\/pages\/1110\/revisions"}],"predecessor-version":[{"id":13559,"href":"https:\/\/www.chateau-de-paraza.com\/zh-hans\/wp-json\/wp\/v2\/pages\/1110\/revisions\/13559"}],"wp:attachment":[{"href":"https:\/\/www.chateau-de-paraza.com\/zh-hans\/wp-json\/wp\/v2\/media?parent=1110"}],"curies":[{"name":"wp","href":"https:\/\/api.w.org\/{rel}","templated":true}]}}