{"id":7280,"date":"2022-04-06T15:51:27","date_gmt":"2022-04-06T14:51:27","guid":{"rendered":"https:\/\/www.chateau-de-paraza.com\/?page_id=7280"},"modified":"2022-04-13T09:47:57","modified_gmt":"2022-04-13T08:47:57","slug":"turismo","status":"publish","type":"page","link":"https:\/\/www.chateau-de-paraza.com\/es\/turismo\/","title":{"rendered":"Turismo"},"content":{"rendered":"<div class=\"wpb-content-wrapper\"><p>[vc_row][vc_column][vc_column_text]<\/p>\r\n<h2>Bienvenido en nuestra p\u00e1gina dedicada a los profesionales del turismo<\/h2>\r\n<p><!-- \/wp:paragraph -->[\/vc_column_text][vc_empty_space][\/vc_column][\/vc_row][vc_row][vc_column][vc_column_text]Dominando el Canal du Midi, construcci\u00f3n m\u00edtica del ingeniero Pierre-Paul Riquet, que se qued\u00f3 en el castillo durante toda la realizaci\u00f3n del proyecto, el Ch\u00e2teau de Paraza les invita en el coraz\u00f3n del departamento de la Aude, en el Languedoc, para descubrir los paisajes agr\u00edcolas (vi\u00f1as, olivos), los pueblos en casas de piedra y las riquezas de la regi\u00f3n. [\/vc_column_text][vc_empty_space][\/vc_column][\/vc_row][vc_row][vc_column width=\u00bb1\/2&#8243;][vc_column_text] Les invitamos nuestras habitaciones de hu\u00e9spedes : [\/vc_column_text][\/vc_column][vc_column width=\u00bb1\/2&#8243;][vc_btn title=\u00bbDescubrir nuestras habitaciones\u00bb size=\u00bbsm\u00bb align=\u00bbcenter\u00bb link=\u00bburl:https%3A%2F%2Fwww.chateau-de-paraza.com%2Fes%2Fhabitaciones-de-huespedes%2F|target:_blank\u00bb][\/vc_column][\/vc_row][vc_row][vc_column width=\u00bb1\/2&#8243;][vc_column_text]Y las actividades que proponemos en el castillo : [\/vc_column_text][\/vc_column][vc_column width=\u00bb1\/2&#8243;][vc_btn title=\u00bbDescubrir nuestras actividades\u00bb size=\u00bbsm\u00bb align=\u00bbcenter\u00bb link=\u00bburl:https%3A%2F%2Fwww.chateau-de-paraza.com%2Fes%2Fexperiencias-actividades-degustacion-visita-enoturismo%2F|target:_blank\u00bb][\/vc_column][\/vc_row][vc_row][vc_column][vc_column_text] Si desean reservar una estancia en el castillo, organizar actividades en grupo o que tienen otras consultas, les invitamos a contactar :<\/p>\r\n<p>Lucile DANGLAS, responsable del enoturismo y de la comunicaci\u00f3n<\/p>\r\n<p><!-- \/wp:paragraph --><!-- \/wp:paragraph -->Por tel\u00e9fono : +33 7 78 19 16 41<\/p>\r\n<p><!-- \/wp:paragraph -->Por correo electr\u00f3nico : chateaudeparaza@gmail.com o vienen visitarnos directamente : 1 rue du Viala, 11 200 Paraza, FRANCE<\/p>\r\n<!-- \/wp:paragraph -->\r\n<p><!-- wp:paragraph -->\u00a1 Les agradecemos por su int\u00e9res en el Ch\u00e2teau de Paraza, y esperamos encontrarles lo antes posible ! [\/vc_column_text][\/vc_column][\/vc_row]<\/p><\/div>","protected":false},"excerpt":{"rendered":"<p>[vc_row][vc_column][vc_column_text] Bienvenido en nuestra p\u00e1gina dedicada a los profesionales del turismo [\/vc_column_text][vc_empty_space][\/vc_column][\/vc_row][vc_row][vc_column][vc_column_text]Dominando el Canal du Midi, construcci\u00f3n m\u00edtica del ingeniero Pierre-Paul Riquet, que se qued\u00f3 en el castillo durante toda la realizaci\u00f3n del proyecto, el Ch\u00e2teau de Paraza les invita en el coraz\u00f3n del departamento de la Aude, en el Languedoc, para descubrir los paisajes&hellip;<\/p>\n","protected":false},"author":2,"featured_media":0,"parent":0,"menu_order":0,"comment_status":"closed","ping_status":"closed","template":"","meta":[],"yoast_head":"<!-- This site is optimized with the Yoast SEO plugin v21.8.1 - https:\/\/yoast.com\/wordpress\/plugins\/seo\/ -->\n<title>Turismo - Ch\u00e2teau de Paraza<\/title>\n<meta name=\"description\" content=\"Bienvenido en nuestra p\u00e1gina dedicada a los profesionales del turismo Dominando el Canal du Midi, construcci\u00f3n m\u00edtica del ingeniero Pierre-Paul Riquet,\" \/>\n<meta name=\"robots\" content=\"index, follow, max-snippet:-1, max-image-preview:large, max-video-preview:-1\" \/>\n<link rel=\"canonical\" href=\"https:\/\/www.chateau-de-paraza.com\/tourisme\/\" \/>\n<meta property=\"og:locale\" content=\"es_ES\" \/>\n<meta property=\"og:type\" content=\"article\" \/>\n<meta property=\"og:title\" content=\"Turismo - Ch\u00e2teau de Paraza\" \/>\n<meta property=\"og:description\" content=\"Bienvenido en nuestra p\u00e1gina dedicada a los profesionales del turismo Dominando el Canal du Midi, construcci\u00f3n m\u00edtica del ingeniero Pierre-Paul Riquet,\" \/>\n<meta property=\"og:url\" content=\"https:\/\/www.chateau-de-paraza.com\/tourisme\/\" \/>\n<meta property=\"og:site_name\" content=\"Ch\u00e2teau de Paraza\" \/>\n<meta property=\"article:publisher\" content=\"https:\/\/www.facebook.com\/chateaudeparaza\" \/>\n<meta property=\"article:modified_time\" content=\"2022-04-13T08:47:57+00:00\" \/>\n<meta name=\"twitter:card\" content=\"summary_large_image\" \/>\n<meta name=\"twitter:site\" content=\"@ChateauDeParaza\" \/>\n<meta name=\"twitter:label1\" content=\"Tiempo de lectura\" \/>\n\t<meta name=\"twitter:data1\" content=\"1 minuto\" \/>\n<script type=\"application\/ld+json\" class=\"yoast-schema-graph\">{\"@context\":\"https:\/\/schema.org\",\"@graph\":[{\"@type\":\"WebPage\",\"@id\":\"https:\/\/www.chateau-de-paraza.com\/tourisme\/\",\"url\":\"https:\/\/www.chateau-de-paraza.com\/tourisme\/\",\"name\":\"Turismo - Ch\u00e2teau de Paraza\",\"isPartOf\":{\"@id\":\"https:\/\/www.chateau-de-paraza.com\/#website\"},\"datePublished\":\"2022-04-06T14:51:27+00:00\",\"dateModified\":\"2022-04-13T08:47:57+00:00\",\"description\":\"Bienvenido en nuestra p\u00e1gina dedicada a los profesionales del turismo Dominando el Canal du Midi, construcci\u00f3n m\u00edtica del ingeniero Pierre-Paul Riquet,\",\"breadcrumb\":{\"@id\":\"https:\/\/www.chateau-de-paraza.com\/tourisme\/#breadcrumb\"},\"inLanguage\":\"es\",\"potentialAction\":[{\"@type\":\"ReadAction\",\"target\":[\"https:\/\/www.chateau-de-paraza.com\/tourisme\/\"]}]},{\"@type\":\"BreadcrumbList\",\"@id\":\"https:\/\/www.chateau-de-paraza.com\/tourisme\/#breadcrumb\",\"itemListElement\":[{\"@type\":\"ListItem\",\"position\":1,\"name\":\"Accueil\",\"item\":\"https:\/\/www.chateau-de-paraza.com\/es\/\"},{\"@type\":\"ListItem\",\"position\":2,\"name\":\"Turismo\"}]},{\"@type\":\"WebSite\",\"@id\":\"https:\/\/www.chateau-de-paraza.com\/#website\",\"url\":\"https:\/\/www.chateau-de-paraza.com\/\",\"name\":\"Ch\u00e2teau de Paraza\",\"description\":\"Site web du Ch\u00e2teau de Paraza\",\"potentialAction\":[{\"@type\":\"SearchAction\",\"target\":{\"@type\":\"EntryPoint\",\"urlTemplate\":\"https:\/\/www.chateau-de-paraza.com\/?s={search_term_string}\"},\"query-input\":\"required name=search_term_string\"}],\"inLanguage\":\"es\"}]}<\/script>\n<!-- \/ Yoast SEO plugin. -->","yoast_head_json":{"title":"Turismo - Ch\u00e2teau de Paraza","description":"Bienvenido en nuestra p\u00e1gina dedicada a los profesionales del turismo Dominando el Canal du Midi, construcci\u00f3n m\u00edtica del ingeniero Pierre-Paul Riquet,","robots":{"index":"index","follow":"follow","max-snippet":"max-snippet:-1","max-image-preview":"max-image-preview:large","max-video-preview":"max-video-preview:-1"},"canonical":"https:\/\/www.chateau-de-paraza.com\/tourisme\/","og_locale":"es_ES","og_type":"article","og_title":"Turismo - Ch\u00e2teau de Paraza","og_description":"Bienvenido en nuestra p\u00e1gina dedicada a los profesionales del turismo Dominando el Canal du Midi, construcci\u00f3n m\u00edtica del ingeniero Pierre-Paul Riquet,","og_url":"https:\/\/www.chateau-de-paraza.com\/tourisme\/","og_site_name":"Ch\u00e2teau de Paraza","article_publisher":"https:\/\/www.facebook.com\/chateaudeparaza","article_modified_time":"2022-04-13T08:47:57+00:00","twitter_card":"summary_large_image","twitter_site":"@ChateauDeParaza","twitter_misc":{"Tiempo de lectura":"1 minuto"},"schema":{"@context":"https:\/\/schema.org","@graph":[{"@type":"WebPage","@id":"https:\/\/www.chateau-de-paraza.com\/tourisme\/","url":"https:\/\/www.chateau-de-paraza.com\/tourisme\/","name":"Turismo - Ch\u00e2teau de Paraza","isPartOf":{"@id":"https:\/\/www.chateau-de-paraza.com\/#website"},"datePublished":"2022-04-06T14:51:27+00:00","dateModified":"2022-04-13T08:47:57+00:00","description":"Bienvenido en nuestra p\u00e1gina dedicada a los profesionales del turismo Dominando el Canal du Midi, construcci\u00f3n m\u00edtica del ingeniero Pierre-Paul Riquet,","breadcrumb":{"@id":"https:\/\/www.chateau-de-paraza.com\/tourisme\/#breadcrumb"},"inLanguage":"es","potentialAction":[{"@type":"ReadAction","target":["https:\/\/www.chateau-de-paraza.com\/tourisme\/"]}]},{"@type":"BreadcrumbList","@id":"https:\/\/www.chateau-de-paraza.com\/tourisme\/#breadcrumb","itemListElement":[{"@type":"ListItem","position":1,"name":"Accueil","item":"https:\/\/www.chateau-de-paraza.com\/es\/"},{"@type":"ListItem","position":2,"name":"Turismo"}]},{"@type":"WebSite","@id":"https:\/\/www.chateau-de-paraza.com\/#website","url":"https:\/\/www.chateau-de-paraza.com\/","name":"Ch\u00e2teau de Paraza","description":"Site web du Ch\u00e2teau de Paraza","potentialAction":[{"@type":"SearchAction","target":{"@type":"EntryPoint","urlTemplate":"https:\/\/www.chateau-de-paraza.com\/?s={search_term_string}"},"query-input":"required name=search_term_string"}],"inLanguage":"es"}]}},"_links":{"self":[{"href":"https:\/\/www.chateau-de-paraza.com\/es\/wp-json\/wp\/v2\/pages\/7280"}],"collection":[{"href":"https:\/\/www.chateau-de-paraza.com\/es\/wp-json\/wp\/v2\/pages"}],"about":[{"href":"https:\/\/www.chateau-de-paraza.com\/es\/wp-json\/wp\/v2\/types\/page"}],"author":[{"embeddable":true,"href":"https:\/\/www.chateau-de-paraza.com\/es\/wp-json\/wp\/v2\/users\/2"}],"replies":[{"embeddable":true,"href":"https:\/\/www.chateau-de-paraza.com\/es\/wp-json\/wp\/v2\/comments?post=7280"}],"version-history":[{"count":7,"href":"https:\/\/www.chateau-de-paraza.com\/es\/wp-json\/wp\/v2\/pages\/7280\/revisions"}],"predecessor-version":[{"id":7714,"href":"https:\/\/www.chateau-de-paraza.com\/es\/wp-json\/wp\/v2\/pages\/7280\/revisions\/7714"}],"wp:attachment":[{"href":"https:\/\/www.chateau-de-paraza.com\/es\/wp-json\/wp\/v2\/media?parent=7280"}],"curies":[{"name":"wp","href":"https:\/\/api.w.org\/{rel}","templated":true}]}}