{"id":7228,"date":"2022-04-06T13:54:20","date_gmt":"2022-04-06T12:54:20","guid":{"rendered":"https:\/\/www.chateau-de-paraza.com\/?page_id=7228"},"modified":"2022-04-07T13:15:01","modified_gmt":"2022-04-07T12:15:01","slug":"vino","status":"publish","type":"page","link":"https:\/\/www.chateau-de-paraza.com\/es\/vino\/","title":{"rendered":"Vino"},"content":{"rendered":"<div class=\"wpb-content-wrapper\"><p>[vc_row][vc_column][vc_column_text]<\/p>\n<h2>Bienvenido en nuestra p\u00e1gina dedicada a los profesionales del vino<\/h2>\n<p>[\/vc_column_text][vc_empty_space height=\u00bb42px\u00bb][vc_column_text]En 2005, la familia Danglas realizaba para la primera vez las vend\u00edmias en familia, las primeras de toda una serie. En efecto, inici\u00f3 quince a\u00f1os antes la producci\u00f3n de vino con la adquisici\u00f3n del Ch\u00e2teau de Paraza, estupendo edificio del siglo 17. Con el objetivo de producir vinos que parecen a \u00e9l, en los cuales se reconoce su ingeniosidad, el bodeguero y vi\u00f1atero, Matthieu Danglas, intent\u00f3 durante mucho a\u00f1os diferentes ensamblajes para encontrar los buenos, las barricas de roble m\u00e1s adaptadas para los vinos, el tiempo de crianza adecuado. Hoy, los vinos de Paraza cuentan entre los m\u00e1s reconocidos del Minervois, premiados en numerosos concursos cada a\u00f1o, que expresan la filosof\u00eda de la familia. Son vinos golosos, elegantes y finos. La pura expresi\u00f3n del terroir y de la experiencia.<\/p>\n<p>&nbsp;<\/p>\n<p>Aqu\u00ed encontrar\u00e1n las informaciones que necesitan en nuestro folleto, que pueden descargar para descubrir m\u00e1s a prop\u00f3sito de nuestros vinos y sus descripciones :[\/vc_column_text][vc_empty_space][vc_btn title=\u00bbDescargar nuestro folleto\u00bb link=\u00bburl:https%3A%2F%2Fwww.chateau-de-paraza.com%2Fwp-content%2Fuploads%2F2018%2F02%2Fbrochure-CH-Chateaudeparaza2018_fr-tred.pdf|target:_blank\u00bb][vc_column_text]Si quieren conocer nuestros tarifas o que tienen otras consultas, contactenos :<\/p>\n<p>Lucile DANGLAS, responsable del enoturismo y de comunicaci\u00f3n,<\/p>\n<p>Por tel\u00e9fono : +33 7 78 19 16 41<\/p>\n<p>Por correo electr\u00f3nico : chateaudeparaza@gmail.com<\/p>\n<p>No duden en contactarnos para descubrir m\u00e1s sobre el Ch\u00e2teau de Paraza y vengan :<\/p>\n<p>1 rue du Viala,<\/p>\n<p>11 200 Paraza, FRANCE<\/p>\n<p>\u00a1 Les agradecemos por su int\u00e9res en nuestros vinos, esperamos encontrarles lo antes posible ![\/vc_column_text][vc_empty_space height=\u00bb52px\u00bb][\/vc_column][\/vc_row][vc_row][vc_column][vc_btn title=\u00bbDescubrir la propiedad\u00bb size=\u00bbsm\u00bb align=\u00bbcenter\u00bb button_block=\u00bbtrue\u00bb link=\u00bburl:https%3A%2F%2Fwww.chateau-de-paraza.com%2Fdomaine%2F|target:_blank\u00bb][\/vc_column][\/vc_row]<\/p>\n<\/div>","protected":false},"excerpt":{"rendered":"<p>[vc_row][vc_column][vc_column_text] Bienvenido en nuestra p\u00e1gina dedicada a los profesionales del vino [\/vc_column_text][vc_empty_space height=\u00bb42px\u00bb][vc_column_text]En 2005, la familia Danglas realizaba para la primera vez las vend\u00edmias en familia, las primeras de toda una serie. En efecto, inici\u00f3 quince a\u00f1os antes la producci\u00f3n de vino con la adquisici\u00f3n del Ch\u00e2teau de Paraza, estupendo edificio del siglo 17. Con&hellip;<\/p>\n","protected":false},"author":2,"featured_media":0,"parent":0,"menu_order":0,"comment_status":"closed","ping_status":"closed","template":"","meta":[],"yoast_head":"<!-- This site is optimized with the Yoast SEO plugin v21.8.1 - https:\/\/yoast.com\/wordpress\/plugins\/seo\/ -->\n<title>Vino - Ch\u00e2teau de Paraza<\/title>\n<meta name=\"description\" content=\"Bienvenido en nuestra p\u00e1gina dedicada a los profesionales del vino En 2005, la familia Danglas realizaba para la primera vez las vend\u00edmias en familia, las\" \/>\n<meta name=\"robots\" content=\"index, follow, max-snippet:-1, max-image-preview:large, max-video-preview:-1\" \/>\n<link rel=\"canonical\" href=\"https:\/\/www.chateau-de-paraza.com\/vin\/\" \/>\n<meta property=\"og:locale\" content=\"es_ES\" \/>\n<meta property=\"og:type\" content=\"article\" \/>\n<meta property=\"og:title\" content=\"Vino - Ch\u00e2teau de Paraza\" \/>\n<meta property=\"og:description\" content=\"Bienvenido en nuestra p\u00e1gina dedicada a los profesionales del vino En 2005, la familia Danglas realizaba para la primera vez las vend\u00edmias en familia, las\" \/>\n<meta property=\"og:url\" content=\"https:\/\/www.chateau-de-paraza.com\/vin\/\" \/>\n<meta property=\"og:site_name\" content=\"Ch\u00e2teau de Paraza\" \/>\n<meta property=\"article:publisher\" content=\"https:\/\/www.facebook.com\/chateaudeparaza\" \/>\n<meta property=\"article:modified_time\" content=\"2022-04-07T12:15:01+00:00\" \/>\n<meta name=\"twitter:card\" content=\"summary_large_image\" \/>\n<meta name=\"twitter:site\" content=\"@ChateauDeParaza\" \/>\n<meta name=\"twitter:label1\" content=\"Tiempo de lectura\" \/>\n\t<meta name=\"twitter:data1\" content=\"2 minutos\" \/>\n<script type=\"application\/ld+json\" class=\"yoast-schema-graph\">{\"@context\":\"https:\/\/schema.org\",\"@graph\":[{\"@type\":\"WebPage\",\"@id\":\"https:\/\/www.chateau-de-paraza.com\/vin\/\",\"url\":\"https:\/\/www.chateau-de-paraza.com\/vin\/\",\"name\":\"Vino - Ch\u00e2teau de Paraza\",\"isPartOf\":{\"@id\":\"https:\/\/www.chateau-de-paraza.com\/#website\"},\"datePublished\":\"2022-04-06T12:54:20+00:00\",\"dateModified\":\"2022-04-07T12:15:01+00:00\",\"description\":\"Bienvenido en nuestra p\u00e1gina dedicada a los profesionales del vino En 2005, la familia Danglas realizaba para la primera vez las vend\u00edmias en familia, las\",\"breadcrumb\":{\"@id\":\"https:\/\/www.chateau-de-paraza.com\/vin\/#breadcrumb\"},\"inLanguage\":\"es\",\"potentialAction\":[{\"@type\":\"ReadAction\",\"target\":[\"https:\/\/www.chateau-de-paraza.com\/vin\/\"]}]},{\"@type\":\"BreadcrumbList\",\"@id\":\"https:\/\/www.chateau-de-paraza.com\/vin\/#breadcrumb\",\"itemListElement\":[{\"@type\":\"ListItem\",\"position\":1,\"name\":\"Accueil\",\"item\":\"https:\/\/www.chateau-de-paraza.com\/es\/\"},{\"@type\":\"ListItem\",\"position\":2,\"name\":\"Vino\"}]},{\"@type\":\"WebSite\",\"@id\":\"https:\/\/www.chateau-de-paraza.com\/#website\",\"url\":\"https:\/\/www.chateau-de-paraza.com\/\",\"name\":\"Ch\u00e2teau de Paraza\",\"description\":\"Site web du Ch\u00e2teau de Paraza\",\"potentialAction\":[{\"@type\":\"SearchAction\",\"target\":{\"@type\":\"EntryPoint\",\"urlTemplate\":\"https:\/\/www.chateau-de-paraza.com\/?s={search_term_string}\"},\"query-input\":\"required name=search_term_string\"}],\"inLanguage\":\"es\"}]}<\/script>\n<!-- \/ Yoast SEO plugin. -->","yoast_head_json":{"title":"Vino - Ch\u00e2teau de Paraza","description":"Bienvenido en nuestra p\u00e1gina dedicada a los profesionales del vino En 2005, la familia Danglas realizaba para la primera vez las vend\u00edmias en familia, las","robots":{"index":"index","follow":"follow","max-snippet":"max-snippet:-1","max-image-preview":"max-image-preview:large","max-video-preview":"max-video-preview:-1"},"canonical":"https:\/\/www.chateau-de-paraza.com\/vin\/","og_locale":"es_ES","og_type":"article","og_title":"Vino - Ch\u00e2teau de Paraza","og_description":"Bienvenido en nuestra p\u00e1gina dedicada a los profesionales del vino En 2005, la familia Danglas realizaba para la primera vez las vend\u00edmias en familia, las","og_url":"https:\/\/www.chateau-de-paraza.com\/vin\/","og_site_name":"Ch\u00e2teau de Paraza","article_publisher":"https:\/\/www.facebook.com\/chateaudeparaza","article_modified_time":"2022-04-07T12:15:01+00:00","twitter_card":"summary_large_image","twitter_site":"@ChateauDeParaza","twitter_misc":{"Tiempo de lectura":"2 minutos"},"schema":{"@context":"https:\/\/schema.org","@graph":[{"@type":"WebPage","@id":"https:\/\/www.chateau-de-paraza.com\/vin\/","url":"https:\/\/www.chateau-de-paraza.com\/vin\/","name":"Vino - Ch\u00e2teau de Paraza","isPartOf":{"@id":"https:\/\/www.chateau-de-paraza.com\/#website"},"datePublished":"2022-04-06T12:54:20+00:00","dateModified":"2022-04-07T12:15:01+00:00","description":"Bienvenido en nuestra p\u00e1gina dedicada a los profesionales del vino En 2005, la familia Danglas realizaba para la primera vez las vend\u00edmias en familia, las","breadcrumb":{"@id":"https:\/\/www.chateau-de-paraza.com\/vin\/#breadcrumb"},"inLanguage":"es","potentialAction":[{"@type":"ReadAction","target":["https:\/\/www.chateau-de-paraza.com\/vin\/"]}]},{"@type":"BreadcrumbList","@id":"https:\/\/www.chateau-de-paraza.com\/vin\/#breadcrumb","itemListElement":[{"@type":"ListItem","position":1,"name":"Accueil","item":"https:\/\/www.chateau-de-paraza.com\/es\/"},{"@type":"ListItem","position":2,"name":"Vino"}]},{"@type":"WebSite","@id":"https:\/\/www.chateau-de-paraza.com\/#website","url":"https:\/\/www.chateau-de-paraza.com\/","name":"Ch\u00e2teau de Paraza","description":"Site web du Ch\u00e2teau de Paraza","potentialAction":[{"@type":"SearchAction","target":{"@type":"EntryPoint","urlTemplate":"https:\/\/www.chateau-de-paraza.com\/?s={search_term_string}"},"query-input":"required name=search_term_string"}],"inLanguage":"es"}]}},"_links":{"self":[{"href":"https:\/\/www.chateau-de-paraza.com\/es\/wp-json\/wp\/v2\/pages\/7228"}],"collection":[{"href":"https:\/\/www.chateau-de-paraza.com\/es\/wp-json\/wp\/v2\/pages"}],"about":[{"href":"https:\/\/www.chateau-de-paraza.com\/es\/wp-json\/wp\/v2\/types\/page"}],"author":[{"embeddable":true,"href":"https:\/\/www.chateau-de-paraza.com\/es\/wp-json\/wp\/v2\/users\/2"}],"replies":[{"embeddable":true,"href":"https:\/\/www.chateau-de-paraza.com\/es\/wp-json\/wp\/v2\/comments?post=7228"}],"version-history":[{"count":4,"href":"https:\/\/www.chateau-de-paraza.com\/es\/wp-json\/wp\/v2\/pages\/7228\/revisions"}],"predecessor-version":[{"id":7238,"href":"https:\/\/www.chateau-de-paraza.com\/es\/wp-json\/wp\/v2\/pages\/7228\/revisions\/7238"}],"wp:attachment":[{"href":"https:\/\/www.chateau-de-paraza.com\/es\/wp-json\/wp\/v2\/media?parent=7228"}],"curies":[{"name":"wp","href":"https:\/\/api.w.org\/{rel}","templated":true}]}}