{"id":7211,"date":"2022-04-06T10:53:45","date_gmt":"2022-04-06T09:53:45","guid":{"rendered":"https:\/\/www.chateau-de-paraza.com\/?page_id=7211"},"modified":"2022-04-07T08:44:56","modified_gmt":"2022-04-07T07:44:56","slug":"los-eventos-2","status":"publish","type":"page","link":"https:\/\/www.chateau-de-paraza.com\/es\/los-eventos-2\/","title":{"rendered":"Evento"},"content":{"rendered":"<div class=\"wpb-content-wrapper\"><p>[vc_row][vc_column][vc_column_text]<\/p>\n<h2>Bienvenido en nuestra p\u00e1gina dedicada a los profesionales del evento<\/h2>\n<p>[\/vc_column_text][vc_empty_space height=\u00bb42px\u00bb][vc_column_text]Le Ch\u00e2teau de Paraza tiene el placer de acogerles y poner a su disposici\u00f3n el castillo del siglo 17, su gran parque boscoso, su piscina privada sinon tambi\u00e9n su impresionante bodega, construida durante el siglo 18. Matrimonios, despedidas de soltera, conciertos, eventos a medida, exposiciones&#8230; El Ch\u00e2teau de Paraza y toda su equipa est\u00e1n aqu\u00ed para ayudarles a realizar el acontecimiento ideal<\/p>\n<p>Cada a\u00f1o, son novios, artistas o grupos de amigos que vienen para disfrutar un momento inolvidable dentro del castillo, detr\u00e1s de estos muros llenos de historia y de recordatorios.[\/vc_column_text][\/vc_column][\/vc_row][vc_row][vc_column][vc_empty_space][\/vc_column][vc_column width=\u00bb1\/2&#8243;][vc_column_text]Les invitamos a descubrir las bodas anteriores :[\/vc_column_text][\/vc_column][vc_column width=\u00bb1\/2&#8243;][vc_btn title=\u00bbDescubrir nuestros matrimonios\u00bb color=\u00bbinfo\u00bb align=\u00bbcenter\u00bb link=\u00bburl:https%3A%2F%2Fwww.chateau-de-paraza.com%2Fes%2Fmatrimonio-castillo-viticola-francia%2F|target:_blank\u00bb][\/vc_column][\/vc_row][vc_row][vc_column][vc_empty_space][\/vc_column][\/vc_row][vc_row][vc_column width=\u00bb1\/2&#8243;][vc_column_text]As\u00ed como nuestras actualidades :[\/vc_column_text][\/vc_column][vc_column width=\u00bb1\/2&#8243;][vc_btn title=\u00bbDescubrir nuestras actualidades\u00bb color=\u00bbinfo\u00bb align=\u00bbcenter\u00bb link=\u00bburl:https%3A%2F%2Fwww.chateau-de-paraza.com%2Fes%2Fnoticias%2F|target:_blank\u00bb][\/vc_column][\/vc_row][vc_row][vc_column][vc_empty_space][\/vc_column][\/vc_row][vc_row][vc_column][vc_column_text]Para terminar, si quieren organizar su boda en el Ch\u00e2teau de Paraza, su pr\u00f3ximo concierto o evento, o si quieren saber m\u00e1s a prop\u00f3sito de nuestros servicios, no duden en contactar :<\/p>\n<p>Lucille DANGLAS, responsable del enoturismo y de comunicaci\u00f3n,<\/p>\n<p>por tel\u00e9fono : +33 7 78 19 16 41<\/p>\n<p>por correo electr\u00f3nico : chateaudeparaza@gmail.com[\/vc_column_text][\/vc_column][\/vc_row][vc_row][vc_column][vc_empty_space][\/vc_column][\/vc_row][vc_row][vc_column][vc_column_text]Vengan numerosos al :<\/p>\n<p>1 rue du Viala,<\/p>\n<p>11 200 Paraza, FRANCE<\/p>\n<p>[\/vc_column_text][\/vc_column][\/vc_row][vc_row][vc_column][vc_empty_space][\/vc_column][\/vc_row][vc_row][vc_column][vc_column_text]\u00a1Les agradecemos sinceramente por su int\u00e9res y esperamos encontrarles lo antes posible ![\/vc_column_text][\/vc_column][\/vc_row]<\/p>\n<\/div>","protected":false},"excerpt":{"rendered":"<p>[vc_row][vc_column][vc_column_text] Bienvenido en nuestra p\u00e1gina dedicada a los profesionales del evento [\/vc_column_text][vc_empty_space height=\u00bb42px\u00bb][vc_column_text]Le Ch\u00e2teau de Paraza tiene el placer de acogerles y poner a su disposici\u00f3n el castillo del siglo 17, su gran parque boscoso, su piscina privada sinon tambi\u00e9n su impresionante bodega, construida durante el siglo 18. Matrimonios, despedidas de soltera, conciertos, eventos a&hellip;<\/p>\n","protected":false},"author":2,"featured_media":0,"parent":0,"menu_order":0,"comment_status":"closed","ping_status":"closed","template":"","meta":[],"yoast_head":"<!-- This site is optimized with the Yoast SEO plugin v21.8.1 - https:\/\/yoast.com\/wordpress\/plugins\/seo\/ -->\n<title>Evento - Ch\u00e2teau de Paraza<\/title>\n<meta name=\"description\" content=\"Bienvenido en nuestra p\u00e1gina dedicada a los profesionales del evento Le Ch\u00e2teau de Paraza tiene el placer de acogerles y poner a su disposici\u00f3n el\" \/>\n<meta name=\"robots\" content=\"index, follow, max-snippet:-1, max-image-preview:large, max-video-preview:-1\" \/>\n<link rel=\"canonical\" href=\"https:\/\/www.chateau-de-paraza.com\/evenementiel\/\" \/>\n<meta property=\"og:locale\" content=\"es_ES\" \/>\n<meta property=\"og:type\" content=\"article\" \/>\n<meta property=\"og:title\" content=\"Evento - Ch\u00e2teau de Paraza\" \/>\n<meta property=\"og:description\" content=\"Bienvenido en nuestra p\u00e1gina dedicada a los profesionales del evento Le Ch\u00e2teau de Paraza tiene el placer de acogerles y poner a su disposici\u00f3n el\" \/>\n<meta property=\"og:url\" content=\"https:\/\/www.chateau-de-paraza.com\/evenementiel\/\" \/>\n<meta property=\"og:site_name\" content=\"Ch\u00e2teau de Paraza\" \/>\n<meta property=\"article:publisher\" content=\"https:\/\/www.facebook.com\/chateaudeparaza\" \/>\n<meta property=\"article:modified_time\" content=\"2022-04-07T07:44:56+00:00\" \/>\n<meta name=\"twitter:card\" content=\"summary_large_image\" \/>\n<meta name=\"twitter:site\" content=\"@ChateauDeParaza\" \/>\n<meta name=\"twitter:label1\" content=\"Tiempo de lectura\" \/>\n\t<meta name=\"twitter:data1\" content=\"2 minutos\" \/>\n<script type=\"application\/ld+json\" class=\"yoast-schema-graph\">{\"@context\":\"https:\/\/schema.org\",\"@graph\":[{\"@type\":\"WebPage\",\"@id\":\"https:\/\/www.chateau-de-paraza.com\/evenementiel\/\",\"url\":\"https:\/\/www.chateau-de-paraza.com\/evenementiel\/\",\"name\":\"Evento - Ch\u00e2teau de Paraza\",\"isPartOf\":{\"@id\":\"https:\/\/www.chateau-de-paraza.com\/#website\"},\"datePublished\":\"2022-04-06T09:53:45+00:00\",\"dateModified\":\"2022-04-07T07:44:56+00:00\",\"description\":\"Bienvenido en nuestra p\u00e1gina dedicada a los profesionales del evento Le Ch\u00e2teau de Paraza tiene el placer de acogerles y poner a su disposici\u00f3n el\",\"breadcrumb\":{\"@id\":\"https:\/\/www.chateau-de-paraza.com\/evenementiel\/#breadcrumb\"},\"inLanguage\":\"es\",\"potentialAction\":[{\"@type\":\"ReadAction\",\"target\":[\"https:\/\/www.chateau-de-paraza.com\/evenementiel\/\"]}]},{\"@type\":\"BreadcrumbList\",\"@id\":\"https:\/\/www.chateau-de-paraza.com\/evenementiel\/#breadcrumb\",\"itemListElement\":[{\"@type\":\"ListItem\",\"position\":1,\"name\":\"Accueil\",\"item\":\"https:\/\/www.chateau-de-paraza.com\/es\/\"},{\"@type\":\"ListItem\",\"position\":2,\"name\":\"Evento\"}]},{\"@type\":\"WebSite\",\"@id\":\"https:\/\/www.chateau-de-paraza.com\/#website\",\"url\":\"https:\/\/www.chateau-de-paraza.com\/\",\"name\":\"Ch\u00e2teau de Paraza\",\"description\":\"Site web du Ch\u00e2teau de Paraza\",\"potentialAction\":[{\"@type\":\"SearchAction\",\"target\":{\"@type\":\"EntryPoint\",\"urlTemplate\":\"https:\/\/www.chateau-de-paraza.com\/?s={search_term_string}\"},\"query-input\":\"required name=search_term_string\"}],\"inLanguage\":\"es\"}]}<\/script>\n<!-- \/ Yoast SEO plugin. -->","yoast_head_json":{"title":"Evento - Ch\u00e2teau de Paraza","description":"Bienvenido en nuestra p\u00e1gina dedicada a los profesionales del evento Le Ch\u00e2teau de Paraza tiene el placer de acogerles y poner a su disposici\u00f3n el","robots":{"index":"index","follow":"follow","max-snippet":"max-snippet:-1","max-image-preview":"max-image-preview:large","max-video-preview":"max-video-preview:-1"},"canonical":"https:\/\/www.chateau-de-paraza.com\/evenementiel\/","og_locale":"es_ES","og_type":"article","og_title":"Evento - Ch\u00e2teau de Paraza","og_description":"Bienvenido en nuestra p\u00e1gina dedicada a los profesionales del evento Le Ch\u00e2teau de Paraza tiene el placer de acogerles y poner a su disposici\u00f3n el","og_url":"https:\/\/www.chateau-de-paraza.com\/evenementiel\/","og_site_name":"Ch\u00e2teau de Paraza","article_publisher":"https:\/\/www.facebook.com\/chateaudeparaza","article_modified_time":"2022-04-07T07:44:56+00:00","twitter_card":"summary_large_image","twitter_site":"@ChateauDeParaza","twitter_misc":{"Tiempo de lectura":"2 minutos"},"schema":{"@context":"https:\/\/schema.org","@graph":[{"@type":"WebPage","@id":"https:\/\/www.chateau-de-paraza.com\/evenementiel\/","url":"https:\/\/www.chateau-de-paraza.com\/evenementiel\/","name":"Evento - Ch\u00e2teau de Paraza","isPartOf":{"@id":"https:\/\/www.chateau-de-paraza.com\/#website"},"datePublished":"2022-04-06T09:53:45+00:00","dateModified":"2022-04-07T07:44:56+00:00","description":"Bienvenido en nuestra p\u00e1gina dedicada a los profesionales del evento Le Ch\u00e2teau de Paraza tiene el placer de acogerles y poner a su disposici\u00f3n el","breadcrumb":{"@id":"https:\/\/www.chateau-de-paraza.com\/evenementiel\/#breadcrumb"},"inLanguage":"es","potentialAction":[{"@type":"ReadAction","target":["https:\/\/www.chateau-de-paraza.com\/evenementiel\/"]}]},{"@type":"BreadcrumbList","@id":"https:\/\/www.chateau-de-paraza.com\/evenementiel\/#breadcrumb","itemListElement":[{"@type":"ListItem","position":1,"name":"Accueil","item":"https:\/\/www.chateau-de-paraza.com\/es\/"},{"@type":"ListItem","position":2,"name":"Evento"}]},{"@type":"WebSite","@id":"https:\/\/www.chateau-de-paraza.com\/#website","url":"https:\/\/www.chateau-de-paraza.com\/","name":"Ch\u00e2teau de Paraza","description":"Site web du Ch\u00e2teau de Paraza","potentialAction":[{"@type":"SearchAction","target":{"@type":"EntryPoint","urlTemplate":"https:\/\/www.chateau-de-paraza.com\/?s={search_term_string}"},"query-input":"required name=search_term_string"}],"inLanguage":"es"}]}},"_links":{"self":[{"href":"https:\/\/www.chateau-de-paraza.com\/es\/wp-json\/wp\/v2\/pages\/7211"}],"collection":[{"href":"https:\/\/www.chateau-de-paraza.com\/es\/wp-json\/wp\/v2\/pages"}],"about":[{"href":"https:\/\/www.chateau-de-paraza.com\/es\/wp-json\/wp\/v2\/types\/page"}],"author":[{"embeddable":true,"href":"https:\/\/www.chateau-de-paraza.com\/es\/wp-json\/wp\/v2\/users\/2"}],"replies":[{"embeddable":true,"href":"https:\/\/www.chateau-de-paraza.com\/es\/wp-json\/wp\/v2\/comments?post=7211"}],"version-history":[{"count":6,"href":"https:\/\/www.chateau-de-paraza.com\/es\/wp-json\/wp\/v2\/pages\/7211\/revisions"}],"predecessor-version":[{"id":7324,"href":"https:\/\/www.chateau-de-paraza.com\/es\/wp-json\/wp\/v2\/pages\/7211\/revisions\/7324"}],"wp:attachment":[{"href":"https:\/\/www.chateau-de-paraza.com\/es\/wp-json\/wp\/v2\/media?parent=7211"}],"curies":[{"name":"wp","href":"https:\/\/api.w.org\/{rel}","templated":true}]}}