{"id":7182,"date":"2022-04-06T08:41:12","date_gmt":"2022-04-06T07:41:12","guid":{"rendered":"https:\/\/www.chateau-de-paraza.com\/?page_id=7182"},"modified":"2022-04-13T09:39:32","modified_gmt":"2022-04-13T08:39:32","slug":"profesionales","status":"publish","type":"page","link":"https:\/\/www.chateau-de-paraza.com\/es\/profesionales\/","title":{"rendered":"Profesionales"},"content":{"rendered":"<div class=\"wpb-content-wrapper\"><p>[vc_row][vc_column][vc_column_text]Bienvenido en nuestra p\u00e1gina web dedicada a los profesionales<\/p>\n<p>&nbsp;<\/p>\n<p>Desde quince a\u00f1os, la familia Danglas se volvi\u00f3 propietaria del Ch\u00e2teau de Paraza, y contribuy\u00f3 mucho a dar una nueva vida a este lugar del siglo 17. En efecto, los miembros de la familia renovaron el castillo y acondicionaron los cuartos de la \u00e9poca para proponer cinco habitaciones de hu\u00e9spedes, trajeron nuevo material a la bodega. Hoy, no dejan de crear proyectos originales en este lugar lleno de historia. El Ch\u00e2teau de Paraza se volvi\u00f3 en un destino ineludible, que pone de relieve el desarrollo del departamento de la Aude y de la regi\u00f3n del Minervois.<\/p>\n<p>&nbsp;<\/p>\n<p>M\u00e1s abajo, encuentren las informaciones necesarias si est\u00e1n especializados :<\/p>\n<ul>\n<li>en los eventos : <a href=\"https:\/\/www.chateau-de-paraza.com\/es\/los-eventos-2\/\">https:\/\/www.chateau-de-paraza.com\/evenementiel\/<\/a><\/li>\n<li>en el turismo : <a href=\"https:\/\/www.chateau-de-paraza.com\/es\/turismo\/\">https:\/\/www.chateau-de-paraza.com\/tourisme\/<\/a><\/li>\n<li>en el vino : <a href=\"https:\/\/www.chateau-de-paraza.com\/es\/vino\/\">https:\/\/www.chateau-de-paraza.com\/vin\/<\/a><\/li>\n<\/ul>\n<p>&nbsp;<\/p>\n<p>\u00a1 Les agradecemos por su int\u00e9res para el Ch\u00e2teau de Paraza y esperamos encontrarles lo antes posible ![\/vc_column_text][\/vc_column][\/vc_row]<\/p>\n<\/div>","protected":false},"excerpt":{"rendered":"<p>[vc_row][vc_column][vc_column_text]Bienvenido en nuestra p\u00e1gina web dedicada a los profesionales &nbsp; Desde quince a\u00f1os, la familia Danglas se volvi\u00f3 propietaria del Ch\u00e2teau de Paraza, y contribuy\u00f3 mucho a dar una nueva vida a este lugar del siglo 17. En efecto, los miembros de la familia renovaron el castillo y acondicionaron los cuartos de la \u00e9poca para&hellip;<\/p>\n","protected":false},"author":2,"featured_media":0,"parent":0,"menu_order":0,"comment_status":"closed","ping_status":"closed","template":"","meta":[],"yoast_head":"<!-- This site is optimized with the Yoast SEO plugin v21.8.1 - https:\/\/yoast.com\/wordpress\/plugins\/seo\/ -->\n<title>Profesionales - Ch\u00e2teau de Paraza<\/title>\n<meta name=\"description\" content=\"Bienvenido en nuestra p\u00e1gina web dedicada a los profesionales &nbsp; Desde quince a\u00f1os, la familia Danglas se volvi\u00f3 propietaria del Ch\u00e2teau de Paraza, y\" \/>\n<meta name=\"robots\" content=\"index, follow, max-snippet:-1, max-image-preview:large, max-video-preview:-1\" \/>\n<link rel=\"canonical\" href=\"https:\/\/www.chateau-de-paraza.com\/pro\/\" \/>\n<meta property=\"og:locale\" content=\"es_ES\" \/>\n<meta property=\"og:type\" content=\"article\" \/>\n<meta property=\"og:title\" content=\"Profesionales - Ch\u00e2teau de Paraza\" \/>\n<meta property=\"og:description\" content=\"Bienvenido en nuestra p\u00e1gina web dedicada a los profesionales &nbsp; Desde quince a\u00f1os, la familia Danglas se volvi\u00f3 propietaria del Ch\u00e2teau de Paraza, y\" \/>\n<meta property=\"og:url\" content=\"https:\/\/www.chateau-de-paraza.com\/pro\/\" \/>\n<meta property=\"og:site_name\" content=\"Ch\u00e2teau de Paraza\" \/>\n<meta property=\"article:publisher\" content=\"https:\/\/www.facebook.com\/chateaudeparaza\" \/>\n<meta property=\"article:modified_time\" content=\"2022-04-13T08:39:32+00:00\" \/>\n<meta name=\"twitter:card\" content=\"summary_large_image\" \/>\n<meta name=\"twitter:site\" content=\"@ChateauDeParaza\" \/>\n<meta name=\"twitter:label1\" content=\"Tiempo de lectura\" \/>\n\t<meta name=\"twitter:data1\" content=\"1 minuto\" \/>\n<script type=\"application\/ld+json\" class=\"yoast-schema-graph\">{\"@context\":\"https:\/\/schema.org\",\"@graph\":[{\"@type\":\"WebPage\",\"@id\":\"https:\/\/www.chateau-de-paraza.com\/pro\/\",\"url\":\"https:\/\/www.chateau-de-paraza.com\/pro\/\",\"name\":\"Profesionales - Ch\u00e2teau de Paraza\",\"isPartOf\":{\"@id\":\"https:\/\/www.chateau-de-paraza.com\/#website\"},\"datePublished\":\"2022-04-06T07:41:12+00:00\",\"dateModified\":\"2022-04-13T08:39:32+00:00\",\"description\":\"Bienvenido en nuestra p\u00e1gina web dedicada a los profesionales &nbsp; Desde quince a\u00f1os, la familia Danglas se volvi\u00f3 propietaria del Ch\u00e2teau de Paraza, y\",\"breadcrumb\":{\"@id\":\"https:\/\/www.chateau-de-paraza.com\/pro\/#breadcrumb\"},\"inLanguage\":\"es\",\"potentialAction\":[{\"@type\":\"ReadAction\",\"target\":[\"https:\/\/www.chateau-de-paraza.com\/pro\/\"]}]},{\"@type\":\"BreadcrumbList\",\"@id\":\"https:\/\/www.chateau-de-paraza.com\/pro\/#breadcrumb\",\"itemListElement\":[{\"@type\":\"ListItem\",\"position\":1,\"name\":\"Accueil\",\"item\":\"https:\/\/www.chateau-de-paraza.com\/es\/\"},{\"@type\":\"ListItem\",\"position\":2,\"name\":\"Profesionales\"}]},{\"@type\":\"WebSite\",\"@id\":\"https:\/\/www.chateau-de-paraza.com\/#website\",\"url\":\"https:\/\/www.chateau-de-paraza.com\/\",\"name\":\"Ch\u00e2teau de Paraza\",\"description\":\"Site web du Ch\u00e2teau de Paraza\",\"potentialAction\":[{\"@type\":\"SearchAction\",\"target\":{\"@type\":\"EntryPoint\",\"urlTemplate\":\"https:\/\/www.chateau-de-paraza.com\/?s={search_term_string}\"},\"query-input\":\"required name=search_term_string\"}],\"inLanguage\":\"es\"}]}<\/script>\n<!-- \/ Yoast SEO plugin. -->","yoast_head_json":{"title":"Profesionales - Ch\u00e2teau de Paraza","description":"Bienvenido en nuestra p\u00e1gina web dedicada a los profesionales &nbsp; Desde quince a\u00f1os, la familia Danglas se volvi\u00f3 propietaria del Ch\u00e2teau de Paraza, y","robots":{"index":"index","follow":"follow","max-snippet":"max-snippet:-1","max-image-preview":"max-image-preview:large","max-video-preview":"max-video-preview:-1"},"canonical":"https:\/\/www.chateau-de-paraza.com\/pro\/","og_locale":"es_ES","og_type":"article","og_title":"Profesionales - Ch\u00e2teau de Paraza","og_description":"Bienvenido en nuestra p\u00e1gina web dedicada a los profesionales &nbsp; Desde quince a\u00f1os, la familia Danglas se volvi\u00f3 propietaria del Ch\u00e2teau de Paraza, y","og_url":"https:\/\/www.chateau-de-paraza.com\/pro\/","og_site_name":"Ch\u00e2teau de Paraza","article_publisher":"https:\/\/www.facebook.com\/chateaudeparaza","article_modified_time":"2022-04-13T08:39:32+00:00","twitter_card":"summary_large_image","twitter_site":"@ChateauDeParaza","twitter_misc":{"Tiempo de lectura":"1 minuto"},"schema":{"@context":"https:\/\/schema.org","@graph":[{"@type":"WebPage","@id":"https:\/\/www.chateau-de-paraza.com\/pro\/","url":"https:\/\/www.chateau-de-paraza.com\/pro\/","name":"Profesionales - Ch\u00e2teau de Paraza","isPartOf":{"@id":"https:\/\/www.chateau-de-paraza.com\/#website"},"datePublished":"2022-04-06T07:41:12+00:00","dateModified":"2022-04-13T08:39:32+00:00","description":"Bienvenido en nuestra p\u00e1gina web dedicada a los profesionales &nbsp; Desde quince a\u00f1os, la familia Danglas se volvi\u00f3 propietaria del Ch\u00e2teau de Paraza, y","breadcrumb":{"@id":"https:\/\/www.chateau-de-paraza.com\/pro\/#breadcrumb"},"inLanguage":"es","potentialAction":[{"@type":"ReadAction","target":["https:\/\/www.chateau-de-paraza.com\/pro\/"]}]},{"@type":"BreadcrumbList","@id":"https:\/\/www.chateau-de-paraza.com\/pro\/#breadcrumb","itemListElement":[{"@type":"ListItem","position":1,"name":"Accueil","item":"https:\/\/www.chateau-de-paraza.com\/es\/"},{"@type":"ListItem","position":2,"name":"Profesionales"}]},{"@type":"WebSite","@id":"https:\/\/www.chateau-de-paraza.com\/#website","url":"https:\/\/www.chateau-de-paraza.com\/","name":"Ch\u00e2teau de Paraza","description":"Site web du Ch\u00e2teau de Paraza","potentialAction":[{"@type":"SearchAction","target":{"@type":"EntryPoint","urlTemplate":"https:\/\/www.chateau-de-paraza.com\/?s={search_term_string}"},"query-input":"required name=search_term_string"}],"inLanguage":"es"}]}},"_links":{"self":[{"href":"https:\/\/www.chateau-de-paraza.com\/es\/wp-json\/wp\/v2\/pages\/7182"}],"collection":[{"href":"https:\/\/www.chateau-de-paraza.com\/es\/wp-json\/wp\/v2\/pages"}],"about":[{"href":"https:\/\/www.chateau-de-paraza.com\/es\/wp-json\/wp\/v2\/types\/page"}],"author":[{"embeddable":true,"href":"https:\/\/www.chateau-de-paraza.com\/es\/wp-json\/wp\/v2\/users\/2"}],"replies":[{"embeddable":true,"href":"https:\/\/www.chateau-de-paraza.com\/es\/wp-json\/wp\/v2\/comments?post=7182"}],"version-history":[{"count":5,"href":"https:\/\/www.chateau-de-paraza.com\/es\/wp-json\/wp\/v2\/pages\/7182\/revisions"}],"predecessor-version":[{"id":7713,"href":"https:\/\/www.chateau-de-paraza.com\/es\/wp-json\/wp\/v2\/pages\/7182\/revisions\/7713"}],"wp:attachment":[{"href":"https:\/\/www.chateau-de-paraza.com\/es\/wp-json\/wp\/v2\/media?parent=7182"}],"curies":[{"name":"wp","href":"https:\/\/api.w.org\/{rel}","templated":true}]}}