{"id":6731,"date":"2019-04-26T13:51:55","date_gmt":"2019-04-26T12:51:55","guid":{"rendered":"https:\/\/www.chateau-de-paraza.com\/mariage-chateau-viticole-france\/"},"modified":"2022-04-13T09:29:13","modified_gmt":"2022-04-13T08:29:13","slug":"matrimonio-castillo-viticola-francia","status":"publish","type":"page","link":"https:\/\/www.chateau-de-paraza.com\/es\/matrimonio-castillo-viticola-francia\/","title":{"rendered":"Bodas"},"content":{"rendered":"<div class=\"wpb-content-wrapper\"><p>[vc_row][vc_column][vc_column_text]<\/p>\n<h1 style=\"text-align: center;\">Casarse en un castillo vit\u00edcola<\/h1>\n<p>&nbsp;<\/p>\n<h4 class=\"p1\" style=\"text-align: center;\"><span class=\"s1\"><b>EN EL LANGUEDOC, DOMINANDO EL CANAL DU MIDI, <\/b><\/span><span class=\"s1\"><b>LE CH\u00c2TEAU DE PARAZA ES UN ESTUPENDO CASTILLO VIT\u00cdCOLA DEL SIGLO 17<\/b><\/span><\/h4>\n<h4 class=\"p1\" style=\"text-align: center;\">BORDEADO POR PINEDAS, OLIVARES Y VIDES, VIVIMOS AQU\u00cd FUERA DEL TIEMPO. CON UN MAGN\u00cdFICO ESPACIO DE BIENVENIDA EN EL CORAZ\u00d3N DE LA BODEGA Y DE LOS AMPLIOS JARDINES QUE OFRECEN UNA VISTA SOBRE LA LLANURA DEL AUDE Y LOS PIRINEOS<\/h4>\n<h4 class=\"p1\" style=\"text-align: center;\">ES EL PANORAMA IDEAL POR SU MATRIMONIO<\/h4>\n<h4 class=\"p1\" style=\"text-align: center;\"><span class=\"s1\"><em><a href=\"https:\/\/www.chateau-de-paraza.com\/es\/domaine\/historia-y-herencia\/\">Saber m\u00e1s sobre el Ch\u00e2teau<\/a>\u00a0<\/em><\/span><\/h4>\n<p>[\/vc_column_text][vc_empty_space][vc_video link=\u00bbhttps:\/\/youtu.be\/heE9xVJUvF4&#8243; el_aspect=\u00bb43&#8243; align=\u00bbcenter\u00bb][vc_empty_space][vc_column_text]<\/p>\n<h4 class=\"p1\" style=\"text-align: center;\"><\/h4>\n<p class=\"p1\" style=\"text-align: center;\"><em><a href=\"https:\/\/www.chateau-de-paraza.com\/es\/galeria-matrimonios\/\">Inspirense<\/a><\/em><\/p>\n<p>[\/vc_column_text][vc_empty_space][vc_row_inner][vc_column_inner]<div class=\"hr-thin style-line\" style=\"width: 25%;\"><\/div>[\/vc_column_inner][\/vc_row_inner][vc_row_inner][vc_column_inner][\/vc_column_inner][\/vc_row_inner][vc_empty_space][\/vc_column][\/vc_row][vc_row][vc_column][vc_column_text]<\/p>\n<h2 style=\"text-align: center;\">DESTINO WEDDING<\/h2>\n<p>[\/vc_column_text][vc_empty_space][vc_column_text]<\/p>\n<h3 style=\"text-align: center;\"><em>Organizar su matrimonio en un castillo franc\u00e9s entre las vi\u00f1as, <\/em><\/h3>\n<h3 style=\"text-align: center;\"><em>\u00a1 Una boda de ensue\u00f1o !<\/em><\/h3>\n<p>Con sus varios espacios interiores y exteriores, su espacio de cata, el alojamiento, los jardines con vista a los Pirineos, el Ch\u00e2teau de Paraza es un lugar de celebraci\u00f3n \u00fanico para celebrar su matrimonio en el Sur de Francia. Representa una aventura para los novios sino tambi\u00e9n las personas invitadas. Entonces re\u00fanen a sus amigos y familias para vivir juntos un momento \u00fanico en el Ch\u00e2teau de Paraza.[\/vc_column_text][vc_empty_space][vc_row_inner][vc_column_inner width=\u00bb2\/3&#8243;][vc_column_text]<\/p>\n<p class=\"p1\"><span class=\"s1\"><b><div class=\"gap\" style=\"line-height: 20px; height: 20px;\"><\/div>ELEGANCIA Y AUTENTICIDAD<\/b><\/span><\/p>\n<p class=\"p3\">Ponemos a su disposici\u00f3n m\u00faltiples espacios interiores y exteriores especialmente adaptados para la organizaci\u00f3n de su matrimonio en un castillo. En efecto, el est\u00edlo de boda que quieren no importa, pondremos en pr\u00e1ctica lo necesario para ayudarles a realizar la boda de sus sue\u00f1os<\/p>\n<p>[\/vc_column_text][\/vc_column_inner][vc_column_inner width=\u00bb1\/3&#8243;][vc_single_image image=\u00bb3275&#8243; img_size=\u00bb400&#215;300&#8243;][\/vc_column_inner][\/vc_row_inner][vc_empty_space][vc_row_inner][vc_column_inner width=\u00bb1\/3&#8243;][vc_single_image image=\u00bb4361&#8243; img_size=\u00bb400&#215;300&#8243;][\/vc_column_inner][vc_column_inner width=\u00bb2\/3&#8243;][vc_column_text]<\/p>\n<p class=\"p1\"><span class=\"s1\"><b><div class=\"gap\" style=\"line-height: 20px; height: 20px;\"><\/div>SECRETO DEL LANGUEDOC<\/b><\/span><\/p>\n<p class=\"p1\" style=\"text-align: left;\">Lejos de los senderos, el Ch\u00e2teau de Paraza es un destino hist\u00f3rico excepcional que ofrece un panorama id\u00edlico para transformar su matrimonio en un acontecimiento que impactar\u00e1 por largo tiempo sus invitados<\/p>\n<p>[\/vc_column_text][\/vc_column_inner][\/vc_row_inner][vc_empty_space]<div class=\"hr-thin style-line\" style=\"width: 25%;\"><\/div>[vc_empty_space][vc_row_inner][vc_column_inner width=\u00bb1\/6&#8243;][\/vc_column_inner][vc_column_inner width=\u00bb2\/3&#8243;][vc_column_text]<\/p>\n<p style=\"text-align: center;\">Un destino de matrimonio en un castillo que se encuentra f\u00e1cilmente, desde Francia y el extranjero<\/p>\n<ul>\n<li style=\"text-align: left;\">20km de Narbonne<\/li>\n<li style=\"text-align: left;\">50km del aeropuerto de Carcassonne<\/li>\n<li style=\"text-align: left;\">60km del aeropuerto de B\u00e9ziers<\/li>\n<li style=\"text-align: left;\">80km del aeropuerto de Perpignan<\/li>\n<li style=\"text-align: left;\">110km del aeropuerto de Montpellier<\/li>\n<li style=\"text-align: left;\">140km del aeropuerto internacional de Tolosa<\/li>\n<li style=\"text-align: left;\">270km del aeropuerto internacional de Barcelona<\/li>\n<\/ul>\n<p>[\/vc_column_text][\/vc_column_inner][vc_column_inner width=\u00bb1\/6&#8243;][\/vc_column_inner][\/vc_row_inner][vc_empty_space][\/vc_column][\/vc_row][vc_section full_width=\u00bbstretch_row\u00bb css=\u00bb.vc_custom_1568475010433{background-color: #ccbfad !important;}\u00bb][vc_row][vc_column width=\u00bb1\/3&#8243;][vc_column_text]<\/p>\n<h3><span style=\"color: #ffffff;\"><b>ESPACIO DE RECEPCI\u00d3N \u00daNICO<\/b><\/span><\/h3>\n<h4><span style=\"color: #ffffff;\"><b><i>a la altura de su boda<\/i><\/b><\/span><\/h4>\n<p><span style=\"font-weight: 400; color: #ffffff;\">En el coraz\u00f3n de nuestra bodega, nuestro espacio de recepci\u00f3n mide m\u00e1s de 400m\u00b2. Con una estupenda armadura de madera, muros de piedras hist\u00f3ricas y una vista a las cubas por un lado y al parque por el otro lado, todo toma parte del encanto del espacio de recepci\u00f3n. Adem\u00e1s, est\u00e1 completamente ajustable y se puede personalizarla seg\u00fan sus deseos<\/span><\/p>\n<ul>\n<li style=\"font-weight: 400;\" aria-level=\"1\"><span style=\"font-weight: 400; color: #ffffff;\">Acceso a la cocina para los miembros del servicio de catering<\/span><\/li>\n<li style=\"font-weight: 400;\" aria-level=\"1\"><span style=\"font-weight: 400; color: #ffffff;\">Bar para el servicio de las bebidas<\/span><\/li>\n<li style=\"font-weight: 400;\" aria-level=\"1\"><span style=\"font-weight: 400; color: #ffffff;\">Guardarropas y ba\u00f1os para los invitados<\/span><\/li>\n<li style=\"font-weight: 400;\" aria-level=\"1\"><span style=\"font-weight: 400; color: #ffffff;\">Pueden elegir sus propios proveedores\u00a0<\/span><\/li>\n<li style=\"font-weight: 400;\" aria-level=\"1\"><span style=\"font-weight: 400; color: #ffffff;\">Servicios de wedding planner (con reserva)<\/span><\/li>\n<li style=\"font-weight: 400;\" aria-level=\"1\"><span style=\"font-weight: 400; color: #ffffff;\">Servicios de cuidado de ni\u00f1os (con reserva)<\/span><\/li>\n<\/ul>\n<p>[\/vc_column_text][vc_empty_space height=\u00bb50&#8243;][\/vc_column][vc_column width=\u00bb1\/3&#8243;][vc_column_text]<\/p>\n<h3><span style=\"color: #ffffff;\"><b>INMENSOS ESPACIOS EXTERIORES<\/b><\/span><\/h3>\n<h4><span style=\"color: #ffffff;\"><b><i>Para establecer diferentes atm\u00f3sferas durante la recepci\u00f3n<\/i><\/b><\/span><\/h4>\n<ul>\n<li style=\"font-weight: 400;\" aria-level=\"1\"><span style=\"font-weight: 400; color: #ffffff;\">El parque, con una parte completamente libre, hacia la llanura por una parte, y por otra parte m\u00e1s sombr\u00eda (puede acoger hasta 300 personas)<\/span><\/li>\n<li style=\"font-weight: 400;\" aria-level=\"1\"><span style=\"font-weight: 400; color: #ffffff;\">El patio de honor del Castillo, alrededor de la fuente (hasta 300 personas)<\/span><\/li>\n<li style=\"font-weight: 400;\" aria-level=\"1\"><span style=\"font-weight: 400; color: #ffffff;\">El invernadero y el jard\u00edn con olivos centenarios (hasta 180 personas)<\/span><\/li>\n<li style=\"font-weight: 400;\" aria-level=\"1\"><span style=\"font-weight: 400; color: #ffffff;\">Las terrazas de Pierre-Paul Riquet que ofrecen una hermosa vista en los Pirineos (hasta 120 personas)<\/span><\/li>\n<li style=\"font-weight: 400;\" aria-level=\"1\"><span style=\"font-weight: 400;\"><span style=\"color: #ffffff;\">La piscina y el claustro<\/span> <\/span><\/li>\n<\/ul>\n<p>[\/vc_column_text][vc_empty_space height=\u00bb50&#8243;][\/vc_column][vc_column width=\u00bb1\/3&#8243;][vc_column_text]<\/p>\n<h3><span style=\"color: #ffffff;\"><b>ALOJAMIENTOS DIRECTAMENTE EN EL CASTILLO<\/b><\/span><\/h3>\n<h4><span style=\"color: #ffffff;\"><b><i>Para ofrecer una pernoctaci\u00f3n \u00fanica, real, a los novios y sus familias<\/i><\/b><\/span><\/h4>\n<p><span style=\"font-weight: 400; color: #ffffff;\">Despu\u00e9s, el Ch\u00e2teau de Paraza les ofrece el acceso al Ch\u00e2teau en su conjunto para disfrutar de un momento de intimidad completa<\/span><\/p>\n<ul>\n<li style=\"font-weight: 400;\" aria-level=\"1\"><span style=\"font-weight: 400; color: #ffffff;\">Cinco habitaciones lujosas que pueden acoger hasta 14 personas<\/span><\/li>\n<li style=\"font-weight: 400;\" aria-level=\"1\"><span style=\"font-weight: 400; color: #ffffff;\">Otro alojamiento que puede recibir entre 8 y 10 personas<\/span><\/li>\n<li style=\"font-weight: 400;\" aria-level=\"1\"><span style=\"font-weight: 400; color: #ffffff;\">Un dormitorio para los ni\u00f1os<\/span><\/li>\n<li style=\"font-weight: 400;\" aria-level=\"1\"><span style=\"font-weight: 400; color: #ffffff;\">Piscina privada calentada<\/span><\/li>\n<li style=\"font-weight: 400;\" aria-level=\"1\"><span style=\"font-weight: 400; color: #ffffff;\">Servicios de catering (solo con reserva)<\/span><\/li>\n<li style=\"font-weight: 400;\" aria-level=\"1\"><span style=\"font-weight: 400; color: #ffffff;\">Servicios de organizaci\u00f3n de estancias y visitas (solo con reserva)<\/span><\/li>\n<\/ul>\n<p>[\/vc_column_text][vc_empty_space height=\u00bb50&#8243;][\/vc_column][\/vc_row][\/vc_section][vc_row][vc_column][vc_row_inner][vc_column_inner width=\u00bb1\/3&#8243;][vc_empty_space height=\u00bb25px\u00bb][vc_column_text]<\/p>\n<h2 class=\"p1\"><span class=\"s1\">La Bodega<br \/>\n~ la sala\u00a0<\/span><\/h2>\n<p class=\"p3\"><div class=\"gap\" style=\"line-height: 20px; height: 20px;\"><\/div>En primer lugar, la sala de recepci\u00f3n, para organizar la cena y la pista de baile. En el coraz\u00f3n de la bodega, el espacio ofrece una vista a los tanques que sirven a la producci\u00f3n de los vinos del Ch\u00e2teau de Paraza por una parte, y por otra parte, el parque arbolado. Una atm\u00f3sfera \u00fanica<\/p>\n<p>[\/vc_column_text][vc_empty_space][\/vc_column_inner][vc_column_inner width=\u00bb1\/2&#8243;][vc_empty_space][vc_single_image image=\u00bb3835&#8243; img_size=\u00bb500&#215;500&#8243;][vc_empty_space][\/vc_column_inner][\/vc_row_inner][\/vc_column][vc_column][vc_row_inner][vc_column_inner width=\u00bb1\/3&#8243;][vc_empty_space height=\u00bb25px\u00bb][vc_column_text]<\/p>\n<h2 class=\"p1\"><span class=\"s1\">La Bodega<br \/>\n~ El parque<\/span><\/h2>\n<p class=\"p3\"><div class=\"gap\" style=\"line-height: 10px; height: 10px;\"><\/div>Desde la bodega, se puede ver el parque arbolado donde se abren las encinas y los pinos de Alepo. Un gran espacio verde permite organizar grandes festividades, con la cadena de los Pirineos en tel\u00f3n de fondo. Por ejemplo, podr\u00edan recibir sus invitados aqu\u00ed para el vino de honor o para la duraci\u00f3n del evento. Adem\u00e1s, las encinas ofrecen un espacio sombr\u00edo, protegido contra el sol para la organizaci\u00f3n de la ceremon\u00eda o el brunch del verano<\/p>\n<p>[\/vc_column_text][vc_empty_space][\/vc_column_inner][vc_column_inner width=\u00bb1\/2&#8243;][vc_empty_space][vc_single_image image=\u00bb4446&#8243; img_size=\u00bb500&#215;350&#8243;][vc_empty_space][\/vc_column_inner][\/vc_row_inner][\/vc_column][\/vc_row][vc_row][vc_column width=\u00bb1\/3&#8243;][vc_empty_space height=\u00bb25px\u00bb][vc_column_text]<\/p>\n<h2 class=\"p1\"><span class=\"s1\">El Castillo<\/span><\/h2>\n<h2 class=\"p1\"><span class=\"s1\">~ El patio<\/span><\/h2>\n<p class=\"p3\">El patio de honor del Castillo est\u00e1 tambi\u00e9n a su disposici\u00f3n para el vino de honor. Con su fachada impresionante y su fuente en m\u00e1rmol de Caunes, es efectivamente un lugar ideal para una entrada inolvidable y de este manera, iniciar las festividades de la boda en un castillo<\/p>\n<h4 class=\"p3\"><\/h4>\n<p>[\/vc_column_text][vc_empty_space][\/vc_column][vc_column width=\u00bb1\/2&#8243;][vc_empty_space][vc_single_image image=\u00bb3843&#8243; img_size=\u00bb500X500&#8243;][vc_empty_space][\/vc_column][\/vc_row][vc_row][vc_column width=\u00bb1\/3&#8243;][vc_empty_space height=\u00bb25px\u00bb][vc_column_text]<\/p>\n<h2 class=\"p1\"><span class=\"s1\">El Invernadero<\/span><\/h2>\n<h2 class=\"p1\"><span class=\"s1\">~ El Jard\u00edn<\/span><\/h2>\n<p class=\"p3\"><div class=\"gap\" style=\"line-height: 10px; height: 10px;\"><\/div>Otro espacio es el invernadero, que ofrece una atm\u00f3sfera diferente. Al lado del invernadero, se aprecia particularmente el jard\u00edn mucho m\u00e1s intimista, donde crecen grandes pinos y ancianos olivos. Macizos de rosas contribuyen al conjunto muy elegante y ex\u00f3tico del jard\u00edn<\/p>\n<h4 class=\"p3\"><\/h4>\n<p>[\/vc_column_text][vc_empty_space][\/vc_column][vc_column width=\u00bb1\/2&#8243;][vc_empty_space][vc_single_image image=\u00bb4427&#8243; img_size=\u00bb500&#215;350&#8243;][vc_empty_space][\/vc_column][\/vc_row][vc_row][vc_column width=\u00bb1\/3&#8243;][vc_empty_space height=\u00bb25px\u00bb][vc_column_text]<\/p>\n<h2 class=\"p1\"><span class=\"s1\">El Claustro<\/span><\/h2>\n<h2 class=\"p1\"><span class=\"s1\">~ la piscina<\/span><\/h2>\n<p class=\"p4\"><div class=\"gap\" style=\"line-height: 10px; height: 10px;\"><\/div> Para terminar, el claustro al lado de la piscina y las terrazas de Pierre-Paul Riquet est\u00e1n disponibles tambi\u00e9n. Estos espacios verdes pueden dar muchas posibilidades para organizar su evento, por ejemplo para la ceremon\u00eda, un brunch, un c\u00f3ctel, un buf\u00e9 o el vino de honor. Cada lugar tiene un ambiente particular<\/p>\n<p>[\/vc_column_text][vc_empty_space][\/vc_column][vc_column width=\u00bb1\/2&#8243;][vc_empty_space][vc_single_image image=\u00bb3839&#8243; img_size=\u00bb500&#215;500&#8243;][vc_empty_space][\/vc_column][\/vc_row][vc_row][vc_column width=\u00bb1\/3&#8243;][vc_empty_space height=\u00bb25px\u00bb][vc_column_text]<\/p>\n<h2 class=\"p1\"><span class=\"s1\">Las vi\u00f1as<\/span><\/h2>\n<h2 class=\"p1\"><span class=\"s1\">~ Entre las vi\u00f1as<\/span><\/h2>\n<p class=\"p4\"><div class=\"gap\" style=\"line-height: 10px; height: 10px;\"><\/div>Les proponemos organizar una parte de la boda entre las vi\u00f1as. Imaginan algunas barricas colocadas entre las vides, mesas, iluminaciones, m\u00fasica, incluso un grupo de m\u00fasica, un buf\u00e9 aut\u00e9ntico&#8230; un ambiente merendero que seducir\u00e1. Ideal para acoger sus invitados desde el viernes en la tarde en un est\u00edlo relajado y original. Por otra parte es posible organizar su ceremon\u00eda, entre las vides, naturaleza de todas partes<\/p>\n<p>[\/vc_column_text][vc_empty_space][\/vc_column][vc_column width=\u00bb1\/2&#8243;][vc_empty_space][vc_single_image image=\u00bb4468&#8243; img_size=\u00bb500&#215;350&#8243;][vc_empty_space][\/vc_column][\/vc_row][vc_section full_width=\u00bbstretch_row\u00bb css=\u00bb.vc_custom_1568474999503{background-color: #ccbfad !important;}\u00bb][vc_row][vc_column][vc_column_text]<\/p>\n<h2 style=\"text-align: center;\"><span style=\"color: #ffffff;\">Nous avons travaill\u00e9 ensemble\u00a0<\/span><\/h2>\n<p>[\/vc_column_text][vc_empty_space height=\u00bb50&#8243;][\/vc_column][\/vc_row][vc_row][vc_column width=\u00bb1\/2&#8243;][vc_single_image image=\u00bb4337&#8243; img_size=\u00bb600&#215;600&#8243; onclick=\u00bbcustom_link\u00bb img_link_target=\u00bb_blank\u00bb link=\u00bbhttps:\/\/www.chateau-de-paraza.com\/es\/galeria-matrimonios\/\u00bb][vc_empty_space height=\u00bb20&#8243;][vc_column_text]<\/p>\n<p style=\"text-align: center;\">Boda rock y glamuroso de R &amp; P<br \/>\n<em><a href=\"https:\/\/www.cyrielleribaphotographe.com\">Cyrielle Riba Photographe <\/a><\/em><\/p>\n<p>[\/vc_column_text][vc_empty_space height=\u00bb50&#8243;][vc_single_image image=\u00bb4437&#8243; img_size=\u00bb600&#215;600&#8243; onclick=\u00bbcustom_link\u00bb img_link_target=\u00bb_blank\u00bb link=\u00bbhttps:\/\/www.chateau-de-paraza.com\/es\/galeria-matrimonios\/\u00bb][vc_empty_space height=\u00bb20&#8243;][vc_column_text]<\/p>\n<p style=\"text-align: center;\">Boda M &amp; M<br \/>\n<em><a href=\"https:\/\/www.loricgonzalez.com\">Loric Gonzales<\/a><\/em><\/p>\n<p>[\/vc_column_text][\/vc_column][vc_column width=\u00bb1\/2&#8243;][vc_single_image image=\u00bb4311&#8243; img_size=\u00bb600&#215;600&#8243; onclick=\u00bbcustom_link\u00bb img_link_target=\u00bb_blank\u00bb link=\u00bbhttps:\/\/www.chateau-de-paraza.com\/es\/galeria-matrimonios\/\u00bb][vc_empty_space height=\u00bb20&#8243;][vc_column_text]<\/p>\n<p style=\"text-align: center;\">Boda bohemia elegante de M &amp; M<br \/>\n<em><a href=\"http:\/\/aureliaphotographie.com\">Aur\u00e9lia Salas Photographie<\/a><\/em><\/p>\n<p>[\/vc_column_text][vc_empty_space height=\u00bb60&#8243;][vc_single_image image=\u00bb4315&#8243; img_size=\u00bb600&#215;600&#8243; onclick=\u00bbcustom_link\u00bb img_link_target=\u00bb_blank\u00bb link=\u00bbhttps:\/\/www.chateau-de-paraza.com\/es\/galeria-matrimonios\/\u00bb][vc_empty_space height=\u00bb20&#8243;][vc_column_text]<\/p>\n<p style=\"text-align: center;\">Elegante matrimonio de A y E<br \/>\n<i>\u00a0<\/i><a style=\"font-style: italic;\" href=\"https:\/\/www.angelo-lacancellera.com\/journal\">Angelo Lacancellera<\/a><\/p>\n<p>[\/vc_column_text][vc_empty_space height=\u00bb20&#8243;][\/vc_column][\/vc_row][vc_row][vc_column][vc_btn title=\u00bbPortafolio Matrimonios en un Castillo\u00bb shape=\u00bbround\u00bb color=\u00bbwhite\u00bb size=\u00bblg\u00bb align=\u00bbcenter\u00bb link=\u00bburl:https%3A%2F%2Fwww.chateau-de-paraza.com%2Fes%2Fgaleria-matrimonios%2F|target:_blank\u00bb][vc_empty_space height=\u00bb20&#8243;][\/vc_column][\/vc_row][\/vc_section][vc_section full_width=\u00bbstretch_row\u00bb css=\u00bb.vc_custom_1568474287361{background-color: #ffffff !important;}\u00bb][vc_row][vc_column][vc_empty_space][\/vc_column][\/vc_row][\/vc_section][vc_section full_width=\u00bbstretch_row\u00bb css=\u00bb.vc_custom_1556032275128{background: #000000 url(https:\/\/www.chateau-de-paraza.com\/wp-content\/uploads\/2019\/04\/banniereenvi.png?id=3543) !important;}\u00bb][vc_row][vc_column][vc_cta h2=\u00bb\u00bb h4=\u00bbCh\u00e2teau de Paraza\u00bb txt_align=\u00bbcenter\u00bb el_width=\u00bbxs\u00bb]<\/p>\n<p style=\"text-align: center;\">Nous avons pour vision d\u2019organiser des mariages sur mesure.<br \/>\nAinsi, nous serions tr\u00e8s heureux de pouvoir \u00e9changer avec vous sur vos envies.\u00a0N\u2019h\u00e9sitez pas \u00e0 nous contacter pour toute information.<\/p>\n<p style=\"text-align: center;\">Mail :\u00a0chateaudeparaza@gmail.com<\/p>\n<p style=\"text-align: center;\">T\u00e9l\u00e9phone: +33 7 78 19 16 41<\/p>\n<p style=\"text-align: center;\">Lucile Danglas<\/p>\n<p>[\/vc_cta][\/vc_column][\/vc_row][\/vc_section]<\/p>\n<\/div>","protected":false},"excerpt":{"rendered":"<p>[vc_row][vc_column][vc_column_text] Casarse en un castillo vit\u00edcola &nbsp; EN EL LANGUEDOC, DOMINANDO EL CANAL DU MIDI, LE CH\u00c2TEAU DE PARAZA ES UN ESTUPENDO CASTILLO VIT\u00cdCOLA DEL SIGLO 17 BORDEADO POR PINEDAS, OLIVARES Y VIDES, VIVIMOS AQU\u00cd FUERA DEL TIEMPO. CON UN MAGN\u00cdFICO ESPACIO DE BIENVENIDA EN EL CORAZ\u00d3N DE LA BODEGA Y DE LOS AMPLIOS JARDINES&hellip;<\/p>\n","protected":false},"author":2,"featured_media":0,"parent":0,"menu_order":0,"comment_status":"closed","ping_status":"closed","template":"","meta":[],"yoast_head":"<!-- This site is optimized with the Yoast SEO plugin v21.8.1 - https:\/\/yoast.com\/wordpress\/plugins\/seo\/ -->\n<title>Casarse en un castillo vit\u00edcola - Ch\u00e2teau de Paraza<\/title>\n<meta name=\"description\" content=\"El Ch\u00e2teau de Paraza, propiedad vit\u00edcola del Sur de Francia, les propone un panorama id\u00edlico para casarse en un castillo vit\u00edcola\" \/>\n<meta name=\"robots\" content=\"index, follow, max-snippet:-1, max-image-preview:large, max-video-preview:-1\" \/>\n<link rel=\"canonical\" href=\"https:\/\/www.chateau-de-paraza.com\/mariage-chateau-viticole-france\/\" \/>\n<meta property=\"og:locale\" content=\"es_ES\" \/>\n<meta property=\"og:type\" content=\"article\" \/>\n<meta property=\"og:title\" content=\"Casarse en un castillo vit\u00edcola - Ch\u00e2teau de Paraza\" \/>\n<meta property=\"og:description\" content=\"El Ch\u00e2teau de Paraza, propiedad vit\u00edcola del Sur de Francia, les propone un panorama id\u00edlico para casarse en un castillo vit\u00edcola\" \/>\n<meta property=\"og:url\" content=\"https:\/\/www.chateau-de-paraza.com\/mariage-chateau-viticole-france\/\" \/>\n<meta property=\"og:site_name\" content=\"Ch\u00e2teau de Paraza\" \/>\n<meta property=\"article:publisher\" content=\"https:\/\/www.facebook.com\/chateaudeparaza\" \/>\n<meta property=\"article:modified_time\" content=\"2022-04-13T08:29:13+00:00\" \/>\n<meta name=\"twitter:card\" content=\"summary_large_image\" \/>\n<meta name=\"twitter:site\" content=\"@ChateauDeParaza\" \/>\n<meta name=\"twitter:label1\" content=\"Tiempo de lectura\" \/>\n\t<meta name=\"twitter:data1\" content=\"10 minutos\" \/>\n<script type=\"application\/ld+json\" class=\"yoast-schema-graph\">{\"@context\":\"https:\/\/schema.org\",\"@graph\":[{\"@type\":\"WebPage\",\"@id\":\"https:\/\/www.chateau-de-paraza.com\/mariage-chateau-viticole-france\/\",\"url\":\"https:\/\/www.chateau-de-paraza.com\/mariage-chateau-viticole-france\/\",\"name\":\"Casarse en un castillo vit\u00edcola - Ch\u00e2teau de Paraza\",\"isPartOf\":{\"@id\":\"https:\/\/www.chateau-de-paraza.com\/#website\"},\"datePublished\":\"2019-04-26T12:51:55+00:00\",\"dateModified\":\"2022-04-13T08:29:13+00:00\",\"description\":\"El Ch\u00e2teau de Paraza, propiedad vit\u00edcola del Sur de Francia, les propone un panorama id\u00edlico para casarse en un castillo vit\u00edcola\",\"breadcrumb\":{\"@id\":\"https:\/\/www.chateau-de-paraza.com\/mariage-chateau-viticole-france\/#breadcrumb\"},\"inLanguage\":\"es\",\"potentialAction\":[{\"@type\":\"ReadAction\",\"target\":[\"https:\/\/www.chateau-de-paraza.com\/mariage-chateau-viticole-france\/\"]}]},{\"@type\":\"BreadcrumbList\",\"@id\":\"https:\/\/www.chateau-de-paraza.com\/mariage-chateau-viticole-france\/#breadcrumb\",\"itemListElement\":[{\"@type\":\"ListItem\",\"position\":1,\"name\":\"Accueil\",\"item\":\"https:\/\/www.chateau-de-paraza.com\/es\/\"},{\"@type\":\"ListItem\",\"position\":2,\"name\":\"Bodas\"}]},{\"@type\":\"WebSite\",\"@id\":\"https:\/\/www.chateau-de-paraza.com\/#website\",\"url\":\"https:\/\/www.chateau-de-paraza.com\/\",\"name\":\"Ch\u00e2teau de Paraza\",\"description\":\"Site web du Ch\u00e2teau de Paraza\",\"potentialAction\":[{\"@type\":\"SearchAction\",\"target\":{\"@type\":\"EntryPoint\",\"urlTemplate\":\"https:\/\/www.chateau-de-paraza.com\/?s={search_term_string}\"},\"query-input\":\"required name=search_term_string\"}],\"inLanguage\":\"es\"}]}<\/script>\n<!-- \/ Yoast SEO plugin. -->","yoast_head_json":{"title":"Casarse en un castillo vit\u00edcola - Ch\u00e2teau de Paraza","description":"El Ch\u00e2teau de Paraza, propiedad vit\u00edcola del Sur de Francia, les propone un panorama id\u00edlico para casarse en un castillo vit\u00edcola","robots":{"index":"index","follow":"follow","max-snippet":"max-snippet:-1","max-image-preview":"max-image-preview:large","max-video-preview":"max-video-preview:-1"},"canonical":"https:\/\/www.chateau-de-paraza.com\/mariage-chateau-viticole-france\/","og_locale":"es_ES","og_type":"article","og_title":"Casarse en un castillo vit\u00edcola - Ch\u00e2teau de Paraza","og_description":"El Ch\u00e2teau de Paraza, propiedad vit\u00edcola del Sur de Francia, les propone un panorama id\u00edlico para casarse en un castillo vit\u00edcola","og_url":"https:\/\/www.chateau-de-paraza.com\/mariage-chateau-viticole-france\/","og_site_name":"Ch\u00e2teau de Paraza","article_publisher":"https:\/\/www.facebook.com\/chateaudeparaza","article_modified_time":"2022-04-13T08:29:13+00:00","twitter_card":"summary_large_image","twitter_site":"@ChateauDeParaza","twitter_misc":{"Tiempo de lectura":"10 minutos"},"schema":{"@context":"https:\/\/schema.org","@graph":[{"@type":"WebPage","@id":"https:\/\/www.chateau-de-paraza.com\/mariage-chateau-viticole-france\/","url":"https:\/\/www.chateau-de-paraza.com\/mariage-chateau-viticole-france\/","name":"Casarse en un castillo vit\u00edcola - Ch\u00e2teau de Paraza","isPartOf":{"@id":"https:\/\/www.chateau-de-paraza.com\/#website"},"datePublished":"2019-04-26T12:51:55+00:00","dateModified":"2022-04-13T08:29:13+00:00","description":"El Ch\u00e2teau de Paraza, propiedad vit\u00edcola del Sur de Francia, les propone un panorama id\u00edlico para casarse en un castillo vit\u00edcola","breadcrumb":{"@id":"https:\/\/www.chateau-de-paraza.com\/mariage-chateau-viticole-france\/#breadcrumb"},"inLanguage":"es","potentialAction":[{"@type":"ReadAction","target":["https:\/\/www.chateau-de-paraza.com\/mariage-chateau-viticole-france\/"]}]},{"@type":"BreadcrumbList","@id":"https:\/\/www.chateau-de-paraza.com\/mariage-chateau-viticole-france\/#breadcrumb","itemListElement":[{"@type":"ListItem","position":1,"name":"Accueil","item":"https:\/\/www.chateau-de-paraza.com\/es\/"},{"@type":"ListItem","position":2,"name":"Bodas"}]},{"@type":"WebSite","@id":"https:\/\/www.chateau-de-paraza.com\/#website","url":"https:\/\/www.chateau-de-paraza.com\/","name":"Ch\u00e2teau de Paraza","description":"Site web du Ch\u00e2teau de Paraza","potentialAction":[{"@type":"SearchAction","target":{"@type":"EntryPoint","urlTemplate":"https:\/\/www.chateau-de-paraza.com\/?s={search_term_string}"},"query-input":"required name=search_term_string"}],"inLanguage":"es"}]}},"_links":{"self":[{"href":"https:\/\/www.chateau-de-paraza.com\/es\/wp-json\/wp\/v2\/pages\/6731"}],"collection":[{"href":"https:\/\/www.chateau-de-paraza.com\/es\/wp-json\/wp\/v2\/pages"}],"about":[{"href":"https:\/\/www.chateau-de-paraza.com\/es\/wp-json\/wp\/v2\/types\/page"}],"author":[{"embeddable":true,"href":"https:\/\/www.chateau-de-paraza.com\/es\/wp-json\/wp\/v2\/users\/2"}],"replies":[{"embeddable":true,"href":"https:\/\/www.chateau-de-paraza.com\/es\/wp-json\/wp\/v2\/comments?post=6731"}],"version-history":[{"count":10,"href":"https:\/\/www.chateau-de-paraza.com\/es\/wp-json\/wp\/v2\/pages\/6731\/revisions"}],"predecessor-version":[{"id":7711,"href":"https:\/\/www.chateau-de-paraza.com\/es\/wp-json\/wp\/v2\/pages\/6731\/revisions\/7711"}],"wp:attachment":[{"href":"https:\/\/www.chateau-de-paraza.com\/es\/wp-json\/wp\/v2\/media?parent=6731"}],"curies":[{"name":"wp","href":"https:\/\/api.w.org\/{rel}","templated":true}]}}