{"id":6719,"date":"2019-09-04T12:02:13","date_gmt":"2019-09-04T11:02:13","guid":{"rendered":"https:\/\/www.chateau-de-paraza.com\/galerie-mariages\/"},"modified":"2022-04-13T10:51:30","modified_gmt":"2022-04-13T09:51:30","slug":"galeria-matrimonios","status":"publish","type":"page","link":"https:\/\/www.chateau-de-paraza.com\/es\/galeria-matrimonios\/","title":{"rendered":"Galer\u00eda de Matrimonios"},"content":{"rendered":"<div class=\"wpb-content-wrapper\"><p>[vc_row][vc_column][vc_column_text]<\/p>\n<h1 style=\"text-align: center;\">Portafolio de matrimonios en el Ch\u00e2teau de Paraza<\/h1>\n<p>[\/vc_column_text][vc_empty_space][vc_column_text]<\/p>\n<h2>Los matrimonios en el Ch\u00e2teau de Paraza<\/h2>\n<p>&nbsp;<\/p>\n<h4><strong>El matrimonio est\u00edlo bohemio y elegante de M&amp;M<\/strong><\/h4>\n<h4><a href=\"http:\/\/aureliaphotographie.com\">Aur\u00e9lia Salas Photographie\u00a0<\/a><\/h4>\n<p>[\/vc_column_text][vc_empty_space][\/vc_column][\/vc_row][vc_row][vc_column width=\u00bb1\/3&#8243;][vc_single_image image=\u00bb4349&#8243; img_size=\u00bb700*700&#8243;][vc_empty_space][\/vc_column][vc_column width=\u00bb1\/3&#8243;][vc_single_image image=\u00bb4345&#8243; img_size=\u00bb700 x 700&#8243; alignment=\u00bbcenter\u00bb][vc_empty_space][\/vc_column][vc_column width=\u00bb1\/3&#8243;][vc_single_image image=\u00bb4311&#8243; img_size=\u00bb700*700&#8243;][vc_empty_space][\/vc_column][\/vc_row][vc_row][vc_column][vc_empty_space][vc_column_text]<\/p>\n<h4><strong>R&amp;P y sus matrimonio glamuroso y rock<\/strong><\/h4>\n<p><a href=\"https:\/\/www.cyrielleribaphotographe.com\">Cyrielle Riba Photographie\u00a0<\/a>[\/vc_column_text][vc_empty_space][\/vc_column][\/vc_row][vc_row][vc_column width=\u00bb1\/3&#8243;][vc_single_image image=\u00bb4369&#8243; img_size=\u00bb700*700&#8243;][vc_empty_space][\/vc_column][vc_column width=\u00bb1\/3&#8243;][vc_single_image image=\u00bb4373&#8243; img_size=\u00bb700 x 700&#8243; alignment=\u00bbcenter\u00bb][vc_empty_space][\/vc_column][vc_column width=\u00bb1\/3&#8243;][vc_single_image image=\u00bb4365&#8243; img_size=\u00bb700 x 700&#8243; alignment=\u00bbcenter\u00bb][vc_empty_space][\/vc_column][\/vc_row][vc_row][vc_column][vc_empty_space][vc_column_text]<\/p>\n<h4><strong>El elegante matrimonio de A&amp;E<\/strong><\/h4>\n<p><a href=\"https:\/\/www.angelo-lacancellera.com\">Angelo Lacancellera Photographie\u00a0<\/a>[\/vc_column_text][vc_empty_space][\/vc_column][\/vc_row][vc_row][vc_column width=\u00bb1\/3&#8243;][vc_single_image image=\u00bb4353&#8243; img_size=\u00bb700*700&#8243;][vc_empty_space][\/vc_column][vc_column width=\u00bb1\/3&#8243;][vc_single_image image=\u00bb4361&#8243; img_size=\u00bb700*700&#8243;][vc_empty_space][\/vc_column][vc_column width=\u00bb1\/3&#8243;][vc_single_image image=\u00bb4357&#8243; img_size=\u00bb700*700&#8243;][vc_empty_space][\/vc_column][\/vc_row][vc_row][vc_column][vc_column_text]Descubran el ch\u00e2teau y piensen este gran acontecimiento : <a href=\"https:\/\/www.chateau-de-paraza.com\/es\/matrimonio-castillo-viticola-francia\/\">https:\/\/www.chateau-de-paraza.com\/mariage-chateau-viticole-france<\/a>\/[\/vc_column_text][\/vc_column][\/vc_row]<\/p>\n<\/div>","protected":false},"excerpt":{"rendered":"<p>[vc_row][vc_column][vc_column_text] Portafolio de matrimonios en el Ch\u00e2teau de Paraza [\/vc_column_text][vc_empty_space][vc_column_text] Los matrimonios en el Ch\u00e2teau de Paraza &nbsp; El matrimonio est\u00edlo bohemio y elegante de M&amp;M Aur\u00e9lia Salas Photographie\u00a0 [\/vc_column_text][vc_empty_space][\/vc_column][\/vc_row][vc_row][vc_column width=\u00bb1\/3&#8243;][vc_single_image image=\u00bb4349&#8243; img_size=\u00bb700*700&#8243;][vc_empty_space][\/vc_column][vc_column width=\u00bb1\/3&#8243;][vc_single_image image=\u00bb4345&#8243; img_size=\u00bb700 x 700&#8243; alignment=\u00bbcenter\u00bb][vc_empty_space][\/vc_column][vc_column width=\u00bb1\/3&#8243;][vc_single_image image=\u00bb4311&#8243; img_size=\u00bb700*700&#8243;][vc_empty_space][\/vc_column][\/vc_row][vc_row][vc_column][vc_empty_space][vc_column_text] R&amp;P y sus matrimonio glamuroso y rock Cyrielle Riba Photographie\u00a0[\/vc_column_text][vc_empty_space][\/vc_column][\/vc_row][vc_row][vc_column width=\u00bb1\/3&#8243;][vc_single_image image=\u00bb4369&#8243; img_size=\u00bb700*700&#8243;][vc_empty_space][\/vc_column][vc_column&hellip;<\/p>\n","protected":false},"author":2,"featured_media":0,"parent":0,"menu_order":0,"comment_status":"closed","ping_status":"closed","template":"","meta":[],"yoast_head":"<!-- This site is optimized with the Yoast SEO plugin v21.8.1 - https:\/\/yoast.com\/wordpress\/plugins\/seo\/ -->\n<title>Galer\u00eda de Matrimonios - Descubren el portafolio - Ch\u00e2teau de Paraza<\/title>\n<meta name=\"description\" content=\"\u00a1Encuentren el portafolio de los matrimonios e inspirense para el suyo! Nos encantar\u00eda acogerles y organizar este gran acontecimiento\" \/>\n<meta name=\"robots\" content=\"index, follow, max-snippet:-1, max-image-preview:large, max-video-preview:-1\" \/>\n<link rel=\"canonical\" href=\"https:\/\/www.chateau-de-paraza.com\/galerie-mariages\/\" \/>\n<meta property=\"og:locale\" content=\"es_ES\" \/>\n<meta property=\"og:type\" content=\"article\" \/>\n<meta property=\"og:title\" content=\"Galer\u00eda de Matrimonios - Descubren el portafolio - Ch\u00e2teau de Paraza\" \/>\n<meta property=\"og:description\" content=\"\u00a1Encuentren el portafolio de los matrimonios e inspirense para el suyo! Nos encantar\u00eda acogerles y organizar este gran acontecimiento\" \/>\n<meta property=\"og:url\" content=\"https:\/\/www.chateau-de-paraza.com\/galerie-mariages\/\" \/>\n<meta property=\"og:site_name\" content=\"Ch\u00e2teau de Paraza\" \/>\n<meta property=\"article:publisher\" content=\"https:\/\/www.facebook.com\/chateaudeparaza\" \/>\n<meta property=\"article:modified_time\" content=\"2022-04-13T09:51:30+00:00\" \/>\n<meta name=\"twitter:card\" content=\"summary_large_image\" \/>\n<meta name=\"twitter:site\" content=\"@ChateauDeParaza\" \/>\n<meta name=\"twitter:label1\" content=\"Tiempo de lectura\" \/>\n\t<meta name=\"twitter:data1\" content=\"1 minuto\" \/>\n<script type=\"application\/ld+json\" class=\"yoast-schema-graph\">{\"@context\":\"https:\/\/schema.org\",\"@graph\":[{\"@type\":\"WebPage\",\"@id\":\"https:\/\/www.chateau-de-paraza.com\/galerie-mariages\/\",\"url\":\"https:\/\/www.chateau-de-paraza.com\/galerie-mariages\/\",\"name\":\"Galer\u00eda de Matrimonios - Descubren el portafolio - Ch\u00e2teau de Paraza\",\"isPartOf\":{\"@id\":\"https:\/\/www.chateau-de-paraza.com\/#website\"},\"datePublished\":\"2019-09-04T11:02:13+00:00\",\"dateModified\":\"2022-04-13T09:51:30+00:00\",\"description\":\"\u00a1Encuentren el portafolio de los matrimonios e inspirense para el suyo! Nos encantar\u00eda acogerles y organizar este gran acontecimiento\",\"breadcrumb\":{\"@id\":\"https:\/\/www.chateau-de-paraza.com\/galerie-mariages\/#breadcrumb\"},\"inLanguage\":\"es\",\"potentialAction\":[{\"@type\":\"ReadAction\",\"target\":[\"https:\/\/www.chateau-de-paraza.com\/galerie-mariages\/\"]}]},{\"@type\":\"BreadcrumbList\",\"@id\":\"https:\/\/www.chateau-de-paraza.com\/galerie-mariages\/#breadcrumb\",\"itemListElement\":[{\"@type\":\"ListItem\",\"position\":1,\"name\":\"Accueil\",\"item\":\"https:\/\/www.chateau-de-paraza.com\/es\/\"},{\"@type\":\"ListItem\",\"position\":2,\"name\":\"Galer\u00eda de Matrimonios\"}]},{\"@type\":\"WebSite\",\"@id\":\"https:\/\/www.chateau-de-paraza.com\/#website\",\"url\":\"https:\/\/www.chateau-de-paraza.com\/\",\"name\":\"Ch\u00e2teau de Paraza\",\"description\":\"Site web du Ch\u00e2teau de Paraza\",\"potentialAction\":[{\"@type\":\"SearchAction\",\"target\":{\"@type\":\"EntryPoint\",\"urlTemplate\":\"https:\/\/www.chateau-de-paraza.com\/?s={search_term_string}\"},\"query-input\":\"required name=search_term_string\"}],\"inLanguage\":\"es\"}]}<\/script>\n<!-- \/ Yoast SEO plugin. -->","yoast_head_json":{"title":"Galer\u00eda de Matrimonios - Descubren el portafolio - Ch\u00e2teau de Paraza","description":"\u00a1Encuentren el portafolio de los matrimonios e inspirense para el suyo! Nos encantar\u00eda acogerles y organizar este gran acontecimiento","robots":{"index":"index","follow":"follow","max-snippet":"max-snippet:-1","max-image-preview":"max-image-preview:large","max-video-preview":"max-video-preview:-1"},"canonical":"https:\/\/www.chateau-de-paraza.com\/galerie-mariages\/","og_locale":"es_ES","og_type":"article","og_title":"Galer\u00eda de Matrimonios - Descubren el portafolio - Ch\u00e2teau de Paraza","og_description":"\u00a1Encuentren el portafolio de los matrimonios e inspirense para el suyo! Nos encantar\u00eda acogerles y organizar este gran acontecimiento","og_url":"https:\/\/www.chateau-de-paraza.com\/galerie-mariages\/","og_site_name":"Ch\u00e2teau de Paraza","article_publisher":"https:\/\/www.facebook.com\/chateaudeparaza","article_modified_time":"2022-04-13T09:51:30+00:00","twitter_card":"summary_large_image","twitter_site":"@ChateauDeParaza","twitter_misc":{"Tiempo de lectura":"1 minuto"},"schema":{"@context":"https:\/\/schema.org","@graph":[{"@type":"WebPage","@id":"https:\/\/www.chateau-de-paraza.com\/galerie-mariages\/","url":"https:\/\/www.chateau-de-paraza.com\/galerie-mariages\/","name":"Galer\u00eda de Matrimonios - Descubren el portafolio - Ch\u00e2teau de Paraza","isPartOf":{"@id":"https:\/\/www.chateau-de-paraza.com\/#website"},"datePublished":"2019-09-04T11:02:13+00:00","dateModified":"2022-04-13T09:51:30+00:00","description":"\u00a1Encuentren el portafolio de los matrimonios e inspirense para el suyo! Nos encantar\u00eda acogerles y organizar este gran acontecimiento","breadcrumb":{"@id":"https:\/\/www.chateau-de-paraza.com\/galerie-mariages\/#breadcrumb"},"inLanguage":"es","potentialAction":[{"@type":"ReadAction","target":["https:\/\/www.chateau-de-paraza.com\/galerie-mariages\/"]}]},{"@type":"BreadcrumbList","@id":"https:\/\/www.chateau-de-paraza.com\/galerie-mariages\/#breadcrumb","itemListElement":[{"@type":"ListItem","position":1,"name":"Accueil","item":"https:\/\/www.chateau-de-paraza.com\/es\/"},{"@type":"ListItem","position":2,"name":"Galer\u00eda de Matrimonios"}]},{"@type":"WebSite","@id":"https:\/\/www.chateau-de-paraza.com\/#website","url":"https:\/\/www.chateau-de-paraza.com\/","name":"Ch\u00e2teau de Paraza","description":"Site web du Ch\u00e2teau de Paraza","potentialAction":[{"@type":"SearchAction","target":{"@type":"EntryPoint","urlTemplate":"https:\/\/www.chateau-de-paraza.com\/?s={search_term_string}"},"query-input":"required name=search_term_string"}],"inLanguage":"es"}]}},"_links":{"self":[{"href":"https:\/\/www.chateau-de-paraza.com\/es\/wp-json\/wp\/v2\/pages\/6719"}],"collection":[{"href":"https:\/\/www.chateau-de-paraza.com\/es\/wp-json\/wp\/v2\/pages"}],"about":[{"href":"https:\/\/www.chateau-de-paraza.com\/es\/wp-json\/wp\/v2\/types\/page"}],"author":[{"embeddable":true,"href":"https:\/\/www.chateau-de-paraza.com\/es\/wp-json\/wp\/v2\/users\/2"}],"replies":[{"embeddable":true,"href":"https:\/\/www.chateau-de-paraza.com\/es\/wp-json\/wp\/v2\/comments?post=6719"}],"version-history":[{"count":3,"href":"https:\/\/www.chateau-de-paraza.com\/es\/wp-json\/wp\/v2\/pages\/6719\/revisions"}],"predecessor-version":[{"id":7733,"href":"https:\/\/www.chateau-de-paraza.com\/es\/wp-json\/wp\/v2\/pages\/6719\/revisions\/7733"}],"wp:attachment":[{"href":"https:\/\/www.chateau-de-paraza.com\/es\/wp-json\/wp\/v2\/media?parent=6719"}],"curies":[{"name":"wp","href":"https:\/\/api.w.org\/{rel}","templated":true}]}}