{"id":6430,"date":"2021-04-26T09:02:02","date_gmt":"2021-04-26T08:02:02","guid":{"rendered":"https:\/\/www.chateau-de-paraza.com\/pierre-paul-riquet\/"},"modified":"2022-04-13T10:47:06","modified_gmt":"2022-04-13T09:47:06","slug":"pierre-paul-riquet","status":"publish","type":"page","link":"https:\/\/www.chateau-de-paraza.com\/es\/pierre-paul-riquet\/","title":{"rendered":"Pierre-Paul Riquet"},"content":{"rendered":"<div class=\"wpb-content-wrapper\"><p>[vc_row][vc_column][vc_column_text]<\/p>\n<h1>Pierre-Paul Riquet<\/h1>\n<p>[\/vc_column_text][vc_empty_space height=\u00bb25px\u00bb]<div class=\"hr-thin style-line\" style=\"width: 100%;\"><\/div>[vc_column_text]Pierre Paul Riquet, bar\u00f3n de Bonrepos, conocido como colector de impuestos de sal (les Gabelles) y empresario franc\u00e9s, es, antes que todo, reputado por la construcci\u00f3n del Canal du Midi[\/vc_column_text][vc_empty_space height=\u00bb10px\u00bb]<div class=\"hr-thin style-line\" style=\"width: 100%;\"><\/div>[vc_empty_space height=\u00bb10px\u00bb][\/vc_column][\/vc_row][vc_row][vc_column][vc_single_image image=\u00bb5684&#8243; img_size=\u00bblarge\u00bb alignment=\u00bbcenter\u00bb][vc_empty_space][\/vc_column][\/vc_row][vc_row][vc_column][vc_column_text]<\/p>\n<h3>Un hombre rico y ambicioso<\/h3>\n<p>[\/vc_column_text][vc_empty_space height=\u00bb10px\u00bb][vc_column_text]Naci\u00f3 probablemente el <strong>29 junio de 1609<\/strong> en B\u00e9ziers, y vivi\u00f3 en el seno de una familia noble de comerciantes florentinos. Hizo sus estudios en el colegio jesuita de B\u00e9ziers y despu\u00e9s, empez\u00f3 una formaci\u00f3n de ingeniero. Su padre, Guillaume Riquet, fiscal en B\u00e9ziers, ocupaba un esca\u00f1o en la asamblea de los estados del Languedoc, y presionaba a Pierre-Paul Riquet para que entrara en la <strong>administraci\u00f3n de gabelles<\/strong>, el impuesto sobre la sal en los a\u00f1os 1630-1632. Ascendi\u00f3 r\u00e1pidamente, se convirti\u00f3 en gabelou (agente de la gabelles), grenatier, sous-fermier, arrendatario, y pues, Director de la Granja del Languedoc en 1678.<\/p>\n<div class=\"gap\" style=\"line-height: 10px; height: 10px;\"><\/div>Fue un hombre de negocios. A trav\u00e9s de su profesi\u00f3n de <strong>colector de impuestos<\/strong>, se convirti\u00f3 en un banquero privado y se enriqueci\u00f3 muy r\u00e1pido. Adquiri\u00f3 el fuerte de Bonrepos, ubicado alrededor de Tolosa, y se convirti\u00f3 en el <strong>bar\u00f3n o se\u00f1or de Bonrepos<\/strong>. Invirti\u00f3 en muchos proyectos pero uno en particular lo volvi\u00f3 famoso, la construcci\u00f3n del<strong> Canal du Midi<\/strong><\/p>\n<div class=\"gap\" style=\"line-height: 10px; height: 10px;\"><\/div>En 1637, Pierre Paul Riquet se cas\u00f3 con Catherine de Milhaud, y tuvieron cinco hijos : Jean-Mathias, Pierre-Paul, Catherine, Marthe y Anne Riquet[\/vc_column_text][vc_empty_space height=\u00bb10px\u00bb][vc_empty_space height=\u00bb10px\u00bb][vc_column_text]<\/p>\n<h3>El proyecto de una vida<\/h3>\n<p>[\/vc_column_text][vc_empty_space height=\u00bb10px\u00bb][vc_empty_space height=\u00bb10px\u00bb][vc_column_text]En su profesi\u00f3n de colector de los impuestos, el mayor problema de Pierre Paul Riquet fue el <strong>transporte de materiales<\/strong> entre Tolosa y el mar Mediterr\u00e1aneo. Las carreteras estaban en mal estado, y la creaci\u00f3n de una ruta del fluido parec\u00eda prometedora, a la vez para el Pa\u00eds y para sus asuntos personales. Lo vi\u00f3 como un medio de <strong>vender y transportar<\/strong> m\u00e1s sencillamente la sal<\/p>\n<div class=\"gap\" style=\"line-height: 10px; height: 10px;\"><\/div>Elabor\u00f3 su proyecto y decidi\u00f3 presentarlo al <strong>Rey Louis XIV<\/strong> y su primer ministro, poniendo de relieve su inter\u00e9s econ\u00f3mico y estrat\u00e9gico. Por eso, us\u00f3 de sus relaciones con el arzobispo de Tolosa, Monseigneur d\u2019Anglure de Bourlemot, qui\u00e9n era el presidente provisional del estado de Languedoc y un pr\u00f3ximo de <strong>Colbert<\/strong>. Le invit\u00f3 a su castillo en Bonrepos y le present\u00f3 la maqueta de su proyecto para el Canal du Midi. Convencido, el arzobispo incit\u00f3 a Colbert a encontrarse con Riquet. Interesado tambi\u00e9n por el proyecto, lo aprob\u00f3 con el Rey y el estado financi\u00f3 los estudios de viabilidad del proyecto, que duraron dos a\u00f1os<\/p>\n<div class=\"gap\" style=\"line-height: 10px; height: 10px;\"><\/div>Las obras iniciaron en <strong>1667<\/strong> mientras Paul Riquet ten\u00eda 57 a\u00f1os. El presupuesto de la realizaci\u00f3n del Canal se estimaba entre 17 y 18 millones de libras en aquel momento, lo que hace del trabajo la segunda obra del reino, al mismo tiempo que la construcci\u00f3n del Ch\u00e2teau de Versailles. Pierre Paul Riquet invirti\u00f3 su riqueza personal, al menos dos millones de libras, y se endeud\u00f3 con el fin de financiar la construcci\u00f3n. Esper\u00f3 recuperar una fuente de financiaci\u00f3n en la percepci\u00f3n de los derechos de peaje del Canal<\/p>\n<div class=\"gap\" style=\"line-height: 10px; height: 10px;\"><\/div>La intrepidez de Pierre Paul Riquet no fue \u00fanicamente t\u00e9cnica. Su gesti\u00f3n de miles de obreros implicados en la construcci\u00f3n del Canal fue indicio de un <strong>vanguardismo social<\/strong>. En efecto, para retener y hacer trabajar m\u00e1s r\u00e1pidamente a sus <strong>12 000 empleados<\/strong>, Pierre Paul Riquet puso en marcha, y por primera vez en Francia, una <strong>retribuci\u00f3n mensual<\/strong>, y un sistema precursor de la <strong>seguridad social<\/strong>. As\u00ed, d\u00edas de lluv\u00eda o de enfermedad grave, cuando el trabajo era imposible, los empleados recib\u00edan a pesar de todo su pago<\/p>\n<div class=\"gap\" style=\"line-height: 10px; height: 10px;\"><\/div>Pierre Paul Riquet <strong>falleci\u00f3 en octubre de 1680<\/strong>, s\u00f3lo ocho meses antes del acabado del Canal, y son sus hijos los que tomaron el relevo hasta su t\u00e9rmino, grabando el nombre \u201c<strong>Riquet<\/strong>\u201d en la historia de Francia[\/vc_column_text][vc_empty_space height=\u00bb15px\u00bb][vc_column_text]<\/p>\n<h3>Riquet en Paraza<\/h3>\n<p>[\/vc_column_text][vc_empty_space height=\u00bb10px\u00bb][vc_column_text]Le <strong>ch\u00e2teau de Paraza<\/strong> todav\u00eda lleva en s\u00ed la memoria del trabajo de la familia Riquet en su tierra. En 1620, el castillo acogi\u00f3 al padre de Pierre-Paul y durante la construcci\u00f3n del Canal du Midi, fue <strong>Pierre-Paul Riquet quien vivi\u00f3 en el castillo<\/strong> para supervisar las obras. Se qued\u00f3 aqu\u00ed durante muchos a\u00f1os, y en se\u00f1al de su agradecimiento por la hospitalidad de su anfitri\u00f3n, favoreci\u00f3 un matrimonio entre su hija y el hijo del propietario del castillo, el Se\u00f1or de Jougla. Construy\u00f3 tambi\u00e9n una <strong>enfilada de siete terrazas que bajan hasta el canal du Midi<\/strong>, donde fueron ordenados hermosos jardines colgantes<\/p>\n<div class=\"gap\" style=\"line-height: 10px; height: 10px;\"><\/div>Hoy en d\u00eda, gracias al aliento dado por la familia Danglas, el castillo ofrece a sus visitantes no s\u00f3lo la posibilidad de seguir las pisadas del ingeniero, sino tambi\u00e9n dormir en sus s\u00e1banas. La suite de Riquet y cuatros otros cuartos est\u00e1n disponibles,<span style=\"font-weight: 400;\"> como pueden verlos haciendo click <a href=\"https:\/\/www.chateau-de-paraza.com\/es\/habitaciones-de-huespedes\/descubren-nuestras-suites\/\" target=\"_blank\" rel=\"noopener noreferrer\">aqu\u00ed<\/a><\/span>[\/vc_column_text][vc_empty_space height=\u00bb25px\u00bb]<div class=\"hr-thin style-line\" style=\"width: 100%;\"><\/div>[\/vc_column][\/vc_row][vc_row][vc_column][vc_btn title=\u00bbDescubrir nuestras experiencias\u00bb size=\u00bblg\u00bb align=\u00bbcenter\u00bb button_block=\u00bbtrue\u00bb link=\u00bburl:https%3A%2F%2Fwww.chateau-de-paraza.com%2Fes%2Fexperiencias-actividades-degustacion-visita-enoturismo%2F|title:Le%20Canal%20du%20Midi\u00bb][\/vc_column][\/vc_row]<\/p>\n<\/div>","protected":false},"excerpt":{"rendered":"<p>[vc_row][vc_column][vc_column_text] Pierre-Paul Riquet [\/vc_column_text][vc_empty_space height=\u00bb25px\u00bb][vc_column_text]Pierre Paul Riquet, bar\u00f3n de Bonrepos, conocido como colector de impuestos de sal (les Gabelles) y empresario franc\u00e9s, es, antes que todo, reputado por la construcci\u00f3n del Canal du Midi[\/vc_column_text][vc_empty_space height=\u00bb10px\u00bb][vc_empty_space height=\u00bb10px\u00bb][\/vc_column][\/vc_row][vc_row][vc_column][vc_single_image image=\u00bb5684&#8243; img_size=\u00bblarge\u00bb alignment=\u00bbcenter\u00bb][vc_empty_space][\/vc_column][\/vc_row][vc_row][vc_column][vc_column_text] Un hombre rico y ambicioso [\/vc_column_text][vc_empty_space height=\u00bb10px\u00bb][vc_column_text]Naci\u00f3 probablemente el 29 junio de 1609 en B\u00e9ziers, y&hellip;<\/p>\n","protected":false},"author":2,"featured_media":0,"parent":0,"menu_order":0,"comment_status":"closed","ping_status":"closed","template":"","meta":[],"yoast_head":"<!-- This site is optimized with the Yoast SEO plugin v21.8.1 - https:\/\/yoast.com\/wordpress\/plugins\/seo\/ -->\n<title>Pierre-Paul Riquet - Ch\u00e2teau de Paraza<\/title>\n<meta name=\"description\" content=\"Pierre-Paul Riquet Pierre Paul Riquet, bar\u00f3n de Bonrepos, conocido como colector de impuestos de sal (les Gabelles) y empresario franc\u00e9s, es, antes que\" \/>\n<meta name=\"robots\" content=\"index, follow, max-snippet:-1, max-image-preview:large, max-video-preview:-1\" \/>\n<link rel=\"canonical\" href=\"https:\/\/www.chateau-de-paraza.com\/pierre-paul-riquet\/\" \/>\n<meta property=\"og:locale\" content=\"es_ES\" \/>\n<meta property=\"og:type\" content=\"article\" \/>\n<meta property=\"og:title\" content=\"Pierre-Paul Riquet - Ch\u00e2teau de Paraza\" \/>\n<meta property=\"og:description\" content=\"Pierre-Paul Riquet Pierre Paul Riquet, bar\u00f3n de Bonrepos, conocido como colector de impuestos de sal (les Gabelles) y empresario franc\u00e9s, es, antes que\" \/>\n<meta property=\"og:url\" content=\"https:\/\/www.chateau-de-paraza.com\/pierre-paul-riquet\/\" \/>\n<meta property=\"og:site_name\" content=\"Ch\u00e2teau de Paraza\" \/>\n<meta property=\"article:publisher\" content=\"https:\/\/www.facebook.com\/chateaudeparaza\" \/>\n<meta property=\"article:modified_time\" content=\"2022-04-13T09:47:06+00:00\" \/>\n<meta name=\"twitter:card\" content=\"summary_large_image\" \/>\n<meta name=\"twitter:site\" content=\"@ChateauDeParaza\" \/>\n<meta name=\"twitter:label1\" content=\"Tiempo de lectura\" \/>\n\t<meta name=\"twitter:data1\" content=\"5 minutos\" \/>\n<script type=\"application\/ld+json\" class=\"yoast-schema-graph\">{\"@context\":\"https:\/\/schema.org\",\"@graph\":[{\"@type\":\"WebPage\",\"@id\":\"https:\/\/www.chateau-de-paraza.com\/pierre-paul-riquet\/\",\"url\":\"https:\/\/www.chateau-de-paraza.com\/pierre-paul-riquet\/\",\"name\":\"Pierre-Paul Riquet - Ch\u00e2teau de Paraza\",\"isPartOf\":{\"@id\":\"https:\/\/www.chateau-de-paraza.com\/#website\"},\"datePublished\":\"2021-04-26T08:02:02+00:00\",\"dateModified\":\"2022-04-13T09:47:06+00:00\",\"description\":\"Pierre-Paul Riquet Pierre Paul Riquet, bar\u00f3n de Bonrepos, conocido como colector de impuestos de sal (les Gabelles) y empresario franc\u00e9s, es, antes que\",\"breadcrumb\":{\"@id\":\"https:\/\/www.chateau-de-paraza.com\/pierre-paul-riquet\/#breadcrumb\"},\"inLanguage\":\"es\",\"potentialAction\":[{\"@type\":\"ReadAction\",\"target\":[\"https:\/\/www.chateau-de-paraza.com\/pierre-paul-riquet\/\"]}]},{\"@type\":\"BreadcrumbList\",\"@id\":\"https:\/\/www.chateau-de-paraza.com\/pierre-paul-riquet\/#breadcrumb\",\"itemListElement\":[{\"@type\":\"ListItem\",\"position\":1,\"name\":\"Accueil\",\"item\":\"https:\/\/www.chateau-de-paraza.com\/es\/\"},{\"@type\":\"ListItem\",\"position\":2,\"name\":\"Pierre-Paul Riquet\"}]},{\"@type\":\"WebSite\",\"@id\":\"https:\/\/www.chateau-de-paraza.com\/#website\",\"url\":\"https:\/\/www.chateau-de-paraza.com\/\",\"name\":\"Ch\u00e2teau de Paraza\",\"description\":\"Site web du Ch\u00e2teau de Paraza\",\"potentialAction\":[{\"@type\":\"SearchAction\",\"target\":{\"@type\":\"EntryPoint\",\"urlTemplate\":\"https:\/\/www.chateau-de-paraza.com\/?s={search_term_string}\"},\"query-input\":\"required name=search_term_string\"}],\"inLanguage\":\"es\"}]}<\/script>\n<!-- \/ Yoast SEO plugin. -->","yoast_head_json":{"title":"Pierre-Paul Riquet - Ch\u00e2teau de Paraza","description":"Pierre-Paul Riquet Pierre Paul Riquet, bar\u00f3n de Bonrepos, conocido como colector de impuestos de sal (les Gabelles) y empresario franc\u00e9s, es, antes que","robots":{"index":"index","follow":"follow","max-snippet":"max-snippet:-1","max-image-preview":"max-image-preview:large","max-video-preview":"max-video-preview:-1"},"canonical":"https:\/\/www.chateau-de-paraza.com\/pierre-paul-riquet\/","og_locale":"es_ES","og_type":"article","og_title":"Pierre-Paul Riquet - Ch\u00e2teau de Paraza","og_description":"Pierre-Paul Riquet Pierre Paul Riquet, bar\u00f3n de Bonrepos, conocido como colector de impuestos de sal (les Gabelles) y empresario franc\u00e9s, es, antes que","og_url":"https:\/\/www.chateau-de-paraza.com\/pierre-paul-riquet\/","og_site_name":"Ch\u00e2teau de Paraza","article_publisher":"https:\/\/www.facebook.com\/chateaudeparaza","article_modified_time":"2022-04-13T09:47:06+00:00","twitter_card":"summary_large_image","twitter_site":"@ChateauDeParaza","twitter_misc":{"Tiempo de lectura":"5 minutos"},"schema":{"@context":"https:\/\/schema.org","@graph":[{"@type":"WebPage","@id":"https:\/\/www.chateau-de-paraza.com\/pierre-paul-riquet\/","url":"https:\/\/www.chateau-de-paraza.com\/pierre-paul-riquet\/","name":"Pierre-Paul Riquet - Ch\u00e2teau de Paraza","isPartOf":{"@id":"https:\/\/www.chateau-de-paraza.com\/#website"},"datePublished":"2021-04-26T08:02:02+00:00","dateModified":"2022-04-13T09:47:06+00:00","description":"Pierre-Paul Riquet Pierre Paul Riquet, bar\u00f3n de Bonrepos, conocido como colector de impuestos de sal (les Gabelles) y empresario franc\u00e9s, es, antes que","breadcrumb":{"@id":"https:\/\/www.chateau-de-paraza.com\/pierre-paul-riquet\/#breadcrumb"},"inLanguage":"es","potentialAction":[{"@type":"ReadAction","target":["https:\/\/www.chateau-de-paraza.com\/pierre-paul-riquet\/"]}]},{"@type":"BreadcrumbList","@id":"https:\/\/www.chateau-de-paraza.com\/pierre-paul-riquet\/#breadcrumb","itemListElement":[{"@type":"ListItem","position":1,"name":"Accueil","item":"https:\/\/www.chateau-de-paraza.com\/es\/"},{"@type":"ListItem","position":2,"name":"Pierre-Paul Riquet"}]},{"@type":"WebSite","@id":"https:\/\/www.chateau-de-paraza.com\/#website","url":"https:\/\/www.chateau-de-paraza.com\/","name":"Ch\u00e2teau de Paraza","description":"Site web du Ch\u00e2teau de Paraza","potentialAction":[{"@type":"SearchAction","target":{"@type":"EntryPoint","urlTemplate":"https:\/\/www.chateau-de-paraza.com\/?s={search_term_string}"},"query-input":"required name=search_term_string"}],"inLanguage":"es"}]}},"_links":{"self":[{"href":"https:\/\/www.chateau-de-paraza.com\/es\/wp-json\/wp\/v2\/pages\/6430"}],"collection":[{"href":"https:\/\/www.chateau-de-paraza.com\/es\/wp-json\/wp\/v2\/pages"}],"about":[{"href":"https:\/\/www.chateau-de-paraza.com\/es\/wp-json\/wp\/v2\/types\/page"}],"author":[{"embeddable":true,"href":"https:\/\/www.chateau-de-paraza.com\/es\/wp-json\/wp\/v2\/users\/2"}],"replies":[{"embeddable":true,"href":"https:\/\/www.chateau-de-paraza.com\/es\/wp-json\/wp\/v2\/comments?post=6430"}],"version-history":[{"count":4,"href":"https:\/\/www.chateau-de-paraza.com\/es\/wp-json\/wp\/v2\/pages\/6430\/revisions"}],"predecessor-version":[{"id":7730,"href":"https:\/\/www.chateau-de-paraza.com\/es\/wp-json\/wp\/v2\/pages\/6430\/revisions\/7730"}],"wp:attachment":[{"href":"https:\/\/www.chateau-de-paraza.com\/es\/wp-json\/wp\/v2\/media?parent=6430"}],"curies":[{"name":"wp","href":"https:\/\/api.w.org\/{rel}","templated":true}]}}