{"id":6012,"date":"2021-06-20T18:48:33","date_gmt":"2021-06-20T17:48:33","guid":{"rendered":"https:\/\/www.chateau-de-paraza.com\/?page_id=6012"},"modified":"2021-10-12T10:36:55","modified_gmt":"2021-10-12T09:36:55","slug":"escape-game-etape-3","status":"publish","type":"page","link":"https:\/\/www.chateau-de-paraza.com\/es\/escape-game-etape-3\/","title":{"rendered":"[Escape Game] Etape 3 &#8211; Le ch\u00e2teau"},"content":{"rendered":"<div class=\"wpb-content-wrapper\"><p>[vc_row][vc_column width=\u00bb1\/2&#8243;][vc_single_image image=\u00bb6042&#8243; img_size=\u00bbfull\u00bb][vc_empty_space][vc_column_text]<\/p>\n<h5>Je vous invite \u00e0 d\u00e9couvrir ma demeure secondaire lorsque je suis \u00e0 Paraza\u00a0: <strong>le Ch\u00e2teau de Paraza.<\/strong><\/h5>\n<p>Je suis h\u00e9berg\u00e9 dans le ch\u00e2teau du baron Andre Jougla de Paraza durant six ans.\u00a0Louis XIV\u00a0y a \u00e9galement s\u00e9journ\u00e9 lors de sa visite pour constater de visu l&#8217;\u00e9volution des travaux et inaugurer le \u00abcanal du Roi\u00bb ou \u00abcanal de l&#8217;Entre-deux-Mers\u00bb ou encore aujourd&#8217;hui \u00ab\u00a0Canal du Midi\u00a0\u00bb. Pour le remercier de son hospitalit\u00e9, il donna l&#8217;ordre de faire construire sept terrasses descendant du ch\u00e2teau au canal.[\/vc_column_text][vc_empty_space height=\u00bb15px\u00bb][\/vc_column][vc_column width=\u00bb1\/2&#8243; css=\u00bb.vc_custom_1624204764956{border-left-width: 1px !important;border-left-style: solid !important;}\u00bb][vc_column_text]<\/p>\n<h3><strong>EPREUVE 3<\/strong><\/h3>\n<p>Se rendre sous la vo\u00fbte o\u00f9 sont expos\u00e9s le portrait de Riquet et d\u2019autres documents\u2026<\/p>\n<h5>Pour passer \u00e0 l&#8217;\u00e9tape 4, trouvez la somme de : l&#8217;ann\u00e9e de l\u2019entr\u00e9e de Delamarre \u00e0 l\u2019Acad\u00e9mie Royale + l&#8217;ann\u00e9e de la mort de PP Riquet + le nombre de terrasses que Riquet fit construire en remerciement de son h\u00e9bergement au Ch\u00e2teau de Paraza<\/h5>\n<p>[\/vc_column_text][vc_tta_accordion shape=\u00bbsquare\u00bb active_section=\u00bbnon-existing number\u00bb collapsible_all=\u00bbtrue\u00bb][vc_tta_section title=\u00bbVoir la r\u00e9ponse de l&#8217;\u00e9preuve 3&#8243; tab_id=\u00bb1624204625596-ef4bd572-0892&#8243;][vc_column_text]Ann\u00e9e d\u2019entr\u00e9e \u00e0 l\u2019Acad\u00e9mie Royale = 1677<\/p>\n<p>Ann\u00e9e de la mort de Riquet = 1680<\/p>\n<p>Nombre de terrasses\u00a0 =\u00a0 7<\/p>\n<p><strong>TOTAL = 3364<\/strong>[\/vc_column_text][\/vc_tta_section][\/vc_tta_accordion][vc_row_inner][vc_column_inner width=\u00bb1\/2&#8243;][vc_btn title=\u00bbRetour \u00e0 l&#8217;\u00e9tape 2&#8243; shape=\u00bbsquare\u00bb size=\u00bbxs\u00bb align=\u00bbcenter\u00bb button_block=\u00bbtrue\u00bb link=\u00bburl:https%3A%2F%2Fwww.chateau-de-paraza.com%2Fescape-game-etape-2%2F|title:%5BEscape%20Game%5D%20Etape%202%20%E2%80%93%20L%E2%80%99Eglise||\u00bb][\/vc_column_inner][vc_column_inner width=\u00bb1\/2&#8243;][vc_btn title=\u00bbPasser \u00e0 la suite\u00bb shape=\u00bbsquare\u00bb size=\u00bbxs\u00bb align=\u00bbcenter\u00bb button_block=\u00bbtrue\u00bb link=\u00bburl:https%3A%2F%2Fwww.chateau-de-paraza.com%2Fescape-game-felicitations%2F|title:Exp%C3%A9riences\u00bb][\/vc_column_inner][\/vc_row_inner][\/vc_column][\/vc_row]<\/p>\n<\/div>","protected":false},"excerpt":{"rendered":"<p>[vc_row][vc_column width=\u00bb1\/2&#8243;][vc_single_image image=\u00bb6042&#8243; img_size=\u00bbfull\u00bb][vc_empty_space][vc_column_text] Je vous invite \u00e0 d\u00e9couvrir ma demeure secondaire lorsque je suis \u00e0 Paraza\u00a0: le Ch\u00e2teau de Paraza. Je suis h\u00e9berg\u00e9 dans le ch\u00e2teau du baron Andre Jougla de Paraza durant six ans.\u00a0Louis XIV\u00a0y a \u00e9galement s\u00e9journ\u00e9 lors de sa visite pour constater de visu l&#8217;\u00e9volution des travaux et inaugurer le \u00abcanal&hellip;<\/p>\n","protected":false},"author":2,"featured_media":0,"parent":0,"menu_order":0,"comment_status":"closed","ping_status":"closed","template":"","meta":[],"yoast_head":"<!-- This site is optimized with the Yoast SEO plugin v21.8.1 - https:\/\/yoast.com\/wordpress\/plugins\/seo\/ -->\n<title>Dans la peau de Paul Riquet - Etape 3 - Ch\u00e2teau de Paraza<\/title>\n<meta name=\"description\" content=\"Je vous invite \u00e0 d\u00e9couvrir ma demeure secondaire lorsque je suis \u00e0 Paraza\u00a0: le Ch\u00e2teau de Paraza.\" \/>\n<meta name=\"robots\" content=\"index, follow, max-snippet:-1, max-image-preview:large, max-video-preview:-1\" \/>\n<link rel=\"canonical\" href=\"https:\/\/www.chateau-de-paraza.com\/escape-game-etape-3\/\" \/>\n<meta property=\"og:locale\" content=\"es_ES\" \/>\n<meta property=\"og:type\" content=\"article\" \/>\n<meta property=\"og:title\" content=\"Dans la peau de Paul Riquet - Etape 3 - Ch\u00e2teau de Paraza\" \/>\n<meta property=\"og:description\" content=\"Je vous invite \u00e0 d\u00e9couvrir ma demeure secondaire lorsque je suis \u00e0 Paraza\u00a0: le Ch\u00e2teau de Paraza.\" \/>\n<meta property=\"og:url\" content=\"https:\/\/www.chateau-de-paraza.com\/escape-game-etape-3\/\" \/>\n<meta property=\"og:site_name\" content=\"Ch\u00e2teau de Paraza\" \/>\n<meta property=\"article:publisher\" content=\"https:\/\/www.facebook.com\/chateaudeparaza\" \/>\n<meta property=\"article:modified_time\" content=\"2021-10-12T09:36:55+00:00\" \/>\n<meta name=\"twitter:card\" content=\"summary_large_image\" \/>\n<meta name=\"twitter:site\" content=\"@ChateauDeParaza\" \/>\n<meta name=\"twitter:label1\" content=\"Tiempo de lectura\" \/>\n\t<meta name=\"twitter:data1\" content=\"2 minutos\" \/>\n<script type=\"application\/ld+json\" class=\"yoast-schema-graph\">{\"@context\":\"https:\/\/schema.org\",\"@graph\":[{\"@type\":\"WebPage\",\"@id\":\"https:\/\/www.chateau-de-paraza.com\/escape-game-etape-3\/\",\"url\":\"https:\/\/www.chateau-de-paraza.com\/escape-game-etape-3\/\",\"name\":\"Dans la peau de Paul Riquet - Etape 3 - Ch\u00e2teau de Paraza\",\"isPartOf\":{\"@id\":\"https:\/\/www.chateau-de-paraza.com\/#website\"},\"datePublished\":\"2021-06-20T17:48:33+00:00\",\"dateModified\":\"2021-10-12T09:36:55+00:00\",\"description\":\"Je vous invite \u00e0 d\u00e9couvrir ma demeure secondaire lorsque je suis \u00e0 Paraza\u00a0: le Ch\u00e2teau de Paraza.\",\"breadcrumb\":{\"@id\":\"https:\/\/www.chateau-de-paraza.com\/escape-game-etape-3\/#breadcrumb\"},\"inLanguage\":\"es\",\"potentialAction\":[{\"@type\":\"ReadAction\",\"target\":[\"https:\/\/www.chateau-de-paraza.com\/escape-game-etape-3\/\"]}]},{\"@type\":\"BreadcrumbList\",\"@id\":\"https:\/\/www.chateau-de-paraza.com\/escape-game-etape-3\/#breadcrumb\",\"itemListElement\":[{\"@type\":\"ListItem\",\"position\":1,\"name\":\"Accueil\",\"item\":\"https:\/\/www.chateau-de-paraza.com\/es\/\"},{\"@type\":\"ListItem\",\"position\":2,\"name\":\"[Escape Game] Etape 3 &#8211; Le ch\u00e2teau\"}]},{\"@type\":\"WebSite\",\"@id\":\"https:\/\/www.chateau-de-paraza.com\/#website\",\"url\":\"https:\/\/www.chateau-de-paraza.com\/\",\"name\":\"Ch\u00e2teau de Paraza\",\"description\":\"Site web du Ch\u00e2teau de Paraza\",\"potentialAction\":[{\"@type\":\"SearchAction\",\"target\":{\"@type\":\"EntryPoint\",\"urlTemplate\":\"https:\/\/www.chateau-de-paraza.com\/?s={search_term_string}\"},\"query-input\":\"required name=search_term_string\"}],\"inLanguage\":\"es\"}]}<\/script>\n<!-- \/ Yoast SEO plugin. -->","yoast_head_json":{"title":"Dans la peau de Paul Riquet - Etape 3 - Ch\u00e2teau de Paraza","description":"Je vous invite \u00e0 d\u00e9couvrir ma demeure secondaire lorsque je suis \u00e0 Paraza\u00a0: le Ch\u00e2teau de Paraza.","robots":{"index":"index","follow":"follow","max-snippet":"max-snippet:-1","max-image-preview":"max-image-preview:large","max-video-preview":"max-video-preview:-1"},"canonical":"https:\/\/www.chateau-de-paraza.com\/escape-game-etape-3\/","og_locale":"es_ES","og_type":"article","og_title":"Dans la peau de Paul Riquet - Etape 3 - Ch\u00e2teau de Paraza","og_description":"Je vous invite \u00e0 d\u00e9couvrir ma demeure secondaire lorsque je suis \u00e0 Paraza\u00a0: le Ch\u00e2teau de Paraza.","og_url":"https:\/\/www.chateau-de-paraza.com\/escape-game-etape-3\/","og_site_name":"Ch\u00e2teau de Paraza","article_publisher":"https:\/\/www.facebook.com\/chateaudeparaza","article_modified_time":"2021-10-12T09:36:55+00:00","twitter_card":"summary_large_image","twitter_site":"@ChateauDeParaza","twitter_misc":{"Tiempo de lectura":"2 minutos"},"schema":{"@context":"https:\/\/schema.org","@graph":[{"@type":"WebPage","@id":"https:\/\/www.chateau-de-paraza.com\/escape-game-etape-3\/","url":"https:\/\/www.chateau-de-paraza.com\/escape-game-etape-3\/","name":"Dans la peau de Paul Riquet - Etape 3 - Ch\u00e2teau de Paraza","isPartOf":{"@id":"https:\/\/www.chateau-de-paraza.com\/#website"},"datePublished":"2021-06-20T17:48:33+00:00","dateModified":"2021-10-12T09:36:55+00:00","description":"Je vous invite \u00e0 d\u00e9couvrir ma demeure secondaire lorsque je suis \u00e0 Paraza\u00a0: le Ch\u00e2teau de Paraza.","breadcrumb":{"@id":"https:\/\/www.chateau-de-paraza.com\/escape-game-etape-3\/#breadcrumb"},"inLanguage":"es","potentialAction":[{"@type":"ReadAction","target":["https:\/\/www.chateau-de-paraza.com\/escape-game-etape-3\/"]}]},{"@type":"BreadcrumbList","@id":"https:\/\/www.chateau-de-paraza.com\/escape-game-etape-3\/#breadcrumb","itemListElement":[{"@type":"ListItem","position":1,"name":"Accueil","item":"https:\/\/www.chateau-de-paraza.com\/es\/"},{"@type":"ListItem","position":2,"name":"[Escape Game] Etape 3 &#8211; Le ch\u00e2teau"}]},{"@type":"WebSite","@id":"https:\/\/www.chateau-de-paraza.com\/#website","url":"https:\/\/www.chateau-de-paraza.com\/","name":"Ch\u00e2teau de Paraza","description":"Site web du Ch\u00e2teau de Paraza","potentialAction":[{"@type":"SearchAction","target":{"@type":"EntryPoint","urlTemplate":"https:\/\/www.chateau-de-paraza.com\/?s={search_term_string}"},"query-input":"required name=search_term_string"}],"inLanguage":"es"}]}},"_links":{"self":[{"href":"https:\/\/www.chateau-de-paraza.com\/es\/wp-json\/wp\/v2\/pages\/6012"}],"collection":[{"href":"https:\/\/www.chateau-de-paraza.com\/es\/wp-json\/wp\/v2\/pages"}],"about":[{"href":"https:\/\/www.chateau-de-paraza.com\/es\/wp-json\/wp\/v2\/types\/page"}],"author":[{"embeddable":true,"href":"https:\/\/www.chateau-de-paraza.com\/es\/wp-json\/wp\/v2\/users\/2"}],"replies":[{"embeddable":true,"href":"https:\/\/www.chateau-de-paraza.com\/es\/wp-json\/wp\/v2\/comments?post=6012"}],"version-history":[{"count":10,"href":"https:\/\/www.chateau-de-paraza.com\/es\/wp-json\/wp\/v2\/pages\/6012\/revisions"}],"predecessor-version":[{"id":6242,"href":"https:\/\/www.chateau-de-paraza.com\/es\/wp-json\/wp\/v2\/pages\/6012\/revisions\/6242"}],"wp:attachment":[{"href":"https:\/\/www.chateau-de-paraza.com\/es\/wp-json\/wp\/v2\/media?parent=6012"}],"curies":[{"name":"wp","href":"https:\/\/api.w.org\/{rel}","templated":true}]}}