{"id":2876,"date":"2017-07-27T17:29:59","date_gmt":"2017-07-27T16:29:59","guid":{"rendered":"https:\/\/www.chateau-de-paraza.com\/es\/?page_id=2876"},"modified":"2017-07-27T17:29:59","modified_gmt":"2017-07-27T16:29:59","slug":"su-cesta","status":"publish","type":"page","link":"https:\/\/www.chateau-de-paraza.com\/es\/su-cesta\/","title":{"rendered":"Su cesta"},"content":{"rendered":"\n<h3>Entrega<\/h3>\n<p><strong>France<\/strong><br \/>\nDurante m\u00e1s de 60 botellas orden : <a href=\"http:\/\/chateau-de-paraza.com\/contact\/\">Cont\u00e1ctenos<\/a><\/p>\n<p><strong>Europe<\/strong><br \/>\nDurante m\u00e1s de 36 botellas orden : <a href=\"http:\/\/chateau-de-paraza.com\/contact\/\">Cont\u00e1ctenos<\/a><\/p>\n<p><strong>Export<\/strong><br \/>\nPor pedido de exportaci\u00f3n <a href=\"http:\/\/chateau-de-paraza.com\/contact\/\">cont\u00e1ctenos<\/a><\/p>\n<p>&nbsp;<\/p>\n","protected":false},"excerpt":{"rendered":"<p>Entrega France Durante m\u00e1s de 60 botellas orden : Cont\u00e1ctenos Europe Durante m\u00e1s de 36 botellas orden : Cont\u00e1ctenos Export Por pedido de exportaci\u00f3n cont\u00e1ctenos &nbsp;<\/p>\n","protected":false},"author":1,"featured_media":0,"parent":0,"menu_order":0,"comment_status":"closed","ping_status":"closed","template":"","meta":[],"yoast_head":"<!-- This site is optimized with the Yoast SEO plugin v21.8.1 - https:\/\/yoast.com\/wordpress\/plugins\/seo\/ -->\n<title>Su cesta - Ch\u00e2teau de Paraza<\/title>\n<meta name=\"description\" content=\"Entrega France Durante m\u00e1s de 60 botellas orden : Cont\u00e1ctenos Europe Durante m\u00e1s de 36 botellas orden : Cont\u00e1ctenos Export Por pedido de exportaci\u00f3n\" \/>\n<meta name=\"robots\" content=\"index, follow, max-snippet:-1, max-image-preview:large, max-video-preview:-1\" \/>\n<link rel=\"canonical\" href=\"https:\/\/www.chateau-de-paraza.com\/panier\/\" \/>\n<meta property=\"og:locale\" content=\"es_ES\" \/>\n<meta property=\"og:type\" content=\"article\" \/>\n<meta property=\"og:title\" content=\"Su cesta - Ch\u00e2teau de Paraza\" \/>\n<meta property=\"og:description\" content=\"Entrega France Durante m\u00e1s de 60 botellas orden : Cont\u00e1ctenos Europe Durante m\u00e1s de 36 botellas orden : Cont\u00e1ctenos Export Por pedido de exportaci\u00f3n\" \/>\n<meta property=\"og:url\" content=\"https:\/\/www.chateau-de-paraza.com\/panier\/\" \/>\n<meta property=\"og:site_name\" content=\"Ch\u00e2teau de Paraza\" \/>\n<meta property=\"article:publisher\" content=\"https:\/\/www.facebook.com\/chateaudeparaza\" \/>\n<meta name=\"twitter:card\" content=\"summary_large_image\" \/>\n<meta name=\"twitter:site\" content=\"@ChateauDeParaza\" \/>\n<script type=\"application\/ld+json\" class=\"yoast-schema-graph\">{\"@context\":\"https:\/\/schema.org\",\"@graph\":[{\"@type\":\"WebPage\",\"@id\":\"https:\/\/www.chateau-de-paraza.com\/panier\/\",\"url\":\"https:\/\/www.chateau-de-paraza.com\/panier\/\",\"name\":\"Su cesta - Ch\u00e2teau de Paraza\",\"isPartOf\":{\"@id\":\"https:\/\/www.chateau-de-paraza.com\/#website\"},\"datePublished\":\"2017-07-27T16:29:59+00:00\",\"dateModified\":\"2017-07-27T16:29:59+00:00\",\"description\":\"Entrega France Durante m\u00e1s de 60 botellas orden : Cont\u00e1ctenos Europe Durante m\u00e1s de 36 botellas orden : Cont\u00e1ctenos Export Por pedido de exportaci\u00f3n\",\"breadcrumb\":{\"@id\":\"https:\/\/www.chateau-de-paraza.com\/panier\/#breadcrumb\"},\"inLanguage\":\"es\",\"potentialAction\":[{\"@type\":\"ReadAction\",\"target\":[\"https:\/\/www.chateau-de-paraza.com\/panier\/\"]}]},{\"@type\":\"BreadcrumbList\",\"@id\":\"https:\/\/www.chateau-de-paraza.com\/panier\/#breadcrumb\",\"itemListElement\":[{\"@type\":\"ListItem\",\"position\":1,\"name\":\"Accueil\",\"item\":\"https:\/\/www.chateau-de-paraza.com\/es\/\"},{\"@type\":\"ListItem\",\"position\":2,\"name\":\"Su cesta\"}]},{\"@type\":\"WebSite\",\"@id\":\"https:\/\/www.chateau-de-paraza.com\/#website\",\"url\":\"https:\/\/www.chateau-de-paraza.com\/\",\"name\":\"Ch\u00e2teau de Paraza\",\"description\":\"Site web du Ch\u00e2teau de Paraza\",\"potentialAction\":[{\"@type\":\"SearchAction\",\"target\":{\"@type\":\"EntryPoint\",\"urlTemplate\":\"https:\/\/www.chateau-de-paraza.com\/?s={search_term_string}\"},\"query-input\":\"required name=search_term_string\"}],\"inLanguage\":\"es\"}]}<\/script>\n<!-- \/ Yoast SEO plugin. -->","yoast_head_json":{"title":"Su cesta - Ch\u00e2teau de Paraza","description":"Entrega France Durante m\u00e1s de 60 botellas orden : Cont\u00e1ctenos Europe Durante m\u00e1s de 36 botellas orden : Cont\u00e1ctenos Export Por pedido de exportaci\u00f3n","robots":{"index":"index","follow":"follow","max-snippet":"max-snippet:-1","max-image-preview":"max-image-preview:large","max-video-preview":"max-video-preview:-1"},"canonical":"https:\/\/www.chateau-de-paraza.com\/panier\/","og_locale":"es_ES","og_type":"article","og_title":"Su cesta - Ch\u00e2teau de Paraza","og_description":"Entrega France Durante m\u00e1s de 60 botellas orden : Cont\u00e1ctenos Europe Durante m\u00e1s de 36 botellas orden : Cont\u00e1ctenos Export Por pedido de exportaci\u00f3n","og_url":"https:\/\/www.chateau-de-paraza.com\/panier\/","og_site_name":"Ch\u00e2teau de Paraza","article_publisher":"https:\/\/www.facebook.com\/chateaudeparaza","twitter_card":"summary_large_image","twitter_site":"@ChateauDeParaza","schema":{"@context":"https:\/\/schema.org","@graph":[{"@type":"WebPage","@id":"https:\/\/www.chateau-de-paraza.com\/panier\/","url":"https:\/\/www.chateau-de-paraza.com\/panier\/","name":"Su cesta - Ch\u00e2teau de Paraza","isPartOf":{"@id":"https:\/\/www.chateau-de-paraza.com\/#website"},"datePublished":"2017-07-27T16:29:59+00:00","dateModified":"2017-07-27T16:29:59+00:00","description":"Entrega France Durante m\u00e1s de 60 botellas orden : Cont\u00e1ctenos Europe Durante m\u00e1s de 36 botellas orden : Cont\u00e1ctenos Export Por pedido de exportaci\u00f3n","breadcrumb":{"@id":"https:\/\/www.chateau-de-paraza.com\/panier\/#breadcrumb"},"inLanguage":"es","potentialAction":[{"@type":"ReadAction","target":["https:\/\/www.chateau-de-paraza.com\/panier\/"]}]},{"@type":"BreadcrumbList","@id":"https:\/\/www.chateau-de-paraza.com\/panier\/#breadcrumb","itemListElement":[{"@type":"ListItem","position":1,"name":"Accueil","item":"https:\/\/www.chateau-de-paraza.com\/es\/"},{"@type":"ListItem","position":2,"name":"Su cesta"}]},{"@type":"WebSite","@id":"https:\/\/www.chateau-de-paraza.com\/#website","url":"https:\/\/www.chateau-de-paraza.com\/","name":"Ch\u00e2teau de Paraza","description":"Site web du Ch\u00e2teau de Paraza","potentialAction":[{"@type":"SearchAction","target":{"@type":"EntryPoint","urlTemplate":"https:\/\/www.chateau-de-paraza.com\/?s={search_term_string}"},"query-input":"required name=search_term_string"}],"inLanguage":"es"}]}},"_links":{"self":[{"href":"https:\/\/www.chateau-de-paraza.com\/es\/wp-json\/wp\/v2\/pages\/2876"}],"collection":[{"href":"https:\/\/www.chateau-de-paraza.com\/es\/wp-json\/wp\/v2\/pages"}],"about":[{"href":"https:\/\/www.chateau-de-paraza.com\/es\/wp-json\/wp\/v2\/types\/page"}],"author":[{"embeddable":true,"href":"https:\/\/www.chateau-de-paraza.com\/es\/wp-json\/wp\/v2\/users\/1"}],"replies":[{"embeddable":true,"href":"https:\/\/www.chateau-de-paraza.com\/es\/wp-json\/wp\/v2\/comments?post=2876"}],"version-history":[{"count":0,"href":"https:\/\/www.chateau-de-paraza.com\/es\/wp-json\/wp\/v2\/pages\/2876\/revisions"}],"wp:attachment":[{"href":"https:\/\/www.chateau-de-paraza.com\/es\/wp-json\/wp\/v2\/media?parent=2876"}],"curies":[{"name":"wp","href":"https:\/\/api.w.org\/{rel}","templated":true}]}}