{"id":2833,"date":"2017-07-26T18:44:24","date_gmt":"2017-07-26T17:44:24","guid":{"rendered":"https:\/\/www.chateau-de-paraza.com\/es\/?page_id=2833"},"modified":"2017-07-26T18:49:26","modified_gmt":"2017-07-26T17:49:26","slug":"notas-legales","status":"publish","type":"page","link":"https:\/\/www.chateau-de-paraza.com\/es\/notas-legales\/","title":{"rendered":"Notas Legales"},"content":{"rendered":"<div class=\"wpb-content-wrapper\"><p>[vc_row margin_top=\u00bb0&#8243; margin_bottom=\u00bb0&#8243; full_width=\u00bb\u00bb padding_left=\u00bb0&#8243; padding_right=\u00bb0&#8243; bg_position=\u00bbtop\u00bb bg_repeat=\u00bbno-repeat\u00bb bg_cover=\u00bbfalse\u00bb bg_attachment=\u00bbfalse\u00bb padding_top=\u00bb0&#8243; padding_bottom=\u00bb0&#8243; enable_parallax=\u00bb\u00bb parallax_speed=\u00bb0.1&#8243; el_class=\u00bbfondtexte\u00bb][vc_column width=\u00bb1\/1&#8243; animation=\u00bb\u00bb][vc_column_text]<\/p>\n<h3 id=\"parent-fieldname-title\" class=\"documentFirstHeading\"><\/h3>\n<div id=\"content-core\">\n<div id=\"parent-fieldname-text\" class=\"\"><\/div>\n<pre id=\"tw-target-text\" class=\"tw-data-text tw-ta tw-text-small\" dir=\"ltr\" data-placeholder=\"Traduction\" data-fulltext=\"\"><span lang=\"es\"><strong>Glosario:<\/strong>\r\n\r\n- Usuario: conexi\u00f3n a Internet, utilizando el sitio http:\/\/www.chateau-de-paraza.fr\r\n- Informaci\u00f3n personal: \"informaci\u00f3n que permite a cualquier forma, directa o indirectamente, la identificaci\u00f3n de los individuos a los que se aplica\" (art\u00edculo 4 de la Ley N \u00b0 78-17 del 6 de enero 1978).\r\n\r\n<strong>DECLARACI\u00d3N:<\/strong>\r\n\r\nEn virtud del art\u00edculo 6 de la Ley N\u00ba 2004-575 de 21 de junio de 2004 sobre la confianza en la econom\u00eda digital, se especifica los usuarios del sitio web http:\/\/www.chateau-de-paraza.fr\r\nLa identidad de los diversos grupos de inter\u00e9s como parte de su aplicaci\u00f3n y supervisi\u00f3n:\r\nEl propietario y \/ o editor es una corporaci\u00f3n.\r\nPropietario y \/ o sitio web del editor: Ch\u00e2teau de Paraza\r\n\r\n<strong>ESTADO:<\/strong>\r\n\r\nCastillo Paraza\r\nDirecci\u00f3n: Ch\u00e2teau de Paraza - 1 rue du Viala\r\n11.200 Paraza\r\nResponsable de publicaci\u00f3n: Lucile Danglas\r\nCorreo postal responsable: chateaudeparaza@gmail.com\r\nTel\u00e9fono: +33 9 64 33 37 43\r\nSIRET: 48971439400017\r\n\r\nEditorial: Resonance Communication\r\nEditor Direcci\u00f3n: 5 place Davilla\r\n11000 Carcassonne \r\nTel\u00e9fono: +33 4 68 76 00 31\r\n\r\nAnfitri\u00f3n: OVH - RCS: 00011 Tourcoing 424 761 419\r\nDirecci\u00f3n del host: 140 quai Sartel, 59100 Roubaix, Francia<\/span><\/pre>\n<pre class=\"tw-data-text tw-ta tw-text-small\" dir=\"ltr\" data-placeholder=\"Traduction\" data-fulltext=\"\"><span lang=\"es\"><strong>VENTA DE BEBIDAS ALCOH\u00d3LICAS\r\n<\/strong>\r\nDe acuerdo con el art\u00edculo L. 3342-1 de la salud p\u00fablica, se proh\u00edbe la venta de bebidas alcoh\u00f3licas a menores de edad. Todas las ofertas en el sitio est\u00e1n reservados, por tanto, para los principales dieciocho (18) a\u00f1os de edad, con capacidad legal. Se recuerda tambi\u00e9n que el abuso de alcohol es peligroso para la salud y que el alcohol se consume con moderaci\u00f3n. Para informaci\u00f3n adaptada a la salud de cada usuario, el castillo de Paraza asesorar a su vez a su m\u00e9dico.\r\n\r\nLa informaci\u00f3n personal recogida:\r\n\r\nEn Francia, los datos personales est\u00e1 especialmente protegido por la ley n \u00b0 78-87 del 6 de enero de 1978, la Ley N\u00ba 2004-801 del 6 de agosto de 2004, el art\u00edculo L. 226-13 del C\u00f3digo Penal y la Directiva Europea de 24 de octubre de 1995.\r\nCon motivo de la utilizaci\u00f3n del sitio incluyen http:\/\/www.chateau-de-paraza.fr recogido los siguientes datos:\r\n- la direcci\u00f3n URL de Internet de los v\u00ednculos a trav\u00e9s del cual el usuario accede al sitio http:\/\/www.chateau-de-paraza.fr\r\n- ISP del usuario;\r\n- La direcci\u00f3n de Protocolo de Internet (IP) del usuario.\r\nEn cualquier caso, el paraza Castillo recoge la informaci\u00f3n personal del usuario (nombre, direcci\u00f3n de correo electr\u00f3nico, n\u00famero de tel\u00e9fono) para la necesidad de los servicios de la p\u00e1gina web http: \/\/www.chateau-de-paraza. fr. El usuario proporciona esa informaci\u00f3n con pleno conocimiento de los hechos, especialmente cuando la realizaci\u00f3n de s\u00ed mismo para capturar.\r\nSe dice entonces que el usuario del sitio http:\/\/www.chateau-de-paraza.fr informaci\u00f3n obligatoria o no que se requerir\u00eda para proporcionar.\r\n\r\nEL USUARIO TIENE RAZ\u00d3N DE IDENTIDAD DE LA POSIBILIDAD DE SOLICITUD AL CASTILLO EN LA PARAZA chateaudeparaza@gmail.com DIRECCI\u00d3N DE CORREO ELECTR\u00d3NICO:\r\n- verificaci\u00f3n de los datos personales por haber sido una colecci\u00f3n por el Castillo de Paraza o en su nombre;\r\n- la informaci\u00f3n relativa a tales fines de procesamiento de datos;\r\n- la informaci\u00f3n relativa a la identidad y ubicaci\u00f3n geogr\u00e1fica de los destinatarios de los datos;\r\n- la comunicaci\u00f3n de una copia de estos datos emitidos de forma gratuita, en la medida en que tal petici\u00f3n no es abusivo, en particular por su repetitivo y desproporcionada.\r\n\r\nEL USUARIO TIENE RAZ\u00d3N DE IDENTIDAD DE LA POSIBILIDAD DE SOLICITUD AL CASTILLO EN LA PARAZA chateaudeparaza@gmail.com DIRECCI\u00d3N DE CORREO ELECTR\u00d3NICO: - verificaci\u00f3n de los datos personales por haber sido una colecci\u00f3n por el Castillo de Paraza o en su nombre; - la informaci\u00f3n relativa a tales fines de procesamiento de datos; - la informaci\u00f3n relativa a la identidad y ubicaci\u00f3n geogr\u00e1fica de los destinatarios de los datos; - la comunicaci\u00f3n de una copia de estos datos emitidos de forma gratuita, en la medida en que tal petici\u00f3n no es abusivo, en particular por su repetitivo y desproporcionada. INFORMACION PERSONAL AL USUARIO DEL SITIO ES HTTP:\/\/www.chateau-de-paraza.fr: - recogida sin el conocimiento del usuario; - publicado sin el conocimiento del usuario; - intercambiada, transferido, cedido o vendido a ning\u00fan tipo de apoyo a los dem\u00e1s. S\u00f3lo el supuesto de redenci\u00f3n Castillo Paraza y sus derechos permitir\u00eda la transmisi\u00f3n de dicha informaci\u00f3n al posible comprador, que a su vez puede dar la misma obligaci\u00f3n de guardar y modificar los datos con respecto al usuario de http:\/\/www.chateau-de-paraza.fr sitio web. Adem\u00e1s Castillo Paraza se permite (e) llevar a cabo estudios y an\u00e1lisis estad\u00edsticos sobre el uso y tipolog\u00eda de los usuarios del sitio http:\/\/www.chateau-de-paraza.fr, sujetas a confirmaci\u00f3n del anonimato de \u00e9stos. La correcci\u00f3n de la informaci\u00f3n personal recopilada De conformidad con el art\u00edculo 34 de la Ley N \u00b0 48-87 del 6 de enero de 1978, el usuario tiene el derecho de modificar los datos personales recogidos acerca. Para ello, el usuario env\u00eda el Ch\u00e2teau de Paraza: - un e-mail a chateaudeparaza@gmail.com, - un mail a Castillo paraza, 11200 Paraza indicando su nombre o el nombre de la empresa, los datos de contacto f\u00edsicos y \/ o electr\u00f3nicos y en su caso la que posee como miembro del sitio http:\/\/www.chateau-de-paraza.fr. \r\nLos cambios se realizar\u00e1n en un plazo razonable a partir de la recepci\u00f3n de la solicitud del usuario.\r\n<\/span><\/pre>\n<pre id=\"tw-target-text\" class=\"tw-data-text tw-ta tw-text-small\" dir=\"ltr\" data-placeholder=\"Traduction\" data-fulltext=\"\"><span lang=\"es\"><strong>DERECHOS DE AUTOR :\r\n<\/strong>\r\nTodos los elementos de la http:\/\/www.chateau-de-paraza.fr sitio, incluyendo texto, presentaciones, ilustraciones, fotograf\u00edas, estructuras de \u00e1rbol y dise\u00f1os son, excepto los documentos p\u00fablicos y aclaraciones, la propiedad intelectual exclusiva del Castillo paraza o sus socios.\r\nComo tal, su representaci\u00f3n, reproducci\u00f3n, anidaci\u00f3n, distribuci\u00f3n y redistribuci\u00f3n, parcial o total, est\u00e1n prohibidos bajo las disposiciones del art\u00edculo L. 122-4 de la Propiedad Intelectual. Cualquier procedimiento persona sin ser capaz de demostrar una autorizaci\u00f3n previa y expresa del titular de los derechos de autor se hace responsable de las sanciones por falsificaci\u00f3n de delito en virtud de los art\u00edculos L. 335-2 del C\u00f3digo de la propiedad intelectual.\r\nAdem\u00e1s, la representaci\u00f3n, reproducci\u00f3n, anidaci\u00f3n, distribuci\u00f3n y redistribuci\u00f3n, parcial o total, la base de datos contenida en el Sitio http:\/\/www.chateau-de-paraza.fr est\u00e1 prohibida por las disposiciones de la Ley N\u00ba 98-536 de 1 de julio de 1998, sobre la protecci\u00f3n jur\u00eddica de las bases de datos.\r\nEn cualquier caso, en todas las copias de la totalidad o parte de los contenidos del sitio ser\u00e1n marcados \"Derechos de autor 2015 Castillo paraza todos los derechos reservados\".\r\nDise\u00f1ador multimedia y gr\u00e1ficos: Castillo Paraza - Cr\u00e9ditos: fotos de las bibliotecas de fotos Castillo Paraza\r\nEste sitio entero plantea la legislaci\u00f3n francesa e internacional sobre derechos de autor y de propiedad intelectual. Todos los derechos est\u00e1n reservados, incluidos los documentos iconogr\u00e1ficos y fotogr\u00e1ficos.<\/span><\/pre>\n<div id=\"parent-fieldname-text\" class=\"\">\n<pre id=\"tw-target-text\" class=\"tw-data-text tw-ta tw-text-small\" dir=\"ltr\" data-placeholder=\"Traduction\" data-fulltext=\"\"><span lang=\"es\"><strong>PUBLICIDAD <\/strong>\r\n\r\nNaturaleza de los contenidos:\r\n\r\nEn cualquier caso, el castillo de Paraza informar al solicitante de la naturaleza de publicidad en Internet del contenido del sitio http:\/\/www.chateau-de-paraza.fr\r\n\r\n<strong>Fecha de actualizaci\u00f3n del LAST:\r\n<\/strong>\r\n\u00daltima informaci\u00f3n legal actualizada fecha 30 de junio de 2015.\r\n\r\nLegislaci\u00f3n clave en cuesti\u00f3n:\r\n\r\n- Ley N \u00b0 78-87 del 6 de enero de 1978, incluyendo en su versi\u00f3n modificada por la Ley N\u00ba 2004-801 del 6 de agosto de 2004, relativa a los datos, archivos y libertades.\r\n- La Ley N\u00ba 2004-575 de 21 de junio de 2004 sobre la confianza en la econom\u00eda digital.\r\n\r\n- Art\u00edculo L3342-1 del C\u00f3digo de Salud P\u00fablica La venta de bebidas alcoh\u00f3licas a menores de edad est\u00e1 prohibida. La oferta de estas bebidas de forma gratuita a menores de edad tambi\u00e9n est\u00e1 prohibido en las casas y tiendas p\u00fablicas o lugares p\u00fablicos. La persona que emite la bebida puede requerir al cliente para establecer una prueba de edad.\r\n\r\n\r\n\r\nPuede informar de cualquier contenido inapropiado o ilegal en la siguiente direcci\u00f3n: chateaudeparaza@gmail.com o para PARAZA castillo de 1 rue Viala 11200 Paraza.<\/span><\/pre>\n<p>&nbsp;<\/p>\n<p>&nbsp;<\/p>\n<h3><\/h3>\n<\/div>\n<\/div>\n<p>[\/vc_column_text][\/vc_column][\/vc_row]<\/p>\n<\/div>","protected":false},"excerpt":{"rendered":"<p>[vc_row margin_top=\u00bb0&#8243; margin_bottom=\u00bb0&#8243; full_width=\u00bb\u00bb padding_left=\u00bb0&#8243; padding_right=\u00bb0&#8243; bg_position=\u00bbtop\u00bb bg_repeat=\u00bbno-repeat\u00bb bg_cover=\u00bbfalse\u00bb bg_attachment=\u00bbfalse\u00bb padding_top=\u00bb0&#8243; padding_bottom=\u00bb0&#8243; enable_parallax=\u00bb\u00bb parallax_speed=\u00bb0.1&#8243; el_class=\u00bbfondtexte\u00bb][vc_column width=\u00bb1\/1&#8243; animation=\u00bb\u00bb][vc_column_text] Glosario: &#8211; Usuario: conexi\u00f3n a Internet, utilizando el sitio http:\/\/www.chateau-de-paraza.fr &#8211; Informaci\u00f3n personal: \u00abinformaci\u00f3n que permite a cualquier forma, directa o indirectamente, la identificaci\u00f3n de los individuos a los que se aplica\u00bb (art\u00edculo 4 de la Ley N&hellip;<\/p>\n","protected":false},"author":2,"featured_media":0,"parent":0,"menu_order":0,"comment_status":"closed","ping_status":"closed","template":"","meta":[],"yoast_head":"<!-- This site is optimized with the Yoast SEO plugin v21.8.1 - https:\/\/yoast.com\/wordpress\/plugins\/seo\/ -->\n<title>Notas Legales - Ch\u00e2teau de Paraza<\/title>\n<meta name=\"description\" content=\"Glosario: - Usuario: conexi\u00f3n a Internet, utilizando el sitio http:\/\/www.chateau-de-paraza.fr - Informaci\u00f3n personal: &quot;informaci\u00f3n que permite a cualquier\" \/>\n<meta name=\"robots\" content=\"index, follow, max-snippet:-1, max-image-preview:large, max-video-preview:-1\" \/>\n<link rel=\"canonical\" href=\"https:\/\/www.chateau-de-paraza.com\/mentions-legales\/\" \/>\n<meta property=\"og:locale\" content=\"es_ES\" \/>\n<meta property=\"og:type\" content=\"article\" \/>\n<meta property=\"og:title\" content=\"Notas Legales - Ch\u00e2teau de Paraza\" \/>\n<meta property=\"og:description\" content=\"Glosario: - Usuario: conexi\u00f3n a Internet, utilizando el sitio http:\/\/www.chateau-de-paraza.fr - Informaci\u00f3n personal: &quot;informaci\u00f3n que permite a cualquier\" \/>\n<meta property=\"og:url\" content=\"https:\/\/www.chateau-de-paraza.com\/mentions-legales\/\" \/>\n<meta property=\"og:site_name\" content=\"Ch\u00e2teau de Paraza\" \/>\n<meta property=\"article:publisher\" content=\"https:\/\/www.facebook.com\/chateaudeparaza\" \/>\n<meta property=\"article:modified_time\" content=\"2017-07-26T17:49:26+00:00\" \/>\n<meta name=\"twitter:card\" content=\"summary_large_image\" \/>\n<meta name=\"twitter:site\" content=\"@ChateauDeParaza\" \/>\n<meta name=\"twitter:label1\" content=\"Tiempo de lectura\" \/>\n\t<meta name=\"twitter:data1\" content=\"7 minutos\" \/>\n<script type=\"application\/ld+json\" class=\"yoast-schema-graph\">{\"@context\":\"https:\/\/schema.org\",\"@graph\":[{\"@type\":\"WebPage\",\"@id\":\"https:\/\/www.chateau-de-paraza.com\/mentions-legales\/\",\"url\":\"https:\/\/www.chateau-de-paraza.com\/mentions-legales\/\",\"name\":\"Notas Legales - Ch\u00e2teau de Paraza\",\"isPartOf\":{\"@id\":\"https:\/\/www.chateau-de-paraza.com\/#website\"},\"datePublished\":\"2017-07-26T17:44:24+00:00\",\"dateModified\":\"2017-07-26T17:49:26+00:00\",\"description\":\"Glosario: - Usuario: conexi\u00f3n a Internet, utilizando el sitio http:\/\/www.chateau-de-paraza.fr - Informaci\u00f3n personal: \\\"informaci\u00f3n que permite a cualquier\",\"breadcrumb\":{\"@id\":\"https:\/\/www.chateau-de-paraza.com\/mentions-legales\/#breadcrumb\"},\"inLanguage\":\"es\",\"potentialAction\":[{\"@type\":\"ReadAction\",\"target\":[\"https:\/\/www.chateau-de-paraza.com\/mentions-legales\/\"]}]},{\"@type\":\"BreadcrumbList\",\"@id\":\"https:\/\/www.chateau-de-paraza.com\/mentions-legales\/#breadcrumb\",\"itemListElement\":[{\"@type\":\"ListItem\",\"position\":1,\"name\":\"Accueil\",\"item\":\"https:\/\/www.chateau-de-paraza.com\/es\/\"},{\"@type\":\"ListItem\",\"position\":2,\"name\":\"Notas Legales\"}]},{\"@type\":\"WebSite\",\"@id\":\"https:\/\/www.chateau-de-paraza.com\/#website\",\"url\":\"https:\/\/www.chateau-de-paraza.com\/\",\"name\":\"Ch\u00e2teau de Paraza\",\"description\":\"Site web du Ch\u00e2teau de Paraza\",\"potentialAction\":[{\"@type\":\"SearchAction\",\"target\":{\"@type\":\"EntryPoint\",\"urlTemplate\":\"https:\/\/www.chateau-de-paraza.com\/?s={search_term_string}\"},\"query-input\":\"required name=search_term_string\"}],\"inLanguage\":\"es\"}]}<\/script>\n<!-- \/ Yoast SEO plugin. -->","yoast_head_json":{"title":"Notas Legales - Ch\u00e2teau de Paraza","description":"Glosario: - Usuario: conexi\u00f3n a Internet, utilizando el sitio http:\/\/www.chateau-de-paraza.fr - Informaci\u00f3n personal: \"informaci\u00f3n que permite a cualquier","robots":{"index":"index","follow":"follow","max-snippet":"max-snippet:-1","max-image-preview":"max-image-preview:large","max-video-preview":"max-video-preview:-1"},"canonical":"https:\/\/www.chateau-de-paraza.com\/mentions-legales\/","og_locale":"es_ES","og_type":"article","og_title":"Notas Legales - Ch\u00e2teau de Paraza","og_description":"Glosario: - Usuario: conexi\u00f3n a Internet, utilizando el sitio http:\/\/www.chateau-de-paraza.fr - Informaci\u00f3n personal: \"informaci\u00f3n que permite a cualquier","og_url":"https:\/\/www.chateau-de-paraza.com\/mentions-legales\/","og_site_name":"Ch\u00e2teau de Paraza","article_publisher":"https:\/\/www.facebook.com\/chateaudeparaza","article_modified_time":"2017-07-26T17:49:26+00:00","twitter_card":"summary_large_image","twitter_site":"@ChateauDeParaza","twitter_misc":{"Tiempo de lectura":"7 minutos"},"schema":{"@context":"https:\/\/schema.org","@graph":[{"@type":"WebPage","@id":"https:\/\/www.chateau-de-paraza.com\/mentions-legales\/","url":"https:\/\/www.chateau-de-paraza.com\/mentions-legales\/","name":"Notas Legales - Ch\u00e2teau de Paraza","isPartOf":{"@id":"https:\/\/www.chateau-de-paraza.com\/#website"},"datePublished":"2017-07-26T17:44:24+00:00","dateModified":"2017-07-26T17:49:26+00:00","description":"Glosario: - Usuario: conexi\u00f3n a Internet, utilizando el sitio http:\/\/www.chateau-de-paraza.fr - Informaci\u00f3n personal: \"informaci\u00f3n que permite a cualquier","breadcrumb":{"@id":"https:\/\/www.chateau-de-paraza.com\/mentions-legales\/#breadcrumb"},"inLanguage":"es","potentialAction":[{"@type":"ReadAction","target":["https:\/\/www.chateau-de-paraza.com\/mentions-legales\/"]}]},{"@type":"BreadcrumbList","@id":"https:\/\/www.chateau-de-paraza.com\/mentions-legales\/#breadcrumb","itemListElement":[{"@type":"ListItem","position":1,"name":"Accueil","item":"https:\/\/www.chateau-de-paraza.com\/es\/"},{"@type":"ListItem","position":2,"name":"Notas Legales"}]},{"@type":"WebSite","@id":"https:\/\/www.chateau-de-paraza.com\/#website","url":"https:\/\/www.chateau-de-paraza.com\/","name":"Ch\u00e2teau de Paraza","description":"Site web du Ch\u00e2teau de Paraza","potentialAction":[{"@type":"SearchAction","target":{"@type":"EntryPoint","urlTemplate":"https:\/\/www.chateau-de-paraza.com\/?s={search_term_string}"},"query-input":"required name=search_term_string"}],"inLanguage":"es"}]}},"_links":{"self":[{"href":"https:\/\/www.chateau-de-paraza.com\/es\/wp-json\/wp\/v2\/pages\/2833"}],"collection":[{"href":"https:\/\/www.chateau-de-paraza.com\/es\/wp-json\/wp\/v2\/pages"}],"about":[{"href":"https:\/\/www.chateau-de-paraza.com\/es\/wp-json\/wp\/v2\/types\/page"}],"author":[{"embeddable":true,"href":"https:\/\/www.chateau-de-paraza.com\/es\/wp-json\/wp\/v2\/users\/2"}],"replies":[{"embeddable":true,"href":"https:\/\/www.chateau-de-paraza.com\/es\/wp-json\/wp\/v2\/comments?post=2833"}],"version-history":[{"count":0,"href":"https:\/\/www.chateau-de-paraza.com\/es\/wp-json\/wp\/v2\/pages\/2833\/revisions"}],"wp:attachment":[{"href":"https:\/\/www.chateau-de-paraza.com\/es\/wp-json\/wp\/v2\/media?parent=2833"}],"curies":[{"name":"wp","href":"https:\/\/api.w.org\/{rel}","templated":true}]}}