{"id":2830,"date":"2017-07-26T18:29:54","date_gmt":"2017-07-26T17:29:54","guid":{"rendered":"https:\/\/www.chateau-de-paraza.com\/es\/?page_id=2830"},"modified":"2024-05-27T11:57:12","modified_gmt":"2024-05-27T10:57:12","slug":"tarifa-consulta","status":"publish","type":"page","link":"https:\/\/www.chateau-de-paraza.com\/es\/habitaciones-de-huespedes\/tarifa-consulta\/","title":{"rendered":"Tarifa &#038; Consulta"},"content":{"rendered":"<div class=\"wpb-content-wrapper\"><p>[vc_row][vc_column][vc_column_text]Los precios de las habitaciones de hu\u00e9spedes son propuestos con la basa de una noche para dos personas, desayuno incluido;<\/p>\n<p>Son redactados en euro (EUR) e incluyen la TVA con la tasa en vigor de un 10%.<\/p>\n<p>Precio para una persona m\u00e1s: 30\u20ac\/d\u00eda<\/p>\n<p class=\"p2\">(Fuera de estas fechas, cont\u00e1ctenos.)<\/p>\n<p>[\/vc_column_text][vc_empty_space][\/vc_column][vc_column][vc_row_inner][vc_column_inner width=\u00bb1\/4&#8243;][\/vc_column_inner][vc_column_inner width=\u00bb1\/2&#8243;][\/vc_column_inner][vc_column_inner width=\u00bb1\/4&#8243;][vc_column_text][\/vc_column_text][\/vc_column_inner][\/vc_row_inner][vc_empty_space][\/vc_column][\/vc_row][vc_row][vc_column width=\u00bb1\/4&#8243;][vc_empty_space height=\u00bb15px\u00bb][vc_single_image image=\u00bb1711&#8243; onclick=\u00bblink_image\u00bb][\/vc_column][vc_column width=\u00bb1\/2&#8243;][vc_column_text]<strong>Suite del Rey<\/strong><\/p>\n<p>Con sus lujosos empapelados, sus techos franceses, sus cortinas de seda tornasoladas y sus chimeneas de piedras, la atm\u00f3sfera de la Suite del Rey les traslada al siglo de Louis XIV. Vista sobre el patio de la propiedad.<\/p>\n<p>Camas de 190*150 y cama de 200*140.<\/p>\n<p><strong>Desayuno inclu\u00eddo<\/strong>[\/vc_column_text][\/vc_column][vc_column width=\u00bb1\/4&#8243;][vc_column_text]<\/p>\n<h5 style=\"text-align: right;\">Tarifas<\/h5>\n<p style=\"text-align: right;\">\u00a02 personas<\/p>\n<p style=\"text-align: right;\"><strong>265\u20ac<\/strong><\/p>\n<p style=\"text-align: right;\">3-4 personas<\/p>\n<p style=\"text-align: right;\"><strong>305\u20ac<\/strong><\/p>\n<p>[\/vc_column_text][vc_empty_space][vc_btn title=\u00bbReservar\u00bb shape=\u00bbsquare\u00bb size=\u00bbxs\u00bb align=\u00bbright\u00bb link=\u00bburl:https%3A%2F%2Fchateau-de-paraza.amenitiz.io%2Ffr%2Fbooking%2Froom\u00bb][\/vc_column][vc_column][vc_empty_space][\/vc_column][\/vc_row][vc_row][vc_column width=\u00bb1\/4&#8243;][vc_empty_space height=\u00bb15px\u00bb][vc_single_image image=\u00bb1708&#8243; onclick=\u00bblink_image\u00bb][\/vc_column][vc_column width=\u00bb1\/2&#8243;][vc_column_text]<strong>Suite del Bar\u00f3n de Jougla<\/strong><\/p>\n<p class=\"p1\">Espacio y finura son las palabras claves de la Suite del Bar\u00f3n de Jougla. Vista sobre el patio de la propiedad y el claustro d\u00f3nde se encuentra la piscina. Acceso privilegiado a la piscina.<\/p>\n<p>Cama de 180*200cm<\/p>\n<p><strong>Desayuno inclu\u00eddo<\/strong>[\/vc_column_text][\/vc_column][vc_column width=\u00bb1\/4&#8243;][vc_column_text]<\/p>\n<h5 style=\"text-align: right;\">Tarifas<\/h5>\n<p style=\"text-align: right;\">2 personas<\/p>\n<p style=\"text-align: right;\"><strong>265\u20ac<\/strong><\/p>\n<p style=\"text-align: right;\">3-4 personas<\/p>\n<p style=\"text-align: right;\"><strong>305\u20ac<\/strong><\/p>\n<p>[\/vc_column_text][vc_empty_space][vc_btn title=\u00bbReservar\u00bb shape=\u00bbsquare\u00bb size=\u00bbxs\u00bb align=\u00bbright\u00bb link=\u00bburl:https%3A%2F%2Fchateau-de-paraza.amenitiz.io%2Ffr%2Fbooking%2Froom\u00bb][\/vc_column][vc_column][vc_empty_space][\/vc_column][\/vc_row][vc_row][vc_column width=\u00bb1\/4&#8243;][vc_single_image image=\u00bb10512&#8243;][\/vc_column][vc_column width=\u00bb1\/2&#8243;][vc_column_text]<strong>Suite de la biblioteca<\/strong><\/p>\n<p>Espaciosa y documentada, la suite de la biblioteca les sume en los cl\u00e1sicos de la literatura. Vista fabulosa a los Pirineos y a las terrazas del castillo.<\/p>\n<p>Cama 180*200cm<\/p>\n<p>*** NUEVO: dos habitaciones contiguas con 2 camas de 140*200 y 160*200 pueden ahora conectarse a la Suite Biblioteca. Ideal para acoger a toda la familia con comodidad e intimidad.<\/p>\n<p><strong>Desayuno inclu\u00eddo<\/strong>[\/vc_column_text][\/vc_column][vc_column width=\u00bb1\/4&#8243;][vc_column_text]<\/p>\n<h5 style=\"text-align: right;\">Tarifas<\/h5>\n<p style=\"text-align: right;\">2 personas<\/p>\n<p style=\"text-align: right;\"><strong>265\u20ac<\/strong><\/p>\n<p style=\"text-align: right;\">3-4 personas<\/p>\n<p style=\"text-align: right;\"><strong>305\u20ac<\/strong><\/p>\n<p>[\/vc_column_text][vc_empty_space][vc_btn title=\u00bbReservar\u00bb shape=\u00bbsquare\u00bb size=\u00bbxs\u00bb align=\u00bbright\u00bb link=\u00bburl:https%3A%2F%2Fchateau-de-paraza.amenitiz.io%2Ffr%2Fbooking%2Froom\u00bb css=\u00bb.vc_custom_1716806333910{padding-left: 3px !important;}\u00bb][\/vc_column][vc_column][vc_empty_space][\/vc_column][\/vc_row][vc_row][vc_column width=\u00bb1\/4&#8243;][vc_empty_space height=\u00bb15px\u00bb][vc_single_image image=\u00bb1758&#8243; onclick=\u00bblink_image\u00bb][\/vc_column][vc_column width=\u00bb1\/2&#8243;][vc_column_text]<\/p>\n<p class=\"p1\"><b><\/b><strong>Suite de la condesa<\/strong><\/p>\n<p class=\"p2\">Con sus reflejos dorados, la Suite de la condesa nos invita a momentos relajantes y de deleite. Vista sobre el patio de la propiedad y el claustro d\u00f3nde se encuentra la piscina.<\/p>\n<p>Cama de 160*200cm<\/p>\n<p><strong>Desayuno inclu\u00eddo<\/strong>[\/vc_column_text][\/vc_column][vc_column width=\u00bb1\/4&#8243;][vc_column_text]<\/p>\n<h5 style=\"text-align: right;\">Tarifas<\/h5>\n<p style=\"text-align: right;\">2 personas<\/p>\n<p style=\"text-align: right;\"><strong> 265\u20ac<\/strong><\/p>\n<p>[\/vc_column_text][vc_empty_space][vc_empty_space][vc_btn title=\u00bbReservar\u00bb shape=\u00bbsquare\u00bb size=\u00bbxs\u00bb align=\u00bbright\u00bb link=\u00bburl:https%3A%2F%2Fchateau-de-paraza.amenitiz.io%2Ffr%2Fbooking%2Froom\u00bb][\/vc_column][\/vc_row][vc_row][vc_column][vc_empty_space][\/vc_column][\/vc_row][vc_row][vc_column width=\u00bb1\/4&#8243;][vc_empty_space height=\u00bb15px\u00bb][vc_single_image image=\u00bb1702&#8243; onclick=\u00bblink_image\u00bb][\/vc_column][vc_column width=\u00bb1\/2&#8243;][vc_column_text]<strong>Suite de Paul Riquet<\/strong><\/p>\n<p>Espaciosa y elegante, la Suite de Paul Riquet ha sido el hogar del arquitecto Paul Riquet durante la construcci\u00f3n del Canal Real. Ofrece una vista sobre las Terrazas de la Propiedad y sobre la Llanura del Aude hacia los Pirineos.<\/p>\n<p>Cama de 180*200cm<\/p>\n<p><strong>Desayuno inclu\u00eddo<\/strong>[\/vc_column_text][\/vc_column][vc_column width=\u00bb1\/4&#8243;][vc_column_text]<\/p>\n<h5 style=\"text-align: right;\">Tarifas<\/h5>\n<p style=\"text-align: right;\">2 personas<\/p>\n<p style=\"text-align: right;\"><strong>265\u20ac<\/strong><\/p>\n<p>[\/vc_column_text][vc_empty_space][vc_empty_space][vc_btn title=\u00bbReservar\u00bb shape=\u00bbsquare\u00bb size=\u00bbxs\u00bb align=\u00bbright\u00bb link=\u00bburl:https%3A%2F%2Fchateau-de-paraza.amenitiz.io%2Ffr%2Fbooking%2Froom\u00bb][\/vc_column][vc_column][vc_empty_space][\/vc_column][\/vc_row][vc_row][vc_column][vc_column_text]<\/p>\n<p class=\"p1\" style=\"text-align: center;\">Si quieren quedarse algunas noches m\u00e1s, nos agradecer\u00eda alojaros el mayor tiempo posible y <strong>beneficiar\u00e1n de un descuento de un 15% sobre su estancia a partir de la segunda noche<\/strong>.<\/p>\n<p>[\/vc_column_text][\/vc_column][\/vc_row][vc_row][vc_column][vc_empty_space]<div class=\"hr-thin style-line\" style=\"width: 100%;\"><\/div>[vc_empty_space][\/vc_column][\/vc_row][vc_row][vc_column][vc_column_text]<\/p>\n<h3 style=\"text-align: center;\">SERVICIOS DISPONIBLES<\/h3>\n<p style=\"text-align: center;\">Aqu\u00ed est\u00e1n algunas precisiones con respeto a los servicios que ustedes pueden esperar de su estancia en el Chateau de Paraza. No duden en contactarnos si no encuentran respuestas a sus preguntas.<\/p>\n<p>[\/vc_column_text][vc_empty_space height=\u00bb15px\u00bb][vc_toggle title=\u00bbEquipo a su disposici\u00f3n\u00bb el_id=\u00bb1455119869193-c877b03d-9f5c\u00bb]<\/p>\n<ul>\n<li>Cama Queen Size o King Size<\/li>\n<li>Ba\u00f1o con ba\u00f1era y ducha a la italiana<\/li>\n<li>Secador<\/li>\n<li>Wi-Fi gratis<\/li>\n<li>Television a petici\u00f3n<\/li>\n<\/ul>\n<p>[\/vc_toggle][\/vc_column][vc_column][vc_toggle title=\u00bbMini-Bar y refrescos\u00bb el_id=\u00bb1455120598874-5b56e86c-7f88&#8243;]El\u00a0<strong>bar de catas de la bodega\u00a0<\/strong>est\u00e1 siempre accesible para los refrescos. Hay tambi\u00e9n un espacio mini-bar en el Chateau donde pueden usar\u00a0una nevera, un hervidor, y una selecci\u00f3n de t\u00e9s e infusiones.[\/vc_toggle][\/vc_column][\/vc_row][vc_row][vc_column][vc_toggle title=\u00bbPara los peque\u00f1itos\u00bb el_id=\u00bb1455122436353-622ac767-f343&#8243;]Las estad\u00edas son gratis par los bebes de menos de 2 a\u00f1os; una cuna puede ser a\u00f1adida gratuitamente en funci\u00f3n de las disponibilidades.[\/vc_toggle][\/vc_column][\/vc_row][vc_row][vc_column][vc_toggle title=\u00bbMascotas\u00bb el_id=\u00bb1455120906854-a0780007-1928&#8243;]No se aceptan animales en el Chateau y en las partes comunes[\/vc_toggle][\/vc_column][\/vc_row][vc_row][vc_column][vc_toggle title=\u00bbPiscina &#8211; Horario y Reglamento\u00bb el_id=\u00bb1455121917135-3cb32ebb-470d\u00bb]El acceso a la piscina se limita a los hu\u00e9spedes que permanecen en el Chateau de Paraza,\u00a0<strong>de las 08h00 hasta las 20h30.<\/strong><\/p>\n<p>La piscina no es vigilada; el acceso a los ni\u00f1os menores de 16 an\u00f5s es posible unicamente bajo la vigilancia de un adulto.[\/vc_toggle][\/vc_column][\/vc_row][vc_row][vc_column][vc_empty_space]<div class=\"hr-thin style-line\" style=\"width: 100%;\"><\/div>[vc_empty_space][\/vc_column][\/vc_row][vc_row][vc_column][vc_column_text]<\/p>\n<h3 style=\"text-align: center;\">RESERVA EXCLUSIVA Y PRIVATIZACI\u00d3N DEL CHATEAU<\/h3>\n<p>\u00bfDesean quedarse durante las vacaciones o celebrar un acontecimiento en un lugar excepcional en la m\u00e1s absoluta intimidad? Les proponemos alquilar de manera exclusiva las salas de recepci\u00f3n de la propiedad: las 4 suites, el gran sal\u00f3n, el peque\u00f1o sal\u00f3n de m\u00fasica, el comedor, la cocina, la piscina y los jardines. Se puede a\u00f1adir 2 habitaciones dobles a la primera planta a su disposici\u00f3n. Aprovechen de un servicio a medida para las vacaciones en completa serenidad. Cons\u00faltenos para un presupuesto personalizado.[\/vc_column_text][\/vc_column][\/vc_row][vc_row][vc_column][vc_empty_space]<div class=\"hr-thin style-line\" style=\"width: 100%;\"><\/div>[vc_empty_space][\/vc_column][\/vc_row]<\/p>\n<\/div>","protected":false},"excerpt":{"rendered":"<p>[vc_row][vc_column][vc_column_text]Los precios de las habitaciones de hu\u00e9spedes son propuestos con la basa de una noche para dos personas, desayuno incluido; Son redactados en euro (EUR) e incluyen la TVA con la tasa en vigor de un 10%. Precio para una persona m\u00e1s: 30\u20ac\/d\u00eda (Fuera de estas fechas, cont\u00e1ctenos.) [\/vc_column_text][vc_empty_space][\/vc_column][vc_column][vc_row_inner][vc_column_inner width=\u00bb1\/4&#8243;][\/vc_column_inner][vc_column_inner width=\u00bb1\/2&#8243;][\/vc_column_inner][vc_column_inner width=\u00bb1\/4&#8243;][vc_column_text][\/vc_column_text][\/vc_column_inner][\/vc_row_inner][vc_empty_space][\/vc_column][\/vc_row][vc_row][vc_column width=\u00bb1\/4&#8243;][vc_empty_space height=\u00bb15px\u00bb][vc_single_image image=\u00bb1711&#8243;&hellip;<\/p>\n","protected":false},"author":2,"featured_media":0,"parent":2725,"menu_order":0,"comment_status":"closed","ping_status":"closed","template":"","meta":[],"yoast_head":"<!-- This site is optimized with the Yoast SEO plugin v21.8.1 - https:\/\/yoast.com\/wordpress\/plugins\/seo\/ -->\n<title>Tarifa &amp; Consulta - Ch\u00e2teau de Paraza<\/title>\n<meta name=\"description\" content=\"Los precios de las habitaciones de hu\u00e9spedes son propuestos con la basa de una noche para dos personas, desayuno incluido; Son redactados en euro (EUR) e\" \/>\n<meta name=\"robots\" content=\"index, follow, max-snippet:-1, max-image-preview:large, max-video-preview:-1\" \/>\n<link rel=\"canonical\" href=\"https:\/\/www.chateau-de-paraza.com\/chambres-dhotes\/tarifs-consultations\/\" \/>\n<meta property=\"og:locale\" content=\"es_ES\" \/>\n<meta property=\"og:type\" content=\"article\" \/>\n<meta property=\"og:title\" content=\"Tarifa &amp; Consulta - Ch\u00e2teau de Paraza\" \/>\n<meta property=\"og:description\" content=\"Los precios de las habitaciones de hu\u00e9spedes son propuestos con la basa de una noche para dos personas, desayuno incluido; Son redactados en euro (EUR) e\" \/>\n<meta property=\"og:url\" content=\"https:\/\/www.chateau-de-paraza.com\/chambres-dhotes\/tarifs-consultations\/\" \/>\n<meta property=\"og:site_name\" content=\"Ch\u00e2teau de Paraza\" \/>\n<meta property=\"article:publisher\" content=\"https:\/\/www.facebook.com\/chateaudeparaza\" \/>\n<meta property=\"article:modified_time\" content=\"2024-05-27T10:57:12+00:00\" \/>\n<meta name=\"twitter:card\" content=\"summary_large_image\" \/>\n<meta name=\"twitter:site\" content=\"@ChateauDeParaza\" \/>\n<meta name=\"twitter:label1\" content=\"Tiempo de lectura\" \/>\n\t<meta name=\"twitter:data1\" content=\"6 minutos\" \/>\n<script type=\"application\/ld+json\" class=\"yoast-schema-graph\">{\"@context\":\"https:\/\/schema.org\",\"@graph\":[{\"@type\":\"WebPage\",\"@id\":\"https:\/\/www.chateau-de-paraza.com\/chambres-dhotes\/tarifs-consultations\/\",\"url\":\"https:\/\/www.chateau-de-paraza.com\/chambres-dhotes\/tarifs-consultations\/\",\"name\":\"Tarifa & Consulta - Ch\u00e2teau de Paraza\",\"isPartOf\":{\"@id\":\"https:\/\/www.chateau-de-paraza.com\/#website\"},\"datePublished\":\"2017-07-26T17:29:54+00:00\",\"dateModified\":\"2024-05-27T10:57:12+00:00\",\"description\":\"Los precios de las habitaciones de hu\u00e9spedes son propuestos con la basa de una noche para dos personas, desayuno incluido; Son redactados en euro (EUR) e\",\"breadcrumb\":{\"@id\":\"https:\/\/www.chateau-de-paraza.com\/chambres-dhotes\/tarifs-consultations\/#breadcrumb\"},\"inLanguage\":\"es\",\"potentialAction\":[{\"@type\":\"ReadAction\",\"target\":[\"https:\/\/www.chateau-de-paraza.com\/chambres-dhotes\/tarifs-consultations\/\"]}]},{\"@type\":\"BreadcrumbList\",\"@id\":\"https:\/\/www.chateau-de-paraza.com\/chambres-dhotes\/tarifs-consultations\/#breadcrumb\",\"itemListElement\":[{\"@type\":\"ListItem\",\"position\":1,\"name\":\"Accueil\",\"item\":\"https:\/\/www.chateau-de-paraza.com\/es\/\"},{\"@type\":\"ListItem\",\"position\":2,\"name\":\"Suites\",\"item\":\"https:\/\/www.chateau-de-paraza.com\/chambres-dhotes\/\"},{\"@type\":\"ListItem\",\"position\":3,\"name\":\"Tarifa &#038; Consulta\"}]},{\"@type\":\"WebSite\",\"@id\":\"https:\/\/www.chateau-de-paraza.com\/#website\",\"url\":\"https:\/\/www.chateau-de-paraza.com\/\",\"name\":\"Ch\u00e2teau de Paraza\",\"description\":\"Site web du Ch\u00e2teau de Paraza\",\"potentialAction\":[{\"@type\":\"SearchAction\",\"target\":{\"@type\":\"EntryPoint\",\"urlTemplate\":\"https:\/\/www.chateau-de-paraza.com\/?s={search_term_string}\"},\"query-input\":\"required name=search_term_string\"}],\"inLanguage\":\"es\"}]}<\/script>\n<!-- \/ Yoast SEO plugin. -->","yoast_head_json":{"title":"Tarifa & Consulta - Ch\u00e2teau de Paraza","description":"Los precios de las habitaciones de hu\u00e9spedes son propuestos con la basa de una noche para dos personas, desayuno incluido; Son redactados en euro (EUR) e","robots":{"index":"index","follow":"follow","max-snippet":"max-snippet:-1","max-image-preview":"max-image-preview:large","max-video-preview":"max-video-preview:-1"},"canonical":"https:\/\/www.chateau-de-paraza.com\/chambres-dhotes\/tarifs-consultations\/","og_locale":"es_ES","og_type":"article","og_title":"Tarifa & Consulta - Ch\u00e2teau de Paraza","og_description":"Los precios de las habitaciones de hu\u00e9spedes son propuestos con la basa de una noche para dos personas, desayuno incluido; Son redactados en euro (EUR) e","og_url":"https:\/\/www.chateau-de-paraza.com\/chambres-dhotes\/tarifs-consultations\/","og_site_name":"Ch\u00e2teau de Paraza","article_publisher":"https:\/\/www.facebook.com\/chateaudeparaza","article_modified_time":"2024-05-27T10:57:12+00:00","twitter_card":"summary_large_image","twitter_site":"@ChateauDeParaza","twitter_misc":{"Tiempo de lectura":"6 minutos"},"schema":{"@context":"https:\/\/schema.org","@graph":[{"@type":"WebPage","@id":"https:\/\/www.chateau-de-paraza.com\/chambres-dhotes\/tarifs-consultations\/","url":"https:\/\/www.chateau-de-paraza.com\/chambres-dhotes\/tarifs-consultations\/","name":"Tarifa & Consulta - Ch\u00e2teau de Paraza","isPartOf":{"@id":"https:\/\/www.chateau-de-paraza.com\/#website"},"datePublished":"2017-07-26T17:29:54+00:00","dateModified":"2024-05-27T10:57:12+00:00","description":"Los precios de las habitaciones de hu\u00e9spedes son propuestos con la basa de una noche para dos personas, desayuno incluido; Son redactados en euro (EUR) e","breadcrumb":{"@id":"https:\/\/www.chateau-de-paraza.com\/chambres-dhotes\/tarifs-consultations\/#breadcrumb"},"inLanguage":"es","potentialAction":[{"@type":"ReadAction","target":["https:\/\/www.chateau-de-paraza.com\/chambres-dhotes\/tarifs-consultations\/"]}]},{"@type":"BreadcrumbList","@id":"https:\/\/www.chateau-de-paraza.com\/chambres-dhotes\/tarifs-consultations\/#breadcrumb","itemListElement":[{"@type":"ListItem","position":1,"name":"Accueil","item":"https:\/\/www.chateau-de-paraza.com\/es\/"},{"@type":"ListItem","position":2,"name":"Suites","item":"https:\/\/www.chateau-de-paraza.com\/chambres-dhotes\/"},{"@type":"ListItem","position":3,"name":"Tarifa &#038; Consulta"}]},{"@type":"WebSite","@id":"https:\/\/www.chateau-de-paraza.com\/#website","url":"https:\/\/www.chateau-de-paraza.com\/","name":"Ch\u00e2teau de Paraza","description":"Site web du Ch\u00e2teau de Paraza","potentialAction":[{"@type":"SearchAction","target":{"@type":"EntryPoint","urlTemplate":"https:\/\/www.chateau-de-paraza.com\/?s={search_term_string}"},"query-input":"required name=search_term_string"}],"inLanguage":"es"}]}},"_links":{"self":[{"href":"https:\/\/www.chateau-de-paraza.com\/es\/wp-json\/wp\/v2\/pages\/2830"}],"collection":[{"href":"https:\/\/www.chateau-de-paraza.com\/es\/wp-json\/wp\/v2\/pages"}],"about":[{"href":"https:\/\/www.chateau-de-paraza.com\/es\/wp-json\/wp\/v2\/types\/page"}],"author":[{"embeddable":true,"href":"https:\/\/www.chateau-de-paraza.com\/es\/wp-json\/wp\/v2\/users\/2"}],"replies":[{"embeddable":true,"href":"https:\/\/www.chateau-de-paraza.com\/es\/wp-json\/wp\/v2\/comments?post=2830"}],"version-history":[{"count":8,"href":"https:\/\/www.chateau-de-paraza.com\/es\/wp-json\/wp\/v2\/pages\/2830\/revisions"}],"predecessor-version":[{"id":10603,"href":"https:\/\/www.chateau-de-paraza.com\/es\/wp-json\/wp\/v2\/pages\/2830\/revisions\/10603"}],"up":[{"embeddable":true,"href":"https:\/\/www.chateau-de-paraza.com\/es\/wp-json\/wp\/v2\/pages\/2725"}],"wp:attachment":[{"href":"https:\/\/www.chateau-de-paraza.com\/es\/wp-json\/wp\/v2\/media?parent=2830"}],"curies":[{"name":"wp","href":"https:\/\/api.w.org\/{rel}","templated":true}]}}