{"id":2816,"date":"2017-07-26T18:12:16","date_gmt":"2017-07-26T17:12:16","guid":{"rendered":"https:\/\/www.chateau-de-paraza.com\/es\/?page_id=2816"},"modified":"2022-03-25T10:44:28","modified_gmt":"2022-03-25T09:44:28","slug":"explorer-les-environs","status":"publish","type":"page","link":"https:\/\/www.chateau-de-paraza.com\/es\/habitaciones-de-huespedes\/explorer-les-environs\/","title":{"rendered":"Explorar los entornos"},"content":{"rendered":"<div class=\"wpb-content-wrapper\"><p>[vc_row][vc_column][vc_empty_space][\/vc_column][vc_column][vc_column_text]<\/p>\n<h3>EXPLORAR EL CANAL DU MIDI, PROBAR LA COCINA DE UN JEFE, DESCUBRIR EL PATRIMONIO CATARO, PASEARSE EN LOS VI\u00d1EDOS, Y BEBER VINO VINO VINO<\/h3>\n<p>En el coraz\u00f3n del Languedoc, al lado del Canal du Midi, pueden disfrutar de numerosas actividades. Si no conocen los tesoros del patrimonio del pa\u00eds c\u00e1taro \u00a1que se animen porque hay un mont\u00f3n de cosas que ver! La filas de vi\u00f1as hasta perderse la vista que incitan a dar un paseo caminando o a caballo. Para los deportistas en ciernes, caminatas a lo largo del Canal du Midi deber\u00edan encantarles. Experiencias fueras de lo com\u00fan, lejos de los caminos trillados para despertar su mente y sus sentidos.<\/p>\n<p>[\/vc_column_text][\/vc_column][vc_column][vc_empty_space][\/vc_column][vc_column][vc_empty_space][\/vc_column][\/vc_row][vc_row][vc_column]<div class=\"hr-thin style-line\" style=\"width: 100%;\"><\/div>[\/vc_column][\/vc_row][vc_row][vc_column width=\u00bb1\/2&#8243;][vc_column_text]<div class=\"gap\" style=\"line-height: 10px; height: 10px;\"><\/div>\n<h3>UN VI\u00d1EDO ANCESTRAL<\/h3>\n<p>Al parecer, los Griegos hubieran implantado la vi\u00f1a en el Languedoc, pero sobre todo son los Romanos que la cultivaron. Con la ca\u00edda del Imperio Romano, los monjes (benedictinos cistercienses) de los monasterios y abad\u00edas que asumieron las tareas y perpetuaron esta cultura a trav\u00e9s de los siglos. Hoy en d\u00eda esta regi\u00f3n ofrece grandes vinos, de muy alta calidad, un acento mediterr\u00e1neo. Buenos ratos de convivialidad que se comparten alrededor de las vi\u00f1as y del vino.<\/p>\n<p>[\/vc_column_text][vc_empty_space][\/vc_column][vc_column width=\u00bb1\/2&#8243;][vc_empty_space height=\u00bb50px\u00bb][vc_single_image image=\u00bb996&#8243; img_size=\u00bbfull\u00bb alignment=\u00bbright\u00bb][\/vc_column][vc_column][vc_row_inner][vc_column_inner width=\u00bb2\/3&#8243;]<a href=\"http:\/\/www.destinationsuddefrance.com\/Decouvrir2\/Routes-Oenotouristiques-Sud-de-France\" class=\"dt-btn-m dt-btn\" target=\"_blank\">Salan al descubrimiento de los caminos enotur\u00edsticos del Sur de Francia.<\/a>[\/vc_column_inner][vc_column_inner width=\u00bb1\/3&#8243;][vc_single_image image=\u00bb2306&#8243; img_size=\u00bb200&#215;50&#8243; alignment=\u00bbcenter\u00bb onclick=\u00bbcustom_link\u00bb img_link_target=\u00bb_blank\u00bb link=\u00bbhttp:\/\/www.destinationsuddefrance.com\/\u00bb][\/vc_column_inner][\/vc_row_inner][vc_row_inner][vc_column_inner width=\u00bb2\/3&#8243;]<a href=\"http:\/\/www.destinationsuddefrance.com\/Decouvrir2\/Routes-Oenotouristiques-Sud-de-France\" class=\"dt-btn-m dt-btn\" target=\"_blank\" style=\"background: #d1d1d1;\">Elijan una excursi\u00f3n original en las vi\u00f1as con un tour en 2CV<\/a>[\/vc_column_inner][vc_column_inner width=\u00bb1\/3&#8243;][vc_single_image image=\u00bb1070&#8243; img_size=\u00bb200&#215;50&#8243; alignment=\u00bbcenter\u00bb onclick=\u00bbcustom_link\u00bb img_link_target=\u00bb_blank\u00bb link=\u00bbhttps:\/\/24-heures-tour.com\/\u00bb][\/vc_column_inner][\/vc_row_inner][\/vc_column][\/vc_row][vc_row][vc_column]<div class=\"hr-thin style-line\" style=\"width: 100%;\"><\/div>[vc_column_text]<\/p>\n<h3><div class=\"gap\" style=\"line-height: 10px; height: 10px;\"><\/div>A LO LARGO DEL CANAL DU MIDI<\/h3>\n<p>[\/vc_column_text][\/vc_column][\/vc_row][vc_row][vc_column width=\u00bb1\/2&#8243;][vc_empty_space height=\u00bb40px\u00bb][vc_single_image image=\u00bb272&#8243; img_size=\u00bblarge\u00bb][\/vc_column][vc_column width=\u00bb1\/2&#8243;][vc_column_text]<div class=\"gap\" style=\"line-height: 25px; height: 25px;\"><\/div>\n<p>Vauban dec\u00eda: \u201cHubiera dado mi vida por haber construido esta obra\u201d mientras Voltaire lo calificaba de esta manera: \u201cla obra de ingenier\u00eda civil la m\u00e1s grandiosa desde las construcciones romanas\u201d. Antiguamente llamado el Canal Real, proyecto incre\u00edble del arquitecto Paul Riquet, el Canal du Midi les lleva sobre 240km entre el la laguna de Thau, cerca de S\u00e8te, y Toulouse, cruzando 104 municipios con catas de vinos. Caminando o con bici, ideal bajo la sombra de los plataneros centenarios.<\/p>\n<p style=\"text-align: justify;\">[\/vc_column_text][\/vc_column][vc_column][vc_empty_space height=\u00bb15px\u00bb][vc_row_inner][vc_column_inner width=\u00bb2\/3&#8243;]<a href=\"http:\/\/mellowvelos.com\/hire\/\" class=\"dt-btn-m dt-btn\" target=\"_blank\">Para los paseos en bici, contactan el mejor arrendador de bicis del Languedoc<\/a>[\/vc_column_inner][vc_column_inner width=\u00bb1\/3&#8243;][vc_single_image image=\u00bb2313&#8243; img_size=\u00bb200&#215;50&#8243; alignment=\u00bbcenter\u00bb onclick=\u00bbcustom_link\u00bb img_link_target=\u00bb_blank\u00bb link=\u00bbhttp:\/\/www.destinationsuddefrance.com\/\u00bb][\/vc_column_inner][\/vc_row_inner][vc_empty_space][\/vc_column][\/vc_row][vc_row][vc_column]<div class=\"hr-thin style-line\" style=\"width: 100%;\"><\/div>[vc_column_text]<\/p>\n<h3><div class=\"gap\" style=\"line-height: 10px; height: 10px;\"><\/div>NAVIGUEN EN SU PROPRIO BARCO O DEJENSE LLEVAR AL RITMO DEL AGUA<\/h3>\n<p>[\/vc_column_text][\/vc_column][\/vc_row][vc_row][vc_column width=\u00bb1\/2&#8243;][vc_empty_space][vc_column_text]<div class=\"gap\" style=\"line-height: 10px; height: 10px;\"><\/div>\n<p>Garantizado bajo el sol casi todo el a\u00f1o, aprovechar\u00e1n de un crucero fluvial apacible, serpenteando el coraz\u00f3n de los vi\u00f1edos, ante las Monta\u00f1as Negras. Durante un medio d\u00eda, un d\u00eda, como algunos d\u00edas, \u00a1embarquen para una aventura inolvidable! Descubran el Canal du Midi a bordo de un barco sin licencia o d\u00e9jense guiar sobre extraordinarios barco-hoteles.<\/p>\n<p class=\"p1\" style=\"text-align: justify;\">[\/vc_column_text][\/vc_column][vc_column width=\u00bb1\/2&#8243;][vc_empty_space height=\u00bb40px\u00bb][vc_single_image image=\u00bb1067&#8243; img_size=\u00bbmedium\u00bb alignment=\u00bbright\u00bb onclick=\u00bbcustom_link\u00bb link=\u00bbhttp:\/\/www.tourismecanaldumidi.fr\u00bb][vc_row_inner][vc_column_inner]<a href=\"http:\/\/www.plan-canal-du-midi.com\/navigation\/\" class=\"dt-btn-s dt-btn\" target=\"_blank\" style=\"background: #e5e5e5;\">En savoir plus sur la navigation sur le Canal du Midi<\/a>[\/vc_column_inner][\/vc_row_inner][\/vc_column][vc_column][vc_empty_space][\/vc_column][vc_column][vc_row_inner][vc_column_inner width=\u00bb2\/3&#8243;][\/vc_column_inner][vc_column_inner width=\u00bb1\/3&#8243;][\/vc_column_inner][\/vc_row_inner][\/vc_column][\/vc_row][vc_row][vc_column]<div class=\"hr-thin style-line\" style=\"width: 100%;\"><\/div>[vc_column_text]<\/p>\n<h3><div class=\"gap\" style=\"line-height: 10px; height: 10px;\"><\/div>UN PATRIMONIO CULTURAL EXTRAORDINARIO<\/h3>\n<p>[\/vc_column_text][\/vc_column][\/vc_row][vc_row][vc_column width=\u00bb1\/2&#8243;][vc_empty_space height=\u00bb30px\u00bb][vc_single_image image=\u00bb990&#8243; img_size=\u00bbmedium\u00bb][\/vc_column][vc_column width=\u00bb1\/2&#8243;][vc_empty_space height=\u00bb20px\u00bb][vc_column_text]<\/p>\n<p style=\"text-align: justify;\"><div class=\"gap\" style=\"line-height: 10px; height: 10px;\"><\/div>\n<p class=\"p1\" style=\"text-align: justify;\">Piedras cargadas de historia acompa\u00f1an los paseos en el coraz\u00f3n del pa\u00eds c\u00e1taro. Historia romana marcada por la construcci\u00f3n de la Via Domitia, relatos de la Edad Media encarnados por los castillos c\u00e1taros y la emblem\u00e1tica ciudad medieval de Carcassonne, abad\u00edas romanas e iglesias cistercienses, hay tantos secretos que explorar. \u00bfQu\u00e9 les parece irse a la b\u00fasqueda del Santo Grial?<\/p>\n<p class=\"p1\" style=\"text-align: justify;\">[\/vc_column_text][\/vc_column][vc_column][vc_empty_space][\/vc_column][\/vc_row][vc_row][vc_column]<div class=\"hr-thin style-line\" style=\"width: 100%;\"><\/div>[vc_column_text]<\/p>\n<h3 style=\"text-align: left;\"><div class=\"gap\" style=\"line-height: 10px; height: 10px;\"><\/div>ENTRE\u00a0MAR Y MONTA\u00d1AS, PAISAJES INCRE\u00cdBLES<\/h3>\n<p>[\/vc_column_text][\/vc_column][\/vc_row][vc_row][vc_column width=\u00bb1\/2&#8243;][vc_empty_space height=\u00bb20px\u00bb][vc_column_text]<\/p>\n<p style=\"text-align: justify;\"><div class=\"gap\" style=\"line-height: 10px; height: 10px;\"><\/div>\n<p>\u00bfSalvaje? No se trata de su habitantes, a quien les encanta compartir las historias de la regi\u00f3n, sino de sus paisajes. Los vi\u00f1edos dejan paso a laderas de tomillo, hinojo y amapolas. Se puede descubrir una multitud de variedades a lo largo de sus paseos pero tambi\u00e9n con degustaci\u00f3n en casa de los productores artesanales. Para los amantes de los animales, la reserva natural de Sigean aloja m\u00e1s de 3800 animales y les recibe 365 d\u00edas al a\u00f1o.<\/p>\n<p>[\/vc_column_text][\/vc_column][vc_column width=\u00bb1\/2&#8243;][vc_empty_space height=\u00bb35px\u00bb][vc_single_image image=\u00bb216&#8243; img_size=\u00bbmedium\u00bb alignment=\u00bbright\u00bb][\/vc_column][vc_column][vc_empty_space][\/vc_column][\/vc_row][vc_row][vc_column]<div class=\"hr-thin style-line\" style=\"width: 100%;\"><\/div>[vc_column_text]<\/p>\n<h3><div class=\"gap\" style=\"line-height: 10px; height: 10px;\"><\/div>UNA TEMPORADA DE VERANO LLENA DE FERIAS<\/h3>\n<p>[\/vc_column_text][\/vc_column][\/vc_row][vc_row][vc_column width=\u00bb1\/2&#8243;][vc_empty_space height=\u00bb45px\u00bb][vc_single_image image=\u00bb1073&#8243; img_size=\u00bbmedium\u00bb][\/vc_column][vc_column width=\u00bb1\/2&#8243;][vc_empty_space][vc_column_text]<\/p>\n<p class=\"p1\" style=\"text-align: justify;\">Numerosas ferias animan las plazas de las ciudades y las bodegas de los pueblos del Languedoc durante verano. Jazz au Ch\u00e2teau l\u2019Hospitalet (<a href=\"http:\/\/www.chateau-hospitalet.com\/fr\/restaurant-art-de-vivre\/programmation-des-vendredis-du-jazz\/\">http:\/\/www.chateau-hospitalet.com\/fr\/restaurant-art-de-vivre\/programmation-des-vendredis-du-jazz\/<\/a>), violonchelo en Fontfroide, conciertos durante las ferias, festival de m\u00fasica electr\u00f3nica en la playa, hay de todo para los mel\u00f3manos.<\/p>\n<p>[\/vc_column_text][\/vc_column][vc_column][vc_empty_space][\/vc_column][\/vc_row][vc_row][vc_column]<div class=\"hr-thin style-line\" style=\"width: 100%;\"><\/div>[vc_column_text]<\/p>\n<h3><div class=\"gap\" style=\"line-height: 10px; height: 10px;\"><\/div>RINCONES ESCONDIDOS PARA LOS GOURMETS<\/h3>\n<p>[\/vc_column_text][\/vc_column][\/vc_row][vc_row][vc_column width=\u00bb1\/2&#8243;][vc_empty_space height=\u00bb92px\u00bb][vc_column_text]<div class=\"gap\" style=\"line-height: 10px; height: 10px;\"><\/div>\n<p class=\"p1\" style=\"text-align: justify;\">El Languedoc tiene un patrimonio gastron\u00f3mico sabroso. Entre tierra y mar, los sabores se combinan con estilo, sublimado por los maridajes con el vino. Aqu\u00ed los epic\u00fareos no pueden estar decepcionados.<\/p>\n<p class=\"p1\" style=\"text-align: justify;\">[\/vc_column_text][\/vc_column][vc_column width=\u00bb1\/2&#8243;][vc_empty_space][vc_single_image image=\u00bb1064&#8243; img_size=\u00bbmedium\u00bb alignment=\u00bbright\u00bb][\/vc_column][vc_column][vc_empty_space][\/vc_column][\/vc_row][vc_row][vc_column]<div class=\"hr-thin style-line\" style=\"width: 100%;\"><\/div>[vc_column_text]<\/p>\n<h3><div class=\"gap\" style=\"line-height: 10px; height: 10px;\"><\/div>DEPORTES EXTREMOS PARA LOS AVENTUREROS<\/h3>\n<p>[\/vc_column_text][\/vc_column][\/vc_row][vc_row][vc_column width=\u00bb1\/2&#8243;][vc_empty_space height=\u00bb50px\u00bb][vc_column_text]<\/p>\n<p class=\"p1\" style=\"text-align: justify;\">Viento, monta\u00f1a, intrepidez: todo lo neceario para probar los deportes extremos y establecer nuevos r\u00e9cords. Escalada, canoa, rafting, BTT, salto en paraca\u00eddas, kite surf, windsurf, no hay l\u00edmites.[\/vc_column_text][vc_empty_space][\/vc_column][vc_column width=\u00bb1\/2&#8243;][vc_empty_space][vc_single_image image=\u00bb1050&#8243; img_size=\u00bbmedium\u00bb alignment=\u00bbright\u00bb][vc_empty_space][\/vc_column][\/vc_row][vc_row][vc_column]<div class=\"hr-thin style-line\" style=\"width: 100%;\"><\/div>[\/vc_column][\/vc_row]<\/p>\n<\/div>","protected":false},"excerpt":{"rendered":"<p>[vc_row][vc_column][vc_empty_space][\/vc_column][vc_column][vc_column_text] EXPLORAR EL CANAL DU MIDI, PROBAR LA COCINA DE UN JEFE, DESCUBRIR EL PATRIMONIO CATARO, PASEARSE EN LOS VI\u00d1EDOS, Y BEBER VINO VINO VINO En el coraz\u00f3n del Languedoc, al lado del Canal du Midi, pueden disfrutar de numerosas actividades. Si no conocen los tesoros del patrimonio del pa\u00eds c\u00e1taro \u00a1que se animen porque&hellip;<\/p>\n","protected":false},"author":2,"featured_media":0,"parent":2725,"menu_order":0,"comment_status":"closed","ping_status":"closed","template":"","meta":[],"yoast_head":"<!-- This site is optimized with the Yoast SEO plugin v21.8.1 - https:\/\/yoast.com\/wordpress\/plugins\/seo\/ -->\n<title>Explorar los entornos - Ch\u00e2teau de Paraza<\/title>\n<meta name=\"description\" content=\"EXPLORAR EL CANAL DU MIDI, PROBAR LA COCINA DE UN JEFE, DESCUBRIR EL PATRIMONIO CATARO, PASEARSE EN LOS VI\u00d1EDOS, Y BEBER VINO VINO VINO En el coraz\u00f3n del\" \/>\n<meta name=\"robots\" content=\"index, follow, max-snippet:-1, max-image-preview:large, max-video-preview:-1\" \/>\n<link rel=\"canonical\" href=\"https:\/\/www.chateau-de-paraza.com\/es\/habitaciones-de-huespedes\/explorer-les-environs\/\" \/>\n<meta property=\"og:locale\" content=\"es_ES\" \/>\n<meta property=\"og:type\" content=\"article\" \/>\n<meta property=\"og:title\" content=\"Explorar los entornos - Ch\u00e2teau de Paraza\" \/>\n<meta property=\"og:description\" content=\"EXPLORAR EL CANAL DU MIDI, PROBAR LA COCINA DE UN JEFE, DESCUBRIR EL PATRIMONIO CATARO, PASEARSE EN LOS VI\u00d1EDOS, Y BEBER VINO VINO VINO En el coraz\u00f3n del\" \/>\n<meta property=\"og:url\" content=\"https:\/\/www.chateau-de-paraza.com\/es\/habitaciones-de-huespedes\/explorer-les-environs\/\" \/>\n<meta property=\"og:site_name\" content=\"Ch\u00e2teau de Paraza\" \/>\n<meta property=\"article:publisher\" content=\"https:\/\/www.facebook.com\/chateaudeparaza\" \/>\n<meta property=\"article:modified_time\" content=\"2022-03-25T09:44:28+00:00\" \/>\n<meta name=\"twitter:card\" content=\"summary_large_image\" \/>\n<meta name=\"twitter:site\" content=\"@ChateauDeParaza\" \/>\n<meta name=\"twitter:label1\" content=\"Tiempo de lectura\" \/>\n\t<meta name=\"twitter:data1\" content=\"8 minutos\" \/>\n<script type=\"application\/ld+json\" class=\"yoast-schema-graph\">{\"@context\":\"https:\/\/schema.org\",\"@graph\":[{\"@type\":\"WebPage\",\"@id\":\"https:\/\/www.chateau-de-paraza.com\/es\/habitaciones-de-huespedes\/explorer-les-environs\/\",\"url\":\"https:\/\/www.chateau-de-paraza.com\/es\/habitaciones-de-huespedes\/explorer-les-environs\/\",\"name\":\"Explorar los entornos - Ch\u00e2teau de Paraza\",\"isPartOf\":{\"@id\":\"https:\/\/www.chateau-de-paraza.com\/#website\"},\"datePublished\":\"2017-07-26T17:12:16+00:00\",\"dateModified\":\"2022-03-25T09:44:28+00:00\",\"description\":\"EXPLORAR EL CANAL DU MIDI, PROBAR LA COCINA DE UN JEFE, DESCUBRIR EL PATRIMONIO CATARO, PASEARSE EN LOS VI\u00d1EDOS, Y BEBER VINO VINO VINO En el coraz\u00f3n del\",\"breadcrumb\":{\"@id\":\"https:\/\/www.chateau-de-paraza.com\/es\/habitaciones-de-huespedes\/explorer-les-environs\/#breadcrumb\"},\"inLanguage\":\"es\",\"potentialAction\":[{\"@type\":\"ReadAction\",\"target\":[\"https:\/\/www.chateau-de-paraza.com\/es\/habitaciones-de-huespedes\/explorer-les-environs\/\"]}]},{\"@type\":\"BreadcrumbList\",\"@id\":\"https:\/\/www.chateau-de-paraza.com\/es\/habitaciones-de-huespedes\/explorer-les-environs\/#breadcrumb\",\"itemListElement\":[{\"@type\":\"ListItem\",\"position\":1,\"name\":\"Accueil\",\"item\":\"https:\/\/www.chateau-de-paraza.com\/es\/\"},{\"@type\":\"ListItem\",\"position\":2,\"name\":\"Suites\",\"item\":\"https:\/\/www.chateau-de-paraza.com\/chambres-dhotes\/\"},{\"@type\":\"ListItem\",\"position\":3,\"name\":\"Explorar los entornos\"}]},{\"@type\":\"WebSite\",\"@id\":\"https:\/\/www.chateau-de-paraza.com\/#website\",\"url\":\"https:\/\/www.chateau-de-paraza.com\/\",\"name\":\"Ch\u00e2teau de Paraza\",\"description\":\"Site web du Ch\u00e2teau de Paraza\",\"potentialAction\":[{\"@type\":\"SearchAction\",\"target\":{\"@type\":\"EntryPoint\",\"urlTemplate\":\"https:\/\/www.chateau-de-paraza.com\/?s={search_term_string}\"},\"query-input\":\"required name=search_term_string\"}],\"inLanguage\":\"es\"}]}<\/script>\n<!-- \/ Yoast SEO plugin. -->","yoast_head_json":{"title":"Explorar los entornos - Ch\u00e2teau de Paraza","description":"EXPLORAR EL CANAL DU MIDI, PROBAR LA COCINA DE UN JEFE, DESCUBRIR EL PATRIMONIO CATARO, PASEARSE EN LOS VI\u00d1EDOS, Y BEBER VINO VINO VINO En el coraz\u00f3n del","robots":{"index":"index","follow":"follow","max-snippet":"max-snippet:-1","max-image-preview":"max-image-preview:large","max-video-preview":"max-video-preview:-1"},"canonical":"https:\/\/www.chateau-de-paraza.com\/es\/habitaciones-de-huespedes\/explorer-les-environs\/","og_locale":"es_ES","og_type":"article","og_title":"Explorar los entornos - Ch\u00e2teau de Paraza","og_description":"EXPLORAR EL CANAL DU MIDI, PROBAR LA COCINA DE UN JEFE, DESCUBRIR EL PATRIMONIO CATARO, PASEARSE EN LOS VI\u00d1EDOS, Y BEBER VINO VINO VINO En el coraz\u00f3n del","og_url":"https:\/\/www.chateau-de-paraza.com\/es\/habitaciones-de-huespedes\/explorer-les-environs\/","og_site_name":"Ch\u00e2teau de Paraza","article_publisher":"https:\/\/www.facebook.com\/chateaudeparaza","article_modified_time":"2022-03-25T09:44:28+00:00","twitter_card":"summary_large_image","twitter_site":"@ChateauDeParaza","twitter_misc":{"Tiempo de lectura":"8 minutos"},"schema":{"@context":"https:\/\/schema.org","@graph":[{"@type":"WebPage","@id":"https:\/\/www.chateau-de-paraza.com\/es\/habitaciones-de-huespedes\/explorer-les-environs\/","url":"https:\/\/www.chateau-de-paraza.com\/es\/habitaciones-de-huespedes\/explorer-les-environs\/","name":"Explorar los entornos - Ch\u00e2teau de Paraza","isPartOf":{"@id":"https:\/\/www.chateau-de-paraza.com\/#website"},"datePublished":"2017-07-26T17:12:16+00:00","dateModified":"2022-03-25T09:44:28+00:00","description":"EXPLORAR EL CANAL DU MIDI, PROBAR LA COCINA DE UN JEFE, DESCUBRIR EL PATRIMONIO CATARO, PASEARSE EN LOS VI\u00d1EDOS, Y BEBER VINO VINO VINO En el coraz\u00f3n del","breadcrumb":{"@id":"https:\/\/www.chateau-de-paraza.com\/es\/habitaciones-de-huespedes\/explorer-les-environs\/#breadcrumb"},"inLanguage":"es","potentialAction":[{"@type":"ReadAction","target":["https:\/\/www.chateau-de-paraza.com\/es\/habitaciones-de-huespedes\/explorer-les-environs\/"]}]},{"@type":"BreadcrumbList","@id":"https:\/\/www.chateau-de-paraza.com\/es\/habitaciones-de-huespedes\/explorer-les-environs\/#breadcrumb","itemListElement":[{"@type":"ListItem","position":1,"name":"Accueil","item":"https:\/\/www.chateau-de-paraza.com\/es\/"},{"@type":"ListItem","position":2,"name":"Suites","item":"https:\/\/www.chateau-de-paraza.com\/chambres-dhotes\/"},{"@type":"ListItem","position":3,"name":"Explorar los entornos"}]},{"@type":"WebSite","@id":"https:\/\/www.chateau-de-paraza.com\/#website","url":"https:\/\/www.chateau-de-paraza.com\/","name":"Ch\u00e2teau de Paraza","description":"Site web du Ch\u00e2teau de Paraza","potentialAction":[{"@type":"SearchAction","target":{"@type":"EntryPoint","urlTemplate":"https:\/\/www.chateau-de-paraza.com\/?s={search_term_string}"},"query-input":"required name=search_term_string"}],"inLanguage":"es"}]}},"_links":{"self":[{"href":"https:\/\/www.chateau-de-paraza.com\/es\/wp-json\/wp\/v2\/pages\/2816"}],"collection":[{"href":"https:\/\/www.chateau-de-paraza.com\/es\/wp-json\/wp\/v2\/pages"}],"about":[{"href":"https:\/\/www.chateau-de-paraza.com\/es\/wp-json\/wp\/v2\/types\/page"}],"author":[{"embeddable":true,"href":"https:\/\/www.chateau-de-paraza.com\/es\/wp-json\/wp\/v2\/users\/2"}],"replies":[{"embeddable":true,"href":"https:\/\/www.chateau-de-paraza.com\/es\/wp-json\/wp\/v2\/comments?post=2816"}],"version-history":[{"count":3,"href":"https:\/\/www.chateau-de-paraza.com\/es\/wp-json\/wp\/v2\/pages\/2816\/revisions"}],"predecessor-version":[{"id":6711,"href":"https:\/\/www.chateau-de-paraza.com\/es\/wp-json\/wp\/v2\/pages\/2816\/revisions\/6711"}],"up":[{"embeddable":true,"href":"https:\/\/www.chateau-de-paraza.com\/es\/wp-json\/wp\/v2\/pages\/2725"}],"wp:attachment":[{"href":"https:\/\/www.chateau-de-paraza.com\/es\/wp-json\/wp\/v2\/media?parent=2816"}],"curies":[{"name":"wp","href":"https:\/\/api.w.org\/{rel}","templated":true}]}}