{"id":2811,"date":"2017-07-26T16:59:18","date_gmt":"2017-07-26T15:59:18","guid":{"rendered":"https:\/\/www.chateau-de-paraza.com\/es\/?page_id=2811"},"modified":"2017-07-26T16:59:18","modified_gmt":"2017-07-26T15:59:18","slug":"cata-de-vinos-bodega-chateau-de-paraza","status":"publish","type":"page","link":"https:\/\/www.chateau-de-paraza.com\/es\/cata-de-vinos-bodega-chateau-de-paraza\/","title":{"rendered":"Cata de vinos en la bodega Chateau de Paraza"},"content":{"rendered":"<div class=\"wpb-content-wrapper\"><p>[vc_row][vc_column][vc_column_text]<\/p>\n<p class=\"p1\" style=\"text-align: center;\"><span class=\"s1\">CH\u00c2TEAU DE PARAZA<\/span><\/p>\n<p class=\"p1\" style=\"text-align: center;\"><span class=\"s1\">A.O.C. MINERVOIS<\/span><\/p>\n<p class=\"p1\" style=\"text-align: center;\"><span class=\"s1\">GRANDES VINOS\u00a0DEL LANGUEDOC<\/span><\/p>\n<p class=\"p1\" style=\"text-align: center;\"><span class=\"s1\">VINOS\u00a0DEL SUR DE FRANCIA<\/span><\/p>\n<p>[\/vc_column_text][\/vc_column][vc_column][vc_empty_space][\/vc_column][\/vc_row][vc_row][vc_column][vc_single_image image=\u00bb2434&#8243; img_size=\u00bblarge\u00bb][\/vc_column][\/vc_row][vc_row][vc_column][vc_empty_space][\/vc_column][\/vc_row][vc_row][vc_column][vc_column_text]<\/p>\n<p class=\"p1\" style=\"text-align: justify;\">EL CHATEAU DE PARAZA REPRESENTA EL GUARDI\u00c1N DE UNA TRADICI\u00d3N VITICOLA ANCESTRAL. LOS VINOS ELABORADOS SON RICOS, AFRUTADOS, CON CUERPO, CON UN EQUILIBRIO ARMONIOSO ENTRE POTENCIA Y DELICADEZA. SON APRECIADOS A TRAV\u00c9S DEL MUNDO.<\/p>\n<p class=\"p1\" style=\"text-align: justify;\">Orgullosos de nuestra bodega de un tama\u00f1o de m\u00e1s de 100m de longitud, nos gusta compartir nuestra pasi\u00f3n de la profesi\u00f3n y hacer descubrir las particularidades de nuestra tierra y nuestros vinos a todos los que andan por nuestra bodega.<\/p>\n<p class=\"p1\" style=\"text-align: justify;\">[\/vc_column_text][\/vc_column][\/vc_row][vc_row][vc_column][vc_empty_space][\/vc_column][\/vc_row][vc_row][vc_column]<div class=\"hr-thick\" style=\"width: 75%;border-color: #f4f4f4;\"><\/div>[\/vc_column][\/vc_row][vc_row][vc_column][vc_empty_space][\/vc_column][\/vc_row][vc_row][vc_column width=\u00bb1\/4&#8243;][vc_column_text]<\/p>\n<h3 style=\"text-align: center;\"><strong>CATA<br \/>\nCL\u00c1SICA<\/strong><\/h3>\n<p>[\/vc_column_text][\/vc_column][vc_column width=\u00bb3\/4&#8243;][vc_column_text]Introducci\u00f3n a los ensamblajes del Minervois con la cata de los \u00abCuv\u00e9es Sp\u00e9ciales\u00a0\u00bb blanco, rosado y tinto.<br \/>\nTotal: 3 vinos[\/vc_column_text]<div class=\"hr-thin style-line\" style=\"width: 100%;border-color: #f4f4f4;\"><\/div>[vc_column_text]Cata gratis[\/vc_column_text][\/vc_column][\/vc_row][vc_row][vc_column][vc_empty_space][\/vc_column][\/vc_row][vc_row][vc_column width=\u00bb1\/4&#8243;][vc_column_text]<\/p>\n<h3 style=\"text-align: center;\"><strong>CATA<br \/>\nEXCLUSIVA<\/strong><\/h3>\n<p>[\/vc_column_text][\/vc_column][vc_column width=\u00bb3\/4&#8243;][vc_column_text]Una cata completa con diferentes gamas de vinos de una sola cepa (100% Syrah, 100% Garnacha), los \u00abCuv\u00e9es Sp\u00e9ciales\u00a0\u00bb, la gama romana asi como los vinos espumosos.<br \/>\nTotal: 9 vinos[\/vc_column_text]<div class=\"hr-thin style-line\" style=\"width: 100%;border-color: #f4f4f4;\"><\/div>[vc_column_text]Precio: 7\u20ac\/pers &#8211; 12\u20ac\/pareja<br \/>\nGRATIS AL COMPRAR UNA CAJA DE VINO[\/vc_column_text][\/vc_column][\/vc_row][vc_row][vc_column][vc_empty_space]<div class=\"hr-thick\" style=\"width: 75%;border-color: #f4f4f4;\"><\/div>[vc_empty_space][vc_column_text]<\/p>\n<h3>CATA PARA LOS GRUPOS<\/h3>\n<p>[\/vc_column_text][vc_empty_space][vc_column_text]<\/p>\n<p>Nos alegra mucho recibir grupos para las catas. Para los grupos de 10 personas y m\u00e1s, es posible acompa\u00f1ar la cata exclusiva con unas tapas compuestas de productos locales caseros. Aproximadamente 1h30. A partir de 10\u20ac\/pers.<\/p>\n<p>Contactarnos para cualquier informaci\u00f3n. [\/vc_column_text][\/vc_column][\/vc_row]<\/p>\n<\/div>","protected":false},"excerpt":{"rendered":"<p>[vc_row][vc_column][vc_column_text] CH\u00c2TEAU DE PARAZA A.O.C. MINERVOIS GRANDES VINOS\u00a0DEL LANGUEDOC VINOS\u00a0DEL SUR DE FRANCIA [\/vc_column_text][\/vc_column][vc_column][vc_empty_space][\/vc_column][\/vc_row][vc_row][vc_column][vc_single_image image=\u00bb2434&#8243; img_size=\u00bblarge\u00bb][\/vc_column][\/vc_row][vc_row][vc_column][vc_empty_space][\/vc_column][\/vc_row][vc_row][vc_column][vc_column_text] EL CHATEAU DE PARAZA REPRESENTA EL GUARDI\u00c1N DE UNA TRADICI\u00d3N VITICOLA ANCESTRAL. LOS VINOS ELABORADOS SON RICOS, AFRUTADOS, CON CUERPO, CON UN EQUILIBRIO ARMONIOSO ENTRE POTENCIA Y DELICADEZA. SON APRECIADOS A TRAV\u00c9S DEL MUNDO. Orgullosos de nuestra bodega de&hellip;<\/p>\n","protected":false},"author":2,"featured_media":0,"parent":0,"menu_order":1,"comment_status":"closed","ping_status":"closed","template":"","meta":[],"yoast_head":"<!-- This site is optimized with the Yoast SEO plugin v21.8.1 - https:\/\/yoast.com\/wordpress\/plugins\/seo\/ -->\n<title>Cata de vinos en la bodega Chateau de Paraza - Ch\u00e2teau de Paraza<\/title>\n<meta name=\"description\" content=\"CH\u00c2TEAU DE PARAZA A.O.C. MINERVOIS GRANDES VINOS\u00a0DEL LANGUEDOC VINOS\u00a0DEL SUR DE FRANCIA EL CHATEAU DE PARAZA REPRESENTA EL GUARDI\u00c1N DE UNA TRADICI\u00d3N\" \/>\n<meta name=\"robots\" content=\"index, follow, max-snippet:-1, max-image-preview:large, max-video-preview:-1\" \/>\n<link rel=\"canonical\" href=\"https:\/\/www.chateau-de-paraza.com\/?page_id=512\" \/>\n<meta property=\"og:locale\" content=\"es_ES\" \/>\n<meta property=\"og:type\" content=\"article\" \/>\n<meta property=\"og:title\" content=\"Cata de vinos en la bodega Chateau de Paraza - Ch\u00e2teau de Paraza\" \/>\n<meta property=\"og:description\" content=\"CH\u00c2TEAU DE PARAZA A.O.C. MINERVOIS GRANDES VINOS\u00a0DEL LANGUEDOC VINOS\u00a0DEL SUR DE FRANCIA EL CHATEAU DE PARAZA REPRESENTA EL GUARDI\u00c1N DE UNA TRADICI\u00d3N\" \/>\n<meta property=\"og:url\" content=\"https:\/\/www.chateau-de-paraza.com\/?page_id=512\" \/>\n<meta property=\"og:site_name\" content=\"Ch\u00e2teau de Paraza\" \/>\n<meta property=\"article:publisher\" content=\"https:\/\/www.facebook.com\/chateaudeparaza\" \/>\n<meta name=\"twitter:card\" content=\"summary_large_image\" \/>\n<meta name=\"twitter:site\" content=\"@ChateauDeParaza\" \/>\n<meta name=\"twitter:label1\" content=\"Tiempo de lectura\" \/>\n\t<meta name=\"twitter:data1\" content=\"2 minutos\" \/>\n<script type=\"application\/ld+json\" class=\"yoast-schema-graph\">{\"@context\":\"https:\/\/schema.org\",\"@graph\":[{\"@type\":\"WebPage\",\"@id\":\"https:\/\/www.chateau-de-paraza.com\/?page_id=512\",\"url\":\"https:\/\/www.chateau-de-paraza.com\/?page_id=512\",\"name\":\"Cata de vinos en la bodega Chateau de Paraza - Ch\u00e2teau de Paraza\",\"isPartOf\":{\"@id\":\"https:\/\/www.chateau-de-paraza.com\/#website\"},\"datePublished\":\"2017-07-26T15:59:18+00:00\",\"dateModified\":\"2017-07-26T15:59:18+00:00\",\"description\":\"CH\u00c2TEAU DE PARAZA A.O.C. MINERVOIS GRANDES VINOS\u00a0DEL LANGUEDOC VINOS\u00a0DEL SUR DE FRANCIA EL CHATEAU DE PARAZA REPRESENTA EL GUARDI\u00c1N DE UNA TRADICI\u00d3N\",\"breadcrumb\":{\"@id\":\"https:\/\/www.chateau-de-paraza.com\/?page_id=512#breadcrumb\"},\"inLanguage\":\"es\",\"potentialAction\":[{\"@type\":\"ReadAction\",\"target\":[\"https:\/\/www.chateau-de-paraza.com\/?page_id=512\"]}]},{\"@type\":\"BreadcrumbList\",\"@id\":\"https:\/\/www.chateau-de-paraza.com\/?page_id=512#breadcrumb\",\"itemListElement\":[{\"@type\":\"ListItem\",\"position\":1,\"name\":\"Accueil\",\"item\":\"https:\/\/www.chateau-de-paraza.com\/es\/\"},{\"@type\":\"ListItem\",\"position\":2,\"name\":\"Cata de vinos en la bodega Chateau de Paraza\"}]},{\"@type\":\"WebSite\",\"@id\":\"https:\/\/www.chateau-de-paraza.com\/#website\",\"url\":\"https:\/\/www.chateau-de-paraza.com\/\",\"name\":\"Ch\u00e2teau de Paraza\",\"description\":\"Site web du Ch\u00e2teau de Paraza\",\"potentialAction\":[{\"@type\":\"SearchAction\",\"target\":{\"@type\":\"EntryPoint\",\"urlTemplate\":\"https:\/\/www.chateau-de-paraza.com\/?s={search_term_string}\"},\"query-input\":\"required name=search_term_string\"}],\"inLanguage\":\"es\"}]}<\/script>\n<!-- \/ Yoast SEO plugin. -->","yoast_head_json":{"title":"Cata de vinos en la bodega Chateau de Paraza - Ch\u00e2teau de Paraza","description":"CH\u00c2TEAU DE PARAZA A.O.C. MINERVOIS GRANDES VINOS\u00a0DEL LANGUEDOC VINOS\u00a0DEL SUR DE FRANCIA EL CHATEAU DE PARAZA REPRESENTA EL GUARDI\u00c1N DE UNA TRADICI\u00d3N","robots":{"index":"index","follow":"follow","max-snippet":"max-snippet:-1","max-image-preview":"max-image-preview:large","max-video-preview":"max-video-preview:-1"},"canonical":"https:\/\/www.chateau-de-paraza.com\/?page_id=512","og_locale":"es_ES","og_type":"article","og_title":"Cata de vinos en la bodega Chateau de Paraza - Ch\u00e2teau de Paraza","og_description":"CH\u00c2TEAU DE PARAZA A.O.C. MINERVOIS GRANDES VINOS\u00a0DEL LANGUEDOC VINOS\u00a0DEL SUR DE FRANCIA EL CHATEAU DE PARAZA REPRESENTA EL GUARDI\u00c1N DE UNA TRADICI\u00d3N","og_url":"https:\/\/www.chateau-de-paraza.com\/?page_id=512","og_site_name":"Ch\u00e2teau de Paraza","article_publisher":"https:\/\/www.facebook.com\/chateaudeparaza","twitter_card":"summary_large_image","twitter_site":"@ChateauDeParaza","twitter_misc":{"Tiempo de lectura":"2 minutos"},"schema":{"@context":"https:\/\/schema.org","@graph":[{"@type":"WebPage","@id":"https:\/\/www.chateau-de-paraza.com\/?page_id=512","url":"https:\/\/www.chateau-de-paraza.com\/?page_id=512","name":"Cata de vinos en la bodega Chateau de Paraza - Ch\u00e2teau de Paraza","isPartOf":{"@id":"https:\/\/www.chateau-de-paraza.com\/#website"},"datePublished":"2017-07-26T15:59:18+00:00","dateModified":"2017-07-26T15:59:18+00:00","description":"CH\u00c2TEAU DE PARAZA A.O.C. MINERVOIS GRANDES VINOS\u00a0DEL LANGUEDOC VINOS\u00a0DEL SUR DE FRANCIA EL CHATEAU DE PARAZA REPRESENTA EL GUARDI\u00c1N DE UNA TRADICI\u00d3N","breadcrumb":{"@id":"https:\/\/www.chateau-de-paraza.com\/?page_id=512#breadcrumb"},"inLanguage":"es","potentialAction":[{"@type":"ReadAction","target":["https:\/\/www.chateau-de-paraza.com\/?page_id=512"]}]},{"@type":"BreadcrumbList","@id":"https:\/\/www.chateau-de-paraza.com\/?page_id=512#breadcrumb","itemListElement":[{"@type":"ListItem","position":1,"name":"Accueil","item":"https:\/\/www.chateau-de-paraza.com\/es\/"},{"@type":"ListItem","position":2,"name":"Cata de vinos en la bodega Chateau de Paraza"}]},{"@type":"WebSite","@id":"https:\/\/www.chateau-de-paraza.com\/#website","url":"https:\/\/www.chateau-de-paraza.com\/","name":"Ch\u00e2teau de Paraza","description":"Site web du Ch\u00e2teau de Paraza","potentialAction":[{"@type":"SearchAction","target":{"@type":"EntryPoint","urlTemplate":"https:\/\/www.chateau-de-paraza.com\/?s={search_term_string}"},"query-input":"required name=search_term_string"}],"inLanguage":"es"}]}},"_links":{"self":[{"href":"https:\/\/www.chateau-de-paraza.com\/es\/wp-json\/wp\/v2\/pages\/2811"}],"collection":[{"href":"https:\/\/www.chateau-de-paraza.com\/es\/wp-json\/wp\/v2\/pages"}],"about":[{"href":"https:\/\/www.chateau-de-paraza.com\/es\/wp-json\/wp\/v2\/types\/page"}],"author":[{"embeddable":true,"href":"https:\/\/www.chateau-de-paraza.com\/es\/wp-json\/wp\/v2\/users\/2"}],"replies":[{"embeddable":true,"href":"https:\/\/www.chateau-de-paraza.com\/es\/wp-json\/wp\/v2\/comments?post=2811"}],"version-history":[{"count":0,"href":"https:\/\/www.chateau-de-paraza.com\/es\/wp-json\/wp\/v2\/pages\/2811\/revisions"}],"wp:attachment":[{"href":"https:\/\/www.chateau-de-paraza.com\/es\/wp-json\/wp\/v2\/media?parent=2811"}],"curies":[{"name":"wp","href":"https:\/\/api.w.org\/{rel}","templated":true}]}}