{"id":2804,"date":"2017-07-26T16:30:24","date_gmt":"2017-07-26T15:30:24","guid":{"rendered":"https:\/\/www.chateau-de-paraza.com\/es\/?page_id=2804"},"modified":"2024-08-10T14:28:01","modified_gmt":"2024-08-10T13:28:01","slug":"noticias","status":"publish","type":"page","link":"https:\/\/www.chateau-de-paraza.com\/es\/noticias\/","title":{"rendered":"Noticias"},"content":{"rendered":"<div class=\"wpb-content-wrapper\"><p>[vc_row][vc_column][vc_empty_space]<div class=\"dt-fancy-separator text-big\" style=\"width: 100%;\"><div class=\"dt-fancy-title\"><span class=\"separator-holder separator-left\"><\/span>Prochains \u00e9v\u00e8nements de la saison 2024<span class=\"separator-holder separator-right\"><\/span><\/div><\/div>[vc_empty_space][\/vc_column][\/vc_row][vc_row][vc_column width=\u00bb1\/4&#8243;][vc_empty_space height=\u00bb60px\u00bb][vc_single_image image=\u00bb10279&#8243; img_size=\u00bbfull\u00bb alignment=\u00bbcenter\u00bb style=\u00bbvc_box_shadow_3d\u00bb onclick=\u00bbimg_link_large\u00bb][\/vc_column][vc_column width=\u00bb3\/4&#8243;][vc_column_text]<\/p>\n<h3>Les Ap\u00e9ros retour de plage !<\/h3>\n<p>[\/vc_column_text][vc_column_text]<\/p>\n<h3>Cet \u00e9t\u00e9, on triple les plaisirs, car il n&#8217;y aura pas 1, ni 2, mais 3 Ap\u00e9ros retour de plage !&#x1f377;&#x1f60b; &#x1f389;<\/h3>\n<p>L&#8217;Ap\u00e9ro retour de plage, c&#8217;est quoi ?<\/p>\n<p>Tradition au ch\u00e2teau de Paraza depuis 2019, les ap\u00e9ros retour de plage sont l&#8217;occasion de se retrouver pour l&#8217;ap\u00e9ro, autour d&#8217;un verre de vin et de plateaux ap\u00e9ritifs, de notre super DJ et tout \u00e7a dans les jardins du ch\u00e2teau !<\/p>\n<p>On se donne rendez-vous le <strong>samedi 13 juille<\/strong>t, le <strong>samedi 3 ao\u00fbt<\/strong> et enfin le <strong>vendredi 16 ao\u00fbt<\/strong> au Ch\u00e2teau de Paraza, en musique, pour l&#8217;ap\u00e9ro ! &#x1f377;&#x2728;<br \/>\n&#x1f555; d\u00e8s 18h00 : AP\u00c9RO &#x1f377; Du bon vin, des foodtrucks, du soleil et de la bonne musique !<\/p>\n<p>Comment participer? C&#8217;est facile : &#x1f4dd; Remplissez ce formulaire ci-dessous[\/vc_column_text][vc_empty_space][vc_btn title=\u00bbPlus d&#8217;information!\u00bb style=\u00bb3d\u00bb link=\u00bburl:https%3A%2F%2Fforms.gle%2FEFYmSe6S9KmSfyuM9|title:formulaire%20inscrption|target:_blank|\u00bb][vc_empty_space][\/vc_column][\/vc_row][vc_row][vc_column width=\u00bb1\/4&#8243;][vc_empty_space][vc_empty_space][vc_empty_space][vc_single_image image=\u00bb5818&#8243; img_size=\u00bblarge\u00bb alignment=\u00bbcenter\u00bb][vc_empty_space][vc_empty_space][\/vc_column][vc_column width=\u00bb3\/4&#8243;][vc_empty_space][vc_column_text]<\/p>\n<h3>SAMEDI 21 SEPTEMBRE \u00c0 16H30 &#8211; R\u00e9cital Prestige<\/h3>\n<p>[\/vc_column_text][vc_empty_space][vc_column_text]Nous sommes ravis de vous annoncer que, comme les ann\u00e9es pr\u00e9c\u00e9dentes, le ch\u00e2teau vous invite \u00e0 vivre une exp\u00e9rience musicale unique le samedi 21 septembre. Dans le cadre du festival \u00abMa Vigne en Musique\u00bb, pr\u00e9parez-vous \u00e0 \u00eatre transport\u00e9 par le talent exceptionnel de <a href=\"https:\/\/www.muza.fr\/index.php\">Muza Rubackyt\u0117<\/a> lors d&#8217;un concert d&#8217;une dur\u00e9e de 1h30.<\/p>\n<p>Ne manquez pas cette occasion unique de d\u00e9couvrir la musique classique. R\u00e9servez d\u00e8s maintenant et pr\u00e9parez-vous \u00e0 \u00eatre \u00e9merveill\u00e9 par le talent exceptionnel de cette pianiste lors du concert au ch\u00e2teau. Une exp\u00e9rience musicale inoubliable vous attend !<\/p>\n<h5><strong><div class=\"gap\" style=\"line-height: 10px; height: 10px;\"><\/div>[CONCERT PAYANT]<\/strong><\/h5>\n<p>[\/vc_column_text][vc_empty_space][vc_btn title=\u00bbR\u00e9servation par ici\u00bb style=\u00bb3d\u00bb link=\u00bburl:https%3A%2F%2Fwww.narbonne-classic-festival.fr%2Fproduit%2Frecital-prestige-de-vilnius-a-venise%2F|\u00bb][\/vc_column][\/vc_row][vc_row][vc_column width=\u00bb1\/4&#8243;][vc_empty_space height=\u00bb60px\u00bb][vc_single_image image=\u00bb213&#8243; img_size=\u00bblarge\u00bb alignment=\u00bbcenter\u00bb][\/vc_column][vc_column width=\u00bb3\/4&#8243;][vc_empty_space][vc_column_text]<\/p>\n<h3>SAMEDI 19 OCTOBRE 2024 &#8211; LA NUIT DES CH\u00c2TEAUX<\/h3>\n<p>[\/vc_column_text][vc_empty_space][vc_column_text]D\u00e9couvrez le Ch\u00e2teau de Paraza sous un autre jour.<\/p>\n<p>Comme l&#8217;ann\u00e9e derni\u00e8re, le ch\u00e2teau vous ouvre ses portes et vous convie pour un moment hors du temps, en ces murs charg\u00e9s d&#8217;histoire.<\/p>\n<p>D\u00e9couvrez le programme de cette journ\u00e9e bient\u00f4t sur notre site internet.<\/p>\n<p>Retrouvez l&#8217;\u00e9v\u00e9nement sur Facebook\u00a0 &gt;\u00a0 <a href=\"https:\/\/www.facebook.com\/nuitdeschateaux\">Par Ici\u00a0<\/a>[\/vc_column_text][vc_empty_space][vc_empty_space][vc_column_text][\/vc_column_text][\/vc_column][\/vc_row][vc_row][vc_column][vc_empty_space][vc_column_text]<\/p>\n<h2>\u00c9v\u00e9nements de la saison d\u00e9j\u00e0 pass\u00e9s<\/h2>\n<p>[\/vc_column_text][vc_empty_space][\/vc_column][\/vc_row][vc_row][vc_column width=\u00bb1\/4&#8243;][vc_empty_space height=\u00bb60px\u00bb][vc_single_image image=\u00bb5620&#8243; alignment=\u00bbcenter\u00bb style=\u00bbvc_box_shadow_3d\u00bb onclick=\u00bbimg_link_large\u00bb][\/vc_column][vc_column width=\u00bb3\/4&#8243;][vc_column_text]<\/p>\n<h3>Atelier d&#8217;Initiation \u00e0 la d\u00e9gustation &#x1f377;<\/h3>\n<p>[\/vc_column_text][vc_column_text]<\/p>\n<h3>Initiation \u00e0 la d\u00e9gustation avec notre vigneron !<\/h3>\n<p>date : samedi 27 juillet<\/p>\n<p>On se retrouve pour une d\u00e9gustation en toute intimit\u00e9 avec notre vigneron<\/p>\n<p>&#8211; expliquer l&#8217;identit\u00e9 d&#8217;un vin<br \/>\n&#8211; d\u00e9tailler notre appellation Minervois l&#8217;identit\u00e9 un vin<\/p>\n<p>&#x1f60a; Une ambiance conviviale et d\u00e9contract\u00e9e vous attend, id\u00e9ale pour des moments m\u00e9morables entre amis et en famille.[\/vc_column_text][vc_empty_space][vc_empty_space][vc_empty_space][\/vc_column][\/vc_row][vc_row][vc_column width=\u00bb1\/4&#8243;][vc_empty_space height=\u00bb60px\u00bb][vc_single_image image=\u00bb9317&#8243; img_size=\u00bbfull\u00bb alignment=\u00bbcenter\u00bb style=\u00bbvc_box_shadow_3d\u00bb onclick=\u00bbimg_link_large\u00bb][\/vc_column][vc_column width=\u00bb3\/4&#8243;][vc_column_text]<\/p>\n<h3>L&#8217;ouverture du Caf\u00e9 du Port !<\/h3>\n<p>[\/vc_column_text][vc_column_text]<\/p>\n<h3>Comme tous les \u00e9t\u00e9s, c&#8217;est le moment de red\u00e9couvrir le Caf\u00e9 du Port !&#x1f377;&#x1f60b; &#x1f389;<\/h3>\n<p>R\u00e9ouverture du Caf\u00e9 du Port :<strong> 6 juin,<\/strong> \u00e0 partir de 18h<\/p>\n<p>&#x1f31e; On vous donne rendez-vous d\u00e8s le jeudi 6 juin au Caf\u00e9 du Port ! On vous a concoct\u00e9 une saison estivale parfaite au bord du canal du Midi.<\/p>\n<p>&#x1f377; D\u00e9couvrez les meilleurs vins locaux et laissez-vous tenter par nos tapas savoureux, pr\u00e9par\u00e9s avec soin par notre chef cuisinier !<\/p>\n<p>&#x1f60a; Une ambiance conviviale et d\u00e9contract\u00e9e vous attend, id\u00e9ale pour des moments m\u00e9morables entre amis et en famille.<\/p>\n<p>Ouverture : Du mardi au dimanche, les soirs.[\/vc_column_text][vc_empty_space][\/vc_column][\/vc_row][vc_row][vc_column width=\u00bb1\/4&#8243;][vc_empty_space height=\u00bb60px\u00bb][vc_single_image image=\u00bb9509&#8243; img_size=\u00bbfull\u00bb alignment=\u00bbcenter\u00bb style=\u00bbvc_box_shadow_3d\u00bb onclick=\u00bbimg_link_large\u00bb][\/vc_column][vc_column width=\u00bb3\/4&#8243;][vc_column_text]<\/p>\n<h3>L&#8217;ap\u00e9ro de\u00a0 No\u00ebl au Ch\u00e2teau de Paraza !<\/h3>\n<p>[\/vc_column_text][vc_column_text]<strong>AP\u00c9RO DE NO\u00cbL !<\/strong><br \/>\nFondue, vin chaud, musique et tartiflette\u00a0 &#x1f377;&#x1f60b; &#x1f389;<\/p>\n<p>Soir\u00e9e Vigneronne au Ch\u00e2teau de Paraza le samedi 16 d\u00e9cembre! &#x2728;&#x1f384;<br \/>\nNous sommes tr\u00e8s heureux de vous convier \u00e0 cette nouvelle \u00e9dition d&#8217;ap\u00e9ro de no\u00ebl au Ch\u00e2teau de Paraza pour une soir\u00e9e de No\u00ebl m\u00e9morable le 16 d\u00e9cembre. &#x1f377;&#x2728;<br \/>\n&#x1f555; 18h00 : AP\u00c9RO &#x1f377; Du bon vin chaud pour vous r\u00e9chauffer<br \/>\n&#x1f37d;&#xfe0f; On est bien dans la saison du fromage fondu ? #raclette<br \/>\n&#x1f468;&#x200d;&#x1f373; L&#8217;incroyable @lepetit.cone sera l\u00e0 \u00e9galement avec ses sp\u00e9cialit\u00e9s sucr\u00e9es et sal\u00e9es<br \/>\n&#x1f377;C\u00f4t\u00e9 buvette, nous vous proposerons diff\u00e9rentes boissons, et aussi les derni\u00e8res cuv\u00e9es Made in Paraza<br \/>\n&#x1f3b6; Et bien s\u00fbr, on va danser avec les sons de notre DJ pr\u00e9f\u00e9r\u00e9, @rimlaurens<br \/>\nComment participer? C&#8217;est facile : &#x1f4dd; Remplissez ce formulaire[\/vc_column_text][\/vc_column][\/vc_row][vc_row][vc_column width=\u00bb1\/4&#8243;][vc_empty_space height=\u00bb60px\u00bb][vc_single_image image=\u00bb9260&#8243; img_size=\u00bbfull\u00bb alignment=\u00bbcenter\u00bb style=\u00bbvc_box_shadow_3d\u00bb onclick=\u00bbimg_link_large\u00bb][\/vc_column][vc_column width=\u00bb3\/4&#8243;][vc_empty_space][vc_column_text]<\/p>\n<h3>L&#8217;\u00e9t\u00e9 au Ch\u00e2teau de Paraza avec Le petit comptoir et Loca cuisine Nomade.<\/h3>\n<p>[\/vc_column_text][vc_column_text]<strong>FESTIVAL OH LALA !<\/strong><br \/>\nWine, food &amp; art festival &#x1f377;&#x1f60b; &#x1f389;<\/p>\n<p><strong>Le Petit Comptoir et Local Cuisine Nomade<\/strong> s&#8217;unissent le temps d&#8217;un \u00e9t\u00e9 et prennent place au Ch\u00e2teau de Paraza. Ils vont concocter une s\u00e9rie d&#8217;\u00e9v\u00e9nements originaux, m\u00ealant vin, gastronomie et art. Rendez-vous pour des exp\u00e9riences uniques ![\/vc_column_text][vc_btn title=\u00bbPlus d&#8217;information!\u00bb style=\u00bb3d\u00bb link=\u00bburl:https%3A%2F%2Fwww.chateau-de-paraza.com%2Factualites%2Ffestival-ohlala%2F|title:formulaire%20inscrption|target:_blank|\u00bb][vc_empty_space][\/vc_column][\/vc_row][vc_row][vc_column width=\u00bb1\/4&#8243;][vc_empty_space height=\u00bb60px\u00bb][vc_single_image image=\u00bb5578&#8243; img_size=\u00bblarge\u00bb alignment=\u00bbcenter\u00bb][\/vc_column][vc_column width=\u00bb3\/4&#8243;][vc_empty_space][vc_column_text]<\/p>\n<h3>VENDREDI 21 JUILLET \u00c0 18H &#8211; L&#8217;AP\u00c9RO RETOUR DE PLAGE<\/h3>\n<p>[\/vc_column_text][vc_empty_space][vc_column_text]Au ch\u00e2teau on profite de l\u2019\u00e9t\u00e9 en musique et en bonne compagnie ! Alors comme chaque ann\u00e9e, on vous invite le <strong>vendredi 21<\/strong> <strong>juillet \u00e0 partir de 18h<\/strong> pour l\u2019ap\u00e9ro ! Sur place, vous pourrez profiter de diff\u00e9rents Food trucks ainsi que d\u2019une buvette g\u00e9r\u00e9e par le Ch\u00e2teau de Paraza.<\/p>\n<p>L\u2019\u00e9v\u00e9nement est gratuit mais sur r\u00e9servation (au 07 78 19 16 41)<\/p>\n<p>N\u2019h\u00e9sitez pas \u00e0 nous contacter pour toute question.[\/vc_column_text][vc_btn title=\u00bbr\u00e9servation par ici !\u00bb style=\u00bbcustom\u00bb custom_background=\u00bb#f2f2f2&#8243; custom_text=\u00bb#686868&#8243; link=\u00bburl:https%3A%2F%2Fforms.gle%2FsRye2JSo6srE6RrcA|title:formulaire%20inscrption%20|\u00bb][vc_column_text]<\/p>\n<h3>VENDREDI 11 AO\u00dbT \u00c0 18H &#8211; L&#8217;AP\u00c9RO RETOUR DE PLAGE<\/h3>\n<p>[\/vc_column_text][vc_empty_space][vc_column_text]Au ch\u00e2teau on profite de l\u2019\u00e9t\u00e9 en musique et en bonne compagnie ! Alors comme chaque ann\u00e9e, on vous invite le\u00a0 <strong>vendredi 11 ao\u00fbt \u00e0 partir de 18h<\/strong> pour l\u2019ap\u00e9ro ! Sur place, vous pourrez profiter de diff\u00e9rents Food trucks ainsi que d\u2019une buvette g\u00e9r\u00e9e par le Ch\u00e2teau de Paraza.<\/p>\n<p>L\u2019\u00e9v\u00e9nement est gratuit mais sur r\u00e9servation (au 07 78 19 16 41)<\/p>\n<p>N\u2019h\u00e9sitez pas \u00e0 nous contacter pour toute question.[\/vc_column_text][vc_btn title=\u00bbr\u00e9servation par ici !\u00bb style=\u00bbcustom\u00bb custom_background=\u00bb#f2f2f2&#8243; custom_text=\u00bb#686868&#8243; link=\u00bburl:https%3A%2F%2Fforms.gle%2FdQZ9Gwb51JPTYqiu9|title:formulaire%20inscrption|\u00bb][vc_empty_space][\/vc_column][\/vc_row][vc_row][vc_column width=\u00bb1\/4&#8243;][vc_empty_space height=\u00bb60px\u00bb][vc_single_image image=\u00bb5818&#8243; img_size=\u00bblarge\u00bb alignment=\u00bbcenter\u00bb][\/vc_column][vc_column width=\u00bb3\/4&#8243;][vc_empty_space][vc_column_text]<\/p>\n<h3>DIMANCHE 16 OCTOBRE \u00c0 16H30 &#8211; QUATUOR ELLIPSOS et FR\u00c9D\u00c9RIC LOD\u00c9ON<\/h3>\n<p>[\/vc_column_text][vc_empty_space][vc_column_text]Comme les ann\u00e9es pr\u00e9c\u00e9dentes, red\u00e9couvrez le ch\u00e2teau en musique le <strong>dimanche 16 octobre \u00e0 16h30. <\/strong>Dans le cadre du festival <a href=\"https:\/\/www.narbonne-classic-festival.fr\">Ma vigne en Musique<\/a>, le <strong>quatuor Ellipsos<\/strong> vous entrainera dans sa g\u00e9n\u00e9rosit\u00e9 et sa flamboyance, tout en maitrise suivi de\u00a0<strong>Fr\u00e9d\u00e9ric Lod\u00e9on<\/strong>, violoncelliste de renom<\/p>\n<p><strong>Le Quatuor Ellipsos\u00a0<\/strong>est un quatuor de saxophonistes form\u00e9 par Paul-Fathi Lacombe, Julien Br\u00e9chet, Sylvain Jarry et Nicolas Herrou\u00ebt. Form\u00e9 \u00e0 Nantes, le quatuor a re\u00e7u l&#8217;enseignement de Paul Meyer et Eric Le Sage au CRR de Paris et interpr\u00e8te des \u0153uvres classiques mais aussi modernes.<\/p>\n<p><strong>Fr\u00e9d\u00e9ric Lod\u00e9on<\/strong>\u00a0commence le violoncelle dans sa jeunesse dans le Pas-de-Calais, en 1960. quelques ann\u00e9es plus tard il re\u00e7oit le premier prix de violoncelle au Conservatoire National Sup\u00e9rieur de Musique et de Danse de Paris. Le d\u00e9but d&#8217;une longue s\u00e9rie pour le musicien fran\u00e7ais. Il s&#8217;int\u00e9resse ensuite aux m\u00e9dias, au d\u00e9but des ann\u00e9es 1990 et anima de nombreuses \u00e9missions de ses d\u00e9buts jusqu&#8217;\u00e0 aujourd&#8217;hui.<\/p>\n<h5><strong><div class=\"gap\" style=\"line-height: 10px; height: 10px;\"><\/div>[CONCERT PAYANT]<\/strong><\/h5>\n<p>[\/vc_column_text][vc_row_inner][vc_column_inner][vc_empty_space][vc_btn title=\u00bbSuivre l&#8217;\u00e9v\u00e8nement Facebook\u00bb size=\u00bbxs\u00bb align=\u00bbcenter\u00bb link=\u00bburl:https%3A%2F%2Fwww.facebook.com%2Fphoto%2F%3Ffbid%3D669182874522955%26set%3Dpcb.669182897856286|target:_blank|\u00bb][vc_empty_space][\/vc_column_inner][\/vc_row_inner][\/vc_column][\/vc_row][vc_row][vc_column width=\u00bb1\/4&#8243;][vc_empty_space height=\u00bb60px\u00bb][vc_single_image image=\u00bb7901&#8243; img_size=\u00bblarge\u00bb alignment=\u00bbcenter\u00bb][\/vc_column][vc_column width=\u00bb3\/4&#8243;][vc_empty_space][vc_column_text]<\/p>\n<h3>SAMEDI 22 AVRIL \u00c0 17H &#8211; FAYA FEST<\/h3>\n<p>[\/vc_column_text][vc_empty_space][vc_column_text]En ce <strong>samedi 22 avril \u00e0 partir de 17h<\/strong>, le Ch\u00e2teau de Paraza accueille le\u00a0Faya Fest pour vous proposer une exp\u00e9rience exceptionnelle alliant tradition, au coeur de notre caveau du XVIII\u00e8me si\u00e8cle, et modernit\u00e9 avec des artistes jeunes, repr\u00e9sentant la nouvelle g\u00e9n\u00e9ration de l&#8217;\u00e9lectro et de la techno qui vous feront vibrer toute la nuit.<\/p>\n<p>Avec un line-up d&#8217;artistes locaux, le collectif de Narbonne vient investir ce lieu charg\u00e9 d&#8217;histoire et vous emm\u00e8ne dans leur univers musical le temps d&#8217;une soir\u00e9e.<\/p>\n<p><strong>Laissez vous porter par Shic and Shaub, DJ football, Martin Lavabre, Paul Roux et Trudge<\/strong>[\/vc_column_text][vc_empty_space][\/vc_column][\/vc_row][vc_row][\/vc_row][vc_column][vc_empty_space][\/vc_column]<div class=\"hr-thick\" style=\"width: 75%;border-color: #f4f4f4;\"><\/div>[vc_column_text]<\/p>\n<p style=\"text-align: center;\">Vous voulez en savoir plus sur une th\u00e9matique en particulier concernant la fabrication du vin? les appellations? la d\u00e9gustation?<\/p>\n<p style=\"text-align: center;\">N&#8217;h\u00e9sitez pas \u00e0 nous \u00e9crire et nous essaierons de publier une actualit\u00e9 sur le sujet prochainement.<\/p>\n<p>[\/vc_column_text]<\/p>\n<\/div>","protected":false},"excerpt":{"rendered":"<p>[vc_row][vc_column][vc_empty_space][vc_empty_space][\/vc_column][\/vc_row][vc_row][vc_column width=\u00bb1\/4&#8243;][vc_empty_space height=\u00bb60px\u00bb][vc_single_image image=\u00bb10279&#8243; img_size=\u00bbfull\u00bb alignment=\u00bbcenter\u00bb style=\u00bbvc_box_shadow_3d\u00bb onclick=\u00bbimg_link_large\u00bb][\/vc_column][vc_column width=\u00bb3\/4&#8243;][vc_column_text] Les Ap\u00e9ros retour de plage ! [\/vc_column_text][vc_column_text] Cet \u00e9t\u00e9, on triple les plaisirs, car il n&#8217;y aura pas 1, ni 2, mais 3 Ap\u00e9ros retour de plage !&#x1f377;&#x1f60b; &#x1f389; L&#8217;Ap\u00e9ro retour de plage, c&#8217;est quoi ? Tradition au ch\u00e2teau de Paraza depuis 2019, les ap\u00e9ros retour&hellip;<\/p>\n","protected":false},"author":2,"featured_media":0,"parent":0,"menu_order":0,"comment_status":"closed","ping_status":"closed","template":"","meta":[],"yoast_head":"<!-- This site is optimized with the Yoast SEO plugin v21.8.1 - https:\/\/yoast.com\/wordpress\/plugins\/seo\/ -->\n<title>Noticias - Ch\u00e2teau de Paraza<\/title>\n<meta name=\"description\" content=\"Les Ap\u00e9ros retour de plage ! Cet \u00e9t\u00e9, on triple les plaisirs, car il n&#039;y aura pas 1, ni 2, mais 3 Ap\u00e9ros retour de plage !&#x1f377;&#x1f60b; &#x1f389;\" \/>\n<meta name=\"robots\" content=\"index, follow, max-snippet:-1, max-image-preview:large, max-video-preview:-1\" \/>\n<link rel=\"canonical\" href=\"https:\/\/www.chateau-de-paraza.com\/actualites\/\" \/>\n<meta property=\"og:locale\" content=\"es_ES\" \/>\n<meta property=\"og:type\" content=\"article\" \/>\n<meta property=\"og:title\" content=\"Noticias - Ch\u00e2teau de Paraza\" \/>\n<meta property=\"og:description\" content=\"Les Ap\u00e9ros retour de plage ! Cet \u00e9t\u00e9, on triple les plaisirs, car il n&#039;y aura pas 1, ni 2, mais 3 Ap\u00e9ros retour de plage !&#x1f377;&#x1f60b; &#x1f389;\" \/>\n<meta property=\"og:url\" content=\"https:\/\/www.chateau-de-paraza.com\/actualites\/\" \/>\n<meta property=\"og:site_name\" content=\"Ch\u00e2teau de Paraza\" \/>\n<meta property=\"article:publisher\" content=\"https:\/\/www.facebook.com\/chateaudeparaza\" \/>\n<meta property=\"article:modified_time\" content=\"2024-08-10T13:28:01+00:00\" \/>\n<meta name=\"twitter:card\" content=\"summary_large_image\" \/>\n<meta name=\"twitter:site\" content=\"@ChateauDeParaza\" \/>\n<meta name=\"twitter:label1\" content=\"Tiempo de lectura\" \/>\n\t<meta name=\"twitter:data1\" content=\"10 minutos\" \/>\n<script type=\"application\/ld+json\" class=\"yoast-schema-graph\">{\"@context\":\"https:\/\/schema.org\",\"@graph\":[{\"@type\":\"WebPage\",\"@id\":\"https:\/\/www.chateau-de-paraza.com\/actualites\/\",\"url\":\"https:\/\/www.chateau-de-paraza.com\/actualites\/\",\"name\":\"Noticias - Ch\u00e2teau de Paraza\",\"isPartOf\":{\"@id\":\"https:\/\/www.chateau-de-paraza.com\/#website\"},\"datePublished\":\"2017-07-26T15:30:24+00:00\",\"dateModified\":\"2024-08-10T13:28:01+00:00\",\"description\":\"Les Ap\u00e9ros retour de plage ! Cet \u00e9t\u00e9, on triple les plaisirs, car il n'y aura pas 1, ni 2, mais 3 Ap\u00e9ros retour de plage !&#x1f377;&#x1f60b; &#x1f389;\",\"breadcrumb\":{\"@id\":\"https:\/\/www.chateau-de-paraza.com\/actualites\/#breadcrumb\"},\"inLanguage\":\"es\",\"potentialAction\":[{\"@type\":\"ReadAction\",\"target\":[\"https:\/\/www.chateau-de-paraza.com\/actualites\/\"]}]},{\"@type\":\"BreadcrumbList\",\"@id\":\"https:\/\/www.chateau-de-paraza.com\/actualites\/#breadcrumb\",\"itemListElement\":[{\"@type\":\"ListItem\",\"position\":1,\"name\":\"Accueil\",\"item\":\"https:\/\/www.chateau-de-paraza.com\/es\/\"},{\"@type\":\"ListItem\",\"position\":2,\"name\":\"Noticias\"}]},{\"@type\":\"WebSite\",\"@id\":\"https:\/\/www.chateau-de-paraza.com\/#website\",\"url\":\"https:\/\/www.chateau-de-paraza.com\/\",\"name\":\"Ch\u00e2teau de Paraza\",\"description\":\"Site web du Ch\u00e2teau de Paraza\",\"potentialAction\":[{\"@type\":\"SearchAction\",\"target\":{\"@type\":\"EntryPoint\",\"urlTemplate\":\"https:\/\/www.chateau-de-paraza.com\/?s={search_term_string}\"},\"query-input\":\"required name=search_term_string\"}],\"inLanguage\":\"es\"}]}<\/script>\n<!-- \/ Yoast SEO plugin. -->","yoast_head_json":{"title":"Noticias - Ch\u00e2teau de Paraza","description":"Les Ap\u00e9ros retour de plage ! Cet \u00e9t\u00e9, on triple les plaisirs, car il n'y aura pas 1, ni 2, mais 3 Ap\u00e9ros retour de plage !&#x1f377;&#x1f60b; &#x1f389;","robots":{"index":"index","follow":"follow","max-snippet":"max-snippet:-1","max-image-preview":"max-image-preview:large","max-video-preview":"max-video-preview:-1"},"canonical":"https:\/\/www.chateau-de-paraza.com\/actualites\/","og_locale":"es_ES","og_type":"article","og_title":"Noticias - Ch\u00e2teau de Paraza","og_description":"Les Ap\u00e9ros retour de plage ! Cet \u00e9t\u00e9, on triple les plaisirs, car il n'y aura pas 1, ni 2, mais 3 Ap\u00e9ros retour de plage !&#x1f377;&#x1f60b; &#x1f389;","og_url":"https:\/\/www.chateau-de-paraza.com\/actualites\/","og_site_name":"Ch\u00e2teau de Paraza","article_publisher":"https:\/\/www.facebook.com\/chateaudeparaza","article_modified_time":"2024-08-10T13:28:01+00:00","twitter_card":"summary_large_image","twitter_site":"@ChateauDeParaza","twitter_misc":{"Tiempo de lectura":"10 minutos"},"schema":{"@context":"https:\/\/schema.org","@graph":[{"@type":"WebPage","@id":"https:\/\/www.chateau-de-paraza.com\/actualites\/","url":"https:\/\/www.chateau-de-paraza.com\/actualites\/","name":"Noticias - Ch\u00e2teau de Paraza","isPartOf":{"@id":"https:\/\/www.chateau-de-paraza.com\/#website"},"datePublished":"2017-07-26T15:30:24+00:00","dateModified":"2024-08-10T13:28:01+00:00","description":"Les Ap\u00e9ros retour de plage ! Cet \u00e9t\u00e9, on triple les plaisirs, car il n'y aura pas 1, ni 2, mais 3 Ap\u00e9ros retour de plage !&#x1f377;&#x1f60b; &#x1f389;","breadcrumb":{"@id":"https:\/\/www.chateau-de-paraza.com\/actualites\/#breadcrumb"},"inLanguage":"es","potentialAction":[{"@type":"ReadAction","target":["https:\/\/www.chateau-de-paraza.com\/actualites\/"]}]},{"@type":"BreadcrumbList","@id":"https:\/\/www.chateau-de-paraza.com\/actualites\/#breadcrumb","itemListElement":[{"@type":"ListItem","position":1,"name":"Accueil","item":"https:\/\/www.chateau-de-paraza.com\/es\/"},{"@type":"ListItem","position":2,"name":"Noticias"}]},{"@type":"WebSite","@id":"https:\/\/www.chateau-de-paraza.com\/#website","url":"https:\/\/www.chateau-de-paraza.com\/","name":"Ch\u00e2teau de Paraza","description":"Site web du Ch\u00e2teau de Paraza","potentialAction":[{"@type":"SearchAction","target":{"@type":"EntryPoint","urlTemplate":"https:\/\/www.chateau-de-paraza.com\/?s={search_term_string}"},"query-input":"required name=search_term_string"}],"inLanguage":"es"}]}},"_links":{"self":[{"href":"https:\/\/www.chateau-de-paraza.com\/es\/wp-json\/wp\/v2\/pages\/2804"}],"collection":[{"href":"https:\/\/www.chateau-de-paraza.com\/es\/wp-json\/wp\/v2\/pages"}],"about":[{"href":"https:\/\/www.chateau-de-paraza.com\/es\/wp-json\/wp\/v2\/types\/page"}],"author":[{"embeddable":true,"href":"https:\/\/www.chateau-de-paraza.com\/es\/wp-json\/wp\/v2\/users\/2"}],"replies":[{"embeddable":true,"href":"https:\/\/www.chateau-de-paraza.com\/es\/wp-json\/wp\/v2\/comments?post=2804"}],"version-history":[{"count":11,"href":"https:\/\/www.chateau-de-paraza.com\/es\/wp-json\/wp\/v2\/pages\/2804\/revisions"}],"predecessor-version":[{"id":10726,"href":"https:\/\/www.chateau-de-paraza.com\/es\/wp-json\/wp\/v2\/pages\/2804\/revisions\/10726"}],"wp:attachment":[{"href":"https:\/\/www.chateau-de-paraza.com\/es\/wp-json\/wp\/v2\/media?parent=2804"}],"curies":[{"name":"wp","href":"https:\/\/api.w.org\/{rel}","templated":true}]}}