{"id":2791,"date":"2015-05-27T13:21:39","date_gmt":"2015-05-27T12:21:39","guid":{"rendered":"https:\/\/www.chateau-de-paraza.com\/es\/?page_id=2791"},"modified":"2022-04-13T13:56:52","modified_gmt":"2022-04-13T12:56:52","slug":"venta-de-vinos","status":"publish","type":"page","link":"https:\/\/www.chateau-de-paraza.com\/es\/venta-de-vinos\/","title":{"rendered":"Venta de vinos"},"content":{"rendered":"<div class=\"wpb-content-wrapper\"><p>[vc_row][vc_column][vc_column_text]<\/p>\n<h1 style=\"text-align: center;\">VENTA DE VINOS DEL MINERVOIS POR INTERNET<\/h1>\n<div class=\"gap\" style=\"line-height: 10px; height: 10px;\"><\/div><div class=\"gap\" style=\"line-height: 10px; height: 10px;\"><\/div>\n<h3 style=\"text-align: center;\">AFRUTADOS O CON CUERPO, DESCUBREN LOS VINOS DEL CHATEAU DE PARAZA<\/h3>\n<p>[\/vc_column_text][vc_empty_space][vc_empty_space]<div class=\"hr-thick\" style=\"width: 25%;\"><\/div>[vc_empty_space][vc_empty_space height=\u00bb52px\u00bb]<div class=\"hr-thick\" style=\"width: 25%;\"><\/div>[vc_empty_space height=\u00bb52px\u00bb][vc_row_inner][vc_column_inner width=\u00bb1\/2&#8243;][vc_single_image image=\u00bb4545&#8243; img_size=\u00bblarge\u00bb][vc_empty_space][\/vc_column_inner][vc_column_inner width=\u00bb1\/2&#8243;][vc_empty_space][vc_column_text]<\/p>\n<h4 style=\"text-align: left;\">Le Ch\u00e2teau de Paraza elabora vinos del Minervois con car\u00e1cter. Ofrecen una riqueza arom\u00e1tica extraordinaria y una estructura balanceada. La firma del viticultor se expresa a trav\u00e9s del trabajo meticuloso de la uva que dan taninos sedosos<\/h4>\n<p>[\/vc_column_text][vc_empty_space]<blockquote class=\"text-big shortcode-blockquote\"><p>C&#8217;est avant tout avec de bons raisins que l&#8217;on peut \u00e9laborer de grands vins<\/p>\n<p>\u00abAnte todo son buenas uvas que permiten elaborar grandes vinos\u00bb<\/p>\n<\/blockquote>[vc_empty_space][\/vc_column_inner][\/vc_row_inner][\/vc_column][\/vc_row][vc_row][vc_column][vc_column_text]<\/p>\n<h3>Elaboramos nuestros vinos con afici\u00f3n y rigor, en el respeto de nuestras vi\u00f1as y nuestro ambiente<\/h3>\n<p><strong>&#x27a1; Nuestra viticultura respecta al medio ambiente, est\u00e1mos certificados HVE nivel 3.<\/strong> Para tener m\u00e1s informaci\u00f3n sobre <a href=\"https:\/\/www.chateau-de-paraza.com\/es\/domaine\/tierra-y-filosofia\/\">nuestro terroir (terru\u00f1o) y nuestra filosof\u00eda<\/a><\/p>\n<p><strong>&#x27a1; Nuestros vinos se distinguen cada a\u00f1o en prestigiosos concursos franceses e internacionales<\/strong>. Para saber m\u00e1s sobre <a href=\"https:\/\/www.chateau-de-paraza.com\/actualites\/medailles-awards\/\">las medallas y recompensas<\/a> de nuestros vinos <strong>actualmente disponibles para la venta<\/strong>. Para consultar el ranking de las m\u00e1s ancianas a\u00f1adas, hagan click <a href=\"https:\/\/www.chateau-de-paraza.com\/wp-content\/uploads\/2020\/11\/Liste-officielle-des-m%C3%A9dailles-anciens-mill%C3%A9simes-_web.pdf\">aqu\u00ed<\/a>[\/vc_column_text][vc_empty_space][\/vc_column][\/vc_row][vc_row][vc_column]<div class=\"hr-thin style-line\" style=\"width: 100%;\"><\/div>[vc_empty_space][\/vc_column][\/vc_row][vc_row][vc_column][vc_empty_space][vc_column_text]<\/p>\n<h2 style=\"text-align: left;\"><span style=\"color: #993300;\"><strong>DESCUBREN NUESTRAS DIFERENTES GAMAS DE VINOS\u00a0<\/strong><\/span><\/h2>\n<p>[\/vc_column_text][vc_empty_space][\/vc_column][\/vc_row][vc_row][vc_column][vc_column_text el_class=\u00bbmajuscule\u00bb]<\/p>\n<h3><span style=\"color: #993300;\"><a style=\"color: #993300;\" href=\"\/?product_cat=vins\/les-vins-de-pays-doc\">OHLALA<\/a><\/span><\/h3>\n<p>[\/vc_column_text][vc_column_text]<\/p>\n<h5 style=\"text-align: left;\">Domaine de Paraza<br \/>\nIGP Pays d&#8217;Oc<\/h5>\n<p class=\"p1\" style=\"text-align: left;\">Nuestro vino original re\u00fane a las mejores cepas del Sur de Francia. Perfecta para los momentos de convivencia y de reparto<\/p>\n<h5><a href=\"https:\/\/www.chateau-de-paraza.com\/es\/contact\/\">[Para pedir este vino y recibirlo a casa, s\u00edrvanse contactarnos directamente por tel\u00e9fono u por correo\u00a0 : chateaudeparaza@gmail.com]<\/a><\/h5>\n<p>[\/vc_column_text][vc_empty_space][\/vc_column][\/vc_row][vc_row][vc_column width=\u00bb1\/2&#8243;]<div class=\"woocommerce columns-3 \"><\/div>[\/vc_column][vc_column width=\u00bb1\/4&#8243;][vc_single_image image=\u00bb5026&#8243; img_size=\u00bbmedium\u00bb alignment=\u00bbcenter\u00bb][\/vc_column][vc_column width=\u00bb1\/4&#8243;][\/vc_column][vc_column][vc_empty_space][\/vc_column][\/vc_row][vc_row][vc_column][vc_column_text el_class=\u00bbmajuscule\u00bb]<\/p>\n<h3><span style=\"color: #993300;\">LOS TEMERARIOS : \u00c9T\u00c9 INDIEN &#8211; vino brisado, LES NUITS DE PARAZA &#8211; vin sin sulfitos a\u00f1adidos<\/span><\/h3>\n<p>[\/vc_column_text][vc_column_text]<\/p>\n<h5 style=\"text-align: left;\">Domaine de Paraza<br \/>\nIGP Pays d&#8217;Oc et Vin de France<\/h5>\n<p class=\"p1\" style=\"text-align: left;\">Los vinos singulares que provienen de cepas que no son tradicionales del Minervois : Merlot y Cabernet Franc para \u00abLes Nuits de Paraza\u00bb (vino sin sulfitos a\u00f1adidos) y 100% Gewurztraminer para el vino brisado \u00ab\u00c9t\u00e9 indien\u00bb en maceraci\u00f3n pelicular<\/p>\n<p>[\/vc_column_text][vc_empty_space][\/vc_column][\/vc_row][vc_row][vc_column width=\u00bb1\/2&#8243;]<div class=\"woocommerce columns-3 \"><\/div>[\/vc_column][vc_column width=\u00bb1\/4&#8243;][\/vc_column][vc_column width=\u00bb1\/4&#8243;][\/vc_column][vc_column][vc_empty_space][\/vc_column][\/vc_row][vc_row][vc_column][vc_column_text]<\/p>\n<h3><span style=\"color: #993300;\">BAD ROSIE<\/span><\/h3>\n<p>[\/vc_column_text][vc_column_text]<\/p>\n<h5 style=\"text-align: left;\">Ch\u00e2teau de Paraza<br \/>\nAOC Minervois<\/h5>\n<p class=\"p1\" style=\"text-align: left;\">El vino rosado que seduce por su frescor y su ligereza<\/p>\n<p>[\/vc_column_text][vc_empty_space][\/vc_column][\/vc_row][vc_row][vc_column width=\u00bb1\/3&#8243;]<div class=\"woocommerce columns-4 \"><\/div>[\/vc_column][vc_column width=\u00bb1\/3&#8243;]<div class=\"woocommerce columns-4 \"><\/div>[\/vc_column][vc_column width=\u00bb1\/3&#8243;][vc_single_image image=\u00bb5030&#8243; img_size=\u00bbmedium\u00bb][vc_empty_space][\/vc_column][\/vc_row][vc_row][vc_column][vc_empty_space][vc_column_text el_class=\u00bbmajuscule\u00bb]<\/p>\n<h3><a href=\"https:\/\/www.chateau-de-paraza.com\/vente-de-vins\/effervescents\/bulles\/\"><span style=\"color: #993300;\">LAS BURBUJAS DE PARAZA<\/span><\/a><\/h3>\n<p>[\/vc_column_text][vc_column_text]<\/p>\n<h4 style=\"text-align: left;\">AOC Cr\u00e9mant de Limoux<\/h4>\n<p style=\"text-align: left;\">Elaborado seg\u00fan el m\u00e9todo tradicional en el magn\u00edfico terroir de Limoux, este Cr\u00e9mant EXTRA-BRUTO seduce los aficionados de hermosas burbujas. D\u00e9jese seducir por este cuv\u00e9e elegante para las celebraciones<\/p>\n<p>[\/vc_column_text][vc_empty_space]<div class=\"woocommerce columns-3 \"><\/div>[vc_empty_space][\/vc_column][\/vc_row][vc_row][vc_column][vc_column_text el_class=\u00bbmajuscule\u00bb]<\/p>\n<h3><span style=\"color: #993300;\"><a style=\"color: #993300;\" href=\"\/?product_cat=vins\/les-cuvees-speciales\">GAMME CUV\u00c9E SP\u00c9CIALE<\/a>, C\u00d3RAZON DE GAMA DE LOS VINOS DEL MINERVOIS<\/span><\/h3>\n<p>[\/vc_column_text][vc_column_text]<\/p>\n<h5 style=\"text-align: left;\">Ch\u00e2teau de Paraza<br \/>\nAOC Minervois<\/h5>\n<p style=\"text-align: left;\">Vinos clasicos, elegantes, elaborados con las cepas t\u00edpicas de la regi\u00f3n : Syrah, Garnacha y Monastrell<\/p>\n<p>[\/vc_column_text][vc_empty_space]<div class=\"woocommerce columns-3 \"><\/div>[vc_empty_space][vc_column_text el_class=\u00bbmajuscule\u00bb]<\/p>\n<h3><span style=\"color: #993300;\">GAMME ROMAINE, LOS VINOS QUE PROVIENEN DE NUESTRAS ANCIANAS VI\u00d1AS\u00a0<\/span><\/h3>\n<p>[\/vc_column_text][vc_column_text]<\/p>\n<h5 style=\"text-align: left;\">Ch\u00e2teau de Paraza<br \/>\nAOC Minervois<\/h5>\n<p class=\"p1\">Las cuvas romanas se elaboran a partir de las mejores uvas, recolectadas a un grado de madurez m\u00e1s importante, lo que da mucho m\u00e1s complejidad arom\u00e1tica a los vinos. <strong>Ad Vinam<\/strong> para la elegancia e <strong>In Vino<\/strong> para la potencia. Ambas fueron recompensadas por premios de catas prestigiosas<\/p>\n<p>[\/vc_column_text][vc_empty_space]<div class=\"woocommerce columns-3 \"><\/div>[vc_empty_space][vc_column_text el_class=\u00bbmajuscule\u00bb]<\/p>\n<h3><span style=\"color: #993300;\">GAMME EXCLUSIVE<\/span><\/h3>\n<p>[\/vc_column_text][vc_column_text]<\/p>\n<h5 style=\"text-align: left;\">Ch\u00e2teau de Paraza<br \/>\nAOC Minervois<\/h5>\n<p style=\"text-align: left;\">Vinos excepcionales, sublimados por una crianza en barrica de roble. Estas cosechas son infrecuentes, las etiquetas llevan n\u00fameros, las botellas est\u00e1n ceradas. Son disponibles en caja de madera individual<\/p>\n<p>[\/vc_column_text][vc_empty_space]<div class=\"woocommerce columns-3 \"><\/div>[vc_empty_space][\/vc_column][\/vc_row][vc_row][vc_column][vc_column_text el_class=\u00bbmajuscule\u00bb]<\/p>\n<h3><span style=\"color: #993300;\">LAS VIEJAS A\u00d1ADAS<\/span><\/h3>\n<p>[\/vc_column_text][vc_column_text]<\/p>\n<p style=\"text-align: left;\">Actualmente, les asesoramos :<br \/>\nCuv\u00e9e especial 2012<br \/>\nIn Vino Veritas\u00a0 2012 &#8211; 2014<\/p>\n<p>[\/vc_column_text][vc_empty_space]<div class=\"woocommerce columns-3 \"><\/div>[vc_empty_space][\/vc_column][\/vc_row][vc_row][vc_column][vc_column_text]<\/p>\n<h3><span style=\"color: #993300;\">PALMA &#8211; blanco y rosados elegantes<\/span><\/h3>\n<p>[\/vc_column_text][vc_column_text]<\/p>\n<h5 style=\"text-align: left;\">Ch\u00e2teau de Paraza<br \/>\nAOC Minervois<\/h5>\n<p class=\"p1\" style=\"text-align: left;\"><strong>P<\/strong>ascal &#8211; <strong>A<\/strong>nnick &#8211; <strong>L<\/strong>ucile &#8211; <strong>M<\/strong>atthieu &#8211; <strong>A<\/strong>ntoine&#8230; Se inspir\u00f3 en la familia. Elaborada, como siempre, con afici\u00f3n<\/p>\n<p>[\/vc_column_text][vc_empty_space]<div class=\"woocommerce columns-3 \"><\/div>[vc_empty_space][\/vc_column][\/vc_row][vc_row disable_element=\u00bbyes\u00bb][vc_column][vc_column_text el_class=\u00bbmajuscule\u00bb]<\/p>\n<h3><span style=\"color: #993300;\"><a style=\"color: #993300;\" href=\"\/?product_cat=vins\/les-vins-de-pays-doc\">COLLECTION 100% (SYRAH &#8211; GRENACHE &#8211; MERLOT) (en rupture)<\/a><\/span><\/h3>\n<p>[\/vc_column_text][vc_column_text]<\/p>\n<h5 style=\"text-align: left;\">Domaine de Paraza<br \/>\nIGP Pays d&#8217;Oc<\/h5>\n<p style=\"text-align: left;\">100% Grenache, 100% Merlot, 100% Syrah. Des vins de plaisir, fruit\u00e9s, et faciles \u00e0 boire<\/p>\n<p>[\/vc_column_text][vc_empty_space]<div class=\"woocommerce columns-3 \"><\/div>[vc_empty_space][\/vc_column][\/vc_row][vc_row][vc_column]<div class=\"hr-thin style-double\" style=\"width: 100%;border-color: #f4f4f4;\"><\/div>[\/vc_column][\/vc_row][vc_row][vc_column][vc_empty_space][\/vc_column][\/vc_row][vc_row][vc_column][\/vc_column][vc_column][vc_empty_space height=\u00bb22px\u00bb][\/vc_column][\/vc_row][vc_row][vc_column width=\u00bb1\/6&#8243;][\/vc_column][vc_column width=\u00bb2\/3&#8243;][\/vc_column][vc_column width=\u00bb1\/6&#8243;][\/vc_column][\/vc_row][vc_row][vc_column]<div class=\"hr-thin style-line\" style=\"width: 100%;border-color: #f4f4f4;\"><\/div>[\/vc_column][\/vc_row][vc_row][vc_column][vc_empty_space height=\u00bb52px\u00bb][\/vc_column][vc_column]<blockquote class=\"text-big shortcode-blockquote\"><p style=\"text-align: center;\">Aficionados de vinos de la regi\u00f3n, descubren una gama extiende de vinos de los viticultores de nuestra Denominaci\u00f3n en la <a href=\"http:\/\/www.leminervois.com\/#\">p\u00e1gina web del Minervois<\/a><\/p>\n<\/blockquote>[vc_empty_space][vc_btn title=\u00bbDescubrir los socios\u00bb size=\u00bbxs\u00bb align=\u00bbcenter\u00bb button_block=\u00bbtrue\u00bb link=\u00bburl:https%3A%2F%2Fwww.chateau-de-paraza.com%2Fvente-de-vins%2Fou-nous-trouver%2F|title:O%C3%B9%20nous%20trouver%3A%20nos%20partenaires||\u00bb][\/vc_column][\/vc_row]<\/p>\n<\/div>","protected":false},"excerpt":{"rendered":"<p>[vc_row][vc_column][vc_column_text] VENTA DE VINOS DEL MINERVOIS POR INTERNET AFRUTADOS O CON CUERPO, DESCUBREN LOS VINOS DEL CHATEAU DE PARAZA [\/vc_column_text][vc_empty_space][vc_empty_space][vc_empty_space][vc_empty_space height=\u00bb52px\u00bb][vc_empty_space height=\u00bb52px\u00bb][vc_row_inner][vc_column_inner width=\u00bb1\/2&#8243;][vc_single_image image=\u00bb4545&#8243; img_size=\u00bblarge\u00bb][vc_empty_space][\/vc_column_inner][vc_column_inner width=\u00bb1\/2&#8243;][vc_empty_space][vc_column_text] Le Ch\u00e2teau de Paraza elabora vinos del Minervois con car\u00e1cter. Ofrecen una riqueza arom\u00e1tica extraordinaria y una estructura balanceada. La firma del viticultor se expresa a trav\u00e9s del trabajo&hellip;<\/p>\n","protected":false},"author":1,"featured_media":0,"parent":0,"menu_order":0,"comment_status":"closed","ping_status":"closed","template":"","meta":[],"yoast_head":"<!-- This site is optimized with the Yoast SEO plugin v21.8.1 - https:\/\/yoast.com\/wordpress\/plugins\/seo\/ -->\n<title>Vinos del Minervois en venta directa desde el Chateau de Paraza<\/title>\n<meta name=\"description\" content=\"Vinos del Minervois : vinos de placer arom\u00e1tico, vinos de guardia fuertes y refinados Descubren las cosechas del Ch\u00e2teau de Paraza\" \/>\n<meta name=\"robots\" content=\"index, follow, max-snippet:-1, max-image-preview:large, max-video-preview:-1\" \/>\n<link rel=\"canonical\" href=\"https:\/\/www.chateau-de-paraza.com\/vente-de-vins-minervois\/\" \/>\n<meta property=\"og:locale\" content=\"es_ES\" \/>\n<meta property=\"og:type\" content=\"article\" \/>\n<meta property=\"og:title\" content=\"Vinos del Minervois en venta directa desde el Chateau de Paraza\" \/>\n<meta property=\"og:description\" content=\"Vinos del Minervois : vinos de placer arom\u00e1tico, vinos de guardia fuertes y refinados Descubren las cosechas del Ch\u00e2teau de Paraza\" \/>\n<meta property=\"og:url\" content=\"https:\/\/www.chateau-de-paraza.com\/vente-de-vins-minervois\/\" \/>\n<meta property=\"og:site_name\" content=\"Ch\u00e2teau de Paraza\" \/>\n<meta property=\"article:publisher\" content=\"https:\/\/www.facebook.com\/chateaudeparaza\" \/>\n<meta property=\"article:modified_time\" content=\"2022-04-13T12:56:52+00:00\" \/>\n<meta name=\"twitter:card\" content=\"summary_large_image\" \/>\n<meta name=\"twitter:site\" content=\"@ChateauDeParaza\" \/>\n<meta name=\"twitter:label1\" content=\"Tiempo de lectura\" \/>\n\t<meta name=\"twitter:data1\" content=\"7 minutos\" \/>\n<script type=\"application\/ld+json\" class=\"yoast-schema-graph\">{\"@context\":\"https:\/\/schema.org\",\"@graph\":[{\"@type\":\"WebPage\",\"@id\":\"https:\/\/www.chateau-de-paraza.com\/vente-de-vins-minervois\/\",\"url\":\"https:\/\/www.chateau-de-paraza.com\/vente-de-vins-minervois\/\",\"name\":\"Vinos del Minervois en venta directa desde el Chateau de Paraza\",\"isPartOf\":{\"@id\":\"https:\/\/www.chateau-de-paraza.com\/#website\"},\"datePublished\":\"2015-05-27T12:21:39+00:00\",\"dateModified\":\"2022-04-13T12:56:52+00:00\",\"description\":\"Vinos del Minervois : vinos de placer arom\u00e1tico, vinos de guardia fuertes y refinados Descubren las cosechas del Ch\u00e2teau de Paraza\",\"breadcrumb\":{\"@id\":\"https:\/\/www.chateau-de-paraza.com\/vente-de-vins-minervois\/#breadcrumb\"},\"inLanguage\":\"es\",\"potentialAction\":[{\"@type\":\"ReadAction\",\"target\":[\"https:\/\/www.chateau-de-paraza.com\/vente-de-vins-minervois\/\"]}]},{\"@type\":\"BreadcrumbList\",\"@id\":\"https:\/\/www.chateau-de-paraza.com\/vente-de-vins-minervois\/#breadcrumb\",\"itemListElement\":[{\"@type\":\"ListItem\",\"position\":1,\"name\":\"Accueil\",\"item\":\"https:\/\/www.chateau-de-paraza.com\/es\/\"},{\"@type\":\"ListItem\",\"position\":2,\"name\":\"Venta de vinos\"}]},{\"@type\":\"WebSite\",\"@id\":\"https:\/\/www.chateau-de-paraza.com\/#website\",\"url\":\"https:\/\/www.chateau-de-paraza.com\/\",\"name\":\"Ch\u00e2teau de Paraza\",\"description\":\"Site web du Ch\u00e2teau de Paraza\",\"potentialAction\":[{\"@type\":\"SearchAction\",\"target\":{\"@type\":\"EntryPoint\",\"urlTemplate\":\"https:\/\/www.chateau-de-paraza.com\/?s={search_term_string}\"},\"query-input\":\"required name=search_term_string\"}],\"inLanguage\":\"es\"}]}<\/script>\n<!-- \/ Yoast SEO plugin. -->","yoast_head_json":{"title":"Vinos del Minervois en venta directa desde el Chateau de Paraza","description":"Vinos del Minervois : vinos de placer arom\u00e1tico, vinos de guardia fuertes y refinados Descubren las cosechas del Ch\u00e2teau de Paraza","robots":{"index":"index","follow":"follow","max-snippet":"max-snippet:-1","max-image-preview":"max-image-preview:large","max-video-preview":"max-video-preview:-1"},"canonical":"https:\/\/www.chateau-de-paraza.com\/vente-de-vins-minervois\/","og_locale":"es_ES","og_type":"article","og_title":"Vinos del Minervois en venta directa desde el Chateau de Paraza","og_description":"Vinos del Minervois : vinos de placer arom\u00e1tico, vinos de guardia fuertes y refinados Descubren las cosechas del Ch\u00e2teau de Paraza","og_url":"https:\/\/www.chateau-de-paraza.com\/vente-de-vins-minervois\/","og_site_name":"Ch\u00e2teau de Paraza","article_publisher":"https:\/\/www.facebook.com\/chateaudeparaza","article_modified_time":"2022-04-13T12:56:52+00:00","twitter_card":"summary_large_image","twitter_site":"@ChateauDeParaza","twitter_misc":{"Tiempo de lectura":"7 minutos"},"schema":{"@context":"https:\/\/schema.org","@graph":[{"@type":"WebPage","@id":"https:\/\/www.chateau-de-paraza.com\/vente-de-vins-minervois\/","url":"https:\/\/www.chateau-de-paraza.com\/vente-de-vins-minervois\/","name":"Vinos del Minervois en venta directa desde el Chateau de Paraza","isPartOf":{"@id":"https:\/\/www.chateau-de-paraza.com\/#website"},"datePublished":"2015-05-27T12:21:39+00:00","dateModified":"2022-04-13T12:56:52+00:00","description":"Vinos del Minervois : vinos de placer arom\u00e1tico, vinos de guardia fuertes y refinados Descubren las cosechas del Ch\u00e2teau de Paraza","breadcrumb":{"@id":"https:\/\/www.chateau-de-paraza.com\/vente-de-vins-minervois\/#breadcrumb"},"inLanguage":"es","potentialAction":[{"@type":"ReadAction","target":["https:\/\/www.chateau-de-paraza.com\/vente-de-vins-minervois\/"]}]},{"@type":"BreadcrumbList","@id":"https:\/\/www.chateau-de-paraza.com\/vente-de-vins-minervois\/#breadcrumb","itemListElement":[{"@type":"ListItem","position":1,"name":"Accueil","item":"https:\/\/www.chateau-de-paraza.com\/es\/"},{"@type":"ListItem","position":2,"name":"Venta de vinos"}]},{"@type":"WebSite","@id":"https:\/\/www.chateau-de-paraza.com\/#website","url":"https:\/\/www.chateau-de-paraza.com\/","name":"Ch\u00e2teau de Paraza","description":"Site web du Ch\u00e2teau de Paraza","potentialAction":[{"@type":"SearchAction","target":{"@type":"EntryPoint","urlTemplate":"https:\/\/www.chateau-de-paraza.com\/?s={search_term_string}"},"query-input":"required name=search_term_string"}],"inLanguage":"es"}]}},"_links":{"self":[{"href":"https:\/\/www.chateau-de-paraza.com\/es\/wp-json\/wp\/v2\/pages\/2791"}],"collection":[{"href":"https:\/\/www.chateau-de-paraza.com\/es\/wp-json\/wp\/v2\/pages"}],"about":[{"href":"https:\/\/www.chateau-de-paraza.com\/es\/wp-json\/wp\/v2\/types\/page"}],"author":[{"embeddable":true,"href":"https:\/\/www.chateau-de-paraza.com\/es\/wp-json\/wp\/v2\/users\/1"}],"replies":[{"embeddable":true,"href":"https:\/\/www.chateau-de-paraza.com\/es\/wp-json\/wp\/v2\/comments?post=2791"}],"version-history":[{"count":10,"href":"https:\/\/www.chateau-de-paraza.com\/es\/wp-json\/wp\/v2\/pages\/2791\/revisions"}],"predecessor-version":[{"id":6491,"href":"https:\/\/www.chateau-de-paraza.com\/es\/wp-json\/wp\/v2\/pages\/2791\/revisions\/6491"}],"wp:attachment":[{"href":"https:\/\/www.chateau-de-paraza.com\/es\/wp-json\/wp\/v2\/media?parent=2791"}],"curies":[{"name":"wp","href":"https:\/\/api.w.org\/{rel}","templated":true}]}}