{"id":2777,"date":"2017-07-26T11:54:16","date_gmt":"2017-07-26T10:54:16","guid":{"rendered":"https:\/\/www.chateau-de-paraza.com\/es\/?page_id=2777"},"modified":"2017-07-26T12:41:18","modified_gmt":"2017-07-26T11:41:18","slug":"retrato-familiar","status":"publish","type":"page","link":"https:\/\/www.chateau-de-paraza.com\/es\/chateau-de-paraza\/retrato-familiar\/","title":{"rendered":"Retrato familiar"},"content":{"rendered":"<div class=\"wpb-content-wrapper\"><p>[vc_row][vc_column][vc_column_text]<\/p>\n<h2>RETRATO FAMILIAR<\/h2>\n<p>[\/vc_column_text][\/vc_column][vc_column][vc_empty_space][\/vc_column][\/vc_row][vc_row][vc_column][vc_column_text]Aficionados de vino, viajes e historia, Annick y Pascal DANGLAS deciden lanzarse a la aventura: la recompra de una finca vit\u00edcola. En 2005, eligieron la propiedad ancestral del Chateau de Paraza, en la zona del Minervois. Entonces hicieron frente al desaf\u00edo de su primera vendimia.<\/p>\n<p>\u00bfLA VERDAD\u00a0? No hab\u00edamos pensabo que iba a ser tan complicado dirigir la propiedad. Pero al final eso\u00a0nos ha reunido: primero Matthieu, luego Antoine y por fin, la \u00faltima, Lucile. Todos nosotros hemos sido inexorablemente atra\u00eddos por este incre\u00edble desaf\u00edo de cultivar la tierra, producir un buen vino y renovar la finca para compartirla con nuestros visitantes.<\/p>\n<p>Animados por el sue\u00f1o de sus padres, ellos mismos contribuyen a la empresa familiar combinando esfuerzos e innovaci\u00f3n, cada uno en su \u00e1mbito de competencia.[\/vc_column_text][\/vc_column][\/vc_row][vc_row][vc_column][vc_empty_space][\/vc_column][vc_column]<div class=\"hr-thin style-line\" style=\"width: 100%;\"><\/div>[\/vc_column][vc_column][vc_empty_space][\/vc_column][\/vc_row][vc_row][vc_column width=\u00bb1\/3&#8243;][vc_column_text]<\/p>\n<h3 style=\"text-align: center;\"><div class=\"gap\" style=\"line-height: 130px; height: 130px;\"><\/div>Hace tiempo, esto era nuestra vida .<\/h3>\n<p>[\/vc_column_text][\/vc_column][vc_column width=\u00bb1\/3&#8243;][vc_single_image image=\u00bb1521&#8243; img_size=\u00bbmedium\u00bb alignment=\u00bbcenter\u00bb][\/vc_column][vc_column width=\u00bb1\/3&#8243;][vc_column_text]<\/p>\n<h2 style=\"text-align: center;\"><div class=\"gap\" style=\"line-height: 80px; height: 80px;\"><\/div>Luego hemos decidido cambiar de vida<\/h2>\n<p>[\/vc_column_text][\/vc_column][\/vc_row][vc_row][vc_column][vc_empty_space height=\u00bb35px\u00bb][\/vc_column][\/vc_row][vc_row][vc_column width=\u00bb1\/3&#8243;][vc_single_image image=\u00bb213&#8243; img_size=\u00bbmedium\u00bb alignment=\u00bbcenter\u00bb][\/vc_column][vc_column width=\u00bb1\/3&#8243;][vc_column_text]<\/p>\n<h3><div class=\"gap\" style=\"line-height: 130px; height: 130px;\"><\/div>Nos enamoremos directamente del Chateau de Paraza<\/h3>\n<div class=\"gap\" style=\"line-height: 10px; height: 10px;\"><\/div>[\/vc_column_text][\/vc_column][vc_column width=\u00bb1\/3&#8243;]<div class=\"standard-arrow list-divider bullet-top\"><h4><div class=\"gap\" style=\"line-height: 20px; height: 20px;\"><\/div><\/h4>\n<ul>\n<li>\n<h4>Morada de 1612<\/h4>\n<\/li>\n<li>\n<h4>En el coraz\u00f3n del pueblo Paraza, con 600 habitantes, a lo largo del Canal du Midi<\/h4>\n<\/li>\n<li>\n<h4>Rodeado por vi\u00f1as hasta perderse la vista<\/h4>\n<\/li>\n<li>\n<h4>Con m\u00e1s de 300 d\u00edas de sol al a\u00f1o<\/h4>\n<\/li>\n<\/ul>\n<\/div>[\/vc_column][\/vc_row][vc_row][vc_column][vc_empty_space height=\u00bb35px\u00bb][\/vc_column][\/vc_row][vc_row][vc_column width=\u00bb1\/3&#8243;][vc_column_text]<\/p>\n<h3 style=\"text-align: center;\"><div class=\"gap\" style=\"line-height: 80px; height: 80px;\"><\/div>Si bien\u00a0toda la gente no es capaz de situar el Minervois en el mapa.<\/h3>\n<p>[\/vc_column_text][\/vc_column][vc_column width=\u00bb1\/3&#8243;][vc_single_image image=\u00bb1518&#8243; img_size=\u00bbmedium\u00bb alignment=\u00bbcenter\u00bb][\/vc_column][vc_column width=\u00bb1\/3&#8243;][vc_column_text]<\/p>\n<h2><div class=\"gap\" style=\"line-height: 10px; height: 10px;\"><\/div>Tampoco se sabe que el Minervois es lleno de vi\u00f1adores apasionados quienes elaboran grandes vinos.<\/h2>\n<p>[\/vc_column_text][\/vc_column][\/vc_row][vc_row][vc_column][vc_empty_space height=\u00bb35px\u00bb][\/vc_column][\/vc_row][vc_row][vc_column width=\u00bb1\/3&#8243;][vc_single_image image=\u00bb1573&#8243; img_size=\u00bbmedium\u00bb alignment=\u00bbcenter\u00bb][\/vc_column][vc_column width=\u00bb1\/3&#8243;][vc_column_text]<\/p>\n<h3 style=\"text-align: center;\"><div class=\"gap\" style=\"line-height: 80px; height: 80px;\"><\/div>No siempre resulta f\u00e1cil y hay que ser muy polivalente&#8230;<\/h3>\n<p>[\/vc_column_text][\/vc_column][vc_column width=\u00bb1\/3&#8243;][vc_column_text css=\u00bb.vc_custom_1448924014530{margin-top: 0px !important;margin-right: 0px !important;margin-bottom: 0px !important;margin-left: 0px !important;border-top-width: 0px !important;border-right-width: 0px !important;border-bottom-width: 0px !important;padding-top: 0px !important;padding-right: 0px !important;padding-bottom: 0px !important;padding-left: 0px !important;}\u00bb]<\/p>\n<h5 style=\"text-align: right;\"><div class=\"gap\" style=\"line-height: 20px; height: 20px;\"><\/div>un d\u00eda cortando las vi\u00f1as,<\/h5>\n<h5 style=\"text-align: right;\">el otro preparando los ensamblajes en la bodega,<\/h5>\n<h5 style=\"text-align: right;\">mucha limpieza, la\u00a0higiene de la bodega es fundamental,<\/h5>\n<h5 style=\"text-align: right;\">un tiempo considerable desenmara\u00f1ando con la contabilidad,\u00a0luchando con la administraci\u00f3n pidiendo autorizaciones,<\/h5>\n<h5 style=\"text-align: right;\">interminables semanas buscando clientes, preparando los concursos, las ferias&#8230;<\/h5>\n<p>[\/vc_column_text][\/vc_column][\/vc_row][vc_row][vc_column][vc_empty_space height=\u00bb20px\u00bb][\/vc_column][\/vc_row][vc_row][vc_column width=\u00bb1\/3&#8243;][vc_column_text]<\/p>\n<h5 style=\"text-align: center;\">\u00a0 \u00a0 \u00a0 \u00a0 \u00a0 \u00a0 Pero tambi\u00e9n madurar al amanecer durante las vendimias<\/h5>\n<p>[\/vc_column_text][\/vc_column][vc_column width=\u00bb1\/3&#8243;][vc_column_text]<\/p>\n<h5 style=\"text-align: center;\">\u00a0 \u00a0 \u00a0 \u00a0 \u00a0 \u00a0 Observar y degustar la transformaci\u00f3n del vino a diario,<\/h5>\n<p>[\/vc_column_text][\/vc_column][vc_column width=\u00bb1\/3&#8243;][vc_column_text]<\/p>\n<h5 style=\"text-align: center;\">\u00a0 \u00a0 \u00a0 \u00a0 \u00a0 \u00a0 \u00a0Estar en el coraz\u00f3n de la acci\u00f3n&#8230;<\/h5>\n<p>[\/vc_column_text][\/vc_column][vc_column][vc_empty_space height=\u00bb10&#8243;][vc_row_inner][vc_column_inner width=\u00bb1\/3&#8243;][vc_single_image image=\u00bb1554&#8243; img_size=\u00bbmedium\u00bb alignment=\u00bbcenter\u00bb][\/vc_column_inner][vc_column_inner width=\u00bb1\/3&#8243;][vc_single_image image=\u00bb1551&#8243; img_size=\u00bbmedium\u00bb alignment=\u00bbcenter\u00bb][\/vc_column_inner][vc_column_inner width=\u00bb1\/3&#8243;][vc_single_image image=\u00bb1564&#8243; img_size=\u00bbmedium\u00bb alignment=\u00bbcenter\u00bb][\/vc_column_inner][\/vc_row_inner][\/vc_column][\/vc_row][vc_row][vc_column][vc_empty_space height=\u00bb35px\u00bb][\/vc_column][vc_column][vc_column_text]<\/p>\n<h3 style=\"text-align: center;\">Y Sobre todo hacer descubrir nuestro vino y compartirlo con amigos.<\/h3>\n<p>[\/vc_column_text][vc_empty_space height=\u00bb10px\u00bb][\/vc_column][\/vc_row][vc_row][vc_column][vc_single_image image=\u00bb271&#8243; img_size=\u00bblarge\u00bb alignment=\u00bbcenter\u00bb][\/vc_column][\/vc_row]<\/p>\n<\/div>","protected":false},"excerpt":{"rendered":"<p>[vc_row][vc_column][vc_column_text] RETRATO FAMILIAR [\/vc_column_text][\/vc_column][vc_column][vc_empty_space][\/vc_column][\/vc_row][vc_row][vc_column][vc_column_text]Aficionados de vino, viajes e historia, Annick y Pascal DANGLAS deciden lanzarse a la aventura: la recompra de una finca vit\u00edcola. En 2005, eligieron la propiedad ancestral del Chateau de Paraza, en la zona del Minervois. Entonces hicieron frente al desaf\u00edo de su primera vendimia. \u00bfLA VERDAD\u00a0? No hab\u00edamos pensabo que iba&hellip;<\/p>\n","protected":false},"author":2,"featured_media":0,"parent":2766,"menu_order":0,"comment_status":"closed","ping_status":"closed","template":"","meta":[],"yoast_head":"<!-- This site is optimized with the Yoast SEO plugin v21.8.1 - https:\/\/yoast.com\/wordpress\/plugins\/seo\/ -->\n<title>Retrato familiar - Ch\u00e2teau de Paraza<\/title>\n<meta name=\"description\" content=\"RETRATO FAMILIAR Aficionados de vino, viajes e historia, Annick y Pascal DANGLAS deciden lanzarse a la aventura: la recompra de una finca vit\u00edcola. En\" \/>\n<meta name=\"robots\" content=\"index, follow, max-snippet:-1, max-image-preview:large, max-video-preview:-1\" \/>\n<link rel=\"canonical\" href=\"https:\/\/www.chateau-de-paraza.com\/domaine\/portrait-de-famille\/\" \/>\n<meta property=\"og:locale\" content=\"es_ES\" \/>\n<meta property=\"og:type\" content=\"article\" \/>\n<meta property=\"og:title\" content=\"Retrato familiar - Ch\u00e2teau de Paraza\" \/>\n<meta property=\"og:description\" content=\"RETRATO FAMILIAR Aficionados de vino, viajes e historia, Annick y Pascal DANGLAS deciden lanzarse a la aventura: la recompra de una finca vit\u00edcola. En\" \/>\n<meta property=\"og:url\" content=\"https:\/\/www.chateau-de-paraza.com\/domaine\/portrait-de-famille\/\" \/>\n<meta property=\"og:site_name\" content=\"Ch\u00e2teau de Paraza\" \/>\n<meta property=\"article:publisher\" content=\"https:\/\/www.facebook.com\/chateaudeparaza\" \/>\n<meta property=\"article:modified_time\" content=\"2017-07-26T11:41:18+00:00\" \/>\n<meta name=\"twitter:card\" content=\"summary_large_image\" \/>\n<meta name=\"twitter:site\" content=\"@ChateauDeParaza\" \/>\n<meta name=\"twitter:label1\" content=\"Tiempo de lectura\" \/>\n\t<meta name=\"twitter:data1\" content=\"4 minutos\" \/>\n<script type=\"application\/ld+json\" class=\"yoast-schema-graph\">{\"@context\":\"https:\/\/schema.org\",\"@graph\":[{\"@type\":\"WebPage\",\"@id\":\"https:\/\/www.chateau-de-paraza.com\/domaine\/portrait-de-famille\/\",\"url\":\"https:\/\/www.chateau-de-paraza.com\/domaine\/portrait-de-famille\/\",\"name\":\"Retrato familiar - Ch\u00e2teau de Paraza\",\"isPartOf\":{\"@id\":\"https:\/\/www.chateau-de-paraza.com\/#website\"},\"datePublished\":\"2017-07-26T10:54:16+00:00\",\"dateModified\":\"2017-07-26T11:41:18+00:00\",\"description\":\"RETRATO FAMILIAR Aficionados de vino, viajes e historia, Annick y Pascal DANGLAS deciden lanzarse a la aventura: la recompra de una finca vit\u00edcola. En\",\"breadcrumb\":{\"@id\":\"https:\/\/www.chateau-de-paraza.com\/domaine\/portrait-de-famille\/#breadcrumb\"},\"inLanguage\":\"es\",\"potentialAction\":[{\"@type\":\"ReadAction\",\"target\":[\"https:\/\/www.chateau-de-paraza.com\/domaine\/portrait-de-famille\/\"]}]},{\"@type\":\"BreadcrumbList\",\"@id\":\"https:\/\/www.chateau-de-paraza.com\/domaine\/portrait-de-famille\/#breadcrumb\",\"itemListElement\":[{\"@type\":\"ListItem\",\"position\":1,\"name\":\"Accueil\",\"item\":\"https:\/\/www.chateau-de-paraza.com\/es\/\"},{\"@type\":\"ListItem\",\"position\":2,\"name\":\"\u00bf Quienes somos ?\",\"item\":\"https:\/\/www.chateau-de-paraza.com\/domaine\/\"},{\"@type\":\"ListItem\",\"position\":3,\"name\":\"Retrato familiar\"}]},{\"@type\":\"WebSite\",\"@id\":\"https:\/\/www.chateau-de-paraza.com\/#website\",\"url\":\"https:\/\/www.chateau-de-paraza.com\/\",\"name\":\"Ch\u00e2teau de Paraza\",\"description\":\"Site web du Ch\u00e2teau de Paraza\",\"potentialAction\":[{\"@type\":\"SearchAction\",\"target\":{\"@type\":\"EntryPoint\",\"urlTemplate\":\"https:\/\/www.chateau-de-paraza.com\/?s={search_term_string}\"},\"query-input\":\"required name=search_term_string\"}],\"inLanguage\":\"es\"}]}<\/script>\n<!-- \/ Yoast SEO plugin. -->","yoast_head_json":{"title":"Retrato familiar - Ch\u00e2teau de Paraza","description":"RETRATO FAMILIAR Aficionados de vino, viajes e historia, Annick y Pascal DANGLAS deciden lanzarse a la aventura: la recompra de una finca vit\u00edcola. En","robots":{"index":"index","follow":"follow","max-snippet":"max-snippet:-1","max-image-preview":"max-image-preview:large","max-video-preview":"max-video-preview:-1"},"canonical":"https:\/\/www.chateau-de-paraza.com\/domaine\/portrait-de-famille\/","og_locale":"es_ES","og_type":"article","og_title":"Retrato familiar - Ch\u00e2teau de Paraza","og_description":"RETRATO FAMILIAR Aficionados de vino, viajes e historia, Annick y Pascal DANGLAS deciden lanzarse a la aventura: la recompra de una finca vit\u00edcola. En","og_url":"https:\/\/www.chateau-de-paraza.com\/domaine\/portrait-de-famille\/","og_site_name":"Ch\u00e2teau de Paraza","article_publisher":"https:\/\/www.facebook.com\/chateaudeparaza","article_modified_time":"2017-07-26T11:41:18+00:00","twitter_card":"summary_large_image","twitter_site":"@ChateauDeParaza","twitter_misc":{"Tiempo de lectura":"4 minutos"},"schema":{"@context":"https:\/\/schema.org","@graph":[{"@type":"WebPage","@id":"https:\/\/www.chateau-de-paraza.com\/domaine\/portrait-de-famille\/","url":"https:\/\/www.chateau-de-paraza.com\/domaine\/portrait-de-famille\/","name":"Retrato familiar - Ch\u00e2teau de Paraza","isPartOf":{"@id":"https:\/\/www.chateau-de-paraza.com\/#website"},"datePublished":"2017-07-26T10:54:16+00:00","dateModified":"2017-07-26T11:41:18+00:00","description":"RETRATO FAMILIAR Aficionados de vino, viajes e historia, Annick y Pascal DANGLAS deciden lanzarse a la aventura: la recompra de una finca vit\u00edcola. En","breadcrumb":{"@id":"https:\/\/www.chateau-de-paraza.com\/domaine\/portrait-de-famille\/#breadcrumb"},"inLanguage":"es","potentialAction":[{"@type":"ReadAction","target":["https:\/\/www.chateau-de-paraza.com\/domaine\/portrait-de-famille\/"]}]},{"@type":"BreadcrumbList","@id":"https:\/\/www.chateau-de-paraza.com\/domaine\/portrait-de-famille\/#breadcrumb","itemListElement":[{"@type":"ListItem","position":1,"name":"Accueil","item":"https:\/\/www.chateau-de-paraza.com\/es\/"},{"@type":"ListItem","position":2,"name":"\u00bf Quienes somos ?","item":"https:\/\/www.chateau-de-paraza.com\/domaine\/"},{"@type":"ListItem","position":3,"name":"Retrato familiar"}]},{"@type":"WebSite","@id":"https:\/\/www.chateau-de-paraza.com\/#website","url":"https:\/\/www.chateau-de-paraza.com\/","name":"Ch\u00e2teau de Paraza","description":"Site web du Ch\u00e2teau de Paraza","potentialAction":[{"@type":"SearchAction","target":{"@type":"EntryPoint","urlTemplate":"https:\/\/www.chateau-de-paraza.com\/?s={search_term_string}"},"query-input":"required name=search_term_string"}],"inLanguage":"es"}]}},"_links":{"self":[{"href":"https:\/\/www.chateau-de-paraza.com\/es\/wp-json\/wp\/v2\/pages\/2777"}],"collection":[{"href":"https:\/\/www.chateau-de-paraza.com\/es\/wp-json\/wp\/v2\/pages"}],"about":[{"href":"https:\/\/www.chateau-de-paraza.com\/es\/wp-json\/wp\/v2\/types\/page"}],"author":[{"embeddable":true,"href":"https:\/\/www.chateau-de-paraza.com\/es\/wp-json\/wp\/v2\/users\/2"}],"replies":[{"embeddable":true,"href":"https:\/\/www.chateau-de-paraza.com\/es\/wp-json\/wp\/v2\/comments?post=2777"}],"version-history":[{"count":0,"href":"https:\/\/www.chateau-de-paraza.com\/es\/wp-json\/wp\/v2\/pages\/2777\/revisions"}],"up":[{"embeddable":true,"href":"https:\/\/www.chateau-de-paraza.com\/es\/wp-json\/wp\/v2\/pages\/2766"}],"wp:attachment":[{"href":"https:\/\/www.chateau-de-paraza.com\/es\/wp-json\/wp\/v2\/media?parent=2777"}],"curies":[{"name":"wp","href":"https:\/\/api.w.org\/{rel}","templated":true}]}}