{"id":2770,"date":"2017-07-26T11:52:53","date_gmt":"2017-07-26T10:52:53","guid":{"rendered":"https:\/\/www.chateau-de-paraza.com\/es\/?page_id=2770"},"modified":"2024-05-27T09:20:49","modified_gmt":"2024-05-27T08:20:49","slug":"historia-y-herencia","status":"publish","type":"page","link":"https:\/\/www.chateau-de-paraza.com\/es\/chateau-de-paraza\/historia-y-herencia\/","title":{"rendered":"Historia y Herencia"},"content":{"rendered":"<div class=\"wpb-content-wrapper\"><p>[vc_row][vc_column][vc_column_text]<\/p>\n<h2>HISTORIA Y HERENCIA<\/h2>\n<p>[\/vc_column_text][\/vc_column][vc_column][vc_empty_space][\/vc_column][vc_column][vc_column_text]En el Languedoc, dominando el Canal du Midi (Declarado Patrimonio de la UNESCO), le Ch\u00e2teau de Paraza representa el protector de una tradici\u00f3n vitivin\u00edcola ancestral. Su historia es vinculada con la de Francia y m\u00e1s particularmente con el pasado languedociano, muy rico, con vestigios aut\u00e9nticos de la \u00e9poca romana<\/p>\n<p>Bajo el reino de Louis XIV, <strong>le ch\u00e2teau de Paraza fue la morada del ingeniero Pierre Paul Riquet<\/strong>, durante la \u00e9poca de la construcci\u00f3n del Canal du Midi. Conectaba el Mar Mediterr\u00e1neo y el Atl\u00e1ntico. El canal du Midi fue llamado Canal du Roy.[\/vc_column_text][\/vc_column][\/vc_row][vc_row][vc_column][vc_empty_space][\/vc_column][\/vc_row][vc_row][vc_column][vc_row_inner][vc_column_inner width=\u00bb1\/4&#8243;][vc_single_image image=\u00bb392&#8243; img_size=\u00bbmedium\u00bb style=\u00bbvc_box_rounded\u00bb][\/vc_column_inner][vc_column_inner width=\u00bb3\/4&#8243;][vc_custom_heading text=\u00bbHistoria de la Bodega\u00bb font_container=\u00bbtag:h2|font_size:26|text_align:left\u00bb google_fonts=\u00bbfont_family:Raleway%3A100%2C200%2C300%2Cregular%2C500%2C600%2C700%2C800%2C900|font_style:400%20regular%3A400%3Anormal\u00bb][vc_column_text]<\/p>\n<p class=\"p1\">Antes de convertirse en una explotaci\u00f3n vit\u00edcola, el castillo conoci\u00f3 varias actividades agr\u00edcolas incluyendo la cultura de olivos, cereales y el reba\u00f1o ovino. Todas las explotaciones utilizaban el Canal du Midi que conoc\u00eda ya un importante tr\u00e1nsito comercial. Traslado de pasajeros, o de flete y adem\u00e1s medios de embarcaci\u00f3n tirados por caballos, incluso hombres a veces<\/p>\n<p>[\/vc_column_text][vc_empty_space][\/vc_column_inner][vc_column_inner][vc_empty_space][\/vc_column_inner][\/vc_row_inner][vc_row_inner][vc_column_inner width=\u00bb1\/4&#8243;][vc_single_image image=\u00bb383&#8243; img_size=\u00bblarge\u00bb style=\u00bbvc_box_rounded\u00bb][\/vc_column_inner][vc_column_inner width=\u00bb3\/4&#8243;][vc_custom_heading text=\u00bbHistoria del Canal Real\u00bb font_container=\u00bbtag:h2|font_size:26|text_align:left\u00bb google_fonts=\u00bbfont_family:Raleway%3A100%2C200%2C300%2Cregular%2C500%2C600%2C700%2C800%2C900|font_style:400%20regular%3A400%3Anormal\u00bb][vc_column_text]<\/p>\n<p class=\"p1\">Se trata del proyecto extraordinario conceptualizado por Pierre-Paul Riquet en el siglo XVII para vincular el Atl\u00e1ntico y el mar Mediterr\u00e1neo. Se extiende sobre 241 kil\u00f3metros entre Tolosa y el estanque Thau. Pues, se expande hasta el oc\u00e9ano por el canal lateral \u201cla Garonne\u201d. Juntos, forman el Canal entre deux-mers (\u201centre dos mares\u201d). Declarado Patrimonio Hist\u00f3rico de la UNESCO en 1996, le Canal du Midi lleg\u00f3 a ser un destino tur\u00edstico de fama mundial<\/p>\n<p>[\/vc_column_text][vc_empty_space][vc_btn title=\u00bbLeer m\u00e1s\u00bb color=\u00bbinfo\u00bb size=\u00bbxs\u00bb link=\u00bburl:https%3A%2F%2Fwww.chateau-de-paraza.com%2Fes%2Fel-canal-du-midi%2F|title:Leer%20m%C3%A1s\u00bb][\/vc_column_inner][vc_column_inner][vc_empty_space][\/vc_column_inner][\/vc_row_inner][vc_row_inner][vc_column_inner width=\u00bb1\/4&#8243;][vc_single_image image=\u00bb382&#8243; img_size=\u00bbmedium\u00bb style=\u00bbvc_box_rounded\u00bb][\/vc_column_inner][vc_column_inner width=\u00bb3\/4&#8243;][vc_custom_heading text=\u00bbHistoria de Pierre-Paul Riquet\u00bb font_container=\u00bbtag:h2|font_size:26|text_align:left\u00bb google_fonts=\u00bbfont_family:Raleway%3A100%2C200%2C300%2Cregular%2C500%2C600%2C700%2C800%2C900|font_style:400%20regular%3A400%3Anormal\u00bb][vc_column_text]<\/p>\n<p class=\"p1\">Pierre Paul Riquet naci\u00f3 en B\u00e9ziers en 1604. Desde su infancia, ha o\u00eddo la idea de vincular los dos mares (Oceano Atl\u00e1ntico y Mediterr\u00e1neo). La oportunidad de constru\u00edr el Canal gui\u00f3 su vida<\/p>\n<p>[\/vc_column_text][vc_empty_space][vc_btn title=\u00bbLeer m\u00e1s\u00bb color=\u00bbinfo\u00bb size=\u00bbxs\u00bb link=\u00bburl:%20https%3A%2F%2Fwww.chateau-de-paraza.com%2Fes%2Fpierre-paul-riquet%2F|title:Leer%20m%C3%A1s\u00bb][\/vc_column_inner][vc_column_inner][vc_empty_space height=\u00bb70px\u00bb][\/vc_column_inner][\/vc_row_inner]<div class=\"hr-thin style-line\" style=\"width: 100%;\"><\/div>[\/vc_column][\/vc_row][vc_row][vc_column][vc_empty_space height=\u00bb30px\u00bb][vc_btn title=\u00bbDescubrir los vinos\u00bb size=\u00bbxs\u00bb align=\u00bbcenter\u00bb button_block=\u00bbtrue\u00bb link=\u00bburl:https%3A%2F%2Fchateau-de-paraza.grapl.com%2F|title:D%C3%A9couvrir%20nos%20vins\u00bb][\/vc_column][\/vc_row]<\/p>\n<\/div>","protected":false},"excerpt":{"rendered":"<p>[vc_row][vc_column][vc_column_text] HISTORIA Y HERENCIA [\/vc_column_text][\/vc_column][vc_column][vc_empty_space][\/vc_column][vc_column][vc_column_text]En el Languedoc, dominando el Canal du Midi (Declarado Patrimonio de la UNESCO), le Ch\u00e2teau de Paraza representa el protector de una tradici\u00f3n vitivin\u00edcola ancestral. Su historia es vinculada con la de Francia y m\u00e1s particularmente con el pasado languedociano, muy rico, con vestigios aut\u00e9nticos de la \u00e9poca romana Bajo el&hellip;<\/p>\n","protected":false},"author":2,"featured_media":0,"parent":2766,"menu_order":0,"comment_status":"closed","ping_status":"closed","template":"","meta":[],"yoast_head":"<!-- This site is optimized with the Yoast SEO plugin v21.8.1 - https:\/\/yoast.com\/wordpress\/plugins\/seo\/ -->\n<title>Historia y Herencia - Ch\u00e2teau de Paraza<\/title>\n<meta name=\"description\" content=\"HISTORIA Y HERENCIA En el Languedoc, dominando el Canal du Midi (Declarado Patrimonio de la UNESCO), le Ch\u00e2teau de Paraza representa el protector de una\" \/>\n<meta name=\"robots\" content=\"index, follow, max-snippet:-1, max-image-preview:large, max-video-preview:-1\" \/>\n<link rel=\"canonical\" href=\"https:\/\/www.chateau-de-paraza.com\/domaine\/histoire-et-heritage\/\" \/>\n<meta property=\"og:locale\" content=\"es_ES\" \/>\n<meta property=\"og:type\" content=\"article\" \/>\n<meta property=\"og:title\" content=\"Historia y Herencia - Ch\u00e2teau de Paraza\" \/>\n<meta property=\"og:description\" content=\"HISTORIA Y HERENCIA En el Languedoc, dominando el Canal du Midi (Declarado Patrimonio de la UNESCO), le Ch\u00e2teau de Paraza representa el protector de una\" \/>\n<meta property=\"og:url\" content=\"https:\/\/www.chateau-de-paraza.com\/domaine\/histoire-et-heritage\/\" \/>\n<meta property=\"og:site_name\" content=\"Ch\u00e2teau de Paraza\" \/>\n<meta property=\"article:publisher\" content=\"https:\/\/www.facebook.com\/chateaudeparaza\" \/>\n<meta property=\"article:modified_time\" content=\"2024-05-27T08:20:49+00:00\" \/>\n<meta name=\"twitter:card\" content=\"summary_large_image\" \/>\n<meta name=\"twitter:site\" content=\"@ChateauDeParaza\" \/>\n<meta name=\"twitter:label1\" content=\"Tiempo de lectura\" \/>\n\t<meta name=\"twitter:data1\" content=\"3 minutos\" \/>\n<script type=\"application\/ld+json\" class=\"yoast-schema-graph\">{\"@context\":\"https:\/\/schema.org\",\"@graph\":[{\"@type\":\"WebPage\",\"@id\":\"https:\/\/www.chateau-de-paraza.com\/domaine\/histoire-et-heritage\/\",\"url\":\"https:\/\/www.chateau-de-paraza.com\/domaine\/histoire-et-heritage\/\",\"name\":\"Historia y Herencia - Ch\u00e2teau de Paraza\",\"isPartOf\":{\"@id\":\"https:\/\/www.chateau-de-paraza.com\/#website\"},\"datePublished\":\"2017-07-26T10:52:53+00:00\",\"dateModified\":\"2024-05-27T08:20:49+00:00\",\"description\":\"HISTORIA Y HERENCIA En el Languedoc, dominando el Canal du Midi (Declarado Patrimonio de la UNESCO), le Ch\u00e2teau de Paraza representa el protector de una\",\"breadcrumb\":{\"@id\":\"https:\/\/www.chateau-de-paraza.com\/domaine\/histoire-et-heritage\/#breadcrumb\"},\"inLanguage\":\"es\",\"potentialAction\":[{\"@type\":\"ReadAction\",\"target\":[\"https:\/\/www.chateau-de-paraza.com\/domaine\/histoire-et-heritage\/\"]}]},{\"@type\":\"BreadcrumbList\",\"@id\":\"https:\/\/www.chateau-de-paraza.com\/domaine\/histoire-et-heritage\/#breadcrumb\",\"itemListElement\":[{\"@type\":\"ListItem\",\"position\":1,\"name\":\"Accueil\",\"item\":\"https:\/\/www.chateau-de-paraza.com\/es\/\"},{\"@type\":\"ListItem\",\"position\":2,\"name\":\"\u00bf Quienes somos ?\",\"item\":\"https:\/\/www.chateau-de-paraza.com\/domaine\/\"},{\"@type\":\"ListItem\",\"position\":3,\"name\":\"Historia y Herencia\"}]},{\"@type\":\"WebSite\",\"@id\":\"https:\/\/www.chateau-de-paraza.com\/#website\",\"url\":\"https:\/\/www.chateau-de-paraza.com\/\",\"name\":\"Ch\u00e2teau de Paraza\",\"description\":\"Site web du Ch\u00e2teau de Paraza\",\"potentialAction\":[{\"@type\":\"SearchAction\",\"target\":{\"@type\":\"EntryPoint\",\"urlTemplate\":\"https:\/\/www.chateau-de-paraza.com\/?s={search_term_string}\"},\"query-input\":\"required name=search_term_string\"}],\"inLanguage\":\"es\"}]}<\/script>\n<!-- \/ Yoast SEO plugin. -->","yoast_head_json":{"title":"Historia y Herencia - Ch\u00e2teau de Paraza","description":"HISTORIA Y HERENCIA En el Languedoc, dominando el Canal du Midi (Declarado Patrimonio de la UNESCO), le Ch\u00e2teau de Paraza representa el protector de una","robots":{"index":"index","follow":"follow","max-snippet":"max-snippet:-1","max-image-preview":"max-image-preview:large","max-video-preview":"max-video-preview:-1"},"canonical":"https:\/\/www.chateau-de-paraza.com\/domaine\/histoire-et-heritage\/","og_locale":"es_ES","og_type":"article","og_title":"Historia y Herencia - Ch\u00e2teau de Paraza","og_description":"HISTORIA Y HERENCIA En el Languedoc, dominando el Canal du Midi (Declarado Patrimonio de la UNESCO), le Ch\u00e2teau de Paraza representa el protector de una","og_url":"https:\/\/www.chateau-de-paraza.com\/domaine\/histoire-et-heritage\/","og_site_name":"Ch\u00e2teau de Paraza","article_publisher":"https:\/\/www.facebook.com\/chateaudeparaza","article_modified_time":"2024-05-27T08:20:49+00:00","twitter_card":"summary_large_image","twitter_site":"@ChateauDeParaza","twitter_misc":{"Tiempo de lectura":"3 minutos"},"schema":{"@context":"https:\/\/schema.org","@graph":[{"@type":"WebPage","@id":"https:\/\/www.chateau-de-paraza.com\/domaine\/histoire-et-heritage\/","url":"https:\/\/www.chateau-de-paraza.com\/domaine\/histoire-et-heritage\/","name":"Historia y Herencia - Ch\u00e2teau de Paraza","isPartOf":{"@id":"https:\/\/www.chateau-de-paraza.com\/#website"},"datePublished":"2017-07-26T10:52:53+00:00","dateModified":"2024-05-27T08:20:49+00:00","description":"HISTORIA Y HERENCIA En el Languedoc, dominando el Canal du Midi (Declarado Patrimonio de la UNESCO), le Ch\u00e2teau de Paraza representa el protector de una","breadcrumb":{"@id":"https:\/\/www.chateau-de-paraza.com\/domaine\/histoire-et-heritage\/#breadcrumb"},"inLanguage":"es","potentialAction":[{"@type":"ReadAction","target":["https:\/\/www.chateau-de-paraza.com\/domaine\/histoire-et-heritage\/"]}]},{"@type":"BreadcrumbList","@id":"https:\/\/www.chateau-de-paraza.com\/domaine\/histoire-et-heritage\/#breadcrumb","itemListElement":[{"@type":"ListItem","position":1,"name":"Accueil","item":"https:\/\/www.chateau-de-paraza.com\/es\/"},{"@type":"ListItem","position":2,"name":"\u00bf Quienes somos ?","item":"https:\/\/www.chateau-de-paraza.com\/domaine\/"},{"@type":"ListItem","position":3,"name":"Historia y Herencia"}]},{"@type":"WebSite","@id":"https:\/\/www.chateau-de-paraza.com\/#website","url":"https:\/\/www.chateau-de-paraza.com\/","name":"Ch\u00e2teau de Paraza","description":"Site web du Ch\u00e2teau de Paraza","potentialAction":[{"@type":"SearchAction","target":{"@type":"EntryPoint","urlTemplate":"https:\/\/www.chateau-de-paraza.com\/?s={search_term_string}"},"query-input":"required name=search_term_string"}],"inLanguage":"es"}]}},"_links":{"self":[{"href":"https:\/\/www.chateau-de-paraza.com\/es\/wp-json\/wp\/v2\/pages\/2770"}],"collection":[{"href":"https:\/\/www.chateau-de-paraza.com\/es\/wp-json\/wp\/v2\/pages"}],"about":[{"href":"https:\/\/www.chateau-de-paraza.com\/es\/wp-json\/wp\/v2\/types\/page"}],"author":[{"embeddable":true,"href":"https:\/\/www.chateau-de-paraza.com\/es\/wp-json\/wp\/v2\/users\/2"}],"replies":[{"embeddable":true,"href":"https:\/\/www.chateau-de-paraza.com\/es\/wp-json\/wp\/v2\/comments?post=2770"}],"version-history":[{"count":8,"href":"https:\/\/www.chateau-de-paraza.com\/es\/wp-json\/wp\/v2\/pages\/2770\/revisions"}],"predecessor-version":[{"id":10592,"href":"https:\/\/www.chateau-de-paraza.com\/es\/wp-json\/wp\/v2\/pages\/2770\/revisions\/10592"}],"up":[{"embeddable":true,"href":"https:\/\/www.chateau-de-paraza.com\/es\/wp-json\/wp\/v2\/pages\/2766"}],"wp:attachment":[{"href":"https:\/\/www.chateau-de-paraza.com\/es\/wp-json\/wp\/v2\/media?parent=2770"}],"curies":[{"name":"wp","href":"https:\/\/api.w.org\/{rel}","templated":true}]}}