{"id":2764,"date":"2017-07-26T11:30:01","date_gmt":"2017-07-26T10:30:01","guid":{"rendered":"https:\/\/www.chateau-de-paraza.com\/es\/?page_id=2764"},"modified":"2025-06-02T10:56:49","modified_gmt":"2025-06-02T09:56:49","slug":"contact","status":"publish","type":"page","link":"https:\/\/www.chateau-de-paraza.com\/es\/contact\/","title":{"rendered":"Contacto"},"content":{"rendered":"<div class=\"wpb-content-wrapper\"><p>[vc_row][vc_column width=\u00bb1\/2&#8243;][vc_column_text]<\/p>\n<h3>Por favor use el formulario de contacto para pedirnos cualquier informaci\u00f3n<\/h3>\n<h3>[\/vc_column_text]\n<div class=\"wpcf7 no-js\" id=\"wpcf7-f2893-o1\" lang=\"fr-FR\" dir=\"ltr\">\n<div class=\"screen-reader-response\"><p role=\"status\" aria-live=\"polite\" aria-atomic=\"true\"><\/p> <ul><\/ul><\/div>\n<form action=\"\/es\/wp-json\/wp\/v2\/pages\/2764#wpcf7-f2893-o1\" method=\"post\" class=\"wpcf7-form init\" aria-label=\"Formulaire de contact\" novalidate=\"novalidate\" data-status=\"init\">\n<div style=\"display: none;\">\n<input type=\"hidden\" name=\"_wpcf7\" value=\"2893\" \/>\n<input type=\"hidden\" name=\"_wpcf7_version\" value=\"5.8.7\" \/>\n<input type=\"hidden\" name=\"_wpcf7_locale\" value=\"fr_FR\" \/>\n<input type=\"hidden\" name=\"_wpcf7_unit_tag\" value=\"wpcf7-f2893-o1\" \/>\n<input type=\"hidden\" name=\"_wpcf7_container_post\" value=\"0\" \/>\n<input type=\"hidden\" name=\"_wpcf7_posted_data_hash\" value=\"\" \/>\n<input type=\"hidden\" name=\"_wpcf7_recaptcha_response\" value=\"\" \/>\n<\/div>\n<p>Nombre (obligatorio)\n<\/p>\n<p><span class=\"wpcf7-form-control-wrap\" data-name=\"your-name\"><input size=\"40\" class=\"wpcf7-form-control wpcf7-text wpcf7-validates-as-required\" aria-required=\"true\" aria-invalid=\"false\" value=\"\" type=\"text\" name=\"your-name\" \/><\/span>\n<\/p>\n<p>Correo electr\u00f3nico (obligatorio)\n<\/p>\n<p><span class=\"wpcf7-form-control-wrap\" data-name=\"your-email\"><input size=\"40\" class=\"wpcf7-form-control wpcf7-email wpcf7-validates-as-required wpcf7-text wpcf7-validates-as-email\" aria-required=\"true\" aria-invalid=\"false\" value=\"\" type=\"email\" name=\"your-email\" \/><\/span>\n<\/p>\n<p>Tema\n<\/p>\n<p><span class=\"wpcf7-form-control-wrap\" data-name=\"your-subject\"><input size=\"40\" class=\"wpcf7-form-control wpcf7-text\" aria-invalid=\"false\" value=\"\" type=\"text\" name=\"your-subject\" \/><\/span>\n<\/p>\n<p>Mensaje\n<\/p>\n<p><span class=\"wpcf7-form-control-wrap\" data-name=\"your-message\"><textarea cols=\"40\" rows=\"10\" class=\"wpcf7-form-control wpcf7-textarea\" aria-invalid=\"false\" name=\"your-message\"><\/textarea><\/span>\n<\/p>\n<p>Indica el c\u00f3digo de seguridad\n<\/p>\n<p><input type=\"hidden\" name=\"_wpcf7_captcha_challenge_captcha-698\" value=\"2033515791\" \/><img class=\"wpcf7-form-control wpcf7-captchac wpcf7-captcha-captcha-698\" id=\"img-cap\" width=\"72\" height=\"24\" alt=\"captcha\" src=\"https:\/\/www.chateau-de-paraza.com\/wp-content\/uploads\/wpcf7_captcha\/2033515791.png\" \/><span class=\"wpcf7-form-control-wrap\" data-name=\"captcha-698\"><input size=\"40\" class=\"wpcf7-form-control wpcf7-captchar\" id=\"champ-cap\" autocomplete=\"off\" aria-invalid=\"false\" value=\"\" type=\"text\" name=\"captcha-698\" \/><\/span>\n<\/p>\n<p><input class=\"wpcf7-form-control wpcf7-submit has-spinner\" type=\"submit\" value=\"Enviar\" \/>\n<\/p><div class=\"wpcf7-response-output\" aria-hidden=\"true\"><\/div>\n<\/form>\n<\/div>\n[\/vc_column][vc_column width=\u00bb1\/2&#8243;][vc_column_text]<\/h3>\n<h3>Contactarnos<\/h3>\n<div class=\"widget-info\">CH\u00c2TEAU DE PARAZA<br \/>\nArtesano Vi\u00f1atero<br \/>\n11200 Paraza &#8211; Aude &#8211; Francia<br \/>\n+33 617 875 146<\/div>\n<h3>Horarios de Apertura<\/h3>\n<p><strong>Invierno<\/strong>\u00a0:<br \/>\nLunes-Viernes : 9H &#8211; 18h<\/p>\n<p><strong>Verano<\/strong>\u00a0:<br \/>\nLunes-Domingo\u00a0: 10H &#8211; 20H<\/p>\n<p>[\/vc_column_text][\/vc_column][\/vc_row][vc_row][vc_column][vc_column_text]<\/p>\n<h1>Acceso<\/h1>\n<p>[\/vc_column_text][vc_empty_space][vc_column_text]<\/p>\n<h2 id=\"tw-target-text\" class=\"tw-data-text tw-text-large tw-ta\" dir=\"ltr\" data-placeholder=\"Traduction\" data-ved=\"2ahUKEwjrseXMvMaNAxUXVaQEHRRuMgMQ3ewLegQICRAV\" aria-label=\"Texte traduit\u00a0: A pie, en bici, en barco, en moto o a caballo &#x1f3c3;&#x200d;&#x2640;&#xfe0f;&#x1f6b4;&#x1f3fb;&#x1f6e5;&#x1f6f4;&#x1f3c7;&#x1f3fb;\"><span class=\"Y2IQFc\" lang=\"es\">A pie, en bici, en barco, en moto o a caballo &#x1f3c3;&#x200d;&#x2640;&#xfe0f;&#x1f6b4;&#x1f3fb;&#x1f6e5;&#x1f6f4;&#x1f3c7;&#x1f3fb;<\/span><\/h2>\n<p>[\/vc_column_text][vc_empty_space][vc_column_text]El pueblo de Paraza est\u00e1 situado a orillas del <a href=\"https:\/\/www.chateau-de-paraza.com\/es\/el-canal-du-midi\/\">Canal du Midi<\/a>, que se puede explorar a pie, en bicicleta y tambi\u00e9n en barco. Una vez que llegue al pueblo, simplemente suba al Castillo de Paraza, ubicado a 5 minutos del puente a la entrada de Paraza.<\/p>\n<p>Sigue la carretera principal o sube por las encantadoras calles del antiguo pueblo.<br \/>\nHaga <a href=\"https:\/\/geovelo.app\/fr\/route\/?bike-type=own&amp;c=2.832209%2C43.249658&amp;e-bike=false&amp;from=2.834090%2C43.248950&amp;to=2.830084%2C43.250401&amp;z=17.20\">clic aqu\u00ed<\/a> para obtener una descripci\u00f3n general r\u00e1pida de la ruta.<\/p>\n<p>Para reservar:<\/p>\n<p>una bicicleta, contacte con <a href=\"https:\/\/bigupcycling.com\/\">BigUp Cycling<\/a>, <a href=\"https:\/\/natureoccitane.fr\/fr\/accueil\">Nature Occitane<\/a> o <a href=\"https:\/\/paulette.bike\/\">Paulette<\/a>, nuestras empresas de alquiler de bicicletas favoritas a orillas del Canal.<br \/>\nPara un paseo en quad, contacte con Rando Quad Castor y Adrien se encargar\u00e1 de mostrarle los paisajes alrededor del Canal du Midi y los vi\u00f1edos de Paraza.<br \/>\nPara un paseo en barco por el Canal, contacte con Le Boat en Homps, Nicols en Somail o Locaboat en Argens.[\/vc_column_text][vc_empty_space][vc_column_text]<\/p>\n<h2>En coche<\/h2>\n<p>El pueblo de Paraza se encuentra a orillas del Canal du Midi, a 25 minutos de Narbona, 35 minutos de Carcassonne, 1 hora de Perpi\u00f1\u00e1n, 1 hora y 15 minutos de Montpellier, 1 hora y 40 minutos de Toulouse, 3 horas de Barcelona, \u200b\u200b4 horas de Lyon, 6 horas de Lausana y 8 horas de Par\u00eds.<\/p>\n<h2>En tren<\/h2>\n<p>Si prefiere el tren, las estaciones m\u00e1s grandes y cercanas son Narbona (25 minutos) y Carcassonne (35 minutos). La estaci\u00f3n de L\u00e9zignan-Corbi\u00e8res est\u00e1 a solo 10 minutos de Paraza, pero tiene menos frecuencia.<\/p>\n<p>Para reservar su billete de tren, visite la p\u00e1gina web de la SNCF.<\/p>\n<h2>En avi\u00f3n<\/h2>\n<p>Por \u00faltimo, si vienes a vernos desde lejos, puedes llegar a los aeropuertos internacionales de Toulouse (1h40) y Barcelona (3h), o a aeropuertos m\u00e1s peque\u00f1os y cercanos: Carcassonne (45 minutos), B\u00e9ziers Cap d&#8217;Adge (55 minutos) y Perpignan Sud de France (60 minutos).[\/vc_column_text][\/vc_column][vc_column][\/vc_column][\/vc_row]<\/p>\n<\/div>","protected":false},"excerpt":{"rendered":"<p>[vc_row][vc_column width=\u00bb1\/2&#8243;][vc_column_text] Por favor use el formulario de contacto para pedirnos cualquier informaci\u00f3n [\/vc_column_text][\/vc_column][vc_column width=\u00bb1\/2&#8243;][vc_column_text] Contactarnos CH\u00c2TEAU DE PARAZA Artesano Vi\u00f1atero 11200 Paraza &#8211; Aude &#8211; Francia +33 617 875 146 Horarios de Apertura Invierno\u00a0: Lunes-Viernes : 9H &#8211; 18h Verano\u00a0: Lunes-Domingo\u00a0: 10H &#8211; 20H [\/vc_column_text][\/vc_column][\/vc_row][vc_row][vc_column][vc_column_text] Acceso [\/vc_column_text][vc_empty_space][vc_column_text] A pie, en bici, en barco, en&hellip;<\/p>\n","protected":false},"author":2,"featured_media":0,"parent":0,"menu_order":0,"comment_status":"closed","ping_status":"closed","template":"","meta":[],"yoast_head":"<!-- This site is optimized with the Yoast SEO plugin v21.8.1 - https:\/\/yoast.com\/wordpress\/plugins\/seo\/ -->\n<title>Contacto - Ch\u00e2teau de Paraza<\/title>\n<meta name=\"description\" content=\"Por favor use el formulario de contacto para pedirnos cualquier informaci\u00f3n Contactarnos CH\u00c2TEAU DE PARAZA Artesano Vi\u00f1atero 11200 Paraza - Aude - Francia\" \/>\n<meta name=\"robots\" content=\"index, follow, max-snippet:-1, max-image-preview:large, max-video-preview:-1\" \/>\n<link rel=\"canonical\" href=\"https:\/\/www.chateau-de-paraza.com\/es\/contact\/\" \/>\n<meta property=\"og:locale\" content=\"es_ES\" \/>\n<meta property=\"og:type\" content=\"article\" \/>\n<meta property=\"og:title\" content=\"Contacto - Ch\u00e2teau de Paraza\" \/>\n<meta property=\"og:description\" content=\"Por favor use el formulario de contacto para pedirnos cualquier informaci\u00f3n Contactarnos CH\u00c2TEAU DE PARAZA Artesano Vi\u00f1atero 11200 Paraza - Aude - Francia\" \/>\n<meta property=\"og:url\" content=\"https:\/\/www.chateau-de-paraza.com\/es\/contact\/\" \/>\n<meta property=\"og:site_name\" content=\"Ch\u00e2teau de Paraza\" \/>\n<meta property=\"article:publisher\" content=\"https:\/\/www.facebook.com\/chateaudeparaza\" \/>\n<meta property=\"article:modified_time\" content=\"2025-06-02T09:56:49+00:00\" \/>\n<meta name=\"twitter:card\" content=\"summary_large_image\" \/>\n<meta name=\"twitter:site\" content=\"@ChateauDeParaza\" \/>\n<meta name=\"twitter:label1\" content=\"Tiempo de lectura\" \/>\n\t<meta name=\"twitter:data1\" content=\"2 minutos\" \/>\n<script type=\"application\/ld+json\" class=\"yoast-schema-graph\">{\"@context\":\"https:\/\/schema.org\",\"@graph\":[{\"@type\":\"WebPage\",\"@id\":\"https:\/\/www.chateau-de-paraza.com\/es\/contact\/\",\"url\":\"https:\/\/www.chateau-de-paraza.com\/es\/contact\/\",\"name\":\"Contacto - Ch\u00e2teau de Paraza\",\"isPartOf\":{\"@id\":\"https:\/\/www.chateau-de-paraza.com\/#website\"},\"datePublished\":\"2017-07-26T10:30:01+00:00\",\"dateModified\":\"2025-06-02T09:56:49+00:00\",\"description\":\"Por favor use el formulario de contacto para pedirnos cualquier informaci\u00f3n Contactarnos CH\u00c2TEAU DE PARAZA Artesano Vi\u00f1atero 11200 Paraza - Aude - Francia\",\"breadcrumb\":{\"@id\":\"https:\/\/www.chateau-de-paraza.com\/es\/contact\/#breadcrumb\"},\"inLanguage\":\"es\",\"potentialAction\":[{\"@type\":\"ReadAction\",\"target\":[\"https:\/\/www.chateau-de-paraza.com\/es\/contact\/\"]}]},{\"@type\":\"BreadcrumbList\",\"@id\":\"https:\/\/www.chateau-de-paraza.com\/es\/contact\/#breadcrumb\",\"itemListElement\":[{\"@type\":\"ListItem\",\"position\":1,\"name\":\"Accueil\",\"item\":\"https:\/\/www.chateau-de-paraza.com\/es\/\"},{\"@type\":\"ListItem\",\"position\":2,\"name\":\"Contacto\"}]},{\"@type\":\"WebSite\",\"@id\":\"https:\/\/www.chateau-de-paraza.com\/#website\",\"url\":\"https:\/\/www.chateau-de-paraza.com\/\",\"name\":\"Ch\u00e2teau de Paraza\",\"description\":\"Site web du Ch\u00e2teau de Paraza\",\"potentialAction\":[{\"@type\":\"SearchAction\",\"target\":{\"@type\":\"EntryPoint\",\"urlTemplate\":\"https:\/\/www.chateau-de-paraza.com\/?s={search_term_string}\"},\"query-input\":\"required name=search_term_string\"}],\"inLanguage\":\"es\"}]}<\/script>\n<!-- \/ Yoast SEO plugin. -->","yoast_head_json":{"title":"Contacto - Ch\u00e2teau de Paraza","description":"Por favor use el formulario de contacto para pedirnos cualquier informaci\u00f3n Contactarnos CH\u00c2TEAU DE PARAZA Artesano Vi\u00f1atero 11200 Paraza - Aude - Francia","robots":{"index":"index","follow":"follow","max-snippet":"max-snippet:-1","max-image-preview":"max-image-preview:large","max-video-preview":"max-video-preview:-1"},"canonical":"https:\/\/www.chateau-de-paraza.com\/es\/contact\/","og_locale":"es_ES","og_type":"article","og_title":"Contacto - Ch\u00e2teau de Paraza","og_description":"Por favor use el formulario de contacto para pedirnos cualquier informaci\u00f3n Contactarnos CH\u00c2TEAU DE PARAZA Artesano Vi\u00f1atero 11200 Paraza - Aude - Francia","og_url":"https:\/\/www.chateau-de-paraza.com\/es\/contact\/","og_site_name":"Ch\u00e2teau de Paraza","article_publisher":"https:\/\/www.facebook.com\/chateaudeparaza","article_modified_time":"2025-06-02T09:56:49+00:00","twitter_card":"summary_large_image","twitter_site":"@ChateauDeParaza","twitter_misc":{"Tiempo de lectura":"2 minutos"},"schema":{"@context":"https:\/\/schema.org","@graph":[{"@type":"WebPage","@id":"https:\/\/www.chateau-de-paraza.com\/es\/contact\/","url":"https:\/\/www.chateau-de-paraza.com\/es\/contact\/","name":"Contacto - Ch\u00e2teau de Paraza","isPartOf":{"@id":"https:\/\/www.chateau-de-paraza.com\/#website"},"datePublished":"2017-07-26T10:30:01+00:00","dateModified":"2025-06-02T09:56:49+00:00","description":"Por favor use el formulario de contacto para pedirnos cualquier informaci\u00f3n Contactarnos CH\u00c2TEAU DE PARAZA Artesano Vi\u00f1atero 11200 Paraza - Aude - Francia","breadcrumb":{"@id":"https:\/\/www.chateau-de-paraza.com\/es\/contact\/#breadcrumb"},"inLanguage":"es","potentialAction":[{"@type":"ReadAction","target":["https:\/\/www.chateau-de-paraza.com\/es\/contact\/"]}]},{"@type":"BreadcrumbList","@id":"https:\/\/www.chateau-de-paraza.com\/es\/contact\/#breadcrumb","itemListElement":[{"@type":"ListItem","position":1,"name":"Accueil","item":"https:\/\/www.chateau-de-paraza.com\/es\/"},{"@type":"ListItem","position":2,"name":"Contacto"}]},{"@type":"WebSite","@id":"https:\/\/www.chateau-de-paraza.com\/#website","url":"https:\/\/www.chateau-de-paraza.com\/","name":"Ch\u00e2teau de Paraza","description":"Site web du Ch\u00e2teau de Paraza","potentialAction":[{"@type":"SearchAction","target":{"@type":"EntryPoint","urlTemplate":"https:\/\/www.chateau-de-paraza.com\/?s={search_term_string}"},"query-input":"required name=search_term_string"}],"inLanguage":"es"}]}},"_links":{"self":[{"href":"https:\/\/www.chateau-de-paraza.com\/es\/wp-json\/wp\/v2\/pages\/2764"}],"collection":[{"href":"https:\/\/www.chateau-de-paraza.com\/es\/wp-json\/wp\/v2\/pages"}],"about":[{"href":"https:\/\/www.chateau-de-paraza.com\/es\/wp-json\/wp\/v2\/types\/page"}],"author":[{"embeddable":true,"href":"https:\/\/www.chateau-de-paraza.com\/es\/wp-json\/wp\/v2\/users\/2"}],"replies":[{"embeddable":true,"href":"https:\/\/www.chateau-de-paraza.com\/es\/wp-json\/wp\/v2\/comments?post=2764"}],"version-history":[{"count":4,"href":"https:\/\/www.chateau-de-paraza.com\/es\/wp-json\/wp\/v2\/pages\/2764\/revisions"}],"predecessor-version":[{"id":12649,"href":"https:\/\/www.chateau-de-paraza.com\/es\/wp-json\/wp\/v2\/pages\/2764\/revisions\/12649"}],"wp:attachment":[{"href":"https:\/\/www.chateau-de-paraza.com\/es\/wp-json\/wp\/v2\/media?parent=2764"}],"curies":[{"name":"wp","href":"https:\/\/api.w.org\/{rel}","templated":true}]}}