{"id":2759,"date":"2017-07-26T11:15:57","date_gmt":"2017-07-26T10:15:57","guid":{"rendered":"https:\/\/www.chateau-de-paraza.com\/es\/?page_id=2759"},"modified":"2022-03-25T10:21:52","modified_gmt":"2022-03-25T09:21:52","slug":"bar-tapas-tienda-de-delicatessen","status":"publish","type":"page","link":"https:\/\/www.chateau-de-paraza.com\/es\/bar-tapas-tienda-de-delicatessen\/","title":{"rendered":"Bar Tapas &#038; Tienda de delicatessen"},"content":{"rendered":"<div class=\"wpb-content-wrapper\"><p>[vc_row][vc_column][vc_column_text]<\/p>\n<p style=\"text-align: center;\">PARA LOS AFICIONADOS DE PRODUCTOS DE CALIDAD, EL BAR TAPAS DEL CHATEAU DE PARAZA ES UN REMANSO DE PAZ PARA UNA PAUSA GOURMET. EN TERRAZA O CON LA FRESCURA DE LA BODEGA, PODR\u00c1N DESCUBRIR LOS SABORES DEL \u00abTERROIR\u00bb. SOLO PRODUCTOS SELECCIONADOS CUIDADOSAMENTE POR SU DELICADEZA Y TIPICIDAD. O QUE VIENEN DIRECTAMENTE DE NUESTRA HUERTA ORG\u00c1NICA. A DISFRUTAR CON UNA COPA DE VINO.<\/p>\n<p>[\/vc_column_text][\/vc_column][\/vc_row][vc_row][vc_column][vc_empty_space][vc_column_text] Presentaci\u00f3n de nuestros principales productores (No est\u00e1 disponible)[\/vc_column_text][vc_empty_space][\/vc_column][\/vc_row][vc_row][vc_column]<div class=\"hr-thick\" style=\"width: 75%;border-color: #f4f4f4;\"><\/div>[vc_empty_space][vc_column_text]<\/p>\n<h3>RESERVA PARA LOS GRUPOS<\/h3>\n<p>[\/vc_column_text][vc_empty_space][vc_column_text]\u00bfEst\u00e1n un grupo de amigos? \u00bfQuisieran organizar una reuni\u00f3n entre ustedes? Preparamos men\u00fas especiales para los grupos que reservan. No duden en contactarnos para tener m\u00e1s informaci\u00f3n.[\/vc_column_text][vc_empty_space][\/vc_column][\/vc_row][vc_row][vc_column]<div class=\"hr-thick\" style=\"width: 75%;border-color: #f4f4f4;\"><\/div>[vc_empty_space][\/vc_column][\/vc_row][vc_row][vc_column][vc_column_text]<\/p>\n<h3>ACCESO AL BAR TAPAS<\/h3>\n<p>[\/vc_column_text][vc_empty_space][vc_column_text]<strong>EN COCHE:<\/strong><\/p>\n<ul>\n<li>Un aparcamiento queda a su disposici\u00f3n al lado de la pista de tenis y de petanca en el coraz\u00f3n del pueblo de Paraza. Luego el acceso se encuentra por el camino del parque: entrada de la bodega 30m a la derecha<\/li>\n<\/ul>\n<p><strong>EN BARCO:<\/strong><\/p>\n<ul>\n<li>Muelle de carga de la finca entre Roubia y Paraza: el acceso se hace por un camino que sube entre el bosque hacia la bodega.<\/li>\n<li>Muelle de carga en el pueblo de Paraza, antes o despu\u00e9s del peque\u00f1ito puente rojo: el acceso se hace por el coraz\u00f3n del pueblo.<\/li>\n<\/ul>\n<p>[\/vc_column_text][vc_empty_space][vc_single_image image=\u00bb2380&#8243; img_size=\u00bblarge\u00bb][vc_empty_space][vc_column_text]<\/p>\n<h3>HORARIOS DE APERTURA<\/h3>\n<p>[\/vc_column_text][vc_column_text]Del primero de junio hasta el primero de octubre, est\u00e1 abierto todos los d\u00edas de las 10 de la ma\u00f1ana a las 8 de la tarde.[\/vc_column_text][\/vc_column][\/vc_row]<\/p>\n<\/div>","protected":false},"excerpt":{"rendered":"<p>[vc_row][vc_column][vc_column_text] PARA LOS AFICIONADOS DE PRODUCTOS DE CALIDAD, EL BAR TAPAS DEL CHATEAU DE PARAZA ES UN REMANSO DE PAZ PARA UNA PAUSA GOURMET. EN TERRAZA O CON LA FRESCURA DE LA BODEGA, PODR\u00c1N DESCUBRIR LOS SABORES DEL \u00abTERROIR\u00bb. SOLO PRODUCTOS SELECCIONADOS CUIDADOSAMENTE POR SU DELICADEZA Y TIPICIDAD. O QUE VIENEN DIRECTAMENTE DE NUESTRA HUERTA&hellip;<\/p>\n","protected":false},"author":2,"featured_media":0,"parent":0,"menu_order":0,"comment_status":"closed","ping_status":"closed","template":"","meta":[],"yoast_head":"<!-- This site is optimized with the Yoast SEO plugin v21.8.1 - https:\/\/yoast.com\/wordpress\/plugins\/seo\/ -->\n<title>Bar Tapas &amp; Tienda de delicatessen - Ch\u00e2teau de Paraza<\/title>\n<meta name=\"description\" content=\"PARA LOS AFICIONADOS DE PRODUCTOS DE CALIDAD, EL BAR TAPAS DEL CHATEAU DE PARAZA ES UN REMANSO DE PAZ PARA UNA PAUSA GOURMET. EN TERRAZA O CON LA FRESCURA\" \/>\n<meta name=\"robots\" content=\"index, follow, max-snippet:-1, max-image-preview:large, max-video-preview:-1\" \/>\n<link rel=\"canonical\" href=\"https:\/\/www.chateau-de-paraza.com\/?page_id=2371\" \/>\n<meta property=\"og:locale\" content=\"es_ES\" \/>\n<meta property=\"og:type\" content=\"article\" \/>\n<meta property=\"og:title\" content=\"Bar Tapas &amp; Tienda de delicatessen - Ch\u00e2teau de Paraza\" \/>\n<meta property=\"og:description\" content=\"PARA LOS AFICIONADOS DE PRODUCTOS DE CALIDAD, EL BAR TAPAS DEL CHATEAU DE PARAZA ES UN REMANSO DE PAZ PARA UNA PAUSA GOURMET. EN TERRAZA O CON LA FRESCURA\" \/>\n<meta property=\"og:url\" content=\"https:\/\/www.chateau-de-paraza.com\/?page_id=2371\" \/>\n<meta property=\"og:site_name\" content=\"Ch\u00e2teau de Paraza\" \/>\n<meta property=\"article:publisher\" content=\"https:\/\/www.facebook.com\/chateaudeparaza\" \/>\n<meta property=\"article:modified_time\" content=\"2022-03-25T09:21:52+00:00\" \/>\n<meta name=\"twitter:card\" content=\"summary_large_image\" \/>\n<meta name=\"twitter:site\" content=\"@ChateauDeParaza\" \/>\n<meta name=\"twitter:label1\" content=\"Tiempo de lectura\" \/>\n\t<meta name=\"twitter:data1\" content=\"2 minutos\" \/>\n<script type=\"application\/ld+json\" class=\"yoast-schema-graph\">{\"@context\":\"https:\/\/schema.org\",\"@graph\":[{\"@type\":\"WebPage\",\"@id\":\"https:\/\/www.chateau-de-paraza.com\/?page_id=2371\",\"url\":\"https:\/\/www.chateau-de-paraza.com\/?page_id=2371\",\"name\":\"Bar Tapas & Tienda de delicatessen - Ch\u00e2teau de Paraza\",\"isPartOf\":{\"@id\":\"https:\/\/www.chateau-de-paraza.com\/#website\"},\"datePublished\":\"2017-07-26T10:15:57+00:00\",\"dateModified\":\"2022-03-25T09:21:52+00:00\",\"description\":\"PARA LOS AFICIONADOS DE PRODUCTOS DE CALIDAD, EL BAR TAPAS DEL CHATEAU DE PARAZA ES UN REMANSO DE PAZ PARA UNA PAUSA GOURMET. EN TERRAZA O CON LA FRESCURA\",\"breadcrumb\":{\"@id\":\"https:\/\/www.chateau-de-paraza.com\/?page_id=2371#breadcrumb\"},\"inLanguage\":\"es\",\"potentialAction\":[{\"@type\":\"ReadAction\",\"target\":[\"https:\/\/www.chateau-de-paraza.com\/?page_id=2371\"]}]},{\"@type\":\"BreadcrumbList\",\"@id\":\"https:\/\/www.chateau-de-paraza.com\/?page_id=2371#breadcrumb\",\"itemListElement\":[{\"@type\":\"ListItem\",\"position\":1,\"name\":\"Accueil\",\"item\":\"https:\/\/www.chateau-de-paraza.com\/es\/\"},{\"@type\":\"ListItem\",\"position\":2,\"name\":\"Bar Tapas &#038; Tienda de delicatessen\"}]},{\"@type\":\"WebSite\",\"@id\":\"https:\/\/www.chateau-de-paraza.com\/#website\",\"url\":\"https:\/\/www.chateau-de-paraza.com\/\",\"name\":\"Ch\u00e2teau de Paraza\",\"description\":\"Site web du Ch\u00e2teau de Paraza\",\"potentialAction\":[{\"@type\":\"SearchAction\",\"target\":{\"@type\":\"EntryPoint\",\"urlTemplate\":\"https:\/\/www.chateau-de-paraza.com\/?s={search_term_string}\"},\"query-input\":\"required name=search_term_string\"}],\"inLanguage\":\"es\"}]}<\/script>\n<!-- \/ Yoast SEO plugin. -->","yoast_head_json":{"title":"Bar Tapas & Tienda de delicatessen - Ch\u00e2teau de Paraza","description":"PARA LOS AFICIONADOS DE PRODUCTOS DE CALIDAD, EL BAR TAPAS DEL CHATEAU DE PARAZA ES UN REMANSO DE PAZ PARA UNA PAUSA GOURMET. EN TERRAZA O CON LA FRESCURA","robots":{"index":"index","follow":"follow","max-snippet":"max-snippet:-1","max-image-preview":"max-image-preview:large","max-video-preview":"max-video-preview:-1"},"canonical":"https:\/\/www.chateau-de-paraza.com\/?page_id=2371","og_locale":"es_ES","og_type":"article","og_title":"Bar Tapas & Tienda de delicatessen - Ch\u00e2teau de Paraza","og_description":"PARA LOS AFICIONADOS DE PRODUCTOS DE CALIDAD, EL BAR TAPAS DEL CHATEAU DE PARAZA ES UN REMANSO DE PAZ PARA UNA PAUSA GOURMET. EN TERRAZA O CON LA FRESCURA","og_url":"https:\/\/www.chateau-de-paraza.com\/?page_id=2371","og_site_name":"Ch\u00e2teau de Paraza","article_publisher":"https:\/\/www.facebook.com\/chateaudeparaza","article_modified_time":"2022-03-25T09:21:52+00:00","twitter_card":"summary_large_image","twitter_site":"@ChateauDeParaza","twitter_misc":{"Tiempo de lectura":"2 minutos"},"schema":{"@context":"https:\/\/schema.org","@graph":[{"@type":"WebPage","@id":"https:\/\/www.chateau-de-paraza.com\/?page_id=2371","url":"https:\/\/www.chateau-de-paraza.com\/?page_id=2371","name":"Bar Tapas & Tienda de delicatessen - Ch\u00e2teau de Paraza","isPartOf":{"@id":"https:\/\/www.chateau-de-paraza.com\/#website"},"datePublished":"2017-07-26T10:15:57+00:00","dateModified":"2022-03-25T09:21:52+00:00","description":"PARA LOS AFICIONADOS DE PRODUCTOS DE CALIDAD, EL BAR TAPAS DEL CHATEAU DE PARAZA ES UN REMANSO DE PAZ PARA UNA PAUSA GOURMET. EN TERRAZA O CON LA FRESCURA","breadcrumb":{"@id":"https:\/\/www.chateau-de-paraza.com\/?page_id=2371#breadcrumb"},"inLanguage":"es","potentialAction":[{"@type":"ReadAction","target":["https:\/\/www.chateau-de-paraza.com\/?page_id=2371"]}]},{"@type":"BreadcrumbList","@id":"https:\/\/www.chateau-de-paraza.com\/?page_id=2371#breadcrumb","itemListElement":[{"@type":"ListItem","position":1,"name":"Accueil","item":"https:\/\/www.chateau-de-paraza.com\/es\/"},{"@type":"ListItem","position":2,"name":"Bar Tapas &#038; Tienda de delicatessen"}]},{"@type":"WebSite","@id":"https:\/\/www.chateau-de-paraza.com\/#website","url":"https:\/\/www.chateau-de-paraza.com\/","name":"Ch\u00e2teau de Paraza","description":"Site web du Ch\u00e2teau de Paraza","potentialAction":[{"@type":"SearchAction","target":{"@type":"EntryPoint","urlTemplate":"https:\/\/www.chateau-de-paraza.com\/?s={search_term_string}"},"query-input":"required name=search_term_string"}],"inLanguage":"es"}]}},"_links":{"self":[{"href":"https:\/\/www.chateau-de-paraza.com\/es\/wp-json\/wp\/v2\/pages\/2759"}],"collection":[{"href":"https:\/\/www.chateau-de-paraza.com\/es\/wp-json\/wp\/v2\/pages"}],"about":[{"href":"https:\/\/www.chateau-de-paraza.com\/es\/wp-json\/wp\/v2\/types\/page"}],"author":[{"embeddable":true,"href":"https:\/\/www.chateau-de-paraza.com\/es\/wp-json\/wp\/v2\/users\/2"}],"replies":[{"embeddable":true,"href":"https:\/\/www.chateau-de-paraza.com\/es\/wp-json\/wp\/v2\/comments?post=2759"}],"version-history":[{"count":4,"href":"https:\/\/www.chateau-de-paraza.com\/es\/wp-json\/wp\/v2\/pages\/2759\/revisions"}],"predecessor-version":[{"id":6703,"href":"https:\/\/www.chateau-de-paraza.com\/es\/wp-json\/wp\/v2\/pages\/2759\/revisions\/6703"}],"wp:attachment":[{"href":"https:\/\/www.chateau-de-paraza.com\/es\/wp-json\/wp\/v2\/media?parent=2759"}],"curies":[{"name":"wp","href":"https:\/\/api.w.org\/{rel}","templated":true}]}}