{"id":2725,"date":"2017-07-21T17:04:33","date_gmt":"2017-07-21T16:04:33","guid":{"rendered":"https:\/\/www.chateau-de-paraza.com\/es\/?page_id=2725"},"modified":"2026-01-21T16:52:01","modified_gmt":"2026-01-21T15:52:01","slug":"habitaciones-de-huespedes","status":"publish","type":"page","link":"https:\/\/www.chateau-de-paraza.com\/es\/habitaciones-de-huespedes\/","title":{"rendered":"Suites"},"content":{"rendered":"<div class=\"wpb-content-wrapper\"><p>[vc_row][vc_column][vc_column_text]<\/p>\n<h1 style=\"text-align: center;\">CHAMBRES D&#8217;H\u00d4TES EN BORDURE DU CANAL DU MIDI<\/h1>\n<p>[\/vc_column_text][vc_empty_space height=\u00bb42px\u00bb][vc_column_text]<\/p>\n<p style=\"text-align: center;\">BORD\u00c9ES DE PIN\u00c8DES, D&#8217;OLIVERAIES ET DE VIGNES, ON Y VIT HORS DU TEMPS. DOT\u00c9ES D&#8217;UNE PISCINE ET DE JARDINS EN TERRASSE, CES CHAMBRES D&#8217;H\u00d4TES SONT UNE HALTE D&#8217;EXCEPTION PROPOSANT UNE VUE SUR LES PYR\u00c9N\u00c9ES. PROMESSE ULTIME D&#8217;UNE NUIT\u00c9E DOUILLETTE AVANT DE S&#8217;AVENTURER SUR LA SACRO-SAINTE ROUTE DES VINS OU SUR LES BERGES DU CANAL DU MIDI.<\/p>\n<p>&nbsp;<\/p>\n<p style=\"text-align: center;\">Le temps d&#8217;une nuit ou d&#8217;un week-end, \u00e9vadez-vous au c\u0153ur du pays Cathare et profitez des joies de la vie de ch\u00e2teau dans votre chambre d&#8217;h\u00f4tes. Baladez-vous dans le parc du ch\u00e2teau, au bord du Canal du Midi, dans les vignes ou dans les petits villages de l&#8217;Aude. Initiez-vous \u00e0 la d\u00e9gustation et impr\u00e9gnez-vous d&#8217;un patrimoine riche d&#8217;histoire et de traditions.<\/p>\n<p>[\/vc_column_text][vc_empty_space][\/vc_column][\/vc_row][vc_row][vc_column width=\u00bb1\/3&#8243;][vc_single_image image=\u00bb5251&#8243; img_size=\u00bbmedium\u00bb alignment=\u00bbcenter\u00bb onclick=\u00bbcustom_link\u00bb img_link_target=\u00bb_blank\u00bb link=\u00bbhttps:\/\/www.chateau-de-paraza.com\/chambres-dhotes\/les-suites-du-chateau\/\u00bb][vc_column_text]<\/p>\n<h2 style=\"text-align: left;\"><a href=\"https:\/\/www.chateau-de-paraza.com\/chambres-dhotes\/les-suites-du-chateau\/\" target=\"_blank\" rel=\"noopener noreferrer\"><div class=\"gap\" style=\"line-height: 10px; height: 10px;\"><\/div><\/a><a href=\"https:\/\/www.chateau-de-paraza.com\/chambres-dhotes\/les-suites-du-chateau\/\" target=\"_blank\" rel=\"noopener noreferrer\">D\u00e9couvrir <\/a><a href=\"https:\/\/www.chateau-de-paraza.com\/chambres-dhotes\/les-suites-du-chateau\/\" target=\"_blank\" rel=\"noopener noreferrer\">les suites<\/a><\/h2>\n<p>[\/vc_column_text][vc_empty_space][vc_column_text]En amoureux, en famille ou entre amis, vivez la vie de ch\u00e2teau dans l&#8217;une de nos suites !<\/p>\n<p>Plafonds \u00e0 la fran\u00e7aise, parquets en point de Hongrie, rideaux en soie chatoyantes, tout y est et concourt au charme de cette adresse intime et r\u00e9solument familiale ![\/vc_column_text][\/vc_column][vc_column width=\u00bb1\/3&#8243;][vc_single_image image=\u00bb5245&#8243; img_size=\u00bbmedium\u00bb alignment=\u00bbcenter\u00bb onclick=\u00bbcustom_link\u00bb img_link_target=\u00bb_blank\u00bb link=\u00bbhttp:\/\/chateau-de-paraza.com\/chambres\/profiter-du-chateau\/\u00bb][vc_column_text]<\/p>\n<h2 style=\"text-align: left;\"><a href=\"http:\/\/chateau-de-paraza.com\/chambres\/profiter-du-chateau\/\" target=\"_blank\" rel=\"noopener noreferrer\"><div class=\"gap\" style=\"line-height: 10px; height: 10px;\"><\/div>Profiter du Ch\u00e2teau<\/a><\/h2>\n<p>[\/vc_column_text][vc_empty_space][vc_column_text]Apr\u00e8s une nuit de sommeil royale au ch\u00e2teau, rien de tel que de savourer un petit d\u00e9jeuner \u00e0 la fran\u00e7aise.<\/p>\n<p>Profitez \u00e9galement des salons, des terrasses et du parc ou ressourcez-vous au bord de la piscine, pour un vrai s\u00e9jour princier ![\/vc_column_text][\/vc_column][vc_column width=\u00bb1\/3&#8243;][vc_single_image image=\u00bb9327&#8243; img_size=\u00bbmedium\u00bb alignment=\u00bbcenter\u00bb onclick=\u00bbcustom_link\u00bb img_link_target=\u00bb_blank\u00bb link=\u00bbhttp:\/\/chateau-de-paraza.com\/chambres\/explorer-les-environs\/\u00bb][vc_column_text]<\/p>\n<h2 style=\"text-align: left;\"><a href=\"http:\/\/chateau-de-paraza.com\/chambres\/explorer-les-environs\/\" target=\"_blank\" rel=\"noopener noreferrer\"><div class=\"gap\" style=\"line-height: 10px; height: 10px;\"><\/div>Explorer les environs<\/a><\/h2>\n<p>[\/vc_column_text][vc_empty_space][vc_column_text]Au c\u0153ur du Languedoc, de nombreuses promenades et activit\u00e9s s&#8217;offrent \u00e0 vous.<\/p>\n<p>Une balade dans les vignes ou au bord du Canal du Midi, une journ\u00e9e \u00e0 la mer ou \u00e0 la d\u00e9couverte des tr\u00e9sors du pays cathare, tout y est pour des exp\u00e9riences hors du commun loin des sentiers battus.[\/vc_column_text][\/vc_column][\/vc_row][vc_row][vc_column width=\u00bb1\/3&#8243;][vc_empty_space][vc_single_image image=\u00bb5229&#8243; img_size=\u00bbmedium\u00bb alignment=\u00bbcenter\u00bb onclick=\u00bbcustom_link\u00bb img_link_target=\u00bb_blank\u00bb link=\u00bbhttps:\/\/chateau-de-paraza.amenitiz.io\/fr\/booking\/room\u00bb][vc_column_text]<\/p>\n<h4 style=\"text-align: center;\"><\/h4>\n<h2 style=\"text-align: left;\"><a href=\"https:\/\/chateau-de-paraza.amenitiz.io\/fr\/booking\/room\" target=\"_blank\" rel=\"noopener noreferrer\"><div class=\"gap\" style=\"line-height: 5px; height: 5px;\"><\/div>Tarifs &amp; consultations<\/a><\/h2>\n<p>[\/vc_column_text][vc_empty_space][vc_column_text]D\u00e9couvrez nos tarifs et commencez \u00e0 pr\u00e9parer votre s\u00e9jour !<\/p>\n<p>Faites votre choix parmi les 5 suites du ch\u00e2teau ou contactez-nous pour des r\u00e9servations exclusives ![\/vc_column_text][\/vc_column][vc_column width=\u00bb1\/3&#8243;][vc_empty_space][vc_single_image image=\u00bb5255&#8243; img_size=\u00bbmedium\u00bb alignment=\u00bbcenter\u00bb onclick=\u00bbcustom_link\u00bb img_link_target=\u00bb_blank\u00bb link=\u00bbhttps:\/\/chateau-de-paraza.amenitiz.io\/fr\/booking\/room\u00bb][vc_column_text]<\/p>\n<h2 style=\"text-align: left;\"><a href=\"https:\/\/chateau-de-paraza.amenitiz.io\/fr\/booking\/room\" target=\"_blank\" rel=\"noopener noreferrer\"><div class=\"gap\" style=\"line-height: 10px; height: 10px;\"><\/div>R\u00e9server votre s\u00e9jour<\/a><\/h2>\n<p>[\/vc_column_text][vc_empty_space][vc_column_text]R\u00e9servez votre s\u00e9jour d\u00e8s maintenant dans l&#8217;une de nos 5 chambres d&#8217;h\u00f4tes !<\/p>\n<p>Cliquez, r\u00e9servez et pr\u00e9parez vos valises ![\/vc_column_text][\/vc_column][\/vc_row][vc_row][vc_column][vc_empty_space height=\u00bb52px\u00bb]<div class=\"hr-thick\" style=\"width: 25%;\"><\/div>[vc_empty_space][\/vc_column][vc_column][vc_column_text]<\/p>\n<h3>D\u00c9COUVREZ CE QUE NOS VISITEURS ONT PENS\u00c9 DE LEUR S\u00c9JOUR EN CHAMBRES D&#8217;H\u00d4TES<\/h3>\n<p>[\/vc_column_text][vc_empty_space][\/vc_column][\/vc_row][vc_row][vc_column][vc_empty_space]<div class=\"hr-thick\" style=\"width: 25%;\"><\/div>[vc_empty_space][\/vc_column][\/vc_row][vc_row][vc_column][vc_single_image image=\u00bb5573&#8243; img_size=\u00bb241&#215;57&#8243;][vc_empty_space height=\u00bb22px\u00bb][vc_column_text]<\/p>\n<div id=\"TA_cdsratingsonlywide238\" class=\"TA_cdsratingsonlywide\">\n<ul id=\"Mzsw3e\" class=\"TA_links hh5orori\">\n<li id=\"Kx4YfcjaGt\" class=\"YNBTet5KI\"><a href=\"https:\/\/www.tripadvisor.fr\/\" target=\"_blank\" rel=\"noopener noreferrer\"><img decoding=\"async\" src=\"https:\/\/www.tripadvisor.fr\/img\/cdsi\/img2\/branding\/tripadvisor_logo_transp_340x80-18034-2.png\" alt=\"TripAdvisor\" \/><\/a><\/li>\n<\/ul>\n<\/div>\n<p><script src=\"https:\/\/www.jscache.com\/wejs?wtype=cdsratingsonlywide&amp;uniq=238&amp;locationId=8845292&amp;lang=fr&amp;border=false&amp;shadow=true&amp;backgroundColor=gray&amp;display_version=2\"><\/script>[\/vc_column_text][\/vc_column][\/vc_row][vc_row][vc_column][vc_empty_space height=\u00bb52px\u00bb][vc_cta h2=\u00bbR\u00e9servez votre s\u00e9jour au Ch\u00e2teau de Paraza d\u00e8s maintenant\u00bb h2_font_container=\u00bbfont_size:26&#8243; h2_google_fonts=\u00bbfont_family:Raleway%3A100%2C200%2C300%2Cregular%2C500%2C600%2C700%2C800%2C900|font_style:400%20regular%3A400%3Anormal\u00bb shape=\u00bbsquare\u00bb add_button=\u00bbright\u00bb btn_title=\u00bbR\u00e9server\u00bb btn_style=\u00bbflat\u00bb btn_color=\u00bbmulled-wine\u00bb use_custom_fonts_h2=\u00bbtrue\u00bb btn_link=\u00bburl:https%3A%2F%2Fchateau-de-paraza.amenitiz.io%2Ffr%2Fbooking%2Froom||target:%20_blank|\u00bb][\/vc_cta][\/vc_column][\/vc_row][vc_row][vc_column][vc_empty_space height=\u00bb52px\u00bb][vc_column_text]<\/p>\n<h2>Vous souhaitez compl\u00e9ter votre exp\u00e9rience :<\/h2>\n<p>[\/vc_column_text][vc_empty_space height=\u00bb52px\u00bb][\/vc_column][\/vc_row][vc_row][vc_column width=\u00bb1\/3&#8243;][vc_hoverbox image=\u00bb13085&#8243; primary_title=\u00bb\u00bb hover_title=\u00bbDe 10h \u00e0 22h\u00bb hover_title_google_fonts=\u00bbfont_family:Cinzel%3Aregular%2C700%2C900|font_style:400%20regular%3A400%3Anormal\u00bb shape=\u00bbsquare\u00bb use_custom_fonts_hover_title=\u00bbtrue\u00bb]<\/p>\n<p style=\"text-align: center;\">Tous les jours d&#8217;Avril \u00e0 Octobre.<\/p>\n<p style=\"text-align: center;\">Bar \u00e0 vins et tapas, au bord du Canal du Midi.<\/p>\n<p style=\"text-align: center;\">R\u00e9servations au 04 68 75 50 59\u00a0 par t\u00e9l\u00e9phone ou sms au 06 82 06 74 89.<\/p>\n<p>[\/vc_hoverbox][vc_empty_space height=\u00bb5px\u00bb][vc_column_text]<\/p>\n<h2>Le Caf\u00e9 du Port<\/h2>\n<p>[\/vc_column_text][vc_column_text]<a href=\"https:\/\/www.instagram.com\/cafeduport.paraza?utm_source=ig_web_button_share_sheet&amp;igsh=ZDNlZDc0MzIxNw==\" target=\"_blank\" rel=\"noopener\">En savoir plus<\/a>[\/vc_column_text][\/vc_column][vc_column width=\u00bb1\/3&#8243;][vc_hoverbox image=\u00bb13096&#8243; primary_title=\u00bb\u00bb hover_title=\u00bbd&#8217;Avril \u00e0 Octobre\u00bb hover_title_google_fonts=\u00bbfont_family:Cinzel%3Aregular%2C700%2C900|font_style:400%20regular%3A400%3Anormal\u00bb shape=\u00bbsquare\u00bb use_custom_fonts_hover_title=\u00bbtrue\u00bb]D\u00e9couvrez les vins du Ch\u00e2teau de Paraza lors de d\u00e9gustations comment\u00e9es, ouvertes \u00e0 tous.[\/vc_hoverbox][vc_empty_space height=\u00bb5px\u00bb][vc_column_text]<\/p>\n<h2>D\u00e9gustation<\/h2>\n<p>[\/vc_column_text][vc_column_text]<a href=\"https:\/\/www.chateau-de-paraza.com\/experiences-activites-degustation-visite-oenotourisme\/degustations\/\" target=\"_blank\" rel=\"noopener\">En savoir plus<\/a>[\/vc_column_text][\/vc_column][vc_column width=\u00bb1\/3&#8243;][vc_hoverbox image=\u00bb9066&#8243; primary_title=\u00bb\u00bb hover_title=\u00bb35\u20ac \/ personne\u00bb hover_title_google_fonts=\u00bbfont_family:Cinzel%3Aregular%2C700%2C900|font_style:400%20regular%3A400%3Anormal\u00bb shape=\u00bbsquare\u00bb use_custom_fonts_hover_title=\u00bbtrue\u00bb]Profitez d\u2019une parenth\u00e8se gourmande entour\u00e9s de vins, de fromages et de charcuterie, \u00e0 l\u2019ombre des ch\u00eanes avec une vue imprenable sur les vignes.[\/vc_hoverbox][vc_empty_space height=\u00bb5px\u00bb][vc_column_text]<\/p>\n<h2>Ap\u00e9ro Champ\u00eatre<\/h2>\n<p>[\/vc_column_text][vc_column_text]<a href=\"https:\/\/www.chateau-de-paraza.com\/?page_id=13107&amp;preview=true\" target=\"_blank\" rel=\"noopener\">En savoir plus<\/a>[\/vc_column_text][\/vc_column][\/vc_row][vc_row][vc_column][vc_empty_space height=\u00bb52px\u00bb][vc_raw_html]JTNDaWZyYW1lJTIwd2lkdGglM0QlMjI1NDAlMjIlMjBoZWlnaHQlM0QlMjI2MTAlMjIlMjBzcmMlM0QlMjJodHRwcyUzQSUyRiUyRjFkNmQ3ZjhiLnNpYmZvcm1zLmNvbSUyRnNlcnZlJTJGTVVJRUFFRktwLW5fb1M1Zm9KR2ZwQTExeFZqUUNVTGdvZ2didDYxcU1aX0NENE16eDRCMC1TVE9sX1RWVTI1VWlvTll4SWY0WHdUWWFQNEk3NFpLWkNRc2ExWUZ1ZVhfWUhqQmJEQm54SjhFdi1iMmJ3WUVvRVJZNTNjN2VrVENVNTV4eXJwV0pmME01VlpaQ0VLMjBadWVlV08yODdQNlVNNW9pc0JxUlQ5TlVWZWo4RlkzbGtDaTZ6cml3c1Z6eFJLSmkwbThhWWQzMU45eiUyMiUyMGZyYW1lYm9yZGVyJTNEJTIyMCUyMiUyMHNjcm9sbGluZyUzRCUyMmF1dG8lMjIlMjBhbGxvd2Z1bGxzY3JlZW4lMjBzdHlsZSUzRCUyMmRpc3BsYXklM0ElMjBibG9jayUzQm1hcmdpbi1sZWZ0JTNBJTIwYXV0byUzQm1hcmdpbi1yaWdodCUzQSUyMGF1dG8lM0JtYXgtd2lkdGglM0ElMjAxMDAlMjUlM0IlMjIlM0UlM0MlMkZpZnJhbWUlM0U=[\/vc_raw_html][\/vc_column][\/vc_row]<\/p>\n<\/div>","protected":false},"excerpt":{"rendered":"<p>[vc_row][vc_column][vc_column_text] CHAMBRES D&#8217;H\u00d4TES EN BORDURE DU CANAL DU MIDI [\/vc_column_text][vc_empty_space height=\u00bb42px\u00bb][vc_column_text] BORD\u00c9ES DE PIN\u00c8DES, D&#8217;OLIVERAIES ET DE VIGNES, ON Y VIT HORS DU TEMPS. DOT\u00c9ES D&#8217;UNE PISCINE ET DE JARDINS EN TERRASSE, CES CHAMBRES D&#8217;H\u00d4TES SONT UNE HALTE D&#8217;EXCEPTION PROPOSANT UNE VUE SUR LES PYR\u00c9N\u00c9ES. PROMESSE ULTIME D&#8217;UNE NUIT\u00c9E DOUILLETTE AVANT DE S&#8217;AVENTURER SUR LA&hellip;<\/p>\n","protected":false},"author":2,"featured_media":10491,"parent":0,"menu_order":0,"comment_status":"closed","ping_status":"closed","template":"","meta":[],"yoast_head":"<!-- This site is optimized with the Yoast SEO plugin v21.8.1 - https:\/\/yoast.com\/wordpress\/plugins\/seo\/ -->\n<title>Suites - Ch\u00e2teau de Paraza<\/title>\n<meta name=\"description\" content=\"CHAMBRES D&#039;H\u00d4TES EN BORDURE DU CANAL DU MIDI BORD\u00c9ES DE PIN\u00c8DES, D&#039;OLIVERAIES ET DE VIGNES, ON Y VIT HORS DU TEMPS. DOT\u00c9ES D&#039;UNE PISCINE ET DE JARDINS EN Descubren las habitaciones de hu\u00e9spedes del Ch\u00e2teau de Paraza\" \/>\n<meta name=\"robots\" content=\"index, follow, max-snippet:-1, max-image-preview:large, max-video-preview:-1\" \/>\n<link rel=\"canonical\" href=\"https:\/\/www.chateau-de-paraza.com\/chambres-dhotes\/\" \/>\n<meta property=\"og:locale\" content=\"es_ES\" \/>\n<meta property=\"og:type\" content=\"article\" \/>\n<meta property=\"og:title\" content=\"Suites - Ch\u00e2teau de Paraza\" \/>\n<meta property=\"og:description\" content=\"CHAMBRES D&#039;H\u00d4TES EN BORDURE DU CANAL DU MIDI BORD\u00c9ES DE PIN\u00c8DES, D&#039;OLIVERAIES ET DE VIGNES, ON Y VIT HORS DU TEMPS. DOT\u00c9ES D&#039;UNE PISCINE ET DE JARDINS EN Descubren las habitaciones de hu\u00e9spedes del Ch\u00e2teau de Paraza\" \/>\n<meta property=\"og:url\" content=\"https:\/\/www.chateau-de-paraza.com\/chambres-dhotes\/\" \/>\n<meta property=\"og:site_name\" content=\"Ch\u00e2teau de Paraza\" \/>\n<meta property=\"article:publisher\" content=\"https:\/\/www.facebook.com\/chateaudeparaza\" \/>\n<meta property=\"article:modified_time\" content=\"2026-01-21T15:52:01+00:00\" \/>\n<meta property=\"og:image\" content=\"https:\/\/www.tripadvisor.fr\/img\/cdsi\/img2\/branding\/tripadvisor_logo_transp_340x80-18034-2.png\" \/>\n<meta name=\"twitter:card\" content=\"summary_large_image\" \/>\n<meta name=\"twitter:site\" content=\"@ChateauDeParaza\" \/>\n<meta name=\"twitter:label1\" content=\"Tiempo de lectura\" \/>\n\t<meta name=\"twitter:data1\" content=\"6 minutos\" \/>\n<script type=\"application\/ld+json\" class=\"yoast-schema-graph\">{\"@context\":\"https:\/\/schema.org\",\"@graph\":[{\"@type\":\"WebPage\",\"@id\":\"https:\/\/www.chateau-de-paraza.com\/chambres-dhotes\/\",\"url\":\"https:\/\/www.chateau-de-paraza.com\/chambres-dhotes\/\",\"name\":\"Suites - Ch\u00e2teau de Paraza\",\"isPartOf\":{\"@id\":\"https:\/\/www.chateau-de-paraza.com\/#website\"},\"datePublished\":\"2017-07-21T16:04:33+00:00\",\"dateModified\":\"2026-01-21T15:52:01+00:00\",\"description\":\"CHAMBRES D'H\u00d4TES EN BORDURE DU CANAL DU MIDI BORD\u00c9ES DE PIN\u00c8DES, D'OLIVERAIES ET DE VIGNES, ON Y VIT HORS DU TEMPS. DOT\u00c9ES D'UNE PISCINE ET DE JARDINS EN Descubren las habitaciones de hu\u00e9spedes del Ch\u00e2teau de Paraza\",\"breadcrumb\":{\"@id\":\"https:\/\/www.chateau-de-paraza.com\/chambres-dhotes\/#breadcrumb\"},\"inLanguage\":\"es\",\"potentialAction\":[{\"@type\":\"ReadAction\",\"target\":[\"https:\/\/www.chateau-de-paraza.com\/chambres-dhotes\/\"]}]},{\"@type\":\"BreadcrumbList\",\"@id\":\"https:\/\/www.chateau-de-paraza.com\/chambres-dhotes\/#breadcrumb\",\"itemListElement\":[{\"@type\":\"ListItem\",\"position\":1,\"name\":\"Accueil\",\"item\":\"https:\/\/www.chateau-de-paraza.com\/es\/\"},{\"@type\":\"ListItem\",\"position\":2,\"name\":\"Suites\"}]},{\"@type\":\"WebSite\",\"@id\":\"https:\/\/www.chateau-de-paraza.com\/#website\",\"url\":\"https:\/\/www.chateau-de-paraza.com\/\",\"name\":\"Ch\u00e2teau de Paraza\",\"description\":\"Site web du Ch\u00e2teau de Paraza\",\"potentialAction\":[{\"@type\":\"SearchAction\",\"target\":{\"@type\":\"EntryPoint\",\"urlTemplate\":\"https:\/\/www.chateau-de-paraza.com\/?s={search_term_string}\"},\"query-input\":\"required name=search_term_string\"}],\"inLanguage\":\"es\"}]}<\/script>\n<!-- \/ Yoast SEO plugin. -->","yoast_head_json":{"title":"Suites - Ch\u00e2teau de Paraza","description":"CHAMBRES D'H\u00d4TES EN BORDURE DU CANAL DU MIDI BORD\u00c9ES DE PIN\u00c8DES, D'OLIVERAIES ET DE VIGNES, ON Y VIT HORS DU TEMPS. DOT\u00c9ES D'UNE PISCINE ET DE JARDINS EN Descubren las habitaciones de hu\u00e9spedes del Ch\u00e2teau de Paraza","robots":{"index":"index","follow":"follow","max-snippet":"max-snippet:-1","max-image-preview":"max-image-preview:large","max-video-preview":"max-video-preview:-1"},"canonical":"https:\/\/www.chateau-de-paraza.com\/chambres-dhotes\/","og_locale":"es_ES","og_type":"article","og_title":"Suites - Ch\u00e2teau de Paraza","og_description":"CHAMBRES D'H\u00d4TES EN BORDURE DU CANAL DU MIDI BORD\u00c9ES DE PIN\u00c8DES, D'OLIVERAIES ET DE VIGNES, ON Y VIT HORS DU TEMPS. DOT\u00c9ES D'UNE PISCINE ET DE JARDINS EN Descubren las habitaciones de hu\u00e9spedes del Ch\u00e2teau de Paraza","og_url":"https:\/\/www.chateau-de-paraza.com\/chambres-dhotes\/","og_site_name":"Ch\u00e2teau de Paraza","article_publisher":"https:\/\/www.facebook.com\/chateaudeparaza","article_modified_time":"2026-01-21T15:52:01+00:00","og_image":[{"url":"https:\/\/www.tripadvisor.fr\/img\/cdsi\/img2\/branding\/tripadvisor_logo_transp_340x80-18034-2.png"}],"twitter_card":"summary_large_image","twitter_site":"@ChateauDeParaza","twitter_misc":{"Tiempo de lectura":"6 minutos"},"schema":{"@context":"https:\/\/schema.org","@graph":[{"@type":"WebPage","@id":"https:\/\/www.chateau-de-paraza.com\/chambres-dhotes\/","url":"https:\/\/www.chateau-de-paraza.com\/chambres-dhotes\/","name":"Suites - Ch\u00e2teau de Paraza","isPartOf":{"@id":"https:\/\/www.chateau-de-paraza.com\/#website"},"datePublished":"2017-07-21T16:04:33+00:00","dateModified":"2026-01-21T15:52:01+00:00","description":"CHAMBRES D'H\u00d4TES EN BORDURE DU CANAL DU MIDI BORD\u00c9ES DE PIN\u00c8DES, D'OLIVERAIES ET DE VIGNES, ON Y VIT HORS DU TEMPS. DOT\u00c9ES D'UNE PISCINE ET DE JARDINS EN Descubren las habitaciones de hu\u00e9spedes del Ch\u00e2teau de Paraza","breadcrumb":{"@id":"https:\/\/www.chateau-de-paraza.com\/chambres-dhotes\/#breadcrumb"},"inLanguage":"es","potentialAction":[{"@type":"ReadAction","target":["https:\/\/www.chateau-de-paraza.com\/chambres-dhotes\/"]}]},{"@type":"BreadcrumbList","@id":"https:\/\/www.chateau-de-paraza.com\/chambres-dhotes\/#breadcrumb","itemListElement":[{"@type":"ListItem","position":1,"name":"Accueil","item":"https:\/\/www.chateau-de-paraza.com\/es\/"},{"@type":"ListItem","position":2,"name":"Suites"}]},{"@type":"WebSite","@id":"https:\/\/www.chateau-de-paraza.com\/#website","url":"https:\/\/www.chateau-de-paraza.com\/","name":"Ch\u00e2teau de Paraza","description":"Site web du Ch\u00e2teau de Paraza","potentialAction":[{"@type":"SearchAction","target":{"@type":"EntryPoint","urlTemplate":"https:\/\/www.chateau-de-paraza.com\/?s={search_term_string}"},"query-input":"required name=search_term_string"}],"inLanguage":"es"}]}},"_links":{"self":[{"href":"https:\/\/www.chateau-de-paraza.com\/es\/wp-json\/wp\/v2\/pages\/2725"}],"collection":[{"href":"https:\/\/www.chateau-de-paraza.com\/es\/wp-json\/wp\/v2\/pages"}],"about":[{"href":"https:\/\/www.chateau-de-paraza.com\/es\/wp-json\/wp\/v2\/types\/page"}],"author":[{"embeddable":true,"href":"https:\/\/www.chateau-de-paraza.com\/es\/wp-json\/wp\/v2\/users\/2"}],"replies":[{"embeddable":true,"href":"https:\/\/www.chateau-de-paraza.com\/es\/wp-json\/wp\/v2\/comments?post=2725"}],"version-history":[{"count":11,"href":"https:\/\/www.chateau-de-paraza.com\/es\/wp-json\/wp\/v2\/pages\/2725\/revisions"}],"predecessor-version":[{"id":13259,"href":"https:\/\/www.chateau-de-paraza.com\/es\/wp-json\/wp\/v2\/pages\/2725\/revisions\/13259"}],"wp:featuredmedia":[{"embeddable":true,"href":"https:\/\/www.chateau-de-paraza.com\/es\/wp-json\/wp\/v2\/media\/10491"}],"wp:attachment":[{"href":"https:\/\/www.chateau-de-paraza.com\/es\/wp-json\/wp\/v2\/media?parent=2725"}],"curies":[{"name":"wp","href":"https:\/\/api.w.org\/{rel}","templated":true}]}}