{"id":2720,"date":"2017-07-21T14:12:57","date_gmt":"2017-07-21T13:12:57","guid":{"rendered":"https:\/\/www.chateau-de-paraza.com\/es\/?page_id=2720"},"modified":"2024-10-28T14:55:34","modified_gmt":"2024-10-28T13:55:34","slug":"accueil","status":"publish","type":"page","link":"https:\/\/www.chateau-de-paraza.com\/es\/","title":{"rendered":"Inicio"},"content":{"rendered":"<div class=\"wpb-content-wrapper\"><p>[vc_row][vc_column][vc_column_text]<\/p>\n<h3 style=\"text-align: center;\"><strong>LOS GRANDES VINOS DEL MINERVOIS EN EL CORAZ\u00d3N DEL LANGUEDOC<\/strong><\/h3>\n<p>[\/vc_column_text][vc_empty_space][vc_row_inner][vc_column_inner]<div class=\"hr-thick\" style=\"width: 25%;border-color: #f4f4f4;\"><\/div>[\/vc_column_inner][vc_column_inner][vc_empty_space height=\u00bb52px\u00bb][\/vc_column_inner][\/vc_row_inner][vc_row_inner][vc_column_inner width=\u00bb1\/3&#8243;][vc_column_text]<\/p>\n<h3 style=\"text-align: center;\"><a href=\"https:\/\/www.chateau-de-paraza.com\/es\/experiencias-actividades-degustacion-visita-enoturismo\/\">Cata gratuita de vino<\/a><\/h3>\n<p>[\/vc_column_text][vc_empty_space height=\u00bb30px\u00bb][vc_single_image image=\u00bb4144&#8243; img_size=\u00bb300*300&#8243; alignment=\u00bbcenter\u00bb onclick=\u00bbcustom_link\u00bb link=\u00bbhttps:\/\/www.chateau-de-paraza.com\/es\/experiencias-actividades-degustacion-visita-enoturismo\/\u00bb][vc_empty_space height=\u00bb15px\u00bb][vc_column_text]<\/p>\n<p style=\"text-align: left;\">\u00a1 Vienen a catar nuestros vinos, descubren nuestras gamas y las cosechas exclusivas !<\/p>\n<p>[\/vc_column_text][\/vc_column_inner][vc_column_inner width=\u00bb1\/3&#8243;][vc_column_text]<\/p>\n<h3 style=\"text-align: center;\"><a href=\"https:\/\/chateau-de-paraza.grapl.com\/\">Venta de vinos<\/a><\/h3>\n<p>[\/vc_column_text][vc_empty_space height=\u00bb30px\u00bb][vc_single_image image=\u00bb3391&#8243; img_size=\u00bb300*300&#8243; alignment=\u00bbcenter\u00bb onclick=\u00bbcustom_link\u00bb link=\u00bbhttps:\/\/chateau-de-paraza.grapl.com\/\u00bb][vc_empty_space height=\u00bb15px\u00bb][vc_column_text]<\/p>\n<p style=\"text-align: left;\">La familia Danglas cultiva 75 hect\u00e1reas de vi\u00f1as en laderas y elabora vinos llenos de fuerza y de delicadeza. Los grandes caldos se aprecian por todo el mundo.<\/p>\n<p>[\/vc_column_text][\/vc_column_inner][vc_column_inner width=\u00bb1\/3&#8243;][vc_column_text]<\/p>\n<h3 style=\"text-align: center;\"><a href=\"https:\/\/www.chateau-de-paraza.com\/es\/habitaciones-de-huespedes\/descubren-nuestras-suites\/\">Habitaciones en el castillo<\/a><\/h3>\n<p>[\/vc_column_text][vc_empty_space height=\u00bb30px\u00bb][vc_single_image image=\u00bb3399&#8243; img_size=\u00bb300*300&#8243; alignment=\u00bbcenter\u00bb onclick=\u00bbcustom_link\u00bb link=\u00bbhttps:\/\/www.chateau-de-paraza.com\/es\/habitaciones-de-huespedes\/descubren-nuestras-suites\/\u00bb][vc_empty_space height=\u00bb15px\u00bb][vc_column_text]<\/p>\n<p style=\"text-align: left;\">En el coraz\u00f3n del pueblo Paraza, en un medio ambiente excepcional disfrutando de la tranquilidad del Canal du Midi, les acogemos en el Chateau de Paraza en una de las cuatro suites hist\u00f3ricas y elegantemente renovadas.<\/p>\n<p>[\/vc_column_text][\/vc_column_inner][\/vc_row_inner][vc_empty_space height=\u00bb62px\u00bb][vc_row_inner][vc_column_inner width=\u00bb1\/3&#8243;][vc_column_text]<\/p>\n<h3 style=\"text-align: center;\"><a href=\"https:\/\/www.chateau-de-paraza.com\/es\/experiencias-actividades-degustacion-visita-enoturismo\/\">Visita de la Bodega<\/a><\/h3>\n<p>[\/vc_column_text][vc_empty_space height=\u00bb30px\u00bb][vc_single_image image=\u00bb4201&#8243; img_size=\u00bb300*300&#8243; alignment=\u00bbcenter\u00bb onclick=\u00bbcustom_link\u00bb link=\u00bbhttps:\/\/www.chateau-de-paraza.com\/es\/experiencias-actividades-degustacion-visita-enoturismo\/\u00bb][vc_empty_space height=\u00bb15px\u00bb][vc_column_text]<\/p>\n<p style=\"text-align: left;\">Paseo vit\u00edcola, visita del viticultor, cata de nuestros vinos en la bodega, les vamos a revelar todos los secretos del vino.<\/p>\n<p>[\/vc_column_text][\/vc_column_inner][vc_column_inner width=\u00bb1\/3&#8243;][vc_column_text]<\/p>\n<h3 style=\"text-align: center;\"><a href=\"https:\/\/www.chateau-de-paraza.com\/es\/matrimonio-castillo-viticola-francia\/\">Bodas<\/a><\/h3>\n<p>[\/vc_column_text][vc_empty_space height=\u00bb30px\u00bb][vc_single_image image=\u00bb2810&#8243; img_size=\u00bb300*300&#8243; alignment=\u00bbcenter\u00bb onclick=\u00bbcustom_link\u00bb link=\u00bbhttps:\/\/www.chateau-de-paraza.com\/es\/matrimonio-castillo-viticola-francia\/\u00bb][vc_empty_space height=\u00bb15px\u00bb][vc_column_text]<\/p>\n<p style=\"text-align: left;\">Un lugar excepcional para varias ocasione s: cumplea\u00f1os, bodas, reuniones. Contactenos para organizar un evento \u00fanico.<\/p>\n<p>[\/vc_column_text][\/vc_column_inner][vc_column_inner width=\u00bb1\/3&#8243;][vc_column_text]<\/p>\n<h3 style=\"text-align: center;\">A\u00f1ada 2024<\/h3>\n<p>[\/vc_column_text][vc_empty_space height=\u00bb30px\u00bb][vc_single_image image=\u00bb10917&#8243; img_size=\u00bb300*300&#8243; alignment=\u00bbcenter\u00bb onclick=\u00bbcustom_link\u00bb link=\u00bbhttps:\/\/www.chateau-de-paraza.com\/es\/sin-categorizar\/anada-2023-castillo-bodega-de-paraza-minervois\/\u00bb][vc_empty_space height=\u00bb15px\u00bb][vc_column_text]<\/p>\n<p style=\"text-align: left;\">&#x1f347;&#x1f377; 2024, un a\u00f1o atractivo se perfila en el horizonte. Una cosecha muy reducida, pero de calidad superior que emana. Uvas arom\u00e1ticas, una concentraci\u00f3n perfecta y un equilibrio preservado<\/p>\n<p>[\/vc_column_text][\/vc_column_inner][\/vc_row_inner][vc_empty_space height=\u00bb62px\u00bb][vc_row_inner][vc_column_inner width=\u00bb1\/3&#8243;][vc_column_text]<\/p>\n<h3 style=\"text-align: center;\"><a href=\"https:\/\/www.chateau-de-paraza.com\/es\/lecafeduport_baravins\/\">Enoteca<\/a><\/h3>\n<p>[\/vc_column_text][vc_empty_space height=\u00bb30px\u00bb][vc_single_image image=\u00bb4133&#8243; img_size=\u00bb300*300&#8243; alignment=\u00bbcenter\u00bb onclick=\u00bbcustom_link\u00bb link=\u00bbhttps:\/\/www.chateau-de-paraza.com\/es\/lecafeduport_baravins\/\u00bb][vc_empty_space height=\u00bb15px\u00bb][vc_column_text]<\/p>\n<div class=\"flex-shrink-0 flex flex-col relative items-end\">\n<div>\n<div class=\"pt-0.5 juice:pt-0\">\n<div class=\"gizmo-bot-avatar flex h-6 w-6 items-center justify-center overflow-hidden rounded-full juice:h-8 juice:w-8\">\n<div class=\"relative p-1 rounded-sm flex items-center justify-center bg-token-main-surface-primary text-token-text-primary h-8 w-8\"><strong>Le Caf\u00e9 du Port<\/strong>, nuestro nuevo bar de vinos y tapas, les da la bienvenida durante la temporada para una parada y una cena a orillas del Canal du Midi, aqu\u00ed en Paraza. Reapertura el jueves 6 de junio. Abierto todas las noches de martes a domingo.<\/div>\n<\/div>\n<\/div>\n<\/div>\n<\/div>\n<p>[\/vc_column_text][\/vc_column_inner][vc_column_inner width=\u00bb1\/3&#8243;][vc_column_text]<\/p>\n<h3 style=\"text-align: center;\"><a href=\"https:\/\/chateau-de-paraza.amenitiz.io\/fr\/booking\/room\">Reservar su habitaci\u00f3n<\/a><\/h3>\n<p>[\/vc_column_text][vc_empty_space height=\u00bb30px\u00bb][vc_single_image image=\u00bb6605&#8243; img_size=\u00bb300*300&#8243; alignment=\u00bbcenter\u00bb onclick=\u00bbcustom_link\u00bb link=\u00bbhttps:\/\/chateau-de-paraza.amenitiz.io\/fr\/booking\/room\u00bb][vc_empty_space height=\u00bb15px\u00bb][vc_column_text]<\/p>\n<p style=\"text-align: left;\">\u00bfYa conocen nuestras habitaciones de hu\u00e9spedes ? \u00bfSaben c\u00faal habitaci\u00f3n quieren alquilar ? Entonces, \u00a1 Hag\u00e1n click y reserven !<\/p>\n<p>[\/vc_column_text][\/vc_column_inner][vc_column_inner width=\u00bb1\/3&#8243;][vc_column_text]<\/p>\n<h3 style=\"text-align: center;\"><a href=\"https:\/\/www.chateau-de-paraza.com\/es\/noticias\/\">Acontecimientos<\/a><\/h3>\n<p>[\/vc_column_text][vc_empty_space height=\u00bb30px\u00bb][vc_single_image image=\u00bb2799&#8243; img_size=\u00bb300*300&#8243; alignment=\u00bbcenter\u00bb onclick=\u00bbcustom_link\u00bb link=\u00bbhttps:\/\/www.chateau-de-paraza.com\/es\/noticias\/\u00bb][vc_empty_space height=\u00bb15px\u00bb][vc_column_text]<\/p>\n<p style=\"text-align: left;\">Echan un vistazo a nuestros pr\u00f3ximos eventos para no perder ninguno.<\/p>\n<p>[\/vc_column_text][\/vc_column_inner][\/vc_row_inner][vc_row_inner][vc_column_inner][vc_empty_space height=\u00bb62px\u00bb][vc_empty_space][\/vc_column_inner][\/vc_row_inner][\/vc_column][\/vc_row][vc_row][vc_column][vc_column_text]<\/p>\n<h1 style=\"text-align: center;\"><strong>UNA FINCA DEL SIGLO 17 AL BORDE DEL CANAL DU MIDI<\/strong><\/h1>\n<p>[\/vc_column_text][vc_empty_space][vc_row_inner][vc_column_inner]<div class=\"hr-thick\" style=\"width: 25%;border-color: #f4f4f4;\"><\/div>[\/vc_column_inner][vc_column_inner][vc_empty_space height=\u00bb52px\u00bb][\/vc_column_inner][\/vc_row_inner][vc_video link=\u00bbhttps:\/\/youtu.be\/5VboUVQgBQU\u00bb align=\u00bbcenter\u00bb][vc_empty_space height=\u00bb62px\u00bb][\/vc_column][\/vc_row][vc_row][vc_column]<div class=\"hr-thick\" style=\"width: 25%;\"><\/div>[\/vc_column][\/vc_row][vc_row][vc_column][vc_empty_space][\/vc_column][\/vc_row][vc_row][vc_column][vc_column_text]<\/p>\n<div id=\"TA_excellent66\" class=\"TA_excellent\">\n<ul id=\"kRRylXgAa\" class=\"TA_links GMlQwzutUB\">\n<li id=\"xlJfPcA\" class=\"pE52p0lmT\"><a href=\"https:\/\/www.tripadvisor.fr\/\" target=\"_blank\" rel=\"noopener noreferrer\"><img decoding=\"async\" id=\"CDSWIDEXCLOGO\" class=\"widEXCIMG aligncenter\" src=\"https:\/\/static.tacdn.com\/img2\/widget\/tripadvisor_logo_115x18.gif\" alt=\"TripAdvisor\" \/><\/a><\/li>\n<\/ul>\n<\/div>\n<p><script src=\"https:\/\/www.jscache.com\/wejs?wtype=excellent&amp;uniq=66&amp;locationId=8845292&amp;lang=fr&amp;display_version=2\"><\/script>[\/vc_column_text][\/vc_column][\/vc_row][vc_row][vc_column][vc_empty_space][\/vc_column][\/vc_row][vc_row][vc_column]<div class=\"hr-thick\" style=\"width: 25%;\"><\/div>[\/vc_column][\/vc_row][vc_row][vc_column][vc_empty_space][\/vc_column][\/vc_row][vc_row][vc_column][vc_column_text]<\/p>\n<h3><strong>DESCUBREN LO QUE NUESTROS VISITANTES HAN PENSADO DU SU VISITA AL CHATEAU DE PARAZA EN EL CANAL DU MIDI<\/strong><\/h3>\n<p>[\/vc_column_text][vc_empty_space][\/vc_column][\/vc_row][vc_row][vc_column][\/vc_column][\/vc_row][vc_row][vc_column][vc_empty_space][\/vc_column][\/vc_row]<\/p>\n<\/div>","protected":false},"excerpt":{"rendered":"<p>[vc_row][vc_column][vc_column_text] LOS GRANDES VINOS DEL MINERVOIS EN EL CORAZ\u00d3N DEL LANGUEDOC [\/vc_column_text][vc_empty_space][vc_row_inner][vc_column_inner][\/vc_column_inner][vc_column_inner][vc_empty_space height=\u00bb52px\u00bb][\/vc_column_inner][\/vc_row_inner][vc_row_inner][vc_column_inner width=\u00bb1\/3&#8243;][vc_column_text] Cata gratuita de vino [\/vc_column_text][vc_empty_space height=\u00bb30px\u00bb][vc_single_image image=\u00bb4144&#8243; img_size=\u00bb300*300&#8243; alignment=\u00bbcenter\u00bb onclick=\u00bbcustom_link\u00bb link=\u00bbhttps:\/\/www.chateau-de-paraza.com\/es\/experiencias-actividades-degustacion-visita-enoturismo\/\u00bb][vc_empty_space height=\u00bb15px\u00bb][vc_column_text] \u00a1 Vienen a catar nuestros vinos, descubren nuestras gamas y las cosechas exclusivas ! [\/vc_column_text][\/vc_column_inner][vc_column_inner width=\u00bb1\/3&#8243;][vc_column_text] Venta de vinos [\/vc_column_text][vc_empty_space height=\u00bb30px\u00bb][vc_single_image image=\u00bb3391&#8243; img_size=\u00bb300*300&#8243; alignment=\u00bbcenter\u00bb onclick=\u00bbcustom_link\u00bb link=\u00bbhttps:\/\/chateau-de-paraza.grapl.com\/\u00bb][vc_empty_space height=\u00bb15px\u00bb][vc_column_text] La familia&hellip;<\/p>\n","protected":false},"author":2,"featured_media":9193,"parent":0,"menu_order":0,"comment_status":"closed","ping_status":"closed","template":"","meta":[],"yoast_head":"<!-- This site is optimized with the Yoast SEO plugin v21.8.1 - https:\/\/yoast.com\/wordpress\/plugins\/seo\/ -->\n<title>Inicio - Ch\u00e2teau de Paraza<\/title>\n<meta name=\"description\" content=\"En el Languedoc, dominando el Canal du Midi (UNESCO), el Ch\u00e2teau de Paraza es el guardi\u00e1n de una tradici\u00f3n vit\u00edcola ancestral\" \/>\n<meta name=\"robots\" content=\"index, follow, max-snippet:-1, max-image-preview:large, max-video-preview:-1\" \/>\n<link rel=\"canonical\" href=\"https:\/\/www.chateau-de-paraza.com\/es\/\" \/>\n<meta property=\"og:locale\" content=\"es_ES\" \/>\n<meta property=\"og:type\" content=\"article\" \/>\n<meta property=\"og:title\" content=\"Inicio - Ch\u00e2teau de Paraza\" \/>\n<meta property=\"og:description\" content=\"En el Languedoc, dominando el Canal du Midi (UNESCO), el Ch\u00e2teau de Paraza es el guardi\u00e1n de una tradici\u00f3n vit\u00edcola ancestral\" \/>\n<meta property=\"og:url\" content=\"https:\/\/www.chateau-de-paraza.com\/es\/\" \/>\n<meta property=\"og:site_name\" content=\"Ch\u00e2teau de Paraza\" \/>\n<meta property=\"article:publisher\" content=\"https:\/\/www.facebook.com\/chateaudeparaza\" \/>\n<meta property=\"article:modified_time\" content=\"2024-10-28T13:55:34+00:00\" \/>\n<meta property=\"og:image\" content=\"https:\/\/www.chateau-de-paraza.com\/wp-content\/uploads\/2023\/12\/Madame-Simone-576x1024.png\" \/>\n\t<meta property=\"og:image:width\" content=\"576\" \/>\n\t<meta property=\"og:image:height\" content=\"1024\" \/>\n\t<meta property=\"og:image:type\" content=\"image\/png\" \/>\n<meta name=\"twitter:card\" content=\"summary_large_image\" \/>\n<meta name=\"twitter:site\" content=\"@ChateauDeParaza\" \/>\n<meta name=\"twitter:label1\" content=\"Tiempo de lectura\" \/>\n\t<meta name=\"twitter:data1\" content=\"3 minutos\" \/>\n<script type=\"application\/ld+json\" class=\"yoast-schema-graph\">{\"@context\":\"https:\/\/schema.org\",\"@graph\":[{\"@type\":\"WebPage\",\"@id\":\"https:\/\/www.chateau-de-paraza.com\/es\/\",\"url\":\"https:\/\/www.chateau-de-paraza.com\/es\/\",\"name\":\"Inicio - Ch\u00e2teau de Paraza\",\"isPartOf\":{\"@id\":\"https:\/\/www.chateau-de-paraza.com\/#website\"},\"datePublished\":\"2017-07-21T13:12:57+00:00\",\"dateModified\":\"2024-10-28T13:55:34+00:00\",\"description\":\"En el Languedoc, dominando el Canal du Midi (UNESCO), el Ch\u00e2teau de Paraza es el guardi\u00e1n de una tradici\u00f3n vit\u00edcola ancestral\",\"breadcrumb\":{\"@id\":\"https:\/\/www.chateau-de-paraza.com\/es\/#breadcrumb\"},\"inLanguage\":\"es\",\"potentialAction\":[{\"@type\":\"ReadAction\",\"target\":[\"https:\/\/www.chateau-de-paraza.com\/es\/\"]}]},{\"@type\":\"BreadcrumbList\",\"@id\":\"https:\/\/www.chateau-de-paraza.com\/es\/#breadcrumb\",\"itemListElement\":[{\"@type\":\"ListItem\",\"position\":1,\"name\":\"Accueil\",\"item\":\"https:\/\/www.chateau-de-paraza.com\/es\/\"},{\"@type\":\"ListItem\",\"position\":2,\"name\":\"Inicio\"}]},{\"@type\":\"WebSite\",\"@id\":\"https:\/\/www.chateau-de-paraza.com\/#website\",\"url\":\"https:\/\/www.chateau-de-paraza.com\/\",\"name\":\"Ch\u00e2teau de Paraza\",\"description\":\"Site web du Ch\u00e2teau de Paraza\",\"potentialAction\":[{\"@type\":\"SearchAction\",\"target\":{\"@type\":\"EntryPoint\",\"urlTemplate\":\"https:\/\/www.chateau-de-paraza.com\/?s={search_term_string}\"},\"query-input\":\"required name=search_term_string\"}],\"inLanguage\":\"es\"}]}<\/script>\n<!-- \/ Yoast SEO plugin. -->","yoast_head_json":{"title":"Inicio - Ch\u00e2teau de Paraza","description":"En el Languedoc, dominando el Canal du Midi (UNESCO), el Ch\u00e2teau de Paraza es el guardi\u00e1n de una tradici\u00f3n vit\u00edcola ancestral","robots":{"index":"index","follow":"follow","max-snippet":"max-snippet:-1","max-image-preview":"max-image-preview:large","max-video-preview":"max-video-preview:-1"},"canonical":"https:\/\/www.chateau-de-paraza.com\/es\/","og_locale":"es_ES","og_type":"article","og_title":"Inicio - Ch\u00e2teau de Paraza","og_description":"En el Languedoc, dominando el Canal du Midi (UNESCO), el Ch\u00e2teau de Paraza es el guardi\u00e1n de una tradici\u00f3n vit\u00edcola ancestral","og_url":"https:\/\/www.chateau-de-paraza.com\/es\/","og_site_name":"Ch\u00e2teau de Paraza","article_publisher":"https:\/\/www.facebook.com\/chateaudeparaza","article_modified_time":"2024-10-28T13:55:34+00:00","og_image":[{"width":576,"height":1024,"url":"https:\/\/www.chateau-de-paraza.com\/wp-content\/uploads\/2023\/12\/Madame-Simone-576x1024.png","type":"image\/png"}],"twitter_card":"summary_large_image","twitter_site":"@ChateauDeParaza","twitter_misc":{"Tiempo de lectura":"3 minutos"},"schema":{"@context":"https:\/\/schema.org","@graph":[{"@type":"WebPage","@id":"https:\/\/www.chateau-de-paraza.com\/es\/","url":"https:\/\/www.chateau-de-paraza.com\/es\/","name":"Inicio - Ch\u00e2teau de Paraza","isPartOf":{"@id":"https:\/\/www.chateau-de-paraza.com\/#website"},"datePublished":"2017-07-21T13:12:57+00:00","dateModified":"2024-10-28T13:55:34+00:00","description":"En el Languedoc, dominando el Canal du Midi (UNESCO), el Ch\u00e2teau de Paraza es el guardi\u00e1n de una tradici\u00f3n vit\u00edcola ancestral","breadcrumb":{"@id":"https:\/\/www.chateau-de-paraza.com\/es\/#breadcrumb"},"inLanguage":"es","potentialAction":[{"@type":"ReadAction","target":["https:\/\/www.chateau-de-paraza.com\/es\/"]}]},{"@type":"BreadcrumbList","@id":"https:\/\/www.chateau-de-paraza.com\/es\/#breadcrumb","itemListElement":[{"@type":"ListItem","position":1,"name":"Accueil","item":"https:\/\/www.chateau-de-paraza.com\/es\/"},{"@type":"ListItem","position":2,"name":"Inicio"}]},{"@type":"WebSite","@id":"https:\/\/www.chateau-de-paraza.com\/#website","url":"https:\/\/www.chateau-de-paraza.com\/","name":"Ch\u00e2teau de Paraza","description":"Site web du Ch\u00e2teau de Paraza","potentialAction":[{"@type":"SearchAction","target":{"@type":"EntryPoint","urlTemplate":"https:\/\/www.chateau-de-paraza.com\/?s={search_term_string}"},"query-input":"required name=search_term_string"}],"inLanguage":"es"}]}},"_links":{"self":[{"href":"https:\/\/www.chateau-de-paraza.com\/es\/wp-json\/wp\/v2\/pages\/2720"}],"collection":[{"href":"https:\/\/www.chateau-de-paraza.com\/es\/wp-json\/wp\/v2\/pages"}],"about":[{"href":"https:\/\/www.chateau-de-paraza.com\/es\/wp-json\/wp\/v2\/types\/page"}],"author":[{"embeddable":true,"href":"https:\/\/www.chateau-de-paraza.com\/es\/wp-json\/wp\/v2\/users\/2"}],"replies":[{"embeddable":true,"href":"https:\/\/www.chateau-de-paraza.com\/es\/wp-json\/wp\/v2\/comments?post=2720"}],"version-history":[{"count":10,"href":"https:\/\/www.chateau-de-paraza.com\/es\/wp-json\/wp\/v2\/pages\/2720\/revisions"}],"predecessor-version":[{"id":10969,"href":"https:\/\/www.chateau-de-paraza.com\/es\/wp-json\/wp\/v2\/pages\/2720\/revisions\/10969"}],"wp:featuredmedia":[{"embeddable":true,"href":"https:\/\/www.chateau-de-paraza.com\/es\/wp-json\/wp\/v2\/media\/9193"}],"wp:attachment":[{"href":"https:\/\/www.chateau-de-paraza.com\/es\/wp-json\/wp\/v2\/media?parent=2720"}],"curies":[{"name":"wp","href":"https:\/\/api.w.org\/{rel}","templated":true}]}}