{"id":13566,"date":"2026-04-02T13:07:48","date_gmt":"2026-04-02T12:07:48","guid":{"rendered":"https:\/\/www.chateau-de-paraza.com\/?page_id=13566"},"modified":"2026-04-02T16:46:01","modified_gmt":"2026-04-02T15:46:01","slug":"le-cafe-du-port-restaurant-au-bord-du-canal-du-midi-a-paraza","status":"publish","type":"page","link":"https:\/\/www.chateau-de-paraza.com\/es\/le-cafe-du-port-restaurant-au-bord-du-canal-du-midi-a-paraza\/","title":{"rendered":"Le Caf\u00e9 du Port &#8211; Restaurant au bord du Canal du Midi \u00e0 Paraza"},"content":{"rendered":"<div class=\"wpb-content-wrapper\"><p>[vc_row][vc_column][vc_single_image image=\u00bb13591&#8243; img_size=\u00bbmedium\u00bb alignment=\u00bbcenter\u00bb][\/vc_column][\/vc_row][vc_row][vc_column][vc_empty_space height=\u00bb50px\u00bb][\/vc_column][\/vc_row][vc_row][vc_column][vc_custom_heading text=\u00bbLe Caf\u00e9 du Port\u00bb font_container=\u00bbtag:h1|font_size:35|text_align:center\u00bb google_fonts=\u00bbfont_family:Montserrat%3Aregular%2C700|font_style:700%20bold%20regular%3A700%3Anormal\u00bb][vc_custom_heading text=\u00bbRestaurant au bord du Canal du Midi \u00e0 Paraza\u00bb font_container=\u00bbtag:h3|font_size:25|text_align:center\u00bb google_fonts=\u00bbfont_family:Montserrat%3Aregular%2C700|font_style:400%20regular%3A400%3Anormal\u00bb][\/vc_column][\/vc_row][vc_row][vc_column][vc_empty_space][\/vc_column][\/vc_row][vc_row][vc_column][vc_custom_heading text=\u00bbOuvert d\u2019Avril \u00e0 Octobre\u00bb font_container=\u00bbtag:h1|font_size:30|text_align:center\u00bb google_fonts=\u00bbfont_family:Montserrat%3Aregular%2C700|font_style:400%20regular%3A400%3Anormal\u00bb][vc_custom_heading text=\u00bbDu Lundi 10h-22h au Dimanche Midi 10h-15h\u00bb font_container=\u00bbtag:h1|font_size:20|text_align:center\u00bb google_fonts=\u00bbfont_family:Montserrat%3Aregular%2C700|font_style:700%20bold%20regular%3A700%3Anormal\u00bb][\/vc_column][\/vc_row][vc_row][vc_column][vc_empty_space height=\u00bb50px\u00bb][\/vc_column][\/vc_row][vc_row][vc_column][vc_media_grid element_width=\u00bb3&#8243; initial_loading_animation=\u00bbnone\u00bb grid_id=\u00bbvc_gid:1775144485784-8a8715fe9c748a96dd4c88333acedea7-6&#8243; include=\u00bb13573,13081,13568,13581&#8243;][\/vc_column][\/vc_row][vc_row][vc_column][vc_empty_space height=\u00bb70px\u00bb][\/vc_column][\/vc_row][vc_row][vc_column][vc_column_text]Restaurant au bord du Canal du Midi, prenez le temps de vous installer en terrasse au Caf\u00e9 du Port \u00e0 Paraza, et laissez-vous porter par la douceur de vivre au fil de l\u2019eau. Dans une ambiance conviviale et chaleureuse, savourez une cuisine traditionnelle mettant \u00e0 l\u2019honneur des produits frais et locaux, accompagn\u00e9e de nos vins du domaine ou de cocktails rafra\u00eechissants.<\/p>\n<p>Entre planches \u00e0 partager et plats gourmands, chaque moment devient une parenth\u00e8se de plaisir. D\u00e9couvrez notre menu, venez passer \u2014 ou repasser \u2014 un instant hors du temps, et pensez \u00e0 r\u00e9server pour vos groupes, anniversaires ou occasions sp\u00e9ciales comme la f\u00eate des m\u00e8res ou la f\u00eate des p\u00e8res.[\/vc_column_text][vc_empty_space height=\u00bb50px\u00bb]<div class=\"hr-thin style-line\"><\/div>[vc_empty_space height=\u00bb50px\u00bb][\/vc_column][\/vc_row][vc_row][vc_column width=\u00bb1\/4&#8243;][\/vc_column][vc_column width=\u00bb1\/2&#8243;][vc_custom_heading text=\u00bbR\u00e9servation au :\u00bb font_container=\u00bbtag:h3|font_size:25|text_align:center\u00bb google_fonts=\u00bbfont_family:Montserrat%3Aregular%2C700|font_style:400%20regular%3A400%3Anormal\u00bb][\/vc_column][vc_column width=\u00bb1\/4&#8243;][\/vc_column][\/vc_row][vc_row][vc_column width=\u00bb1\/2&#8243;][vc_empty_space height=\u00bb50px\u00bb][vc_custom_heading text=\u00bb04.68.75.50.59&#8243; font_container=\u00bbtag:h2|font_size:25|text_align:center\u00bb google_fonts=\u00bbfont_family:Montserrat%3Aregular%2C700|font_style:400%20regular%3A400%3Anormal\u00bb css=\u00bb.vc_custom_1775136801898{background-color: #e8e8e8 !important;border-radius: 35px !important;}\u00bb][\/vc_column][vc_column width=\u00bb1\/2&#8243;][vc_empty_space height=\u00bb50px\u00bb][vc_custom_heading text=\u00bb06.08.48.53.68&#8243; font_container=\u00bbtag:h2|font_size:25|text_align:center\u00bb google_fonts=\u00bbfont_family:Montserrat%3Aregular%2C700|font_style:400%20regular%3A400%3Anormal\u00bb css=\u00bb.vc_custom_1775136894363{background-color: #e8e8e8 !important;border-radius: 35px !important;}\u00bb][\/vc_column][\/vc_row][vc_row][vc_column][vc_empty_space height=\u00bb50px\u00bb][vc_empty_space height=\u00bb50px\u00bb]<div class=\"hr-thin style-line\" style=\"width: 100%;\"><\/div>[\/vc_column][\/vc_row][vc_row][vc_column][vc_empty_space height=\u00bb50px\u00bb][vc_custom_heading text=\u00bbLa carte\u00bb font_container=\u00bbtag:h1|font_size:35|text_align:center\u00bb google_fonts=\u00bbfont_family:Montserrat%3Aregular%2C700|font_style:400%20regular%3A400%3Anormal\u00bb][vc_empty_space height=\u00bb50px\u00bb][\/vc_column][\/vc_row][vc_row][vc_column width=\u00bb1\/2&#8243;][vc_single_image image=\u00bb13604&#8243; img_size=\u00bblarge\u00bb alignment=\u00bbcenter\u00bb][\/vc_column][vc_column width=\u00bb1\/2&#8243;][vc_single_image image=\u00bb13599&#8243; img_size=\u00bblarge\u00bb alignment=\u00bbcenter\u00bb][\/vc_column][\/vc_row][vc_row][vc_column][vc_empty_space height=\u00bb50px\u00bb][\/vc_column][\/vc_row][vc_row][vc_column][vc_empty_space height=\u00bb50px\u00bb]<div class=\"hr-thin style-line\" style=\"width: 100%;\"><\/div>[vc_empty_space height=\u00bb50px\u00bb][\/vc_column][\/vc_row][vc_row][vc_column width=\u00bb1\/2&#8243;][vc_custom_heading text=\u00bbGroupes &amp; \u00e9v\u00e8nements au Caf\u00e9 du Port\u00bb font_container=\u00bbtag:h1|font_size:35|text_align:center\u00bb google_fonts=\u00bbfont_family:Montserrat%3Aregular%2C700|font_style:400%20regular%3A400%3Anormal\u00bb][vc_empty_space][vc_column_text]<\/p>\n<p data-start=\"107\" data-end=\"408\">Envie de partager un moment unique dans un cadre exceptionnel au bord du Canal du Midi ? Le Caf\u00e9 du Port vous accueille pour tous vos \u00e9v\u00e8nements, dans une ambiance conviviale et chaleureuse.<\/p>\n<p data-start=\"107\" data-end=\"408\">Que ce soit pour un moment festif ou professionnel, nous vous accompagnons dans l\u2019organisation de votre venue.<\/p>\n<p data-start=\"410\" data-end=\"604\">Nous vous proposons des <strong data-start=\"434\" data-end=\"454\">menus sur mesure<\/strong>, \u00e9labor\u00e9s ensemble selon vos envies, votre budget et le type d\u2019\u00e9v\u00e9nement. L\u2019objectif : vous offrir une exp\u00e9rience personnalis\u00e9e, simple et m\u00e9morable.<\/p>\n<p data-start=\"606\" data-end=\"707\">&#x1f389; Anniversaires<br data-start=\"622\" data-end=\"625\" \/>&#x1f942; Afterworks<br data-start=\"638\" data-end=\"641\" \/>&#x1f6a4; Groupes touristiques<br data-start=\"664\" data-end=\"667\" \/>&#x1f38a; \u00c9v\u00e8nements priv\u00e9s ou professionnels<\/p>\n<p data-start=\"874\" data-end=\"1014\" data-is-last-node=\"\" data-is-only-node=\"\">Notre \u00e9quipe est \u00e0 votre \u00e9coute pour cr\u00e9er un moment qui vous ressemble. N\u2019h\u00e9sitez pas \u00e0 nous contacter pour imaginer ensemble votre projet.<\/p>\n<p>[\/vc_column_text][vc_empty_space][vc_btn title=\u00bbNous contacter\u00bb align=\u00bbcenter\u00bb button_block=\u00bbtrue\u00bb link=\u00bburl:https%3A%2F%2Fwww.chateau-de-paraza.com%2Fcontact-chateau-de-paraza%2F|title:Contact\u00bb][\/vc_column][vc_column width=\u00bb1\/2&#8243;][vc_single_image image=\u00bb13650&#8243; img_size=\u00bblarge\u00bb][\/vc_column][\/vc_row][vc_row][vc_column][vc_empty_space height=\u00bb50px\u00bb]<div class=\"hr-thin style-line\" style=\"width: 100%;\"><\/div>[vc_empty_space height=\u00bb50px\u00bb][vc_custom_heading text=\u00bbVos avis nous sont pr\u00e9cieux\u00bb font_container=\u00bbtag:h1|font_size:35|text_align:center\u00bb google_fonts=\u00bbfont_family:Montserrat%3Aregular%2C700|font_style:400%20regular%3A400%3Anormal\u00bb][vc_empty_space height=\u00bb50px\u00bb][\/vc_column][\/vc_row][vc_row][vc_column width=\u00bb1\/2&#8243;][vc_single_image image=\u00bb13643&#8243; img_size=\u00bblarge\u00bb][\/vc_column][vc_column width=\u00bb1\/2&#8243;][vc_single_image image=\u00bb13638&#8243; img_size=\u00bblarge\u00bb][\/vc_column][\/vc_row][vc_row][vc_column][vc_empty_space height=\u00bb50px\u00bb][\/vc_column][\/vc_row][vc_row][vc_column width=\u00bb1\/2&#8243;][vc_single_image image=\u00bb13633&#8243; img_size=\u00bblarge\u00bb][\/vc_column][vc_column width=\u00bb1\/2&#8243;][vc_single_image image=\u00bb13623&#8243; img_size=\u00bblarge\u00bb][\/vc_column][\/vc_row][vc_row][vc_column][vc_empty_space height=\u00bb50px\u00bb][vc_btn title=\u00bbJe laisse mon avis\u00bb size=\u00bblg\u00bb align=\u00bbcenter\u00bb button_block=\u00bbtrue\u00bb link=\u00bburl:https%3A%2F%2Fwww.google.com%2Fsearch%3Fsa%3DX%26sca_esv%3D69b89b82830faa31%26sxsrf%3DANbL-n4g3AdsyaMFA0_ZORgzTUeQfgj1KQ%3A1775125820506%26q%3DCaf%25C3%25A9%2Bdu%2BPort%2BAvis%26rflfq%3D1%26num%3D20%26stick%3DH4sIAAAAAAAAAONgkxI2sjAwMDYwMjI1szQ0MTO0NDS02MDI-IpRyDkx7fBKhZRShYD8ohIFx7LM4kWsWAQBbd3IokQAAAA%26rldimm%3D2800302256914619118%26tbm%3Dlcl%26hl%3Dfr-FR%26ved%3D2ahUKEwjn3dn_-s6TAxXZVKQEHd1PAhYQ9fQKegQILBAG%26biw%3D767%26bih%3D695%26dpr%3D1.25%23lkt%3DLocalPoiReviews|target:_blank\u00bb][vc_empty_space height=\u00bb50px\u00bb]<div class=\"hr-thin style-line\" style=\"width: 100%;\"><\/div>[\/vc_column][\/vc_row][vc_row][vc_column][vc_empty_space height=\u00bb100px\u00bb][\/vc_column][\/vc_row][vc_row][vc_column width=\u00bb1\/6&#8243;][\/vc_column][vc_column width=\u00bb2\/3&#8243;][vc_custom_heading text=\u00bbNous trouver\u00bb font_container=\u00bbtag:h1|font_size:35|text_align:center\u00bb google_fonts=\u00bbfont_family:Montserrat%3Aregular%2C700|font_style:400%20regular%3A400%3Anormal\u00bb][vc_empty_space height=\u00bb50px\u00bb][vc_raw_html]JTNDaWZyYW1lJTIwc3JjJTNEJTIyaHR0cHMlM0ElMkYlMkZ3d3cuZ29vZ2xlLmNvbSUyRm1hcHMlMkZlbWJlZCUzRnBiJTNEJTIxMW0xOCUyMTFtMTIlMjExbTMlMjExZDcyNi41MzA4MDk2NTAwNTY0JTIxMmQyLjgzMjMyNzgzOTAwNjA4MyUyMTNkNDMuMjQ4ODM4OTAxMTE1MzU2JTIxMm0zJTIxMWYwJTIxMmYwJTIxM2YwJTIxM20yJTIxMWkxMDI0JTIxMmk3NjglMjE0ZjEzLjElMjEzbTMlMjExbTIlMjExczB4MTJiMWI3NTk0MjFlNWNhMSUyNTNBMHgyNmRjYWMxMGU3MWVkYWVlJTIxMnNDYWYlMjVDMyUyNUE5JTI1MjBkdSUyNTIwUG9ydCUyMTVlMCUyMTNtMiUyMTFzZnIlMjEyc2ZyJTIxNHYxNzc1MDU1Mzc3MzQwJTIxNW0yJTIxMXNmciUyMTJzZnIlMjIlMjB3aWR0aCUzRCUyMjYwMCUyMiUyMGhlaWdodCUzRCUyMjQ1MCUyMiUyMHN0eWxlJTNEJTIyYm9yZGVyJTNBMCUzQiUyMiUyMGFsbG93ZnVsbHNjcmVlbiUzRCUyMiUyMiUyMGxvYWRpbmclM0QlMjJsYXp5JTIyJTIwcmVmZXJyZXJwb2xpY3klM0QlMjJuby1yZWZlcnJlci13aGVuLWRvd25ncmFkZSUyMiUzRSUzQyUyRmlmcmFtZSUzRQ==[\/vc_raw_html][\/vc_column][vc_column width=\u00bb1\/6&#8243;][\/vc_column][\/vc_row]<\/p>\n<\/div>","protected":false},"excerpt":{"rendered":"<p>[vc_row][vc_column][vc_single_image image=\u00bb13591&#8243; img_size=\u00bbmedium\u00bb alignment=\u00bbcenter\u00bb][\/vc_column][\/vc_row][vc_row][vc_column][vc_empty_space height=\u00bb50px\u00bb][\/vc_column][\/vc_row][vc_row][vc_column][vc_custom_heading text=\u00bbLe Caf\u00e9 du Port\u00bb font_container=\u00bbtag:h1|font_size:35|text_align:center\u00bb google_fonts=\u00bbfont_family:Montserrat%3Aregular%2C700|font_style:700%20bold%20regular%3A700%3Anormal\u00bb][vc_custom_heading text=\u00bbRestaurant au bord du Canal du Midi \u00e0 Paraza\u00bb font_container=\u00bbtag:h3|font_size:25|text_align:center\u00bb google_fonts=\u00bbfont_family:Montserrat%3Aregular%2C700|font_style:400%20regular%3A400%3Anormal\u00bb][\/vc_column][\/vc_row][vc_row][vc_column][vc_empty_space][\/vc_column][\/vc_row][vc_row][vc_column][vc_custom_heading text=\u00bbOuvert d\u2019Avril \u00e0 Octobre\u00bb font_container=\u00bbtag:h1|font_size:30|text_align:center\u00bb google_fonts=\u00bbfont_family:Montserrat%3Aregular%2C700|font_style:400%20regular%3A400%3Anormal\u00bb][vc_custom_heading text=\u00bbDu Lundi 10h-22h au Dimanche Midi 10h-15h\u00bb font_container=\u00bbtag:h1|font_size:20|text_align:center\u00bb google_fonts=\u00bbfont_family:Montserrat%3Aregular%2C700|font_style:700%20bold%20regular%3A700%3Anormal\u00bb][\/vc_column][\/vc_row][vc_row][vc_column][vc_empty_space height=\u00bb50px\u00bb][\/vc_column][\/vc_row][vc_row][vc_column][vc_media_grid element_width=\u00bb3&#8243; initial_loading_animation=\u00bbnone\u00bb grid_id=\u00bbvc_gid:1775144485784-8a8715fe9c748a96dd4c88333acedea7-6&#8243; include=\u00bb13573,13081,13568,13581&#8243;][\/vc_column][\/vc_row][vc_row][vc_column][vc_empty_space height=\u00bb70px\u00bb][\/vc_column][\/vc_row][vc_row][vc_column][vc_column_text]Restaurant au bord du Canal du Midi, prenez le temps de vous installer&hellip;<\/p>\n","protected":false},"author":2,"featured_media":0,"parent":0,"menu_order":0,"comment_status":"closed","ping_status":"closed","template":"","meta":[],"yoast_head":"<!-- This site is optimized with the Yoast SEO plugin v21.8.1 - https:\/\/yoast.com\/wordpress\/plugins\/seo\/ -->\n<title>Le Caf\u00e9 du Port - Restaurant au bord du Canal du Midi - Ch\u00e2teau de Paraza<\/title>\n<meta name=\"description\" content=\"Restaurant au bord du canal du midi : d\u2019avril \u00e0 octobre, profitez de la terrasse et d\u00e9gustez vins, cocktails et produits frais et locaux.\" \/>\n<meta name=\"robots\" content=\"index, follow, max-snippet:-1, max-image-preview:large, max-video-preview:-1\" \/>\n<link rel=\"canonical\" href=\"https:\/\/www.chateau-de-paraza.com\/le-cafe-du-port-restaurant-au-bord-du-canal-du-midi-a-paraza\/\" \/>\n<meta property=\"og:locale\" content=\"es_ES\" \/>\n<meta property=\"og:type\" content=\"article\" \/>\n<meta property=\"og:title\" content=\"Le Caf\u00e9 du Port - Restaurant au bord du Canal du Midi - Ch\u00e2teau de Paraza\" \/>\n<meta property=\"og:description\" content=\"Restaurant au bord du canal du midi : d\u2019avril \u00e0 octobre, profitez de la terrasse et d\u00e9gustez vins, cocktails et produits frais et locaux.\" \/>\n<meta property=\"og:url\" content=\"https:\/\/www.chateau-de-paraza.com\/le-cafe-du-port-restaurant-au-bord-du-canal-du-midi-a-paraza\/\" \/>\n<meta property=\"og:site_name\" content=\"Ch\u00e2teau de Paraza\" \/>\n<meta property=\"article:publisher\" content=\"https:\/\/www.facebook.com\/chateaudeparaza\" \/>\n<meta property=\"article:modified_time\" content=\"2026-04-02T15:46:01+00:00\" \/>\n<meta name=\"twitter:card\" content=\"summary_large_image\" \/>\n<meta name=\"twitter:site\" content=\"@ChateauDeParaza\" \/>\n<meta name=\"twitter:label1\" content=\"Tiempo de lectura\" \/>\n\t<meta name=\"twitter:data1\" content=\"2 minutos\" \/>\n<script type=\"application\/ld+json\" class=\"yoast-schema-graph\">{\"@context\":\"https:\/\/schema.org\",\"@graph\":[{\"@type\":\"WebPage\",\"@id\":\"https:\/\/www.chateau-de-paraza.com\/le-cafe-du-port-restaurant-au-bord-du-canal-du-midi-a-paraza\/\",\"url\":\"https:\/\/www.chateau-de-paraza.com\/le-cafe-du-port-restaurant-au-bord-du-canal-du-midi-a-paraza\/\",\"name\":\"Le Caf\u00e9 du Port - Restaurant au bord du Canal du Midi - Ch\u00e2teau de Paraza\",\"isPartOf\":{\"@id\":\"https:\/\/www.chateau-de-paraza.com\/#website\"},\"datePublished\":\"2026-04-02T12:07:48+00:00\",\"dateModified\":\"2026-04-02T15:46:01+00:00\",\"description\":\"Restaurant au bord du canal du midi : d\u2019avril \u00e0 octobre, profitez de la terrasse et d\u00e9gustez vins, cocktails et produits frais et locaux.\",\"breadcrumb\":{\"@id\":\"https:\/\/www.chateau-de-paraza.com\/le-cafe-du-port-restaurant-au-bord-du-canal-du-midi-a-paraza\/#breadcrumb\"},\"inLanguage\":\"es\",\"potentialAction\":[{\"@type\":\"ReadAction\",\"target\":[\"https:\/\/www.chateau-de-paraza.com\/le-cafe-du-port-restaurant-au-bord-du-canal-du-midi-a-paraza\/\"]}]},{\"@type\":\"BreadcrumbList\",\"@id\":\"https:\/\/www.chateau-de-paraza.com\/le-cafe-du-port-restaurant-au-bord-du-canal-du-midi-a-paraza\/#breadcrumb\",\"itemListElement\":[{\"@type\":\"ListItem\",\"position\":1,\"name\":\"Accueil\",\"item\":\"https:\/\/www.chateau-de-paraza.com\/es\/\"},{\"@type\":\"ListItem\",\"position\":2,\"name\":\"Le Caf\u00e9 du Port &#8211; Restaurant au bord du Canal du Midi \u00e0 Paraza\"}]},{\"@type\":\"WebSite\",\"@id\":\"https:\/\/www.chateau-de-paraza.com\/#website\",\"url\":\"https:\/\/www.chateau-de-paraza.com\/\",\"name\":\"Ch\u00e2teau de Paraza\",\"description\":\"Site web du Ch\u00e2teau de Paraza\",\"potentialAction\":[{\"@type\":\"SearchAction\",\"target\":{\"@type\":\"EntryPoint\",\"urlTemplate\":\"https:\/\/www.chateau-de-paraza.com\/?s={search_term_string}\"},\"query-input\":\"required name=search_term_string\"}],\"inLanguage\":\"es\"}]}<\/script>\n<!-- \/ Yoast SEO plugin. -->","yoast_head_json":{"title":"Le Caf\u00e9 du Port - Restaurant au bord du Canal du Midi - Ch\u00e2teau de Paraza","description":"Restaurant au bord du canal du midi : d\u2019avril \u00e0 octobre, profitez de la terrasse et d\u00e9gustez vins, cocktails et produits frais et locaux.","robots":{"index":"index","follow":"follow","max-snippet":"max-snippet:-1","max-image-preview":"max-image-preview:large","max-video-preview":"max-video-preview:-1"},"canonical":"https:\/\/www.chateau-de-paraza.com\/le-cafe-du-port-restaurant-au-bord-du-canal-du-midi-a-paraza\/","og_locale":"es_ES","og_type":"article","og_title":"Le Caf\u00e9 du Port - Restaurant au bord du Canal du Midi - Ch\u00e2teau de Paraza","og_description":"Restaurant au bord du canal du midi : d\u2019avril \u00e0 octobre, profitez de la terrasse et d\u00e9gustez vins, cocktails et produits frais et locaux.","og_url":"https:\/\/www.chateau-de-paraza.com\/le-cafe-du-port-restaurant-au-bord-du-canal-du-midi-a-paraza\/","og_site_name":"Ch\u00e2teau de Paraza","article_publisher":"https:\/\/www.facebook.com\/chateaudeparaza","article_modified_time":"2026-04-02T15:46:01+00:00","twitter_card":"summary_large_image","twitter_site":"@ChateauDeParaza","twitter_misc":{"Tiempo de lectura":"2 minutos"},"schema":{"@context":"https:\/\/schema.org","@graph":[{"@type":"WebPage","@id":"https:\/\/www.chateau-de-paraza.com\/le-cafe-du-port-restaurant-au-bord-du-canal-du-midi-a-paraza\/","url":"https:\/\/www.chateau-de-paraza.com\/le-cafe-du-port-restaurant-au-bord-du-canal-du-midi-a-paraza\/","name":"Le Caf\u00e9 du Port - Restaurant au bord du Canal du Midi - Ch\u00e2teau de Paraza","isPartOf":{"@id":"https:\/\/www.chateau-de-paraza.com\/#website"},"datePublished":"2026-04-02T12:07:48+00:00","dateModified":"2026-04-02T15:46:01+00:00","description":"Restaurant au bord du canal du midi : d\u2019avril \u00e0 octobre, profitez de la terrasse et d\u00e9gustez vins, cocktails et produits frais et locaux.","breadcrumb":{"@id":"https:\/\/www.chateau-de-paraza.com\/le-cafe-du-port-restaurant-au-bord-du-canal-du-midi-a-paraza\/#breadcrumb"},"inLanguage":"es","potentialAction":[{"@type":"ReadAction","target":["https:\/\/www.chateau-de-paraza.com\/le-cafe-du-port-restaurant-au-bord-du-canal-du-midi-a-paraza\/"]}]},{"@type":"BreadcrumbList","@id":"https:\/\/www.chateau-de-paraza.com\/le-cafe-du-port-restaurant-au-bord-du-canal-du-midi-a-paraza\/#breadcrumb","itemListElement":[{"@type":"ListItem","position":1,"name":"Accueil","item":"https:\/\/www.chateau-de-paraza.com\/es\/"},{"@type":"ListItem","position":2,"name":"Le Caf\u00e9 du Port &#8211; Restaurant au bord du Canal du Midi \u00e0 Paraza"}]},{"@type":"WebSite","@id":"https:\/\/www.chateau-de-paraza.com\/#website","url":"https:\/\/www.chateau-de-paraza.com\/","name":"Ch\u00e2teau de Paraza","description":"Site web du Ch\u00e2teau de Paraza","potentialAction":[{"@type":"SearchAction","target":{"@type":"EntryPoint","urlTemplate":"https:\/\/www.chateau-de-paraza.com\/?s={search_term_string}"},"query-input":"required name=search_term_string"}],"inLanguage":"es"}]}},"_links":{"self":[{"href":"https:\/\/www.chateau-de-paraza.com\/es\/wp-json\/wp\/v2\/pages\/13566"}],"collection":[{"href":"https:\/\/www.chateau-de-paraza.com\/es\/wp-json\/wp\/v2\/pages"}],"about":[{"href":"https:\/\/www.chateau-de-paraza.com\/es\/wp-json\/wp\/v2\/types\/page"}],"author":[{"embeddable":true,"href":"https:\/\/www.chateau-de-paraza.com\/es\/wp-json\/wp\/v2\/users\/2"}],"replies":[{"embeddable":true,"href":"https:\/\/www.chateau-de-paraza.com\/es\/wp-json\/wp\/v2\/comments?post=13566"}],"version-history":[{"count":10,"href":"https:\/\/www.chateau-de-paraza.com\/es\/wp-json\/wp\/v2\/pages\/13566\/revisions"}],"predecessor-version":[{"id":13667,"href":"https:\/\/www.chateau-de-paraza.com\/es\/wp-json\/wp\/v2\/pages\/13566\/revisions\/13667"}],"wp:attachment":[{"href":"https:\/\/www.chateau-de-paraza.com\/es\/wp-json\/wp\/v2\/media?parent=13566"}],"curies":[{"name":"wp","href":"https:\/\/api.w.org\/{rel}","templated":true}]}}