{"id":13420,"date":"2026-03-05T16:23:57","date_gmt":"2026-03-05T15:23:57","guid":{"rendered":"https:\/\/www.chateau-de-paraza.com\/?page_id=13420"},"modified":"2026-03-12T16:53:49","modified_gmt":"2026-03-12T15:53:49","slug":"vin-pour-paques-au-chateau-de-paraza","status":"publish","type":"page","link":"https:\/\/www.chateau-de-paraza.com\/es\/vin-pour-paques-au-chateau-de-paraza\/","title":{"rendered":"Vin pour P\u00e2ques : l\u2019offre sp\u00e9ciale du Ch\u00e2teau de Paraza"},"content":{"rendered":"<div class=\"wpb-content-wrapper\"><p>[vc_row][vc_column][vc_column_text]<\/p>\n<h1 style=\"text-align: center;\">P\u00e2ques au Ch\u00e2teau de Paraza<\/h1>\n<p>[\/vc_column_text][vc_empty_space height=\u00bb20px\u00bb][vc_column_text]<\/p>\n<p data-start=\"1118\" data-end=\"1365\">P\u00e2ques est l\u2019un des grands moments de convivialit\u00e9 de l\u2019ann\u00e9e. Repas en famille, grandes tabl\u00e9es, plats traditionnels et instants partag\u00e9s : c\u2019est aussi l\u2019occasion id\u00e9ale de choisir un <strong data-start=\"1303\" data-end=\"1322\">vin pour P\u00e2ques<\/strong> qui accompagnera parfaitement votre repas.<\/p>\n<p data-start=\"1367\" data-end=\"1529\">\u00c0 cette occasion, le <span class=\"hover:entity-accent entity-underline inline cursor-pointer align-baseline\"><span class=\"whitespace-normal\">Ch\u00e2teau de Paraza<\/span><\/span> vous propose une <strong data-start=\"1443\" data-end=\"1495\">offre sp\u00e9ciale pour pr\u00e9parer votre table de f\u00eate<\/strong> et d\u00e9couvrir les vins du domaine.<\/p>\n<p>[\/vc_column_text][vc_empty_space][vc_zigzag][vc_empty_space][vc_column_text]<\/p>\n<h2 style=\"text-align: center;\">Livraison offerte pour P\u00e2ques<\/h2>\n<p>[\/vc_column_text][vc_empty_space height=\u00bb20px\u00bb][vc_column_text]<\/p>\n<p data-start=\"3422\" data-end=\"3497\">Pour toute commande de <strong data-start=\"3445\" data-end=\"3470\">12 bouteilles ou plus<\/strong>, la livraison est offerte.<\/p>\n<p data-start=\"3499\" data-end=\"3576\">Il vous suffit d\u2019utiliser le code <strong data-start=\"3533\" data-end=\"3543\">PAQUES<\/strong> lors de votre commande en ligne.<\/p>\n<p>[\/vc_column_text][vc_empty_space][vc_zigzag][vc_empty_space][vc_column_text]<\/p>\n<h2 style=\"text-align: center;\">La s\u00e9lection de P\u00e2ques<\/h2>\n<p>[\/vc_column_text][vc_empty_space height=\u00bb20px\u00bb][\/vc_column][\/vc_row][vc_row][vc_column width=\u00bb1\/2&#8243;][vc_empty_space height=\u00bb20px\u00bb][vc_empty_space height=\u00bb20px\u00bb][vc_empty_space height=\u00bb20px\u00bb][vc_empty_space height=\u00bb20px\u00bb][vc_column_text]<\/p>\n<p data-start=\"3607\" data-end=\"3695\">Nous avons s\u00e9lectionn\u00e9 trois cuv\u00e9es du domaine pour accompagner parfaitement vos repas :<\/p>\n<ul data-start=\"3697\" data-end=\"3856\">\n<li data-start=\"3697\" data-end=\"3750\">\n<p data-start=\"3699\" data-end=\"3750\">Palma Blanc 2024 \u2013 frais et fruit\u00e9, id\u00e9al \u00e0 l\u2019ap\u00e9ritif<\/p>\n<\/li>\n<li data-start=\"3751\" data-end=\"3790\">\n<p data-start=\"3753\" data-end=\"3790\">Palma Ros\u00e9 2023 \u2013 gourmand et ensoleill\u00e9<\/p>\n<\/li>\n<li data-start=\"3751\" data-end=\"3790\">\n<p data-start=\"3753\" data-end=\"3790\">Ad Vinam Aeternam Rouge 2021 \u2013 un vin g\u00e9n\u00e9reux parfait pour les plats de f\u00eate<\/p>\n<\/li>\n<\/ul>\n<p data-start=\"3858\" data-end=\"3922\">Retrouvez ces vins r\u00e9unis dans <strong data-start=\"3889\" data-end=\"3920\">notre carton sp\u00e9cial P\u00e2ques<\/strong> :<\/p>\n<p data-start=\"3924\" data-end=\"3973\">2 Palma Blanc<br data-start=\"3937\" data-end=\"3940\" \/>2 Palma Ros\u00e9<br data-start=\"3952\" data-end=\"3955\" \/>2 Ad Vinam aeternam Rouge<\/p>\n<p>[\/vc_column_text][vc_empty_space height=\u00bb20px\u00bb][\/vc_column][vc_column width=\u00bb1\/2&#8243;]<div class=\"woocommerce columns-1 \"><div class=\"wf-container loading-effect-fade-in description-on-hover\" data-padding=\"0px\" data-cur-page=\"1\">\n\n<article class=\"post description-off product type-product post-8024 status-publish first outofstock has-post-thumbnail sale taxable shipping-taxable purchasable product-type-simple\">\n\n\t\n\t<span class=\"onsale\">\u00a1Oferta!<\/span>\n\t\r\n<div class=\"rollover-project forward-post\">\r\n\r\n\t<a href=\"https:\/\/www.chateau-de-paraza.com\/es\/vente-de-vins\/sin categor\u00eda\/bad-rosie-2020\/\" class=\"\"><img width=\"300\" height=\"300\" src=\"https:\/\/www.chateau-de-paraza.com\/wp-content\/uploads\/2017\/02\/BAD-ROSIE-600x600-300x300.jpg\" class=\"attachment-woocommerce_thumbnail size-woocommerce_thumbnail\" alt=\"Bad Rosie vins du Minervois ros\u00e9\" decoding=\"async\" loading=\"lazy\" srcset=\"https:\/\/www.chateau-de-paraza.com\/wp-content\/uploads\/2017\/02\/BAD-ROSIE-600x600-300x300.jpg 300w, https:\/\/www.chateau-de-paraza.com\/wp-content\/uploads\/2017\/02\/BAD-ROSIE-600x600-100x100.jpg 100w, https:\/\/www.chateau-de-paraza.com\/wp-content\/uploads\/2017\/02\/BAD-ROSIE-600x600.jpg 600w\" sizes=\"(max-width: 300px) 100vw, 300px\" \/><\/a>\r\n\t\r\n<\/div>\n<\/article>\n\n<\/div><\/div>[vc_empty_space height=\u00bb20px\u00bb][vc_empty_space height=\u00bb20px\u00bb][\/vc_column][\/vc_row][vc_row][vc_column][vc_empty_space][vc_zigzag][vc_empty_space][vc_column_text]<\/p>\n<h2 style=\"text-align: center;\">Les Tickets d\u2019Or de P\u00e2ques<\/h2>\n<p>[\/vc_column_text][vc_empty_space][\/vc_column][\/vc_row][vc_row][vc_column width=\u00bb1\/2&#8243;][vc_empty_space height=\u00bb20px\u00bb][vc_column_text]<\/p>\n<p class=\"default\">Cette ann\u00e9e, un carton r\u00e9serve une surprise\u2026 &#x2728;<\/p>\n<p class=\"default\">Un\u00a0<strong data-start=\"64\" data-end=\"91\">ticket d\u2019or sera gliss\u00e9<\/strong>\u00a0dans l\u2019une des commandes.<\/p>\n<p class=\"default\">La personne qui le d\u00e9couvrira remportera\u00a0<strong data-start=\"162\" data-end=\"215\">une nuit au Ch\u00e2teau de Paraza pour deux personnes<\/strong>.<\/p>\n<p class=\"default\">La surprise se r\u00e9v\u00e8le tout simplement\u00a0<strong data-start=\"258\" data-end=\"284\">\u00e0 l\u2019ouverture du colis<\/strong>. &#x1f377;<\/p>\n<p>[\/vc_column_text][vc_empty_space height=\u00bb20px\u00bb][vc_column_text]<\/p>\n<p data-start=\"3824\" data-end=\"3910\">Pr\u00e9parez d\u00e8s maintenant votre table de f\u00eate et profitez de cette offre exceptionnelle.<\/p>\n<p>[\/vc_column_text][\/vc_column][vc_column width=\u00bb1\/2&#8243;][vc_single_image image=\u00bb10588&#8243; img_size=\u00bbmedium\u00bb alignment=\u00bbcenter\u00bb][vc_empty_space height=\u00bb20px\u00bb][vc_empty_space height=\u00bb20px\u00bb][\/vc_column][\/vc_row][vc_row][vc_column][vc_empty_space height=\u00bb20px\u00bb][vc_zigzag][vc_empty_space height=\u00bb20px\u00bb][vc_column_text]<\/p>\n<h2 style=\"text-align: center;\">Quel vin choisir pour le repas de P\u00e2ques ?<\/h2>\n<p>[\/vc_column_text][vc_empty_space height=\u00bb20px\u00bb][vc_column_text]<\/p>\n<p data-start=\"2975\" data-end=\"3119\">Le repas de P\u00e2ques est souvent associ\u00e9 \u00e0 l\u2019agneau, un plat qui s\u2019accorde parfaitement avec notre <strong data-start=\"3069\" data-end=\"3095\">vin rouge du Minervois AD Vinam \u00c6ternam<\/strong>, structur\u00e9 et gourmand.<\/p>\n<p data-start=\"3121\" data-end=\"3327\">Les vins du Ch\u00e2teau de Paraza, produits au c\u0153ur du Languedoc, accompagnent parfaitement les plats traditionnels de P\u00e2ques mais aussi les repas printaniers et les moments conviviaux entre amis ou en famille.<\/p>\n<p>[\/vc_column_text][vc_empty_space height=\u00bb20px\u00bb][vc_column_text]<\/p>\n<p data-start=\"3349\" data-end=\"3440\">Pr\u00e9parez d\u00e8s maintenant votre table de f\u00eate et profitez de notre <strong data-start=\"3414\" data-end=\"3439\">offre sp\u00e9ciale P\u00e2ques<\/strong>.<\/p>\n<p data-start=\"3442\" data-end=\"3610\">Commandez vos vins en ligne, b\u00e9n\u00e9ficiez de la <strong data-start=\"3488\" data-end=\"3527\">livraison offerte d\u00e8s 12 bouteilles<\/strong>, et d\u00e9couvrez peut-\u00eatre l\u2019un des <strong data-start=\"3561\" data-end=\"3609\">tickets d\u2019or cach\u00e9s dans certaines commandes<\/strong>.<\/p>\n<p>[\/vc_column_text][vc_empty_space][vc_zigzag][vc_empty_space][vc_column_text]<\/p>\n<h2 style=\"text-align: center;\">Offre valable jusqu\u2019\u00e0 P\u00e2ques<\/h2>\n<p>[\/vc_column_text][\/vc_column][\/vc_row]<\/p>\n<\/div>","protected":false},"excerpt":{"rendered":"<p>[vc_row][vc_column][vc_column_text] P\u00e2ques au Ch\u00e2teau de Paraza [\/vc_column_text][vc_empty_space height=\u00bb20px\u00bb][vc_column_text] P\u00e2ques est l\u2019un des grands moments de convivialit\u00e9 de l\u2019ann\u00e9e. Repas en famille, grandes tabl\u00e9es, plats traditionnels et instants partag\u00e9s : c\u2019est aussi l\u2019occasion id\u00e9ale de choisir un vin pour P\u00e2ques qui accompagnera parfaitement votre repas. \u00c0 cette occasion, le Ch\u00e2teau de Paraza vous propose une offre&hellip;<\/p>\n","protected":false},"author":2,"featured_media":0,"parent":0,"menu_order":0,"comment_status":"closed","ping_status":"closed","template":"","meta":[],"yoast_head":"<!-- This site is optimized with the Yoast SEO plugin v21.8.1 - https:\/\/yoast.com\/wordpress\/plugins\/seo\/ -->\n<title>Vin pour P\u00e2ques - Offres sp\u00e9ciale - Ch\u00e2teau de Paraza<\/title>\n<meta name=\"description\" content=\"Pr\u00e9parez votre table de P\u00e2ques. Livraison offerte d\u00e8s 12 bouteilles et tickets d\u2019or cach\u00e9s dans certaines commandes.\" \/>\n<meta name=\"robots\" content=\"index, follow, max-snippet:-1, max-image-preview:large, max-video-preview:-1\" \/>\n<link rel=\"canonical\" href=\"https:\/\/www.chateau-de-paraza.com\/vin-pour-paques-au-chateau-de-paraza\/\" \/>\n<meta property=\"og:locale\" content=\"es_ES\" \/>\n<meta property=\"og:type\" content=\"article\" \/>\n<meta property=\"og:title\" content=\"Vin pour P\u00e2ques - Offres sp\u00e9ciale - Ch\u00e2teau de Paraza\" \/>\n<meta property=\"og:description\" content=\"Pr\u00e9parez votre table de P\u00e2ques. Livraison offerte d\u00e8s 12 bouteilles et tickets d\u2019or cach\u00e9s dans certaines commandes.\" \/>\n<meta property=\"og:url\" content=\"https:\/\/www.chateau-de-paraza.com\/vin-pour-paques-au-chateau-de-paraza\/\" \/>\n<meta property=\"og:site_name\" content=\"Ch\u00e2teau de Paraza\" \/>\n<meta property=\"article:publisher\" content=\"https:\/\/www.facebook.com\/chateaudeparaza\" \/>\n<meta property=\"article:modified_time\" content=\"2026-03-12T15:53:49+00:00\" \/>\n<meta name=\"twitter:card\" content=\"summary_large_image\" \/>\n<meta name=\"twitter:site\" content=\"@ChateauDeParaza\" \/>\n<meta name=\"twitter:label1\" content=\"Tiempo de lectura\" \/>\n\t<meta name=\"twitter:data1\" content=\"2 minutos\" \/>\n<script type=\"application\/ld+json\" class=\"yoast-schema-graph\">{\"@context\":\"https:\/\/schema.org\",\"@graph\":[{\"@type\":\"WebPage\",\"@id\":\"https:\/\/www.chateau-de-paraza.com\/vin-pour-paques-au-chateau-de-paraza\/\",\"url\":\"https:\/\/www.chateau-de-paraza.com\/vin-pour-paques-au-chateau-de-paraza\/\",\"name\":\"Vin pour P\u00e2ques - Offres sp\u00e9ciale - Ch\u00e2teau de Paraza\",\"isPartOf\":{\"@id\":\"https:\/\/www.chateau-de-paraza.com\/#website\"},\"datePublished\":\"2026-03-05T15:23:57+00:00\",\"dateModified\":\"2026-03-12T15:53:49+00:00\",\"description\":\"Pr\u00e9parez votre table de P\u00e2ques. Livraison offerte d\u00e8s 12 bouteilles et tickets d\u2019or cach\u00e9s dans certaines commandes.\",\"breadcrumb\":{\"@id\":\"https:\/\/www.chateau-de-paraza.com\/vin-pour-paques-au-chateau-de-paraza\/#breadcrumb\"},\"inLanguage\":\"es\",\"potentialAction\":[{\"@type\":\"ReadAction\",\"target\":[\"https:\/\/www.chateau-de-paraza.com\/vin-pour-paques-au-chateau-de-paraza\/\"]}]},{\"@type\":\"BreadcrumbList\",\"@id\":\"https:\/\/www.chateau-de-paraza.com\/vin-pour-paques-au-chateau-de-paraza\/#breadcrumb\",\"itemListElement\":[{\"@type\":\"ListItem\",\"position\":1,\"name\":\"Accueil\",\"item\":\"https:\/\/www.chateau-de-paraza.com\/es\/\"},{\"@type\":\"ListItem\",\"position\":2,\"name\":\"Vin pour P\u00e2ques : l\u2019offre sp\u00e9ciale du Ch\u00e2teau de Paraza\"}]},{\"@type\":\"WebSite\",\"@id\":\"https:\/\/www.chateau-de-paraza.com\/#website\",\"url\":\"https:\/\/www.chateau-de-paraza.com\/\",\"name\":\"Ch\u00e2teau de Paraza\",\"description\":\"Site web du Ch\u00e2teau de Paraza\",\"potentialAction\":[{\"@type\":\"SearchAction\",\"target\":{\"@type\":\"EntryPoint\",\"urlTemplate\":\"https:\/\/www.chateau-de-paraza.com\/?s={search_term_string}\"},\"query-input\":\"required name=search_term_string\"}],\"inLanguage\":\"es\"}]}<\/script>\n<!-- \/ Yoast SEO plugin. -->","yoast_head_json":{"title":"Vin pour P\u00e2ques - Offres sp\u00e9ciale - Ch\u00e2teau de Paraza","description":"Pr\u00e9parez votre table de P\u00e2ques. Livraison offerte d\u00e8s 12 bouteilles et tickets d\u2019or cach\u00e9s dans certaines commandes.","robots":{"index":"index","follow":"follow","max-snippet":"max-snippet:-1","max-image-preview":"max-image-preview:large","max-video-preview":"max-video-preview:-1"},"canonical":"https:\/\/www.chateau-de-paraza.com\/vin-pour-paques-au-chateau-de-paraza\/","og_locale":"es_ES","og_type":"article","og_title":"Vin pour P\u00e2ques - Offres sp\u00e9ciale - Ch\u00e2teau de Paraza","og_description":"Pr\u00e9parez votre table de P\u00e2ques. Livraison offerte d\u00e8s 12 bouteilles et tickets d\u2019or cach\u00e9s dans certaines commandes.","og_url":"https:\/\/www.chateau-de-paraza.com\/vin-pour-paques-au-chateau-de-paraza\/","og_site_name":"Ch\u00e2teau de Paraza","article_publisher":"https:\/\/www.facebook.com\/chateaudeparaza","article_modified_time":"2026-03-12T15:53:49+00:00","twitter_card":"summary_large_image","twitter_site":"@ChateauDeParaza","twitter_misc":{"Tiempo de lectura":"2 minutos"},"schema":{"@context":"https:\/\/schema.org","@graph":[{"@type":"WebPage","@id":"https:\/\/www.chateau-de-paraza.com\/vin-pour-paques-au-chateau-de-paraza\/","url":"https:\/\/www.chateau-de-paraza.com\/vin-pour-paques-au-chateau-de-paraza\/","name":"Vin pour P\u00e2ques - Offres sp\u00e9ciale - Ch\u00e2teau de Paraza","isPartOf":{"@id":"https:\/\/www.chateau-de-paraza.com\/#website"},"datePublished":"2026-03-05T15:23:57+00:00","dateModified":"2026-03-12T15:53:49+00:00","description":"Pr\u00e9parez votre table de P\u00e2ques. Livraison offerte d\u00e8s 12 bouteilles et tickets d\u2019or cach\u00e9s dans certaines commandes.","breadcrumb":{"@id":"https:\/\/www.chateau-de-paraza.com\/vin-pour-paques-au-chateau-de-paraza\/#breadcrumb"},"inLanguage":"es","potentialAction":[{"@type":"ReadAction","target":["https:\/\/www.chateau-de-paraza.com\/vin-pour-paques-au-chateau-de-paraza\/"]}]},{"@type":"BreadcrumbList","@id":"https:\/\/www.chateau-de-paraza.com\/vin-pour-paques-au-chateau-de-paraza\/#breadcrumb","itemListElement":[{"@type":"ListItem","position":1,"name":"Accueil","item":"https:\/\/www.chateau-de-paraza.com\/es\/"},{"@type":"ListItem","position":2,"name":"Vin pour P\u00e2ques : l\u2019offre sp\u00e9ciale du Ch\u00e2teau de Paraza"}]},{"@type":"WebSite","@id":"https:\/\/www.chateau-de-paraza.com\/#website","url":"https:\/\/www.chateau-de-paraza.com\/","name":"Ch\u00e2teau de Paraza","description":"Site web du Ch\u00e2teau de Paraza","potentialAction":[{"@type":"SearchAction","target":{"@type":"EntryPoint","urlTemplate":"https:\/\/www.chateau-de-paraza.com\/?s={search_term_string}"},"query-input":"required name=search_term_string"}],"inLanguage":"es"}]}},"_links":{"self":[{"href":"https:\/\/www.chateau-de-paraza.com\/es\/wp-json\/wp\/v2\/pages\/13420"}],"collection":[{"href":"https:\/\/www.chateau-de-paraza.com\/es\/wp-json\/wp\/v2\/pages"}],"about":[{"href":"https:\/\/www.chateau-de-paraza.com\/es\/wp-json\/wp\/v2\/types\/page"}],"author":[{"embeddable":true,"href":"https:\/\/www.chateau-de-paraza.com\/es\/wp-json\/wp\/v2\/users\/2"}],"replies":[{"embeddable":true,"href":"https:\/\/www.chateau-de-paraza.com\/es\/wp-json\/wp\/v2\/comments?post=13420"}],"version-history":[{"count":10,"href":"https:\/\/www.chateau-de-paraza.com\/es\/wp-json\/wp\/v2\/pages\/13420\/revisions"}],"predecessor-version":[{"id":13512,"href":"https:\/\/www.chateau-de-paraza.com\/es\/wp-json\/wp\/v2\/pages\/13420\/revisions\/13512"}],"wp:attachment":[{"href":"https:\/\/www.chateau-de-paraza.com\/es\/wp-json\/wp\/v2\/media?parent=13420"}],"curies":[{"name":"wp","href":"https:\/\/api.w.org\/{rel}","templated":true}]}}