{"id":13272,"date":"2026-01-22T09:50:21","date_gmt":"2026-01-22T08:50:21","guid":{"rendered":"https:\/\/www.chateau-de-paraza.com\/?page_id=13272"},"modified":"2026-01-22T09:50:26","modified_gmt":"2026-01-22T08:50:26","slug":"degustations","status":"publish","type":"page","link":"https:\/\/www.chateau-de-paraza.com\/es\/experiencias-actividades-degustacion-visita-enoturismo\/degustations\/","title":{"rendered":"D\u00e9gustations"},"content":{"rendered":"<div class=\"wpb-content-wrapper\"><p>[vc_row][vc_column][vc_column_text]<\/p>\r\n<p>D&#8217;avril \u00e0 octobre, le caveau du ch\u00e2teau de Paraza vous ouvre ses portes pour venir d\u00e9couvrir l&#8217;ensemble de son savoir faire au travers des d\u00e9gustations.<\/p>\r\n<p>Chaque d\u00e9gustation vous propose une fa\u00e7on diff\u00e9rente de savourer nos vins : choisissez celle qui vous attire, sans r\u00e9servation, aux dates indiqu\u00e9es ci-dessous<\/p>\r\n<p>\r\n\r\n<!-- \/wp:paragraph -->[\/vc_column_text][\/vc_column][\/vc_row][vc_row][vc_column width=\u00bb1\/3&#8243;][vc_hoverbox image=\u00bb5623&#8243; primary_title=\u00bbClassique\u00bb primary_title_font_container=\u00bbcolor:%23ffffff\u00bb primary_title_google_fonts=\u00bbfont_family:Cinzel%3Aregular%2C700%2C900|font_style:400%20regular%3A400%3Anormal\u00bb hover_title=\u00bbGratuite\u00bb hover_title_font_container=\u00bbcolor:%23000000&#8243; hover_title_google_fonts=\u00bbfont_family:Cinzel%3Aregular%2C700%2C900|font_style:400%20regular%3A400%3Anormal\u00bb use_custom_fonts_primary_title=\u00bbtrue\u00bb use_custom_fonts_hover_title=\u00bbtrue\u00bb]<\/p>\r\n<ul>\r\n<li style=\"text-align: left;\">4 vins.<\/li>\r\n<li style=\"text-align: left;\">Environ 20 minutes.<\/li>\r\n<li style=\"text-align: left;\">C\u00e9pages embl\u00e9matiques de la r\u00e9gion.<\/li>\r\n<\/ul>\r\n<p>[\/vc_hoverbox][\/vc_column][vc_column width=\u00bb1\/3&#8243;][vc_hoverbox image=\u00bb3529&#8243; primary_title=\u00bbPremium\u00bb primary_title_font_container=\u00bbcolor:%23ffffff\u00bb primary_title_google_fonts=\u00bbfont_family:Cinzel%3Aregular%2C700%2C900|font_style:400%20regular%3A400%3Anormal\u00bb hover_title=\u00bb9\u20ac \/personne\u00bb hover_title_google_fonts=\u00bbfont_family:Cinzel%3Aregular%2C700%2C900|font_style:400%20regular%3A400%3Anormal\u00bb use_custom_fonts_primary_title=\u00bbtrue\u00bb use_custom_fonts_hover_title=\u00bbtrue\u00bb]<\/p>\r\n<ul>\r\n<li style=\"text-align: left;\">6 vins.<\/li>\r\n<li style=\"text-align: left;\">Environ 40minutes.<\/li>\r\n<li>\u00c9levage en f\u00fbt de ch\u00eane Am\u00e9ricain ou Fran\u00e7ais.<\/li>\r\n<\/ul>\r\n<p>[\/vc_hoverbox][\/vc_column][vc_column width=\u00bb1\/3&#8243;][vc_hoverbox image=\u00bb5255&#8243; primary_title=\u00bbInt\u00e9grale\u00bb primary_title_font_container=\u00bbcolor:%23ffffff\u00bb primary_title_google_fonts=\u00bbfont_family:Cinzel%3Aregular%2C700%2C900|font_style:400%20regular%3A400%3Anormal\u00bb hover_title=\u00bb15\u20ac \/personne\u00bb hover_title_font_container=\u00bbcolor:%23000000&#8243; hover_title_google_fonts=\u00bbfont_family:Cinzel%3Aregular%2C700%2C900|font_style:400%20regular%3A400%3Anormal\u00bb use_custom_fonts_primary_title=\u00bbtrue\u00bb use_custom_fonts_hover_title=\u00bbtrue\u00bb]<\/p>\r\n<ul>\r\n<li style=\"text-align: left;\">13 vins.<\/li>\r\n<li style=\"text-align: left;\">Environ 1heure.<\/li>\r\n<li>D\u00e9gustez l&#8217;ensemble de nos cuv\u00e9es.<\/li>\r\n<\/ul>\r\n<p>[\/vc_hoverbox][\/vc_column][\/vc_row][vc_row][vc_column][vc_empty_space][vc_empty_space][vc_column_text]<\/p>\r\n<h2>Vous souhaitez compl\u00e9ter votre exp\u00e9rience :<\/h2>\r\n<p>[\/vc_column_text][\/vc_column][\/vc_row][vc_row][vc_column width=\u00bb1\/2&#8243;][vc_empty_space][vc_single_image image=\u00bb4333&#8243; img_size=\u00bbmedium\u00bb alignment=\u00bbright\u00bb][\/vc_column][vc_column width=\u00bb1\/2&#8243;][vc_empty_space][vc_empty_space][vc_column_text]<!-- \/wp:paragraph --><\/p>\r\n<!-- wp:paragraph {\"align\":\"center\",\"placeholder\":\"Contenu\u2026\"} -->\r\n<p class=\"has-text-align-center\">D\u00e9couvrez une parenth\u00e8se gourmande pour deux : <a href=\"https:\/\/www.chateau-de-paraza.com\/accord-parfait-vins-et-fromages\/\">une planche artisanale<\/a> soigneusement s\u00e9lectionn\u00e9e, o\u00f9 chaque fromage sublime son terroir \u2013 18\u20ac.<\/p>\r\n<p><!-- \/wp:paragraph -->\u00a0<\/p>\r\n<p><!-- wp:paragraph {\"align\":\"center\",\"placeholder\":\"Contenu\u2026\"} --><!-- \/wp:paragraph -->\u00a0<\/p>\r\n<!-- wp:paragraph {\"align\":\"center\"} -->\r\n<p class=\"has-text-align-center\">R\u00e9servation conseill\u00e9, offre sous r\u00e9serve de disponibilit\u00e9.<\/p>\r\n<p>[\/vc_column_text][\/vc_column][\/vc_row][vc_row][vc_column][vc_empty_space][vc_zigzag][vc_empty_space][vc_column_text]<\/p>\r\n<h2 style=\"text-align: center;\">Horaires d\u00e9gustations<\/h2>\r\n<p>[\/vc_column_text][vc_empty_space][\/vc_column][\/vc_row][vc_row][vc_column][vc_column_text]<\/p>\r\n<h4 class=\"wp-block-heading\" style=\"text-align: center;\"><strong>\u00c9t\u00e9: du 1er mai au 31 ao\u00fbt<\/strong>\u00a0:<\/h4>\r\n<!-- \/wp:heading -->\r\n<p style=\"text-align: center;\"><!-- wp:paragraph -->Du lundi au dimanche : 10h \u2013 20h<\/p>\r\n<p><!-- \/wp:paragraph -->\u00a0<\/p>\r\n<!-- wp:heading {\"level\":4} -->\r\n<h4 class=\"wp-block-heading\" style=\"text-align: center;\"><strong>Vendanges: du 1er septembre au 30 septembre<\/strong>\u00a0:<\/h4>\r\n<!-- \/wp:heading -->\r\n<p style=\"text-align: center;\"><!-- wp:paragraph -->Du lundi au dimanche : 10h -18h30<\/p>\r\n<p><!-- \/wp:paragraph -->\u00a0<\/p>\r\n<!-- wp:heading {\"level\":4} -->\r\n<h4 class=\"wp-block-heading\" style=\"text-align: center;\">30 septembre au 30 octobre<\/h4>\r\n<!-- \/wp:heading -->\r\n<p style=\"text-align: center;\"><!-- wp:paragraph -->Du lundi au vendredi : 10h &#8211; 18h30<\/p>\r\n<p>[\/vc_column_text][vc_empty_space][vc_zigzag][vc_empty_space][\/vc_column][\/vc_row][vc_row][vc_column][vc_column_text]<\/p>\r\n<h2 style=\"text-align: center;\">Langues d\u00e9gustations<\/h2>\r\n<p>[\/vc_column_text][vc_empty_space][\/vc_column][\/vc_row][vc_row][vc_column][vc_column_text]<\/p>\r\n<p style=\"text-align: center;\">Anglais\/ Fran\u00e7ais<\/p>\r\n<p>[\/vc_column_text][vc_empty_space][vc_zigzag][vc_empty_space][vc_column_text]<\/p>\r\n<h2>Vous souhaitez compl\u00e9ter votre exp\u00e9rience :<\/h2>\r\n<p>[\/vc_column_text][vc_empty_space][\/vc_column][\/vc_row][vc_row][vc_column width=\u00bb1\/3&#8243;][vc_hoverbox image=\u00bb9185&#8243; primary_title=\u00bb\u00bb hover_title=\u00bb7\u20ac \/ pers\u00bb hover_title_google_fonts=\u00bbfont_family:Cinzel%3Aregular%2C700%2C900|font_style:400%20regular%3A400%3Anormal\u00bb shape=\u00bbsquare\u00bb use_custom_fonts_hover_title=\u00bbtrue\u00bb]<\/p>\r\n<p>D\u00e9couvrez le ch\u00e2teau de Paraza lors de visites guid\u00e9es au coeur d&#8217;un domaine historique surplombant le Canal du Midi class\u00e9 a l&#8217;UNESCO.<\/p>\r\n<p>[\/vc_hoverbox][vc_empty_space height=\u00bb5px\u00bb][vc_column_text]<\/p>\r\n<h2>Visite guid\u00e9e<\/h2>\r\n<p>[\/vc_column_text][vc_column_text]<\/p>\r\n<p><a href=\"https:\/\/www.chateau-de-paraza.com\/experiences-activites-degustation-visite-oenotourisme\/visite-guidee\/\" target=\"_blank\" rel=\"noopener\">En savoir plus<\/a><\/p>\r\n<p>[\/vc_column_text][\/vc_column][vc_column width=\u00bb1\/3&#8243;][vc_hoverbox image=\u00bb13085&#8243; primary_title=\u00bb\u00bb hover_title=\u00bbDe 10h \u00e0 22h\u00bb hover_title_google_fonts=\u00bbfont_family:Cinzel%3Aregular%2C700%2C900|font_style:400%20regular%3A400%3Anormal\u00bb shape=\u00bbsquare\u00bb use_custom_fonts_hover_title=\u00bbtrue\u00bb]<\/p>\r\n<p style=\"text-align: center;\">Tous les jours d&#8217;Avril \u00e0 Octobre.<\/p>\r\n<p style=\"text-align: center;\">Bar \u00e0 vins et tapas, au bord du Canal du Midi.<\/p>\r\n<p style=\"text-align: center;\">R\u00e9servations au 04 68 75 50 59\u00a0 par t\u00e9l\u00e9phone ou sms au 06 82 06 74 89.<\/p>\r\n<p>[\/vc_hoverbox][vc_empty_space height=\u00bb5px\u00bb][vc_column_text]<\/p>\r\n<h2>Le Caf\u00e9 du Port<\/h2>\r\n<p>[\/vc_column_text][vc_column_text]<\/p>\r\n<p><a href=\"https:\/\/www.instagram.com\/cafeduport.paraza?utm_source=ig_web_button_share_sheet&amp;igsh=ZDNlZDc0MzIxNw==\" target=\"_blank\" rel=\"noopener\">En savoir plus<\/a><\/p>\r\n<p>[\/vc_column_text][\/vc_column][vc_column width=\u00bb1\/3&#8243;][vc_hoverbox image=\u00bb9066&#8243; primary_title=\u00bb\u00bb hover_title=\u00bb35\u20ac \/ personne\u00bb hover_title_google_fonts=\u00bbfont_family:Cinzel%3Aregular%2C700%2C900|font_style:400%20regular%3A400%3Anormal\u00bb shape=\u00bbsquare\u00bb use_custom_fonts_hover_title=\u00bbtrue\u00bb]<\/p>\r\n<p style=\"text-align: center;\">Profitez d\u2019une parenth\u00e8se gourmande entour\u00e9s de vins, de fromages et de charcuterie, \u00e0 l\u2019ombre des ch\u00eanes avec une vue imprenable sur les vignes.<\/p>\r\n<p>[\/vc_hoverbox][vc_empty_space height=\u00bb5px\u00bb][vc_column_text]<\/p>\r\n<h2>Ap\u00e9ro Champ\u00eatre<\/h2>\r\n<p>[\/vc_column_text][vc_column_text]<\/p>\r\n<p><a href=\"https:\/\/www.chateau-de-paraza.com\/?page_id=13107&amp;preview=true\" target=\"_blank\" rel=\"noopener\">En savoir plus<\/a><\/p>\r\n<p>[\/vc_column_text][\/vc_column][\/vc_row][vc_row][vc_column][\/vc_column][\/vc_row]<\/p><\/div>","protected":false},"excerpt":{"rendered":"<p>[vc_row][vc_column][vc_column_text] D&#8217;avril \u00e0 octobre, le caveau du ch\u00e2teau de Paraza vous ouvre ses portes pour venir d\u00e9couvrir l&#8217;ensemble de son savoir faire au travers des d\u00e9gustations. Chaque d\u00e9gustation vous propose une fa\u00e7on diff\u00e9rente de savourer nos vins : choisissez celle qui vous attire, sans r\u00e9servation, aux dates indiqu\u00e9es ci-dessous [\/vc_column_text][\/vc_column][\/vc_row][vc_row][vc_column width=\u00bb1\/3&#8243;][vc_hoverbox image=\u00bb5623&#8243; primary_title=\u00bbClassique\u00bb primary_title_font_container=\u00bbcolor:%23ffffff\u00bb primary_title_google_fonts=\u00bbfont_family:Cinzel%3Aregular%2C700%2C900|font_style:400%20regular%3A400%3Anormal\u00bb&hellip;<\/p>\n","protected":false},"author":1,"featured_media":13096,"parent":6452,"menu_order":0,"comment_status":"closed","ping_status":"closed","template":"","meta":[],"yoast_head":"<!-- This site is optimized with the Yoast SEO plugin v21.8.1 - https:\/\/yoast.com\/wordpress\/plugins\/seo\/ -->\n<title>D\u00e9gustations - Ch\u00e2teau de Paraza<\/title>\n<meta name=\"description\" content=\"D&#039;avril \u00e0 octobre, le caveau du ch\u00e2teau de Paraza vous ouvre ses portes pour venir d\u00e9couvrir l&#039;ensemble de son savoir faire au travers des d\u00e9gustations.\" \/>\n<meta name=\"robots\" content=\"index, follow, max-snippet:-1, max-image-preview:large, max-video-preview:-1\" \/>\n<link rel=\"canonical\" href=\"https:\/\/www.chateau-de-paraza.com\/es\/experiencias-actividades-degustacion-visita-enoturismo\/degustations\/\" \/>\n<meta property=\"og:locale\" content=\"es_ES\" \/>\n<meta property=\"og:type\" content=\"article\" \/>\n<meta property=\"og:title\" content=\"D\u00e9gustations - Ch\u00e2teau de Paraza\" \/>\n<meta property=\"og:description\" content=\"D&#039;avril \u00e0 octobre, le caveau du ch\u00e2teau de Paraza vous ouvre ses portes pour venir d\u00e9couvrir l&#039;ensemble de son savoir faire au travers des d\u00e9gustations.\" \/>\n<meta property=\"og:url\" content=\"https:\/\/www.chateau-de-paraza.com\/es\/experiencias-actividades-degustacion-visita-enoturismo\/degustations\/\" \/>\n<meta property=\"og:site_name\" content=\"Ch\u00e2teau de Paraza\" \/>\n<meta property=\"article:publisher\" content=\"https:\/\/www.facebook.com\/chateaudeparaza\" \/>\n<meta property=\"article:modified_time\" content=\"2026-01-22T08:50:26+00:00\" \/>\n<meta name=\"twitter:card\" content=\"summary_large_image\" \/>\n<meta name=\"twitter:site\" content=\"@ChateauDeParaza\" \/>\n<script type=\"application\/ld+json\" class=\"yoast-schema-graph\">{\"@context\":\"https:\/\/schema.org\",\"@graph\":[{\"@type\":\"WebPage\",\"@id\":\"https:\/\/www.chateau-de-paraza.com\/es\/experiencias-actividades-degustacion-visita-enoturismo\/degustations\/\",\"url\":\"https:\/\/www.chateau-de-paraza.com\/es\/experiencias-actividades-degustacion-visita-enoturismo\/degustations\/\",\"name\":\"D\u00e9gustations - Ch\u00e2teau de Paraza\",\"isPartOf\":{\"@id\":\"https:\/\/www.chateau-de-paraza.com\/#website\"},\"datePublished\":\"2026-01-22T08:50:21+00:00\",\"dateModified\":\"2026-01-22T08:50:26+00:00\",\"description\":\"D'avril \u00e0 octobre, le caveau du ch\u00e2teau de Paraza vous ouvre ses portes pour venir d\u00e9couvrir l'ensemble de son savoir faire au travers des d\u00e9gustations.\",\"breadcrumb\":{\"@id\":\"https:\/\/www.chateau-de-paraza.com\/es\/experiencias-actividades-degustacion-visita-enoturismo\/degustations\/#breadcrumb\"},\"inLanguage\":\"es\",\"potentialAction\":[{\"@type\":\"ReadAction\",\"target\":[\"https:\/\/www.chateau-de-paraza.com\/es\/experiencias-actividades-degustacion-visita-enoturismo\/degustations\/\"]}]},{\"@type\":\"BreadcrumbList\",\"@id\":\"https:\/\/www.chateau-de-paraza.com\/es\/experiencias-actividades-degustacion-visita-enoturismo\/degustations\/#breadcrumb\",\"itemListElement\":[{\"@type\":\"ListItem\",\"position\":1,\"name\":\"Accueil\",\"item\":\"https:\/\/www.chateau-de-paraza.com\/es\/\"},{\"@type\":\"ListItem\",\"position\":2,\"name\":\"Experiencias\",\"item\":\"https:\/\/www.chateau-de-paraza.com\/es\/experiencias-actividades-degustacion-visita-enoturismo\/\"},{\"@type\":\"ListItem\",\"position\":3,\"name\":\"D\u00e9gustations\"}]},{\"@type\":\"WebSite\",\"@id\":\"https:\/\/www.chateau-de-paraza.com\/#website\",\"url\":\"https:\/\/www.chateau-de-paraza.com\/\",\"name\":\"Ch\u00e2teau de Paraza\",\"description\":\"Site web du Ch\u00e2teau de Paraza\",\"potentialAction\":[{\"@type\":\"SearchAction\",\"target\":{\"@type\":\"EntryPoint\",\"urlTemplate\":\"https:\/\/www.chateau-de-paraza.com\/?s={search_term_string}\"},\"query-input\":\"required name=search_term_string\"}],\"inLanguage\":\"es\"}]}<\/script>\n<!-- \/ Yoast SEO plugin. -->","yoast_head_json":{"title":"D\u00e9gustations - Ch\u00e2teau de Paraza","description":"D'avril \u00e0 octobre, le caveau du ch\u00e2teau de Paraza vous ouvre ses portes pour venir d\u00e9couvrir l'ensemble de son savoir faire au travers des d\u00e9gustations.","robots":{"index":"index","follow":"follow","max-snippet":"max-snippet:-1","max-image-preview":"max-image-preview:large","max-video-preview":"max-video-preview:-1"},"canonical":"https:\/\/www.chateau-de-paraza.com\/es\/experiencias-actividades-degustacion-visita-enoturismo\/degustations\/","og_locale":"es_ES","og_type":"article","og_title":"D\u00e9gustations - Ch\u00e2teau de Paraza","og_description":"D'avril \u00e0 octobre, le caveau du ch\u00e2teau de Paraza vous ouvre ses portes pour venir d\u00e9couvrir l'ensemble de son savoir faire au travers des d\u00e9gustations.","og_url":"https:\/\/www.chateau-de-paraza.com\/es\/experiencias-actividades-degustacion-visita-enoturismo\/degustations\/","og_site_name":"Ch\u00e2teau de Paraza","article_publisher":"https:\/\/www.facebook.com\/chateaudeparaza","article_modified_time":"2026-01-22T08:50:26+00:00","twitter_card":"summary_large_image","twitter_site":"@ChateauDeParaza","schema":{"@context":"https:\/\/schema.org","@graph":[{"@type":"WebPage","@id":"https:\/\/www.chateau-de-paraza.com\/es\/experiencias-actividades-degustacion-visita-enoturismo\/degustations\/","url":"https:\/\/www.chateau-de-paraza.com\/es\/experiencias-actividades-degustacion-visita-enoturismo\/degustations\/","name":"D\u00e9gustations - Ch\u00e2teau de Paraza","isPartOf":{"@id":"https:\/\/www.chateau-de-paraza.com\/#website"},"datePublished":"2026-01-22T08:50:21+00:00","dateModified":"2026-01-22T08:50:26+00:00","description":"D'avril \u00e0 octobre, le caveau du ch\u00e2teau de Paraza vous ouvre ses portes pour venir d\u00e9couvrir l'ensemble de son savoir faire au travers des d\u00e9gustations.","breadcrumb":{"@id":"https:\/\/www.chateau-de-paraza.com\/es\/experiencias-actividades-degustacion-visita-enoturismo\/degustations\/#breadcrumb"},"inLanguage":"es","potentialAction":[{"@type":"ReadAction","target":["https:\/\/www.chateau-de-paraza.com\/es\/experiencias-actividades-degustacion-visita-enoturismo\/degustations\/"]}]},{"@type":"BreadcrumbList","@id":"https:\/\/www.chateau-de-paraza.com\/es\/experiencias-actividades-degustacion-visita-enoturismo\/degustations\/#breadcrumb","itemListElement":[{"@type":"ListItem","position":1,"name":"Accueil","item":"https:\/\/www.chateau-de-paraza.com\/es\/"},{"@type":"ListItem","position":2,"name":"Experiencias","item":"https:\/\/www.chateau-de-paraza.com\/es\/experiencias-actividades-degustacion-visita-enoturismo\/"},{"@type":"ListItem","position":3,"name":"D\u00e9gustations"}]},{"@type":"WebSite","@id":"https:\/\/www.chateau-de-paraza.com\/#website","url":"https:\/\/www.chateau-de-paraza.com\/","name":"Ch\u00e2teau de Paraza","description":"Site web du Ch\u00e2teau de Paraza","potentialAction":[{"@type":"SearchAction","target":{"@type":"EntryPoint","urlTemplate":"https:\/\/www.chateau-de-paraza.com\/?s={search_term_string}"},"query-input":"required name=search_term_string"}],"inLanguage":"es"}]}},"_links":{"self":[{"href":"https:\/\/www.chateau-de-paraza.com\/es\/wp-json\/wp\/v2\/pages\/13272"}],"collection":[{"href":"https:\/\/www.chateau-de-paraza.com\/es\/wp-json\/wp\/v2\/pages"}],"about":[{"href":"https:\/\/www.chateau-de-paraza.com\/es\/wp-json\/wp\/v2\/types\/page"}],"author":[{"embeddable":true,"href":"https:\/\/www.chateau-de-paraza.com\/es\/wp-json\/wp\/v2\/users\/1"}],"replies":[{"embeddable":true,"href":"https:\/\/www.chateau-de-paraza.com\/es\/wp-json\/wp\/v2\/comments?post=13272"}],"version-history":[{"count":3,"href":"https:\/\/www.chateau-de-paraza.com\/es\/wp-json\/wp\/v2\/pages\/13272\/revisions"}],"predecessor-version":[{"id":13275,"href":"https:\/\/www.chateau-de-paraza.com\/es\/wp-json\/wp\/v2\/pages\/13272\/revisions\/13275"}],"up":[{"embeddable":true,"href":"https:\/\/www.chateau-de-paraza.com\/es\/wp-json\/wp\/v2\/pages\/6452"}],"wp:featuredmedia":[{"embeddable":true,"href":"https:\/\/www.chateau-de-paraza.com\/es\/wp-json\/wp\/v2\/media\/13096"}],"wp:attachment":[{"href":"https:\/\/www.chateau-de-paraza.com\/es\/wp-json\/wp\/v2\/media?parent=13272"}],"curies":[{"name":"wp","href":"https:\/\/api.w.org\/{rel}","templated":true}]}}