{"id":13121,"date":"2026-01-07T15:15:49","date_gmt":"2026-01-07T14:15:49","guid":{"rendered":"https:\/\/www.chateau-de-paraza.com\/?page_id=13121"},"modified":"2026-01-08T14:15:01","modified_gmt":"2026-01-08T13:15:01","slug":"privatisation-chateau","status":"publish","type":"page","link":"https:\/\/www.chateau-de-paraza.com\/es\/experiences-activites-degustation-visite-oenotourisme\/privatisation-chateau\/","title":{"rendered":"Privatisation Ch\u00e2teau"},"content":{"rendered":"<div class=\"wpb-content-wrapper\"><p>[vc_row][vc_column][vc_column_text]<\/p>\n<h1 data-start=\"377\" data-end=\"416\">Privatisation du Ch\u00e2teau de Paraza<\/h1>\n<p>[\/vc_column_text][vc_empty_space][\/vc_column][\/vc_row][vc_row][vc_column][vc_column_text]<\/p>\n<h3 data-start=\"417\" data-end=\"475\">Un lieu d\u2019exception pour vos moments les plus pr\u00e9cieux<\/h3>\n<p data-start=\"477\" data-end=\"583\">Et si vous c\u00e9l\u00e9briez vos plus beaux moments dans un cadre hors du temps, au c\u0153ur des vignes du Minervois ?<\/p>\n<p data-start=\"585\" data-end=\"894\">Le Ch\u00e2teau de Paraza vous ouvre ses portes pour la privatisation compl\u00e8te ou partielle du domaine, \u00e0 l\u2019occasion de vos \u00e9v\u00e9nements priv\u00e9s. F\u00eate de famille, anniversaire, Nouvel An, cousinade, retrouvailles entre amis ou c\u00e9l\u00e9bration particuli\u00e8re : chaque \u00e9v\u00e9nement devient ici un souvenir unique, \u00e0 votre image.<\/p>\n<p>[\/vc_column_text][vc_empty_space][vc_media_grid element_width=\u00bb6&#8243; grid_id=\u00bbvc_gid:1767878069307-d4a6d02b-7680-1&#8243; include=\u00bb13135,13130&#8243;][\/vc_column][\/vc_row][vc_row][vc_column][vc_empty_space][vc_column_text]<\/p>\n<h3 data-start=\"901\" data-end=\"946\">Un cadre unique, entre histoire et nature<\/h3>\n<p data-start=\"948\" data-end=\"1261\">Dominant les vignes, le Ch\u00e2teau de<a href=\"https:\/\/www.google.com\/maps\/dir\/43.2275456,2.8475392\/paraza\/@43.2391336,2.8248383,14z\/data=!3m1!4b1!4m9!4m8!1m1!4e1!1m5!1m1!1s0x12b1b654ac0629f7:0x4078821166d22f0!2m2!1d2.832104!2d43.2504149?entry=ttu&amp;g_ep=EgoyMDI1MTIwOS4wIKXMDSoASAFQAw%3D%3D\"> Paraza<\/a> offre un d\u00e9cor authentique et \u00e9l\u00e9gant, m\u00ealant patrimoine, jardins ombrag\u00e9s et vues imprenables sur le paysage environnant.<br data-start=\"1112\" data-end=\"1115\" \/>Que ce soit pour un moment intimiste ou une c\u00e9l\u00e9bration plus festive, le ch\u00e2teau se pr\u00eate \u00e0 toutes les ambiances, en int\u00e9rieur comme en ext\u00e9rieur.<\/p>\n<p data-start=\"1263\" data-end=\"1462\">Les diff\u00e9rents espaces du domaine permettent d\u2019imaginer une r\u00e9ception fluide et conviviale : jardins, terrasse, piscine, salons, caveau\u2026 autant de lieux pour rythmer votre \u00e9v\u00e9nement et surprendre vos invit\u00e9s.<\/p>\n<p>[\/vc_column_text][vc_empty_space][vc_media_grid element_width=\u00bb6&#8243; grid_id=\u00bbvc_gid:1767878069310-44496c71-60e7-10&#8243; include=\u00bb13125,13043&#8243;][vc_empty_space][\/vc_column][\/vc_row][vc_row][vc_column][vc_column_text]<\/p>\n<h3 data-start=\"1469\" data-end=\"1498\">Une exp\u00e9rience sur mesure<\/h3>\n<p data-start=\"1500\" data-end=\"1658\">Chaque privatisation est pens\u00e9e comme une exp\u00e9rience personnalis\u00e9e. Selon vos envies, nous pouvons vous accompagner dans l\u2019organisation de votre \u00e9v\u00e9nement :<\/p>\n<ul>\n<li data-start=\"1661\" data-end=\"1682\">accueil des invit\u00e9s<\/li>\n<li data-start=\"1685\" data-end=\"1710\">d\u00e9gustation de nos vins<\/li>\n<li data-start=\"1713\" data-end=\"1768\">ap\u00e9ritif ou repas (prestataires ext\u00e9rieurs possibles)<\/li>\n<li data-start=\"1771\" data-end=\"1807\">choix des espaces et de l\u2019ambiance<\/li>\n<li data-start=\"1810\" data-end=\"1870\">conseils pour le d\u00e9roulement de la journ\u00e9e ou de la soir\u00e9e<\/li>\n<\/ul>\n<p data-start=\"1872\" data-end=\"1968\">Notre objectif : vous offrir un moment \u00e0 la fois simple, \u00e9l\u00e9gant et chaleureux, sans contrainte.<\/p>\n<p>[\/vc_column_text][vc_empty_space][\/vc_column][\/vc_row][vc_row][vc_column][vc_media_grid element_width=\u00bb6&#8243; grid_id=\u00bbvc_gid:1767878069314-5271db82-7043-5&#8243; include=\u00bb8986,13048&#8243;][vc_empty_space][vc_column_text]<\/p>\n<h3 data-start=\"1975\" data-end=\"2011\">Le vin au c\u0153ur de la c\u00e9l\u00e9bration<\/h3>\n<p data-start=\"2013\" data-end=\"2231\">Producteurs de vin depuis 20ans, nous vous proposons d\u2019int\u00e9grer nos cuv\u00e9es \u00e0 votre \u00e9v\u00e9nement : <a href=\"https:\/\/www.chateau-de-paraza.com\/experiences-activites-degustation-visite-oenotourisme\/degustations\/\">d\u00e9gustation<\/a>, accords mets &amp; vins, s\u00e9lection personnalis\u00e9e pour accompagner votre r\u00e9ception ou votre soir\u00e9e.<\/p>\n<p data-start=\"2233\" data-end=\"2318\">Un vrai plus pour partager l\u2019histoire et le savoir-faire du Ch\u00e2teau avec vos invit\u00e9s.<\/p>\n<p>[\/vc_column_text][vc_empty_space][\/vc_column][\/vc_row][vc_row][vc_column][vc_column_text]<\/p>\n<h3 data-start=\"2325\" data-end=\"2351\">Informations pratiques<\/h3>\n<ul data-start=\"2353\" data-end=\"2503\">\n<li data-start=\"2353\" data-end=\"2380\">\n<p data-start=\"2355\" data-end=\"2380\">Privatisation sur devis<\/p>\n<\/li>\n<li data-start=\"2381\" data-end=\"2414\">\n<p data-start=\"2383\" data-end=\"2414\">Sous r\u00e9serve de disponibilit\u00e9<\/p>\n<\/li>\n<li data-start=\"2415\" data-end=\"2470\">\n<p data-start=\"2417\" data-end=\"2470\">Capacit\u00e9 et configuration selon les espaces choisis<\/p>\n<\/li>\n<\/ul>\n<p>[\/vc_column_text][\/vc_column][\/vc_row][vc_row][vc_column][vc_empty_space][vc_column_text]<\/p>\n<blockquote>\n<p style=\"text-align: center;\"><em>Un lieu d\u2019exception dans le sud de la France pour c\u00e9l\u00e9brer vos moments importants, entour\u00e9s de vignes et de convivialit\u00e9.<\/em><\/p>\n<\/blockquote>\n<p>[\/vc_column_text][vc_empty_space][\/vc_column][\/vc_row][vc_row][vc_column][vc_empty_space][vc_column_text]<\/p>\n<p style=\"text-align: center;\">&#x1f4e9; Pour toute demande d\u2019information ou de devis personnalis\u00e9, n\u2019h\u00e9sitez pas \u00e0 nous contacter. Nous serons ravis d\u2019imaginer avec vous un \u00e9v\u00e9nement \u00e0 votre image.<\/p>\n<p>[\/vc_column_text][vc_empty_space][vc_btn title=\u00bbR\u00e9servation\u00bb color=\u00bbinverse\u00bb size=\u00bblg\u00bb align=\u00bbcenter\u00bb link=\u00bburl:https%3A%2F%2Fwww.chateau-de-paraza.com%2Fcontact-chateau-de-paraza%2F|title:Contact|target:_blank\u00bb][vc_empty_space][vc_zigzag][vc_empty_space][\/vc_column][\/vc_row][vc_row][vc_column][vc_column_text]<\/p>\n<h2>Vous souhaitez compl\u00e9ter votre exp\u00e9rience :<\/h2>\n<p>[\/vc_column_text][vc_empty_space][\/vc_column][\/vc_row][vc_row][vc_column width=\u00bb1\/3&#8243;][vc_hoverbox image=\u00bb12620&#8243; primary_title=\u00bb\u00bb hover_title=\u00bbSur devis\u00bb hover_title_google_fonts=\u00bbfont_family:Cinzel%3Aregular%2C700%2C900|font_style:400%20regular%3A400%3Anormal\u00bb shape=\u00bbsquare\u00bb use_custom_fonts_hover_title=\u00bbtrue\u00bb]Plongez dans l\u2019histoire et le raffinement sign\u00e9 par un chef \u00e0 travers une exp\u00e9rience unique et confidentielle accompagn\u00e9 des vins du domaine.[\/vc_hoverbox][vc_column_text]<\/p>\n<h2>D\u00eener priv\u00e9<\/h2>\n<p>[\/vc_column_text][vc_column_text]<a href=\"https:\/\/www.chateau-de-paraza.com\/experiences-activites-degustation-visite-oenotourisme\/experience-degustation-prestige-chateau-de-paraza\/\" target=\"_blank\" rel=\"noopener\">En savoir plus<\/a>[\/vc_column_text][\/vc_column][vc_column width=\u00bb1\/3&#8243;][vc_hoverbox image=\u00bb9063&#8243; primary_title=\u00bb\u00bb hover_title=\u00bb35\u20ac \/ personne\u00bb hover_title_google_fonts=\u00bbfont_family:Cinzel%3Aregular%2C700%2C900|font_style:400%20regular%3A400%3Anormal\u00bb shape=\u00bbsquare\u00bb use_custom_fonts_hover_title=\u00bbtrue\u00bb]Profitez d\u2019une parenth\u00e8se gourmande entour\u00e9s de vins, de fromages et de charcuterie, \u00e0 l\u2019ombre des ch\u00eanes avec une vue imprenable sur les vignes.[\/vc_hoverbox][vc_column_text]<\/p>\n<h2>Ap\u00e9ro Champ\u00eatre<\/h2>\n<p>[\/vc_column_text][vc_column_text]<a href=\"https:\/\/www.chateau-de-paraza.com\/?page_id=13107&amp;preview=true\" target=\"_blank\" rel=\"noopener\">En savoir plus<\/a>[\/vc_column_text][\/vc_column][vc_column width=\u00bb1\/3&#8243;][vc_hoverbox image=\u00bb10588&#8243; primary_title=\u00bb\u00bb hover_title=\u00bbLes Suites\u00bb hover_title_google_fonts=\u00bbfont_family:Cinzel%3Aregular%2C700%2C900|font_style:400%20regular%3A400%3Anormal\u00bb shape=\u00bbsquare\u00bb use_custom_fonts_hover_title=\u00bbtrue\u00bb]En amoureux, en famille ou entre amis, vivez la vie de ch\u00e2teau dans l\u2019une de nos suites ![\/vc_hoverbox][vc_column_text]<\/p>\n<h2>Chambres d&#8217;H\u00f4tes<\/h2>\n<p>[\/vc_column_text][vc_column_text]<a href=\"https:\/\/www.chateau-de-paraza.com\/chambres-dhotes\/\" target=\"_blank\" rel=\"noopener\">En savoir plus<\/a>[\/vc_column_text][\/vc_column][\/vc_row]<\/p>\n<\/div>","protected":false},"excerpt":{"rendered":"<p>[vc_row][vc_column][vc_column_text] Privatisation du Ch\u00e2teau de Paraza [\/vc_column_text][vc_empty_space][\/vc_column][\/vc_row][vc_row][vc_column][vc_column_text] Un lieu d\u2019exception pour vos moments les plus pr\u00e9cieux Et si vous c\u00e9l\u00e9briez vos plus beaux moments dans un cadre hors du temps, au c\u0153ur des vignes du Minervois ? Le Ch\u00e2teau de Paraza vous ouvre ses portes pour la privatisation compl\u00e8te ou partielle du domaine, \u00e0 l\u2019occasion&hellip;<\/p>\n","protected":false},"author":2,"featured_media":0,"parent":3495,"menu_order":0,"comment_status":"closed","ping_status":"closed","template":"","meta":[],"yoast_head":"<!-- This site is optimized with the Yoast SEO plugin v21.8.1 - https:\/\/yoast.com\/wordpress\/plugins\/seo\/ -->\n<title>Privatisation Ch\u00e2teau - Ch\u00e2teau de Paraza<\/title>\n<meta name=\"description\" content=\"Anniversaire, Nouvel An, Bapt\u00eame.. Le Ch\u00e2teau de Paraza vous ouvre ses portes pour la privatisation compl\u00e8te ou partielle du domaine.\" \/>\n<meta name=\"robots\" content=\"index, follow, max-snippet:-1, max-image-preview:large, max-video-preview:-1\" \/>\n<link rel=\"canonical\" href=\"https:\/\/www.chateau-de-paraza.com\/experiences-activites-degustation-visite-oenotourisme\/privatisation-chateau\/\" \/>\n<meta property=\"og:locale\" content=\"es_ES\" \/>\n<meta property=\"og:type\" content=\"article\" \/>\n<meta property=\"og:title\" content=\"Privatisation Ch\u00e2teau - Ch\u00e2teau de Paraza\" \/>\n<meta property=\"og:description\" content=\"Anniversaire, Nouvel An, Bapt\u00eame.. Le Ch\u00e2teau de Paraza vous ouvre ses portes pour la privatisation compl\u00e8te ou partielle du domaine.\" \/>\n<meta property=\"og:url\" content=\"https:\/\/www.chateau-de-paraza.com\/experiences-activites-degustation-visite-oenotourisme\/privatisation-chateau\/\" \/>\n<meta property=\"og:site_name\" content=\"Ch\u00e2teau de Paraza\" \/>\n<meta property=\"article:publisher\" content=\"https:\/\/www.facebook.com\/chateaudeparaza\" \/>\n<meta property=\"article:modified_time\" content=\"2026-01-08T13:15:01+00:00\" \/>\n<meta name=\"twitter:card\" content=\"summary_large_image\" \/>\n<meta name=\"twitter:site\" content=\"@ChateauDeParaza\" \/>\n<meta name=\"twitter:label1\" content=\"Tiempo de lectura\" \/>\n\t<meta name=\"twitter:data1\" content=\"3 minutos\" \/>\n<script type=\"application\/ld+json\" class=\"yoast-schema-graph\">{\"@context\":\"https:\/\/schema.org\",\"@graph\":[{\"@type\":\"WebPage\",\"@id\":\"https:\/\/www.chateau-de-paraza.com\/experiences-activites-degustation-visite-oenotourisme\/privatisation-chateau\/\",\"url\":\"https:\/\/www.chateau-de-paraza.com\/experiences-activites-degustation-visite-oenotourisme\/privatisation-chateau\/\",\"name\":\"Privatisation Ch\u00e2teau - Ch\u00e2teau de Paraza\",\"isPartOf\":{\"@id\":\"https:\/\/www.chateau-de-paraza.com\/#website\"},\"datePublished\":\"2026-01-07T14:15:49+00:00\",\"dateModified\":\"2026-01-08T13:15:01+00:00\",\"description\":\"Anniversaire, Nouvel An, Bapt\u00eame.. Le Ch\u00e2teau de Paraza vous ouvre ses portes pour la privatisation compl\u00e8te ou partielle du domaine.\",\"breadcrumb\":{\"@id\":\"https:\/\/www.chateau-de-paraza.com\/experiences-activites-degustation-visite-oenotourisme\/privatisation-chateau\/#breadcrumb\"},\"inLanguage\":\"es\",\"potentialAction\":[{\"@type\":\"ReadAction\",\"target\":[\"https:\/\/www.chateau-de-paraza.com\/experiences-activites-degustation-visite-oenotourisme\/privatisation-chateau\/\"]}]},{\"@type\":\"BreadcrumbList\",\"@id\":\"https:\/\/www.chateau-de-paraza.com\/experiences-activites-degustation-visite-oenotourisme\/privatisation-chateau\/#breadcrumb\",\"itemListElement\":[{\"@type\":\"ListItem\",\"position\":1,\"name\":\"Accueil\",\"item\":\"https:\/\/www.chateau-de-paraza.com\/es\/\"},{\"@type\":\"ListItem\",\"position\":2,\"name\":\"Exp\u00e9riences\",\"item\":\"https:\/\/www.chateau-de-paraza.com\/experiences-activites-degustation-visite-oenotourisme\/\"},{\"@type\":\"ListItem\",\"position\":3,\"name\":\"Privatisation Ch\u00e2teau\"}]},{\"@type\":\"WebSite\",\"@id\":\"https:\/\/www.chateau-de-paraza.com\/#website\",\"url\":\"https:\/\/www.chateau-de-paraza.com\/\",\"name\":\"Ch\u00e2teau de Paraza\",\"description\":\"Site web du Ch\u00e2teau de Paraza\",\"potentialAction\":[{\"@type\":\"SearchAction\",\"target\":{\"@type\":\"EntryPoint\",\"urlTemplate\":\"https:\/\/www.chateau-de-paraza.com\/?s={search_term_string}\"},\"query-input\":\"required name=search_term_string\"}],\"inLanguage\":\"es\"}]}<\/script>\n<!-- \/ Yoast SEO plugin. -->","yoast_head_json":{"title":"Privatisation Ch\u00e2teau - Ch\u00e2teau de Paraza","description":"Anniversaire, Nouvel An, Bapt\u00eame.. Le Ch\u00e2teau de Paraza vous ouvre ses portes pour la privatisation compl\u00e8te ou partielle du domaine.","robots":{"index":"index","follow":"follow","max-snippet":"max-snippet:-1","max-image-preview":"max-image-preview:large","max-video-preview":"max-video-preview:-1"},"canonical":"https:\/\/www.chateau-de-paraza.com\/experiences-activites-degustation-visite-oenotourisme\/privatisation-chateau\/","og_locale":"es_ES","og_type":"article","og_title":"Privatisation Ch\u00e2teau - Ch\u00e2teau de Paraza","og_description":"Anniversaire, Nouvel An, Bapt\u00eame.. Le Ch\u00e2teau de Paraza vous ouvre ses portes pour la privatisation compl\u00e8te ou partielle du domaine.","og_url":"https:\/\/www.chateau-de-paraza.com\/experiences-activites-degustation-visite-oenotourisme\/privatisation-chateau\/","og_site_name":"Ch\u00e2teau de Paraza","article_publisher":"https:\/\/www.facebook.com\/chateaudeparaza","article_modified_time":"2026-01-08T13:15:01+00:00","twitter_card":"summary_large_image","twitter_site":"@ChateauDeParaza","twitter_misc":{"Tiempo de lectura":"3 minutos"},"schema":{"@context":"https:\/\/schema.org","@graph":[{"@type":"WebPage","@id":"https:\/\/www.chateau-de-paraza.com\/experiences-activites-degustation-visite-oenotourisme\/privatisation-chateau\/","url":"https:\/\/www.chateau-de-paraza.com\/experiences-activites-degustation-visite-oenotourisme\/privatisation-chateau\/","name":"Privatisation Ch\u00e2teau - Ch\u00e2teau de Paraza","isPartOf":{"@id":"https:\/\/www.chateau-de-paraza.com\/#website"},"datePublished":"2026-01-07T14:15:49+00:00","dateModified":"2026-01-08T13:15:01+00:00","description":"Anniversaire, Nouvel An, Bapt\u00eame.. Le Ch\u00e2teau de Paraza vous ouvre ses portes pour la privatisation compl\u00e8te ou partielle du domaine.","breadcrumb":{"@id":"https:\/\/www.chateau-de-paraza.com\/experiences-activites-degustation-visite-oenotourisme\/privatisation-chateau\/#breadcrumb"},"inLanguage":"es","potentialAction":[{"@type":"ReadAction","target":["https:\/\/www.chateau-de-paraza.com\/experiences-activites-degustation-visite-oenotourisme\/privatisation-chateau\/"]}]},{"@type":"BreadcrumbList","@id":"https:\/\/www.chateau-de-paraza.com\/experiences-activites-degustation-visite-oenotourisme\/privatisation-chateau\/#breadcrumb","itemListElement":[{"@type":"ListItem","position":1,"name":"Accueil","item":"https:\/\/www.chateau-de-paraza.com\/es\/"},{"@type":"ListItem","position":2,"name":"Exp\u00e9riences","item":"https:\/\/www.chateau-de-paraza.com\/experiences-activites-degustation-visite-oenotourisme\/"},{"@type":"ListItem","position":3,"name":"Privatisation Ch\u00e2teau"}]},{"@type":"WebSite","@id":"https:\/\/www.chateau-de-paraza.com\/#website","url":"https:\/\/www.chateau-de-paraza.com\/","name":"Ch\u00e2teau de Paraza","description":"Site web du Ch\u00e2teau de Paraza","potentialAction":[{"@type":"SearchAction","target":{"@type":"EntryPoint","urlTemplate":"https:\/\/www.chateau-de-paraza.com\/?s={search_term_string}"},"query-input":"required name=search_term_string"}],"inLanguage":"es"}]}},"_links":{"self":[{"href":"https:\/\/www.chateau-de-paraza.com\/es\/wp-json\/wp\/v2\/pages\/13121"}],"collection":[{"href":"https:\/\/www.chateau-de-paraza.com\/es\/wp-json\/wp\/v2\/pages"}],"about":[{"href":"https:\/\/www.chateau-de-paraza.com\/es\/wp-json\/wp\/v2\/types\/page"}],"author":[{"embeddable":true,"href":"https:\/\/www.chateau-de-paraza.com\/es\/wp-json\/wp\/v2\/users\/2"}],"replies":[{"embeddable":true,"href":"https:\/\/www.chateau-de-paraza.com\/es\/wp-json\/wp\/v2\/comments?post=13121"}],"version-history":[{"count":9,"href":"https:\/\/www.chateau-de-paraza.com\/es\/wp-json\/wp\/v2\/pages\/13121\/revisions"}],"predecessor-version":[{"id":13194,"href":"https:\/\/www.chateau-de-paraza.com\/es\/wp-json\/wp\/v2\/pages\/13121\/revisions\/13194"}],"up":[{"embeddable":true,"href":"https:\/\/www.chateau-de-paraza.com\/es\/wp-json\/wp\/v2\/pages\/3495"}],"wp:attachment":[{"href":"https:\/\/www.chateau-de-paraza.com\/es\/wp-json\/wp\/v2\/media?parent=13121"}],"curies":[{"name":"wp","href":"https:\/\/api.w.org\/{rel}","templated":true}]}}