{"id":12681,"date":"2025-06-06T19:15:48","date_gmt":"2025-06-06T18:15:48","guid":{"rendered":"https:\/\/www.chateau-de-paraza.com\/bienvenue\/"},"modified":"2025-06-06T19:37:24","modified_gmt":"2025-06-06T18:37:24","slug":"bienvenue","status":"publish","type":"page","link":"https:\/\/www.chateau-de-paraza.com\/es\/bienvenue\/","title":{"rendered":"Bienvenue"},"content":{"rendered":"<div class=\"wpb-content-wrapper\"><p>[vc_row][vc_column][vc_column_text]<img decoding=\"async\" loading=\"lazy\" class=\"wp-image-9190 size-full\" src=\"https:\/\/www.chateau-de-paraza.com\/wp-content\/uploads\/2023\/07\/Chateau-De-Paraza_0028-scaled-e1749230636741.jpg\" alt=\"Ventas y catas de vinos del Minervois\" width=\"2554\" height=\"1266\" srcset=\"https:\/\/www.chateau-de-paraza.com\/wp-content\/uploads\/2023\/07\/Chateau-De-Paraza_0028-scaled-e1749230636741.jpg 2554w, https:\/\/www.chateau-de-paraza.com\/wp-content\/uploads\/2023\/07\/Chateau-De-Paraza_0028-scaled-e1749230636741-300x149.jpg 300w, https:\/\/www.chateau-de-paraza.com\/wp-content\/uploads\/2023\/07\/Chateau-De-Paraza_0028-scaled-e1749230636741-1024x508.jpg 1024w, https:\/\/www.chateau-de-paraza.com\/wp-content\/uploads\/2023\/07\/Chateau-De-Paraza_0028-scaled-e1749230636741-768x381.jpg 768w, https:\/\/www.chateau-de-paraza.com\/wp-content\/uploads\/2023\/07\/Chateau-De-Paraza_0028-scaled-e1749230636741-1536x761.jpg 1536w, https:\/\/www.chateau-de-paraza.com\/wp-content\/uploads\/2023\/07\/Chateau-De-Paraza_0028-scaled-e1749230636741-2048x1015.jpg 2048w, https:\/\/www.chateau-de-paraza.com\/wp-content\/uploads\/2023\/07\/Chateau-De-Paraza_0028-scaled-e1749230636741-600x297.jpg 600w\" sizes=\"(max-width: 2554px) 100vw, 2554px\" \/><\/p>\n<p>&nbsp;<\/p>\n<header>\n<h1>Bienvenidos al Ch\u00e2teau de Paraza<\/h1>\n<h1><div class=\"gap\" style=\"line-height: 10px; height: 10px;\"><\/div><\/h1>\n<p>Y bienvenidos a nuestra casa. Prep\u00e1rense para una estancia excepcional en el coraz\u00f3n del Minervois.<br \/>\n<div class=\"gap\" style=\"line-height: 10px; height: 10px;\"><\/div>\n<\/header>\n<section>\n<div class=\"info-block\">\n<p>Nos complace darles la bienvenida a nuestra finca familiar.<br \/>\n<div class=\"gap\" style=\"line-height: 10px; height: 10px;\"><\/div>\n<div class=\"info-block\">El <strong>Ch\u00e2teau de Paraza<\/strong>, antigua residencia de los ingenieros del <strong>Canal du Midi<\/strong>, est\u00e1 lleno de historia.<br \/>\nEn el siglo XVII, <strong>Paul Riquet<\/strong> se aloj\u00f3 aqu\u00ed durante la construcci\u00f3n de una de las grandes obras del patrimonio franc\u00e9s: el canal que une el Atl\u00e1ntico con el Mediterr\u00e1neo.<\/div>\n<div><div class=\"gap\" style=\"line-height: 10px; height: 10px;\"><\/div><\/div>\n<div class=\"info-block\">Cuidadosamente restaurado, el castillo perpet\u00faa hoy este legado, combinando el respeto por el pasado con el arte de vivir contempor\u00e1neo.<\/div>\n<div class=\"info-block\"><div class=\"gap\" style=\"line-height: 10px; height: 10px;\"><\/div><br \/>\nEs el hogar de una familia apasionada por la viticultura, que desde hace 20 a\u00f1os ha devuelto la vida al vi\u00f1edo con exigencia y compromiso.<\/div>\n<div><div class=\"gap\" style=\"line-height: 10px; height: 10px;\"><\/div><\/div>\n<div class=\"info-block\">Al hospedarse aqu\u00ed, caminan sobre la historia y comparten el esp\u00edritu de un lugar vivo, conectado con la naturaleza, el vino y la hospitalidad.<\/div>\n<div><div class=\"gap\" style=\"line-height: 10px; height: 10px;\"><\/div><\/div>\n<p>Aqu\u00ed encontrar\u00e1n toda la informaci\u00f3n \u00fatil para disfrutar plenamente de su estancia.<\/p>\n<div class=\"gap\" style=\"line-height: 10px; height: 10px;\"><\/div>\n<\/div>\n<h2>&#x1f570; Actividades y Servicios<\/h2>\n<p>&nbsp;<\/p>\n<h3 class=\"info-block\"><strong>Catas de vinos \u2013 Bar de vinos<\/strong><\/h3>\n<p class=\"info-block\">De mayo a agosto: todos los d\u00edas de <strong>10:00 a 20:00<\/strong><\/p>\n<p class=\"info-block\">Septiembre: todos los d\u00edas de <strong>10:00 a 18:00<\/strong><br \/>\nSin necesidad de reserva, directamente en la bodega.<\/p>\n<\/section>\n<div>Tabla de quesos y embutidos bajo pedido: 18 \u20ac \u2013 servida en la bodega o junto a la piscina.<\/div>\n<section>\n<div><div class=\"gap\" style=\"line-height: 10px; height: 10px;\"><\/div><\/div>\n<h3 class=\"info-block\"><strong>Piscina<\/strong><\/h3>\n<div class=\"info-block\">Abierta de <strong>8:00 a 22:00<\/strong><br \/>\nEn su habitaci\u00f3n encontrar\u00e1 una fouta, una toalla ligera bordada localmente con \u201cCh\u00e2teau de Paraza\u201d, que puede usar en la piscina.<br \/>\nSi le gusta, puede comprarla en la recepci\u00f3n o en la tienda: <strong>18 \u20ac una, 30 \u20ac dos<\/strong>.<\/div>\n<div><\/div>\n<\/section>\n<div><div class=\"gap\" style=\"line-height: 10px; height: 10px;\"><\/div><\/div>\n<h3><strong>Fuente de agua, caf\u00e9 y t\u00e9<\/strong><\/h3>\n<div>Para su comodidad, ofrecemos agua filtrada gratuita durante toda su estancia, accesible en la fuente.<br \/>\nEn su habitaci\u00f3n encontrar\u00e1 botellas de vidrio reutilizables.<br \/>\nSi desea llevarse una, puede adquirirla en la recepci\u00f3n o en la tienda por <strong>16 \u20ac<\/strong>.<\/div>\n<div><\/div>\n<div>En los pasillos de la planta baja, encontrar\u00e1 una m\u00e1quina de caf\u00e9 y un hervidor de agua a su disposici\u00f3n.<\/div>\n<div><\/div>\n<div>Tambi\u00e9n disponibles para la venta: copas de vino \u2013 <strong>4 \u20ac (peque\u00f1a), 5 \u20ac (grande)<\/strong><\/div>\n<div><div class=\"gap\" style=\"line-height: 10px; height: 10px;\"><\/div><\/div>\n<section>\n<h3 class=\"info-block\"><strong>Caf\u00e9 du Port<\/strong><\/h3>\n<div class=\"info-block\"><a href=\"&quot;https:\/\/www.chateau-de&lt;br\"> [\/vc_column_text][\/vc_column][\/vc_row] <\/a><\/div>\n<\/section>\n<\/div>","protected":false},"excerpt":{"rendered":"<p>[vc_row][vc_column][vc_column_text] &nbsp; Bienvenidos al Ch\u00e2teau de Paraza Y bienvenidos a nuestra casa. Prep\u00e1rense para una estancia excepcional en el coraz\u00f3n del Minervois. Nos complace darles la bienvenida a nuestra finca familiar. El Ch\u00e2teau de Paraza, antigua residencia de los ingenieros del Canal du Midi, est\u00e1 lleno de historia. En el siglo XVII, Paul Riquet se&hellip;<\/p>\n","protected":false},"author":2,"featured_media":0,"parent":0,"menu_order":0,"comment_status":"closed","ping_status":"closed","template":"","meta":[],"yoast_head":"<!-- This site is optimized with the Yoast SEO plugin v21.8.1 - https:\/\/yoast.com\/wordpress\/plugins\/seo\/ -->\n<title>Bienvenue - Ch\u00e2teau de Paraza<\/title>\n<meta name=\"description\" content=\"&nbsp; Bienvenidos al Ch\u00e2teau de Paraza Y bienvenidos a nuestra casa. Prep\u00e1rense para una estancia excepcional en el coraz\u00f3n del Minervois. Nos complace\" \/>\n<meta name=\"robots\" content=\"index, follow, max-snippet:-1, max-image-preview:large, max-video-preview:-1\" \/>\n<link rel=\"canonical\" href=\"https:\/\/www.chateau-de-paraza.com\/es\/bienvenue\/\" \/>\n<meta property=\"og:locale\" content=\"es_ES\" \/>\n<meta property=\"og:type\" content=\"article\" \/>\n<meta property=\"og:title\" content=\"Bienvenue - Ch\u00e2teau de Paraza\" \/>\n<meta property=\"og:description\" content=\"&nbsp; Bienvenidos al Ch\u00e2teau de Paraza Y bienvenidos a nuestra casa. Prep\u00e1rense para una estancia excepcional en el coraz\u00f3n del Minervois. Nos complace\" \/>\n<meta property=\"og:url\" content=\"https:\/\/www.chateau-de-paraza.com\/es\/bienvenue\/\" \/>\n<meta property=\"og:site_name\" content=\"Ch\u00e2teau de Paraza\" \/>\n<meta property=\"article:publisher\" content=\"https:\/\/www.facebook.com\/chateaudeparaza\" \/>\n<meta property=\"article:modified_time\" content=\"2025-06-06T18:37:24+00:00\" \/>\n<meta property=\"og:image\" content=\"https:\/\/www.chateau-de-paraza.com\/wp-content\/uploads\/2023\/07\/Chateau-De-Paraza_0028-scaled-e1749230636741.jpg\" \/>\n<meta name=\"twitter:card\" content=\"summary_large_image\" \/>\n<meta name=\"twitter:site\" content=\"@ChateauDeParaza\" \/>\n<meta name=\"twitter:label1\" content=\"Tiempo de lectura\" \/>\n\t<meta name=\"twitter:data1\" content=\"4 minutos\" \/>\n<script type=\"application\/ld+json\" class=\"yoast-schema-graph\">{\"@context\":\"https:\/\/schema.org\",\"@graph\":[{\"@type\":\"WebPage\",\"@id\":\"https:\/\/www.chateau-de-paraza.com\/es\/bienvenue\/\",\"url\":\"https:\/\/www.chateau-de-paraza.com\/es\/bienvenue\/\",\"name\":\"Bienvenue - Ch\u00e2teau de Paraza\",\"isPartOf\":{\"@id\":\"https:\/\/www.chateau-de-paraza.com\/#website\"},\"datePublished\":\"2025-06-06T18:15:48+00:00\",\"dateModified\":\"2025-06-06T18:37:24+00:00\",\"description\":\"&nbsp; Bienvenidos al Ch\u00e2teau de Paraza Y bienvenidos a nuestra casa. Prep\u00e1rense para una estancia excepcional en el coraz\u00f3n del Minervois. Nos complace\",\"breadcrumb\":{\"@id\":\"https:\/\/www.chateau-de-paraza.com\/es\/bienvenue\/#breadcrumb\"},\"inLanguage\":\"es\",\"potentialAction\":[{\"@type\":\"ReadAction\",\"target\":[\"https:\/\/www.chateau-de-paraza.com\/es\/bienvenue\/\"]}]},{\"@type\":\"BreadcrumbList\",\"@id\":\"https:\/\/www.chateau-de-paraza.com\/es\/bienvenue\/#breadcrumb\",\"itemListElement\":[{\"@type\":\"ListItem\",\"position\":1,\"name\":\"Accueil\",\"item\":\"https:\/\/www.chateau-de-paraza.com\/es\/\"},{\"@type\":\"ListItem\",\"position\":2,\"name\":\"Bienvenue\"}]},{\"@type\":\"WebSite\",\"@id\":\"https:\/\/www.chateau-de-paraza.com\/#website\",\"url\":\"https:\/\/www.chateau-de-paraza.com\/\",\"name\":\"Ch\u00e2teau de Paraza\",\"description\":\"Site web du Ch\u00e2teau de Paraza\",\"potentialAction\":[{\"@type\":\"SearchAction\",\"target\":{\"@type\":\"EntryPoint\",\"urlTemplate\":\"https:\/\/www.chateau-de-paraza.com\/?s={search_term_string}\"},\"query-input\":\"required name=search_term_string\"}],\"inLanguage\":\"es\"}]}<\/script>\n<!-- \/ Yoast SEO plugin. -->","yoast_head_json":{"title":"Bienvenue - Ch\u00e2teau de Paraza","description":"&nbsp; Bienvenidos al Ch\u00e2teau de Paraza Y bienvenidos a nuestra casa. Prep\u00e1rense para una estancia excepcional en el coraz\u00f3n del Minervois. Nos complace","robots":{"index":"index","follow":"follow","max-snippet":"max-snippet:-1","max-image-preview":"max-image-preview:large","max-video-preview":"max-video-preview:-1"},"canonical":"https:\/\/www.chateau-de-paraza.com\/es\/bienvenue\/","og_locale":"es_ES","og_type":"article","og_title":"Bienvenue - Ch\u00e2teau de Paraza","og_description":"&nbsp; Bienvenidos al Ch\u00e2teau de Paraza Y bienvenidos a nuestra casa. Prep\u00e1rense para una estancia excepcional en el coraz\u00f3n del Minervois. Nos complace","og_url":"https:\/\/www.chateau-de-paraza.com\/es\/bienvenue\/","og_site_name":"Ch\u00e2teau de Paraza","article_publisher":"https:\/\/www.facebook.com\/chateaudeparaza","article_modified_time":"2025-06-06T18:37:24+00:00","og_image":[{"url":"https:\/\/www.chateau-de-paraza.com\/wp-content\/uploads\/2023\/07\/Chateau-De-Paraza_0028-scaled-e1749230636741.jpg"}],"twitter_card":"summary_large_image","twitter_site":"@ChateauDeParaza","twitter_misc":{"Tiempo de lectura":"4 minutos"},"schema":{"@context":"https:\/\/schema.org","@graph":[{"@type":"WebPage","@id":"https:\/\/www.chateau-de-paraza.com\/es\/bienvenue\/","url":"https:\/\/www.chateau-de-paraza.com\/es\/bienvenue\/","name":"Bienvenue - Ch\u00e2teau de Paraza","isPartOf":{"@id":"https:\/\/www.chateau-de-paraza.com\/#website"},"datePublished":"2025-06-06T18:15:48+00:00","dateModified":"2025-06-06T18:37:24+00:00","description":"&nbsp; Bienvenidos al Ch\u00e2teau de Paraza Y bienvenidos a nuestra casa. Prep\u00e1rense para una estancia excepcional en el coraz\u00f3n del Minervois. Nos complace","breadcrumb":{"@id":"https:\/\/www.chateau-de-paraza.com\/es\/bienvenue\/#breadcrumb"},"inLanguage":"es","potentialAction":[{"@type":"ReadAction","target":["https:\/\/www.chateau-de-paraza.com\/es\/bienvenue\/"]}]},{"@type":"BreadcrumbList","@id":"https:\/\/www.chateau-de-paraza.com\/es\/bienvenue\/#breadcrumb","itemListElement":[{"@type":"ListItem","position":1,"name":"Accueil","item":"https:\/\/www.chateau-de-paraza.com\/es\/"},{"@type":"ListItem","position":2,"name":"Bienvenue"}]},{"@type":"WebSite","@id":"https:\/\/www.chateau-de-paraza.com\/#website","url":"https:\/\/www.chateau-de-paraza.com\/","name":"Ch\u00e2teau de Paraza","description":"Site web du Ch\u00e2teau de Paraza","potentialAction":[{"@type":"SearchAction","target":{"@type":"EntryPoint","urlTemplate":"https:\/\/www.chateau-de-paraza.com\/?s={search_term_string}"},"query-input":"required name=search_term_string"}],"inLanguage":"es"}]}},"_links":{"self":[{"href":"https:\/\/www.chateau-de-paraza.com\/es\/wp-json\/wp\/v2\/pages\/12681"}],"collection":[{"href":"https:\/\/www.chateau-de-paraza.com\/es\/wp-json\/wp\/v2\/pages"}],"about":[{"href":"https:\/\/www.chateau-de-paraza.com\/es\/wp-json\/wp\/v2\/types\/page"}],"author":[{"embeddable":true,"href":"https:\/\/www.chateau-de-paraza.com\/es\/wp-json\/wp\/v2\/users\/2"}],"replies":[{"embeddable":true,"href":"https:\/\/www.chateau-de-paraza.com\/es\/wp-json\/wp\/v2\/comments?post=12681"}],"version-history":[{"count":3,"href":"https:\/\/www.chateau-de-paraza.com\/es\/wp-json\/wp\/v2\/pages\/12681\/revisions"}],"predecessor-version":[{"id":12687,"href":"https:\/\/www.chateau-de-paraza.com\/es\/wp-json\/wp\/v2\/pages\/12681\/revisions\/12687"}],"wp:attachment":[{"href":"https:\/\/www.chateau-de-paraza.com\/es\/wp-json\/wp\/v2\/media?parent=12681"}],"curies":[{"name":"wp","href":"https:\/\/api.w.org\/{rel}","templated":true}]}}