{"id":9986,"date":"2024-02-21T16:28:23","date_gmt":"2024-02-21T15:28:23","guid":{"rendered":"https:\/\/www.chateau-de-paraza.com\/?post_type=product&#038;p=9986"},"modified":"2025-03-31T09:28:22","modified_gmt":"2025-03-31T08:28:22","slug":"irresistible-2024-red-wine-minervois","status":"publish","type":"product","link":"https:\/\/www.chateau-de-paraza.com\/en\/boutique\/uncategorized\/irresistible-2024-red-wine-minervois\/","title":{"rendered":"Irr\u00e9sistible 2024"},"content":{"rendered":"<div class=\"wpb-content-wrapper\"><p style=\"text-align: left;\">An anthem to temptation. Human. Material. Gourmand. Omnipresent. Irresistible.<br \/>\nWill you be able to resist? &#x1f34e;&#x1f40d;<\/p>\n<p style=\"text-align: left;\">A cuv\u00e9e based on fruit, freshness, and indulgence, made with 100% Grenache.<\/p>\n<p>[vc_column][vc_column_text]<\/p>\n<h1><strong><span style=\"color: #c2215c;\">Irr\u00e9sistible &#8211; our new cuv\u00e9e !<\/span><br \/>\n<\/strong><\/h1>\n<p>[\/vc_column_text][vc_column_text]<\/p>\n<p>&nbsp;<\/p>\n<p>Irresistible, our new flagship cuv\u00e9e from Ch\u00e2teau de Paraza. An explosion of fruit on the palate! &#x2764;&#xfe0f;&#x200d;&#x1f525;<span id=\"copy-emoji\" class=\"efont\">&#x1f347;<\/span><\/p>\n<p>[\/vc_column_text][vc_empty_space][\/vc_column][\/vc_row][vc_row][vc_column width=&#8221;1\/4&#8243;][vc_column_text]<\/p>\n<h5><\/h5>\n<h4><strong>Grapes<\/strong><\/h4>\n<p>[\/vc_column_text][\/vc_column][vc_column width=&#8221;3\/4&#8243;][vc_column_text]100% Grenache black, for our new <a href=\"https:\/\/www.paysdoc-wines.com\/\">PAYS d&#8217;OC<\/a>.[\/vc_column_text][\/vc_column][vc_column][vc_empty_space][\/vc_column][\/vc_row][vc_row][vc_column width=&#8221;1\/4&#8243;][vc_column_text]<\/p>\n<p>&nbsp;<\/p>\n<h4><strong>Tasting notes<\/strong><\/h4>\n<p>[\/vc_column_text][\/vc_column][vc_column width=&#8221;3\/4&#8243;][vc_column_text]<\/p>\n<p>A bright red color with ruby highlights is a real eye-catcher. Its intense nose reveals bewitching aromas of raspberry and garrigue.<\/p>\n<p>In the mouth, a generous freshness envelops the palate, releasing notes of crisp raspberry, balanced by unctuous tannins.<\/p>\n<p>[\/vc_column_text][\/vc_column][vc_column][vc_empty_space][\/vc_column][\/vc_row][vc_row][vc_column width=&#8221;1\/4&#8243;][vc_column_text]<\/p>\n<h5><\/h5>\n<h4>Serving temperature<\/h4>\n<p>[\/vc_column_text][\/vc_column][vc_column width=&#8221;3\/4&#8243;][vc_column_text]16-18\u00ba<\/p>\n<p>[\/vc_column_text][\/vc_column][vc_column][vc_empty_space][\/vc_column][\/vc_row][vc_row][vc_column width=&#8221;1\/4&#8243;][vc_column_text]<\/p>\n<h4>Food and wine pairing<\/h4>\n<p>[\/vc_column_text][\/vc_column][vc_column width=&#8221;3\/4&#8243;][vc_column_text] Delicious with grilled meats or summer barbecues.<br \/>\nDelicious with Mediterranean cuisine, tapas or mezze.<\/p>\n<h4><div class=\"gap\" style=\"line-height: 20px; height: 20px;\"><\/div><\/h4>\n<h4>Winemaker&#8217;s corner<\/h4>\n<div class=\"gap\" style=\"line-height: 10px; height: 10px;\"><\/div>\n<p>Clay-limestone <a href=\"https:\/\/www.chateau-de-paraza.com\/en\/domaine\/terroiretphilosophie\/\">terroir on the highest slopes of Paraza.<\/a><\/p>\n<p>&nbsp;<\/p>\n<p>Ageing: 5 years and more<\/p>\n<div class=\"gap\" style=\"line-height: 20px; height: 20px;\"><\/div>[\/vc_column_text][\/vc_column][\/vc_row][vc_row][vc_column][vc_empty_space][\/vc_column][\/vc_row]<\/p>\n<p>&nbsp;<\/p>\n<p><strong>&#8220;#IRRESISTIBLE<\/strong><br \/>\n&#8220;It&#8217;s not the man who chooses the wine, it&#8217;s the wine that chooses the man.<br \/>\nFor me, the wine took me,<br \/>\nI remember, in Paris.&#8221;<br \/>\nTo paraphrase Renaud, and before him Joseph Kessel.<\/p>\n<p>In the Official AOC Minervois, our art, in the sense of our expertise, is blending. The blending of wines, from different plots, different grape varieties, different terroirs. Like music, we seek harmony. Often, we imagine a wine, let\u2019s say a style of wine, perhaps even a moment of tasting. We try a few pairings and let ourselves be carried away by the melody.<\/p>\n<p>This year, for the 2024 vintage, we heard a little tune that insisted on coming to us. Raw, without autotune. Irresistibly. One taste of this cuv\u00e9e, and we felt a unique, new, and intoxicating expression. Something precious we didn\u2019t want to let slip away. Something we couldn\u2019t resist, that excites and rocks us.<\/p>\n<p><strong>IRRESISTIBLE&#8221;<\/strong><\/p>\n<\/div>","protected":false},"excerpt":{"rendered":"<p>An anthem to temptation. Human. Material. Gourmand. Omnipresent. Irresistible. Will you be able to resist? &#x1f34e;&#x1f40d; A cuv\u00e9e based on fruit, freshness, and indulgence, made with 100% Grenache. [vc_column][vc_column_text] Irr\u00e9sistible &#8211; our new cuv\u00e9e ! [\/vc_column_text][vc_column_text] &nbsp; Irresistible, our new flagship cuv\u00e9e from Ch\u00e2teau de Paraza. An explosion of fruit on the palate! &#x2764;&#xfe0f;&#x200d;&#x1f525;&#x1f347; [\/vc_column_text][vc_empty_space][\/vc_column][\/vc_row][vc_row][vc_column&hellip;<\/p>\n","protected":false},"featured_media":11299,"comment_status":"closed","ping_status":"closed","template":"","meta":[],"product_cat":[99],"product_tag":[],"yoast_head":"<!-- This site is optimized with the Yoast SEO plugin v21.8.1 - https:\/\/yoast.com\/wordpress\/plugins\/seo\/ -->\n<title>Irresistible - Red wine from Minervois<\/title>\n<meta name=\"description\" content=\"A cuv\u00e9e based on fruit, freshness, and indulgence, made with 100% Grenache. One taste of this cuv\u00e9e, and we felt a unique, new, and intoxicating expression.\" \/>\n<meta name=\"robots\" content=\"index, follow, max-snippet:-1, max-image-preview:large, max-video-preview:-1\" \/>\n<link rel=\"canonical\" href=\"https:\/\/www.chateau-de-paraza.com\/en\/boutique\/uncategorized\/irresistible-2024-red-wine-minervois\/\" \/>\n<meta property=\"og:locale\" content=\"en_US\" \/>\n<meta property=\"og:type\" content=\"article\" \/>\n<meta property=\"og:title\" content=\"Irresistible - Red wine from Minervois\" \/>\n<meta property=\"og:description\" content=\"A cuv\u00e9e based on fruit, freshness, and indulgence, made with 100% Grenache. One taste of this cuv\u00e9e, and we felt a unique, new, and intoxicating expression.\" \/>\n<meta property=\"og:url\" content=\"https:\/\/www.chateau-de-paraza.com\/en\/boutique\/uncategorized\/irresistible-2024-red-wine-minervois\/\" \/>\n<meta property=\"og:site_name\" content=\"Ch\u00e2teau de Paraza\" \/>\n<meta property=\"article:publisher\" content=\"https:\/\/www.facebook.com\/chateaudeparaza\" \/>\n<meta property=\"article:modified_time\" content=\"2025-03-31T08:28:22+00:00\" \/>\n<meta property=\"og:image\" content=\"https:\/\/www.chateau-de-paraza.com\/wp-content\/uploads\/2024\/11\/Irresistible-2.jpg\" \/>\n\t<meta property=\"og:image:width\" content=\"1080\" \/>\n\t<meta property=\"og:image:height\" content=\"1080\" \/>\n\t<meta property=\"og:image:type\" content=\"image\/jpeg\" \/>\n<meta name=\"twitter:card\" content=\"summary_large_image\" \/>\n<meta name=\"twitter:site\" content=\"@ChateauDeParaza\" \/>\n<meta name=\"twitter:label1\" content=\"Est. reading time\" \/>\n\t<meta name=\"twitter:data1\" content=\"2 minutes\" \/>\n<script type=\"application\/ld+json\" class=\"yoast-schema-graph\">{\"@context\":\"https:\/\/schema.org\",\"@graph\":[{\"@type\":\"WebPage\",\"@id\":\"https:\/\/www.chateau-de-paraza.com\/en\/boutique\/uncategorized\/irresistible-2024-red-wine-minervois\/\",\"url\":\"https:\/\/www.chateau-de-paraza.com\/en\/boutique\/uncategorized\/irresistible-2024-red-wine-minervois\/\",\"name\":\"Irresistible - Red wine from Minervois\",\"isPartOf\":{\"@id\":\"https:\/\/www.chateau-de-paraza.com\/#website\"},\"datePublished\":\"2024-02-21T15:28:23+00:00\",\"dateModified\":\"2025-03-31T08:28:22+00:00\",\"description\":\"A cuv\u00e9e based on fruit, freshness, and indulgence, made with 100% Grenache. One taste of this cuv\u00e9e, and we felt a unique, new, and intoxicating expression.\",\"breadcrumb\":{\"@id\":\"https:\/\/www.chateau-de-paraza.com\/en\/boutique\/uncategorized\/irresistible-2024-red-wine-minervois\/#breadcrumb\"},\"inLanguage\":\"en-US\",\"potentialAction\":[{\"@type\":\"ReadAction\",\"target\":[\"https:\/\/www.chateau-de-paraza.com\/en\/boutique\/uncategorized\/irresistible-2024-red-wine-minervois\/\"]}]},{\"@type\":\"BreadcrumbList\",\"@id\":\"https:\/\/www.chateau-de-paraza.com\/en\/boutique\/uncategorized\/irresistible-2024-red-wine-minervois\/#breadcrumb\",\"itemListElement\":[{\"@type\":\"ListItem\",\"position\":1,\"name\":\"Accueil\",\"item\":\"https:\/\/www.chateau-de-paraza.com\/en\/\"},{\"@type\":\"ListItem\",\"position\":2,\"name\":\"Wine shop\",\"item\":\"https:\/\/www.chateau-de-paraza.com\/en\/wine-shop-great-wines\/\"},{\"@type\":\"ListItem\",\"position\":3,\"name\":\"Irr\u00e9sistible 2024\"}]},{\"@type\":\"WebSite\",\"@id\":\"https:\/\/www.chateau-de-paraza.com\/#website\",\"url\":\"https:\/\/www.chateau-de-paraza.com\/\",\"name\":\"Ch\u00e2teau de Paraza\",\"description\":\"Site web du Ch\u00e2teau de Paraza\",\"potentialAction\":[{\"@type\":\"SearchAction\",\"target\":{\"@type\":\"EntryPoint\",\"urlTemplate\":\"https:\/\/www.chateau-de-paraza.com\/?s={search_term_string}\"},\"query-input\":\"required name=search_term_string\"}],\"inLanguage\":\"en-US\"}]}<\/script>\n<!-- \/ Yoast SEO plugin. -->","yoast_head_json":{"title":"Irresistible - Red wine from Minervois","description":"A cuv\u00e9e based on fruit, freshness, and indulgence, made with 100% Grenache. One taste of this cuv\u00e9e, and we felt a unique, new, and intoxicating expression.","robots":{"index":"index","follow":"follow","max-snippet":"max-snippet:-1","max-image-preview":"max-image-preview:large","max-video-preview":"max-video-preview:-1"},"canonical":"https:\/\/www.chateau-de-paraza.com\/en\/boutique\/uncategorized\/irresistible-2024-red-wine-minervois\/","og_locale":"en_US","og_type":"article","og_title":"Irresistible - Red wine from Minervois","og_description":"A cuv\u00e9e based on fruit, freshness, and indulgence, made with 100% Grenache. One taste of this cuv\u00e9e, and we felt a unique, new, and intoxicating expression.","og_url":"https:\/\/www.chateau-de-paraza.com\/en\/boutique\/uncategorized\/irresistible-2024-red-wine-minervois\/","og_site_name":"Ch\u00e2teau de Paraza","article_publisher":"https:\/\/www.facebook.com\/chateaudeparaza","article_modified_time":"2025-03-31T08:28:22+00:00","og_image":[{"width":1080,"height":1080,"url":"https:\/\/www.chateau-de-paraza.com\/wp-content\/uploads\/2024\/11\/Irresistible-2.jpg","type":"image\/jpeg"}],"twitter_card":"summary_large_image","twitter_site":"@ChateauDeParaza","twitter_misc":{"Est. reading time":"2 minutes"},"schema":{"@context":"https:\/\/schema.org","@graph":[{"@type":"WebPage","@id":"https:\/\/www.chateau-de-paraza.com\/en\/boutique\/uncategorized\/irresistible-2024-red-wine-minervois\/","url":"https:\/\/www.chateau-de-paraza.com\/en\/boutique\/uncategorized\/irresistible-2024-red-wine-minervois\/","name":"Irresistible - Red wine from Minervois","isPartOf":{"@id":"https:\/\/www.chateau-de-paraza.com\/#website"},"datePublished":"2024-02-21T15:28:23+00:00","dateModified":"2025-03-31T08:28:22+00:00","description":"A cuv\u00e9e based on fruit, freshness, and indulgence, made with 100% Grenache. One taste of this cuv\u00e9e, and we felt a unique, new, and intoxicating expression.","breadcrumb":{"@id":"https:\/\/www.chateau-de-paraza.com\/en\/boutique\/uncategorized\/irresistible-2024-red-wine-minervois\/#breadcrumb"},"inLanguage":"en-US","potentialAction":[{"@type":"ReadAction","target":["https:\/\/www.chateau-de-paraza.com\/en\/boutique\/uncategorized\/irresistible-2024-red-wine-minervois\/"]}]},{"@type":"BreadcrumbList","@id":"https:\/\/www.chateau-de-paraza.com\/en\/boutique\/uncategorized\/irresistible-2024-red-wine-minervois\/#breadcrumb","itemListElement":[{"@type":"ListItem","position":1,"name":"Accueil","item":"https:\/\/www.chateau-de-paraza.com\/en\/"},{"@type":"ListItem","position":2,"name":"Wine shop","item":"https:\/\/www.chateau-de-paraza.com\/en\/wine-shop-great-wines\/"},{"@type":"ListItem","position":3,"name":"Irr\u00e9sistible 2024"}]},{"@type":"WebSite","@id":"https:\/\/www.chateau-de-paraza.com\/#website","url":"https:\/\/www.chateau-de-paraza.com\/","name":"Ch\u00e2teau de Paraza","description":"Site web du Ch\u00e2teau de Paraza","potentialAction":[{"@type":"SearchAction","target":{"@type":"EntryPoint","urlTemplate":"https:\/\/www.chateau-de-paraza.com\/?s={search_term_string}"},"query-input":"required name=search_term_string"}],"inLanguage":"en-US"}]}},"_links":{"self":[{"href":"https:\/\/www.chateau-de-paraza.com\/en\/wp-json\/wp\/v2\/product\/9986"}],"collection":[{"href":"https:\/\/www.chateau-de-paraza.com\/en\/wp-json\/wp\/v2\/product"}],"about":[{"href":"https:\/\/www.chateau-de-paraza.com\/en\/wp-json\/wp\/v2\/types\/product"}],"replies":[{"embeddable":true,"href":"https:\/\/www.chateau-de-paraza.com\/en\/wp-json\/wp\/v2\/comments?post=9986"}],"wp:featuredmedia":[{"embeddable":true,"href":"https:\/\/www.chateau-de-paraza.com\/en\/wp-json\/wp\/v2\/media\/11299"}],"wp:attachment":[{"href":"https:\/\/www.chateau-de-paraza.com\/en\/wp-json\/wp\/v2\/media?parent=9986"}],"wp:term":[{"taxonomy":"product_cat","embeddable":true,"href":"https:\/\/www.chateau-de-paraza.com\/en\/wp-json\/wp\/v2\/product_cat?post=9986"},{"taxonomy":"product_tag","embeddable":true,"href":"https:\/\/www.chateau-de-paraza.com\/en\/wp-json\/wp\/v2\/product_tag?post=9986"}],"curies":[{"name":"wp","href":"https:\/\/api.w.org\/{rel}","templated":true}]}}