{"id":9715,"date":"2024-01-08T14:17:17","date_gmt":"2024-01-08T13:17:17","guid":{"rendered":"https:\/\/www.chateau-de-paraza.com\/?post_type=product&#038;p=9715"},"modified":"2024-12-04T10:24:14","modified_gmt":"2024-12-04T09:24:14","slug":"cest-la-vie-rose-2022","status":"publish","type":"product","link":"https:\/\/www.chateau-de-paraza.com\/en\/boutique\/uncategorized\/cest-la-vie-rose-2022\/","title":{"rendered":"C&#8217;est la vie ros\u00e9"},"content":{"rendered":"<div class=\"wpb-content-wrapper\"><p>C&#8217;est la vie ros\u00e9 2022<\/p>\n<p>[vc_row][vc_column][vc_column_text]<\/p>\n<h2><span style=\"color: #ff99cc;\">C&#8217;est la Vie ros\u00e9 !<\/span><span style=\"color: #d90b0b;\"><br \/>\n<\/span><\/h2>\n<p>[\/vc_column_text][vc_column_text]<\/p>\n<p class=\"cvGsUA direction-ltr align-center para-style-body\"><span class=\"OYPEnA text-decoration-none text-strikethrough-none\">C&#8217;est la vie is an original cuv\u00e9e made from the most popular grape variety: Cinsault.<\/span><\/p>\n<p class=\"cvGsUA direction-ltr align-center para-style-body\"><span class=\"OYPEnA text-decoration-none text-strikethrough-none\">Made with the greatest care in the <a href=\"https:\/\/www.chateau-de-paraza.com\/en\/domaine\/terroiretphilosophie\/\">sunny vineyards<\/a> of <a href=\"https:\/\/www.paysdoc-wines.com\/\">the Languedoc<\/a>, this wine has a fine balance of opulence and freshness that will captivate your senses from the very first sip.<\/span><\/p>\n<p>[\/vc_column_text][vc_empty_space][\/vc_column][\/vc_row][vc_row][vc_column width=&#8221;1\/4&#8243;][vc_column_text]<\/p>\n<h5>Grapes<\/h5>\n<p>[\/vc_column_text][\/vc_column][vc_column width=&#8221;3\/4&#8243;][vc_column_text]<span class=\"OYPEnA text-decoration-none text-strikethrough-none\">100% Cinsault <\/span>[\/vc_column_text][\/vc_column][vc_column][vc_empty_space][\/vc_column][\/vc_row][vc_row][vc_column width=&#8221;1\/4&#8243;][vc_column_text]<\/p>\n<h5><\/h5>\n<h5>Tasting notes<\/h5>\n<p>[\/vc_column_text][\/vc_column][vc_column width=&#8221;3\/4&#8243;][vc_column_text]<\/p>\n<p><span class=\"OYPEnA text-decoration-none text-strikethrough-none\">Soft, pale colour with pink highlights. Pleasant nose with notes of strawberry and redcurrant.<\/span><\/p>\n<p><span class=\"OYPEnA text-decoration-none text-strikethrough-none\"> On the palate, the wine is fruity, round and well-balanced, with plenty of crispness. The finish is delicate and the wine is dry and full of freshness.<\/span><\/p>\n<p>&nbsp;<\/p>\n<p>&nbsp;<\/p>\n<p>[\/vc_column_text][\/vc_column][vc_column][vc_empty_space][\/vc_column][\/vc_row][vc_row][vc_column width=&#8221;1\/4&#8243;][vc_column_text]<\/p>\n<h5><\/h5>\n<h5>\u00a0Service Temperature<\/h5>\n<p>[\/vc_column_text][\/vc_column][vc_column width=&#8221;3\/4&#8243;][vc_column_text]<span class=\"OYPEnA text-decoration-none text-strikethrough-none\">\u00a0<\/span><span class=\"OYPEnA text-decoration-none text-strikethrough-none\"> 10\u00b0 C<\/span><\/p>\n<p>[\/vc_column_text][\/vc_column][vc_column][vc_empty_space][\/vc_column][\/vc_row][vc_row][vc_column width=&#8221;1\/4&#8243;][vc_column_text]<\/p>\n<h5>Wine and food pairings<\/h5>\n<p>[\/vc_column_text][\/vc_column][vc_column width=&#8221;3\/4&#8243;][vc_column_text] C&#8217;est La Vie ros\u00e9<span class=\"OYPEnA text-decoration-none text-strikethrough-none\"> is perfect for a wide range of summer meals, including tapas, mixed salads and even barbecues.<\/span><\/p>\n<p>[\/vc_column_text][\/vc_column][vc_column][vc_empty_space][\/vc_column][\/vc_row][vc_row][vc_column width=&#8221;1\/4&#8243;][vc_column_text]<\/p>\n<h5><\/h5>\n<h4><\/h4>\n<h4 style=\"text-align: left;\">The Winemaker&#8217;s corner<\/h4>\n<p class=\"p1\">Soil: fluvial deposits dating back to the Pliocene.<\/p>\n<p><span class=\"OYPEnA text-decoration-none text-strikethrough-none\">The grapes are harvested at the end of August when they are ripe and juicy. The freshness of the morning helps to preserve the juice from oxidation.<\/span><\/p>\n<p><span class=\"OYPEnA text-decoration-none text-strikethrough-none\"> Fermentation takes place in stainless steel tanks to preserve all the aromas. The wine is bottled before spring.<\/span><\/p>\n<p>&nbsp;<\/p>\n<p>Keep: 2\u00a0 years<\/p>\n<p>&nbsp;<\/p>\n<\/div>","protected":false},"excerpt":{"rendered":"<p>C&#8217;est la vie ros\u00e9 2022 [vc_row][vc_column][vc_column_text] C&#8217;est la Vie ros\u00e9 ! [\/vc_column_text][vc_column_text] C&#8217;est la vie is an original cuv\u00e9e made from the most popular grape variety: Cinsault. Made with the greatest care in the sunny vineyards of the Languedoc, this wine has a fine balance of opulence and freshness that will captivate your senses from&hellip;<\/p>\n","protected":false},"featured_media":9981,"comment_status":"closed","ping_status":"closed","template":"","meta":[],"product_cat":[],"product_tag":[],"yoast_head":"<!-- This site is optimized with the Yoast SEO plugin v21.8.1 - https:\/\/yoast.com\/wordpress\/plugins\/seo\/ -->\n<title>C&#039;est la vie ros\u00e9 - Ch\u00e2teau de Paraza<\/title>\n<meta name=\"description\" content=\"C&#039;est la vie ros\u00e9 is an original cuv\u00e9e made from the most popular grape variety: Cinsault. The finish is delicate and the wine is dry and full of freshness.\" \/>\n<meta name=\"robots\" content=\"index, follow, max-snippet:-1, max-image-preview:large, max-video-preview:-1\" \/>\n<link rel=\"canonical\" href=\"https:\/\/www.chateau-de-paraza.com\/en\/boutique\/igp-pays-doc-wine\/cest-la-vie-rose-2022\/\" \/>\n<meta property=\"og:locale\" content=\"en_US\" \/>\n<meta property=\"og:type\" content=\"article\" \/>\n<meta property=\"og:title\" content=\"C&#039;est la vie ros\u00e9 - Ch\u00e2teau de Paraza\" \/>\n<meta property=\"og:description\" content=\"C&#039;est la vie ros\u00e9 is an original cuv\u00e9e made from the most popular grape variety: Cinsault. The finish is delicate and the wine is dry and full of freshness.\" \/>\n<meta property=\"og:url\" content=\"https:\/\/www.chateau-de-paraza.com\/en\/boutique\/igp-pays-doc-wine\/cest-la-vie-rose-2022\/\" \/>\n<meta property=\"og:site_name\" content=\"Ch\u00e2teau de Paraza\" \/>\n<meta property=\"article:publisher\" content=\"https:\/\/www.facebook.com\/chateaudeparaza\" \/>\n<meta property=\"article:modified_time\" content=\"2024-12-04T09:24:14+00:00\" \/>\n<meta property=\"og:image\" content=\"https:\/\/www.chateau-de-paraza.com\/wp-content\/uploads\/2024\/02\/Design-sans-titre24.png\" \/>\n\t<meta property=\"og:image:width\" content=\"1080\" \/>\n\t<meta property=\"og:image:height\" content=\"1080\" \/>\n\t<meta property=\"og:image:type\" content=\"image\/png\" \/>\n<meta name=\"twitter:card\" content=\"summary_large_image\" \/>\n<meta name=\"twitter:site\" content=\"@ChateauDeParaza\" \/>\n<meta name=\"twitter:label1\" content=\"Est. reading time\" \/>\n\t<meta name=\"twitter:data1\" content=\"2 minutes\" \/>\n<script type=\"application\/ld+json\" class=\"yoast-schema-graph\">{\"@context\":\"https:\/\/schema.org\",\"@graph\":[{\"@type\":\"WebPage\",\"@id\":\"https:\/\/www.chateau-de-paraza.com\/en\/boutique\/igp-pays-doc-wine\/cest-la-vie-rose-2022\/\",\"url\":\"https:\/\/www.chateau-de-paraza.com\/en\/boutique\/igp-pays-doc-wine\/cest-la-vie-rose-2022\/\",\"name\":\"C'est la vie ros\u00e9 - Ch\u00e2teau de Paraza\",\"isPartOf\":{\"@id\":\"https:\/\/www.chateau-de-paraza.com\/#website\"},\"datePublished\":\"2024-01-08T13:17:17+00:00\",\"dateModified\":\"2024-12-04T09:24:14+00:00\",\"description\":\"C'est la vie ros\u00e9 is an original cuv\u00e9e made from the most popular grape variety: Cinsault. The finish is delicate and the wine is dry and full of freshness.\",\"breadcrumb\":{\"@id\":\"https:\/\/www.chateau-de-paraza.com\/en\/boutique\/igp-pays-doc-wine\/cest-la-vie-rose-2022\/#breadcrumb\"},\"inLanguage\":\"en-US\",\"potentialAction\":[{\"@type\":\"ReadAction\",\"target\":[\"https:\/\/www.chateau-de-paraza.com\/en\/boutique\/igp-pays-doc-wine\/cest-la-vie-rose-2022\/\"]}]},{\"@type\":\"BreadcrumbList\",\"@id\":\"https:\/\/www.chateau-de-paraza.com\/en\/boutique\/igp-pays-doc-wine\/cest-la-vie-rose-2022\/#breadcrumb\",\"itemListElement\":[{\"@type\":\"ListItem\",\"position\":1,\"name\":\"Accueil\",\"item\":\"https:\/\/www.chateau-de-paraza.com\/en\/\"},{\"@type\":\"ListItem\",\"position\":2,\"name\":\"Wine shop\",\"item\":\"https:\/\/www.chateau-de-paraza.com\/en\/wine-shop-great-wines\/\"},{\"@type\":\"ListItem\",\"position\":3,\"name\":\"C&rsquo;est la vie ros\u00e9\"}]},{\"@type\":\"WebSite\",\"@id\":\"https:\/\/www.chateau-de-paraza.com\/#website\",\"url\":\"https:\/\/www.chateau-de-paraza.com\/\",\"name\":\"Ch\u00e2teau de Paraza\",\"description\":\"Site web du Ch\u00e2teau de Paraza\",\"potentialAction\":[{\"@type\":\"SearchAction\",\"target\":{\"@type\":\"EntryPoint\",\"urlTemplate\":\"https:\/\/www.chateau-de-paraza.com\/?s={search_term_string}\"},\"query-input\":\"required name=search_term_string\"}],\"inLanguage\":\"en-US\"}]}<\/script>\n<!-- \/ Yoast SEO plugin. -->","yoast_head_json":{"title":"C'est la vie ros\u00e9 - Ch\u00e2teau de Paraza","description":"C'est la vie ros\u00e9 is an original cuv\u00e9e made from the most popular grape variety: Cinsault. The finish is delicate and the wine is dry and full of freshness.","robots":{"index":"index","follow":"follow","max-snippet":"max-snippet:-1","max-image-preview":"max-image-preview:large","max-video-preview":"max-video-preview:-1"},"canonical":"https:\/\/www.chateau-de-paraza.com\/en\/boutique\/igp-pays-doc-wine\/cest-la-vie-rose-2022\/","og_locale":"en_US","og_type":"article","og_title":"C'est la vie ros\u00e9 - Ch\u00e2teau de Paraza","og_description":"C'est la vie ros\u00e9 is an original cuv\u00e9e made from the most popular grape variety: Cinsault. The finish is delicate and the wine is dry and full of freshness.","og_url":"https:\/\/www.chateau-de-paraza.com\/en\/boutique\/igp-pays-doc-wine\/cest-la-vie-rose-2022\/","og_site_name":"Ch\u00e2teau de Paraza","article_publisher":"https:\/\/www.facebook.com\/chateaudeparaza","article_modified_time":"2024-12-04T09:24:14+00:00","og_image":[{"width":1080,"height":1080,"url":"https:\/\/www.chateau-de-paraza.com\/wp-content\/uploads\/2024\/02\/Design-sans-titre24.png","type":"image\/png"}],"twitter_card":"summary_large_image","twitter_site":"@ChateauDeParaza","twitter_misc":{"Est. reading time":"2 minutes"},"schema":{"@context":"https:\/\/schema.org","@graph":[{"@type":"WebPage","@id":"https:\/\/www.chateau-de-paraza.com\/en\/boutique\/igp-pays-doc-wine\/cest-la-vie-rose-2022\/","url":"https:\/\/www.chateau-de-paraza.com\/en\/boutique\/igp-pays-doc-wine\/cest-la-vie-rose-2022\/","name":"C'est la vie ros\u00e9 - Ch\u00e2teau de Paraza","isPartOf":{"@id":"https:\/\/www.chateau-de-paraza.com\/#website"},"datePublished":"2024-01-08T13:17:17+00:00","dateModified":"2024-12-04T09:24:14+00:00","description":"C'est la vie ros\u00e9 is an original cuv\u00e9e made from the most popular grape variety: Cinsault. The finish is delicate and the wine is dry and full of freshness.","breadcrumb":{"@id":"https:\/\/www.chateau-de-paraza.com\/en\/boutique\/igp-pays-doc-wine\/cest-la-vie-rose-2022\/#breadcrumb"},"inLanguage":"en-US","potentialAction":[{"@type":"ReadAction","target":["https:\/\/www.chateau-de-paraza.com\/en\/boutique\/igp-pays-doc-wine\/cest-la-vie-rose-2022\/"]}]},{"@type":"BreadcrumbList","@id":"https:\/\/www.chateau-de-paraza.com\/en\/boutique\/igp-pays-doc-wine\/cest-la-vie-rose-2022\/#breadcrumb","itemListElement":[{"@type":"ListItem","position":1,"name":"Accueil","item":"https:\/\/www.chateau-de-paraza.com\/en\/"},{"@type":"ListItem","position":2,"name":"Wine shop","item":"https:\/\/www.chateau-de-paraza.com\/en\/wine-shop-great-wines\/"},{"@type":"ListItem","position":3,"name":"C&rsquo;est la vie ros\u00e9"}]},{"@type":"WebSite","@id":"https:\/\/www.chateau-de-paraza.com\/#website","url":"https:\/\/www.chateau-de-paraza.com\/","name":"Ch\u00e2teau de Paraza","description":"Site web du Ch\u00e2teau de Paraza","potentialAction":[{"@type":"SearchAction","target":{"@type":"EntryPoint","urlTemplate":"https:\/\/www.chateau-de-paraza.com\/?s={search_term_string}"},"query-input":"required name=search_term_string"}],"inLanguage":"en-US"}]}},"_links":{"self":[{"href":"https:\/\/www.chateau-de-paraza.com\/en\/wp-json\/wp\/v2\/product\/9715"}],"collection":[{"href":"https:\/\/www.chateau-de-paraza.com\/en\/wp-json\/wp\/v2\/product"}],"about":[{"href":"https:\/\/www.chateau-de-paraza.com\/en\/wp-json\/wp\/v2\/types\/product"}],"replies":[{"embeddable":true,"href":"https:\/\/www.chateau-de-paraza.com\/en\/wp-json\/wp\/v2\/comments?post=9715"}],"wp:featuredmedia":[{"embeddable":true,"href":"https:\/\/www.chateau-de-paraza.com\/en\/wp-json\/wp\/v2\/media\/9981"}],"wp:attachment":[{"href":"https:\/\/www.chateau-de-paraza.com\/en\/wp-json\/wp\/v2\/media?parent=9715"}],"wp:term":[{"taxonomy":"product_cat","embeddable":true,"href":"https:\/\/www.chateau-de-paraza.com\/en\/wp-json\/wp\/v2\/product_cat?post=9715"},{"taxonomy":"product_tag","embeddable":true,"href":"https:\/\/www.chateau-de-paraza.com\/en\/wp-json\/wp\/v2\/product_tag?post=9715"}],"curies":[{"name":"wp","href":"https:\/\/api.w.org\/{rel}","templated":true}]}}