{"id":6487,"date":"2022-03-22T21:07:34","date_gmt":"2016-03-10T17:51:01","guid":{"rendered":"https:\/\/www.chateau-de-paraza.com\/?post_type=product&#038;p=6487"},"modified":"2025-03-05T11:30:24","modified_gmt":"2025-03-05T10:30:24","slug":"velvet-rose-wine-from-minervois","status":"publish","type":"product","link":"https:\/\/www.chateau-de-paraza.com\/en\/boutique\/uncategorized\/velvet-rose-wine-from-minervois\/","title":{"rendered":"Velvet Rose"},"content":{"rendered":"<div class=\"wpb-content-wrapper\"><p>Velvet ros\u00e9 is made with typical grape varieties from Minervois, the wines in this range are indulgent and expressive.<\/p>\n<p>[vc_row][vc_column][vc_empty_space][vc_column_text]To order the vintage 2021 of this cuv\u00e9e, please <a href=\"https:\/\/www.chateau-de-paraza.com\/en\/boutique\/special-cuvees-en\/velvet-rose-2021\/\">click here:<\/a>[\/vc_column_text][vc_empty_space height=&#8221;64px&#8221;][\/vc_column][\/vc_row][vc_row][vc_column width=&#8221;1\/4&#8243;][vc_column_text]<\/p>\n<h5>Appellation<\/h5>\n<p>[\/vc_column_text][\/vc_column][vc_column width=&#8221;3\/4&#8243;][vc_column_text]<a href=\"https:\/\/aop-minervois.com\/\">AOC Minervois<\/a>[\/vc_column_text][\/vc_column][vc_column][vc_empty_space][\/vc_column][\/vc_row][vc_row][vc_column width=&#8221;1\/4&#8243;][vc_column_text]<\/p>\n<h5>Grape Varieties<\/h5>\n<p>[\/vc_column_text][\/vc_column][vc_column width=&#8221;3\/4&#8243;][vc_column_text]50% Syrah &#8211; 50% Grenache<\/p>\n<p>[\/vc_column_text][\/vc_column][vc_column][vc_empty_space][\/vc_column][\/vc_row][vc_row][vc_column width=&#8221;1\/4&#8243;][vc_column_text]<\/p>\n<h5><\/h5>\n<h5>Tasting Notes<\/h5>\n<p>[\/vc_column_text][\/vc_column][vc_column width=&#8221;3\/4&#8243;][vc_column_text]Tender pale color with pink reflects.<\/p>\n<p>Pleasing nose with notes of strawberry and redcurrant.<\/p>\n<p>On the palate the wine is wild, round, and well-balanced, with a lot of crisp.<\/p>\n<p>Pure freshness. [\/vc_column_text][\/vc_column][vc_column][vc_empty_space][\/vc_column][\/vc_row][vc_row][vc_column width=&#8221;1\/4&#8243;][vc_column_text]<\/p>\n<h5><\/h5>\n<h5>Service Temperature<\/h5>\n<p>[\/vc_column_text][\/vc_column][vc_column width=&#8221;3\/4&#8243;][vc_column_text]10-12\u00ba<\/p>\n<p>[\/vc_column_text][\/vc_column][vc_column][vc_empty_space][\/vc_column][\/vc_row][vc_row][vc_column width=&#8221;1\/4&#8243;][vc_column_text]<\/p>\n<h5>Wine &amp; Food pairings<\/h5>\n<p>[\/vc_column_text][\/vc_column][vc_column width=&#8221;3\/4&#8243;][vc_column_text]To match all your meals during summer, ideal with grilled meat and fish. Delicious with sushis. [\/vc_column_text][\/vc_column][vc_column][vc_empty_space][\/vc_column][\/vc_row][vc_row][\/vc_row][vc_column width=&#8221;1\/4&#8243;][\/vc_column][vc_column_text]<\/p>\n<p>The Velvet Ros\u00e9 2023 is also available in a magnum (1.5L) Burgundy-style bottle. Perfect for summer&#8230; Contact us for more details.<\/p>\n<p><strong>The Winemaker&#8217;s Corner<\/strong><br \/>\nFluvial deposits dating back to the Pliocene.<\/p>\n<p>The two grape varieties are harvested separately, based on ripeness and tasting evaluations. The cool morning temperatures during harvest help preserve the juices from oxidation right from the start of vinification. Direct maceration in an inert gas press is followed by gentle pressing. The must is then cold-settled before fermenting at a low temperature (15\u00b0C) to retain all its aromas.<\/p>\n<p>Cellaring potential: 1\u20132 years.<\/p>\n<\/div>","protected":false},"excerpt":{"rendered":"<p>Velvet ros\u00e9 is made with typical grape varieties from Minervois, the wines in this range are indulgent and expressive. [vc_row][vc_column][vc_empty_space][vc_column_text]To order the vintage 2021 of this cuv\u00e9e, please click here:[\/vc_column_text][vc_empty_space height=&#8221;64px&#8221;][\/vc_column][\/vc_row][vc_row][vc_column width=&#8221;1\/4&#8243;][vc_column_text] Appellation [\/vc_column_text][\/vc_column][vc_column width=&#8221;3\/4&#8243;][vc_column_text]AOC Minervois[\/vc_column_text][\/vc_column][vc_column][vc_empty_space][\/vc_column][\/vc_row][vc_row][vc_column width=&#8221;1\/4&#8243;][vc_column_text] Grape Varieties [\/vc_column_text][\/vc_column][vc_column width=&#8221;3\/4&#8243;][vc_column_text]50% Syrah &#8211; 50% Grenache [\/vc_column_text][\/vc_column][vc_column][vc_empty_space][\/vc_column][\/vc_row][vc_row][vc_column width=&#8221;1\/4&#8243;][vc_column_text] Tasting Notes [\/vc_column_text][\/vc_column][vc_column width=&#8221;3\/4&#8243;][vc_column_text]Tender pale color with pink&hellip;<\/p>\n","protected":false},"featured_media":5849,"comment_status":"closed","ping_status":"closed","template":"","meta":[],"product_cat":[99],"product_tag":[242],"yoast_head":"<!-- This site is optimized with the Yoast SEO plugin v21.8.1 - https:\/\/yoast.com\/wordpress\/plugins\/seo\/ -->\n<title>Velvet ros\u00e9 - Ch\u00e2teau de Paraza<\/title>\n<meta name=\"description\" content=\"Velvet ros\u00e9 is made with typical grape varieties from the Minervois, the wines in this range are indulgent and expressive.\" \/>\n<meta name=\"robots\" content=\"index, follow, max-snippet:-1, max-image-preview:large, max-video-preview:-1\" \/>\n<link rel=\"canonical\" href=\"https:\/\/www.chateau-de-paraza.com\/en\/boutique\/uncategorized\/velvet-rose-wine-from-minervois\/\" \/>\n<meta property=\"og:locale\" content=\"en_US\" \/>\n<meta property=\"og:type\" content=\"article\" \/>\n<meta property=\"og:title\" content=\"Velvet ros\u00e9 - Ch\u00e2teau de Paraza\" \/>\n<meta property=\"og:description\" content=\"Velvet ros\u00e9 is made with typical grape varieties from the Minervois, the wines in this range are indulgent and expressive.\" \/>\n<meta property=\"og:url\" content=\"https:\/\/www.chateau-de-paraza.com\/en\/boutique\/uncategorized\/velvet-rose-wine-from-minervois\/\" \/>\n<meta property=\"og:site_name\" content=\"Ch\u00e2teau de Paraza\" \/>\n<meta property=\"article:publisher\" content=\"https:\/\/www.facebook.com\/chateaudeparaza\" \/>\n<meta property=\"article:modified_time\" content=\"2025-03-05T10:30:24+00:00\" \/>\n<meta property=\"og:image\" content=\"https:\/\/www.chateau-de-paraza.com\/wp-content\/uploads\/2019\/11\/Velvet-ros\u00e9-600x600-1.jpg\" \/>\n\t<meta property=\"og:image:width\" content=\"600\" \/>\n\t<meta property=\"og:image:height\" content=\"600\" \/>\n\t<meta property=\"og:image:type\" content=\"image\/jpeg\" \/>\n<meta name=\"twitter:card\" content=\"summary_large_image\" \/>\n<meta name=\"twitter:site\" content=\"@ChateauDeParaza\" \/>\n<meta name=\"twitter:label1\" content=\"Est. reading time\" \/>\n\t<meta name=\"twitter:data1\" content=\"2 minutes\" \/>\n<script type=\"application\/ld+json\" class=\"yoast-schema-graph\">{\"@context\":\"https:\/\/schema.org\",\"@graph\":[{\"@type\":\"WebPage\",\"@id\":\"https:\/\/www.chateau-de-paraza.com\/en\/boutique\/uncategorized\/velvet-rose-wine-from-minervois\/\",\"url\":\"https:\/\/www.chateau-de-paraza.com\/en\/boutique\/uncategorized\/velvet-rose-wine-from-minervois\/\",\"name\":\"Velvet ros\u00e9 - Ch\u00e2teau de Paraza\",\"isPartOf\":{\"@id\":\"https:\/\/www.chateau-de-paraza.com\/#website\"},\"datePublished\":\"2016-03-10T17:51:01+00:00\",\"dateModified\":\"2025-03-05T10:30:24+00:00\",\"description\":\"Velvet ros\u00e9 is made with typical grape varieties from the Minervois, the wines in this range are indulgent and expressive.\",\"breadcrumb\":{\"@id\":\"https:\/\/www.chateau-de-paraza.com\/en\/boutique\/uncategorized\/velvet-rose-wine-from-minervois\/#breadcrumb\"},\"inLanguage\":\"en-US\",\"potentialAction\":[{\"@type\":\"ReadAction\",\"target\":[\"https:\/\/www.chateau-de-paraza.com\/en\/boutique\/uncategorized\/velvet-rose-wine-from-minervois\/\"]}]},{\"@type\":\"BreadcrumbList\",\"@id\":\"https:\/\/www.chateau-de-paraza.com\/en\/boutique\/uncategorized\/velvet-rose-wine-from-minervois\/#breadcrumb\",\"itemListElement\":[{\"@type\":\"ListItem\",\"position\":1,\"name\":\"Accueil\",\"item\":\"https:\/\/www.chateau-de-paraza.com\/en\/\"},{\"@type\":\"ListItem\",\"position\":2,\"name\":\"Wine shop\",\"item\":\"https:\/\/www.chateau-de-paraza.com\/en\/wine-shop-great-wines\/\"},{\"@type\":\"ListItem\",\"position\":3,\"name\":\"Velvet Rose\"}]},{\"@type\":\"WebSite\",\"@id\":\"https:\/\/www.chateau-de-paraza.com\/#website\",\"url\":\"https:\/\/www.chateau-de-paraza.com\/\",\"name\":\"Ch\u00e2teau de Paraza\",\"description\":\"Site web du Ch\u00e2teau de Paraza\",\"potentialAction\":[{\"@type\":\"SearchAction\",\"target\":{\"@type\":\"EntryPoint\",\"urlTemplate\":\"https:\/\/www.chateau-de-paraza.com\/?s={search_term_string}\"},\"query-input\":\"required name=search_term_string\"}],\"inLanguage\":\"en-US\"}]}<\/script>\n<!-- \/ Yoast SEO plugin. -->","yoast_head_json":{"title":"Velvet ros\u00e9 - Ch\u00e2teau de Paraza","description":"Velvet ros\u00e9 is made with typical grape varieties from the Minervois, the wines in this range are indulgent and expressive.","robots":{"index":"index","follow":"follow","max-snippet":"max-snippet:-1","max-image-preview":"max-image-preview:large","max-video-preview":"max-video-preview:-1"},"canonical":"https:\/\/www.chateau-de-paraza.com\/en\/boutique\/uncategorized\/velvet-rose-wine-from-minervois\/","og_locale":"en_US","og_type":"article","og_title":"Velvet ros\u00e9 - Ch\u00e2teau de Paraza","og_description":"Velvet ros\u00e9 is made with typical grape varieties from the Minervois, the wines in this range are indulgent and expressive.","og_url":"https:\/\/www.chateau-de-paraza.com\/en\/boutique\/uncategorized\/velvet-rose-wine-from-minervois\/","og_site_name":"Ch\u00e2teau de Paraza","article_publisher":"https:\/\/www.facebook.com\/chateaudeparaza","article_modified_time":"2025-03-05T10:30:24+00:00","og_image":[{"width":600,"height":600,"url":"https:\/\/www.chateau-de-paraza.com\/wp-content\/uploads\/2019\/11\/Velvet-ros\u00e9-600x600-1.jpg","type":"image\/jpeg"}],"twitter_card":"summary_large_image","twitter_site":"@ChateauDeParaza","twitter_misc":{"Est. reading time":"2 minutes"},"schema":{"@context":"https:\/\/schema.org","@graph":[{"@type":"WebPage","@id":"https:\/\/www.chateau-de-paraza.com\/en\/boutique\/uncategorized\/velvet-rose-wine-from-minervois\/","url":"https:\/\/www.chateau-de-paraza.com\/en\/boutique\/uncategorized\/velvet-rose-wine-from-minervois\/","name":"Velvet ros\u00e9 - Ch\u00e2teau de Paraza","isPartOf":{"@id":"https:\/\/www.chateau-de-paraza.com\/#website"},"datePublished":"2016-03-10T17:51:01+00:00","dateModified":"2025-03-05T10:30:24+00:00","description":"Velvet ros\u00e9 is made with typical grape varieties from the Minervois, the wines in this range are indulgent and expressive.","breadcrumb":{"@id":"https:\/\/www.chateau-de-paraza.com\/en\/boutique\/uncategorized\/velvet-rose-wine-from-minervois\/#breadcrumb"},"inLanguage":"en-US","potentialAction":[{"@type":"ReadAction","target":["https:\/\/www.chateau-de-paraza.com\/en\/boutique\/uncategorized\/velvet-rose-wine-from-minervois\/"]}]},{"@type":"BreadcrumbList","@id":"https:\/\/www.chateau-de-paraza.com\/en\/boutique\/uncategorized\/velvet-rose-wine-from-minervois\/#breadcrumb","itemListElement":[{"@type":"ListItem","position":1,"name":"Accueil","item":"https:\/\/www.chateau-de-paraza.com\/en\/"},{"@type":"ListItem","position":2,"name":"Wine shop","item":"https:\/\/www.chateau-de-paraza.com\/en\/wine-shop-great-wines\/"},{"@type":"ListItem","position":3,"name":"Velvet Rose"}]},{"@type":"WebSite","@id":"https:\/\/www.chateau-de-paraza.com\/#website","url":"https:\/\/www.chateau-de-paraza.com\/","name":"Ch\u00e2teau de Paraza","description":"Site web du Ch\u00e2teau de Paraza","potentialAction":[{"@type":"SearchAction","target":{"@type":"EntryPoint","urlTemplate":"https:\/\/www.chateau-de-paraza.com\/?s={search_term_string}"},"query-input":"required name=search_term_string"}],"inLanguage":"en-US"}]}},"_links":{"self":[{"href":"https:\/\/www.chateau-de-paraza.com\/en\/wp-json\/wp\/v2\/product\/6487"}],"collection":[{"href":"https:\/\/www.chateau-de-paraza.com\/en\/wp-json\/wp\/v2\/product"}],"about":[{"href":"https:\/\/www.chateau-de-paraza.com\/en\/wp-json\/wp\/v2\/types\/product"}],"replies":[{"embeddable":true,"href":"https:\/\/www.chateau-de-paraza.com\/en\/wp-json\/wp\/v2\/comments?post=6487"}],"wp:featuredmedia":[{"embeddable":true,"href":"https:\/\/www.chateau-de-paraza.com\/en\/wp-json\/wp\/v2\/media\/5849"}],"wp:attachment":[{"href":"https:\/\/www.chateau-de-paraza.com\/en\/wp-json\/wp\/v2\/media?parent=6487"}],"wp:term":[{"taxonomy":"product_cat","embeddable":true,"href":"https:\/\/www.chateau-de-paraza.com\/en\/wp-json\/wp\/v2\/product_cat?post=6487"},{"taxonomy":"product_tag","embeddable":true,"href":"https:\/\/www.chateau-de-paraza.com\/en\/wp-json\/wp\/v2\/product_tag?post=6487"}],"curies":[{"name":"wp","href":"https:\/\/api.w.org\/{rel}","templated":true}]}}