{"id":2068,"date":"2016-06-30T10:59:57","date_gmt":"2016-06-30T09:59:57","guid":{"rendered":"http:\/\/chateau-de-paraza.com\/en\/vente-de-vins\/effervescents-en\/bulles\/"},"modified":"2024-12-04T10:18:45","modified_gmt":"2024-12-04T09:18:45","slug":"aop-cremant-limoux-bubbles-sparkling-wine-cremant","status":"publish","type":"product","link":"https:\/\/www.chateau-de-paraza.com\/en\/boutique\/uncategorized\/aop-cremant-limoux-bubbles-sparkling-wine-cremant\/","title":{"rendered":"Les Bulles de Paraza (The Bubbles)"},"content":{"rendered":"<div class=\"wpb-content-wrapper\"><p>[vc_row][vc_column][vc_column_text]<\/p>\n<h2>AOP Cr\u00e9mant de Limoux &#8211; Extra Brut<\/h2>\n<p>Celebrate the holiday season with this EXTRA- BRUT <a href=\"https:\/\/www.hachette-vins.com\/tout-sur-le-vin\/appellations-vins\/27\/cremant-de-limoux\">AOP Cr\u00e9mant de limoux<\/a>, traditionally crafted to delight all lovers of fine bubbles.<\/p>\n<p>[\/vc_column_text][vc_empty_space][\/vc_column][vc_column width=&#8221;1\/4&#8243;][vc_column_text]<\/p>\n<h5>Grapes<\/h5>\n<p>[\/vc_column_text][\/vc_column][vc_column width=&#8221;3\/4&#8243;][vc_column_text]60% Chardonnay &#8211; 30%\u00a0Chenin &#8211; 5% Pinot Noir &#8211; 5% Mauzac[\/vc_column_text][\/vc_column][vc_column][vc_empty_space][\/vc_column][\/vc_row][vc_row][vc_column width=&#8221;1\/4&#8243;][vc_column_text]<\/p>\n<h5>Tasting notes<\/h5>\n<p>[\/vc_column_text][\/vc_column][vc_column width=&#8221;3\/4&#8243;][vc_column_text] Beautiful pale golden robe.<\/p>\n<p>This cr\u00e9mant de Limoux is\u00a0characterized by a delicate and regular ribbon of light bubbles\u00a0as well as an intense and complexe nose of citrus and dried fruits, honey with a touch of white flowers. \u00a0[\/vc_column_text][\/vc_column][vc_column][vc_empty_space][\/vc_column][\/vc_row][vc_row][vc_column width=&#8221;1\/4&#8243;][vc_column_text]<\/p>\n<h5>Service Temperature<\/h5>\n<p>[\/vc_column_text][\/vc_column][vc_column width=&#8221;3\/4&#8243;][vc_column_text]7-9\u00ba[\/vc_column_text][\/vc_column][vc_column][vc_empty_space][\/vc_column][\/vc_row][vc_row][vc_column width=&#8221;1\/4&#8243;][vc_column_text]<\/p>\n<h5><\/h5>\n<h5>Wine and Food Pairings<\/h5>\n<p>[\/vc_column_text][\/vc_column][vc_column width=&#8221;3\/4&#8243;][vc_column_text] This sparkling wine is ideal to pair with a scallop carpaccio, sushis, or an almond cake. [\/vc_column_text][\/vc_column][vc_column][vc_empty_space][\/vc_column][\/vc_row][vc_row][vc_column]<div class=\"hr-thin style-double\" style=\"width: 100%;\"><\/div>[\/vc_column][\/vc_row][vc_row][vc_column][vc_column_text css=&#8221;.vc_custom_1467282642880{padding-left: 20px !important;background-color: #f4f4f4 !important;}&#8221;]<\/p>\n<h4><div class=\"gap\" style=\"line-height: 20px; height: 20px;\"><\/div><\/h4>\n<h4 style=\"text-align: left;\">The Winemaker&#8217;s corner<\/h4>\n<div class=\"gap\" style=\"line-height: 10px; height: 10px;\"><\/div>\n<p>This Cr\u00e9mant is elaborated according to the m\u00e9thode traditionnelle in the cellar of our partner in Limoux, cradle of sparkling wine.<\/p>\n<p>Its very subtle\u00a0blend is carefully selected by our winemaker and gives it all its personality.<\/p>\n<p>Following progressive pneumatic pressing, the fermentation takes place in stainless steel vats.<\/p>\n<p>Ageing on its lees for 12 months minimum.\u00a0<div class=\"gap\" style=\"line-height: 20px; height: 20px;\"><\/div>[\/vc_column_text][\/vc_column][\/vc_row][vc_row][vc_column][vc_empty_space]<div class=\"hr-thin style-line\" style=\"width: 100%;\"><\/div>[\/vc_column][\/vc_row][vc_row][vc_column][vc_column_text]<\/p>\n<h4><div class=\"gap\" style=\"line-height: 20px; height: 20px;\"><\/div><\/h4>\n<h4>The cr\u00e9mant de Limoux, a sparkling wine elaborated using the same method as Champaign.<\/h4>\n<div class=\"gap\" style=\"line-height: 10px; height: 10px;\"><\/div>\n<p>When we talk about champaign, we only refer to the sparkling wine produced with grapes grown and harvested in AOC Champaign (near Burgundy) only.<\/p>\n<p>When we talk about cr\u00e9mant, we refer to a sparkling wine, elaborated in the same way, the traditional one and in a specific area, Limoux for our. It is also possible to produce cr\u00e9mant in Alsace or in Burgundy for instance. To conclude, the terroir, more than the vinification process (which is the same as the one in Champaign) gives the typicity to the wines. For the cr\u00e9mant de Limoux, Chardonnay, Chenin, Mauzac and Pinot Noir are the varieties used.[\/vc_column_text][\/vc_column][\/vc_row][vc_row][vc_column][vc_empty_space][\/vc_column][\/vc_row][vc_row][vc_column][vc_empty_space]<div class=\"dt-fancy-separator h3-size accent-title-color\" style=\"width: 100%;\"><div class=\"dt-fancy-title\"><span class=\"separator-holder separator-left\"><\/span>What about you ? Are you more Cr\u00e9mant or Champaign for your wedding ?<span class=\"separator-holder separator-right\"><\/span><\/div><\/div>[vc_single_image image=&#8221;4367&#8243; img_size=&#8221;large&#8221; alignment=&#8221;center&#8221; onclick=&#8221;custom_link&#8221; img_link_target=&#8221;_blank&#8221; link=&#8221;https:\/\/www.chateau-de-paraza.com\/en\/mariage-chateau-viticole-france\/&#8221;][vc_empty_space][\/vc_column][\/vc_row]<\/p>\n<\/div>","protected":false},"excerpt":{"rendered":"<p>[vc_row][vc_column][vc_column_text] AOP Cr\u00e9mant de Limoux &#8211; Extra Brut Celebrate the holiday season with this EXTRA- BRUT AOP Cr\u00e9mant de limoux, traditionally crafted to delight all lovers of fine bubbles. [\/vc_column_text][vc_empty_space][\/vc_column][vc_column width=&#8221;1\/4&#8243;][vc_column_text] Grapes [\/vc_column_text][\/vc_column][vc_column width=&#8221;3\/4&#8243;][vc_column_text]60% Chardonnay &#8211; 30%\u00a0Chenin &#8211; 5% Pinot Noir &#8211; 5% Mauzac[\/vc_column_text][\/vc_column][vc_column][vc_empty_space][\/vc_column][\/vc_row][vc_row][vc_column width=&#8221;1\/4&#8243;][vc_column_text] Tasting notes [\/vc_column_text][\/vc_column][vc_column width=&#8221;3\/4&#8243;][vc_column_text] Beautiful pale golden robe. This cr\u00e9mant&hellip;<\/p>\n","protected":false},"featured_media":12606,"comment_status":"closed","ping_status":"closed","template":"","meta":[],"product_cat":[99],"product_tag":[],"yoast_head":"<!-- This site is optimized with the Yoast SEO plugin v21.8.1 - https:\/\/yoast.com\/wordpress\/plugins\/seo\/ -->\n<title>Les Bulles de Paraza (The Bubbles) - AOP Cr\u00e9mant de limoux - Ch\u00e2teau de Paraza<\/title>\n<meta name=\"description\" content=\"Celebrate the holiday season with this EXTRA-BRUT AOP Cr\u00e9mant de limoux , traditionally crafted to delight all lovers of fine bubbles.\" \/>\n<meta name=\"robots\" content=\"index, follow, max-snippet:-1, max-image-preview:large, max-video-preview:-1\" \/>\n<link rel=\"canonical\" href=\"https:\/\/www.chateau-de-paraza.com\/en\/boutique\/effervescents-en\/aop-cremant-limoux-bubbles-sparkling-wine-cremant\/\" \/>\n<meta property=\"og:locale\" content=\"en_US\" \/>\n<meta property=\"og:type\" content=\"article\" \/>\n<meta property=\"og:title\" content=\"Les Bulles de Paraza (The Bubbles) - AOP Cr\u00e9mant de limoux - Ch\u00e2teau de Paraza\" \/>\n<meta property=\"og:description\" content=\"Celebrate the holiday season with this EXTRA-BRUT AOP Cr\u00e9mant de limoux , traditionally crafted to delight all lovers of fine bubbles.\" \/>\n<meta property=\"og:url\" content=\"https:\/\/www.chateau-de-paraza.com\/en\/boutique\/effervescents-en\/aop-cremant-limoux-bubbles-sparkling-wine-cremant\/\" \/>\n<meta property=\"og:site_name\" content=\"Ch\u00e2teau de Paraza\" \/>\n<meta property=\"article:publisher\" content=\"https:\/\/www.facebook.com\/chateaudeparaza\" \/>\n<meta property=\"article:modified_time\" content=\"2024-12-04T09:18:45+00:00\" \/>\n<meta property=\"og:image\" content=\"https:\/\/www.chateau-de-paraza.com\/wp-content\/uploads\/2016\/06\/Les_Bulles-removebg-preview-1.png\" \/>\n\t<meta property=\"og:image:width\" content=\"407\" \/>\n\t<meta property=\"og:image:height\" content=\"612\" \/>\n\t<meta property=\"og:image:type\" content=\"image\/png\" \/>\n<meta name=\"twitter:card\" content=\"summary_large_image\" \/>\n<meta name=\"twitter:site\" content=\"@ChateauDeParaza\" \/>\n<meta name=\"twitter:label1\" content=\"Est. reading time\" \/>\n\t<meta name=\"twitter:data1\" content=\"2 minutes\" \/>\n<script type=\"application\/ld+json\" class=\"yoast-schema-graph\">{\"@context\":\"https:\/\/schema.org\",\"@graph\":[{\"@type\":\"WebPage\",\"@id\":\"https:\/\/www.chateau-de-paraza.com\/en\/boutique\/effervescents-en\/aop-cremant-limoux-bubbles-sparkling-wine-cremant\/\",\"url\":\"https:\/\/www.chateau-de-paraza.com\/en\/boutique\/effervescents-en\/aop-cremant-limoux-bubbles-sparkling-wine-cremant\/\",\"name\":\"Les Bulles de Paraza (The Bubbles) - AOP Cr\u00e9mant de limoux - Ch\u00e2teau de Paraza\",\"isPartOf\":{\"@id\":\"https:\/\/www.chateau-de-paraza.com\/#website\"},\"datePublished\":\"2016-06-30T09:59:57+00:00\",\"dateModified\":\"2024-12-04T09:18:45+00:00\",\"description\":\"Celebrate the holiday season with this EXTRA-BRUT AOP Cr\u00e9mant de limoux , traditionally crafted to delight all lovers of fine bubbles.\",\"breadcrumb\":{\"@id\":\"https:\/\/www.chateau-de-paraza.com\/en\/boutique\/effervescents-en\/aop-cremant-limoux-bubbles-sparkling-wine-cremant\/#breadcrumb\"},\"inLanguage\":\"en-US\",\"potentialAction\":[{\"@type\":\"ReadAction\",\"target\":[\"https:\/\/www.chateau-de-paraza.com\/en\/boutique\/effervescents-en\/aop-cremant-limoux-bubbles-sparkling-wine-cremant\/\"]}]},{\"@type\":\"BreadcrumbList\",\"@id\":\"https:\/\/www.chateau-de-paraza.com\/en\/boutique\/effervescents-en\/aop-cremant-limoux-bubbles-sparkling-wine-cremant\/#breadcrumb\",\"itemListElement\":[{\"@type\":\"ListItem\",\"position\":1,\"name\":\"Accueil\",\"item\":\"https:\/\/www.chateau-de-paraza.com\/en\/\"},{\"@type\":\"ListItem\",\"position\":2,\"name\":\"Wine shop\",\"item\":\"https:\/\/www.chateau-de-paraza.com\/en\/wine-shop-great-wines\/\"},{\"@type\":\"ListItem\",\"position\":3,\"name\":\"Les Bulles de Paraza (The Bubbles)\"}]},{\"@type\":\"WebSite\",\"@id\":\"https:\/\/www.chateau-de-paraza.com\/#website\",\"url\":\"https:\/\/www.chateau-de-paraza.com\/\",\"name\":\"Ch\u00e2teau de Paraza\",\"description\":\"Site web du Ch\u00e2teau de Paraza\",\"potentialAction\":[{\"@type\":\"SearchAction\",\"target\":{\"@type\":\"EntryPoint\",\"urlTemplate\":\"https:\/\/www.chateau-de-paraza.com\/?s={search_term_string}\"},\"query-input\":\"required name=search_term_string\"}],\"inLanguage\":\"en-US\"}]}<\/script>\n<!-- \/ Yoast SEO plugin. -->","yoast_head_json":{"title":"Les Bulles de Paraza (The Bubbles) - AOP Cr\u00e9mant de limoux - Ch\u00e2teau de Paraza","description":"Celebrate the holiday season with this EXTRA-BRUT AOP Cr\u00e9mant de limoux , traditionally crafted to delight all lovers of fine bubbles.","robots":{"index":"index","follow":"follow","max-snippet":"max-snippet:-1","max-image-preview":"max-image-preview:large","max-video-preview":"max-video-preview:-1"},"canonical":"https:\/\/www.chateau-de-paraza.com\/en\/boutique\/effervescents-en\/aop-cremant-limoux-bubbles-sparkling-wine-cremant\/","og_locale":"en_US","og_type":"article","og_title":"Les Bulles de Paraza (The Bubbles) - AOP Cr\u00e9mant de limoux - Ch\u00e2teau de Paraza","og_description":"Celebrate the holiday season with this EXTRA-BRUT AOP Cr\u00e9mant de limoux , traditionally crafted to delight all lovers of fine bubbles.","og_url":"https:\/\/www.chateau-de-paraza.com\/en\/boutique\/effervescents-en\/aop-cremant-limoux-bubbles-sparkling-wine-cremant\/","og_site_name":"Ch\u00e2teau de Paraza","article_publisher":"https:\/\/www.facebook.com\/chateaudeparaza","article_modified_time":"2024-12-04T09:18:45+00:00","og_image":[{"width":407,"height":612,"url":"https:\/\/www.chateau-de-paraza.com\/wp-content\/uploads\/2016\/06\/Les_Bulles-removebg-preview-1.png","type":"image\/png"}],"twitter_card":"summary_large_image","twitter_site":"@ChateauDeParaza","twitter_misc":{"Est. reading time":"2 minutes"},"schema":{"@context":"https:\/\/schema.org","@graph":[{"@type":"WebPage","@id":"https:\/\/www.chateau-de-paraza.com\/en\/boutique\/effervescents-en\/aop-cremant-limoux-bubbles-sparkling-wine-cremant\/","url":"https:\/\/www.chateau-de-paraza.com\/en\/boutique\/effervescents-en\/aop-cremant-limoux-bubbles-sparkling-wine-cremant\/","name":"Les Bulles de Paraza (The Bubbles) - AOP Cr\u00e9mant de limoux - Ch\u00e2teau de Paraza","isPartOf":{"@id":"https:\/\/www.chateau-de-paraza.com\/#website"},"datePublished":"2016-06-30T09:59:57+00:00","dateModified":"2024-12-04T09:18:45+00:00","description":"Celebrate the holiday season with this EXTRA-BRUT AOP Cr\u00e9mant de limoux , traditionally crafted to delight all lovers of fine bubbles.","breadcrumb":{"@id":"https:\/\/www.chateau-de-paraza.com\/en\/boutique\/effervescents-en\/aop-cremant-limoux-bubbles-sparkling-wine-cremant\/#breadcrumb"},"inLanguage":"en-US","potentialAction":[{"@type":"ReadAction","target":["https:\/\/www.chateau-de-paraza.com\/en\/boutique\/effervescents-en\/aop-cremant-limoux-bubbles-sparkling-wine-cremant\/"]}]},{"@type":"BreadcrumbList","@id":"https:\/\/www.chateau-de-paraza.com\/en\/boutique\/effervescents-en\/aop-cremant-limoux-bubbles-sparkling-wine-cremant\/#breadcrumb","itemListElement":[{"@type":"ListItem","position":1,"name":"Accueil","item":"https:\/\/www.chateau-de-paraza.com\/en\/"},{"@type":"ListItem","position":2,"name":"Wine shop","item":"https:\/\/www.chateau-de-paraza.com\/en\/wine-shop-great-wines\/"},{"@type":"ListItem","position":3,"name":"Les Bulles de Paraza (The Bubbles)"}]},{"@type":"WebSite","@id":"https:\/\/www.chateau-de-paraza.com\/#website","url":"https:\/\/www.chateau-de-paraza.com\/","name":"Ch\u00e2teau de Paraza","description":"Site web du Ch\u00e2teau de Paraza","potentialAction":[{"@type":"SearchAction","target":{"@type":"EntryPoint","urlTemplate":"https:\/\/www.chateau-de-paraza.com\/?s={search_term_string}"},"query-input":"required name=search_term_string"}],"inLanguage":"en-US"}]}},"_links":{"self":[{"href":"https:\/\/www.chateau-de-paraza.com\/en\/wp-json\/wp\/v2\/product\/2068"}],"collection":[{"href":"https:\/\/www.chateau-de-paraza.com\/en\/wp-json\/wp\/v2\/product"}],"about":[{"href":"https:\/\/www.chateau-de-paraza.com\/en\/wp-json\/wp\/v2\/types\/product"}],"replies":[{"embeddable":true,"href":"https:\/\/www.chateau-de-paraza.com\/en\/wp-json\/wp\/v2\/comments?post=2068"}],"wp:featuredmedia":[{"embeddable":true,"href":"https:\/\/www.chateau-de-paraza.com\/en\/wp-json\/wp\/v2\/media\/12606"}],"wp:attachment":[{"href":"https:\/\/www.chateau-de-paraza.com\/en\/wp-json\/wp\/v2\/media?parent=2068"}],"wp:term":[{"taxonomy":"product_cat","embeddable":true,"href":"https:\/\/www.chateau-de-paraza.com\/en\/wp-json\/wp\/v2\/product_cat?post=2068"},{"taxonomy":"product_tag","embeddable":true,"href":"https:\/\/www.chateau-de-paraza.com\/en\/wp-json\/wp\/v2\/product_tag?post=2068"}],"curies":[{"name":"wp","href":"https:\/\/api.w.org\/{rel}","templated":true}]}}