{"id":1990,"date":"2016-03-10T19:00:58","date_gmt":"2016-03-10T18:00:58","guid":{"rendered":"http:\/\/chateau-de-paraza.com\/en\/vente-de-vins\/special-cuvees-en\/cuvee-speciale-rouge-2012\/"},"modified":"2025-02-18T12:37:40","modified_gmt":"2025-02-18T11:37:40","slug":"cuvee-speciale-rouge-2012","status":"publish","type":"product","link":"https:\/\/www.chateau-de-paraza.com\/en\/boutique\/uncategorized\/cuvee-speciale-rouge-2012\/","title":{"rendered":"Cuv\u00e9e sp\u00e9ciale red 2012"},"content":{"rendered":"<div class=\"wpb-content-wrapper\"><p>[vc_row][vc_column width=&#8221;1\/4&#8243;][vc_column_text]<\/p>\n<h5>Appellation<\/h5>\n<p>[\/vc_column_text][\/vc_column][vc_column width=&#8221;3\/4&#8243;][vc_column_text]AOC Minervois[\/vc_column_text][\/vc_column][vc_column][vc_empty_space][\/vc_column][\/vc_row][vc_row][vc_column width=&#8221;1\/4&#8243;][vc_column_text]<\/p>\n<h5>C\u00e9pages<\/h5>\n<p>[\/vc_column_text][\/vc_column][vc_column width=&#8221;3\/4&#8243;][vc_column_text]40% Syrah &#8211; 40% Grenache noir &#8211; 20% Mourv\u00e8dre<\/p>\n<p>[\/vc_column_text][\/vc_column][vc_column][vc_empty_space][\/vc_column][\/vc_row][vc_row][vc_column width=&#8221;1\/4&#8243;][vc_column_text]<\/p>\n<h5>D\u00e9gustation<\/h5>\n<p>[\/vc_column_text][\/vc_column][vc_column width=&#8221;3\/4&#8243;][vc_column_text]Robe rubis brillante.<\/p>\n<p>Nez joliment complexe, parfum\u00e9 aux \u00e9pices (muscade, clou de girofle)<\/p>\n<p>Attaque franche, bouche ronde\u00a0et souple\u00a0avec des parfums de cerise noire et\u00a0de m\u00fbres sauvages.<\/p>\n<p>Des tanins fondus\u00a0soutiennent cet ensemble harmonieux puis laissent place \u00e0 une belle fraicheur finale.[\/vc_column_text][\/vc_column][vc_column][vc_empty_space][\/vc_column][\/vc_row][vc_row][vc_column width=&#8221;1\/4&#8243;][vc_column_text]<\/p>\n<h5><\/h5>\n<h5>Temp\u00e9rature de Service<\/h5>\n<p>[\/vc_column_text][\/vc_column][vc_column width=&#8221;3\/4&#8243;][vc_column_text]16-18\u00ba<\/p>\n<p>[\/vc_column_text][\/vc_column][vc_column][vc_empty_space][\/vc_column][\/vc_row][vc_row][vc_column width=&#8221;1\/4&#8243;][vc_column_text]<\/p>\n<h5>Accords mets et vins<\/h5>\n<p>[\/vc_column_text][\/vc_column][vc_column width=&#8221;3\/4&#8243;][vc_column_text]Un vin de plaisir, \u00e0 partager.<\/p>\n<p>\u00c0 envisager sur un fromage \u00e0 p\u00e2te molle, un veau Marengo ou un boeuf Strogonoff.[\/vc_column_text][\/vc_column][vc_column][vc_empty_space][\/vc_column][\/vc_row][vc_row][vc_column width=&#8221;1\/4&#8243;][vc_column_text]<\/p>\n<h5><\/h5>\n<h5>R\u00e9compenses<\/h5>\n<p>[\/vc_column_text][\/vc_column][vc_column width=&#8221;3\/4&#8243;][vc_column_text]89 points at (Parker) Wine Advocate 2017<\/p>\n<p>M\u00e9daile de Bronze Decanter 86 au DWWA 2016<\/p>\n<p>M\u00e9daille d&#8217;Or (87) au Concours International Gilbert &amp; Gaillard 2016<\/p>\n<p>1 \u00e9toile au Guide Hachette 2017[\/vc_column_text][\/vc_column][vc_column][vc_empty_space][\/vc_column][\/vc_row][vc_row][vc_column]<div class=\"hr-thin style-double\" style=\"width: 100%;\"><\/div>[\/vc_column][\/vc_row][vc_row][vc_column][vc_column_text css=&#8221;.vc_custom_1475483150589{padding-left: 20px !important;background-color: #f4f4f4 !important;}&#8221;]<\/p>\n<h4><div class=\"gap\" style=\"line-height: 20px; height: 20px;\"><\/div><\/h4>\n<h4 style=\"text-align: left;\">Le Coin du Vigneron<\/h4>\n<div class=\"gap\" style=\"line-height: 10px; height: 10px;\"><\/div>\n<p>\u00c9pandage fluviatile datant du plioc\u00e8ne.<\/p>\n<p>La fermentation est lanc\u00e9e apr\u00e8s une courte mac\u00e9ration de chacun des c\u00e9pages; puis cuvaison de 15 jours accompagn\u00e9e d&#8217;un pigeage ou d&#8217;un remontage quotidien. Fermentation \u00e0 temp\u00e9rature contr\u00f4l\u00e9e entre 26\u00b0et 30\u00b0. Assemblage final apr\u00e8s d\u00e9gustation.<\/p>\n<p>Garde: 3 &#8211; 10 ans<\/p>\n<div class=\"gap\" style=\"line-height: 20px; height: 20px;\"><\/div>[\/vc_column_text][\/vc_column][\/vc_row][vc_row][vc_column][vc_empty_space][\/vc_column][\/vc_row]<\/p>\n<\/div>","protected":false},"excerpt":{"rendered":"<p>[vc_row][vc_column width=&#8221;1\/4&#8243;][vc_column_text] Appellation [\/vc_column_text][\/vc_column][vc_column width=&#8221;3\/4&#8243;][vc_column_text]AOC Minervois[\/vc_column_text][\/vc_column][vc_column][vc_empty_space][\/vc_column][\/vc_row][vc_row][vc_column width=&#8221;1\/4&#8243;][vc_column_text] C\u00e9pages [\/vc_column_text][\/vc_column][vc_column width=&#8221;3\/4&#8243;][vc_column_text]40% Syrah &#8211; 40% Grenache noir &#8211; 20% Mourv\u00e8dre [\/vc_column_text][\/vc_column][vc_column][vc_empty_space][\/vc_column][\/vc_row][vc_row][vc_column width=&#8221;1\/4&#8243;][vc_column_text] D\u00e9gustation [\/vc_column_text][\/vc_column][vc_column width=&#8221;3\/4&#8243;][vc_column_text]Robe rubis brillante. Nez joliment complexe, parfum\u00e9 aux \u00e9pices (muscade, clou de girofle) Attaque franche, bouche ronde\u00a0et souple\u00a0avec des parfums de cerise noire et\u00a0de m\u00fbres sauvages. Des tanins fondus\u00a0soutiennent cet ensemble harmonieux puis&hellip;<\/p>\n","protected":false},"featured_media":896,"comment_status":"closed","ping_status":"closed","template":"","meta":[],"product_cat":[99],"product_tag":[],"yoast_head":"<!-- This site is optimized with the Yoast SEO plugin v21.8.1 - https:\/\/yoast.com\/wordpress\/plugins\/seo\/ -->\n<title>Cuv\u00e9e sp\u00e9ciale red 2012 - Ch\u00e2teau de Paraza<\/title>\n<meta name=\"description\" content=\"Un AOC Minervois rouge plein de caract\u00e8re et de finesse. Un grand vin du Languedoc reconnu et export\u00e9 dans le monde entier.\u00a0\" \/>\n<meta name=\"robots\" content=\"index, follow, max-snippet:-1, max-image-preview:large, max-video-preview:-1\" \/>\n<link rel=\"canonical\" href=\"https:\/\/www.chateau-de-paraza.com\/en\/boutique\/uncategorized\/cuvee-speciale-rouge-2012\/\" \/>\n<meta property=\"og:locale\" content=\"en_US\" \/>\n<meta property=\"og:type\" content=\"article\" \/>\n<meta property=\"og:title\" content=\"Cuv\u00e9e sp\u00e9ciale red 2012 - Ch\u00e2teau de Paraza\" \/>\n<meta property=\"og:description\" content=\"Un AOC Minervois rouge plein de caract\u00e8re et de finesse. Un grand vin du Languedoc reconnu et export\u00e9 dans le monde entier.\u00a0\" \/>\n<meta property=\"og:url\" content=\"https:\/\/www.chateau-de-paraza.com\/en\/boutique\/uncategorized\/cuvee-speciale-rouge-2012\/\" \/>\n<meta property=\"og:site_name\" content=\"Ch\u00e2teau de Paraza\" \/>\n<meta property=\"article:publisher\" content=\"https:\/\/www.facebook.com\/chateaudeparaza\" \/>\n<meta property=\"article:modified_time\" content=\"2025-02-18T11:37:40+00:00\" \/>\n<meta property=\"og:image\" content=\"https:\/\/www.chateau-de-paraza.com\/wp-content\/uploads\/2015\/06\/Domaine-Paraza_Cuv\u00e9e-sp\u00e9ciale-rouge.jpg\" \/>\n\t<meta property=\"og:image:width\" content=\"600\" \/>\n\t<meta property=\"og:image:height\" content=\"600\" \/>\n\t<meta property=\"og:image:type\" content=\"image\/jpeg\" \/>\n<meta name=\"twitter:card\" content=\"summary_large_image\" \/>\n<meta name=\"twitter:site\" content=\"@ChateauDeParaza\" \/>\n<meta name=\"twitter:label1\" content=\"Est. reading time\" \/>\n\t<meta name=\"twitter:data1\" content=\"2 minutes\" \/>\n<script type=\"application\/ld+json\" class=\"yoast-schema-graph\">{\"@context\":\"https:\/\/schema.org\",\"@graph\":[{\"@type\":\"WebPage\",\"@id\":\"https:\/\/www.chateau-de-paraza.com\/en\/boutique\/uncategorized\/cuvee-speciale-rouge-2012\/\",\"url\":\"https:\/\/www.chateau-de-paraza.com\/en\/boutique\/uncategorized\/cuvee-speciale-rouge-2012\/\",\"name\":\"Cuv\u00e9e sp\u00e9ciale red 2012 - Ch\u00e2teau de Paraza\",\"isPartOf\":{\"@id\":\"https:\/\/www.chateau-de-paraza.com\/#website\"},\"datePublished\":\"2016-03-10T18:00:58+00:00\",\"dateModified\":\"2025-02-18T11:37:40+00:00\",\"description\":\"Un AOC Minervois rouge plein de caract\u00e8re et de finesse. Un grand vin du Languedoc reconnu et export\u00e9 dans le monde entier.\u00a0\",\"breadcrumb\":{\"@id\":\"https:\/\/www.chateau-de-paraza.com\/en\/boutique\/uncategorized\/cuvee-speciale-rouge-2012\/#breadcrumb\"},\"inLanguage\":\"en-US\",\"potentialAction\":[{\"@type\":\"ReadAction\",\"target\":[\"https:\/\/www.chateau-de-paraza.com\/en\/boutique\/uncategorized\/cuvee-speciale-rouge-2012\/\"]}]},{\"@type\":\"BreadcrumbList\",\"@id\":\"https:\/\/www.chateau-de-paraza.com\/en\/boutique\/uncategorized\/cuvee-speciale-rouge-2012\/#breadcrumb\",\"itemListElement\":[{\"@type\":\"ListItem\",\"position\":1,\"name\":\"Accueil\",\"item\":\"https:\/\/www.chateau-de-paraza.com\/en\/\"},{\"@type\":\"ListItem\",\"position\":2,\"name\":\"Wine shop\",\"item\":\"https:\/\/www.chateau-de-paraza.com\/en\/wine-shop-great-wines\/\"},{\"@type\":\"ListItem\",\"position\":3,\"name\":\"Cuv\u00e9e sp\u00e9ciale red 2012\"}]},{\"@type\":\"WebSite\",\"@id\":\"https:\/\/www.chateau-de-paraza.com\/#website\",\"url\":\"https:\/\/www.chateau-de-paraza.com\/\",\"name\":\"Ch\u00e2teau de Paraza\",\"description\":\"Site web du Ch\u00e2teau de Paraza\",\"potentialAction\":[{\"@type\":\"SearchAction\",\"target\":{\"@type\":\"EntryPoint\",\"urlTemplate\":\"https:\/\/www.chateau-de-paraza.com\/?s={search_term_string}\"},\"query-input\":\"required name=search_term_string\"}],\"inLanguage\":\"en-US\"}]}<\/script>\n<!-- \/ Yoast SEO plugin. -->","yoast_head_json":{"title":"Cuv\u00e9e sp\u00e9ciale red 2012 - Ch\u00e2teau de Paraza","description":"Un AOC Minervois rouge plein de caract\u00e8re et de finesse. Un grand vin du Languedoc reconnu et export\u00e9 dans le monde entier.\u00a0","robots":{"index":"index","follow":"follow","max-snippet":"max-snippet:-1","max-image-preview":"max-image-preview:large","max-video-preview":"max-video-preview:-1"},"canonical":"https:\/\/www.chateau-de-paraza.com\/en\/boutique\/uncategorized\/cuvee-speciale-rouge-2012\/","og_locale":"en_US","og_type":"article","og_title":"Cuv\u00e9e sp\u00e9ciale red 2012 - Ch\u00e2teau de Paraza","og_description":"Un AOC Minervois rouge plein de caract\u00e8re et de finesse. Un grand vin du Languedoc reconnu et export\u00e9 dans le monde entier.\u00a0","og_url":"https:\/\/www.chateau-de-paraza.com\/en\/boutique\/uncategorized\/cuvee-speciale-rouge-2012\/","og_site_name":"Ch\u00e2teau de Paraza","article_publisher":"https:\/\/www.facebook.com\/chateaudeparaza","article_modified_time":"2025-02-18T11:37:40+00:00","og_image":[{"width":600,"height":600,"url":"https:\/\/www.chateau-de-paraza.com\/wp-content\/uploads\/2015\/06\/Domaine-Paraza_Cuv\u00e9e-sp\u00e9ciale-rouge.jpg","type":"image\/jpeg"}],"twitter_card":"summary_large_image","twitter_site":"@ChateauDeParaza","twitter_misc":{"Est. reading time":"2 minutes"},"schema":{"@context":"https:\/\/schema.org","@graph":[{"@type":"WebPage","@id":"https:\/\/www.chateau-de-paraza.com\/en\/boutique\/uncategorized\/cuvee-speciale-rouge-2012\/","url":"https:\/\/www.chateau-de-paraza.com\/en\/boutique\/uncategorized\/cuvee-speciale-rouge-2012\/","name":"Cuv\u00e9e sp\u00e9ciale red 2012 - Ch\u00e2teau de Paraza","isPartOf":{"@id":"https:\/\/www.chateau-de-paraza.com\/#website"},"datePublished":"2016-03-10T18:00:58+00:00","dateModified":"2025-02-18T11:37:40+00:00","description":"Un AOC Minervois rouge plein de caract\u00e8re et de finesse. Un grand vin du Languedoc reconnu et export\u00e9 dans le monde entier.\u00a0","breadcrumb":{"@id":"https:\/\/www.chateau-de-paraza.com\/en\/boutique\/uncategorized\/cuvee-speciale-rouge-2012\/#breadcrumb"},"inLanguage":"en-US","potentialAction":[{"@type":"ReadAction","target":["https:\/\/www.chateau-de-paraza.com\/en\/boutique\/uncategorized\/cuvee-speciale-rouge-2012\/"]}]},{"@type":"BreadcrumbList","@id":"https:\/\/www.chateau-de-paraza.com\/en\/boutique\/uncategorized\/cuvee-speciale-rouge-2012\/#breadcrumb","itemListElement":[{"@type":"ListItem","position":1,"name":"Accueil","item":"https:\/\/www.chateau-de-paraza.com\/en\/"},{"@type":"ListItem","position":2,"name":"Wine shop","item":"https:\/\/www.chateau-de-paraza.com\/en\/wine-shop-great-wines\/"},{"@type":"ListItem","position":3,"name":"Cuv\u00e9e sp\u00e9ciale red 2012"}]},{"@type":"WebSite","@id":"https:\/\/www.chateau-de-paraza.com\/#website","url":"https:\/\/www.chateau-de-paraza.com\/","name":"Ch\u00e2teau de Paraza","description":"Site web du Ch\u00e2teau de Paraza","potentialAction":[{"@type":"SearchAction","target":{"@type":"EntryPoint","urlTemplate":"https:\/\/www.chateau-de-paraza.com\/?s={search_term_string}"},"query-input":"required name=search_term_string"}],"inLanguage":"en-US"}]}},"_links":{"self":[{"href":"https:\/\/www.chateau-de-paraza.com\/en\/wp-json\/wp\/v2\/product\/1990"}],"collection":[{"href":"https:\/\/www.chateau-de-paraza.com\/en\/wp-json\/wp\/v2\/product"}],"about":[{"href":"https:\/\/www.chateau-de-paraza.com\/en\/wp-json\/wp\/v2\/types\/product"}],"replies":[{"embeddable":true,"href":"https:\/\/www.chateau-de-paraza.com\/en\/wp-json\/wp\/v2\/comments?post=1990"}],"wp:featuredmedia":[{"embeddable":true,"href":"https:\/\/www.chateau-de-paraza.com\/en\/wp-json\/wp\/v2\/media\/896"}],"wp:attachment":[{"href":"https:\/\/www.chateau-de-paraza.com\/en\/wp-json\/wp\/v2\/media?parent=1990"}],"wp:term":[{"taxonomy":"product_cat","embeddable":true,"href":"https:\/\/www.chateau-de-paraza.com\/en\/wp-json\/wp\/v2\/product_cat?post=1990"},{"taxonomy":"product_tag","embeddable":true,"href":"https:\/\/www.chateau-de-paraza.com\/en\/wp-json\/wp\/v2\/product_tag?post=1990"}],"curies":[{"name":"wp","href":"https:\/\/api.w.org\/{rel}","templated":true}]}}